{"id":17277,"date":"2024-05-21T14:30:01","date_gmt":"2024-05-21T12:30:01","guid":{"rendered":"https:\/?post_type=product&#038;p=17277"},"modified":"2024-05-21T14:30:01","modified_gmt":"2024-05-21T12:30:01","slug":"tondeuse-rouleau-thermique-196-cm3-auto-tractee-largeur-coupe-525-moteur-4-temps-demarrage-electrique-tonte","status":"publish","type":"product","link":"https:\/\/cbs-electro.com\/index.php\/produit\/tondeuse-rouleau-thermique-196-cm3-auto-tractee-largeur-coupe-525-moteur-4-temps-demarrage-electrique-tonte\/","title":{"rendered":"Tondeuse Rouleau Thermique 196 Cm3 Auto-tract\u00e9e Largeur Coupe 525 Moteur 4 Temps D\u00e9marrage \u00c9lectrique Tonte"},"content":{"rendered":"<p>Offre-vous la finition ultime d\u2019un gazon \u00e0 l\u2019anglaise : la tondeuse rouleau thermique FTDTR5220ES Feider<\/p>\n<p>Tondez sans vous encombrer d\u2019un c\u00e2ble d\u2019alimentation !<\/p>\n<p>Choisir un mod\u00e8le thermique, c\u2019est choisir de jardiner en \u00e9tant libre de tous ses mouvements.<\/p>\n<p>Maniables, puissantes, les tondeuses thermiques Feider combinent \u00e0 la perfection efficacit\u00e9 et satisfaction<\/p>\n<p>Id\u00e9ale pour l\u2019entretien de grandes superficies, cette tondeuse thermique FTDTR5220ES Feider a \u00e9t\u00e9 sp\u00e9cialement con\u00e7ue pourtondre la pelouse du jardin sans effort.<\/p>\n<p>Avec une large taille de coupe de 52,5 cm, offrez \u00e0 votre jardin une tonte impeccable et pr\u00e9cise de votre gazon, m\u00eame lorsque l\u2019herbe est haute.<\/p>\n<p>Avec son puissant moteur 4T, la tondeuse thermique FTDTR5220ES r\u00e9alise des performances tr\u00e8s convaincantes sur les grands jardins.<\/p>\n<p>Son syst\u00e8me d\u2019\u00e9jection arri\u00e8re va vous simplifier la vie si vous souhaitez r\u00e9aliser des tontes rapides et efficaces.<\/p>\n<p>Un sac de ramassage d\u2019une contenance de 60 L a n\u00e9anmoins \u00e9t\u00e9 pr\u00e9vu si vous souhaitez une finition parfaite.<\/p>\n<p>Semi-rigide, il r\u00e9siste \u00e0 l\u2019usure et il est beaucoup plus simple \u00e0 vidanger.<\/p>\n<p>En pr\u00e9vision d\u2019un usage soutenu, Feider a \u00e9quip\u00e9 la FTDTR5220ES d\u2019un guidon soft-grip afin d\u2019offrir un grand confort d\u2019utilisation<\/p>\n<p>Garantie de 2 ans, assur\u00e9e par le r\u00e9seau SWAP-Europe :<\/p>\n<p>Pour le SAV, vous pouvez contacter l\u2019un des 350 points en France qui se chargera de la r\u00e9paration de votre article pendant la p\u00e9riode de garantie.<\/p>\n<p>SWAP c\u2019est un stock tr\u00e8s important de pi\u00e8ces d\u00e9tach\u00e9es : l\u2019envoi est assur\u00e9 en 72 heures.<\/p>\n<p>SWAP conserve en stock pendant 5 ans les pi\u00e8ces d\u00e9tach\u00e9es, m\u00eame apr\u00e8s la p\u00e9riode de garantie pour vous assurer une grande dur\u00e9e d\u2019utilisation et de r\u00e9paration !<\/p>\n","protected":false},"excerpt":{"rendered":"<ul>\n<li><strong>Id\u00e9ale pour<\/strong>\u00a0les jardins d\u2019une superficie allant jusqu\u2019\u00e0 1900m\u00b2<\/li>\n<li><strong>Robuste et performante,<\/strong>\u00a0sa cylindr\u00e9e de 196 cm\u00b3 vous assure une coupe parfaite \u00e0 chaque tonte.<\/li>\n<li><strong>Largeur de coupe de 52,5 cm,<\/strong>\u00a0vous permettant de couper une large surface et de limiter le nombre de passages<\/li>\n<li><strong>Ergonomie\u00a0<\/strong>gr\u00e2ce au guide<\/li>\n<\/ul>\n","protected":false},"featured_media":17278,"template":"","meta":[],"product_brand":[],"product_cat":[74,99],"product_tag":[],"class_list":{"0":"post-17277","1":"product","2":"type-product","3":"status-publish","4":"has-post-thumbnail","6":"product_cat-maison-jardin","7":"product_cat-tondeuse-a-gazon","9":"first","10":"instock","11":"taxable","12":"shipping-taxable","13":"purchasable","14":"product-type-simple"},"yoast_head":"<!-- This site is optimized with the Yoast SEO plugin v24.8.1 - https:\/\/yoast.com\/wordpress\/plugins\/seo\/ -->\n<title>Tondeuse Rouleau Thermique 196 Cm3 Auto-tract\u00e9e Largeur Coupe 525 Moteur 4 Temps D\u00e9marrage \u00c9lectrique Tonte - CBS Electro<\/title>\n<meta name=\"robots\" content=\"index, follow, max-snippet:-1, max-image-preview:large, max-video-preview:-1\" \/>\n<link rel=\"canonical\" href=\"https:\/\/cbs-electro.com\/index.php\/produit\/tondeuse-rouleau-thermique-196-cm3-auto-tractee-largeur-coupe-525-moteur-4-temps-demarrage-electrique-tonte\/\" \/>\n<meta property=\"og:locale\" content=\"fr_FR\" \/>\n<meta property=\"og:type\" content=\"article\" \/>\n<meta property=\"og:title\" content=\"Tondeuse Rouleau Thermique 196 Cm3 Auto-tract\u00e9e Largeur Coupe 525 Moteur 4 Temps D\u00e9marrage \u00c9lectrique Tonte - CBS Electro\" \/>\n<meta property=\"og:description\" content=\"Id\u00e9ale pour\u00a0les jardins d\u2019une superficie allant jusqu\u2019\u00e0 1900m\u00b2  Robuste et performante,\u00a0sa cylindr\u00e9e de 196 cm\u00b3 vous assure une coupe parfaite \u00e0 chaque tonte.  Largeur de coupe de 52,5 cm,\u00a0vous permettant de couper une large surface et de limiter le nombre de passages  Ergonomie\u00a0gr\u00e2ce au guide\" \/>\n<meta property=\"og:url\" content=\"https:\/\/cbs-electro.com\/index.php\/produit\/tondeuse-rouleau-thermique-196-cm3-auto-tractee-largeur-coupe-525-moteur-4-temps-demarrage-electrique-tonte\/\" \/>\n<meta property=\"og:site_name\" content=\"CBS Electro\" \/>\n<meta property=\"og:image\" content=\"https:\/\/cbs-electro.com\/wp-content\/uploads\/2024\/05\/tondeuse-rouleau-thermique-196-cm3-auto-tractee-la-1.jpg\" \/>\n\t<meta property=\"og:image:width\" content=\"1200\" \/>\n\t<meta property=\"og:image:height\" content=\"1200\" \/>\n\t<meta property=\"og:image:type\" content=\"image\/jpeg\" \/>\n<meta name=\"twitter:card\" content=\"summary_large_image\" \/>\n<meta name=\"twitter:label1\" content=\"Dur\u00e9e de lecture estim\u00e9e\" \/>\n\t<meta name=\"twitter:data1\" content=\"2 minutes\" \/>\n<script type=\"application\/ld+json\" class=\"yoast-schema-graph\">{\"@context\":\"https:\/\/schema.org\",\"@graph\":[{\"@type\":\"WebPage\",\"@id\":\"https:\/\/cbs-electro.com\/index.php\/produit\/tondeuse-rouleau-thermique-196-cm3-auto-tractee-largeur-coupe-525-moteur-4-temps-demarrage-electrique-tonte\/\",\"url\":\"https:\/\/cbs-electro.com\/index.php\/produit\/tondeuse-rouleau-thermique-196-cm3-auto-tractee-largeur-coupe-525-moteur-4-temps-demarrage-electrique-tonte\/\",\"name\":\"Tondeuse Rouleau Thermique 196 Cm3 Auto-tract\u00e9e Largeur Coupe 525 Moteur 4 Temps D\u00e9marrage \u00c9lectrique Tonte - CBS Electro\",\"isPartOf\":{\"@id\":\"https:\/\/www.cbs-electro.com\/#website\"},\"primaryImageOfPage\":{\"@id\":\"https:\/\/cbs-electro.com\/index.php\/produit\/tondeuse-rouleau-thermique-196-cm3-auto-tractee-largeur-coupe-525-moteur-4-temps-demarrage-electrique-tonte\/#primaryimage\"},\"image\":{\"@id\":\"https:\/\/cbs-electro.com\/index.php\/produit\/tondeuse-rouleau-thermique-196-cm3-auto-tractee-largeur-coupe-525-moteur-4-temps-demarrage-electrique-tonte\/#primaryimage\"},\"thumbnailUrl\":\"https:\/\/cbs-electro.com\/wp-content\/uploads\/2024\/05\/tondeuse-rouleau-thermique-196-cm3-auto-tractee-la-1.jpg\",\"datePublished\":\"2024-05-21T12:30:01+00:00\",\"breadcrumb\":{\"@id\":\"https:\/\/cbs-electro.com\/index.php\/produit\/tondeuse-rouleau-thermique-196-cm3-auto-tractee-largeur-coupe-525-moteur-4-temps-demarrage-electrique-tonte\/#breadcrumb\"},\"inLanguage\":\"fr-FR\",\"potentialAction\":[{\"@type\":\"ReadAction\",\"target\":[\"https:\/\/cbs-electro.com\/index.php\/produit\/tondeuse-rouleau-thermique-196-cm3-auto-tractee-largeur-coupe-525-moteur-4-temps-demarrage-electrique-tonte\/\"]}]},{\"@type\":\"ImageObject\",\"inLanguage\":\"fr-FR\",\"@id\":\"https:\/\/cbs-electro.com\/index.php\/produit\/tondeuse-rouleau-thermique-196-cm3-auto-tractee-largeur-coupe-525-moteur-4-temps-demarrage-electrique-tonte\/#primaryimage\",\"url\":\"https:\/\/cbs-electro.com\/wp-content\/uploads\/2024\/05\/tondeuse-rouleau-thermique-196-cm3-auto-tractee-la-1.jpg\",\"contentUrl\":\"https:\/\/cbs-electro.com\/wp-content\/uploads\/2024\/05\/tondeuse-rouleau-thermique-196-cm3-auto-tractee-la-1.jpg\",\"width\":1200,\"height\":1200},{\"@type\":\"BreadcrumbList\",\"@id\":\"https:\/\/cbs-electro.com\/index.php\/produit\/tondeuse-rouleau-thermique-196-cm3-auto-tractee-largeur-coupe-525-moteur-4-temps-demarrage-electrique-tonte\/#breadcrumb\",\"itemListElement\":[{\"@type\":\"ListItem\",\"position\":1,\"name\":\"Accueil\",\"item\":\"https:\/\/www.cbs-electro.com\/\"},{\"@type\":\"ListItem\",\"position\":2,\"name\":\"Boutique\",\"item\":\"https:\/\/www.cbs-electro.com\/index.php\/boutique\/\"},{\"@type\":\"ListItem\",\"position\":3,\"name\":\"Tondeuse Rouleau Thermique 196 Cm3 Auto-tract\u00e9e Largeur Coupe 525 Moteur 4 Temps D\u00e9marrage \u00c9lectrique Tonte\"}]},{\"@type\":\"WebSite\",\"@id\":\"https:\/\/www.cbs-electro.com\/#website\",\"url\":\"https:\/\/www.cbs-electro.com\/\",\"name\":\"CBS Electro\",\"description\":\"Vente des produits neufs - Informatique, Smartphones, livres, jeux vid\u00e9o, photos, jouets et \u00e9lectrom\u00e9nager\",\"potentialAction\":[{\"@type\":\"SearchAction\",\"target\":{\"@type\":\"EntryPoint\",\"urlTemplate\":\"https:\/\/www.cbs-electro.com\/?s={search_term_string}\"},\"query-input\":{\"@type\":\"PropertyValueSpecification\",\"valueRequired\":true,\"valueName\":\"search_term_string\"}}],\"inLanguage\":\"fr-FR\"}]}<\/script>\n<!-- \/ Yoast SEO plugin. -->","yoast_head_json":{"title":"Tondeuse Rouleau Thermique 196 Cm3 Auto-tract\u00e9e Largeur Coupe 525 Moteur 4 Temps D\u00e9marrage \u00c9lectrique Tonte - CBS Electro","robots":{"index":"index","follow":"follow","max-snippet":"max-snippet:-1","max-image-preview":"max-image-preview:large","max-video-preview":"max-video-preview:-1"},"canonical":"https:\/\/cbs-electro.com\/index.php\/produit\/tondeuse-rouleau-thermique-196-cm3-auto-tractee-largeur-coupe-525-moteur-4-temps-demarrage-electrique-tonte\/","og_locale":"fr_FR","og_type":"article","og_title":"Tondeuse Rouleau Thermique 196 Cm3 Auto-tract\u00e9e Largeur Coupe 525 Moteur 4 Temps D\u00e9marrage \u00c9lectrique Tonte - CBS Electro","og_description":"Id\u00e9ale pour\u00a0les jardins d\u2019une superficie allant jusqu\u2019\u00e0 1900m\u00b2  Robuste et performante,\u00a0sa cylindr\u00e9e de 196 cm\u00b3 vous assure une coupe parfaite \u00e0 chaque tonte.  Largeur de coupe de 52,5 cm,\u00a0vous permettant de couper une large surface et de limiter le nombre de passages  Ergonomie\u00a0gr\u00e2ce au guide","og_url":"https:\/\/cbs-electro.com\/index.php\/produit\/tondeuse-rouleau-thermique-196-cm3-auto-tractee-largeur-coupe-525-moteur-4-temps-demarrage-electrique-tonte\/","og_site_name":"CBS Electro","og_image":[{"width":1200,"height":1200,"url":"https:\/\/cbs-electro.com\/wp-content\/uploads\/2024\/05\/tondeuse-rouleau-thermique-196-cm3-auto-tractee-la-1.jpg","type":"image\/jpeg"}],"twitter_card":"summary_large_image","twitter_misc":{"Dur\u00e9e de lecture estim\u00e9e":"2 minutes"},"schema":{"@context":"https:\/\/schema.org","@graph":[{"@type":"WebPage","@id":"https:\/\/cbs-electro.com\/index.php\/produit\/tondeuse-rouleau-thermique-196-cm3-auto-tractee-largeur-coupe-525-moteur-4-temps-demarrage-electrique-tonte\/","url":"https:\/\/cbs-electro.com\/index.php\/produit\/tondeuse-rouleau-thermique-196-cm3-auto-tractee-largeur-coupe-525-moteur-4-temps-demarrage-electrique-tonte\/","name":"Tondeuse Rouleau Thermique 196 Cm3 Auto-tract\u00e9e Largeur Coupe 525 Moteur 4 Temps D\u00e9marrage \u00c9lectrique Tonte - CBS Electro","isPartOf":{"@id":"https:\/\/www.cbs-electro.com\/#website"},"primaryImageOfPage":{"@id":"https:\/\/cbs-electro.com\/index.php\/produit\/tondeuse-rouleau-thermique-196-cm3-auto-tractee-largeur-coupe-525-moteur-4-temps-demarrage-electrique-tonte\/#primaryimage"},"image":{"@id":"https:\/\/cbs-electro.com\/index.php\/produit\/tondeuse-rouleau-thermique-196-cm3-auto-tractee-largeur-coupe-525-moteur-4-temps-demarrage-electrique-tonte\/#primaryimage"},"thumbnailUrl":"https:\/\/cbs-electro.com\/wp-content\/uploads\/2024\/05\/tondeuse-rouleau-thermique-196-cm3-auto-tractee-la-1.jpg","datePublished":"2024-05-21T12:30:01+00:00","breadcrumb":{"@id":"https:\/\/cbs-electro.com\/index.php\/produit\/tondeuse-rouleau-thermique-196-cm3-auto-tractee-largeur-coupe-525-moteur-4-temps-demarrage-electrique-tonte\/#breadcrumb"},"inLanguage":"fr-FR","potentialAction":[{"@type":"ReadAction","target":["https:\/\/cbs-electro.com\/index.php\/produit\/tondeuse-rouleau-thermique-196-cm3-auto-tractee-largeur-coupe-525-moteur-4-temps-demarrage-electrique-tonte\/"]}]},{"@type":"ImageObject","inLanguage":"fr-FR","@id":"https:\/\/cbs-electro.com\/index.php\/produit\/tondeuse-rouleau-thermique-196-cm3-auto-tractee-largeur-coupe-525-moteur-4-temps-demarrage-electrique-tonte\/#primaryimage","url":"https:\/\/cbs-electro.com\/wp-content\/uploads\/2024\/05\/tondeuse-rouleau-thermique-196-cm3-auto-tractee-la-1.jpg","contentUrl":"https:\/\/cbs-electro.com\/wp-content\/uploads\/2024\/05\/tondeuse-rouleau-thermique-196-cm3-auto-tractee-la-1.jpg","width":1200,"height":1200},{"@type":"BreadcrumbList","@id":"https:\/\/cbs-electro.com\/index.php\/produit\/tondeuse-rouleau-thermique-196-cm3-auto-tractee-largeur-coupe-525-moteur-4-temps-demarrage-electrique-tonte\/#breadcrumb","itemListElement":[{"@type":"ListItem","position":1,"name":"Accueil","item":"https:\/\/www.cbs-electro.com\/"},{"@type":"ListItem","position":2,"name":"Boutique","item":"https:\/\/www.cbs-electro.com\/index.php\/boutique\/"},{"@type":"ListItem","position":3,"name":"Tondeuse Rouleau Thermique 196 Cm3 Auto-tract\u00e9e Largeur Coupe 525 Moteur 4 Temps D\u00e9marrage \u00c9lectrique Tonte"}]},{"@type":"WebSite","@id":"https:\/\/www.cbs-electro.com\/#website","url":"https:\/\/www.cbs-electro.com\/","name":"CBS Electro","description":"Vente des produits neufs - Informatique, Smartphones, livres, jeux vid\u00e9o, photos, jouets et \u00e9lectrom\u00e9nager","potentialAction":[{"@type":"SearchAction","target":{"@type":"EntryPoint","urlTemplate":"https:\/\/www.cbs-electro.com\/?s={search_term_string}"},"query-input":{"@type":"PropertyValueSpecification","valueRequired":true,"valueName":"search_term_string"}}],"inLanguage":"fr-FR"}]}},"_links":{"self":[{"href":"https:\/\/cbs-electro.com\/index.php\/wp-json\/wp\/v2\/product\/17277","targetHints":{"allow":["GET"]}}],"collection":[{"href":"https:\/\/cbs-electro.com\/index.php\/wp-json\/wp\/v2\/product"}],"about":[{"href":"https:\/\/cbs-electro.com\/index.php\/wp-json\/wp\/v2\/types\/product"}],"version-history":[{"count":1,"href":"https:\/\/cbs-electro.com\/index.php\/wp-json\/wp\/v2\/product\/17277\/revisions"}],"predecessor-version":[{"id":17279,"href":"https:\/\/cbs-electro.com\/index.php\/wp-json\/wp\/v2\/product\/17277\/revisions\/17279"}],"wp:featuredmedia":[{"embeddable":true,"href":"https:\/\/cbs-electro.com\/index.php\/wp-json\/wp\/v2\/media\/17278"}],"wp:attachment":[{"href":"https:\/\/cbs-electro.com\/index.php\/wp-json\/wp\/v2\/media?parent=17277"}],"wp:term":[{"taxonomy":"product_brand","embeddable":true,"href":"https:\/\/cbs-electro.com\/index.php\/wp-json\/wp\/v2\/product_brand?post=17277"},{"taxonomy":"product_cat","embeddable":true,"href":"https:\/\/cbs-electro.com\/index.php\/wp-json\/wp\/v2\/product_cat?post=17277"},{"taxonomy":"product_tag","embeddable":true,"href":"https:\/\/cbs-electro.com\/index.php\/wp-json\/wp\/v2\/product_tag?post=17277"}],"curies":[{"name":"wp","href":"https:\/\/api.w.org\/{rel}","templated":true}]}}