{"id":17265,"date":"2024-05-21T14:18:38","date_gmt":"2024-05-21T12:18:38","guid":{"rendered":"https:\/?post_type=product&#038;p=17265"},"modified":"2024-05-21T14:18:38","modified_gmt":"2024-05-21T12:18:38","slug":"husqvarna-lc-551vbp","status":"publish","type":"product","link":"https:\/\/cbs-electro.com\/index.php\/produit\/husqvarna-lc-551vbp\/","title":{"rendered":"Husqvarna LC 551VBP"},"content":{"rendered":"<p>Moteur<\/p>\n<div>LC 551VBP LAWN MOWER<\/div>\n<div class=\"hbd-spec-table__article-number\">R\u00e9f.\u00a0: 970\u00a062\u00a018\u201101<\/div>\n<p>Puissance nette au r\u00e9gime pr\u00e9s\u00e9lectionn\u00e9 2,9 kW Puissance nette \u2013 tour par minute 2\u00a0800 tr\/min Marque du moteur Kawasaki Nom du moteur FJ180 KAI Cylindr\u00e9e 179 cm\u00b3 Type de lubrification du moteur Sous pression avec filtre \u00e0 huile Refroidissement du moteur Air Mat\u00e9rielle Mat\u00e9riau du carter de coupe Aluminium \u00c9missions<\/p>\n<div class=\"\">Emissions d\u2019\u00e9chappement (CO2 EU V)<\/div>\n<p>1\u00a0068 g\/kWh Carter de coupe M\u00e9thodes de coupe Ramassage\/BioClip\u00ae\/Ejection arri\u00e8re Largeur de coupe 51 cm Kit BioClip\u00ae Disponible en option Insert BioClip\u00ae Not included Nombre de paliers de r\u00e9glage de la hauteur de coupe 6 R\u00e9glage de la hauteur de coupe Centralis\u00e9 Hauteur de coupe, mini-maxi max 74 mm Hauteur de coupe, mini-maxi min 26 mm Syst\u00e8me d\u2019entra\u00eenement Syst\u00e8me d\u2019entra\u00eenement Tract\u00e9e, avancement vitesse variable Roues motrices Arri\u00e8re Vitesse en marche avant, min-max max 5 km\/h Vitesse en marche avant, min-max min 2,8 km\/h \u00c9quipement Type du bac de ramassage Fabric with dust blocker Contenance du bac de ramassage 65 l Type de guidon Ergonomique R\u00e9glage en hauteur du guidon 2 Step Roues sur roulement \u00e0 billes, avant\/arri\u00e8re Yes\/Yes Guidon repliable Oui Poign\u00e9e souple Oui Guidon r\u00e9glable en d\u00e9port Non Commande d\u2019acc\u00e9l\u00e9ration Oui Raccord pour tuyau d\u2019arrosage Non Embrayage\/frein de lame (BBC) Oui Dimensions Dimensions des roues, avant\/arri\u00e8re Front 210 mm Dimensions des roues, avant\/arri\u00e8re 210 mm Poids 52,5 kg Empattement 69 cm Son et bruit Niveau de pression sonore au niveau des oreilles 84 dB(A) Niveau de puissance sonore mesur\u00e9 96 dB(A) Niveau de puissance sonore garanti (Lwa) 98 dB(A) Vibrations Vibrations au niveau du guidon Handlebar 4,5 m\/s\u00b2<\/p>\n","protected":false},"excerpt":{"rendered":"<div class=\"woocommerce-product-details__short-description\">\n<div class=\"woocommerce-product-details__short-description\">\n<p>Tondeuse tract\u00e9e compacte et durable, avec un puissant moteur Kawasaki, un grand r\u00e9servoir de carburant et des roues avec pneus en caoutchouc. Dot\u00e9 d\u2019une vitesse variable, d\u2019une commande de frein de lame et de pare-chocs de protection lat\u00e9rale, ce mod\u00e8le est le choix id\u00e9al pour les professionnels qui recherchent des performances fiables et durables et des r\u00e9sultats exceptionnels.<\/p>\n<\/div>\n<form class=\"cart\" action=\"https:\/\/www.tondeusesenpromo.com\/produit\/husqvarna-lc-551vbp\/\" enctype=\"multipart\/form-data\" method=\"post\">\n<div class=\"quantity\"><\/div>\n<\/form>\n<\/div>\n<form class=\"cart\" action=\"https:\/\/rimatagro.com\/index.php\/produit\/husqvarna-lc-551vbp\/\" enctype=\"multipart\/form-data\" method=\"post\">\n<div class=\"quantity\"><\/div>\n<\/form>\n","protected":false},"featured_media":17266,"template":"","meta":[],"product_brand":[],"product_cat":[74,99],"product_tag":[],"class_list":{"0":"post-17265","1":"product","2":"type-product","3":"status-publish","4":"has-post-thumbnail","6":"product_cat-maison-jardin","7":"product_cat-tondeuse-a-gazon","9":"first","10":"instock","11":"taxable","12":"shipping-taxable","13":"purchasable","14":"product-type-simple"},"yoast_head":"<!-- This site is optimized with the Yoast SEO plugin v24.8.1 - https:\/\/yoast.com\/wordpress\/plugins\/seo\/ -->\n<title>Husqvarna LC 551VBP - CBS Electro<\/title>\n<meta name=\"robots\" content=\"index, follow, max-snippet:-1, max-image-preview:large, max-video-preview:-1\" \/>\n<link rel=\"canonical\" href=\"https:\/\/cbs-electro.com\/index.php\/produit\/husqvarna-lc-551vbp\/\" \/>\n<meta property=\"og:locale\" content=\"fr_FR\" \/>\n<meta property=\"og:type\" content=\"article\" \/>\n<meta property=\"og:title\" content=\"Husqvarna LC 551VBP - CBS Electro\" \/>\n<meta property=\"og:description\" content=\"Tondeuse tract\u00e9e compacte et durable, avec un puissant moteur Kawasaki, un grand r\u00e9servoir de carburant et des roues avec pneus en caoutchouc. Dot\u00e9 d\u2019une vitesse variable, d\u2019une commande de frein de lame et de pare-chocs de protection lat\u00e9rale, ce mod\u00e8le est le choix id\u00e9al pour les professionnels qui recherchent des performances fiables et durables et des r\u00e9sultats exceptionnels.\" \/>\n<meta property=\"og:url\" content=\"https:\/\/cbs-electro.com\/index.php\/produit\/husqvarna-lc-551vbp\/\" \/>\n<meta property=\"og:site_name\" content=\"CBS Electro\" \/>\n<meta property=\"og:image\" content=\"https:\/\/cbs-electro.com\/wp-content\/uploads\/2024\/05\/image-1.png\" \/>\n\t<meta property=\"og:image:width\" content=\"830\" \/>\n\t<meta property=\"og:image:height\" content=\"553\" \/>\n\t<meta property=\"og:image:type\" content=\"image\/png\" \/>\n<meta name=\"twitter:card\" content=\"summary_large_image\" \/>\n<meta name=\"twitter:label1\" content=\"Dur\u00e9e de lecture estim\u00e9e\" \/>\n\t<meta name=\"twitter:data1\" content=\"1 minute\" \/>\n<script type=\"application\/ld+json\" class=\"yoast-schema-graph\">{\"@context\":\"https:\/\/schema.org\",\"@graph\":[{\"@type\":\"WebPage\",\"@id\":\"https:\/\/cbs-electro.com\/index.php\/produit\/husqvarna-lc-551vbp\/\",\"url\":\"https:\/\/cbs-electro.com\/index.php\/produit\/husqvarna-lc-551vbp\/\",\"name\":\"Husqvarna LC 551VBP - CBS Electro\",\"isPartOf\":{\"@id\":\"https:\/\/www.cbs-electro.com\/#website\"},\"primaryImageOfPage\":{\"@id\":\"https:\/\/cbs-electro.com\/index.php\/produit\/husqvarna-lc-551vbp\/#primaryimage\"},\"image\":{\"@id\":\"https:\/\/cbs-electro.com\/index.php\/produit\/husqvarna-lc-551vbp\/#primaryimage\"},\"thumbnailUrl\":\"https:\/\/cbs-electro.com\/wp-content\/uploads\/2024\/05\/image-1.png\",\"datePublished\":\"2024-05-21T12:18:38+00:00\",\"breadcrumb\":{\"@id\":\"https:\/\/cbs-electro.com\/index.php\/produit\/husqvarna-lc-551vbp\/#breadcrumb\"},\"inLanguage\":\"fr-FR\",\"potentialAction\":[{\"@type\":\"ReadAction\",\"target\":[\"https:\/\/cbs-electro.com\/index.php\/produit\/husqvarna-lc-551vbp\/\"]}]},{\"@type\":\"ImageObject\",\"inLanguage\":\"fr-FR\",\"@id\":\"https:\/\/cbs-electro.com\/index.php\/produit\/husqvarna-lc-551vbp\/#primaryimage\",\"url\":\"https:\/\/cbs-electro.com\/wp-content\/uploads\/2024\/05\/image-1.png\",\"contentUrl\":\"https:\/\/cbs-electro.com\/wp-content\/uploads\/2024\/05\/image-1.png\",\"width\":830,\"height\":553},{\"@type\":\"BreadcrumbList\",\"@id\":\"https:\/\/cbs-electro.com\/index.php\/produit\/husqvarna-lc-551vbp\/#breadcrumb\",\"itemListElement\":[{\"@type\":\"ListItem\",\"position\":1,\"name\":\"Accueil\",\"item\":\"https:\/\/www.cbs-electro.com\/\"},{\"@type\":\"ListItem\",\"position\":2,\"name\":\"Boutique\",\"item\":\"https:\/\/www.cbs-electro.com\/index.php\/boutique\/\"},{\"@type\":\"ListItem\",\"position\":3,\"name\":\"Husqvarna LC 551VBP\"}]},{\"@type\":\"WebSite\",\"@id\":\"https:\/\/www.cbs-electro.com\/#website\",\"url\":\"https:\/\/www.cbs-electro.com\/\",\"name\":\"CBS Electro\",\"description\":\"Vente des produits neufs - Informatique, Smartphones, livres, jeux vid\u00e9o, photos, jouets et \u00e9lectrom\u00e9nager\",\"potentialAction\":[{\"@type\":\"SearchAction\",\"target\":{\"@type\":\"EntryPoint\",\"urlTemplate\":\"https:\/\/www.cbs-electro.com\/?s={search_term_string}\"},\"query-input\":{\"@type\":\"PropertyValueSpecification\",\"valueRequired\":true,\"valueName\":\"search_term_string\"}}],\"inLanguage\":\"fr-FR\"}]}<\/script>\n<!-- \/ Yoast SEO plugin. -->","yoast_head_json":{"title":"Husqvarna LC 551VBP - CBS Electro","robots":{"index":"index","follow":"follow","max-snippet":"max-snippet:-1","max-image-preview":"max-image-preview:large","max-video-preview":"max-video-preview:-1"},"canonical":"https:\/\/cbs-electro.com\/index.php\/produit\/husqvarna-lc-551vbp\/","og_locale":"fr_FR","og_type":"article","og_title":"Husqvarna LC 551VBP - CBS Electro","og_description":"Tondeuse tract\u00e9e compacte et durable, avec un puissant moteur Kawasaki, un grand r\u00e9servoir de carburant et des roues avec pneus en caoutchouc. Dot\u00e9 d\u2019une vitesse variable, d\u2019une commande de frein de lame et de pare-chocs de protection lat\u00e9rale, ce mod\u00e8le est le choix id\u00e9al pour les professionnels qui recherchent des performances fiables et durables et des r\u00e9sultats exceptionnels.","og_url":"https:\/\/cbs-electro.com\/index.php\/produit\/husqvarna-lc-551vbp\/","og_site_name":"CBS Electro","og_image":[{"width":830,"height":553,"url":"https:\/\/cbs-electro.com\/wp-content\/uploads\/2024\/05\/image-1.png","type":"image\/png"}],"twitter_card":"summary_large_image","twitter_misc":{"Dur\u00e9e de lecture estim\u00e9e":"1 minute"},"schema":{"@context":"https:\/\/schema.org","@graph":[{"@type":"WebPage","@id":"https:\/\/cbs-electro.com\/index.php\/produit\/husqvarna-lc-551vbp\/","url":"https:\/\/cbs-electro.com\/index.php\/produit\/husqvarna-lc-551vbp\/","name":"Husqvarna LC 551VBP - CBS Electro","isPartOf":{"@id":"https:\/\/www.cbs-electro.com\/#website"},"primaryImageOfPage":{"@id":"https:\/\/cbs-electro.com\/index.php\/produit\/husqvarna-lc-551vbp\/#primaryimage"},"image":{"@id":"https:\/\/cbs-electro.com\/index.php\/produit\/husqvarna-lc-551vbp\/#primaryimage"},"thumbnailUrl":"https:\/\/cbs-electro.com\/wp-content\/uploads\/2024\/05\/image-1.png","datePublished":"2024-05-21T12:18:38+00:00","breadcrumb":{"@id":"https:\/\/cbs-electro.com\/index.php\/produit\/husqvarna-lc-551vbp\/#breadcrumb"},"inLanguage":"fr-FR","potentialAction":[{"@type":"ReadAction","target":["https:\/\/cbs-electro.com\/index.php\/produit\/husqvarna-lc-551vbp\/"]}]},{"@type":"ImageObject","inLanguage":"fr-FR","@id":"https:\/\/cbs-electro.com\/index.php\/produit\/husqvarna-lc-551vbp\/#primaryimage","url":"https:\/\/cbs-electro.com\/wp-content\/uploads\/2024\/05\/image-1.png","contentUrl":"https:\/\/cbs-electro.com\/wp-content\/uploads\/2024\/05\/image-1.png","width":830,"height":553},{"@type":"BreadcrumbList","@id":"https:\/\/cbs-electro.com\/index.php\/produit\/husqvarna-lc-551vbp\/#breadcrumb","itemListElement":[{"@type":"ListItem","position":1,"name":"Accueil","item":"https:\/\/www.cbs-electro.com\/"},{"@type":"ListItem","position":2,"name":"Boutique","item":"https:\/\/www.cbs-electro.com\/index.php\/boutique\/"},{"@type":"ListItem","position":3,"name":"Husqvarna LC 551VBP"}]},{"@type":"WebSite","@id":"https:\/\/www.cbs-electro.com\/#website","url":"https:\/\/www.cbs-electro.com\/","name":"CBS Electro","description":"Vente des produits neufs - Informatique, Smartphones, livres, jeux vid\u00e9o, photos, jouets et \u00e9lectrom\u00e9nager","potentialAction":[{"@type":"SearchAction","target":{"@type":"EntryPoint","urlTemplate":"https:\/\/www.cbs-electro.com\/?s={search_term_string}"},"query-input":{"@type":"PropertyValueSpecification","valueRequired":true,"valueName":"search_term_string"}}],"inLanguage":"fr-FR"}]}},"_links":{"self":[{"href":"https:\/\/cbs-electro.com\/index.php\/wp-json\/wp\/v2\/product\/17265","targetHints":{"allow":["GET"]}}],"collection":[{"href":"https:\/\/cbs-electro.com\/index.php\/wp-json\/wp\/v2\/product"}],"about":[{"href":"https:\/\/cbs-electro.com\/index.php\/wp-json\/wp\/v2\/types\/product"}],"version-history":[{"count":2,"href":"https:\/\/cbs-electro.com\/index.php\/wp-json\/wp\/v2\/product\/17265\/revisions"}],"predecessor-version":[{"id":17269,"href":"https:\/\/cbs-electro.com\/index.php\/wp-json\/wp\/v2\/product\/17265\/revisions\/17269"}],"wp:featuredmedia":[{"embeddable":true,"href":"https:\/\/cbs-electro.com\/index.php\/wp-json\/wp\/v2\/media\/17266"}],"wp:attachment":[{"href":"https:\/\/cbs-electro.com\/index.php\/wp-json\/wp\/v2\/media?parent=17265"}],"wp:term":[{"taxonomy":"product_brand","embeddable":true,"href":"https:\/\/cbs-electro.com\/index.php\/wp-json\/wp\/v2\/product_brand?post=17265"},{"taxonomy":"product_cat","embeddable":true,"href":"https:\/\/cbs-electro.com\/index.php\/wp-json\/wp\/v2\/product_cat?post=17265"},{"taxonomy":"product_tag","embeddable":true,"href":"https:\/\/cbs-electro.com\/index.php\/wp-json\/wp\/v2\/product_tag?post=17265"}],"curies":[{"name":"wp","href":"https:\/\/api.w.org\/{rel}","templated":true}]}}