{"id":17255,"date":"2024-05-21T14:09:37","date_gmt":"2024-05-21T12:09:37","guid":{"rendered":"https:\/?post_type=product&#038;p=17255"},"modified":"2025-03-11T18:32:10","modified_gmt":"2025-03-11T17:32:10","slug":"tondeuse-a-gazon-stihl-rm4rt","status":"publish","type":"product","link":"https:\/\/cbs-electro.com\/index.php\/produit\/tondeuse-a-gazon-stihl-rm4rt\/","title":{"rendered":"Tondeuse \u00e0 gazon Stihl RM4RT"},"content":{"rendered":"<p>La tondeuse RM 545 T STIHL est une tondeuse thermique puissante pour une tonte exigeante et facile \u00e0 utiliser sur de grandes superficies gr\u00e2ce \u00e0 sa fonction tract\u00e9e. Ses caract\u00e9ristiques techniques sont pens\u00e9es pour vous faciliter le travail :<\/p>\n<p>-Poign\u00e9e ergonomique pour une tonte confortable.<br \/>\n-Largeur de coupe 43 cm<br \/>\n-Moteur : B&amp;S s\u00e9rie 650EXi OHV RS<br \/>\n-Bac de ramassage : 60 litres.\u2019<\/p>\n","protected":false},"excerpt":{"rendered":"<p>-Poign\u00e9e ergonomique pour une tonte confortable.<br \/>\n-Largeur de coupe 43 cm<br \/>\n-Moteur : B&amp;S s\u00e9rie 650EXi OHV RS<br \/>\n-Bac de ramassage : 60 litres.\u2019<\/p>\n","protected":false},"featured_media":17256,"template":"","meta":[],"product_brand":[],"product_cat":[74,99],"product_tag":[],"class_list":{"0":"post-17255","1":"product","2":"type-product","3":"status-publish","4":"has-post-thumbnail","6":"product_cat-maison-jardin","7":"product_cat-tondeuse-a-gazon","9":"first","10":"instock","11":"taxable","12":"shipping-taxable","13":"purchasable","14":"product-type-simple"},"yoast_head":"<!-- This site is optimized with the Yoast SEO plugin v24.8.1 - https:\/\/yoast.com\/wordpress\/plugins\/seo\/ -->\n<title>Tondeuse \u00e0 gazon Stihl RM4RT - CBS Electro<\/title>\n<meta name=\"robots\" content=\"index, follow, max-snippet:-1, max-image-preview:large, max-video-preview:-1\" \/>\n<link rel=\"canonical\" href=\"https:\/\/cbs-electro.com\/index.php\/produit\/tondeuse-a-gazon-stihl-rm4rt\/\" \/>\n<meta property=\"og:locale\" content=\"fr_FR\" \/>\n<meta property=\"og:type\" content=\"article\" \/>\n<meta property=\"og:title\" content=\"Tondeuse \u00e0 gazon Stihl RM4RT - CBS Electro\" \/>\n<meta property=\"og:description\" content=\"-Poign\u00e9e ergonomique pour une tonte confortable. -Largeur de coupe 43 cm -Moteur : B&amp;S s\u00e9rie 650EXi OHV RS -Bac de ramassage : 60 litres.\u2019\" \/>\n<meta property=\"og:url\" content=\"https:\/\/cbs-electro.com\/index.php\/produit\/tondeuse-a-gazon-stihl-rm4rt\/\" \/>\n<meta property=\"og:site_name\" content=\"CBS Electro\" \/>\n<meta property=\"article:modified_time\" content=\"2025-03-11T17:32:10+00:00\" \/>\n<meta property=\"og:image\" content=\"https:\/\/cbs-electro.com\/wp-content\/uploads\/2024\/05\/Tondeuse-a-gazon-Stihl-RM4RT-.jpg\" \/>\n\t<meta property=\"og:image:width\" content=\"1200\" \/>\n\t<meta property=\"og:image:height\" content=\"1200\" \/>\n\t<meta property=\"og:image:type\" content=\"image\/jpeg\" \/>\n<meta name=\"twitter:card\" content=\"summary_large_image\" \/>\n<script type=\"application\/ld+json\" class=\"yoast-schema-graph\">{\"@context\":\"https:\/\/schema.org\",\"@graph\":[{\"@type\":\"WebPage\",\"@id\":\"https:\/\/cbs-electro.com\/index.php\/produit\/tondeuse-a-gazon-stihl-rm4rt\/\",\"url\":\"https:\/\/cbs-electro.com\/index.php\/produit\/tondeuse-a-gazon-stihl-rm4rt\/\",\"name\":\"Tondeuse \u00e0 gazon Stihl RM4RT - CBS Electro\",\"isPartOf\":{\"@id\":\"https:\/\/www.cbs-electro.com\/#website\"},\"primaryImageOfPage\":{\"@id\":\"https:\/\/cbs-electro.com\/index.php\/produit\/tondeuse-a-gazon-stihl-rm4rt\/#primaryimage\"},\"image\":{\"@id\":\"https:\/\/cbs-electro.com\/index.php\/produit\/tondeuse-a-gazon-stihl-rm4rt\/#primaryimage\"},\"thumbnailUrl\":\"https:\/\/cbs-electro.com\/wp-content\/uploads\/2024\/05\/Tondeuse-a-gazon-Stihl-RM4RT-.jpg\",\"datePublished\":\"2024-05-21T12:09:37+00:00\",\"dateModified\":\"2025-03-11T17:32:10+00:00\",\"breadcrumb\":{\"@id\":\"https:\/\/cbs-electro.com\/index.php\/produit\/tondeuse-a-gazon-stihl-rm4rt\/#breadcrumb\"},\"inLanguage\":\"fr-FR\",\"potentialAction\":[{\"@type\":\"ReadAction\",\"target\":[\"https:\/\/cbs-electro.com\/index.php\/produit\/tondeuse-a-gazon-stihl-rm4rt\/\"]}]},{\"@type\":\"ImageObject\",\"inLanguage\":\"fr-FR\",\"@id\":\"https:\/\/cbs-electro.com\/index.php\/produit\/tondeuse-a-gazon-stihl-rm4rt\/#primaryimage\",\"url\":\"https:\/\/cbs-electro.com\/wp-content\/uploads\/2024\/05\/Tondeuse-a-gazon-Stihl-RM4RT-.jpg\",\"contentUrl\":\"https:\/\/cbs-electro.com\/wp-content\/uploads\/2024\/05\/Tondeuse-a-gazon-Stihl-RM4RT-.jpg\",\"width\":1200,\"height\":1200},{\"@type\":\"BreadcrumbList\",\"@id\":\"https:\/\/cbs-electro.com\/index.php\/produit\/tondeuse-a-gazon-stihl-rm4rt\/#breadcrumb\",\"itemListElement\":[{\"@type\":\"ListItem\",\"position\":1,\"name\":\"Accueil\",\"item\":\"https:\/\/www.cbs-electro.com\/\"},{\"@type\":\"ListItem\",\"position\":2,\"name\":\"Boutique\",\"item\":\"https:\/\/www.cbs-electro.com\/index.php\/boutique\/\"},{\"@type\":\"ListItem\",\"position\":3,\"name\":\"Tondeuse \u00e0 gazon Stihl RM4RT\"}]},{\"@type\":\"WebSite\",\"@id\":\"https:\/\/www.cbs-electro.com\/#website\",\"url\":\"https:\/\/www.cbs-electro.com\/\",\"name\":\"CBS Electro\",\"description\":\"Vente des produits neufs - Informatique, Smartphones, livres, jeux vid\u00e9o, photos, jouets et \u00e9lectrom\u00e9nager\",\"potentialAction\":[{\"@type\":\"SearchAction\",\"target\":{\"@type\":\"EntryPoint\",\"urlTemplate\":\"https:\/\/www.cbs-electro.com\/?s={search_term_string}\"},\"query-input\":{\"@type\":\"PropertyValueSpecification\",\"valueRequired\":true,\"valueName\":\"search_term_string\"}}],\"inLanguage\":\"fr-FR\"}]}<\/script>\n<!-- \/ Yoast SEO plugin. -->","yoast_head_json":{"title":"Tondeuse \u00e0 gazon Stihl RM4RT - CBS Electro","robots":{"index":"index","follow":"follow","max-snippet":"max-snippet:-1","max-image-preview":"max-image-preview:large","max-video-preview":"max-video-preview:-1"},"canonical":"https:\/\/cbs-electro.com\/index.php\/produit\/tondeuse-a-gazon-stihl-rm4rt\/","og_locale":"fr_FR","og_type":"article","og_title":"Tondeuse \u00e0 gazon Stihl RM4RT - CBS Electro","og_description":"-Poign\u00e9e ergonomique pour une tonte confortable. -Largeur de coupe 43 cm -Moteur : B&amp;S s\u00e9rie 650EXi OHV RS -Bac de ramassage : 60 litres.\u2019","og_url":"https:\/\/cbs-electro.com\/index.php\/produit\/tondeuse-a-gazon-stihl-rm4rt\/","og_site_name":"CBS Electro","article_modified_time":"2025-03-11T17:32:10+00:00","og_image":[{"width":1200,"height":1200,"url":"https:\/\/cbs-electro.com\/wp-content\/uploads\/2024\/05\/Tondeuse-a-gazon-Stihl-RM4RT-.jpg","type":"image\/jpeg"}],"twitter_card":"summary_large_image","schema":{"@context":"https:\/\/schema.org","@graph":[{"@type":"WebPage","@id":"https:\/\/cbs-electro.com\/index.php\/produit\/tondeuse-a-gazon-stihl-rm4rt\/","url":"https:\/\/cbs-electro.com\/index.php\/produit\/tondeuse-a-gazon-stihl-rm4rt\/","name":"Tondeuse \u00e0 gazon Stihl RM4RT - CBS Electro","isPartOf":{"@id":"https:\/\/www.cbs-electro.com\/#website"},"primaryImageOfPage":{"@id":"https:\/\/cbs-electro.com\/index.php\/produit\/tondeuse-a-gazon-stihl-rm4rt\/#primaryimage"},"image":{"@id":"https:\/\/cbs-electro.com\/index.php\/produit\/tondeuse-a-gazon-stihl-rm4rt\/#primaryimage"},"thumbnailUrl":"https:\/\/cbs-electro.com\/wp-content\/uploads\/2024\/05\/Tondeuse-a-gazon-Stihl-RM4RT-.jpg","datePublished":"2024-05-21T12:09:37+00:00","dateModified":"2025-03-11T17:32:10+00:00","breadcrumb":{"@id":"https:\/\/cbs-electro.com\/index.php\/produit\/tondeuse-a-gazon-stihl-rm4rt\/#breadcrumb"},"inLanguage":"fr-FR","potentialAction":[{"@type":"ReadAction","target":["https:\/\/cbs-electro.com\/index.php\/produit\/tondeuse-a-gazon-stihl-rm4rt\/"]}]},{"@type":"ImageObject","inLanguage":"fr-FR","@id":"https:\/\/cbs-electro.com\/index.php\/produit\/tondeuse-a-gazon-stihl-rm4rt\/#primaryimage","url":"https:\/\/cbs-electro.com\/wp-content\/uploads\/2024\/05\/Tondeuse-a-gazon-Stihl-RM4RT-.jpg","contentUrl":"https:\/\/cbs-electro.com\/wp-content\/uploads\/2024\/05\/Tondeuse-a-gazon-Stihl-RM4RT-.jpg","width":1200,"height":1200},{"@type":"BreadcrumbList","@id":"https:\/\/cbs-electro.com\/index.php\/produit\/tondeuse-a-gazon-stihl-rm4rt\/#breadcrumb","itemListElement":[{"@type":"ListItem","position":1,"name":"Accueil","item":"https:\/\/www.cbs-electro.com\/"},{"@type":"ListItem","position":2,"name":"Boutique","item":"https:\/\/www.cbs-electro.com\/index.php\/boutique\/"},{"@type":"ListItem","position":3,"name":"Tondeuse \u00e0 gazon Stihl RM4RT"}]},{"@type":"WebSite","@id":"https:\/\/www.cbs-electro.com\/#website","url":"https:\/\/www.cbs-electro.com\/","name":"CBS Electro","description":"Vente des produits neufs - Informatique, Smartphones, livres, jeux vid\u00e9o, photos, jouets et \u00e9lectrom\u00e9nager","potentialAction":[{"@type":"SearchAction","target":{"@type":"EntryPoint","urlTemplate":"https:\/\/www.cbs-electro.com\/?s={search_term_string}"},"query-input":{"@type":"PropertyValueSpecification","valueRequired":true,"valueName":"search_term_string"}}],"inLanguage":"fr-FR"}]}},"_links":{"self":[{"href":"https:\/\/cbs-electro.com\/index.php\/wp-json\/wp\/v2\/product\/17255","targetHints":{"allow":["GET"]}}],"collection":[{"href":"https:\/\/cbs-electro.com\/index.php\/wp-json\/wp\/v2\/product"}],"about":[{"href":"https:\/\/cbs-electro.com\/index.php\/wp-json\/wp\/v2\/types\/product"}],"version-history":[{"count":2,"href":"https:\/\/cbs-electro.com\/index.php\/wp-json\/wp\/v2\/product\/17255\/revisions"}],"predecessor-version":[{"id":17258,"href":"https:\/\/cbs-electro.com\/index.php\/wp-json\/wp\/v2\/product\/17255\/revisions\/17258"}],"wp:featuredmedia":[{"embeddable":true,"href":"https:\/\/cbs-electro.com\/index.php\/wp-json\/wp\/v2\/media\/17256"}],"wp:attachment":[{"href":"https:\/\/cbs-electro.com\/index.php\/wp-json\/wp\/v2\/media?parent=17255"}],"wp:term":[{"taxonomy":"product_brand","embeddable":true,"href":"https:\/\/cbs-electro.com\/index.php\/wp-json\/wp\/v2\/product_brand?post=17255"},{"taxonomy":"product_cat","embeddable":true,"href":"https:\/\/cbs-electro.com\/index.php\/wp-json\/wp\/v2\/product_cat?post=17255"},{"taxonomy":"product_tag","embeddable":true,"href":"https:\/\/cbs-electro.com\/index.php\/wp-json\/wp\/v2\/product_tag?post=17255"}],"curies":[{"name":"wp","href":"https:\/\/api.w.org\/{rel}","templated":true}]}}