{"id":17158,"date":"2023-12-05T04:58:53","date_gmt":"2023-12-05T03:58:53","guid":{"rendered":"https:\/?post_type=product&#038;p=17158"},"modified":"2023-12-05T04:58:53","modified_gmt":"2023-12-05T03:58:53","slug":"console-nintendo-switch-avec-une-paire-de-joy-con-grises-nouvelle-version-meilleure-autonomie","status":"publish","type":"product","link":"https:\/\/cbs-electro.com\/index.php\/produit\/console-nintendo-switch-avec-une-paire-de-joy-con-grises-nouvelle-version-meilleure-autonomie\/","title":{"rendered":"Console Nintendo Switch avec une paire de Joy-Con grises : Nouvelle version, Meilleure autonomie"},"content":{"rendered":"<p class=\"fpMb\">Console Nintendo Switch comprenant : manette Joy-Con droite grise + manette Joy-Con grise + support Joy-Con + station d\u2019accueil Nintendo Switch + c\u00e2ble HDMI + adaptateur secteur Nintendo Switch + 1 paire de dragonnes Joy-Con. Support de recharge non fourni avec la console<\/p>\n<div class=\"regBloc no1023 \">\n<div id=\"gpt-R2-300X250BODY2\" data-google-query-id=\"CKOvr76moegCFQ2uUQod2-8Dfg\"><\/div>\n<div class=\"regTxt\"><\/div>\n<\/div>\n<table class=\"fpDescTb fpDescTbPub\">\n<tbody>\n<tr>\n<th colspan=\"2\">Informations g\u00e9n\u00e9rales sur le produit<\/th>\n<\/tr>\n<tr>\n<td>Marque<\/td>\n<td>NINTENDO<\/td>\n<\/tr>\n<tr>\n<td>Nom du produit<\/td>\n<td>Console Nintendo Switch avec une paire de Joy-Con<\/td>\n<\/tr>\n<tr>\n<td>Cat\u00e9gorie<\/td>\n<td>CONSOLE NINTENDO SWITCH<\/td>\n<\/tr>\n<\/tbody>\n<\/table>\n","protected":false},"excerpt":{"rendered":"<p>Console Nintendo Switch comprenant : manette Joy-Con droite grise + manette Joy-Con grise + support Joy-Con + station d\u2019accueil Nintendo Switch + c\u00e2ble HDMI + adaptateur secteur Nintendo Switch + 1 paire de dragonnes Joy-Con. Support de recharge non fourni avec la console<\/p>\n","protected":false},"featured_media":17171,"template":"","meta":[],"product_brand":[],"product_cat":[70,71],"product_tag":[],"class_list":{"0":"post-17158","1":"product","2":"type-product","3":"status-publish","4":"has-post-thumbnail","6":"product_cat-consoles-jeux-videos","7":"product_cat-nintendo-switch","9":"first","10":"instock","11":"taxable","12":"shipping-taxable","13":"purchasable","14":"product-type-simple"},"yoast_head":"<!-- This site is optimized with the Yoast SEO plugin v24.8.1 - https:\/\/yoast.com\/wordpress\/plugins\/seo\/ -->\n<title>Console Nintendo Switch avec une paire de Joy-Con grises : Nouvelle version, Meilleure autonomie - CBS Electro<\/title>\n<meta name=\"robots\" content=\"index, follow, max-snippet:-1, max-image-preview:large, max-video-preview:-1\" \/>\n<link rel=\"canonical\" href=\"https:\/\/cbs-electro.com\/index.php\/produit\/console-nintendo-switch-avec-une-paire-de-joy-con-grises-nouvelle-version-meilleure-autonomie\/\" \/>\n<meta property=\"og:locale\" content=\"fr_FR\" \/>\n<meta property=\"og:type\" content=\"article\" \/>\n<meta property=\"og:title\" content=\"Console Nintendo Switch avec une paire de Joy-Con grises : Nouvelle version, Meilleure autonomie - CBS Electro\" \/>\n<meta property=\"og:description\" content=\"Console Nintendo Switch comprenant : manette Joy-Con droite grise + manette Joy-Con grise + support Joy-Con + station d\u2019accueil Nintendo Switch + c\u00e2ble HDMI + adaptateur secteur Nintendo Switch + 1 paire de dragonnes Joy-Con. Support de recharge non fourni avec la console\" \/>\n<meta property=\"og:url\" content=\"https:\/\/cbs-electro.com\/index.php\/produit\/console-nintendo-switch-avec-une-paire-de-joy-con-grises-nouvelle-version-meilleure-autonomie\/\" \/>\n<meta property=\"og:site_name\" content=\"CBS Electro\" \/>\n<meta property=\"og:image\" content=\"https:\/\/cbs-electro.com\/wp-content\/uploads\/2023\/12\/a-345.jpg\" \/>\n\t<meta property=\"og:image:width\" content=\"700\" \/>\n\t<meta property=\"og:image:height\" content=\"700\" \/>\n\t<meta property=\"og:image:type\" content=\"image\/jpeg\" \/>\n<meta name=\"twitter:card\" content=\"summary_large_image\" \/>\n<script type=\"application\/ld+json\" class=\"yoast-schema-graph\">{\"@context\":\"https:\/\/schema.org\",\"@graph\":[{\"@type\":\"WebPage\",\"@id\":\"https:\/\/cbs-electro.com\/index.php\/produit\/console-nintendo-switch-avec-une-paire-de-joy-con-grises-nouvelle-version-meilleure-autonomie\/\",\"url\":\"https:\/\/cbs-electro.com\/index.php\/produit\/console-nintendo-switch-avec-une-paire-de-joy-con-grises-nouvelle-version-meilleure-autonomie\/\",\"name\":\"Console Nintendo Switch avec une paire de Joy-Con grises : Nouvelle version, Meilleure autonomie - CBS Electro\",\"isPartOf\":{\"@id\":\"https:\/\/www.cbs-electro.com\/#website\"},\"primaryImageOfPage\":{\"@id\":\"https:\/\/cbs-electro.com\/index.php\/produit\/console-nintendo-switch-avec-une-paire-de-joy-con-grises-nouvelle-version-meilleure-autonomie\/#primaryimage\"},\"image\":{\"@id\":\"https:\/\/cbs-electro.com\/index.php\/produit\/console-nintendo-switch-avec-une-paire-de-joy-con-grises-nouvelle-version-meilleure-autonomie\/#primaryimage\"},\"thumbnailUrl\":\"https:\/\/cbs-electro.com\/wp-content\/uploads\/2023\/12\/a-345.jpg\",\"datePublished\":\"2023-12-05T03:58:53+00:00\",\"breadcrumb\":{\"@id\":\"https:\/\/cbs-electro.com\/index.php\/produit\/console-nintendo-switch-avec-une-paire-de-joy-con-grises-nouvelle-version-meilleure-autonomie\/#breadcrumb\"},\"inLanguage\":\"fr-FR\",\"potentialAction\":[{\"@type\":\"ReadAction\",\"target\":[\"https:\/\/cbs-electro.com\/index.php\/produit\/console-nintendo-switch-avec-une-paire-de-joy-con-grises-nouvelle-version-meilleure-autonomie\/\"]}]},{\"@type\":\"ImageObject\",\"inLanguage\":\"fr-FR\",\"@id\":\"https:\/\/cbs-electro.com\/index.php\/produit\/console-nintendo-switch-avec-une-paire-de-joy-con-grises-nouvelle-version-meilleure-autonomie\/#primaryimage\",\"url\":\"https:\/\/cbs-electro.com\/wp-content\/uploads\/2023\/12\/a-345.jpg\",\"contentUrl\":\"https:\/\/cbs-electro.com\/wp-content\/uploads\/2023\/12\/a-345.jpg\",\"width\":700,\"height\":700},{\"@type\":\"BreadcrumbList\",\"@id\":\"https:\/\/cbs-electro.com\/index.php\/produit\/console-nintendo-switch-avec-une-paire-de-joy-con-grises-nouvelle-version-meilleure-autonomie\/#breadcrumb\",\"itemListElement\":[{\"@type\":\"ListItem\",\"position\":1,\"name\":\"Accueil\",\"item\":\"https:\/\/www.cbs-electro.com\/\"},{\"@type\":\"ListItem\",\"position\":2,\"name\":\"Boutique\",\"item\":\"https:\/\/www.cbs-electro.com\/index.php\/boutique\/\"},{\"@type\":\"ListItem\",\"position\":3,\"name\":\"Console Nintendo Switch avec une paire de Joy-Con grises : Nouvelle version, Meilleure autonomie\"}]},{\"@type\":\"WebSite\",\"@id\":\"https:\/\/www.cbs-electro.com\/#website\",\"url\":\"https:\/\/www.cbs-electro.com\/\",\"name\":\"CBS Electro\",\"description\":\"Vente des produits neufs - Informatique, Smartphones, livres, jeux vid\u00e9o, photos, jouets et \u00e9lectrom\u00e9nager\",\"potentialAction\":[{\"@type\":\"SearchAction\",\"target\":{\"@type\":\"EntryPoint\",\"urlTemplate\":\"https:\/\/www.cbs-electro.com\/?s={search_term_string}\"},\"query-input\":{\"@type\":\"PropertyValueSpecification\",\"valueRequired\":true,\"valueName\":\"search_term_string\"}}],\"inLanguage\":\"fr-FR\"}]}<\/script>\n<!-- \/ Yoast SEO plugin. -->","yoast_head_json":{"title":"Console Nintendo Switch avec une paire de Joy-Con grises : Nouvelle version, Meilleure autonomie - CBS Electro","robots":{"index":"index","follow":"follow","max-snippet":"max-snippet:-1","max-image-preview":"max-image-preview:large","max-video-preview":"max-video-preview:-1"},"canonical":"https:\/\/cbs-electro.com\/index.php\/produit\/console-nintendo-switch-avec-une-paire-de-joy-con-grises-nouvelle-version-meilleure-autonomie\/","og_locale":"fr_FR","og_type":"article","og_title":"Console Nintendo Switch avec une paire de Joy-Con grises : Nouvelle version, Meilleure autonomie - CBS Electro","og_description":"Console Nintendo Switch comprenant : manette Joy-Con droite grise + manette Joy-Con grise + support Joy-Con + station d\u2019accueil Nintendo Switch + c\u00e2ble HDMI + adaptateur secteur Nintendo Switch + 1 paire de dragonnes Joy-Con. Support de recharge non fourni avec la console","og_url":"https:\/\/cbs-electro.com\/index.php\/produit\/console-nintendo-switch-avec-une-paire-de-joy-con-grises-nouvelle-version-meilleure-autonomie\/","og_site_name":"CBS Electro","og_image":[{"width":700,"height":700,"url":"https:\/\/cbs-electro.com\/wp-content\/uploads\/2023\/12\/a-345.jpg","type":"image\/jpeg"}],"twitter_card":"summary_large_image","schema":{"@context":"https:\/\/schema.org","@graph":[{"@type":"WebPage","@id":"https:\/\/cbs-electro.com\/index.php\/produit\/console-nintendo-switch-avec-une-paire-de-joy-con-grises-nouvelle-version-meilleure-autonomie\/","url":"https:\/\/cbs-electro.com\/index.php\/produit\/console-nintendo-switch-avec-une-paire-de-joy-con-grises-nouvelle-version-meilleure-autonomie\/","name":"Console Nintendo Switch avec une paire de Joy-Con grises : Nouvelle version, Meilleure autonomie - CBS Electro","isPartOf":{"@id":"https:\/\/www.cbs-electro.com\/#website"},"primaryImageOfPage":{"@id":"https:\/\/cbs-electro.com\/index.php\/produit\/console-nintendo-switch-avec-une-paire-de-joy-con-grises-nouvelle-version-meilleure-autonomie\/#primaryimage"},"image":{"@id":"https:\/\/cbs-electro.com\/index.php\/produit\/console-nintendo-switch-avec-une-paire-de-joy-con-grises-nouvelle-version-meilleure-autonomie\/#primaryimage"},"thumbnailUrl":"https:\/\/cbs-electro.com\/wp-content\/uploads\/2023\/12\/a-345.jpg","datePublished":"2023-12-05T03:58:53+00:00","breadcrumb":{"@id":"https:\/\/cbs-electro.com\/index.php\/produit\/console-nintendo-switch-avec-une-paire-de-joy-con-grises-nouvelle-version-meilleure-autonomie\/#breadcrumb"},"inLanguage":"fr-FR","potentialAction":[{"@type":"ReadAction","target":["https:\/\/cbs-electro.com\/index.php\/produit\/console-nintendo-switch-avec-une-paire-de-joy-con-grises-nouvelle-version-meilleure-autonomie\/"]}]},{"@type":"ImageObject","inLanguage":"fr-FR","@id":"https:\/\/cbs-electro.com\/index.php\/produit\/console-nintendo-switch-avec-une-paire-de-joy-con-grises-nouvelle-version-meilleure-autonomie\/#primaryimage","url":"https:\/\/cbs-electro.com\/wp-content\/uploads\/2023\/12\/a-345.jpg","contentUrl":"https:\/\/cbs-electro.com\/wp-content\/uploads\/2023\/12\/a-345.jpg","width":700,"height":700},{"@type":"BreadcrumbList","@id":"https:\/\/cbs-electro.com\/index.php\/produit\/console-nintendo-switch-avec-une-paire-de-joy-con-grises-nouvelle-version-meilleure-autonomie\/#breadcrumb","itemListElement":[{"@type":"ListItem","position":1,"name":"Accueil","item":"https:\/\/www.cbs-electro.com\/"},{"@type":"ListItem","position":2,"name":"Boutique","item":"https:\/\/www.cbs-electro.com\/index.php\/boutique\/"},{"@type":"ListItem","position":3,"name":"Console Nintendo Switch avec une paire de Joy-Con grises : Nouvelle version, Meilleure autonomie"}]},{"@type":"WebSite","@id":"https:\/\/www.cbs-electro.com\/#website","url":"https:\/\/www.cbs-electro.com\/","name":"CBS Electro","description":"Vente des produits neufs - Informatique, Smartphones, livres, jeux vid\u00e9o, photos, jouets et \u00e9lectrom\u00e9nager","potentialAction":[{"@type":"SearchAction","target":{"@type":"EntryPoint","urlTemplate":"https:\/\/www.cbs-electro.com\/?s={search_term_string}"},"query-input":{"@type":"PropertyValueSpecification","valueRequired":true,"valueName":"search_term_string"}}],"inLanguage":"fr-FR"}]}},"_links":{"self":[{"href":"https:\/\/cbs-electro.com\/index.php\/wp-json\/wp\/v2\/product\/17158","targetHints":{"allow":["GET"]}}],"collection":[{"href":"https:\/\/cbs-electro.com\/index.php\/wp-json\/wp\/v2\/product"}],"about":[{"href":"https:\/\/cbs-electro.com\/index.php\/wp-json\/wp\/v2\/types\/product"}],"version-history":[{"count":1,"href":"https:\/\/cbs-electro.com\/index.php\/wp-json\/wp\/v2\/product\/17158\/revisions"}],"predecessor-version":[{"id":17172,"href":"https:\/\/cbs-electro.com\/index.php\/wp-json\/wp\/v2\/product\/17158\/revisions\/17172"}],"wp:featuredmedia":[{"embeddable":true,"href":"https:\/\/cbs-electro.com\/index.php\/wp-json\/wp\/v2\/media\/17171"}],"wp:attachment":[{"href":"https:\/\/cbs-electro.com\/index.php\/wp-json\/wp\/v2\/media?parent=17158"}],"wp:term":[{"taxonomy":"product_brand","embeddable":true,"href":"https:\/\/cbs-electro.com\/index.php\/wp-json\/wp\/v2\/product_brand?post=17158"},{"taxonomy":"product_cat","embeddable":true,"href":"https:\/\/cbs-electro.com\/index.php\/wp-json\/wp\/v2\/product_cat?post=17158"},{"taxonomy":"product_tag","embeddable":true,"href":"https:\/\/cbs-electro.com\/index.php\/wp-json\/wp\/v2\/product_tag?post=17158"}],"curies":[{"name":"wp","href":"https:\/\/api.w.org\/{rel}","templated":true}]}}