{"id":17155,"date":"2023-12-05T04:47:57","date_gmt":"2023-12-05T03:47:57","guid":{"rendered":"https:\/?post_type=product&#038;p=17155"},"modified":"2025-03-11T18:49:46","modified_gmt":"2025-03-11T17:49:46","slug":"nintendo-2ds-xl-blanche-et-orange","status":"publish","type":"product","link":"https:\/\/cbs-electro.com\/index.php\/produit\/nintendo-2ds-xl-blanche-et-orange\/","title":{"rendered":"Nintendo 2DS XL Blanche et Orange"},"content":{"rendered":"<table class=\"fpDescTb fpDescTbPub\">\n<tbody>\n<tr>\n<td>Cat\u00e9gorie de produit<\/td>\n<td>Console portable<\/td>\n<\/tr>\n<tr>\n<td>Plateforme<\/td>\n<td>New 2DS XL<\/td>\n<\/tr>\n<tr>\n<td>Edition<\/td>\n<td>Standard<\/td>\n<\/tr>\n<tr>\n<td>Plus produit<\/td>\n<td>La New Nintendo 2DS XL est compatible avec tous les jeux Nintendo 3DS en 2D !<\/p>\n<p>Avec un large \u00e9cran de 4,88 pouces et un poids de seulement 260 grammes, un nouveau type de Nintendo 2DS est n\u00e9.<\/td>\n<\/tr>\n<tr>\n<td>Couleur principale<\/td>\n<td>Blanc<\/td>\n<\/tr>\n<tr>\n<td>Date de sortie march\u00e9<\/td>\n<td>Juillet 2017<\/td>\n<\/tr>\n<tr>\n<td>Date de sortie march\u00e9<\/td>\n<td>28 Juillet 2017<\/td>\n<\/tr>\n<tr>\n<td>Mod\u00e8le<\/td>\n<td>Blanc et orange<\/td>\n<\/tr>\n<tr>\n<th colspan=\"2\">Configuration<\/th>\n<\/tr>\n<tr>\n<td>Capacit\u00e9 de stockage<\/td>\n<td>4 Go<\/td>\n<\/tr>\n<\/tbody>\n<\/table>\n","protected":false},"excerpt":{"rendered":"<p>Console New Nintendo 2DS XL Blanche et Orange \u2013 Pack contenant la console + un stylet + 6 Cartes RA + une carte m\u00e9moire micro SDHC 4Go + un bloc d\u2019alimentation \/\/ La New Nintendo 2DS XL est compatible avec tous les jeux Nintendo 3DS en 2D !<\/p>\n","protected":false},"featured_media":17156,"template":"","meta":[],"product_brand":[],"product_cat":[70,71],"product_tag":[],"class_list":{"0":"post-17155","1":"product","2":"type-product","3":"status-publish","4":"has-post-thumbnail","6":"product_cat-consoles-jeux-videos","7":"product_cat-nintendo-switch","9":"first","10":"instock","11":"taxable","12":"shipping-taxable","13":"purchasable","14":"product-type-simple"},"yoast_head":"<!-- This site is optimized with the Yoast SEO plugin v24.8.1 - https:\/\/yoast.com\/wordpress\/plugins\/seo\/ -->\n<title>Nintendo 2DS XL Blanche et Orange - CBS Electro<\/title>\n<meta name=\"robots\" content=\"index, follow, max-snippet:-1, max-image-preview:large, max-video-preview:-1\" \/>\n<link rel=\"canonical\" href=\"https:\/\/cbs-electro.com\/index.php\/produit\/nintendo-2ds-xl-blanche-et-orange\/\" \/>\n<meta property=\"og:locale\" content=\"fr_FR\" \/>\n<meta property=\"og:type\" content=\"article\" \/>\n<meta property=\"og:title\" content=\"Nintendo 2DS XL Blanche et Orange - CBS Electro\" \/>\n<meta property=\"og:description\" content=\"Console New Nintendo 2DS XL Blanche et Orange \u2013 Pack contenant la console + un stylet + 6 Cartes RA + une carte m\u00e9moire micro SDHC 4Go + un bloc d\u2019alimentation \/\/ La New Nintendo 2DS XL est compatible avec tous les jeux Nintendo 3DS en 2D !\" \/>\n<meta property=\"og:url\" content=\"https:\/\/cbs-electro.com\/index.php\/produit\/nintendo-2ds-xl-blanche-et-orange\/\" \/>\n<meta property=\"og:site_name\" content=\"CBS Electro\" \/>\n<meta property=\"article:modified_time\" content=\"2025-03-11T17:49:46+00:00\" \/>\n<meta property=\"og:image\" content=\"https:\/\/cbs-electro.com\/wp-content\/uploads\/2023\/12\/new-nintendo-2ds-xl-blanche-et-orange.jpg\" \/>\n\t<meta property=\"og:image:width\" content=\"700\" \/>\n\t<meta property=\"og:image:height\" content=\"700\" \/>\n\t<meta property=\"og:image:type\" content=\"image\/jpeg\" \/>\n<meta name=\"twitter:card\" content=\"summary_large_image\" \/>\n<script type=\"application\/ld+json\" class=\"yoast-schema-graph\">{\"@context\":\"https:\/\/schema.org\",\"@graph\":[{\"@type\":\"WebPage\",\"@id\":\"https:\/\/cbs-electro.com\/index.php\/produit\/nintendo-2ds-xl-blanche-et-orange\/\",\"url\":\"https:\/\/cbs-electro.com\/index.php\/produit\/nintendo-2ds-xl-blanche-et-orange\/\",\"name\":\"Nintendo 2DS XL Blanche et Orange - CBS Electro\",\"isPartOf\":{\"@id\":\"https:\/\/www.cbs-electro.com\/#website\"},\"primaryImageOfPage\":{\"@id\":\"https:\/\/cbs-electro.com\/index.php\/produit\/nintendo-2ds-xl-blanche-et-orange\/#primaryimage\"},\"image\":{\"@id\":\"https:\/\/cbs-electro.com\/index.php\/produit\/nintendo-2ds-xl-blanche-et-orange\/#primaryimage\"},\"thumbnailUrl\":\"https:\/\/cbs-electro.com\/wp-content\/uploads\/2023\/12\/new-nintendo-2ds-xl-blanche-et-orange.jpg\",\"datePublished\":\"2023-12-05T03:47:57+00:00\",\"dateModified\":\"2025-03-11T17:49:46+00:00\",\"breadcrumb\":{\"@id\":\"https:\/\/cbs-electro.com\/index.php\/produit\/nintendo-2ds-xl-blanche-et-orange\/#breadcrumb\"},\"inLanguage\":\"fr-FR\",\"potentialAction\":[{\"@type\":\"ReadAction\",\"target\":[\"https:\/\/cbs-electro.com\/index.php\/produit\/nintendo-2ds-xl-blanche-et-orange\/\"]}]},{\"@type\":\"ImageObject\",\"inLanguage\":\"fr-FR\",\"@id\":\"https:\/\/cbs-electro.com\/index.php\/produit\/nintendo-2ds-xl-blanche-et-orange\/#primaryimage\",\"url\":\"https:\/\/cbs-electro.com\/wp-content\/uploads\/2023\/12\/new-nintendo-2ds-xl-blanche-et-orange.jpg\",\"contentUrl\":\"https:\/\/cbs-electro.com\/wp-content\/uploads\/2023\/12\/new-nintendo-2ds-xl-blanche-et-orange.jpg\",\"width\":700,\"height\":700},{\"@type\":\"BreadcrumbList\",\"@id\":\"https:\/\/cbs-electro.com\/index.php\/produit\/nintendo-2ds-xl-blanche-et-orange\/#breadcrumb\",\"itemListElement\":[{\"@type\":\"ListItem\",\"position\":1,\"name\":\"Accueil\",\"item\":\"https:\/\/www.cbs-electro.com\/\"},{\"@type\":\"ListItem\",\"position\":2,\"name\":\"Boutique\",\"item\":\"https:\/\/www.cbs-electro.com\/index.php\/boutique\/\"},{\"@type\":\"ListItem\",\"position\":3,\"name\":\"Nintendo 2DS XL Blanche et Orange\"}]},{\"@type\":\"WebSite\",\"@id\":\"https:\/\/www.cbs-electro.com\/#website\",\"url\":\"https:\/\/www.cbs-electro.com\/\",\"name\":\"CBS Electro\",\"description\":\"Vente des produits neufs - Informatique, Smartphones, livres, jeux vid\u00e9o, photos, jouets et \u00e9lectrom\u00e9nager\",\"potentialAction\":[{\"@type\":\"SearchAction\",\"target\":{\"@type\":\"EntryPoint\",\"urlTemplate\":\"https:\/\/www.cbs-electro.com\/?s={search_term_string}\"},\"query-input\":{\"@type\":\"PropertyValueSpecification\",\"valueRequired\":true,\"valueName\":\"search_term_string\"}}],\"inLanguage\":\"fr-FR\"}]}<\/script>\n<!-- \/ Yoast SEO plugin. -->","yoast_head_json":{"title":"Nintendo 2DS XL Blanche et Orange - CBS Electro","robots":{"index":"index","follow":"follow","max-snippet":"max-snippet:-1","max-image-preview":"max-image-preview:large","max-video-preview":"max-video-preview:-1"},"canonical":"https:\/\/cbs-electro.com\/index.php\/produit\/nintendo-2ds-xl-blanche-et-orange\/","og_locale":"fr_FR","og_type":"article","og_title":"Nintendo 2DS XL Blanche et Orange - CBS Electro","og_description":"Console New Nintendo 2DS XL Blanche et Orange \u2013 Pack contenant la console + un stylet + 6 Cartes RA + une carte m\u00e9moire micro SDHC 4Go + un bloc d\u2019alimentation \/\/ La New Nintendo 2DS XL est compatible avec tous les jeux Nintendo 3DS en 2D !","og_url":"https:\/\/cbs-electro.com\/index.php\/produit\/nintendo-2ds-xl-blanche-et-orange\/","og_site_name":"CBS Electro","article_modified_time":"2025-03-11T17:49:46+00:00","og_image":[{"width":700,"height":700,"url":"https:\/\/cbs-electro.com\/wp-content\/uploads\/2023\/12\/new-nintendo-2ds-xl-blanche-et-orange.jpg","type":"image\/jpeg"}],"twitter_card":"summary_large_image","schema":{"@context":"https:\/\/schema.org","@graph":[{"@type":"WebPage","@id":"https:\/\/cbs-electro.com\/index.php\/produit\/nintendo-2ds-xl-blanche-et-orange\/","url":"https:\/\/cbs-electro.com\/index.php\/produit\/nintendo-2ds-xl-blanche-et-orange\/","name":"Nintendo 2DS XL Blanche et Orange - CBS Electro","isPartOf":{"@id":"https:\/\/www.cbs-electro.com\/#website"},"primaryImageOfPage":{"@id":"https:\/\/cbs-electro.com\/index.php\/produit\/nintendo-2ds-xl-blanche-et-orange\/#primaryimage"},"image":{"@id":"https:\/\/cbs-electro.com\/index.php\/produit\/nintendo-2ds-xl-blanche-et-orange\/#primaryimage"},"thumbnailUrl":"https:\/\/cbs-electro.com\/wp-content\/uploads\/2023\/12\/new-nintendo-2ds-xl-blanche-et-orange.jpg","datePublished":"2023-12-05T03:47:57+00:00","dateModified":"2025-03-11T17:49:46+00:00","breadcrumb":{"@id":"https:\/\/cbs-electro.com\/index.php\/produit\/nintendo-2ds-xl-blanche-et-orange\/#breadcrumb"},"inLanguage":"fr-FR","potentialAction":[{"@type":"ReadAction","target":["https:\/\/cbs-electro.com\/index.php\/produit\/nintendo-2ds-xl-blanche-et-orange\/"]}]},{"@type":"ImageObject","inLanguage":"fr-FR","@id":"https:\/\/cbs-electro.com\/index.php\/produit\/nintendo-2ds-xl-blanche-et-orange\/#primaryimage","url":"https:\/\/cbs-electro.com\/wp-content\/uploads\/2023\/12\/new-nintendo-2ds-xl-blanche-et-orange.jpg","contentUrl":"https:\/\/cbs-electro.com\/wp-content\/uploads\/2023\/12\/new-nintendo-2ds-xl-blanche-et-orange.jpg","width":700,"height":700},{"@type":"BreadcrumbList","@id":"https:\/\/cbs-electro.com\/index.php\/produit\/nintendo-2ds-xl-blanche-et-orange\/#breadcrumb","itemListElement":[{"@type":"ListItem","position":1,"name":"Accueil","item":"https:\/\/www.cbs-electro.com\/"},{"@type":"ListItem","position":2,"name":"Boutique","item":"https:\/\/www.cbs-electro.com\/index.php\/boutique\/"},{"@type":"ListItem","position":3,"name":"Nintendo 2DS XL Blanche et Orange"}]},{"@type":"WebSite","@id":"https:\/\/www.cbs-electro.com\/#website","url":"https:\/\/www.cbs-electro.com\/","name":"CBS Electro","description":"Vente des produits neufs - Informatique, Smartphones, livres, jeux vid\u00e9o, photos, jouets et \u00e9lectrom\u00e9nager","potentialAction":[{"@type":"SearchAction","target":{"@type":"EntryPoint","urlTemplate":"https:\/\/www.cbs-electro.com\/?s={search_term_string}"},"query-input":{"@type":"PropertyValueSpecification","valueRequired":true,"valueName":"search_term_string"}}],"inLanguage":"fr-FR"}]}},"_links":{"self":[{"href":"https:\/\/cbs-electro.com\/index.php\/wp-json\/wp\/v2\/product\/17155","targetHints":{"allow":["GET"]}}],"collection":[{"href":"https:\/\/cbs-electro.com\/index.php\/wp-json\/wp\/v2\/product"}],"about":[{"href":"https:\/\/cbs-electro.com\/index.php\/wp-json\/wp\/v2\/types\/product"}],"version-history":[{"count":2,"href":"https:\/\/cbs-electro.com\/index.php\/wp-json\/wp\/v2\/product\/17155\/revisions"}],"predecessor-version":[{"id":17398,"href":"https:\/\/cbs-electro.com\/index.php\/wp-json\/wp\/v2\/product\/17155\/revisions\/17398"}],"wp:featuredmedia":[{"embeddable":true,"href":"https:\/\/cbs-electro.com\/index.php\/wp-json\/wp\/v2\/media\/17156"}],"wp:attachment":[{"href":"https:\/\/cbs-electro.com\/index.php\/wp-json\/wp\/v2\/media?parent=17155"}],"wp:term":[{"taxonomy":"product_brand","embeddable":true,"href":"https:\/\/cbs-electro.com\/index.php\/wp-json\/wp\/v2\/product_brand?post=17155"},{"taxonomy":"product_cat","embeddable":true,"href":"https:\/\/cbs-electro.com\/index.php\/wp-json\/wp\/v2\/product_cat?post=17155"},{"taxonomy":"product_tag","embeddable":true,"href":"https:\/\/cbs-electro.com\/index.php\/wp-json\/wp\/v2\/product_tag?post=17155"}],"curies":[{"name":"wp","href":"https:\/\/api.w.org\/{rel}","templated":true}]}}