{"id":17131,"date":"2023-12-04T14:22:54","date_gmt":"2023-12-04T13:22:54","guid":{"rendered":"https:\/?post_type=product&#038;p=17131"},"modified":"2025-03-11T18:51:21","modified_gmt":"2025-03-11T17:51:21","slug":"robot-cuiseur-kenwood-connecte-cookeasy-ccl50-a0cp","status":"publish","type":"product","link":"https:\/\/cbs-electro.com\/index.php\/produit\/robot-cuiseur-kenwood-connecte-cookeasy-ccl50-a0cp\/","title":{"rendered":"Robot cuiseur KENWOOD CONNECT\u00c9 COOKEASY+ CCL50.A0CP"},"content":{"rendered":"<table class=\"font-2\">\n<tbody>\n<tr class=\"odd\">\n<th scope=\"row\">Fonctionnalit\u00e9s robot de cuisine \/ blender<\/th>\n<td class=\"font-2-b\">\n<ul class=\"characteristics\" data-switch=\"\">\n<li class=\"\">Minuterie<\/li>\n<li class=\"\">Touche m\u00e9lange d\u00e9licat<\/li>\n<li class=\"\">Arr\u00eat automatique<\/li>\n<\/ul>\n<\/td>\n<\/tr>\n<tr class=\"\">\n<th scope=\"row\">Nombre de fonctions<\/th>\n<td class=\"font-2-b\">\n<ul class=\"characteristics\" data-switch=\"\">\n<li class=\"\">15<\/li>\n<\/ul>\n<\/td>\n<\/tr>\n<tr class=\"odd\">\n<th scope=\"row\">Connect\u00e9<\/th>\n<td class=\"font-2-b\">\n<ul class=\"characteristics\" data-switch=\"\">\n<li class=\"\">Oui<\/li>\n<\/ul>\n<\/td>\n<\/tr>\n<tr class=\"\">\n<th scope=\"row\">Capacit\u00e9 du bol<\/th>\n<td class=\"font-2-b\">\n<ul class=\"characteristics\" data-switch=\"\">\n<li class=\"\">4,5 l<\/li>\n<\/ul>\n<\/td>\n<\/tr>\n<tr class=\"odd\">\n<th scope=\"row\">Nature du bol<\/th>\n<td class=\"font-2-b\">\n<ul class=\"characteristics\" data-switch=\"\">\n<li class=\"\">Acier inoxydable<\/li>\n<\/ul>\n<\/td>\n<\/tr>\n<tr class=\"\">\n<th scope=\"row\">Capacit\u00e9<\/th>\n<td class=\"font-2-b\">\n<ul class=\"characteristics\" data-switch=\"\">\n<li class=\"\">jusqu\u2019\u00e0 10 personnes<\/li>\n<\/ul>\n<\/td>\n<\/tr>\n<tr class=\"odd\">\n<th scope=\"row\">Capacit\u00e9 utile<\/th>\n<td class=\"font-2-b\">\n<ul class=\"characteristics\" data-switch=\"\">\n<li class=\"\">3 l<\/li>\n<\/ul>\n<\/td>\n<\/tr>\n<tr class=\"\">\n<th scope=\"row\">Mati\u00e8re principale<\/th>\n<td class=\"font-2-b\">\n<ul class=\"characteristics\" data-switch=\"\">\n<li class=\"\">Plastique<\/li>\n<\/ul>\n<\/td>\n<\/tr>\n<tr class=\"odd\">\n<th scope=\"row\">Puissance<\/th>\n<td class=\"font-2-b\">\n<ul class=\"characteristics\" data-switch=\"\">\n<li class=\"\">1500 W<\/li>\n<\/ul>\n<\/td>\n<\/tr>\n<tr class=\"\">\n<th scope=\"row\">Livre de recettes<\/th>\n<td class=\"font-2-b\">\n<ul class=\"characteristics\" data-switch=\"\">\n<li class=\"\">Oui<\/li>\n<\/ul>\n<\/td>\n<\/tr>\n<tr class=\"odd\">\n<th scope=\"row\">Gamme robot de cuisine<\/th>\n<td class=\"font-2-b\">\n<ul class=\"characteristics\" data-switch=\"\">\n<li class=\"\">CookEasy+<\/li>\n<\/ul>\n<\/td>\n<\/tr>\n<tr class=\"\">\n<th scope=\"row\">Recettes pr\u00e9programm\u00e9es<\/th>\n<td class=\"font-2-b\">\n<ul class=\"characteristics\" data-switch=\"\">\n<li class=\"\">8 programmes en une \u00e9tape<\/li>\n<\/ul>\n<\/td>\n<\/tr>\n<tr class=\"odd\">\n<th scope=\"row\">Nettoyage robot de cuisine<\/th>\n<td class=\"font-2-b\">\n<ul class=\"characteristics\" data-switch=\"\">\n<li class=\"\">Lave-Vaisselle<\/li>\n<\/ul>\n<\/td>\n<\/tr>\n<tr class=\"\">\n<th scope=\"row\">Affichage<\/th>\n<td class=\"font-2-b\">\n<ul class=\"characteristics\" data-switch=\"\">\n<li class=\"\">ecran Tactile couleur intuitif<\/li>\n<\/ul>\n<\/td>\n<\/tr>\n<tr class=\"odd\">\n<th scope=\"row\">Type de moteur<\/th>\n<td class=\"font-2-b\">\n<ul class=\"characteristics\" data-switch=\"\">\n<li class=\"\">universel<\/li>\n<\/ul>\n<\/td>\n<\/tr>\n<tr class=\"\">\n<th scope=\"row\">Couteaux<\/th>\n<td class=\"font-2-b\">\n<ul class=\"characteristics\" data-switch=\"\">\n<li class=\"\">acier inoxydable<\/li>\n<\/ul>\n<\/td>\n<\/tr>\n<tr class=\"odd\">\n<th scope=\"row\">Mode de cuisson<\/th>\n<td class=\"font-2-b\">\n<ul class=\"characteristics\" data-switch=\"\">\n<li>\n<ul class=\"characteristics\" data-switch=\"\">\n<li class=\"\">Maintien au chaud<\/li>\n<li class=\"\">Cuisson vapeur<\/li>\n<li class=\"\">Cuisson basse temp\u00e9rature<\/li>\n<li class=\"\">Cuire<\/li>\n<li class=\"\">Rissoler<\/li>\n<\/ul>\n<\/li>\n<\/ul>\n<\/td>\n<\/tr>\n<tr class=\"\">\n<th scope=\"row\">Temp\u00e9rature maximale<\/th>\n<td class=\"font-2-b\">\n<ul class=\"characteristics\" data-switch=\"\">\n<li class=\"\">180 \u00b0C<\/li>\n<\/ul>\n<\/td>\n<\/tr>\n<tr class=\"odd\">\n<th scope=\"row\">Temp\u00e9rature minimale<\/th>\n<td class=\"font-2-b\">\n<ul class=\"characteristics\" data-switch=\"\">\n<li class=\"\">30 \u00b0C<\/li>\n<\/ul>\n<\/td>\n<\/tr>\n<tr class=\"\">\n<th scope=\"row\">Nombre de vitesses<\/th>\n<td class=\"font-2-b\">\n<ul class=\"characteristics\" data-switch=\"\">\n<li class=\"\">12<\/li>\n<\/ul>\n<\/td>\n<\/tr>\n<tr class=\"odd\">\n<th scope=\"row\">Accessoires fournis<\/th>\n<td class=\"font-2-b\">\n<ul class=\"characteristics\" data-switch=\"\">\n<li class=\"\">5 outils pour le bol Couteau, m\u00e9langeur, \u00e9mulsionneur et adaptateur fond plat. Cuiseur vapeur capacit\u00e9 XXL Une balance de cuisine int\u00e9gr\u00e9e.<\/li>\n<\/ul>\n<\/td>\n<\/tr>\n<tr class=\"\">\n<th scope=\"row\">Couleur<\/th>\n<td class=\"font-2-b\">\n<ul class=\"characteristics\" data-switch=\"\">\n<li class=\"\">champagne<\/li>\n<\/ul>\n<\/td>\n<\/tr>\n<tr class=\"odd\">\n<th scope=\"row\">Poids<\/th>\n<td class=\"font-2-b\">\n<ul class=\"characteristics\" data-switch=\"\">\n<li class=\"\">8,6 kg<\/li>\n<\/ul>\n<\/td>\n<\/tr>\n<tr class=\"\">\n<th scope=\"row\">Hauteur du produit<\/th>\n<td class=\"font-2-b\">\n<ul class=\"characteristics\" data-switch=\"\">\n<li class=\"\">46 cm<\/li>\n<\/ul>\n<\/td>\n<\/tr>\n<tr class=\"odd\">\n<th scope=\"row\"><\/th>\n<td class=\"font-2-b\">\n<ul class=\"characteristics\" data-switch=\"\">\n<li class=\"\"><\/li>\n<\/ul>\n<\/td>\n<\/tr>\n<tr class=\"\">\n<th scope=\"row\">Temp\u00e9rature (\u00b0C)<\/th>\n<td class=\"font-2-b\">\n<ul class=\"characteristics\" data-switch=\"\">\n<li class=\"\">180<\/li>\n<\/ul>\n<\/td>\n<\/tr>\n<tr class=\"odd\">\n<th scope=\"row\">Fonctions robot de cuisine \/ blender<\/th>\n<td class=\"font-2-b\">\n<ul class=\"characteristics\" data-switch=\"\">\n<li>\n<ul class=\"characteristics\" data-switch=\"\">\n<li class=\"\">Cuire<\/li>\n<li class=\"\">Concasser<\/li>\n<li class=\"\">Blender Chauffant<\/li>\n<li class=\"\">Smoothie<\/li>\n<li class=\"\">R\u00e2per<\/li>\n<\/ul>\n<\/li>\n<\/ul>\n<\/td>\n<\/tr>\n<tr class=\"\">\n<th scope=\"row\">Disponibilit\u00e9 des pi\u00e8ces d\u00e9tach\u00e9es<\/th>\n<td class=\"font-2-b\">\n<ul class=\"characteristics\" data-switch=\"\">\n<li class=\"\">OUI<\/li>\n<\/ul>\n<\/td>\n<\/tr>\n<\/tbody>\n<\/table>\n","protected":false},"excerpt":{"rendered":"<p class=\"product_section_title font-2-b\">Les points forts :<\/p>\n<ul class=\"product_details_items font-2-l\">\n<li class=\"product_details_item\">Ecran couleur tactile 10,9 cm \u2013 balance int\u00e9gr\u00e9, cuisson pas \u00e0 pas et d\u00e9coupe-l\u00e9gumes ind\u00e9pendant<\/li>\n<li class=\"product_details_item\">Bol en inox de 4,5 L \u2013 Cuiseur vapeur XXL \u2013 5 disques pour r\u00e2per et \u00e9mincer<\/li>\n<li class=\"product_details_item\">Puissance : moteur 550 W \u2013 cuisson : 1500 W<\/li>\n<li class=\"product_details_item\">8 programmes \u2013 12 vitesses dont 3 intermittentes<\/li>\n<\/ul>\n","protected":false},"featured_media":17135,"template":"","meta":[],"product_brand":[],"product_cat":[81,140],"product_tag":[],"class_list":{"0":"post-17131","1":"product","2":"type-product","3":"status-publish","4":"has-post-thumbnail","6":"product_cat-gros-electromenagers","7":"product_cat-robot-cuiseur","9":"first","10":"instock","11":"taxable","12":"shipping-taxable","13":"purchasable","14":"product-type-simple"},"yoast_head":"<!-- This site is optimized with the Yoast SEO plugin v24.8.1 - https:\/\/yoast.com\/wordpress\/plugins\/seo\/ -->\n<title>Robot cuiseur KENWOOD CONNECT\u00c9 COOKEASY+ CCL50.A0CP - CBS Electro<\/title>\n<meta name=\"robots\" content=\"index, follow, max-snippet:-1, max-image-preview:large, max-video-preview:-1\" \/>\n<link rel=\"canonical\" href=\"https:\/\/cbs-electro.com\/index.php\/produit\/robot-cuiseur-kenwood-connecte-cookeasy-ccl50-a0cp\/\" \/>\n<meta property=\"og:locale\" content=\"fr_FR\" \/>\n<meta property=\"og:type\" content=\"article\" \/>\n<meta property=\"og:title\" content=\"Robot cuiseur KENWOOD CONNECT\u00c9 COOKEASY+ CCL50.A0CP - CBS Electro\" \/>\n<meta property=\"og:description\" content=\"Les points forts :    Ecran couleur tactile 10,9 cm \u2013 balance int\u00e9gr\u00e9, cuisson pas \u00e0 pas et d\u00e9coupe-l\u00e9gumes ind\u00e9pendant  Bol en inox de 4,5 L \u2013 Cuiseur vapeur XXL \u2013 5 disques pour r\u00e2per et \u00e9mincer  Puissance : moteur 550 W \u2013 cuisson : 1500 W  8 programmes \u2013 12 vitesses dont 3 intermittentes\" \/>\n<meta property=\"og:url\" content=\"https:\/\/cbs-electro.com\/index.php\/produit\/robot-cuiseur-kenwood-connecte-cookeasy-ccl50-a0cp\/\" \/>\n<meta property=\"og:site_name\" content=\"CBS Electro\" \/>\n<meta property=\"article:modified_time\" content=\"2025-03-11T17:51:21+00:00\" \/>\n<meta property=\"og:image\" content=\"https:\/\/cbs-electro.com\/wp-content\/uploads\/2023\/12\/b-376.jpg\" \/>\n\t<meta property=\"og:image:width\" content=\"1355\" \/>\n\t<meta property=\"og:image:height\" content=\"900\" \/>\n\t<meta property=\"og:image:type\" content=\"image\/jpeg\" \/>\n<meta name=\"twitter:card\" content=\"summary_large_image\" \/>\n<meta name=\"twitter:label1\" content=\"Dur\u00e9e de lecture estim\u00e9e\" \/>\n\t<meta name=\"twitter:data1\" content=\"1 minute\" \/>\n<script type=\"application\/ld+json\" class=\"yoast-schema-graph\">{\"@context\":\"https:\/\/schema.org\",\"@graph\":[{\"@type\":\"WebPage\",\"@id\":\"https:\/\/cbs-electro.com\/index.php\/produit\/robot-cuiseur-kenwood-connecte-cookeasy-ccl50-a0cp\/\",\"url\":\"https:\/\/cbs-electro.com\/index.php\/produit\/robot-cuiseur-kenwood-connecte-cookeasy-ccl50-a0cp\/\",\"name\":\"Robot cuiseur KENWOOD CONNECT\u00c9 COOKEASY+ CCL50.A0CP - CBS Electro\",\"isPartOf\":{\"@id\":\"https:\/\/www.cbs-electro.com\/#website\"},\"primaryImageOfPage\":{\"@id\":\"https:\/\/cbs-electro.com\/index.php\/produit\/robot-cuiseur-kenwood-connecte-cookeasy-ccl50-a0cp\/#primaryimage\"},\"image\":{\"@id\":\"https:\/\/cbs-electro.com\/index.php\/produit\/robot-cuiseur-kenwood-connecte-cookeasy-ccl50-a0cp\/#primaryimage\"},\"thumbnailUrl\":\"https:\/\/cbs-electro.com\/wp-content\/uploads\/2023\/12\/b-376.jpg\",\"datePublished\":\"2023-12-04T13:22:54+00:00\",\"dateModified\":\"2025-03-11T17:51:21+00:00\",\"breadcrumb\":{\"@id\":\"https:\/\/cbs-electro.com\/index.php\/produit\/robot-cuiseur-kenwood-connecte-cookeasy-ccl50-a0cp\/#breadcrumb\"},\"inLanguage\":\"fr-FR\",\"potentialAction\":[{\"@type\":\"ReadAction\",\"target\":[\"https:\/\/cbs-electro.com\/index.php\/produit\/robot-cuiseur-kenwood-connecte-cookeasy-ccl50-a0cp\/\"]}]},{\"@type\":\"ImageObject\",\"inLanguage\":\"fr-FR\",\"@id\":\"https:\/\/cbs-electro.com\/index.php\/produit\/robot-cuiseur-kenwood-connecte-cookeasy-ccl50-a0cp\/#primaryimage\",\"url\":\"https:\/\/cbs-electro.com\/wp-content\/uploads\/2023\/12\/b-376.jpg\",\"contentUrl\":\"https:\/\/cbs-electro.com\/wp-content\/uploads\/2023\/12\/b-376.jpg\",\"width\":1355,\"height\":900},{\"@type\":\"BreadcrumbList\",\"@id\":\"https:\/\/cbs-electro.com\/index.php\/produit\/robot-cuiseur-kenwood-connecte-cookeasy-ccl50-a0cp\/#breadcrumb\",\"itemListElement\":[{\"@type\":\"ListItem\",\"position\":1,\"name\":\"Accueil\",\"item\":\"https:\/\/www.cbs-electro.com\/\"},{\"@type\":\"ListItem\",\"position\":2,\"name\":\"Boutique\",\"item\":\"https:\/\/www.cbs-electro.com\/index.php\/boutique\/\"},{\"@type\":\"ListItem\",\"position\":3,\"name\":\"Robot cuiseur KENWOOD CONNECT\u00c9 COOKEASY+ CCL50.A0CP\"}]},{\"@type\":\"WebSite\",\"@id\":\"https:\/\/www.cbs-electro.com\/#website\",\"url\":\"https:\/\/www.cbs-electro.com\/\",\"name\":\"CBS Electro\",\"description\":\"Vente des produits neufs - Informatique, Smartphones, livres, jeux vid\u00e9o, photos, jouets et \u00e9lectrom\u00e9nager\",\"potentialAction\":[{\"@type\":\"SearchAction\",\"target\":{\"@type\":\"EntryPoint\",\"urlTemplate\":\"https:\/\/www.cbs-electro.com\/?s={search_term_string}\"},\"query-input\":{\"@type\":\"PropertyValueSpecification\",\"valueRequired\":true,\"valueName\":\"search_term_string\"}}],\"inLanguage\":\"fr-FR\"}]}<\/script>\n<!-- \/ Yoast SEO plugin. -->","yoast_head_json":{"title":"Robot cuiseur KENWOOD CONNECT\u00c9 COOKEASY+ CCL50.A0CP - CBS Electro","robots":{"index":"index","follow":"follow","max-snippet":"max-snippet:-1","max-image-preview":"max-image-preview:large","max-video-preview":"max-video-preview:-1"},"canonical":"https:\/\/cbs-electro.com\/index.php\/produit\/robot-cuiseur-kenwood-connecte-cookeasy-ccl50-a0cp\/","og_locale":"fr_FR","og_type":"article","og_title":"Robot cuiseur KENWOOD CONNECT\u00c9 COOKEASY+ CCL50.A0CP - CBS Electro","og_description":"Les points forts :    Ecran couleur tactile 10,9 cm \u2013 balance int\u00e9gr\u00e9, cuisson pas \u00e0 pas et d\u00e9coupe-l\u00e9gumes ind\u00e9pendant  Bol en inox de 4,5 L \u2013 Cuiseur vapeur XXL \u2013 5 disques pour r\u00e2per et \u00e9mincer  Puissance : moteur 550 W \u2013 cuisson : 1500 W  8 programmes \u2013 12 vitesses dont 3 intermittentes","og_url":"https:\/\/cbs-electro.com\/index.php\/produit\/robot-cuiseur-kenwood-connecte-cookeasy-ccl50-a0cp\/","og_site_name":"CBS Electro","article_modified_time":"2025-03-11T17:51:21+00:00","og_image":[{"width":1355,"height":900,"url":"https:\/\/cbs-electro.com\/wp-content\/uploads\/2023\/12\/b-376.jpg","type":"image\/jpeg"}],"twitter_card":"summary_large_image","twitter_misc":{"Dur\u00e9e de lecture estim\u00e9e":"1 minute"},"schema":{"@context":"https:\/\/schema.org","@graph":[{"@type":"WebPage","@id":"https:\/\/cbs-electro.com\/index.php\/produit\/robot-cuiseur-kenwood-connecte-cookeasy-ccl50-a0cp\/","url":"https:\/\/cbs-electro.com\/index.php\/produit\/robot-cuiseur-kenwood-connecte-cookeasy-ccl50-a0cp\/","name":"Robot cuiseur KENWOOD CONNECT\u00c9 COOKEASY+ CCL50.A0CP - CBS Electro","isPartOf":{"@id":"https:\/\/www.cbs-electro.com\/#website"},"primaryImageOfPage":{"@id":"https:\/\/cbs-electro.com\/index.php\/produit\/robot-cuiseur-kenwood-connecte-cookeasy-ccl50-a0cp\/#primaryimage"},"image":{"@id":"https:\/\/cbs-electro.com\/index.php\/produit\/robot-cuiseur-kenwood-connecte-cookeasy-ccl50-a0cp\/#primaryimage"},"thumbnailUrl":"https:\/\/cbs-electro.com\/wp-content\/uploads\/2023\/12\/b-376.jpg","datePublished":"2023-12-04T13:22:54+00:00","dateModified":"2025-03-11T17:51:21+00:00","breadcrumb":{"@id":"https:\/\/cbs-electro.com\/index.php\/produit\/robot-cuiseur-kenwood-connecte-cookeasy-ccl50-a0cp\/#breadcrumb"},"inLanguage":"fr-FR","potentialAction":[{"@type":"ReadAction","target":["https:\/\/cbs-electro.com\/index.php\/produit\/robot-cuiseur-kenwood-connecte-cookeasy-ccl50-a0cp\/"]}]},{"@type":"ImageObject","inLanguage":"fr-FR","@id":"https:\/\/cbs-electro.com\/index.php\/produit\/robot-cuiseur-kenwood-connecte-cookeasy-ccl50-a0cp\/#primaryimage","url":"https:\/\/cbs-electro.com\/wp-content\/uploads\/2023\/12\/b-376.jpg","contentUrl":"https:\/\/cbs-electro.com\/wp-content\/uploads\/2023\/12\/b-376.jpg","width":1355,"height":900},{"@type":"BreadcrumbList","@id":"https:\/\/cbs-electro.com\/index.php\/produit\/robot-cuiseur-kenwood-connecte-cookeasy-ccl50-a0cp\/#breadcrumb","itemListElement":[{"@type":"ListItem","position":1,"name":"Accueil","item":"https:\/\/www.cbs-electro.com\/"},{"@type":"ListItem","position":2,"name":"Boutique","item":"https:\/\/www.cbs-electro.com\/index.php\/boutique\/"},{"@type":"ListItem","position":3,"name":"Robot cuiseur KENWOOD CONNECT\u00c9 COOKEASY+ CCL50.A0CP"}]},{"@type":"WebSite","@id":"https:\/\/www.cbs-electro.com\/#website","url":"https:\/\/www.cbs-electro.com\/","name":"CBS Electro","description":"Vente des produits neufs - Informatique, Smartphones, livres, jeux vid\u00e9o, photos, jouets et \u00e9lectrom\u00e9nager","potentialAction":[{"@type":"SearchAction","target":{"@type":"EntryPoint","urlTemplate":"https:\/\/www.cbs-electro.com\/?s={search_term_string}"},"query-input":{"@type":"PropertyValueSpecification","valueRequired":true,"valueName":"search_term_string"}}],"inLanguage":"fr-FR"}]}},"_links":{"self":[{"href":"https:\/\/cbs-electro.com\/index.php\/wp-json\/wp\/v2\/product\/17131","targetHints":{"allow":["GET"]}}],"collection":[{"href":"https:\/\/cbs-electro.com\/index.php\/wp-json\/wp\/v2\/product"}],"about":[{"href":"https:\/\/cbs-electro.com\/index.php\/wp-json\/wp\/v2\/types\/product"}],"version-history":[{"count":1,"href":"https:\/\/cbs-electro.com\/index.php\/wp-json\/wp\/v2\/product\/17131\/revisions"}],"predecessor-version":[{"id":17137,"href":"https:\/\/cbs-electro.com\/index.php\/wp-json\/wp\/v2\/product\/17131\/revisions\/17137"}],"wp:featuredmedia":[{"embeddable":true,"href":"https:\/\/cbs-electro.com\/index.php\/wp-json\/wp\/v2\/media\/17135"}],"wp:attachment":[{"href":"https:\/\/cbs-electro.com\/index.php\/wp-json\/wp\/v2\/media?parent=17131"}],"wp:term":[{"taxonomy":"product_brand","embeddable":true,"href":"https:\/\/cbs-electro.com\/index.php\/wp-json\/wp\/v2\/product_brand?post=17131"},{"taxonomy":"product_cat","embeddable":true,"href":"https:\/\/cbs-electro.com\/index.php\/wp-json\/wp\/v2\/product_cat?post=17131"},{"taxonomy":"product_tag","embeddable":true,"href":"https:\/\/cbs-electro.com\/index.php\/wp-json\/wp\/v2\/product_tag?post=17131"}],"curies":[{"name":"wp","href":"https:\/\/api.w.org\/{rel}","templated":true}]}}