{"id":17102,"date":"2023-12-04T14:07:27","date_gmt":"2023-12-04T13:07:27","guid":{"rendered":"https:\/?post_type=product&#038;p=17102"},"modified":"2025-03-11T19:13:15","modified_gmt":"2025-03-11T18:13:15","slug":"samsung-galaxy-s23-5g-vert-128-go-8-go","status":"publish","type":"product","link":"https:\/\/cbs-electro.com\/index.php\/produit\/samsung-galaxy-s23-5g-vert-128-go-8-go\/","title":{"rendered":"Samsung Galaxy S23 5G (Vert) &#8211; 128 Go &#8211; 8 Go"},"content":{"rendered":"<p class=\"mb-4 d-none d-md-block text-justify\">Le smartphone Samsung Galaxy S23 offre des photos et vid\u00e9os \u00e0 couper le souffle avec une gestion de la basse lumi\u00e8re \u00e9blouissante. Son design novateur et avant-gardiste va vous en mettre plein les yeux. Le processeur Qualcomm Snapdragon 8 Gen 2 fournit quant \u00e0 lui des performances incroyables, il est aliment\u00e9 par une batterie de 3900 mAh.<\/p>\n<div class=\"product-variants\">\n<div class=\"row\">\n<div class=\"col-12\"><\/div>\n<\/div>\n<\/div>\n","protected":false},"excerpt":{"rendered":"<div class=\"col-12 col-md-9\">\n<h2 class=\"c-product__specs\">Galaxy S23, vert, 128 Go, 6,1 pouces, Android 13<\/h2>\n<\/div>\n<div class=\"d-none d-md-block col-md-3\"><\/div>\n","protected":false},"featured_media":17106,"template":"","meta":[],"product_brand":[],"product_cat":[239,100],"product_tag":[],"class_list":{"0":"post-17102","1":"product","2":"type-product","3":"status-publish","4":"has-post-thumbnail","6":"product_cat-samsung","7":"product_cat-telephones","9":"first","10":"instock","11":"taxable","12":"shipping-taxable","13":"purchasable","14":"product-type-simple"},"yoast_head":"<!-- This site is optimized with the Yoast SEO plugin v24.8.1 - https:\/\/yoast.com\/wordpress\/plugins\/seo\/ -->\n<title>Samsung Galaxy S23 5G (Vert) - 128 Go - 8 Go - CBS Electro<\/title>\n<meta name=\"robots\" content=\"index, follow, max-snippet:-1, max-image-preview:large, max-video-preview:-1\" \/>\n<link rel=\"canonical\" href=\"https:\/\/www.cbs-electro.com\/index.php\/produit\/samsung-galaxy-s23-5g-vert-128-go-8-go\/\" \/>\n<meta property=\"og:locale\" content=\"fr_FR\" \/>\n<meta property=\"og:type\" content=\"article\" \/>\n<meta property=\"og:title\" content=\"Samsung Galaxy S23 5G (Vert) - 128 Go - 8 Go - CBS Electro\" \/>\n<meta property=\"og:description\" content=\"Galaxy S23, vert, 128 Go, 6,1 pouces, Android 13\" \/>\n<meta property=\"og:url\" content=\"https:\/\/www.cbs-electro.com\/index.php\/produit\/samsung-galaxy-s23-5g-vert-128-go-8-go\/\" \/>\n<meta property=\"og:site_name\" content=\"CBS Electro\" \/>\n<meta property=\"article:modified_time\" content=\"2025-03-11T18:13:15+00:00\" \/>\n<meta property=\"og:image\" content=\"https:\/\/www.cbs-electro.com\/wp-content\/uploads\/2023\/12\/MN0006010645.jpg\" \/>\n\t<meta property=\"og:image:width\" content=\"550\" \/>\n\t<meta property=\"og:image:height\" content=\"550\" \/>\n\t<meta property=\"og:image:type\" content=\"image\/jpeg\" \/>\n<meta name=\"twitter:card\" content=\"summary_large_image\" \/>\n<script type=\"application\/ld+json\" class=\"yoast-schema-graph\">{\"@context\":\"https:\/\/schema.org\",\"@graph\":[{\"@type\":\"WebPage\",\"@id\":\"https:\/\/www.cbs-electro.com\/index.php\/produit\/samsung-galaxy-s23-5g-vert-128-go-8-go\/\",\"url\":\"https:\/\/www.cbs-electro.com\/index.php\/produit\/samsung-galaxy-s23-5g-vert-128-go-8-go\/\",\"name\":\"Samsung Galaxy S23 5G (Vert) - 128 Go - 8 Go - CBS Electro\",\"isPartOf\":{\"@id\":\"https:\/\/www.cbs-electro.com\/#website\"},\"primaryImageOfPage\":{\"@id\":\"https:\/\/www.cbs-electro.com\/index.php\/produit\/samsung-galaxy-s23-5g-vert-128-go-8-go\/#primaryimage\"},\"image\":{\"@id\":\"https:\/\/www.cbs-electro.com\/index.php\/produit\/samsung-galaxy-s23-5g-vert-128-go-8-go\/#primaryimage\"},\"thumbnailUrl\":\"https:\/\/cbs-electro.com\/wp-content\/uploads\/2023\/12\/MN0006010645.jpg\",\"datePublished\":\"2023-12-04T13:07:27+00:00\",\"dateModified\":\"2025-03-11T18:13:15+00:00\",\"breadcrumb\":{\"@id\":\"https:\/\/www.cbs-electro.com\/index.php\/produit\/samsung-galaxy-s23-5g-vert-128-go-8-go\/#breadcrumb\"},\"inLanguage\":\"fr-FR\",\"potentialAction\":[{\"@type\":\"ReadAction\",\"target\":[\"https:\/\/www.cbs-electro.com\/index.php\/produit\/samsung-galaxy-s23-5g-vert-128-go-8-go\/\"]}]},{\"@type\":\"ImageObject\",\"inLanguage\":\"fr-FR\",\"@id\":\"https:\/\/www.cbs-electro.com\/index.php\/produit\/samsung-galaxy-s23-5g-vert-128-go-8-go\/#primaryimage\",\"url\":\"https:\/\/cbs-electro.com\/wp-content\/uploads\/2023\/12\/MN0006010645.jpg\",\"contentUrl\":\"https:\/\/cbs-electro.com\/wp-content\/uploads\/2023\/12\/MN0006010645.jpg\",\"width\":550,\"height\":550},{\"@type\":\"BreadcrumbList\",\"@id\":\"https:\/\/www.cbs-electro.com\/index.php\/produit\/samsung-galaxy-s23-5g-vert-128-go-8-go\/#breadcrumb\",\"itemListElement\":[{\"@type\":\"ListItem\",\"position\":1,\"name\":\"Accueil\",\"item\":\"https:\/\/www.cbs-electro.com\/\"},{\"@type\":\"ListItem\",\"position\":2,\"name\":\"Boutique\",\"item\":\"https:\/\/www.cbs-electro.com\/index.php\/boutique\/\"},{\"@type\":\"ListItem\",\"position\":3,\"name\":\"Samsung Galaxy S23 5G (Vert) &#8211; 128 Go &#8211; 8 Go\"}]},{\"@type\":\"WebSite\",\"@id\":\"https:\/\/www.cbs-electro.com\/#website\",\"url\":\"https:\/\/www.cbs-electro.com\/\",\"name\":\"CBS Electro\",\"description\":\"Vente des produits neufs - Informatique, Smartphones, livres, jeux vid\u00e9o, photos, jouets et \u00e9lectrom\u00e9nager\",\"potentialAction\":[{\"@type\":\"SearchAction\",\"target\":{\"@type\":\"EntryPoint\",\"urlTemplate\":\"https:\/\/www.cbs-electro.com\/?s={search_term_string}\"},\"query-input\":{\"@type\":\"PropertyValueSpecification\",\"valueRequired\":true,\"valueName\":\"search_term_string\"}}],\"inLanguage\":\"fr-FR\"}]}<\/script>\n<!-- \/ Yoast SEO plugin. -->","yoast_head_json":{"title":"Samsung Galaxy S23 5G (Vert) - 128 Go - 8 Go - CBS Electro","robots":{"index":"index","follow":"follow","max-snippet":"max-snippet:-1","max-image-preview":"max-image-preview:large","max-video-preview":"max-video-preview:-1"},"canonical":"https:\/\/www.cbs-electro.com\/index.php\/produit\/samsung-galaxy-s23-5g-vert-128-go-8-go\/","og_locale":"fr_FR","og_type":"article","og_title":"Samsung Galaxy S23 5G (Vert) - 128 Go - 8 Go - CBS Electro","og_description":"Galaxy S23, vert, 128 Go, 6,1 pouces, Android 13","og_url":"https:\/\/www.cbs-electro.com\/index.php\/produit\/samsung-galaxy-s23-5g-vert-128-go-8-go\/","og_site_name":"CBS Electro","article_modified_time":"2025-03-11T18:13:15+00:00","og_image":[{"width":550,"height":550,"url":"https:\/\/www.cbs-electro.com\/wp-content\/uploads\/2023\/12\/MN0006010645.jpg","type":"image\/jpeg"}],"twitter_card":"summary_large_image","schema":{"@context":"https:\/\/schema.org","@graph":[{"@type":"WebPage","@id":"https:\/\/www.cbs-electro.com\/index.php\/produit\/samsung-galaxy-s23-5g-vert-128-go-8-go\/","url":"https:\/\/www.cbs-electro.com\/index.php\/produit\/samsung-galaxy-s23-5g-vert-128-go-8-go\/","name":"Samsung Galaxy S23 5G (Vert) - 128 Go - 8 Go - CBS Electro","isPartOf":{"@id":"https:\/\/www.cbs-electro.com\/#website"},"primaryImageOfPage":{"@id":"https:\/\/www.cbs-electro.com\/index.php\/produit\/samsung-galaxy-s23-5g-vert-128-go-8-go\/#primaryimage"},"image":{"@id":"https:\/\/www.cbs-electro.com\/index.php\/produit\/samsung-galaxy-s23-5g-vert-128-go-8-go\/#primaryimage"},"thumbnailUrl":"https:\/\/cbs-electro.com\/wp-content\/uploads\/2023\/12\/MN0006010645.jpg","datePublished":"2023-12-04T13:07:27+00:00","dateModified":"2025-03-11T18:13:15+00:00","breadcrumb":{"@id":"https:\/\/www.cbs-electro.com\/index.php\/produit\/samsung-galaxy-s23-5g-vert-128-go-8-go\/#breadcrumb"},"inLanguage":"fr-FR","potentialAction":[{"@type":"ReadAction","target":["https:\/\/www.cbs-electro.com\/index.php\/produit\/samsung-galaxy-s23-5g-vert-128-go-8-go\/"]}]},{"@type":"ImageObject","inLanguage":"fr-FR","@id":"https:\/\/www.cbs-electro.com\/index.php\/produit\/samsung-galaxy-s23-5g-vert-128-go-8-go\/#primaryimage","url":"https:\/\/cbs-electro.com\/wp-content\/uploads\/2023\/12\/MN0006010645.jpg","contentUrl":"https:\/\/cbs-electro.com\/wp-content\/uploads\/2023\/12\/MN0006010645.jpg","width":550,"height":550},{"@type":"BreadcrumbList","@id":"https:\/\/www.cbs-electro.com\/index.php\/produit\/samsung-galaxy-s23-5g-vert-128-go-8-go\/#breadcrumb","itemListElement":[{"@type":"ListItem","position":1,"name":"Accueil","item":"https:\/\/www.cbs-electro.com\/"},{"@type":"ListItem","position":2,"name":"Boutique","item":"https:\/\/www.cbs-electro.com\/index.php\/boutique\/"},{"@type":"ListItem","position":3,"name":"Samsung Galaxy S23 5G (Vert) &#8211; 128 Go &#8211; 8 Go"}]},{"@type":"WebSite","@id":"https:\/\/www.cbs-electro.com\/#website","url":"https:\/\/www.cbs-electro.com\/","name":"CBS Electro","description":"Vente des produits neufs - Informatique, Smartphones, livres, jeux vid\u00e9o, photos, jouets et \u00e9lectrom\u00e9nager","potentialAction":[{"@type":"SearchAction","target":{"@type":"EntryPoint","urlTemplate":"https:\/\/www.cbs-electro.com\/?s={search_term_string}"},"query-input":{"@type":"PropertyValueSpecification","valueRequired":true,"valueName":"search_term_string"}}],"inLanguage":"fr-FR"}]}},"_links":{"self":[{"href":"https:\/\/cbs-electro.com\/index.php\/wp-json\/wp\/v2\/product\/17102","targetHints":{"allow":["GET"]}}],"collection":[{"href":"https:\/\/cbs-electro.com\/index.php\/wp-json\/wp\/v2\/product"}],"about":[{"href":"https:\/\/cbs-electro.com\/index.php\/wp-json\/wp\/v2\/types\/product"}],"version-history":[{"count":1,"href":"https:\/\/cbs-electro.com\/index.php\/wp-json\/wp\/v2\/product\/17102\/revisions"}],"predecessor-version":[{"id":17107,"href":"https:\/\/cbs-electro.com\/index.php\/wp-json\/wp\/v2\/product\/17102\/revisions\/17107"}],"wp:featuredmedia":[{"embeddable":true,"href":"https:\/\/cbs-electro.com\/index.php\/wp-json\/wp\/v2\/media\/17106"}],"wp:attachment":[{"href":"https:\/\/cbs-electro.com\/index.php\/wp-json\/wp\/v2\/media?parent=17102"}],"wp:term":[{"taxonomy":"product_brand","embeddable":true,"href":"https:\/\/cbs-electro.com\/index.php\/wp-json\/wp\/v2\/product_brand?post=17102"},{"taxonomy":"product_cat","embeddable":true,"href":"https:\/\/cbs-electro.com\/index.php\/wp-json\/wp\/v2\/product_cat?post=17102"},{"taxonomy":"product_tag","embeddable":true,"href":"https:\/\/cbs-electro.com\/index.php\/wp-json\/wp\/v2\/product_tag?post=17102"}],"curies":[{"name":"wp","href":"https:\/\/api.w.org\/{rel}","templated":true}]}}