{"id":17067,"date":"2023-12-04T13:51:09","date_gmt":"2023-12-04T12:51:09","guid":{"rendered":"https:\/?post_type=product&#038;p=17067"},"modified":"2025-03-12T15:28:55","modified_gmt":"2025-03-12T14:28:55","slug":"samsung-galaxy-a14-5g-argent-64-go-4-go","status":"publish","type":"product","link":"https:\/\/cbs-electro.com\/index.php\/produit\/samsung-galaxy-a14-5g-argent-64-go-4-go\/","title":{"rendered":"Samsung Galaxy A14 5G (Argent) &#8211; 64 Go &#8211; 4 Go"},"content":{"rendered":"<p class=\"mb-4 d-none d-md-block text-justify\">Le Samsung Galaxy A14 est un smartphone \u00e9quip\u00e9 d&rsquo;un grand \u00e9cran panoramique et tr\u00e8s fluide de 6,6 pouces offrant la r\u00e9solution Full HD+. Il permet de capturer tous les sujets sous tous les angles avec son triple capteur photo de 50 m\u00e9gapixels pour des photos riches et d\u00e9taill\u00e9es. La batterie de 5000 mAh vous assure d&rsquo;une autonomie longue dur\u00e9e et la charge rapide 15W permet de le recharger rapidement.<\/p>\n<div class=\"product-variants\">\n<div class=\"row\">\n<div class=\"col-12\"><\/div>\n<\/div>\n<\/div>\n","protected":false},"excerpt":{"rendered":"<div class=\"col-12 col-md-9\">\n<h2 class=\"c-product__specs\">Galaxy A14 5G, noir, 128 Go, 6,6 pouces, Android 13<\/h2>\n<\/div>\n<div class=\"d-none d-md-block col-md-3\"><\/div>\n","protected":false},"featured_media":17071,"template":"","meta":[],"product_brand":[],"product_cat":[239,100],"product_tag":[],"class_list":{"0":"post-17067","1":"product","2":"type-product","3":"status-publish","4":"has-post-thumbnail","6":"product_cat-samsung","7":"product_cat-telephones","9":"first","10":"instock","11":"taxable","12":"shipping-taxable","13":"purchasable","14":"product-type-simple"},"yoast_head":"<!-- This site is optimized with the Yoast SEO plugin v24.8.1 - https:\/\/yoast.com\/wordpress\/plugins\/seo\/ -->\n<title>Samsung Galaxy A14 5G (Argent) - 64 Go - 4 Go - CBS Electro<\/title>\n<meta name=\"robots\" content=\"index, follow, max-snippet:-1, max-image-preview:large, max-video-preview:-1\" \/>\n<link rel=\"canonical\" href=\"https:\/\/cbs-electro.com\/index.php\/produit\/samsung-galaxy-a14-5g-argent-64-go-4-go\/\" \/>\n<meta property=\"og:locale\" content=\"fr_FR\" \/>\n<meta property=\"og:type\" content=\"article\" \/>\n<meta property=\"og:title\" content=\"Samsung Galaxy A14 5G (Argent) - 64 Go - 4 Go - CBS Electro\" \/>\n<meta property=\"og:description\" content=\"Galaxy A14 5G, noir, 128 Go, 6,6 pouces, Android 13\" \/>\n<meta property=\"og:url\" content=\"https:\/\/cbs-electro.com\/index.php\/produit\/samsung-galaxy-a14-5g-argent-64-go-4-go\/\" \/>\n<meta property=\"og:site_name\" content=\"CBS Electro\" \/>\n<meta property=\"article:modified_time\" content=\"2025-03-12T14:28:55+00:00\" \/>\n<meta property=\"og:image\" content=\"https:\/\/cbs-electro.com\/wp-content\/uploads\/2023\/12\/MN0006023497.jpg\" \/>\n\t<meta property=\"og:image:width\" content=\"550\" \/>\n\t<meta property=\"og:image:height\" content=\"550\" \/>\n\t<meta property=\"og:image:type\" content=\"image\/jpeg\" \/>\n<meta name=\"twitter:card\" content=\"summary_large_image\" \/>\n<script type=\"application\/ld+json\" class=\"yoast-schema-graph\">{\"@context\":\"https:\/\/schema.org\",\"@graph\":[{\"@type\":\"WebPage\",\"@id\":\"https:\/\/cbs-electro.com\/index.php\/produit\/samsung-galaxy-a14-5g-argent-64-go-4-go\/\",\"url\":\"https:\/\/cbs-electro.com\/index.php\/produit\/samsung-galaxy-a14-5g-argent-64-go-4-go\/\",\"name\":\"Samsung Galaxy A14 5G (Argent) - 64 Go - 4 Go - CBS Electro\",\"isPartOf\":{\"@id\":\"https:\/\/www.cbs-electro.com\/#website\"},\"primaryImageOfPage\":{\"@id\":\"https:\/\/cbs-electro.com\/index.php\/produit\/samsung-galaxy-a14-5g-argent-64-go-4-go\/#primaryimage\"},\"image\":{\"@id\":\"https:\/\/cbs-electro.com\/index.php\/produit\/samsung-galaxy-a14-5g-argent-64-go-4-go\/#primaryimage\"},\"thumbnailUrl\":\"https:\/\/cbs-electro.com\/wp-content\/uploads\/2023\/12\/MN0006023497.jpg\",\"datePublished\":\"2023-12-04T12:51:09+00:00\",\"dateModified\":\"2025-03-12T14:28:55+00:00\",\"breadcrumb\":{\"@id\":\"https:\/\/cbs-electro.com\/index.php\/produit\/samsung-galaxy-a14-5g-argent-64-go-4-go\/#breadcrumb\"},\"inLanguage\":\"fr-FR\",\"potentialAction\":[{\"@type\":\"ReadAction\",\"target\":[\"https:\/\/cbs-electro.com\/index.php\/produit\/samsung-galaxy-a14-5g-argent-64-go-4-go\/\"]}]},{\"@type\":\"ImageObject\",\"inLanguage\":\"fr-FR\",\"@id\":\"https:\/\/cbs-electro.com\/index.php\/produit\/samsung-galaxy-a14-5g-argent-64-go-4-go\/#primaryimage\",\"url\":\"https:\/\/cbs-electro.com\/wp-content\/uploads\/2023\/12\/MN0006023497.jpg\",\"contentUrl\":\"https:\/\/cbs-electro.com\/wp-content\/uploads\/2023\/12\/MN0006023497.jpg\",\"width\":550,\"height\":550},{\"@type\":\"BreadcrumbList\",\"@id\":\"https:\/\/cbs-electro.com\/index.php\/produit\/samsung-galaxy-a14-5g-argent-64-go-4-go\/#breadcrumb\",\"itemListElement\":[{\"@type\":\"ListItem\",\"position\":1,\"name\":\"Accueil\",\"item\":\"https:\/\/www.cbs-electro.com\/\"},{\"@type\":\"ListItem\",\"position\":2,\"name\":\"Boutique\",\"item\":\"https:\/\/www.cbs-electro.com\/index.php\/boutique\/\"},{\"@type\":\"ListItem\",\"position\":3,\"name\":\"Samsung Galaxy A14 5G (Argent) &#8211; 64 Go &#8211; 4 Go\"}]},{\"@type\":\"WebSite\",\"@id\":\"https:\/\/www.cbs-electro.com\/#website\",\"url\":\"https:\/\/www.cbs-electro.com\/\",\"name\":\"CBS Electro\",\"description\":\"Vente des produits neufs - Informatique, Smartphones, livres, jeux vid\u00e9o, photos, jouets et \u00e9lectrom\u00e9nager\",\"potentialAction\":[{\"@type\":\"SearchAction\",\"target\":{\"@type\":\"EntryPoint\",\"urlTemplate\":\"https:\/\/www.cbs-electro.com\/?s={search_term_string}\"},\"query-input\":{\"@type\":\"PropertyValueSpecification\",\"valueRequired\":true,\"valueName\":\"search_term_string\"}}],\"inLanguage\":\"fr-FR\"}]}<\/script>\n<!-- \/ Yoast SEO plugin. -->","yoast_head_json":{"title":"Samsung Galaxy A14 5G (Argent) - 64 Go - 4 Go - CBS Electro","robots":{"index":"index","follow":"follow","max-snippet":"max-snippet:-1","max-image-preview":"max-image-preview:large","max-video-preview":"max-video-preview:-1"},"canonical":"https:\/\/cbs-electro.com\/index.php\/produit\/samsung-galaxy-a14-5g-argent-64-go-4-go\/","og_locale":"fr_FR","og_type":"article","og_title":"Samsung Galaxy A14 5G (Argent) - 64 Go - 4 Go - CBS Electro","og_description":"Galaxy A14 5G, noir, 128 Go, 6,6 pouces, Android 13","og_url":"https:\/\/cbs-electro.com\/index.php\/produit\/samsung-galaxy-a14-5g-argent-64-go-4-go\/","og_site_name":"CBS Electro","article_modified_time":"2025-03-12T14:28:55+00:00","og_image":[{"width":550,"height":550,"url":"https:\/\/cbs-electro.com\/wp-content\/uploads\/2023\/12\/MN0006023497.jpg","type":"image\/jpeg"}],"twitter_card":"summary_large_image","schema":{"@context":"https:\/\/schema.org","@graph":[{"@type":"WebPage","@id":"https:\/\/cbs-electro.com\/index.php\/produit\/samsung-galaxy-a14-5g-argent-64-go-4-go\/","url":"https:\/\/cbs-electro.com\/index.php\/produit\/samsung-galaxy-a14-5g-argent-64-go-4-go\/","name":"Samsung Galaxy A14 5G (Argent) - 64 Go - 4 Go - CBS Electro","isPartOf":{"@id":"https:\/\/www.cbs-electro.com\/#website"},"primaryImageOfPage":{"@id":"https:\/\/cbs-electro.com\/index.php\/produit\/samsung-galaxy-a14-5g-argent-64-go-4-go\/#primaryimage"},"image":{"@id":"https:\/\/cbs-electro.com\/index.php\/produit\/samsung-galaxy-a14-5g-argent-64-go-4-go\/#primaryimage"},"thumbnailUrl":"https:\/\/cbs-electro.com\/wp-content\/uploads\/2023\/12\/MN0006023497.jpg","datePublished":"2023-12-04T12:51:09+00:00","dateModified":"2025-03-12T14:28:55+00:00","breadcrumb":{"@id":"https:\/\/cbs-electro.com\/index.php\/produit\/samsung-galaxy-a14-5g-argent-64-go-4-go\/#breadcrumb"},"inLanguage":"fr-FR","potentialAction":[{"@type":"ReadAction","target":["https:\/\/cbs-electro.com\/index.php\/produit\/samsung-galaxy-a14-5g-argent-64-go-4-go\/"]}]},{"@type":"ImageObject","inLanguage":"fr-FR","@id":"https:\/\/cbs-electro.com\/index.php\/produit\/samsung-galaxy-a14-5g-argent-64-go-4-go\/#primaryimage","url":"https:\/\/cbs-electro.com\/wp-content\/uploads\/2023\/12\/MN0006023497.jpg","contentUrl":"https:\/\/cbs-electro.com\/wp-content\/uploads\/2023\/12\/MN0006023497.jpg","width":550,"height":550},{"@type":"BreadcrumbList","@id":"https:\/\/cbs-electro.com\/index.php\/produit\/samsung-galaxy-a14-5g-argent-64-go-4-go\/#breadcrumb","itemListElement":[{"@type":"ListItem","position":1,"name":"Accueil","item":"https:\/\/www.cbs-electro.com\/"},{"@type":"ListItem","position":2,"name":"Boutique","item":"https:\/\/www.cbs-electro.com\/index.php\/boutique\/"},{"@type":"ListItem","position":3,"name":"Samsung Galaxy A14 5G (Argent) &#8211; 64 Go &#8211; 4 Go"}]},{"@type":"WebSite","@id":"https:\/\/www.cbs-electro.com\/#website","url":"https:\/\/www.cbs-electro.com\/","name":"CBS Electro","description":"Vente des produits neufs - Informatique, Smartphones, livres, jeux vid\u00e9o, photos, jouets et \u00e9lectrom\u00e9nager","potentialAction":[{"@type":"SearchAction","target":{"@type":"EntryPoint","urlTemplate":"https:\/\/www.cbs-electro.com\/?s={search_term_string}"},"query-input":{"@type":"PropertyValueSpecification","valueRequired":true,"valueName":"search_term_string"}}],"inLanguage":"fr-FR"}]}},"_links":{"self":[{"href":"https:\/\/cbs-electro.com\/index.php\/wp-json\/wp\/v2\/product\/17067","targetHints":{"allow":["GET"]}}],"collection":[{"href":"https:\/\/cbs-electro.com\/index.php\/wp-json\/wp\/v2\/product"}],"about":[{"href":"https:\/\/cbs-electro.com\/index.php\/wp-json\/wp\/v2\/types\/product"}],"version-history":[{"count":1,"href":"https:\/\/cbs-electro.com\/index.php\/wp-json\/wp\/v2\/product\/17067\/revisions"}],"predecessor-version":[{"id":17072,"href":"https:\/\/cbs-electro.com\/index.php\/wp-json\/wp\/v2\/product\/17067\/revisions\/17072"}],"wp:featuredmedia":[{"embeddable":true,"href":"https:\/\/cbs-electro.com\/index.php\/wp-json\/wp\/v2\/media\/17071"}],"wp:attachment":[{"href":"https:\/\/cbs-electro.com\/index.php\/wp-json\/wp\/v2\/media?parent=17067"}],"wp:term":[{"taxonomy":"product_brand","embeddable":true,"href":"https:\/\/cbs-electro.com\/index.php\/wp-json\/wp\/v2\/product_brand?post=17067"},{"taxonomy":"product_cat","embeddable":true,"href":"https:\/\/cbs-electro.com\/index.php\/wp-json\/wp\/v2\/product_cat?post=17067"},{"taxonomy":"product_tag","embeddable":true,"href":"https:\/\/cbs-electro.com\/index.php\/wp-json\/wp\/v2\/product_tag?post=17067"}],"curies":[{"name":"wp","href":"https:\/\/api.w.org\/{rel}","templated":true}]}}