{"id":17046,"date":"2023-12-04T13:27:28","date_gmt":"2023-12-04T12:27:28","guid":{"rendered":"https:\/?post_type=product&#038;p=17046"},"modified":"2025-03-12T15:32:59","modified_gmt":"2025-03-12T14:32:59","slug":"apple-iphone-14-pro-max-argent-256-go","status":"publish","type":"product","link":"https:\/\/cbs-electro.com\/index.php\/produit\/apple-iphone-14-pro-max-argent-256-go\/","title":{"rendered":"Apple iPhone 14 Pro Max (Argent) &#8211; 256 Go"},"content":{"rendered":"<p class=\"mb-4 d-none d-md-block text-justify\">iPhone 14 Pro Max. Avec un appareil photo principal de 48 Mpx pour capturer des d\u00e9tails \u00e9poustouflants. Dynamic Island et l&rsquo;\u00e9cran toujours activ\u00e9, qui offrent une toute nouvelle exp\u00e9rience sur iPhone. Un \u00e9cran jusqu&rsquo;\u00e0 deux fois plus lumineux en plein soleil. Et toute la puissance de la puce de smartphone ultime. Et D\u00e9tection des accidents, une nouvelle fonctionnalit\u00e9 de s\u00e9curit\u00e9 qui appelle les secours pour vous.<\/p>\n<div class=\"product-variants\">\n<div class=\"row\">\n<div class=\"col-12\"><\/div>\n<\/div>\n<\/div>\n","protected":false},"excerpt":{"rendered":"<div class=\"col-12 col-md-9\">\n<h2 class=\"c-product__specs\">iPhone 14 Pro Max, Argent, 256 Go, 6,7 pouces, iOS 16<\/h2>\n<\/div>\n<div class=\"d-none d-md-block col-md-3\"><\/div>\n","protected":false},"featured_media":17049,"template":"","meta":[],"product_brand":[],"product_cat":[220,100],"product_tag":[],"class_list":{"0":"post-17046","1":"product","2":"type-product","3":"status-publish","4":"has-post-thumbnail","6":"product_cat-apple","7":"product_cat-telephones","9":"first","10":"instock","11":"taxable","12":"shipping-taxable","13":"purchasable","14":"product-type-simple"},"yoast_head":"<!-- This site is optimized with the Yoast SEO plugin v24.8.1 - https:\/\/yoast.com\/wordpress\/plugins\/seo\/ -->\n<title>Apple iPhone 14 Pro Max (Argent) - 256 Go - CBS Electro<\/title>\n<meta name=\"robots\" content=\"index, follow, max-snippet:-1, max-image-preview:large, max-video-preview:-1\" \/>\n<link rel=\"canonical\" href=\"https:\/\/cbs-electro.com\/index.php\/produit\/apple-iphone-14-pro-max-argent-256-go\/\" \/>\n<meta property=\"og:locale\" content=\"fr_FR\" \/>\n<meta property=\"og:type\" content=\"article\" \/>\n<meta property=\"og:title\" content=\"Apple iPhone 14 Pro Max (Argent) - 256 Go - CBS Electro\" \/>\n<meta property=\"og:description\" content=\"iPhone 14 Pro Max, Argent, 256 Go, 6,7 pouces, iOS 16\" \/>\n<meta property=\"og:url\" content=\"https:\/\/cbs-electro.com\/index.php\/produit\/apple-iphone-14-pro-max-argent-256-go\/\" \/>\n<meta property=\"og:site_name\" content=\"CBS Electro\" \/>\n<meta property=\"article:modified_time\" content=\"2025-03-12T14:32:59+00:00\" \/>\n<meta property=\"og:image\" content=\"https:\/\/cbs-electro.com\/wp-content\/uploads\/2023\/12\/MN0005978375_0005978380.jpg\" \/>\n\t<meta property=\"og:image:width\" content=\"550\" \/>\n\t<meta property=\"og:image:height\" content=\"550\" \/>\n\t<meta property=\"og:image:type\" content=\"image\/jpeg\" \/>\n<meta name=\"twitter:card\" content=\"summary_large_image\" \/>\n<script type=\"application\/ld+json\" class=\"yoast-schema-graph\">{\"@context\":\"https:\/\/schema.org\",\"@graph\":[{\"@type\":\"WebPage\",\"@id\":\"https:\/\/cbs-electro.com\/index.php\/produit\/apple-iphone-14-pro-max-argent-256-go\/\",\"url\":\"https:\/\/cbs-electro.com\/index.php\/produit\/apple-iphone-14-pro-max-argent-256-go\/\",\"name\":\"Apple iPhone 14 Pro Max (Argent) - 256 Go - CBS Electro\",\"isPartOf\":{\"@id\":\"https:\/\/www.cbs-electro.com\/#website\"},\"primaryImageOfPage\":{\"@id\":\"https:\/\/cbs-electro.com\/index.php\/produit\/apple-iphone-14-pro-max-argent-256-go\/#primaryimage\"},\"image\":{\"@id\":\"https:\/\/cbs-electro.com\/index.php\/produit\/apple-iphone-14-pro-max-argent-256-go\/#primaryimage\"},\"thumbnailUrl\":\"https:\/\/cbs-electro.com\/wp-content\/uploads\/2023\/12\/MN0005978375_0005978380.jpg\",\"datePublished\":\"2023-12-04T12:27:28+00:00\",\"dateModified\":\"2025-03-12T14:32:59+00:00\",\"breadcrumb\":{\"@id\":\"https:\/\/cbs-electro.com\/index.php\/produit\/apple-iphone-14-pro-max-argent-256-go\/#breadcrumb\"},\"inLanguage\":\"fr-FR\",\"potentialAction\":[{\"@type\":\"ReadAction\",\"target\":[\"https:\/\/cbs-electro.com\/index.php\/produit\/apple-iphone-14-pro-max-argent-256-go\/\"]}]},{\"@type\":\"ImageObject\",\"inLanguage\":\"fr-FR\",\"@id\":\"https:\/\/cbs-electro.com\/index.php\/produit\/apple-iphone-14-pro-max-argent-256-go\/#primaryimage\",\"url\":\"https:\/\/cbs-electro.com\/wp-content\/uploads\/2023\/12\/MN0005978375_0005978380.jpg\",\"contentUrl\":\"https:\/\/cbs-electro.com\/wp-content\/uploads\/2023\/12\/MN0005978375_0005978380.jpg\",\"width\":550,\"height\":550},{\"@type\":\"BreadcrumbList\",\"@id\":\"https:\/\/cbs-electro.com\/index.php\/produit\/apple-iphone-14-pro-max-argent-256-go\/#breadcrumb\",\"itemListElement\":[{\"@type\":\"ListItem\",\"position\":1,\"name\":\"Accueil\",\"item\":\"https:\/\/www.cbs-electro.com\/\"},{\"@type\":\"ListItem\",\"position\":2,\"name\":\"Boutique\",\"item\":\"https:\/\/www.cbs-electro.com\/index.php\/boutique\/\"},{\"@type\":\"ListItem\",\"position\":3,\"name\":\"Apple iPhone 14 Pro Max (Argent) &#8211; 256 Go\"}]},{\"@type\":\"WebSite\",\"@id\":\"https:\/\/www.cbs-electro.com\/#website\",\"url\":\"https:\/\/www.cbs-electro.com\/\",\"name\":\"CBS Electro\",\"description\":\"Vente des produits neufs - Informatique, Smartphones, livres, jeux vid\u00e9o, photos, jouets et \u00e9lectrom\u00e9nager\",\"potentialAction\":[{\"@type\":\"SearchAction\",\"target\":{\"@type\":\"EntryPoint\",\"urlTemplate\":\"https:\/\/www.cbs-electro.com\/?s={search_term_string}\"},\"query-input\":{\"@type\":\"PropertyValueSpecification\",\"valueRequired\":true,\"valueName\":\"search_term_string\"}}],\"inLanguage\":\"fr-FR\"}]}<\/script>\n<!-- \/ Yoast SEO plugin. -->","yoast_head_json":{"title":"Apple iPhone 14 Pro Max (Argent) - 256 Go - CBS Electro","robots":{"index":"index","follow":"follow","max-snippet":"max-snippet:-1","max-image-preview":"max-image-preview:large","max-video-preview":"max-video-preview:-1"},"canonical":"https:\/\/cbs-electro.com\/index.php\/produit\/apple-iphone-14-pro-max-argent-256-go\/","og_locale":"fr_FR","og_type":"article","og_title":"Apple iPhone 14 Pro Max (Argent) - 256 Go - CBS Electro","og_description":"iPhone 14 Pro Max, Argent, 256 Go, 6,7 pouces, iOS 16","og_url":"https:\/\/cbs-electro.com\/index.php\/produit\/apple-iphone-14-pro-max-argent-256-go\/","og_site_name":"CBS Electro","article_modified_time":"2025-03-12T14:32:59+00:00","og_image":[{"width":550,"height":550,"url":"https:\/\/cbs-electro.com\/wp-content\/uploads\/2023\/12\/MN0005978375_0005978380.jpg","type":"image\/jpeg"}],"twitter_card":"summary_large_image","schema":{"@context":"https:\/\/schema.org","@graph":[{"@type":"WebPage","@id":"https:\/\/cbs-electro.com\/index.php\/produit\/apple-iphone-14-pro-max-argent-256-go\/","url":"https:\/\/cbs-electro.com\/index.php\/produit\/apple-iphone-14-pro-max-argent-256-go\/","name":"Apple iPhone 14 Pro Max (Argent) - 256 Go - CBS Electro","isPartOf":{"@id":"https:\/\/www.cbs-electro.com\/#website"},"primaryImageOfPage":{"@id":"https:\/\/cbs-electro.com\/index.php\/produit\/apple-iphone-14-pro-max-argent-256-go\/#primaryimage"},"image":{"@id":"https:\/\/cbs-electro.com\/index.php\/produit\/apple-iphone-14-pro-max-argent-256-go\/#primaryimage"},"thumbnailUrl":"https:\/\/cbs-electro.com\/wp-content\/uploads\/2023\/12\/MN0005978375_0005978380.jpg","datePublished":"2023-12-04T12:27:28+00:00","dateModified":"2025-03-12T14:32:59+00:00","breadcrumb":{"@id":"https:\/\/cbs-electro.com\/index.php\/produit\/apple-iphone-14-pro-max-argent-256-go\/#breadcrumb"},"inLanguage":"fr-FR","potentialAction":[{"@type":"ReadAction","target":["https:\/\/cbs-electro.com\/index.php\/produit\/apple-iphone-14-pro-max-argent-256-go\/"]}]},{"@type":"ImageObject","inLanguage":"fr-FR","@id":"https:\/\/cbs-electro.com\/index.php\/produit\/apple-iphone-14-pro-max-argent-256-go\/#primaryimage","url":"https:\/\/cbs-electro.com\/wp-content\/uploads\/2023\/12\/MN0005978375_0005978380.jpg","contentUrl":"https:\/\/cbs-electro.com\/wp-content\/uploads\/2023\/12\/MN0005978375_0005978380.jpg","width":550,"height":550},{"@type":"BreadcrumbList","@id":"https:\/\/cbs-electro.com\/index.php\/produit\/apple-iphone-14-pro-max-argent-256-go\/#breadcrumb","itemListElement":[{"@type":"ListItem","position":1,"name":"Accueil","item":"https:\/\/www.cbs-electro.com\/"},{"@type":"ListItem","position":2,"name":"Boutique","item":"https:\/\/www.cbs-electro.com\/index.php\/boutique\/"},{"@type":"ListItem","position":3,"name":"Apple iPhone 14 Pro Max (Argent) &#8211; 256 Go"}]},{"@type":"WebSite","@id":"https:\/\/www.cbs-electro.com\/#website","url":"https:\/\/www.cbs-electro.com\/","name":"CBS Electro","description":"Vente des produits neufs - Informatique, Smartphones, livres, jeux vid\u00e9o, photos, jouets et \u00e9lectrom\u00e9nager","potentialAction":[{"@type":"SearchAction","target":{"@type":"EntryPoint","urlTemplate":"https:\/\/www.cbs-electro.com\/?s={search_term_string}"},"query-input":{"@type":"PropertyValueSpecification","valueRequired":true,"valueName":"search_term_string"}}],"inLanguage":"fr-FR"}]}},"_links":{"self":[{"href":"https:\/\/cbs-electro.com\/index.php\/wp-json\/wp\/v2\/product\/17046","targetHints":{"allow":["GET"]}}],"collection":[{"href":"https:\/\/cbs-electro.com\/index.php\/wp-json\/wp\/v2\/product"}],"about":[{"href":"https:\/\/cbs-electro.com\/index.php\/wp-json\/wp\/v2\/types\/product"}],"version-history":[{"count":1,"href":"https:\/\/cbs-electro.com\/index.php\/wp-json\/wp\/v2\/product\/17046\/revisions"}],"predecessor-version":[{"id":17050,"href":"https:\/\/cbs-electro.com\/index.php\/wp-json\/wp\/v2\/product\/17046\/revisions\/17050"}],"wp:featuredmedia":[{"embeddable":true,"href":"https:\/\/cbs-electro.com\/index.php\/wp-json\/wp\/v2\/media\/17049"}],"wp:attachment":[{"href":"https:\/\/cbs-electro.com\/index.php\/wp-json\/wp\/v2\/media?parent=17046"}],"wp:term":[{"taxonomy":"product_brand","embeddable":true,"href":"https:\/\/cbs-electro.com\/index.php\/wp-json\/wp\/v2\/product_brand?post=17046"},{"taxonomy":"product_cat","embeddable":true,"href":"https:\/\/cbs-electro.com\/index.php\/wp-json\/wp\/v2\/product_cat?post=17046"},{"taxonomy":"product_tag","embeddable":true,"href":"https:\/\/cbs-electro.com\/index.php\/wp-json\/wp\/v2\/product_tag?post=17046"}],"curies":[{"name":"wp","href":"https:\/\/api.w.org\/{rel}","templated":true}]}}