{"id":16928,"date":"2023-12-03T22:18:47","date_gmt":"2023-12-03T21:18:47","guid":{"rendered":"https:\/?post_type=product&#038;p=16928"},"modified":"2025-03-12T15:42:18","modified_gmt":"2025-03-12T14:42:18","slug":"dji-mini-2-se-fly-more-combo","status":"publish","type":"product","link":"https:\/\/cbs-electro.com\/index.php\/produit\/dji-mini-2-se-fly-more-combo\/","title":{"rendered":"DJI Mini 2 SE Fly More Combo"},"content":{"rendered":"<p class=\"mb-4 d-none d-md-block text-justify\">Le drone DJI Mini 2 SE Fly More Combo a de quoi vous surprendre avec son format compact. Il b\u00e9n\u00e9ficie d&rsquo;une cam\u00e9ra embarqu\u00e9e de 2.7K pour des images de qualit\u00e9. Enregistrez jusqu&rsquo;\u00e0 31 minutes de vol et r\u00e9alisez d&rsquo;incroyables montages. Gr\u00e2ce \u00e0 un vol stationnaire pr\u00e9cis, vous pourrez immortaliser de beaux souvenirs.<\/p>\n<div class=\"row align-items-center justify-content-center justify-content-lg-start my-3\">\n<div class=\"col-auto\">\n<div class=\"o-product__last-best-price\">\n<div class=\"con-tooltip d-none d-lg-inline\">\n<div class=\"tooltip\"><\/div>\n<\/div>\n<\/div>\n<\/div>\n<\/div>\n","protected":false},"excerpt":{"rendered":"<div class=\"col-12 col-md-9\">\n<h2 class=\"c-product__specs\">Drone, 2.7K, 12 Mpixels, 31 minutes, 10 km<\/h2>\n<\/div>\n<div class=\"d-none d-md-block col-md-3\"><\/div>\n","protected":false},"featured_media":16931,"template":"","meta":[],"product_brand":[],"product_cat":[224,105],"product_tag":[],"class_list":{"0":"post-16928","1":"product","2":"type-product","3":"status-publish","4":"has-post-thumbnail","6":"product_cat-drone","7":"product_cat-photo-camera","9":"first","10":"instock","11":"taxable","12":"shipping-taxable","13":"purchasable","14":"product-type-simple"},"yoast_head":"<!-- This site is optimized with the Yoast SEO plugin v24.8.1 - https:\/\/yoast.com\/wordpress\/plugins\/seo\/ -->\n<title>DJI Mini 2 SE Fly More Combo - CBS Electro<\/title>\n<meta name=\"robots\" content=\"index, follow, max-snippet:-1, max-image-preview:large, max-video-preview:-1\" \/>\n<link rel=\"canonical\" href=\"https:\/\/cbs-electro.com\/index.php\/produit\/dji-mini-2-se-fly-more-combo\/\" \/>\n<meta property=\"og:locale\" content=\"fr_FR\" \/>\n<meta property=\"og:type\" content=\"article\" \/>\n<meta property=\"og:title\" content=\"DJI Mini 2 SE Fly More Combo - CBS Electro\" \/>\n<meta property=\"og:description\" content=\"Drone, 2.7K, 12 Mpixels, 31 minutes, 10 km\" \/>\n<meta property=\"og:url\" content=\"https:\/\/cbs-electro.com\/index.php\/produit\/dji-mini-2-se-fly-more-combo\/\" \/>\n<meta property=\"og:site_name\" content=\"CBS Electro\" \/>\n<meta property=\"article:modified_time\" content=\"2025-03-12T14:42:18+00:00\" \/>\n<meta property=\"og:image\" content=\"https:\/\/cbs-electro.com\/wp-content\/uploads\/2023\/12\/MN0006022612.jpg\" \/>\n\t<meta property=\"og:image:width\" content=\"550\" \/>\n\t<meta property=\"og:image:height\" content=\"550\" \/>\n\t<meta property=\"og:image:type\" content=\"image\/jpeg\" \/>\n<meta name=\"twitter:card\" content=\"summary_large_image\" \/>\n<script type=\"application\/ld+json\" class=\"yoast-schema-graph\">{\"@context\":\"https:\/\/schema.org\",\"@graph\":[{\"@type\":\"WebPage\",\"@id\":\"https:\/\/cbs-electro.com\/index.php\/produit\/dji-mini-2-se-fly-more-combo\/\",\"url\":\"https:\/\/cbs-electro.com\/index.php\/produit\/dji-mini-2-se-fly-more-combo\/\",\"name\":\"DJI Mini 2 SE Fly More Combo - CBS Electro\",\"isPartOf\":{\"@id\":\"https:\/\/www.cbs-electro.com\/#website\"},\"primaryImageOfPage\":{\"@id\":\"https:\/\/cbs-electro.com\/index.php\/produit\/dji-mini-2-se-fly-more-combo\/#primaryimage\"},\"image\":{\"@id\":\"https:\/\/cbs-electro.com\/index.php\/produit\/dji-mini-2-se-fly-more-combo\/#primaryimage\"},\"thumbnailUrl\":\"https:\/\/cbs-electro.com\/wp-content\/uploads\/2023\/12\/MN0006022612.jpg\",\"datePublished\":\"2023-12-03T21:18:47+00:00\",\"dateModified\":\"2025-03-12T14:42:18+00:00\",\"breadcrumb\":{\"@id\":\"https:\/\/cbs-electro.com\/index.php\/produit\/dji-mini-2-se-fly-more-combo\/#breadcrumb\"},\"inLanguage\":\"fr-FR\",\"potentialAction\":[{\"@type\":\"ReadAction\",\"target\":[\"https:\/\/cbs-electro.com\/index.php\/produit\/dji-mini-2-se-fly-more-combo\/\"]}]},{\"@type\":\"ImageObject\",\"inLanguage\":\"fr-FR\",\"@id\":\"https:\/\/cbs-electro.com\/index.php\/produit\/dji-mini-2-se-fly-more-combo\/#primaryimage\",\"url\":\"https:\/\/cbs-electro.com\/wp-content\/uploads\/2023\/12\/MN0006022612.jpg\",\"contentUrl\":\"https:\/\/cbs-electro.com\/wp-content\/uploads\/2023\/12\/MN0006022612.jpg\",\"width\":550,\"height\":550},{\"@type\":\"BreadcrumbList\",\"@id\":\"https:\/\/cbs-electro.com\/index.php\/produit\/dji-mini-2-se-fly-more-combo\/#breadcrumb\",\"itemListElement\":[{\"@type\":\"ListItem\",\"position\":1,\"name\":\"Accueil\",\"item\":\"https:\/\/www.cbs-electro.com\/\"},{\"@type\":\"ListItem\",\"position\":2,\"name\":\"Boutique\",\"item\":\"https:\/\/www.cbs-electro.com\/index.php\/boutique\/\"},{\"@type\":\"ListItem\",\"position\":3,\"name\":\"DJI Mini 2 SE Fly More Combo\"}]},{\"@type\":\"WebSite\",\"@id\":\"https:\/\/www.cbs-electro.com\/#website\",\"url\":\"https:\/\/www.cbs-electro.com\/\",\"name\":\"CBS Electro\",\"description\":\"Vente des produits neufs - Informatique, Smartphones, livres, jeux vid\u00e9o, photos, jouets et \u00e9lectrom\u00e9nager\",\"potentialAction\":[{\"@type\":\"SearchAction\",\"target\":{\"@type\":\"EntryPoint\",\"urlTemplate\":\"https:\/\/www.cbs-electro.com\/?s={search_term_string}\"},\"query-input\":{\"@type\":\"PropertyValueSpecification\",\"valueRequired\":true,\"valueName\":\"search_term_string\"}}],\"inLanguage\":\"fr-FR\"}]}<\/script>\n<!-- \/ Yoast SEO plugin. -->","yoast_head_json":{"title":"DJI Mini 2 SE Fly More Combo - CBS Electro","robots":{"index":"index","follow":"follow","max-snippet":"max-snippet:-1","max-image-preview":"max-image-preview:large","max-video-preview":"max-video-preview:-1"},"canonical":"https:\/\/cbs-electro.com\/index.php\/produit\/dji-mini-2-se-fly-more-combo\/","og_locale":"fr_FR","og_type":"article","og_title":"DJI Mini 2 SE Fly More Combo - CBS Electro","og_description":"Drone, 2.7K, 12 Mpixels, 31 minutes, 10 km","og_url":"https:\/\/cbs-electro.com\/index.php\/produit\/dji-mini-2-se-fly-more-combo\/","og_site_name":"CBS Electro","article_modified_time":"2025-03-12T14:42:18+00:00","og_image":[{"width":550,"height":550,"url":"https:\/\/cbs-electro.com\/wp-content\/uploads\/2023\/12\/MN0006022612.jpg","type":"image\/jpeg"}],"twitter_card":"summary_large_image","schema":{"@context":"https:\/\/schema.org","@graph":[{"@type":"WebPage","@id":"https:\/\/cbs-electro.com\/index.php\/produit\/dji-mini-2-se-fly-more-combo\/","url":"https:\/\/cbs-electro.com\/index.php\/produit\/dji-mini-2-se-fly-more-combo\/","name":"DJI Mini 2 SE Fly More Combo - CBS Electro","isPartOf":{"@id":"https:\/\/www.cbs-electro.com\/#website"},"primaryImageOfPage":{"@id":"https:\/\/cbs-electro.com\/index.php\/produit\/dji-mini-2-se-fly-more-combo\/#primaryimage"},"image":{"@id":"https:\/\/cbs-electro.com\/index.php\/produit\/dji-mini-2-se-fly-more-combo\/#primaryimage"},"thumbnailUrl":"https:\/\/cbs-electro.com\/wp-content\/uploads\/2023\/12\/MN0006022612.jpg","datePublished":"2023-12-03T21:18:47+00:00","dateModified":"2025-03-12T14:42:18+00:00","breadcrumb":{"@id":"https:\/\/cbs-electro.com\/index.php\/produit\/dji-mini-2-se-fly-more-combo\/#breadcrumb"},"inLanguage":"fr-FR","potentialAction":[{"@type":"ReadAction","target":["https:\/\/cbs-electro.com\/index.php\/produit\/dji-mini-2-se-fly-more-combo\/"]}]},{"@type":"ImageObject","inLanguage":"fr-FR","@id":"https:\/\/cbs-electro.com\/index.php\/produit\/dji-mini-2-se-fly-more-combo\/#primaryimage","url":"https:\/\/cbs-electro.com\/wp-content\/uploads\/2023\/12\/MN0006022612.jpg","contentUrl":"https:\/\/cbs-electro.com\/wp-content\/uploads\/2023\/12\/MN0006022612.jpg","width":550,"height":550},{"@type":"BreadcrumbList","@id":"https:\/\/cbs-electro.com\/index.php\/produit\/dji-mini-2-se-fly-more-combo\/#breadcrumb","itemListElement":[{"@type":"ListItem","position":1,"name":"Accueil","item":"https:\/\/www.cbs-electro.com\/"},{"@type":"ListItem","position":2,"name":"Boutique","item":"https:\/\/www.cbs-electro.com\/index.php\/boutique\/"},{"@type":"ListItem","position":3,"name":"DJI Mini 2 SE Fly More Combo"}]},{"@type":"WebSite","@id":"https:\/\/www.cbs-electro.com\/#website","url":"https:\/\/www.cbs-electro.com\/","name":"CBS Electro","description":"Vente des produits neufs - Informatique, Smartphones, livres, jeux vid\u00e9o, photos, jouets et \u00e9lectrom\u00e9nager","potentialAction":[{"@type":"SearchAction","target":{"@type":"EntryPoint","urlTemplate":"https:\/\/www.cbs-electro.com\/?s={search_term_string}"},"query-input":{"@type":"PropertyValueSpecification","valueRequired":true,"valueName":"search_term_string"}}],"inLanguage":"fr-FR"}]}},"_links":{"self":[{"href":"https:\/\/cbs-electro.com\/index.php\/wp-json\/wp\/v2\/product\/16928","targetHints":{"allow":["GET"]}}],"collection":[{"href":"https:\/\/cbs-electro.com\/index.php\/wp-json\/wp\/v2\/product"}],"about":[{"href":"https:\/\/cbs-electro.com\/index.php\/wp-json\/wp\/v2\/types\/product"}],"version-history":[{"count":1,"href":"https:\/\/cbs-electro.com\/index.php\/wp-json\/wp\/v2\/product\/16928\/revisions"}],"predecessor-version":[{"id":16932,"href":"https:\/\/cbs-electro.com\/index.php\/wp-json\/wp\/v2\/product\/16928\/revisions\/16932"}],"wp:featuredmedia":[{"embeddable":true,"href":"https:\/\/cbs-electro.com\/index.php\/wp-json\/wp\/v2\/media\/16931"}],"wp:attachment":[{"href":"https:\/\/cbs-electro.com\/index.php\/wp-json\/wp\/v2\/media?parent=16928"}],"wp:term":[{"taxonomy":"product_brand","embeddable":true,"href":"https:\/\/cbs-electro.com\/index.php\/wp-json\/wp\/v2\/product_brand?post=16928"},{"taxonomy":"product_cat","embeddable":true,"href":"https:\/\/cbs-electro.com\/index.php\/wp-json\/wp\/v2\/product_cat?post=16928"},{"taxonomy":"product_tag","embeddable":true,"href":"https:\/\/cbs-electro.com\/index.php\/wp-json\/wp\/v2\/product_tag?post=16928"}],"curies":[{"name":"wp","href":"https:\/\/api.w.org\/{rel}","templated":true}]}}