{"id":16881,"date":"2023-12-03T21:08:42","date_gmt":"2023-12-03T20:08:42","guid":{"rendered":"https:\/?post_type=product&#038;p=16881"},"modified":"2025-03-12T16:21:20","modified_gmt":"2025-03-12T15:21:20","slug":"ricoh-theta-x-2023-trepied-standpod-pc-5","status":"publish","type":"product","link":"https:\/\/cbs-electro.com\/index.php\/produit\/ricoh-theta-x-2023-trepied-standpod-pc-5\/","title":{"rendered":"Ricoh Theta X (2023) + Tr\u00e9pied Standpod PC-5"},"content":{"rendered":"<p class=\"mb-4 d-none d-md-block text-justify\">Ricoh Theta X de 2023 est une cam\u00e9ra d&rsquo;action qui vous permet d&rsquo;enregistrer des photos et vid\u00e9os \u00e0 360\u00b0. Gr\u00e2ce \u00e0 une diffusion en 5.7K, le tout dans un appareil optimis\u00e9 pour vous garantir une bonne prise en main. Modifiez et partagez vos r\u00e9alisations facilement via un site web et des applications d\u00e9di\u00e9es. Ce m\u00e9lange unique de monopode, avec un mini tr\u00e9pied tr\u00e9pied, atteint une hauteur de travail de 170 cm. Son design fin en fait la base id\u00e9ale pour les cam\u00e9ras 360\u00b0, telles que Ricoh Theta s\u00e9rie.<\/p>\n<div class=\"row align-items-center justify-content-center justify-content-lg-start my-3\">\n<div class=\"col-auto\">\n<div class=\"d-flex align-items-end\"><\/div>\n<\/div>\n<\/div>\n","protected":false},"excerpt":{"rendered":"<div class=\"col-12 col-md-9\">\n<h2 class=\"c-product__specs\">Cam\u00e9ra sport 360\u00b0, CMOS, 64 Mpixels, Vid\u00e9o 5.7K, Ultra HD, Wi-Fi, Bluetooth, USB-C, Tr\u00e9pied Standpod PC-5<\/h2>\n<\/div>\n<div class=\"d-none d-md-block col-md-3\"><\/div>\n","protected":false},"featured_media":16884,"template":"","meta":[],"product_brand":[],"product_cat":[179,105],"product_tag":[],"class_list":{"0":"post-16881","1":"product","2":"type-product","3":"status-publish","4":"has-post-thumbnail","6":"product_cat-camera","7":"product_cat-photo-camera","9":"first","10":"instock","11":"taxable","12":"shipping-taxable","13":"purchasable","14":"product-type-simple"},"yoast_head":"<!-- This site is optimized with the Yoast SEO plugin v24.8.1 - https:\/\/yoast.com\/wordpress\/plugins\/seo\/ -->\n<title>Ricoh Theta X (2023) + Tr\u00e9pied Standpod PC-5 - CBS Electro<\/title>\n<meta name=\"robots\" content=\"index, follow, max-snippet:-1, max-image-preview:large, max-video-preview:-1\" \/>\n<link rel=\"canonical\" href=\"https:\/\/cbs-electro.com\/index.php\/produit\/ricoh-theta-x-2023-trepied-standpod-pc-5\/\" \/>\n<meta property=\"og:locale\" content=\"fr_FR\" \/>\n<meta property=\"og:type\" content=\"article\" \/>\n<meta property=\"og:title\" content=\"Ricoh Theta X (2023) + Tr\u00e9pied Standpod PC-5 - CBS Electro\" \/>\n<meta property=\"og:description\" content=\"Cam\u00e9ra sport 360\u00b0, CMOS, 64 Mpixels, Vid\u00e9o 5.7K, Ultra HD, Wi-Fi, Bluetooth, USB-C, Tr\u00e9pied Standpod PC-5\" \/>\n<meta property=\"og:url\" content=\"https:\/\/cbs-electro.com\/index.php\/produit\/ricoh-theta-x-2023-trepied-standpod-pc-5\/\" \/>\n<meta property=\"og:site_name\" content=\"CBS Electro\" \/>\n<meta property=\"article:modified_time\" content=\"2025-03-12T15:21:20+00:00\" \/>\n<meta property=\"og:image\" content=\"https:\/\/cbs-electro.com\/wp-content\/uploads\/2023\/12\/MN0006080037.jpg\" \/>\n\t<meta property=\"og:image:width\" content=\"550\" \/>\n\t<meta property=\"og:image:height\" content=\"550\" \/>\n\t<meta property=\"og:image:type\" content=\"image\/jpeg\" \/>\n<meta name=\"twitter:card\" content=\"summary_large_image\" \/>\n<script type=\"application\/ld+json\" class=\"yoast-schema-graph\">{\"@context\":\"https:\/\/schema.org\",\"@graph\":[{\"@type\":\"WebPage\",\"@id\":\"https:\/\/cbs-electro.com\/index.php\/produit\/ricoh-theta-x-2023-trepied-standpod-pc-5\/\",\"url\":\"https:\/\/cbs-electro.com\/index.php\/produit\/ricoh-theta-x-2023-trepied-standpod-pc-5\/\",\"name\":\"Ricoh Theta X (2023) + Tr\u00e9pied Standpod PC-5 - CBS Electro\",\"isPartOf\":{\"@id\":\"https:\/\/www.cbs-electro.com\/#website\"},\"primaryImageOfPage\":{\"@id\":\"https:\/\/cbs-electro.com\/index.php\/produit\/ricoh-theta-x-2023-trepied-standpod-pc-5\/#primaryimage\"},\"image\":{\"@id\":\"https:\/\/cbs-electro.com\/index.php\/produit\/ricoh-theta-x-2023-trepied-standpod-pc-5\/#primaryimage\"},\"thumbnailUrl\":\"https:\/\/cbs-electro.com\/wp-content\/uploads\/2023\/12\/MN0006080037.jpg\",\"datePublished\":\"2023-12-03T20:08:42+00:00\",\"dateModified\":\"2025-03-12T15:21:20+00:00\",\"breadcrumb\":{\"@id\":\"https:\/\/cbs-electro.com\/index.php\/produit\/ricoh-theta-x-2023-trepied-standpod-pc-5\/#breadcrumb\"},\"inLanguage\":\"fr-FR\",\"potentialAction\":[{\"@type\":\"ReadAction\",\"target\":[\"https:\/\/cbs-electro.com\/index.php\/produit\/ricoh-theta-x-2023-trepied-standpod-pc-5\/\"]}]},{\"@type\":\"ImageObject\",\"inLanguage\":\"fr-FR\",\"@id\":\"https:\/\/cbs-electro.com\/index.php\/produit\/ricoh-theta-x-2023-trepied-standpod-pc-5\/#primaryimage\",\"url\":\"https:\/\/cbs-electro.com\/wp-content\/uploads\/2023\/12\/MN0006080037.jpg\",\"contentUrl\":\"https:\/\/cbs-electro.com\/wp-content\/uploads\/2023\/12\/MN0006080037.jpg\",\"width\":550,\"height\":550},{\"@type\":\"BreadcrumbList\",\"@id\":\"https:\/\/cbs-electro.com\/index.php\/produit\/ricoh-theta-x-2023-trepied-standpod-pc-5\/#breadcrumb\",\"itemListElement\":[{\"@type\":\"ListItem\",\"position\":1,\"name\":\"Accueil\",\"item\":\"https:\/\/www.cbs-electro.com\/\"},{\"@type\":\"ListItem\",\"position\":2,\"name\":\"Boutique\",\"item\":\"https:\/\/www.cbs-electro.com\/index.php\/boutique\/\"},{\"@type\":\"ListItem\",\"position\":3,\"name\":\"Ricoh Theta X (2023) + Tr\u00e9pied Standpod PC-5\"}]},{\"@type\":\"WebSite\",\"@id\":\"https:\/\/www.cbs-electro.com\/#website\",\"url\":\"https:\/\/www.cbs-electro.com\/\",\"name\":\"CBS Electro\",\"description\":\"Vente des produits neufs - Informatique, Smartphones, livres, jeux vid\u00e9o, photos, jouets et \u00e9lectrom\u00e9nager\",\"potentialAction\":[{\"@type\":\"SearchAction\",\"target\":{\"@type\":\"EntryPoint\",\"urlTemplate\":\"https:\/\/www.cbs-electro.com\/?s={search_term_string}\"},\"query-input\":{\"@type\":\"PropertyValueSpecification\",\"valueRequired\":true,\"valueName\":\"search_term_string\"}}],\"inLanguage\":\"fr-FR\"}]}<\/script>\n<!-- \/ Yoast SEO plugin. -->","yoast_head_json":{"title":"Ricoh Theta X (2023) + Tr\u00e9pied Standpod PC-5 - CBS Electro","robots":{"index":"index","follow":"follow","max-snippet":"max-snippet:-1","max-image-preview":"max-image-preview:large","max-video-preview":"max-video-preview:-1"},"canonical":"https:\/\/cbs-electro.com\/index.php\/produit\/ricoh-theta-x-2023-trepied-standpod-pc-5\/","og_locale":"fr_FR","og_type":"article","og_title":"Ricoh Theta X (2023) + Tr\u00e9pied Standpod PC-5 - CBS Electro","og_description":"Cam\u00e9ra sport 360\u00b0, CMOS, 64 Mpixels, Vid\u00e9o 5.7K, Ultra HD, Wi-Fi, Bluetooth, USB-C, Tr\u00e9pied Standpod PC-5","og_url":"https:\/\/cbs-electro.com\/index.php\/produit\/ricoh-theta-x-2023-trepied-standpod-pc-5\/","og_site_name":"CBS Electro","article_modified_time":"2025-03-12T15:21:20+00:00","og_image":[{"width":550,"height":550,"url":"https:\/\/cbs-electro.com\/wp-content\/uploads\/2023\/12\/MN0006080037.jpg","type":"image\/jpeg"}],"twitter_card":"summary_large_image","schema":{"@context":"https:\/\/schema.org","@graph":[{"@type":"WebPage","@id":"https:\/\/cbs-electro.com\/index.php\/produit\/ricoh-theta-x-2023-trepied-standpod-pc-5\/","url":"https:\/\/cbs-electro.com\/index.php\/produit\/ricoh-theta-x-2023-trepied-standpod-pc-5\/","name":"Ricoh Theta X (2023) + Tr\u00e9pied Standpod PC-5 - CBS Electro","isPartOf":{"@id":"https:\/\/www.cbs-electro.com\/#website"},"primaryImageOfPage":{"@id":"https:\/\/cbs-electro.com\/index.php\/produit\/ricoh-theta-x-2023-trepied-standpod-pc-5\/#primaryimage"},"image":{"@id":"https:\/\/cbs-electro.com\/index.php\/produit\/ricoh-theta-x-2023-trepied-standpod-pc-5\/#primaryimage"},"thumbnailUrl":"https:\/\/cbs-electro.com\/wp-content\/uploads\/2023\/12\/MN0006080037.jpg","datePublished":"2023-12-03T20:08:42+00:00","dateModified":"2025-03-12T15:21:20+00:00","breadcrumb":{"@id":"https:\/\/cbs-electro.com\/index.php\/produit\/ricoh-theta-x-2023-trepied-standpod-pc-5\/#breadcrumb"},"inLanguage":"fr-FR","potentialAction":[{"@type":"ReadAction","target":["https:\/\/cbs-electro.com\/index.php\/produit\/ricoh-theta-x-2023-trepied-standpod-pc-5\/"]}]},{"@type":"ImageObject","inLanguage":"fr-FR","@id":"https:\/\/cbs-electro.com\/index.php\/produit\/ricoh-theta-x-2023-trepied-standpod-pc-5\/#primaryimage","url":"https:\/\/cbs-electro.com\/wp-content\/uploads\/2023\/12\/MN0006080037.jpg","contentUrl":"https:\/\/cbs-electro.com\/wp-content\/uploads\/2023\/12\/MN0006080037.jpg","width":550,"height":550},{"@type":"BreadcrumbList","@id":"https:\/\/cbs-electro.com\/index.php\/produit\/ricoh-theta-x-2023-trepied-standpod-pc-5\/#breadcrumb","itemListElement":[{"@type":"ListItem","position":1,"name":"Accueil","item":"https:\/\/www.cbs-electro.com\/"},{"@type":"ListItem","position":2,"name":"Boutique","item":"https:\/\/www.cbs-electro.com\/index.php\/boutique\/"},{"@type":"ListItem","position":3,"name":"Ricoh Theta X (2023) + Tr\u00e9pied Standpod PC-5"}]},{"@type":"WebSite","@id":"https:\/\/www.cbs-electro.com\/#website","url":"https:\/\/www.cbs-electro.com\/","name":"CBS Electro","description":"Vente des produits neufs - Informatique, Smartphones, livres, jeux vid\u00e9o, photos, jouets et \u00e9lectrom\u00e9nager","potentialAction":[{"@type":"SearchAction","target":{"@type":"EntryPoint","urlTemplate":"https:\/\/www.cbs-electro.com\/?s={search_term_string}"},"query-input":{"@type":"PropertyValueSpecification","valueRequired":true,"valueName":"search_term_string"}}],"inLanguage":"fr-FR"}]}},"_links":{"self":[{"href":"https:\/\/cbs-electro.com\/index.php\/wp-json\/wp\/v2\/product\/16881","targetHints":{"allow":["GET"]}}],"collection":[{"href":"https:\/\/cbs-electro.com\/index.php\/wp-json\/wp\/v2\/product"}],"about":[{"href":"https:\/\/cbs-electro.com\/index.php\/wp-json\/wp\/v2\/types\/product"}],"version-history":[{"count":1,"href":"https:\/\/cbs-electro.com\/index.php\/wp-json\/wp\/v2\/product\/16881\/revisions"}],"predecessor-version":[{"id":16885,"href":"https:\/\/cbs-electro.com\/index.php\/wp-json\/wp\/v2\/product\/16881\/revisions\/16885"}],"wp:featuredmedia":[{"embeddable":true,"href":"https:\/\/cbs-electro.com\/index.php\/wp-json\/wp\/v2\/media\/16884"}],"wp:attachment":[{"href":"https:\/\/cbs-electro.com\/index.php\/wp-json\/wp\/v2\/media?parent=16881"}],"wp:term":[{"taxonomy":"product_brand","embeddable":true,"href":"https:\/\/cbs-electro.com\/index.php\/wp-json\/wp\/v2\/product_brand?post=16881"},{"taxonomy":"product_cat","embeddable":true,"href":"https:\/\/cbs-electro.com\/index.php\/wp-json\/wp\/v2\/product_cat?post=16881"},{"taxonomy":"product_tag","embeddable":true,"href":"https:\/\/cbs-electro.com\/index.php\/wp-json\/wp\/v2\/product_tag?post=16881"}],"curies":[{"name":"wp","href":"https:\/\/api.w.org\/{rel}","templated":true}]}}