{"id":16848,"date":"2023-12-03T20:31:48","date_gmt":"2023-12-03T19:31:48","guid":{"rendered":"https:\/?post_type=product&#038;p=16848"},"modified":"2025-03-12T16:23:26","modified_gmt":"2025-03-12T15:23:26","slug":"sony-zv-e10-16-50-mm","status":"publish","type":"product","link":"https:\/\/cbs-electro.com\/index.php\/produit\/sony-zv-e10-16-50-mm\/","title":{"rendered":"Sony ZV-E10 + 16-50 mm + GP-VPT1"},"content":{"rendered":"<p class=\"mb-4 d-none d-md-block text-justify\">Retrouvez toutes les performances d&rsquo;un appareil photo professionnel con\u00e7u pour les vlogs dans un format compact. L&rsquo;appareil photo hybride Sony ZV-E10 + Objectif 16-50mm f\/3.5-5.6 OSS offre de nombreuses fonctionnalit\u00e9s, pour vous offrir des vid\u00e9os et des clich\u00e9s exceptionnels. La poign\u00e9e de prise de vue Sony GP-VPT1 vous assurera une stabilit\u00e9 optimale pour prendre vos photos ou r\u00e9aliser vos films.<\/p>\n<div class=\"row align-items-center justify-content-center justify-content-lg-start my-3\">\n<div class=\"col-auto\">\n<div class=\"d-flex align-items-end\"><\/div>\n<\/div>\n<\/div>\n","protected":false},"excerpt":{"rendered":"<div class=\"col-12 col-md-9\">\n<div class=\"col-12 col-md-9\">\n<h2 class=\"c-product__specs\">Appareil photo compact, 24.2 Mpixels, \u00c9cran LCD, 4K, Objectif 16-50mm f\/3.5-5.6 OSS, Bluetooth, Wi-Fi, Poign\u00e9e de prise de vue<\/h2>\n<\/div>\n<div class=\"d-none d-md-block col-md-3\"><\/div>\n<\/div>\n","protected":false},"featured_media":16856,"template":"","meta":[],"product_brand":[],"product_cat":[173,105],"product_tag":[],"class_list":{"0":"post-16848","1":"product","2":"type-product","3":"status-publish","4":"has-post-thumbnail","6":"product_cat-appareil-photo","7":"product_cat-photo-camera","9":"first","10":"instock","11":"taxable","12":"shipping-taxable","13":"purchasable","14":"product-type-simple"},"yoast_head":"<!-- This site is optimized with the Yoast SEO plugin v24.8.1 - https:\/\/yoast.com\/wordpress\/plugins\/seo\/ -->\n<title>Sony ZV-E10 + 16-50 mm + GP-VPT1 - CBS Electro<\/title>\n<meta name=\"robots\" content=\"index, follow, max-snippet:-1, max-image-preview:large, max-video-preview:-1\" \/>\n<link rel=\"canonical\" href=\"https:\/\/cbs-electro.com\/index.php\/produit\/sony-zv-e10-16-50-mm\/\" \/>\n<meta property=\"og:locale\" content=\"fr_FR\" \/>\n<meta property=\"og:type\" content=\"article\" \/>\n<meta property=\"og:title\" content=\"Sony ZV-E10 + 16-50 mm + GP-VPT1 - CBS Electro\" \/>\n<meta property=\"og:description\" content=\"Appareil photo compact, 24.2 Mpixels, \u00c9cran LCD, 4K, Objectif 16-50mm f\/3.5-5.6 OSS, Bluetooth, Wi-Fi, Poign\u00e9e de prise de vue\" \/>\n<meta property=\"og:url\" content=\"https:\/\/cbs-electro.com\/index.php\/produit\/sony-zv-e10-16-50-mm\/\" \/>\n<meta property=\"og:site_name\" content=\"CBS Electro\" \/>\n<meta property=\"article:modified_time\" content=\"2025-03-12T15:23:26+00:00\" \/>\n<meta property=\"og:image\" content=\"https:\/\/cbs-electro.com\/wp-content\/uploads\/2023\/12\/MN0006084779.jpg\" \/>\n\t<meta property=\"og:image:width\" content=\"550\" \/>\n\t<meta property=\"og:image:height\" content=\"550\" \/>\n\t<meta property=\"og:image:type\" content=\"image\/jpeg\" \/>\n<meta name=\"twitter:card\" content=\"summary_large_image\" \/>\n<script type=\"application\/ld+json\" class=\"yoast-schema-graph\">{\"@context\":\"https:\/\/schema.org\",\"@graph\":[{\"@type\":\"WebPage\",\"@id\":\"https:\/\/cbs-electro.com\/index.php\/produit\/sony-zv-e10-16-50-mm\/\",\"url\":\"https:\/\/cbs-electro.com\/index.php\/produit\/sony-zv-e10-16-50-mm\/\",\"name\":\"Sony ZV-E10 + 16-50 mm + GP-VPT1 - CBS Electro\",\"isPartOf\":{\"@id\":\"https:\/\/www.cbs-electro.com\/#website\"},\"primaryImageOfPage\":{\"@id\":\"https:\/\/cbs-electro.com\/index.php\/produit\/sony-zv-e10-16-50-mm\/#primaryimage\"},\"image\":{\"@id\":\"https:\/\/cbs-electro.com\/index.php\/produit\/sony-zv-e10-16-50-mm\/#primaryimage\"},\"thumbnailUrl\":\"https:\/\/cbs-electro.com\/wp-content\/uploads\/2023\/12\/MN0006084779.jpg\",\"datePublished\":\"2023-12-03T19:31:48+00:00\",\"dateModified\":\"2025-03-12T15:23:26+00:00\",\"breadcrumb\":{\"@id\":\"https:\/\/cbs-electro.com\/index.php\/produit\/sony-zv-e10-16-50-mm\/#breadcrumb\"},\"inLanguage\":\"fr-FR\",\"potentialAction\":[{\"@type\":\"ReadAction\",\"target\":[\"https:\/\/cbs-electro.com\/index.php\/produit\/sony-zv-e10-16-50-mm\/\"]}]},{\"@type\":\"ImageObject\",\"inLanguage\":\"fr-FR\",\"@id\":\"https:\/\/cbs-electro.com\/index.php\/produit\/sony-zv-e10-16-50-mm\/#primaryimage\",\"url\":\"https:\/\/cbs-electro.com\/wp-content\/uploads\/2023\/12\/MN0006084779.jpg\",\"contentUrl\":\"https:\/\/cbs-electro.com\/wp-content\/uploads\/2023\/12\/MN0006084779.jpg\",\"width\":550,\"height\":550},{\"@type\":\"BreadcrumbList\",\"@id\":\"https:\/\/cbs-electro.com\/index.php\/produit\/sony-zv-e10-16-50-mm\/#breadcrumb\",\"itemListElement\":[{\"@type\":\"ListItem\",\"position\":1,\"name\":\"Accueil\",\"item\":\"https:\/\/www.cbs-electro.com\/\"},{\"@type\":\"ListItem\",\"position\":2,\"name\":\"Boutique\",\"item\":\"https:\/\/www.cbs-electro.com\/index.php\/boutique\/\"},{\"@type\":\"ListItem\",\"position\":3,\"name\":\"Sony ZV-E10 + 16-50 mm + GP-VPT1\"}]},{\"@type\":\"WebSite\",\"@id\":\"https:\/\/www.cbs-electro.com\/#website\",\"url\":\"https:\/\/www.cbs-electro.com\/\",\"name\":\"CBS Electro\",\"description\":\"Vente des produits neufs - Informatique, Smartphones, livres, jeux vid\u00e9o, photos, jouets et \u00e9lectrom\u00e9nager\",\"potentialAction\":[{\"@type\":\"SearchAction\",\"target\":{\"@type\":\"EntryPoint\",\"urlTemplate\":\"https:\/\/www.cbs-electro.com\/?s={search_term_string}\"},\"query-input\":{\"@type\":\"PropertyValueSpecification\",\"valueRequired\":true,\"valueName\":\"search_term_string\"}}],\"inLanguage\":\"fr-FR\"}]}<\/script>\n<!-- \/ Yoast SEO plugin. -->","yoast_head_json":{"title":"Sony ZV-E10 + 16-50 mm + GP-VPT1 - CBS Electro","robots":{"index":"index","follow":"follow","max-snippet":"max-snippet:-1","max-image-preview":"max-image-preview:large","max-video-preview":"max-video-preview:-1"},"canonical":"https:\/\/cbs-electro.com\/index.php\/produit\/sony-zv-e10-16-50-mm\/","og_locale":"fr_FR","og_type":"article","og_title":"Sony ZV-E10 + 16-50 mm + GP-VPT1 - CBS Electro","og_description":"Appareil photo compact, 24.2 Mpixels, \u00c9cran LCD, 4K, Objectif 16-50mm f\/3.5-5.6 OSS, Bluetooth, Wi-Fi, Poign\u00e9e de prise de vue","og_url":"https:\/\/cbs-electro.com\/index.php\/produit\/sony-zv-e10-16-50-mm\/","og_site_name":"CBS Electro","article_modified_time":"2025-03-12T15:23:26+00:00","og_image":[{"width":550,"height":550,"url":"https:\/\/cbs-electro.com\/wp-content\/uploads\/2023\/12\/MN0006084779.jpg","type":"image\/jpeg"}],"twitter_card":"summary_large_image","schema":{"@context":"https:\/\/schema.org","@graph":[{"@type":"WebPage","@id":"https:\/\/cbs-electro.com\/index.php\/produit\/sony-zv-e10-16-50-mm\/","url":"https:\/\/cbs-electro.com\/index.php\/produit\/sony-zv-e10-16-50-mm\/","name":"Sony ZV-E10 + 16-50 mm + GP-VPT1 - CBS Electro","isPartOf":{"@id":"https:\/\/www.cbs-electro.com\/#website"},"primaryImageOfPage":{"@id":"https:\/\/cbs-electro.com\/index.php\/produit\/sony-zv-e10-16-50-mm\/#primaryimage"},"image":{"@id":"https:\/\/cbs-electro.com\/index.php\/produit\/sony-zv-e10-16-50-mm\/#primaryimage"},"thumbnailUrl":"https:\/\/cbs-electro.com\/wp-content\/uploads\/2023\/12\/MN0006084779.jpg","datePublished":"2023-12-03T19:31:48+00:00","dateModified":"2025-03-12T15:23:26+00:00","breadcrumb":{"@id":"https:\/\/cbs-electro.com\/index.php\/produit\/sony-zv-e10-16-50-mm\/#breadcrumb"},"inLanguage":"fr-FR","potentialAction":[{"@type":"ReadAction","target":["https:\/\/cbs-electro.com\/index.php\/produit\/sony-zv-e10-16-50-mm\/"]}]},{"@type":"ImageObject","inLanguage":"fr-FR","@id":"https:\/\/cbs-electro.com\/index.php\/produit\/sony-zv-e10-16-50-mm\/#primaryimage","url":"https:\/\/cbs-electro.com\/wp-content\/uploads\/2023\/12\/MN0006084779.jpg","contentUrl":"https:\/\/cbs-electro.com\/wp-content\/uploads\/2023\/12\/MN0006084779.jpg","width":550,"height":550},{"@type":"BreadcrumbList","@id":"https:\/\/cbs-electro.com\/index.php\/produit\/sony-zv-e10-16-50-mm\/#breadcrumb","itemListElement":[{"@type":"ListItem","position":1,"name":"Accueil","item":"https:\/\/www.cbs-electro.com\/"},{"@type":"ListItem","position":2,"name":"Boutique","item":"https:\/\/www.cbs-electro.com\/index.php\/boutique\/"},{"@type":"ListItem","position":3,"name":"Sony ZV-E10 + 16-50 mm + GP-VPT1"}]},{"@type":"WebSite","@id":"https:\/\/www.cbs-electro.com\/#website","url":"https:\/\/www.cbs-electro.com\/","name":"CBS Electro","description":"Vente des produits neufs - Informatique, Smartphones, livres, jeux vid\u00e9o, photos, jouets et \u00e9lectrom\u00e9nager","potentialAction":[{"@type":"SearchAction","target":{"@type":"EntryPoint","urlTemplate":"https:\/\/www.cbs-electro.com\/?s={search_term_string}"},"query-input":{"@type":"PropertyValueSpecification","valueRequired":true,"valueName":"search_term_string"}}],"inLanguage":"fr-FR"}]}},"_links":{"self":[{"href":"https:\/\/cbs-electro.com\/index.php\/wp-json\/wp\/v2\/product\/16848","targetHints":{"allow":["GET"]}}],"collection":[{"href":"https:\/\/cbs-electro.com\/index.php\/wp-json\/wp\/v2\/product"}],"about":[{"href":"https:\/\/cbs-electro.com\/index.php\/wp-json\/wp\/v2\/types\/product"}],"version-history":[{"count":3,"href":"https:\/\/cbs-electro.com\/index.php\/wp-json\/wp\/v2\/product\/16848\/revisions"}],"predecessor-version":[{"id":16854,"href":"https:\/\/cbs-electro.com\/index.php\/wp-json\/wp\/v2\/product\/16848\/revisions\/16854"}],"wp:featuredmedia":[{"embeddable":true,"href":"https:\/\/cbs-electro.com\/index.php\/wp-json\/wp\/v2\/media\/16856"}],"wp:attachment":[{"href":"https:\/\/cbs-electro.com\/index.php\/wp-json\/wp\/v2\/media?parent=16848"}],"wp:term":[{"taxonomy":"product_brand","embeddable":true,"href":"https:\/\/cbs-electro.com\/index.php\/wp-json\/wp\/v2\/product_brand?post=16848"},{"taxonomy":"product_cat","embeddable":true,"href":"https:\/\/cbs-electro.com\/index.php\/wp-json\/wp\/v2\/product_cat?post=16848"},{"taxonomy":"product_tag","embeddable":true,"href":"https:\/\/cbs-electro.com\/index.php\/wp-json\/wp\/v2\/product_tag?post=16848"}],"curies":[{"name":"wp","href":"https:\/\/api.w.org\/{rel}","templated":true}]}}