{"id":16793,"date":"2023-12-03T19:51:48","date_gmt":"2023-12-03T18:51:48","guid":{"rendered":"https:\/?post_type=product&#038;p=16793"},"modified":"2025-03-12T16:31:58","modified_gmt":"2025-03-12T15:31:58","slug":"canon-eos-r-boitier-nu","status":"publish","type":"product","link":"https:\/\/cbs-electro.com\/index.php\/produit\/canon-eos-r-boitier-nu\/","title":{"rendered":"Canon EOS R (Boitier nu)"},"content":{"rendered":"<p class=\"mb-4 d-none d-md-block text-justify\">D\u00e9couvrez l&rsquo;appareil hybride plein format de Canon le EOS R ! Profitez d&rsquo;un appareil compact et l\u00e9ger avec un capteur 30.3 m\u00e9gapixels, une sensibilit\u00e9 maximale de 40 000 ISO, des vid\u00e9os Ultra HD, ou encore un \u00e9cran LCD 3.2 pouces tactile et orientable avec connectivit\u00e9 Wi-Fi et Bluetooth. Affinez vos prises de vues et partez \u00e0 la conqu\u00eate du monde !<\/p>\n<div class=\"row align-items-center justify-content-center justify-content-lg-start my-3\">\n<div class=\"col-auto\">\n<div class=\"d-flex align-items-end\"><\/div>\n<\/div>\n<\/div>\n","protected":false},"excerpt":{"rendered":"<div class=\"col-12 col-md-9\">\n<h2 class=\"c-product__specs\">Appareil photo hybride, Full Frame CMOS, 30.3 Mpixels, Vid\u00e9o UHD<\/h2>\n<\/div>\n<div class=\"d-none d-md-block col-md-3\"><\/div>\n","protected":false},"featured_media":16796,"template":"","meta":[],"product_brand":[],"product_cat":[173,105],"product_tag":[],"class_list":{"0":"post-16793","1":"product","2":"type-product","3":"status-publish","4":"has-post-thumbnail","6":"product_cat-appareil-photo","7":"product_cat-photo-camera","9":"first","10":"instock","11":"taxable","12":"shipping-taxable","13":"purchasable","14":"product-type-simple"},"yoast_head":"<!-- This site is optimized with the Yoast SEO plugin v24.8.1 - https:\/\/yoast.com\/wordpress\/plugins\/seo\/ -->\n<title>Canon EOS R (Boitier nu) - CBS Electro<\/title>\n<meta name=\"robots\" content=\"index, follow, max-snippet:-1, max-image-preview:large, max-video-preview:-1\" \/>\n<link rel=\"canonical\" href=\"https:\/\/cbs-electro.com\/index.php\/produit\/canon-eos-r-boitier-nu\/\" \/>\n<meta property=\"og:locale\" content=\"fr_FR\" \/>\n<meta property=\"og:type\" content=\"article\" \/>\n<meta property=\"og:title\" content=\"Canon EOS R (Boitier nu) - CBS Electro\" \/>\n<meta property=\"og:description\" content=\"Appareil photo hybride, Full Frame CMOS, 30.3 Mpixels, Vid\u00e9o UHD\" \/>\n<meta property=\"og:url\" content=\"https:\/\/cbs-electro.com\/index.php\/produit\/canon-eos-r-boitier-nu\/\" \/>\n<meta property=\"og:site_name\" content=\"CBS Electro\" \/>\n<meta property=\"article:modified_time\" content=\"2025-03-12T15:31:58+00:00\" \/>\n<meta property=\"og:image\" content=\"https:\/\/cbs-electro.com\/wp-content\/uploads\/2023\/12\/MN0005899034_1.jpg\" \/>\n\t<meta property=\"og:image:width\" content=\"550\" \/>\n\t<meta property=\"og:image:height\" content=\"550\" \/>\n\t<meta property=\"og:image:type\" content=\"image\/jpeg\" \/>\n<meta name=\"twitter:card\" content=\"summary_large_image\" \/>\n<script type=\"application\/ld+json\" class=\"yoast-schema-graph\">{\"@context\":\"https:\/\/schema.org\",\"@graph\":[{\"@type\":\"WebPage\",\"@id\":\"https:\/\/cbs-electro.com\/index.php\/produit\/canon-eos-r-boitier-nu\/\",\"url\":\"https:\/\/cbs-electro.com\/index.php\/produit\/canon-eos-r-boitier-nu\/\",\"name\":\"Canon EOS R (Boitier nu) - CBS Electro\",\"isPartOf\":{\"@id\":\"https:\/\/www.cbs-electro.com\/#website\"},\"primaryImageOfPage\":{\"@id\":\"https:\/\/cbs-electro.com\/index.php\/produit\/canon-eos-r-boitier-nu\/#primaryimage\"},\"image\":{\"@id\":\"https:\/\/cbs-electro.com\/index.php\/produit\/canon-eos-r-boitier-nu\/#primaryimage\"},\"thumbnailUrl\":\"https:\/\/cbs-electro.com\/wp-content\/uploads\/2023\/12\/MN0005899034_1.jpg\",\"datePublished\":\"2023-12-03T18:51:48+00:00\",\"dateModified\":\"2025-03-12T15:31:58+00:00\",\"breadcrumb\":{\"@id\":\"https:\/\/cbs-electro.com\/index.php\/produit\/canon-eos-r-boitier-nu\/#breadcrumb\"},\"inLanguage\":\"fr-FR\",\"potentialAction\":[{\"@type\":\"ReadAction\",\"target\":[\"https:\/\/cbs-electro.com\/index.php\/produit\/canon-eos-r-boitier-nu\/\"]}]},{\"@type\":\"ImageObject\",\"inLanguage\":\"fr-FR\",\"@id\":\"https:\/\/cbs-electro.com\/index.php\/produit\/canon-eos-r-boitier-nu\/#primaryimage\",\"url\":\"https:\/\/cbs-electro.com\/wp-content\/uploads\/2023\/12\/MN0005899034_1.jpg\",\"contentUrl\":\"https:\/\/cbs-electro.com\/wp-content\/uploads\/2023\/12\/MN0005899034_1.jpg\",\"width\":550,\"height\":550},{\"@type\":\"BreadcrumbList\",\"@id\":\"https:\/\/cbs-electro.com\/index.php\/produit\/canon-eos-r-boitier-nu\/#breadcrumb\",\"itemListElement\":[{\"@type\":\"ListItem\",\"position\":1,\"name\":\"Accueil\",\"item\":\"https:\/\/www.cbs-electro.com\/\"},{\"@type\":\"ListItem\",\"position\":2,\"name\":\"Boutique\",\"item\":\"https:\/\/www.cbs-electro.com\/index.php\/boutique\/\"},{\"@type\":\"ListItem\",\"position\":3,\"name\":\"Canon EOS R (Boitier nu)\"}]},{\"@type\":\"WebSite\",\"@id\":\"https:\/\/www.cbs-electro.com\/#website\",\"url\":\"https:\/\/www.cbs-electro.com\/\",\"name\":\"CBS Electro\",\"description\":\"Vente des produits neufs - Informatique, Smartphones, livres, jeux vid\u00e9o, photos, jouets et \u00e9lectrom\u00e9nager\",\"potentialAction\":[{\"@type\":\"SearchAction\",\"target\":{\"@type\":\"EntryPoint\",\"urlTemplate\":\"https:\/\/www.cbs-electro.com\/?s={search_term_string}\"},\"query-input\":{\"@type\":\"PropertyValueSpecification\",\"valueRequired\":true,\"valueName\":\"search_term_string\"}}],\"inLanguage\":\"fr-FR\"}]}<\/script>\n<!-- \/ Yoast SEO plugin. -->","yoast_head_json":{"title":"Canon EOS R (Boitier nu) - CBS Electro","robots":{"index":"index","follow":"follow","max-snippet":"max-snippet:-1","max-image-preview":"max-image-preview:large","max-video-preview":"max-video-preview:-1"},"canonical":"https:\/\/cbs-electro.com\/index.php\/produit\/canon-eos-r-boitier-nu\/","og_locale":"fr_FR","og_type":"article","og_title":"Canon EOS R (Boitier nu) - CBS Electro","og_description":"Appareil photo hybride, Full Frame CMOS, 30.3 Mpixels, Vid\u00e9o UHD","og_url":"https:\/\/cbs-electro.com\/index.php\/produit\/canon-eos-r-boitier-nu\/","og_site_name":"CBS Electro","article_modified_time":"2025-03-12T15:31:58+00:00","og_image":[{"width":550,"height":550,"url":"https:\/\/cbs-electro.com\/wp-content\/uploads\/2023\/12\/MN0005899034_1.jpg","type":"image\/jpeg"}],"twitter_card":"summary_large_image","schema":{"@context":"https:\/\/schema.org","@graph":[{"@type":"WebPage","@id":"https:\/\/cbs-electro.com\/index.php\/produit\/canon-eos-r-boitier-nu\/","url":"https:\/\/cbs-electro.com\/index.php\/produit\/canon-eos-r-boitier-nu\/","name":"Canon EOS R (Boitier nu) - CBS Electro","isPartOf":{"@id":"https:\/\/www.cbs-electro.com\/#website"},"primaryImageOfPage":{"@id":"https:\/\/cbs-electro.com\/index.php\/produit\/canon-eos-r-boitier-nu\/#primaryimage"},"image":{"@id":"https:\/\/cbs-electro.com\/index.php\/produit\/canon-eos-r-boitier-nu\/#primaryimage"},"thumbnailUrl":"https:\/\/cbs-electro.com\/wp-content\/uploads\/2023\/12\/MN0005899034_1.jpg","datePublished":"2023-12-03T18:51:48+00:00","dateModified":"2025-03-12T15:31:58+00:00","breadcrumb":{"@id":"https:\/\/cbs-electro.com\/index.php\/produit\/canon-eos-r-boitier-nu\/#breadcrumb"},"inLanguage":"fr-FR","potentialAction":[{"@type":"ReadAction","target":["https:\/\/cbs-electro.com\/index.php\/produit\/canon-eos-r-boitier-nu\/"]}]},{"@type":"ImageObject","inLanguage":"fr-FR","@id":"https:\/\/cbs-electro.com\/index.php\/produit\/canon-eos-r-boitier-nu\/#primaryimage","url":"https:\/\/cbs-electro.com\/wp-content\/uploads\/2023\/12\/MN0005899034_1.jpg","contentUrl":"https:\/\/cbs-electro.com\/wp-content\/uploads\/2023\/12\/MN0005899034_1.jpg","width":550,"height":550},{"@type":"BreadcrumbList","@id":"https:\/\/cbs-electro.com\/index.php\/produit\/canon-eos-r-boitier-nu\/#breadcrumb","itemListElement":[{"@type":"ListItem","position":1,"name":"Accueil","item":"https:\/\/www.cbs-electro.com\/"},{"@type":"ListItem","position":2,"name":"Boutique","item":"https:\/\/www.cbs-electro.com\/index.php\/boutique\/"},{"@type":"ListItem","position":3,"name":"Canon EOS R (Boitier nu)"}]},{"@type":"WebSite","@id":"https:\/\/www.cbs-electro.com\/#website","url":"https:\/\/www.cbs-electro.com\/","name":"CBS Electro","description":"Vente des produits neufs - Informatique, Smartphones, livres, jeux vid\u00e9o, photos, jouets et \u00e9lectrom\u00e9nager","potentialAction":[{"@type":"SearchAction","target":{"@type":"EntryPoint","urlTemplate":"https:\/\/www.cbs-electro.com\/?s={search_term_string}"},"query-input":{"@type":"PropertyValueSpecification","valueRequired":true,"valueName":"search_term_string"}}],"inLanguage":"fr-FR"}]}},"_links":{"self":[{"href":"https:\/\/cbs-electro.com\/index.php\/wp-json\/wp\/v2\/product\/16793","targetHints":{"allow":["GET"]}}],"collection":[{"href":"https:\/\/cbs-electro.com\/index.php\/wp-json\/wp\/v2\/product"}],"about":[{"href":"https:\/\/cbs-electro.com\/index.php\/wp-json\/wp\/v2\/types\/product"}],"version-history":[{"count":1,"href":"https:\/\/cbs-electro.com\/index.php\/wp-json\/wp\/v2\/product\/16793\/revisions"}],"predecessor-version":[{"id":16798,"href":"https:\/\/cbs-electro.com\/index.php\/wp-json\/wp\/v2\/product\/16793\/revisions\/16798"}],"wp:featuredmedia":[{"embeddable":true,"href":"https:\/\/cbs-electro.com\/index.php\/wp-json\/wp\/v2\/media\/16796"}],"wp:attachment":[{"href":"https:\/\/cbs-electro.com\/index.php\/wp-json\/wp\/v2\/media?parent=16793"}],"wp:term":[{"taxonomy":"product_brand","embeddable":true,"href":"https:\/\/cbs-electro.com\/index.php\/wp-json\/wp\/v2\/product_brand?post=16793"},{"taxonomy":"product_cat","embeddable":true,"href":"https:\/\/cbs-electro.com\/index.php\/wp-json\/wp\/v2\/product_cat?post=16793"},{"taxonomy":"product_tag","embeddable":true,"href":"https:\/\/cbs-electro.com\/index.php\/wp-json\/wp\/v2\/product_tag?post=16793"}],"curies":[{"name":"wp","href":"https:\/\/api.w.org\/{rel}","templated":true}]}}