{"id":16729,"date":"2023-12-03T17:30:08","date_gmt":"2023-12-03T16:30:08","guid":{"rendered":"https:\/?post_type=product&#038;p=16729"},"modified":"2023-12-03T17:30:08","modified_gmt":"2023-12-03T16:30:08","slug":"hp-envy-inspire-7921e-all-in-one","status":"publish","type":"product","link":"https:\/\/cbs-electro.com\/index.php\/produit\/hp-envy-inspire-7921e-all-in-one\/","title":{"rendered":"HP Envy Inspire 7921e All In One"},"content":{"rendered":"<p class=\"mb-4 d-none d-md-block text-justify\">L&rsquo;imprimante multifonction \u00e0 jet d&rsquo;encre HP Envy Inspire 7921e All In One peut facilement s&rsquo;adapter \u00e0 votre environnement quotidien pour vous fournir toutes ses qualit\u00e9s. Ce mod\u00e8le 3-en-1 vous offrira le compagnon id\u00e9al tout en vous offrant des fonctions pratique, d&rsquo;un volume de stockage de papier de 125 feuilles, d&rsquo;une connectivit\u00e9 sans fil, d&rsquo;un \u00e9cran tactile et d&rsquo;une compatibilit\u00e9 avec l&rsquo;impression mobile.<\/p>\n<div class=\"row align-items-center justify-content-center justify-content-lg-start my-3\">\n<div class=\"col-auto\">\n<div class=\"d-flex align-items-end\"><\/div>\n<\/div>\n<\/div>\n","protected":false},"excerpt":{"rendered":"<div class=\"col-12 col-md-9\">\n<h2 class=\"c-product__specs\">Imprimante multifonction jet d&rsquo;encre couleur, A4, 15 ppm, USB, Wi-Fi, AirPrint, Bluetooth<\/h2>\n<\/div>\n<div class=\"d-none d-md-block col-md-3\"><\/div>\n","protected":false},"featured_media":16731,"template":"","meta":[],"product_brand":[],"product_cat":[169,104],"product_tag":[],"class_list":{"0":"post-16729","1":"product","2":"type-product","3":"status-publish","4":"has-post-thumbnail","6":"product_cat-imprimante-scanner","7":"product_cat-informatique","9":"first","10":"instock","11":"taxable","12":"shipping-taxable","13":"purchasable","14":"product-type-simple"},"yoast_head":"<!-- This site is optimized with the Yoast SEO plugin v24.8.1 - https:\/\/yoast.com\/wordpress\/plugins\/seo\/ -->\n<title>HP Envy Inspire 7921e All In One - CBS Electro<\/title>\n<meta name=\"robots\" content=\"index, follow, max-snippet:-1, max-image-preview:large, max-video-preview:-1\" \/>\n<link rel=\"canonical\" href=\"https:\/\/cbs-electro.com\/index.php\/produit\/hp-envy-inspire-7921e-all-in-one\/\" \/>\n<meta property=\"og:locale\" content=\"fr_FR\" \/>\n<meta property=\"og:type\" content=\"article\" \/>\n<meta property=\"og:title\" content=\"HP Envy Inspire 7921e All In One - CBS Electro\" \/>\n<meta property=\"og:description\" content=\"Imprimante multifonction jet d&#039;encre couleur, A4, 15 ppm, USB, Wi-Fi, AirPrint, Bluetooth\" \/>\n<meta property=\"og:url\" content=\"https:\/\/cbs-electro.com\/index.php\/produit\/hp-envy-inspire-7921e-all-in-one\/\" \/>\n<meta property=\"og:site_name\" content=\"CBS Electro\" \/>\n<meta property=\"og:image\" content=\"https:\/\/cbs-electro.com\/wp-content\/uploads\/2023\/12\/MN0005969292.jpg\" \/>\n\t<meta property=\"og:image:width\" content=\"550\" \/>\n\t<meta property=\"og:image:height\" content=\"550\" \/>\n\t<meta property=\"og:image:type\" content=\"image\/jpeg\" \/>\n<meta name=\"twitter:card\" content=\"summary_large_image\" \/>\n<script type=\"application\/ld+json\" class=\"yoast-schema-graph\">{\"@context\":\"https:\/\/schema.org\",\"@graph\":[{\"@type\":\"WebPage\",\"@id\":\"https:\/\/cbs-electro.com\/index.php\/produit\/hp-envy-inspire-7921e-all-in-one\/\",\"url\":\"https:\/\/cbs-electro.com\/index.php\/produit\/hp-envy-inspire-7921e-all-in-one\/\",\"name\":\"HP Envy Inspire 7921e All In One - CBS Electro\",\"isPartOf\":{\"@id\":\"https:\/\/www.cbs-electro.com\/#website\"},\"primaryImageOfPage\":{\"@id\":\"https:\/\/cbs-electro.com\/index.php\/produit\/hp-envy-inspire-7921e-all-in-one\/#primaryimage\"},\"image\":{\"@id\":\"https:\/\/cbs-electro.com\/index.php\/produit\/hp-envy-inspire-7921e-all-in-one\/#primaryimage\"},\"thumbnailUrl\":\"https:\/\/cbs-electro.com\/wp-content\/uploads\/2023\/12\/MN0005969292.jpg\",\"datePublished\":\"2023-12-03T16:30:08+00:00\",\"breadcrumb\":{\"@id\":\"https:\/\/cbs-electro.com\/index.php\/produit\/hp-envy-inspire-7921e-all-in-one\/#breadcrumb\"},\"inLanguage\":\"fr-FR\",\"potentialAction\":[{\"@type\":\"ReadAction\",\"target\":[\"https:\/\/cbs-electro.com\/index.php\/produit\/hp-envy-inspire-7921e-all-in-one\/\"]}]},{\"@type\":\"ImageObject\",\"inLanguage\":\"fr-FR\",\"@id\":\"https:\/\/cbs-electro.com\/index.php\/produit\/hp-envy-inspire-7921e-all-in-one\/#primaryimage\",\"url\":\"https:\/\/cbs-electro.com\/wp-content\/uploads\/2023\/12\/MN0005969292.jpg\",\"contentUrl\":\"https:\/\/cbs-electro.com\/wp-content\/uploads\/2023\/12\/MN0005969292.jpg\",\"width\":550,\"height\":550},{\"@type\":\"BreadcrumbList\",\"@id\":\"https:\/\/cbs-electro.com\/index.php\/produit\/hp-envy-inspire-7921e-all-in-one\/#breadcrumb\",\"itemListElement\":[{\"@type\":\"ListItem\",\"position\":1,\"name\":\"Accueil\",\"item\":\"https:\/\/www.cbs-electro.com\/\"},{\"@type\":\"ListItem\",\"position\":2,\"name\":\"Boutique\",\"item\":\"https:\/\/www.cbs-electro.com\/index.php\/boutique\/\"},{\"@type\":\"ListItem\",\"position\":3,\"name\":\"HP Envy Inspire 7921e All In One\"}]},{\"@type\":\"WebSite\",\"@id\":\"https:\/\/www.cbs-electro.com\/#website\",\"url\":\"https:\/\/www.cbs-electro.com\/\",\"name\":\"CBS Electro\",\"description\":\"Vente des produits neufs - Informatique, Smartphones, livres, jeux vid\u00e9o, photos, jouets et \u00e9lectrom\u00e9nager\",\"potentialAction\":[{\"@type\":\"SearchAction\",\"target\":{\"@type\":\"EntryPoint\",\"urlTemplate\":\"https:\/\/www.cbs-electro.com\/?s={search_term_string}\"},\"query-input\":{\"@type\":\"PropertyValueSpecification\",\"valueRequired\":true,\"valueName\":\"search_term_string\"}}],\"inLanguage\":\"fr-FR\"}]}<\/script>\n<!-- \/ Yoast SEO plugin. -->","yoast_head_json":{"title":"HP Envy Inspire 7921e All In One - CBS Electro","robots":{"index":"index","follow":"follow","max-snippet":"max-snippet:-1","max-image-preview":"max-image-preview:large","max-video-preview":"max-video-preview:-1"},"canonical":"https:\/\/cbs-electro.com\/index.php\/produit\/hp-envy-inspire-7921e-all-in-one\/","og_locale":"fr_FR","og_type":"article","og_title":"HP Envy Inspire 7921e All In One - CBS Electro","og_description":"Imprimante multifonction jet d'encre couleur, A4, 15 ppm, USB, Wi-Fi, AirPrint, Bluetooth","og_url":"https:\/\/cbs-electro.com\/index.php\/produit\/hp-envy-inspire-7921e-all-in-one\/","og_site_name":"CBS Electro","og_image":[{"width":550,"height":550,"url":"https:\/\/cbs-electro.com\/wp-content\/uploads\/2023\/12\/MN0005969292.jpg","type":"image\/jpeg"}],"twitter_card":"summary_large_image","schema":{"@context":"https:\/\/schema.org","@graph":[{"@type":"WebPage","@id":"https:\/\/cbs-electro.com\/index.php\/produit\/hp-envy-inspire-7921e-all-in-one\/","url":"https:\/\/cbs-electro.com\/index.php\/produit\/hp-envy-inspire-7921e-all-in-one\/","name":"HP Envy Inspire 7921e All In One - CBS Electro","isPartOf":{"@id":"https:\/\/www.cbs-electro.com\/#website"},"primaryImageOfPage":{"@id":"https:\/\/cbs-electro.com\/index.php\/produit\/hp-envy-inspire-7921e-all-in-one\/#primaryimage"},"image":{"@id":"https:\/\/cbs-electro.com\/index.php\/produit\/hp-envy-inspire-7921e-all-in-one\/#primaryimage"},"thumbnailUrl":"https:\/\/cbs-electro.com\/wp-content\/uploads\/2023\/12\/MN0005969292.jpg","datePublished":"2023-12-03T16:30:08+00:00","breadcrumb":{"@id":"https:\/\/cbs-electro.com\/index.php\/produit\/hp-envy-inspire-7921e-all-in-one\/#breadcrumb"},"inLanguage":"fr-FR","potentialAction":[{"@type":"ReadAction","target":["https:\/\/cbs-electro.com\/index.php\/produit\/hp-envy-inspire-7921e-all-in-one\/"]}]},{"@type":"ImageObject","inLanguage":"fr-FR","@id":"https:\/\/cbs-electro.com\/index.php\/produit\/hp-envy-inspire-7921e-all-in-one\/#primaryimage","url":"https:\/\/cbs-electro.com\/wp-content\/uploads\/2023\/12\/MN0005969292.jpg","contentUrl":"https:\/\/cbs-electro.com\/wp-content\/uploads\/2023\/12\/MN0005969292.jpg","width":550,"height":550},{"@type":"BreadcrumbList","@id":"https:\/\/cbs-electro.com\/index.php\/produit\/hp-envy-inspire-7921e-all-in-one\/#breadcrumb","itemListElement":[{"@type":"ListItem","position":1,"name":"Accueil","item":"https:\/\/www.cbs-electro.com\/"},{"@type":"ListItem","position":2,"name":"Boutique","item":"https:\/\/www.cbs-electro.com\/index.php\/boutique\/"},{"@type":"ListItem","position":3,"name":"HP Envy Inspire 7921e All In One"}]},{"@type":"WebSite","@id":"https:\/\/www.cbs-electro.com\/#website","url":"https:\/\/www.cbs-electro.com\/","name":"CBS Electro","description":"Vente des produits neufs - Informatique, Smartphones, livres, jeux vid\u00e9o, photos, jouets et \u00e9lectrom\u00e9nager","potentialAction":[{"@type":"SearchAction","target":{"@type":"EntryPoint","urlTemplate":"https:\/\/www.cbs-electro.com\/?s={search_term_string}"},"query-input":{"@type":"PropertyValueSpecification","valueRequired":true,"valueName":"search_term_string"}}],"inLanguage":"fr-FR"}]}},"_links":{"self":[{"href":"https:\/\/cbs-electro.com\/index.php\/wp-json\/wp\/v2\/product\/16729","targetHints":{"allow":["GET"]}}],"collection":[{"href":"https:\/\/cbs-electro.com\/index.php\/wp-json\/wp\/v2\/product"}],"about":[{"href":"https:\/\/cbs-electro.com\/index.php\/wp-json\/wp\/v2\/types\/product"}],"version-history":[{"count":1,"href":"https:\/\/cbs-electro.com\/index.php\/wp-json\/wp\/v2\/product\/16729\/revisions"}],"predecessor-version":[{"id":16732,"href":"https:\/\/cbs-electro.com\/index.php\/wp-json\/wp\/v2\/product\/16729\/revisions\/16732"}],"wp:featuredmedia":[{"embeddable":true,"href":"https:\/\/cbs-electro.com\/index.php\/wp-json\/wp\/v2\/media\/16731"}],"wp:attachment":[{"href":"https:\/\/cbs-electro.com\/index.php\/wp-json\/wp\/v2\/media?parent=16729"}],"wp:term":[{"taxonomy":"product_brand","embeddable":true,"href":"https:\/\/cbs-electro.com\/index.php\/wp-json\/wp\/v2\/product_brand?post=16729"},{"taxonomy":"product_cat","embeddable":true,"href":"https:\/\/cbs-electro.com\/index.php\/wp-json\/wp\/v2\/product_cat?post=16729"},{"taxonomy":"product_tag","embeddable":true,"href":"https:\/\/cbs-electro.com\/index.php\/wp-json\/wp\/v2\/product_tag?post=16729"}],"curies":[{"name":"wp","href":"https:\/\/api.w.org\/{rel}","templated":true}]}}