{"id":16671,"date":"2023-12-03T16:54:46","date_gmt":"2023-12-03T15:54:46","guid":{"rendered":"https:\/?post_type=product&#038;p=16671"},"modified":"2025-03-12T16:37:35","modified_gmt":"2025-03-12T15:37:35","slug":"apple-ipad-pro-2022-12-9-pouces-wi-fi-128-go-argent","status":"publish","type":"product","link":"https:\/\/cbs-electro.com\/index.php\/produit\/apple-ipad-pro-2022-12-9-pouces-wi-fi-128-go-argent\/","title":{"rendered":"Apple iPad Pro 2022 12.9 pouces Wi-Fi &#8211; 128 Go &#8211; Argent"},"content":{"rendered":"<p class=\"mb-4 d-none d-md-block text-justify\">L&rsquo;iPad Pro 12.9 profite d&rsquo;un spectaculaire \u00e9cran Liquid Retina XDR de 12,9 pouces avec ProMotion, True Tone et une large gamme de couleurs P3. Avec des performances exceptionnelles, une connectivit\u00e9 sans fil ultra-rapide, une grande nouveaut\u00e9 pour l&rsquo;Apple Pencil et de puissantes fonctionnalit\u00e9s de productivit\u00e9 et de collaboration sign\u00e9es iPadOS 16. Il est \u00e9quip\u00e9 d&rsquo;une puce Puce M2 avec CPU 8 coeurs et GPU 10 coeurs. L&rsquo;exp\u00e9rience iPad pouss\u00e9e \u00e0 son paroxysme.<\/p>\n<div class=\"product-variants\">\n<div class=\"row\">\n<div class=\"col-12\"><\/div>\n<\/div>\n<\/div>\n","protected":false},"excerpt":{"rendered":"<div class=\"col-12 col-md-9\">\n<h2 class=\"c-product__specs\">Puce Apple M2, 12.9&Prime;, 128 Go, iPadOS, Argent<\/h2>\n<\/div>\n<div class=\"d-none d-md-block col-md-3\"><\/div>\n","protected":false},"featured_media":16669,"template":"","meta":[],"product_brand":[],"product_cat":[104,167],"product_tag":[],"class_list":{"0":"post-16671","1":"product","2":"type-product","3":"status-publish","4":"has-post-thumbnail","6":"product_cat-informatique","7":"product_cat-tablette","9":"first","10":"instock","11":"taxable","12":"shipping-taxable","13":"purchasable","14":"product-type-simple"},"yoast_head":"<!-- This site is optimized with the Yoast SEO plugin v24.8.1 - https:\/\/yoast.com\/wordpress\/plugins\/seo\/ -->\n<title>Apple iPad Pro 2022 12.9 pouces Wi-Fi - 128 Go - Argent - CBS Electro<\/title>\n<meta name=\"robots\" content=\"index, follow, max-snippet:-1, max-image-preview:large, max-video-preview:-1\" \/>\n<link rel=\"canonical\" href=\"https:\/\/cbs-electro.com\/index.php\/produit\/apple-ipad-pro-2022-12-9-pouces-wi-fi-128-go-argent\/\" \/>\n<meta property=\"og:locale\" content=\"fr_FR\" \/>\n<meta property=\"og:type\" content=\"article\" \/>\n<meta property=\"og:title\" content=\"Apple iPad Pro 2022 12.9 pouces Wi-Fi - 128 Go - Argent - CBS Electro\" \/>\n<meta property=\"og:description\" content=\"Puce Apple M2, 12.9&quot;, 128 Go, iPadOS, Argent\" \/>\n<meta property=\"og:url\" content=\"https:\/\/cbs-electro.com\/index.php\/produit\/apple-ipad-pro-2022-12-9-pouces-wi-fi-128-go-argent\/\" \/>\n<meta property=\"og:site_name\" content=\"CBS Electro\" \/>\n<meta property=\"article:modified_time\" content=\"2025-03-12T15:37:35+00:00\" \/>\n<meta property=\"og:image\" content=\"https:\/\/cbs-electro.com\/wp-content\/uploads\/2023\/12\/MN0005989700.jpg\" \/>\n\t<meta property=\"og:image:width\" content=\"550\" \/>\n\t<meta property=\"og:image:height\" content=\"550\" \/>\n\t<meta property=\"og:image:type\" content=\"image\/jpeg\" \/>\n<meta name=\"twitter:card\" content=\"summary_large_image\" \/>\n<script type=\"application\/ld+json\" class=\"yoast-schema-graph\">{\"@context\":\"https:\/\/schema.org\",\"@graph\":[{\"@type\":\"WebPage\",\"@id\":\"https:\/\/cbs-electro.com\/index.php\/produit\/apple-ipad-pro-2022-12-9-pouces-wi-fi-128-go-argent\/\",\"url\":\"https:\/\/cbs-electro.com\/index.php\/produit\/apple-ipad-pro-2022-12-9-pouces-wi-fi-128-go-argent\/\",\"name\":\"Apple iPad Pro 2022 12.9 pouces Wi-Fi - 128 Go - Argent - CBS Electro\",\"isPartOf\":{\"@id\":\"https:\/\/www.cbs-electro.com\/#website\"},\"primaryImageOfPage\":{\"@id\":\"https:\/\/cbs-electro.com\/index.php\/produit\/apple-ipad-pro-2022-12-9-pouces-wi-fi-128-go-argent\/#primaryimage\"},\"image\":{\"@id\":\"https:\/\/cbs-electro.com\/index.php\/produit\/apple-ipad-pro-2022-12-9-pouces-wi-fi-128-go-argent\/#primaryimage\"},\"thumbnailUrl\":\"https:\/\/cbs-electro.com\/wp-content\/uploads\/2023\/12\/MN0005989700.jpg\",\"datePublished\":\"2023-12-03T15:54:46+00:00\",\"dateModified\":\"2025-03-12T15:37:35+00:00\",\"breadcrumb\":{\"@id\":\"https:\/\/cbs-electro.com\/index.php\/produit\/apple-ipad-pro-2022-12-9-pouces-wi-fi-128-go-argent\/#breadcrumb\"},\"inLanguage\":\"fr-FR\",\"potentialAction\":[{\"@type\":\"ReadAction\",\"target\":[\"https:\/\/cbs-electro.com\/index.php\/produit\/apple-ipad-pro-2022-12-9-pouces-wi-fi-128-go-argent\/\"]}]},{\"@type\":\"ImageObject\",\"inLanguage\":\"fr-FR\",\"@id\":\"https:\/\/cbs-electro.com\/index.php\/produit\/apple-ipad-pro-2022-12-9-pouces-wi-fi-128-go-argent\/#primaryimage\",\"url\":\"https:\/\/cbs-electro.com\/wp-content\/uploads\/2023\/12\/MN0005989700.jpg\",\"contentUrl\":\"https:\/\/cbs-electro.com\/wp-content\/uploads\/2023\/12\/MN0005989700.jpg\",\"width\":550,\"height\":550},{\"@type\":\"BreadcrumbList\",\"@id\":\"https:\/\/cbs-electro.com\/index.php\/produit\/apple-ipad-pro-2022-12-9-pouces-wi-fi-128-go-argent\/#breadcrumb\",\"itemListElement\":[{\"@type\":\"ListItem\",\"position\":1,\"name\":\"Accueil\",\"item\":\"https:\/\/www.cbs-electro.com\/\"},{\"@type\":\"ListItem\",\"position\":2,\"name\":\"Boutique\",\"item\":\"https:\/\/www.cbs-electro.com\/index.php\/boutique\/\"},{\"@type\":\"ListItem\",\"position\":3,\"name\":\"Apple iPad Pro 2022 12.9 pouces Wi-Fi &#8211; 128 Go &#8211; Argent\"}]},{\"@type\":\"WebSite\",\"@id\":\"https:\/\/www.cbs-electro.com\/#website\",\"url\":\"https:\/\/www.cbs-electro.com\/\",\"name\":\"CBS Electro\",\"description\":\"Vente des produits neufs - Informatique, Smartphones, livres, jeux vid\u00e9o, photos, jouets et \u00e9lectrom\u00e9nager\",\"potentialAction\":[{\"@type\":\"SearchAction\",\"target\":{\"@type\":\"EntryPoint\",\"urlTemplate\":\"https:\/\/www.cbs-electro.com\/?s={search_term_string}\"},\"query-input\":{\"@type\":\"PropertyValueSpecification\",\"valueRequired\":true,\"valueName\":\"search_term_string\"}}],\"inLanguage\":\"fr-FR\"}]}<\/script>\n<!-- \/ Yoast SEO plugin. -->","yoast_head_json":{"title":"Apple iPad Pro 2022 12.9 pouces Wi-Fi - 128 Go - Argent - CBS Electro","robots":{"index":"index","follow":"follow","max-snippet":"max-snippet:-1","max-image-preview":"max-image-preview:large","max-video-preview":"max-video-preview:-1"},"canonical":"https:\/\/cbs-electro.com\/index.php\/produit\/apple-ipad-pro-2022-12-9-pouces-wi-fi-128-go-argent\/","og_locale":"fr_FR","og_type":"article","og_title":"Apple iPad Pro 2022 12.9 pouces Wi-Fi - 128 Go - Argent - CBS Electro","og_description":"Puce Apple M2, 12.9\", 128 Go, iPadOS, Argent","og_url":"https:\/\/cbs-electro.com\/index.php\/produit\/apple-ipad-pro-2022-12-9-pouces-wi-fi-128-go-argent\/","og_site_name":"CBS Electro","article_modified_time":"2025-03-12T15:37:35+00:00","og_image":[{"width":550,"height":550,"url":"https:\/\/cbs-electro.com\/wp-content\/uploads\/2023\/12\/MN0005989700.jpg","type":"image\/jpeg"}],"twitter_card":"summary_large_image","schema":{"@context":"https:\/\/schema.org","@graph":[{"@type":"WebPage","@id":"https:\/\/cbs-electro.com\/index.php\/produit\/apple-ipad-pro-2022-12-9-pouces-wi-fi-128-go-argent\/","url":"https:\/\/cbs-electro.com\/index.php\/produit\/apple-ipad-pro-2022-12-9-pouces-wi-fi-128-go-argent\/","name":"Apple iPad Pro 2022 12.9 pouces Wi-Fi - 128 Go - Argent - CBS Electro","isPartOf":{"@id":"https:\/\/www.cbs-electro.com\/#website"},"primaryImageOfPage":{"@id":"https:\/\/cbs-electro.com\/index.php\/produit\/apple-ipad-pro-2022-12-9-pouces-wi-fi-128-go-argent\/#primaryimage"},"image":{"@id":"https:\/\/cbs-electro.com\/index.php\/produit\/apple-ipad-pro-2022-12-9-pouces-wi-fi-128-go-argent\/#primaryimage"},"thumbnailUrl":"https:\/\/cbs-electro.com\/wp-content\/uploads\/2023\/12\/MN0005989700.jpg","datePublished":"2023-12-03T15:54:46+00:00","dateModified":"2025-03-12T15:37:35+00:00","breadcrumb":{"@id":"https:\/\/cbs-electro.com\/index.php\/produit\/apple-ipad-pro-2022-12-9-pouces-wi-fi-128-go-argent\/#breadcrumb"},"inLanguage":"fr-FR","potentialAction":[{"@type":"ReadAction","target":["https:\/\/cbs-electro.com\/index.php\/produit\/apple-ipad-pro-2022-12-9-pouces-wi-fi-128-go-argent\/"]}]},{"@type":"ImageObject","inLanguage":"fr-FR","@id":"https:\/\/cbs-electro.com\/index.php\/produit\/apple-ipad-pro-2022-12-9-pouces-wi-fi-128-go-argent\/#primaryimage","url":"https:\/\/cbs-electro.com\/wp-content\/uploads\/2023\/12\/MN0005989700.jpg","contentUrl":"https:\/\/cbs-electro.com\/wp-content\/uploads\/2023\/12\/MN0005989700.jpg","width":550,"height":550},{"@type":"BreadcrumbList","@id":"https:\/\/cbs-electro.com\/index.php\/produit\/apple-ipad-pro-2022-12-9-pouces-wi-fi-128-go-argent\/#breadcrumb","itemListElement":[{"@type":"ListItem","position":1,"name":"Accueil","item":"https:\/\/www.cbs-electro.com\/"},{"@type":"ListItem","position":2,"name":"Boutique","item":"https:\/\/www.cbs-electro.com\/index.php\/boutique\/"},{"@type":"ListItem","position":3,"name":"Apple iPad Pro 2022 12.9 pouces Wi-Fi &#8211; 128 Go &#8211; Argent"}]},{"@type":"WebSite","@id":"https:\/\/www.cbs-electro.com\/#website","url":"https:\/\/www.cbs-electro.com\/","name":"CBS Electro","description":"Vente des produits neufs - Informatique, Smartphones, livres, jeux vid\u00e9o, photos, jouets et \u00e9lectrom\u00e9nager","potentialAction":[{"@type":"SearchAction","target":{"@type":"EntryPoint","urlTemplate":"https:\/\/www.cbs-electro.com\/?s={search_term_string}"},"query-input":{"@type":"PropertyValueSpecification","valueRequired":true,"valueName":"search_term_string"}}],"inLanguage":"fr-FR"}]}},"_links":{"self":[{"href":"https:\/\/cbs-electro.com\/index.php\/wp-json\/wp\/v2\/product\/16671","targetHints":{"allow":["GET"]}}],"collection":[{"href":"https:\/\/cbs-electro.com\/index.php\/wp-json\/wp\/v2\/product"}],"about":[{"href":"https:\/\/cbs-electro.com\/index.php\/wp-json\/wp\/v2\/types\/product"}],"version-history":[{"count":1,"href":"https:\/\/cbs-electro.com\/index.php\/wp-json\/wp\/v2\/product\/16671\/revisions"}],"predecessor-version":[{"id":16672,"href":"https:\/\/cbs-electro.com\/index.php\/wp-json\/wp\/v2\/product\/16671\/revisions\/16672"}],"wp:featuredmedia":[{"embeddable":true,"href":"https:\/\/cbs-electro.com\/index.php\/wp-json\/wp\/v2\/media\/16669"}],"wp:attachment":[{"href":"https:\/\/cbs-electro.com\/index.php\/wp-json\/wp\/v2\/media?parent=16671"}],"wp:term":[{"taxonomy":"product_brand","embeddable":true,"href":"https:\/\/cbs-electro.com\/index.php\/wp-json\/wp\/v2\/product_brand?post=16671"},{"taxonomy":"product_cat","embeddable":true,"href":"https:\/\/cbs-electro.com\/index.php\/wp-json\/wp\/v2\/product_cat?post=16671"},{"taxonomy":"product_tag","embeddable":true,"href":"https:\/\/cbs-electro.com\/index.php\/wp-json\/wp\/v2\/product_tag?post=16671"}],"curies":[{"name":"wp","href":"https:\/\/api.w.org\/{rel}","templated":true}]}}