{"id":16660,"date":"2023-12-03T16:51:07","date_gmt":"2023-12-03T15:51:07","guid":{"rendered":"https:\/?post_type=product&#038;p=16660"},"modified":"2025-03-13T07:18:27","modified_gmt":"2025-03-13T06:18:27","slug":"apple-ipad-mini-2021-wi-fi-cellular-64-go-rose","status":"publish","type":"product","link":"https:\/\/cbs-electro.com\/index.php\/produit\/apple-ipad-mini-2021-wi-fi-cellular-64-go-rose\/","title":{"rendered":"Apple iPad mini (2021) Wi-Fi + Cellular &#8211; 64 Go &#8211; Rose"},"content":{"rendered":"<p class=\"mb-4 d-none d-md-block text-justify\">Le nouvel iPad mini offre un design tout \u00e9cran avec son \u00e9cran Liquid Retina de 8,3 pouces. Il est \u00e9quip\u00e9 de la puissante puce A15 Bionic avec Neural Engine. La cam\u00e9ra avant ultra grand-angle de 12 m\u00e9gapixels permet la fonction Cadre centr\u00e9. Prenez des notes, annotez des documents ou saisissez au vol vos id\u00e9es les plus lumineuses avec l&rsquo;Apple Pencil (2\u1d49 g\u00e9n\u00e9ration) qui se fixe de fa\u00e7on magn\u00e9tique et se recharge sans fil (vendu en option).Et faites-en toujours plus, gr\u00e2ce au Wi\u2011Fi, \u00e0 la technologie Cellular LTE Advanced et \u00e0 l&rsquo;autonomie d&rsquo;une journ\u00e9e.<\/p>\n<div class=\"product-variants\">\n<div class=\"row\">\n<div class=\"col-12\"><\/div>\n<\/div>\n<\/div>\n","protected":false},"excerpt":{"rendered":"<div class=\"col-12 col-md-9\">\n<h2 class=\"c-product__specs\">Puce A15 Bionic, 8,3&Prime;, 64 Go, iPadOS, Rose<\/h2>\n<\/div>\n<div class=\"d-none d-md-block col-md-3\"><\/div>\n","protected":false},"featured_media":16664,"template":"","meta":[],"product_brand":[],"product_cat":[104,167],"product_tag":[],"class_list":{"0":"post-16660","1":"product","2":"type-product","3":"status-publish","4":"has-post-thumbnail","6":"product_cat-informatique","7":"product_cat-tablette","9":"first","10":"instock","11":"taxable","12":"shipping-taxable","13":"purchasable","14":"product-type-simple"},"yoast_head":"<!-- This site is optimized with the Yoast SEO plugin v24.8.1 - https:\/\/yoast.com\/wordpress\/plugins\/seo\/ -->\n<title>Apple iPad mini (2021) Wi-Fi + Cellular - 64 Go - Rose - CBS Electro<\/title>\n<meta name=\"robots\" content=\"index, follow, max-snippet:-1, max-image-preview:large, max-video-preview:-1\" \/>\n<link rel=\"canonical\" href=\"https:\/\/cbs-electro.com\/index.php\/produit\/apple-ipad-mini-2021-wi-fi-cellular-64-go-rose\/\" \/>\n<meta property=\"og:locale\" content=\"fr_FR\" \/>\n<meta property=\"og:type\" content=\"article\" \/>\n<meta property=\"og:title\" content=\"Apple iPad mini (2021) Wi-Fi + Cellular - 64 Go - Rose - CBS Electro\" \/>\n<meta property=\"og:description\" content=\"Puce A15 Bionic, 8,3&quot;, 64 Go, iPadOS, Rose\" \/>\n<meta property=\"og:url\" content=\"https:\/\/cbs-electro.com\/index.php\/produit\/apple-ipad-mini-2021-wi-fi-cellular-64-go-rose\/\" \/>\n<meta property=\"og:site_name\" content=\"CBS Electro\" \/>\n<meta property=\"article:modified_time\" content=\"2025-03-13T06:18:27+00:00\" \/>\n<meta property=\"og:image\" content=\"https:\/\/cbs-electro.com\/wp-content\/uploads\/2023\/12\/MN0005887743_1.jpg\" \/>\n\t<meta property=\"og:image:width\" content=\"550\" \/>\n\t<meta property=\"og:image:height\" content=\"550\" \/>\n\t<meta property=\"og:image:type\" content=\"image\/jpeg\" \/>\n<meta name=\"twitter:card\" content=\"summary_large_image\" \/>\n<script type=\"application\/ld+json\" class=\"yoast-schema-graph\">{\"@context\":\"https:\/\/schema.org\",\"@graph\":[{\"@type\":\"WebPage\",\"@id\":\"https:\/\/cbs-electro.com\/index.php\/produit\/apple-ipad-mini-2021-wi-fi-cellular-64-go-rose\/\",\"url\":\"https:\/\/cbs-electro.com\/index.php\/produit\/apple-ipad-mini-2021-wi-fi-cellular-64-go-rose\/\",\"name\":\"Apple iPad mini (2021) Wi-Fi + Cellular - 64 Go - Rose - CBS Electro\",\"isPartOf\":{\"@id\":\"https:\/\/www.cbs-electro.com\/#website\"},\"primaryImageOfPage\":{\"@id\":\"https:\/\/cbs-electro.com\/index.php\/produit\/apple-ipad-mini-2021-wi-fi-cellular-64-go-rose\/#primaryimage\"},\"image\":{\"@id\":\"https:\/\/cbs-electro.com\/index.php\/produit\/apple-ipad-mini-2021-wi-fi-cellular-64-go-rose\/#primaryimage\"},\"thumbnailUrl\":\"https:\/\/cbs-electro.com\/wp-content\/uploads\/2023\/12\/MN0005887743_1.jpg\",\"datePublished\":\"2023-12-03T15:51:07+00:00\",\"dateModified\":\"2025-03-13T06:18:27+00:00\",\"breadcrumb\":{\"@id\":\"https:\/\/cbs-electro.com\/index.php\/produit\/apple-ipad-mini-2021-wi-fi-cellular-64-go-rose\/#breadcrumb\"},\"inLanguage\":\"fr-FR\",\"potentialAction\":[{\"@type\":\"ReadAction\",\"target\":[\"https:\/\/cbs-electro.com\/index.php\/produit\/apple-ipad-mini-2021-wi-fi-cellular-64-go-rose\/\"]}]},{\"@type\":\"ImageObject\",\"inLanguage\":\"fr-FR\",\"@id\":\"https:\/\/cbs-electro.com\/index.php\/produit\/apple-ipad-mini-2021-wi-fi-cellular-64-go-rose\/#primaryimage\",\"url\":\"https:\/\/cbs-electro.com\/wp-content\/uploads\/2023\/12\/MN0005887743_1.jpg\",\"contentUrl\":\"https:\/\/cbs-electro.com\/wp-content\/uploads\/2023\/12\/MN0005887743_1.jpg\",\"width\":550,\"height\":550},{\"@type\":\"BreadcrumbList\",\"@id\":\"https:\/\/cbs-electro.com\/index.php\/produit\/apple-ipad-mini-2021-wi-fi-cellular-64-go-rose\/#breadcrumb\",\"itemListElement\":[{\"@type\":\"ListItem\",\"position\":1,\"name\":\"Accueil\",\"item\":\"https:\/\/www.cbs-electro.com\/\"},{\"@type\":\"ListItem\",\"position\":2,\"name\":\"Boutique\",\"item\":\"https:\/\/www.cbs-electro.com\/index.php\/boutique\/\"},{\"@type\":\"ListItem\",\"position\":3,\"name\":\"Apple iPad mini (2021) Wi-Fi + Cellular &#8211; 64 Go &#8211; Rose\"}]},{\"@type\":\"WebSite\",\"@id\":\"https:\/\/www.cbs-electro.com\/#website\",\"url\":\"https:\/\/www.cbs-electro.com\/\",\"name\":\"CBS Electro\",\"description\":\"Vente des produits neufs - Informatique, Smartphones, livres, jeux vid\u00e9o, photos, jouets et \u00e9lectrom\u00e9nager\",\"potentialAction\":[{\"@type\":\"SearchAction\",\"target\":{\"@type\":\"EntryPoint\",\"urlTemplate\":\"https:\/\/www.cbs-electro.com\/?s={search_term_string}\"},\"query-input\":{\"@type\":\"PropertyValueSpecification\",\"valueRequired\":true,\"valueName\":\"search_term_string\"}}],\"inLanguage\":\"fr-FR\"}]}<\/script>\n<!-- \/ Yoast SEO plugin. -->","yoast_head_json":{"title":"Apple iPad mini (2021) Wi-Fi + Cellular - 64 Go - Rose - CBS Electro","robots":{"index":"index","follow":"follow","max-snippet":"max-snippet:-1","max-image-preview":"max-image-preview:large","max-video-preview":"max-video-preview:-1"},"canonical":"https:\/\/cbs-electro.com\/index.php\/produit\/apple-ipad-mini-2021-wi-fi-cellular-64-go-rose\/","og_locale":"fr_FR","og_type":"article","og_title":"Apple iPad mini (2021) Wi-Fi + Cellular - 64 Go - Rose - CBS Electro","og_description":"Puce A15 Bionic, 8,3\", 64 Go, iPadOS, Rose","og_url":"https:\/\/cbs-electro.com\/index.php\/produit\/apple-ipad-mini-2021-wi-fi-cellular-64-go-rose\/","og_site_name":"CBS Electro","article_modified_time":"2025-03-13T06:18:27+00:00","og_image":[{"width":550,"height":550,"url":"https:\/\/cbs-electro.com\/wp-content\/uploads\/2023\/12\/MN0005887743_1.jpg","type":"image\/jpeg"}],"twitter_card":"summary_large_image","schema":{"@context":"https:\/\/schema.org","@graph":[{"@type":"WebPage","@id":"https:\/\/cbs-electro.com\/index.php\/produit\/apple-ipad-mini-2021-wi-fi-cellular-64-go-rose\/","url":"https:\/\/cbs-electro.com\/index.php\/produit\/apple-ipad-mini-2021-wi-fi-cellular-64-go-rose\/","name":"Apple iPad mini (2021) Wi-Fi + Cellular - 64 Go - Rose - CBS Electro","isPartOf":{"@id":"https:\/\/www.cbs-electro.com\/#website"},"primaryImageOfPage":{"@id":"https:\/\/cbs-electro.com\/index.php\/produit\/apple-ipad-mini-2021-wi-fi-cellular-64-go-rose\/#primaryimage"},"image":{"@id":"https:\/\/cbs-electro.com\/index.php\/produit\/apple-ipad-mini-2021-wi-fi-cellular-64-go-rose\/#primaryimage"},"thumbnailUrl":"https:\/\/cbs-electro.com\/wp-content\/uploads\/2023\/12\/MN0005887743_1.jpg","datePublished":"2023-12-03T15:51:07+00:00","dateModified":"2025-03-13T06:18:27+00:00","breadcrumb":{"@id":"https:\/\/cbs-electro.com\/index.php\/produit\/apple-ipad-mini-2021-wi-fi-cellular-64-go-rose\/#breadcrumb"},"inLanguage":"fr-FR","potentialAction":[{"@type":"ReadAction","target":["https:\/\/cbs-electro.com\/index.php\/produit\/apple-ipad-mini-2021-wi-fi-cellular-64-go-rose\/"]}]},{"@type":"ImageObject","inLanguage":"fr-FR","@id":"https:\/\/cbs-electro.com\/index.php\/produit\/apple-ipad-mini-2021-wi-fi-cellular-64-go-rose\/#primaryimage","url":"https:\/\/cbs-electro.com\/wp-content\/uploads\/2023\/12\/MN0005887743_1.jpg","contentUrl":"https:\/\/cbs-electro.com\/wp-content\/uploads\/2023\/12\/MN0005887743_1.jpg","width":550,"height":550},{"@type":"BreadcrumbList","@id":"https:\/\/cbs-electro.com\/index.php\/produit\/apple-ipad-mini-2021-wi-fi-cellular-64-go-rose\/#breadcrumb","itemListElement":[{"@type":"ListItem","position":1,"name":"Accueil","item":"https:\/\/www.cbs-electro.com\/"},{"@type":"ListItem","position":2,"name":"Boutique","item":"https:\/\/www.cbs-electro.com\/index.php\/boutique\/"},{"@type":"ListItem","position":3,"name":"Apple iPad mini (2021) Wi-Fi + Cellular &#8211; 64 Go &#8211; Rose"}]},{"@type":"WebSite","@id":"https:\/\/www.cbs-electro.com\/#website","url":"https:\/\/www.cbs-electro.com\/","name":"CBS Electro","description":"Vente des produits neufs - Informatique, Smartphones, livres, jeux vid\u00e9o, photos, jouets et \u00e9lectrom\u00e9nager","potentialAction":[{"@type":"SearchAction","target":{"@type":"EntryPoint","urlTemplate":"https:\/\/www.cbs-electro.com\/?s={search_term_string}"},"query-input":{"@type":"PropertyValueSpecification","valueRequired":true,"valueName":"search_term_string"}}],"inLanguage":"fr-FR"}]}},"_links":{"self":[{"href":"https:\/\/cbs-electro.com\/index.php\/wp-json\/wp\/v2\/product\/16660","targetHints":{"allow":["GET"]}}],"collection":[{"href":"https:\/\/cbs-electro.com\/index.php\/wp-json\/wp\/v2\/product"}],"about":[{"href":"https:\/\/cbs-electro.com\/index.php\/wp-json\/wp\/v2\/types\/product"}],"version-history":[{"count":1,"href":"https:\/\/cbs-electro.com\/index.php\/wp-json\/wp\/v2\/product\/16660\/revisions"}],"predecessor-version":[{"id":16665,"href":"https:\/\/cbs-electro.com\/index.php\/wp-json\/wp\/v2\/product\/16660\/revisions\/16665"}],"wp:featuredmedia":[{"embeddable":true,"href":"https:\/\/cbs-electro.com\/index.php\/wp-json\/wp\/v2\/media\/16664"}],"wp:attachment":[{"href":"https:\/\/cbs-electro.com\/index.php\/wp-json\/wp\/v2\/media?parent=16660"}],"wp:term":[{"taxonomy":"product_brand","embeddable":true,"href":"https:\/\/cbs-electro.com\/index.php\/wp-json\/wp\/v2\/product_brand?post=16660"},{"taxonomy":"product_cat","embeddable":true,"href":"https:\/\/cbs-electro.com\/index.php\/wp-json\/wp\/v2\/product_cat?post=16660"},{"taxonomy":"product_tag","embeddable":true,"href":"https:\/\/cbs-electro.com\/index.php\/wp-json\/wp\/v2\/product_tag?post=16660"}],"curies":[{"name":"wp","href":"https:\/\/api.w.org\/{rel}","templated":true}]}}