{"id":16603,"date":"2023-12-03T15:59:20","date_gmt":"2023-12-03T14:59:20","guid":{"rendered":"https:\/?post_type=product&#038;p=16603"},"modified":"2025-03-13T07:23:08","modified_gmt":"2025-03-13T06:23:08","slug":"hp-probook-450-g10-816s2ea","status":"publish","type":"product","link":"https:\/\/cbs-electro.com\/index.php\/produit\/hp-probook-450-g10-816s2ea\/","title":{"rendered":"HP ProBook 450 G10 (816S2EA)"},"content":{"rendered":"<p class=\"mb-4 d-none d-md-block text-justify\">L&rsquo;ordinateur portable HP ProBook 450 G10 (816S2EA) est l&rsquo;outil informatique id\u00e9al pour les professionnels mobiles. Son ch\u00e2ssis s&rsquo;affirme par sa finesse et sa l\u00e9g\u00e8ret\u00e9, et int\u00e8gre un \u00e9cran IPS Full HD 15,6&Prime; bord \u00e0 bord et antireflet. Robuste gr\u00e2ce \u00e0 son capot m\u00e9tallique, il int\u00e8gre un ensemble connectique complet adapt\u00e9 \u00e0 une utilisation partag\u00e9e entre d\u00e9placements et bureau. Du c\u00f4t\u00e9 de la configuration, le ProBook 450 G9 de HP compile des composants performants ! Ce PC portable professionnel est port\u00e9 par un processeur i7-1355U, 16 Go de RAM DDR4 et un stockage SSD de 512 Go ! La s\u00e9rie HP ProBook 450 G10 prot\u00e8ge efficacement vos donn\u00e9es professionnelles gr\u00e2ce \u00e0 diff\u00e9rents modules de s\u00e9curit\u00e9 int\u00e9gr\u00e9s et mis \u00e0 jour automatiquement.<\/p>\n<div class=\"row align-items-center justify-content-center justify-content-lg-start my-3\">\n<div class=\"col-auto\">\n<div class=\"d-flex align-items-end\"><\/div>\n<\/div>\n<\/div>\n","protected":false},"excerpt":{"rendered":"<div class=\"col-12 col-md-9\">\n<h2 class=\"c-product__specs\">Professionnel, 15.6&Prime;, IPS, Full HD, Core i7-1355U, RAM 16 Go, SSD 512 Go, Windows 10 Pro, 1,74 kg<\/h2>\n<\/div>\n<div class=\"d-none d-md-block col-md-3\"><\/div>\n","protected":false},"featured_media":16605,"template":"","meta":[],"product_brand":[],"product_cat":[104,163],"product_tag":[],"class_list":{"0":"post-16603","1":"product","2":"type-product","3":"status-publish","4":"has-post-thumbnail","6":"product_cat-informatique","7":"product_cat-ordinateur-portable","9":"first","10":"instock","11":"taxable","12":"shipping-taxable","13":"purchasable","14":"product-type-simple"},"yoast_head":"<!-- This site is optimized with the Yoast SEO plugin v24.8.1 - https:\/\/yoast.com\/wordpress\/plugins\/seo\/ -->\n<title>HP ProBook 450 G10 (816S2EA) - CBS Electro<\/title>\n<meta name=\"robots\" content=\"index, follow, max-snippet:-1, max-image-preview:large, max-video-preview:-1\" \/>\n<link rel=\"canonical\" href=\"https:\/\/cbs-electro.com\/index.php\/produit\/hp-probook-450-g10-816s2ea\/\" \/>\n<meta property=\"og:locale\" content=\"fr_FR\" \/>\n<meta property=\"og:type\" content=\"article\" \/>\n<meta property=\"og:title\" content=\"HP ProBook 450 G10 (816S2EA) - CBS Electro\" \/>\n<meta property=\"og:description\" content=\"Professionnel, 15.6&quot;, IPS, Full HD, Core i7-1355U, RAM 16 Go, SSD 512 Go, Windows 10 Pro, 1,74 kg\" \/>\n<meta property=\"og:url\" content=\"https:\/\/cbs-electro.com\/index.php\/produit\/hp-probook-450-g10-816s2ea\/\" \/>\n<meta property=\"og:site_name\" content=\"CBS Electro\" \/>\n<meta property=\"article:modified_time\" content=\"2025-03-13T06:23:08+00:00\" \/>\n<meta property=\"og:image\" content=\"https:\/\/cbs-electro.com\/wp-content\/uploads\/2023\/12\/MN0006064075_0006064078.jpg\" \/>\n\t<meta property=\"og:image:width\" content=\"550\" \/>\n\t<meta property=\"og:image:height\" content=\"550\" \/>\n\t<meta property=\"og:image:type\" content=\"image\/jpeg\" \/>\n<meta name=\"twitter:card\" content=\"summary_large_image\" \/>\n<meta name=\"twitter:label1\" content=\"Dur\u00e9e de lecture estim\u00e9e\" \/>\n\t<meta name=\"twitter:data1\" content=\"1 minute\" \/>\n<script type=\"application\/ld+json\" class=\"yoast-schema-graph\">{\"@context\":\"https:\/\/schema.org\",\"@graph\":[{\"@type\":\"WebPage\",\"@id\":\"https:\/\/cbs-electro.com\/index.php\/produit\/hp-probook-450-g10-816s2ea\/\",\"url\":\"https:\/\/cbs-electro.com\/index.php\/produit\/hp-probook-450-g10-816s2ea\/\",\"name\":\"HP ProBook 450 G10 (816S2EA) - CBS Electro\",\"isPartOf\":{\"@id\":\"https:\/\/www.cbs-electro.com\/#website\"},\"primaryImageOfPage\":{\"@id\":\"https:\/\/cbs-electro.com\/index.php\/produit\/hp-probook-450-g10-816s2ea\/#primaryimage\"},\"image\":{\"@id\":\"https:\/\/cbs-electro.com\/index.php\/produit\/hp-probook-450-g10-816s2ea\/#primaryimage\"},\"thumbnailUrl\":\"https:\/\/cbs-electro.com\/wp-content\/uploads\/2023\/12\/MN0006064075_0006064078.jpg\",\"datePublished\":\"2023-12-03T14:59:20+00:00\",\"dateModified\":\"2025-03-13T06:23:08+00:00\",\"breadcrumb\":{\"@id\":\"https:\/\/cbs-electro.com\/index.php\/produit\/hp-probook-450-g10-816s2ea\/#breadcrumb\"},\"inLanguage\":\"fr-FR\",\"potentialAction\":[{\"@type\":\"ReadAction\",\"target\":[\"https:\/\/cbs-electro.com\/index.php\/produit\/hp-probook-450-g10-816s2ea\/\"]}]},{\"@type\":\"ImageObject\",\"inLanguage\":\"fr-FR\",\"@id\":\"https:\/\/cbs-electro.com\/index.php\/produit\/hp-probook-450-g10-816s2ea\/#primaryimage\",\"url\":\"https:\/\/cbs-electro.com\/wp-content\/uploads\/2023\/12\/MN0006064075_0006064078.jpg\",\"contentUrl\":\"https:\/\/cbs-electro.com\/wp-content\/uploads\/2023\/12\/MN0006064075_0006064078.jpg\",\"width\":550,\"height\":550},{\"@type\":\"BreadcrumbList\",\"@id\":\"https:\/\/cbs-electro.com\/index.php\/produit\/hp-probook-450-g10-816s2ea\/#breadcrumb\",\"itemListElement\":[{\"@type\":\"ListItem\",\"position\":1,\"name\":\"Accueil\",\"item\":\"https:\/\/www.cbs-electro.com\/\"},{\"@type\":\"ListItem\",\"position\":2,\"name\":\"Boutique\",\"item\":\"https:\/\/www.cbs-electro.com\/index.php\/boutique\/\"},{\"@type\":\"ListItem\",\"position\":3,\"name\":\"HP ProBook 450 G10 (816S2EA)\"}]},{\"@type\":\"WebSite\",\"@id\":\"https:\/\/www.cbs-electro.com\/#website\",\"url\":\"https:\/\/www.cbs-electro.com\/\",\"name\":\"CBS Electro\",\"description\":\"Vente des produits neufs - Informatique, Smartphones, livres, jeux vid\u00e9o, photos, jouets et \u00e9lectrom\u00e9nager\",\"potentialAction\":[{\"@type\":\"SearchAction\",\"target\":{\"@type\":\"EntryPoint\",\"urlTemplate\":\"https:\/\/www.cbs-electro.com\/?s={search_term_string}\"},\"query-input\":{\"@type\":\"PropertyValueSpecification\",\"valueRequired\":true,\"valueName\":\"search_term_string\"}}],\"inLanguage\":\"fr-FR\"}]}<\/script>\n<!-- \/ Yoast SEO plugin. -->","yoast_head_json":{"title":"HP ProBook 450 G10 (816S2EA) - CBS Electro","robots":{"index":"index","follow":"follow","max-snippet":"max-snippet:-1","max-image-preview":"max-image-preview:large","max-video-preview":"max-video-preview:-1"},"canonical":"https:\/\/cbs-electro.com\/index.php\/produit\/hp-probook-450-g10-816s2ea\/","og_locale":"fr_FR","og_type":"article","og_title":"HP ProBook 450 G10 (816S2EA) - CBS Electro","og_description":"Professionnel, 15.6\", IPS, Full HD, Core i7-1355U, RAM 16 Go, SSD 512 Go, Windows 10 Pro, 1,74 kg","og_url":"https:\/\/cbs-electro.com\/index.php\/produit\/hp-probook-450-g10-816s2ea\/","og_site_name":"CBS Electro","article_modified_time":"2025-03-13T06:23:08+00:00","og_image":[{"width":550,"height":550,"url":"https:\/\/cbs-electro.com\/wp-content\/uploads\/2023\/12\/MN0006064075_0006064078.jpg","type":"image\/jpeg"}],"twitter_card":"summary_large_image","twitter_misc":{"Dur\u00e9e de lecture estim\u00e9e":"1 minute"},"schema":{"@context":"https:\/\/schema.org","@graph":[{"@type":"WebPage","@id":"https:\/\/cbs-electro.com\/index.php\/produit\/hp-probook-450-g10-816s2ea\/","url":"https:\/\/cbs-electro.com\/index.php\/produit\/hp-probook-450-g10-816s2ea\/","name":"HP ProBook 450 G10 (816S2EA) - CBS Electro","isPartOf":{"@id":"https:\/\/www.cbs-electro.com\/#website"},"primaryImageOfPage":{"@id":"https:\/\/cbs-electro.com\/index.php\/produit\/hp-probook-450-g10-816s2ea\/#primaryimage"},"image":{"@id":"https:\/\/cbs-electro.com\/index.php\/produit\/hp-probook-450-g10-816s2ea\/#primaryimage"},"thumbnailUrl":"https:\/\/cbs-electro.com\/wp-content\/uploads\/2023\/12\/MN0006064075_0006064078.jpg","datePublished":"2023-12-03T14:59:20+00:00","dateModified":"2025-03-13T06:23:08+00:00","breadcrumb":{"@id":"https:\/\/cbs-electro.com\/index.php\/produit\/hp-probook-450-g10-816s2ea\/#breadcrumb"},"inLanguage":"fr-FR","potentialAction":[{"@type":"ReadAction","target":["https:\/\/cbs-electro.com\/index.php\/produit\/hp-probook-450-g10-816s2ea\/"]}]},{"@type":"ImageObject","inLanguage":"fr-FR","@id":"https:\/\/cbs-electro.com\/index.php\/produit\/hp-probook-450-g10-816s2ea\/#primaryimage","url":"https:\/\/cbs-electro.com\/wp-content\/uploads\/2023\/12\/MN0006064075_0006064078.jpg","contentUrl":"https:\/\/cbs-electro.com\/wp-content\/uploads\/2023\/12\/MN0006064075_0006064078.jpg","width":550,"height":550},{"@type":"BreadcrumbList","@id":"https:\/\/cbs-electro.com\/index.php\/produit\/hp-probook-450-g10-816s2ea\/#breadcrumb","itemListElement":[{"@type":"ListItem","position":1,"name":"Accueil","item":"https:\/\/www.cbs-electro.com\/"},{"@type":"ListItem","position":2,"name":"Boutique","item":"https:\/\/www.cbs-electro.com\/index.php\/boutique\/"},{"@type":"ListItem","position":3,"name":"HP ProBook 450 G10 (816S2EA)"}]},{"@type":"WebSite","@id":"https:\/\/www.cbs-electro.com\/#website","url":"https:\/\/www.cbs-electro.com\/","name":"CBS Electro","description":"Vente des produits neufs - Informatique, Smartphones, livres, jeux vid\u00e9o, photos, jouets et \u00e9lectrom\u00e9nager","potentialAction":[{"@type":"SearchAction","target":{"@type":"EntryPoint","urlTemplate":"https:\/\/www.cbs-electro.com\/?s={search_term_string}"},"query-input":{"@type":"PropertyValueSpecification","valueRequired":true,"valueName":"search_term_string"}}],"inLanguage":"fr-FR"}]}},"_links":{"self":[{"href":"https:\/\/cbs-electro.com\/index.php\/wp-json\/wp\/v2\/product\/16603","targetHints":{"allow":["GET"]}}],"collection":[{"href":"https:\/\/cbs-electro.com\/index.php\/wp-json\/wp\/v2\/product"}],"about":[{"href":"https:\/\/cbs-electro.com\/index.php\/wp-json\/wp\/v2\/types\/product"}],"version-history":[{"count":1,"href":"https:\/\/cbs-electro.com\/index.php\/wp-json\/wp\/v2\/product\/16603\/revisions"}],"predecessor-version":[{"id":16607,"href":"https:\/\/cbs-electro.com\/index.php\/wp-json\/wp\/v2\/product\/16603\/revisions\/16607"}],"wp:featuredmedia":[{"embeddable":true,"href":"https:\/\/cbs-electro.com\/index.php\/wp-json\/wp\/v2\/media\/16605"}],"wp:attachment":[{"href":"https:\/\/cbs-electro.com\/index.php\/wp-json\/wp\/v2\/media?parent=16603"}],"wp:term":[{"taxonomy":"product_brand","embeddable":true,"href":"https:\/\/cbs-electro.com\/index.php\/wp-json\/wp\/v2\/product_brand?post=16603"},{"taxonomy":"product_cat","embeddable":true,"href":"https:\/\/cbs-electro.com\/index.php\/wp-json\/wp\/v2\/product_cat?post=16603"},{"taxonomy":"product_tag","embeddable":true,"href":"https:\/\/cbs-electro.com\/index.php\/wp-json\/wp\/v2\/product_tag?post=16603"}],"curies":[{"name":"wp","href":"https:\/\/api.w.org\/{rel}","templated":true}]}}