{"id":16592,"date":"2023-12-03T15:55:41","date_gmt":"2023-12-03T14:55:41","guid":{"rendered":"https:\/?post_type=product&#038;p=16592"},"modified":"2025-03-13T07:23:48","modified_gmt":"2025-03-13T06:23:48","slug":"hp-elitebook-845-g8-458z5ea","status":"publish","type":"product","link":"https:\/\/cbs-electro.com\/index.php\/produit\/hp-elitebook-845-g8-458z5ea\/","title":{"rendered":"HP EliteBook 845 G8 (458Z5EA)"},"content":{"rendered":"<p class=\"mb-4 d-none d-md-block text-justify\">Le HP EliteBook 845 G8 (458Z5EA) est un ordinateur portable professionnel haut de gamme. Mobile, robuste et performant, vous avez face \u00e0 vous l&rsquo;outil informatique id\u00e9al pour d\u00e9velopper votre productivit\u00e9. Son ch\u00e2ssis en aluminium est taill\u00e9 pour r\u00e9sister dans le temps tout en \u00e9tant fin et l\u00e9ger. Il int\u00e8gre un \u00e9cran IPS Full HD bord \u00e0 bord int\u00e9grant la fonction Sure View et un clavier r\u00e9tro\u00e9clair\u00e9 qui assurent un confort d&rsquo;utilisation optimal. La r\u00e9activit\u00e9 du syst\u00e8me est assur\u00e9e par une configuration performante. Retrouvez un processeur Ryzen 5 Pro 5650U, 8 Go de RAM DDR4-3200 et un stockage SSD format PCIe NVMe de 256 Go pour une r\u00e9activit\u00e9 de chaque instant sous Windows 10 Professionnel.<\/p>\n<div class=\"row align-items-center justify-content-center justify-content-lg-start my-3\">\n<div class=\"col-auto\">\n<div class=\"d-flex align-items-end\"><\/div>\n<\/div>\n<\/div>\n","protected":false},"excerpt":{"rendered":"<div class=\"col-12 col-md-9\">\n<h2 class=\"c-product__specs\">Professionnel, 14&Prime;, IPS, Full HD, Ryzen 5 Pro 5650U, RAM 8 Go, SSD 256 Go, Windows 10 Pro, 1,37 kg<\/h2>\n<\/div>\n<div class=\"d-none d-md-block col-md-3\"><\/div>\n","protected":false},"featured_media":16595,"template":"","meta":[],"product_brand":[],"product_cat":[104,163],"product_tag":[],"class_list":{"0":"post-16592","1":"product","2":"type-product","3":"status-publish","4":"has-post-thumbnail","6":"product_cat-informatique","7":"product_cat-ordinateur-portable","9":"first","10":"instock","11":"taxable","12":"shipping-taxable","13":"purchasable","14":"product-type-simple"},"yoast_head":"<!-- This site is optimized with the Yoast SEO plugin v24.8.1 - https:\/\/yoast.com\/wordpress\/plugins\/seo\/ -->\n<title>HP EliteBook 845 G8 (458Z5EA) - CBS Electro<\/title>\n<meta name=\"robots\" content=\"index, follow, max-snippet:-1, max-image-preview:large, max-video-preview:-1\" \/>\n<link rel=\"canonical\" href=\"https:\/\/cbs-electro.com\/index.php\/produit\/hp-elitebook-845-g8-458z5ea\/\" \/>\n<meta property=\"og:locale\" content=\"fr_FR\" \/>\n<meta property=\"og:type\" content=\"article\" \/>\n<meta property=\"og:title\" content=\"HP EliteBook 845 G8 (458Z5EA) - CBS Electro\" \/>\n<meta property=\"og:description\" content=\"Professionnel, 14&quot;, IPS, Full HD, Ryzen 5 Pro 5650U, RAM 8 Go, SSD 256 Go, Windows 10 Pro, 1,37 kg\" \/>\n<meta property=\"og:url\" content=\"https:\/\/cbs-electro.com\/index.php\/produit\/hp-elitebook-845-g8-458z5ea\/\" \/>\n<meta property=\"og:site_name\" content=\"CBS Electro\" \/>\n<meta property=\"article:modified_time\" content=\"2025-03-13T06:23:48+00:00\" \/>\n<meta property=\"og:image\" content=\"https:\/\/cbs-electro.com\/wp-content\/uploads\/2023\/12\/MN0005912766_1_0005913343.jpg\" \/>\n\t<meta property=\"og:image:width\" content=\"550\" \/>\n\t<meta property=\"og:image:height\" content=\"550\" \/>\n\t<meta property=\"og:image:type\" content=\"image\/jpeg\" \/>\n<meta name=\"twitter:card\" content=\"summary_large_image\" \/>\n<meta name=\"twitter:label1\" content=\"Dur\u00e9e de lecture estim\u00e9e\" \/>\n\t<meta name=\"twitter:data1\" content=\"1 minute\" \/>\n<script type=\"application\/ld+json\" class=\"yoast-schema-graph\">{\"@context\":\"https:\/\/schema.org\",\"@graph\":[{\"@type\":\"WebPage\",\"@id\":\"https:\/\/cbs-electro.com\/index.php\/produit\/hp-elitebook-845-g8-458z5ea\/\",\"url\":\"https:\/\/cbs-electro.com\/index.php\/produit\/hp-elitebook-845-g8-458z5ea\/\",\"name\":\"HP EliteBook 845 G8 (458Z5EA) - CBS Electro\",\"isPartOf\":{\"@id\":\"https:\/\/www.cbs-electro.com\/#website\"},\"primaryImageOfPage\":{\"@id\":\"https:\/\/cbs-electro.com\/index.php\/produit\/hp-elitebook-845-g8-458z5ea\/#primaryimage\"},\"image\":{\"@id\":\"https:\/\/cbs-electro.com\/index.php\/produit\/hp-elitebook-845-g8-458z5ea\/#primaryimage\"},\"thumbnailUrl\":\"https:\/\/cbs-electro.com\/wp-content\/uploads\/2023\/12\/MN0005912766_1_0005913343.jpg\",\"datePublished\":\"2023-12-03T14:55:41+00:00\",\"dateModified\":\"2025-03-13T06:23:48+00:00\",\"breadcrumb\":{\"@id\":\"https:\/\/cbs-electro.com\/index.php\/produit\/hp-elitebook-845-g8-458z5ea\/#breadcrumb\"},\"inLanguage\":\"fr-FR\",\"potentialAction\":[{\"@type\":\"ReadAction\",\"target\":[\"https:\/\/cbs-electro.com\/index.php\/produit\/hp-elitebook-845-g8-458z5ea\/\"]}]},{\"@type\":\"ImageObject\",\"inLanguage\":\"fr-FR\",\"@id\":\"https:\/\/cbs-electro.com\/index.php\/produit\/hp-elitebook-845-g8-458z5ea\/#primaryimage\",\"url\":\"https:\/\/cbs-electro.com\/wp-content\/uploads\/2023\/12\/MN0005912766_1_0005913343.jpg\",\"contentUrl\":\"https:\/\/cbs-electro.com\/wp-content\/uploads\/2023\/12\/MN0005912766_1_0005913343.jpg\",\"width\":550,\"height\":550},{\"@type\":\"BreadcrumbList\",\"@id\":\"https:\/\/cbs-electro.com\/index.php\/produit\/hp-elitebook-845-g8-458z5ea\/#breadcrumb\",\"itemListElement\":[{\"@type\":\"ListItem\",\"position\":1,\"name\":\"Accueil\",\"item\":\"https:\/\/www.cbs-electro.com\/\"},{\"@type\":\"ListItem\",\"position\":2,\"name\":\"Boutique\",\"item\":\"https:\/\/www.cbs-electro.com\/index.php\/boutique\/\"},{\"@type\":\"ListItem\",\"position\":3,\"name\":\"HP EliteBook 845 G8 (458Z5EA)\"}]},{\"@type\":\"WebSite\",\"@id\":\"https:\/\/www.cbs-electro.com\/#website\",\"url\":\"https:\/\/www.cbs-electro.com\/\",\"name\":\"CBS Electro\",\"description\":\"Vente des produits neufs - Informatique, Smartphones, livres, jeux vid\u00e9o, photos, jouets et \u00e9lectrom\u00e9nager\",\"potentialAction\":[{\"@type\":\"SearchAction\",\"target\":{\"@type\":\"EntryPoint\",\"urlTemplate\":\"https:\/\/www.cbs-electro.com\/?s={search_term_string}\"},\"query-input\":{\"@type\":\"PropertyValueSpecification\",\"valueRequired\":true,\"valueName\":\"search_term_string\"}}],\"inLanguage\":\"fr-FR\"}]}<\/script>\n<!-- \/ Yoast SEO plugin. -->","yoast_head_json":{"title":"HP EliteBook 845 G8 (458Z5EA) - CBS Electro","robots":{"index":"index","follow":"follow","max-snippet":"max-snippet:-1","max-image-preview":"max-image-preview:large","max-video-preview":"max-video-preview:-1"},"canonical":"https:\/\/cbs-electro.com\/index.php\/produit\/hp-elitebook-845-g8-458z5ea\/","og_locale":"fr_FR","og_type":"article","og_title":"HP EliteBook 845 G8 (458Z5EA) - CBS Electro","og_description":"Professionnel, 14\", IPS, Full HD, Ryzen 5 Pro 5650U, RAM 8 Go, SSD 256 Go, Windows 10 Pro, 1,37 kg","og_url":"https:\/\/cbs-electro.com\/index.php\/produit\/hp-elitebook-845-g8-458z5ea\/","og_site_name":"CBS Electro","article_modified_time":"2025-03-13T06:23:48+00:00","og_image":[{"width":550,"height":550,"url":"https:\/\/cbs-electro.com\/wp-content\/uploads\/2023\/12\/MN0005912766_1_0005913343.jpg","type":"image\/jpeg"}],"twitter_card":"summary_large_image","twitter_misc":{"Dur\u00e9e de lecture estim\u00e9e":"1 minute"},"schema":{"@context":"https:\/\/schema.org","@graph":[{"@type":"WebPage","@id":"https:\/\/cbs-electro.com\/index.php\/produit\/hp-elitebook-845-g8-458z5ea\/","url":"https:\/\/cbs-electro.com\/index.php\/produit\/hp-elitebook-845-g8-458z5ea\/","name":"HP EliteBook 845 G8 (458Z5EA) - CBS Electro","isPartOf":{"@id":"https:\/\/www.cbs-electro.com\/#website"},"primaryImageOfPage":{"@id":"https:\/\/cbs-electro.com\/index.php\/produit\/hp-elitebook-845-g8-458z5ea\/#primaryimage"},"image":{"@id":"https:\/\/cbs-electro.com\/index.php\/produit\/hp-elitebook-845-g8-458z5ea\/#primaryimage"},"thumbnailUrl":"https:\/\/cbs-electro.com\/wp-content\/uploads\/2023\/12\/MN0005912766_1_0005913343.jpg","datePublished":"2023-12-03T14:55:41+00:00","dateModified":"2025-03-13T06:23:48+00:00","breadcrumb":{"@id":"https:\/\/cbs-electro.com\/index.php\/produit\/hp-elitebook-845-g8-458z5ea\/#breadcrumb"},"inLanguage":"fr-FR","potentialAction":[{"@type":"ReadAction","target":["https:\/\/cbs-electro.com\/index.php\/produit\/hp-elitebook-845-g8-458z5ea\/"]}]},{"@type":"ImageObject","inLanguage":"fr-FR","@id":"https:\/\/cbs-electro.com\/index.php\/produit\/hp-elitebook-845-g8-458z5ea\/#primaryimage","url":"https:\/\/cbs-electro.com\/wp-content\/uploads\/2023\/12\/MN0005912766_1_0005913343.jpg","contentUrl":"https:\/\/cbs-electro.com\/wp-content\/uploads\/2023\/12\/MN0005912766_1_0005913343.jpg","width":550,"height":550},{"@type":"BreadcrumbList","@id":"https:\/\/cbs-electro.com\/index.php\/produit\/hp-elitebook-845-g8-458z5ea\/#breadcrumb","itemListElement":[{"@type":"ListItem","position":1,"name":"Accueil","item":"https:\/\/www.cbs-electro.com\/"},{"@type":"ListItem","position":2,"name":"Boutique","item":"https:\/\/www.cbs-electro.com\/index.php\/boutique\/"},{"@type":"ListItem","position":3,"name":"HP EliteBook 845 G8 (458Z5EA)"}]},{"@type":"WebSite","@id":"https:\/\/www.cbs-electro.com\/#website","url":"https:\/\/www.cbs-electro.com\/","name":"CBS Electro","description":"Vente des produits neufs - Informatique, Smartphones, livres, jeux vid\u00e9o, photos, jouets et \u00e9lectrom\u00e9nager","potentialAction":[{"@type":"SearchAction","target":{"@type":"EntryPoint","urlTemplate":"https:\/\/www.cbs-electro.com\/?s={search_term_string}"},"query-input":{"@type":"PropertyValueSpecification","valueRequired":true,"valueName":"search_term_string"}}],"inLanguage":"fr-FR"}]}},"_links":{"self":[{"href":"https:\/\/cbs-electro.com\/index.php\/wp-json\/wp\/v2\/product\/16592","targetHints":{"allow":["GET"]}}],"collection":[{"href":"https:\/\/cbs-electro.com\/index.php\/wp-json\/wp\/v2\/product"}],"about":[{"href":"https:\/\/cbs-electro.com\/index.php\/wp-json\/wp\/v2\/types\/product"}],"version-history":[{"count":1,"href":"https:\/\/cbs-electro.com\/index.php\/wp-json\/wp\/v2\/product\/16592\/revisions"}],"predecessor-version":[{"id":16597,"href":"https:\/\/cbs-electro.com\/index.php\/wp-json\/wp\/v2\/product\/16592\/revisions\/16597"}],"wp:featuredmedia":[{"embeddable":true,"href":"https:\/\/cbs-electro.com\/index.php\/wp-json\/wp\/v2\/media\/16595"}],"wp:attachment":[{"href":"https:\/\/cbs-electro.com\/index.php\/wp-json\/wp\/v2\/media?parent=16592"}],"wp:term":[{"taxonomy":"product_brand","embeddable":true,"href":"https:\/\/cbs-electro.com\/index.php\/wp-json\/wp\/v2\/product_brand?post=16592"},{"taxonomy":"product_cat","embeddable":true,"href":"https:\/\/cbs-electro.com\/index.php\/wp-json\/wp\/v2\/product_cat?post=16592"},{"taxonomy":"product_tag","embeddable":true,"href":"https:\/\/cbs-electro.com\/index.php\/wp-json\/wp\/v2\/product_tag?post=16592"}],"curies":[{"name":"wp","href":"https:\/\/api.w.org\/{rel}","templated":true}]}}