{"id":16589,"date":"2023-12-03T15:51:18","date_gmt":"2023-12-03T14:51:18","guid":{"rendered":"https:\/?post_type=product&#038;p=16589"},"modified":"2025-03-13T07:24:11","modified_gmt":"2025-03-13T06:24:11","slug":"hp-255-g8-7j059aa","status":"publish","type":"product","link":"https:\/\/cbs-electro.com\/index.php\/produit\/hp-255-g8-7j059aa\/","title":{"rendered":"HP 255 G8 (7J059AA)"},"content":{"rendered":"<p class=\"mb-4 d-none d-md-block text-justify\">Le HP 255 G8 (7J059AA) est un ordinateur portable qui se d\u00e9die \u00e0 ceux en qu\u00eate de mobilit\u00e9 et de performance \u00e0 co\u00fbt ma\u00eetris\u00e9. Son ch\u00e2ssis int\u00e8gre un confortable \u00e9cran Full HD de 15,6 pouces. Anim\u00e9 par un processeur AMD Ryzen 5 et de 8 Go de RAM DDR4-3200, il vous apportera toute la r\u00e9activit\u00e9 dont vous avez besoin au quotidien. Son SSD de 256 Go permet quant \u00e0 lui de stocker vos diff\u00e9rents fichiers et de doper sa r\u00e9activit\u00e9 globale. Le tout sous syst\u00e8me d&rsquo;exploitation Microsoft Windows 11.<\/p>\n<div class=\"row align-items-center justify-content-center justify-content-lg-start my-3\">\n<div class=\"col-auto\">\n<div class=\"d-flex align-items-end\"><\/div>\n<\/div>\n<\/div>\n","protected":false},"excerpt":{"rendered":"<div class=\"col-12 col-md-9\">\n<div class=\"col-12 col-md-9\">\n<h2 class=\"c-product__specs\">Bureautique, 15.6&Prime;, Full HD, Ryzen 5 5500U, RAM 8 Go, SSD 256 Go, Windows 11, 1,74 kg<\/h2>\n<\/div>\n<div class=\"d-none d-md-block col-md-3\"><\/div>\n<\/div>\n","protected":false},"featured_media":16587,"template":"","meta":[],"product_brand":[],"product_cat":[104,163],"product_tag":[],"class_list":{"0":"post-16589","1":"product","2":"type-product","3":"status-publish","4":"has-post-thumbnail","6":"product_cat-informatique","7":"product_cat-ordinateur-portable","9":"first","10":"instock","11":"taxable","12":"shipping-taxable","13":"purchasable","14":"product-type-simple"},"yoast_head":"<!-- This site is optimized with the Yoast SEO plugin v24.8.1 - https:\/\/yoast.com\/wordpress\/plugins\/seo\/ -->\n<title>HP 255 G8 (7J059AA) - CBS Electro<\/title>\n<meta name=\"robots\" content=\"index, follow, max-snippet:-1, max-image-preview:large, max-video-preview:-1\" \/>\n<link rel=\"canonical\" href=\"https:\/\/cbs-electro.com\/index.php\/produit\/hp-255-g8-7j059aa\/\" \/>\n<meta property=\"og:locale\" content=\"fr_FR\" \/>\n<meta property=\"og:type\" content=\"article\" \/>\n<meta property=\"og:title\" content=\"HP 255 G8 (7J059AA) - CBS Electro\" \/>\n<meta property=\"og:description\" content=\"Bureautique, 15.6&quot;, Full HD, Ryzen 5 5500U, RAM 8 Go, SSD 256 Go, Windows 11, 1,74 kg\" \/>\n<meta property=\"og:url\" content=\"https:\/\/cbs-electro.com\/index.php\/produit\/hp-255-g8-7j059aa\/\" \/>\n<meta property=\"og:site_name\" content=\"CBS Electro\" \/>\n<meta property=\"article:modified_time\" content=\"2025-03-13T06:24:11+00:00\" \/>\n<meta property=\"og:image\" content=\"https:\/\/cbs-electro.com\/wp-content\/uploads\/2023\/12\/MN0006052041_0006073827_0006077726.jpg\" \/>\n\t<meta property=\"og:image:width\" content=\"550\" \/>\n\t<meta property=\"og:image:height\" content=\"550\" \/>\n\t<meta property=\"og:image:type\" content=\"image\/jpeg\" \/>\n<meta name=\"twitter:card\" content=\"summary_large_image\" \/>\n<script type=\"application\/ld+json\" class=\"yoast-schema-graph\">{\"@context\":\"https:\/\/schema.org\",\"@graph\":[{\"@type\":\"WebPage\",\"@id\":\"https:\/\/cbs-electro.com\/index.php\/produit\/hp-255-g8-7j059aa\/\",\"url\":\"https:\/\/cbs-electro.com\/index.php\/produit\/hp-255-g8-7j059aa\/\",\"name\":\"HP 255 G8 (7J059AA) - CBS Electro\",\"isPartOf\":{\"@id\":\"https:\/\/www.cbs-electro.com\/#website\"},\"primaryImageOfPage\":{\"@id\":\"https:\/\/cbs-electro.com\/index.php\/produit\/hp-255-g8-7j059aa\/#primaryimage\"},\"image\":{\"@id\":\"https:\/\/cbs-electro.com\/index.php\/produit\/hp-255-g8-7j059aa\/#primaryimage\"},\"thumbnailUrl\":\"https:\/\/cbs-electro.com\/wp-content\/uploads\/2023\/12\/MN0006052041_0006073827_0006077726.jpg\",\"datePublished\":\"2023-12-03T14:51:18+00:00\",\"dateModified\":\"2025-03-13T06:24:11+00:00\",\"breadcrumb\":{\"@id\":\"https:\/\/cbs-electro.com\/index.php\/produit\/hp-255-g8-7j059aa\/#breadcrumb\"},\"inLanguage\":\"fr-FR\",\"potentialAction\":[{\"@type\":\"ReadAction\",\"target\":[\"https:\/\/cbs-electro.com\/index.php\/produit\/hp-255-g8-7j059aa\/\"]}]},{\"@type\":\"ImageObject\",\"inLanguage\":\"fr-FR\",\"@id\":\"https:\/\/cbs-electro.com\/index.php\/produit\/hp-255-g8-7j059aa\/#primaryimage\",\"url\":\"https:\/\/cbs-electro.com\/wp-content\/uploads\/2023\/12\/MN0006052041_0006073827_0006077726.jpg\",\"contentUrl\":\"https:\/\/cbs-electro.com\/wp-content\/uploads\/2023\/12\/MN0006052041_0006073827_0006077726.jpg\",\"width\":550,\"height\":550},{\"@type\":\"BreadcrumbList\",\"@id\":\"https:\/\/cbs-electro.com\/index.php\/produit\/hp-255-g8-7j059aa\/#breadcrumb\",\"itemListElement\":[{\"@type\":\"ListItem\",\"position\":1,\"name\":\"Accueil\",\"item\":\"https:\/\/www.cbs-electro.com\/\"},{\"@type\":\"ListItem\",\"position\":2,\"name\":\"Boutique\",\"item\":\"https:\/\/www.cbs-electro.com\/index.php\/boutique\/\"},{\"@type\":\"ListItem\",\"position\":3,\"name\":\"HP 255 G8 (7J059AA)\"}]},{\"@type\":\"WebSite\",\"@id\":\"https:\/\/www.cbs-electro.com\/#website\",\"url\":\"https:\/\/www.cbs-electro.com\/\",\"name\":\"CBS Electro\",\"description\":\"Vente des produits neufs - Informatique, Smartphones, livres, jeux vid\u00e9o, photos, jouets et \u00e9lectrom\u00e9nager\",\"potentialAction\":[{\"@type\":\"SearchAction\",\"target\":{\"@type\":\"EntryPoint\",\"urlTemplate\":\"https:\/\/www.cbs-electro.com\/?s={search_term_string}\"},\"query-input\":{\"@type\":\"PropertyValueSpecification\",\"valueRequired\":true,\"valueName\":\"search_term_string\"}}],\"inLanguage\":\"fr-FR\"}]}<\/script>\n<!-- \/ Yoast SEO plugin. -->","yoast_head_json":{"title":"HP 255 G8 (7J059AA) - CBS Electro","robots":{"index":"index","follow":"follow","max-snippet":"max-snippet:-1","max-image-preview":"max-image-preview:large","max-video-preview":"max-video-preview:-1"},"canonical":"https:\/\/cbs-electro.com\/index.php\/produit\/hp-255-g8-7j059aa\/","og_locale":"fr_FR","og_type":"article","og_title":"HP 255 G8 (7J059AA) - CBS Electro","og_description":"Bureautique, 15.6\", Full HD, Ryzen 5 5500U, RAM 8 Go, SSD 256 Go, Windows 11, 1,74 kg","og_url":"https:\/\/cbs-electro.com\/index.php\/produit\/hp-255-g8-7j059aa\/","og_site_name":"CBS Electro","article_modified_time":"2025-03-13T06:24:11+00:00","og_image":[{"width":550,"height":550,"url":"https:\/\/cbs-electro.com\/wp-content\/uploads\/2023\/12\/MN0006052041_0006073827_0006077726.jpg","type":"image\/jpeg"}],"twitter_card":"summary_large_image","schema":{"@context":"https:\/\/schema.org","@graph":[{"@type":"WebPage","@id":"https:\/\/cbs-electro.com\/index.php\/produit\/hp-255-g8-7j059aa\/","url":"https:\/\/cbs-electro.com\/index.php\/produit\/hp-255-g8-7j059aa\/","name":"HP 255 G8 (7J059AA) - CBS Electro","isPartOf":{"@id":"https:\/\/www.cbs-electro.com\/#website"},"primaryImageOfPage":{"@id":"https:\/\/cbs-electro.com\/index.php\/produit\/hp-255-g8-7j059aa\/#primaryimage"},"image":{"@id":"https:\/\/cbs-electro.com\/index.php\/produit\/hp-255-g8-7j059aa\/#primaryimage"},"thumbnailUrl":"https:\/\/cbs-electro.com\/wp-content\/uploads\/2023\/12\/MN0006052041_0006073827_0006077726.jpg","datePublished":"2023-12-03T14:51:18+00:00","dateModified":"2025-03-13T06:24:11+00:00","breadcrumb":{"@id":"https:\/\/cbs-electro.com\/index.php\/produit\/hp-255-g8-7j059aa\/#breadcrumb"},"inLanguage":"fr-FR","potentialAction":[{"@type":"ReadAction","target":["https:\/\/cbs-electro.com\/index.php\/produit\/hp-255-g8-7j059aa\/"]}]},{"@type":"ImageObject","inLanguage":"fr-FR","@id":"https:\/\/cbs-electro.com\/index.php\/produit\/hp-255-g8-7j059aa\/#primaryimage","url":"https:\/\/cbs-electro.com\/wp-content\/uploads\/2023\/12\/MN0006052041_0006073827_0006077726.jpg","contentUrl":"https:\/\/cbs-electro.com\/wp-content\/uploads\/2023\/12\/MN0006052041_0006073827_0006077726.jpg","width":550,"height":550},{"@type":"BreadcrumbList","@id":"https:\/\/cbs-electro.com\/index.php\/produit\/hp-255-g8-7j059aa\/#breadcrumb","itemListElement":[{"@type":"ListItem","position":1,"name":"Accueil","item":"https:\/\/www.cbs-electro.com\/"},{"@type":"ListItem","position":2,"name":"Boutique","item":"https:\/\/www.cbs-electro.com\/index.php\/boutique\/"},{"@type":"ListItem","position":3,"name":"HP 255 G8 (7J059AA)"}]},{"@type":"WebSite","@id":"https:\/\/www.cbs-electro.com\/#website","url":"https:\/\/www.cbs-electro.com\/","name":"CBS Electro","description":"Vente des produits neufs - Informatique, Smartphones, livres, jeux vid\u00e9o, photos, jouets et \u00e9lectrom\u00e9nager","potentialAction":[{"@type":"SearchAction","target":{"@type":"EntryPoint","urlTemplate":"https:\/\/www.cbs-electro.com\/?s={search_term_string}"},"query-input":{"@type":"PropertyValueSpecification","valueRequired":true,"valueName":"search_term_string"}}],"inLanguage":"fr-FR"}]}},"_links":{"self":[{"href":"https:\/\/cbs-electro.com\/index.php\/wp-json\/wp\/v2\/product\/16589","targetHints":{"allow":["GET"]}}],"collection":[{"href":"https:\/\/cbs-electro.com\/index.php\/wp-json\/wp\/v2\/product"}],"about":[{"href":"https:\/\/cbs-electro.com\/index.php\/wp-json\/wp\/v2\/types\/product"}],"version-history":[{"count":2,"href":"https:\/\/cbs-electro.com\/index.php\/wp-json\/wp\/v2\/product\/16589\/revisions"}],"predecessor-version":[{"id":16591,"href":"https:\/\/cbs-electro.com\/index.php\/wp-json\/wp\/v2\/product\/16589\/revisions\/16591"}],"wp:featuredmedia":[{"embeddable":true,"href":"https:\/\/cbs-electro.com\/index.php\/wp-json\/wp\/v2\/media\/16587"}],"wp:attachment":[{"href":"https:\/\/cbs-electro.com\/index.php\/wp-json\/wp\/v2\/media?parent=16589"}],"wp:term":[{"taxonomy":"product_brand","embeddable":true,"href":"https:\/\/cbs-electro.com\/index.php\/wp-json\/wp\/v2\/product_brand?post=16589"},{"taxonomy":"product_cat","embeddable":true,"href":"https:\/\/cbs-electro.com\/index.php\/wp-json\/wp\/v2\/product_cat?post=16589"},{"taxonomy":"product_tag","embeddable":true,"href":"https:\/\/cbs-electro.com\/index.php\/wp-json\/wp\/v2\/product_tag?post=16589"}],"curies":[{"name":"wp","href":"https:\/\/api.w.org\/{rel}","templated":true}]}}