{"id":16561,"date":"2023-12-03T15:37:31","date_gmt":"2023-12-03T14:37:31","guid":{"rendered":"https:\/?post_type=product&#038;p=16561"},"modified":"2025-03-13T07:26:07","modified_gmt":"2025-03-13T06:26:07","slug":"asus-tuf-gaming-a17-tuf706qm-hx063","status":"publish","type":"product","link":"https:\/\/cbs-electro.com\/index.php\/produit\/asus-tuf-gaming-a17-tuf706qm-hx063\/","title":{"rendered":"ASUS TUF Gaming A17 TUF706QM-HX063"},"content":{"rendered":"<p class=\"mb-4 d-none d-md-block text-justify\">Avec le PC Portable Gamer Asus A17 TUF706QM-HX063, Asus vous propose une configuration gaming tr\u00e8s efficace \u00e0 co\u00fbt ma\u00eetris\u00e9 ! Il int\u00e8gre une carte graphique NVIDIA Ampere RTX 3060 ainsi qu&rsquo;un processeur AMD de g\u00e9n\u00e9ration Cezanne avec le Ryzen 7 5800H. Le reste des composants n&rsquo;est pas en reste : dalle IPS Full HD 144 Hz bord \u00e0 bord, RAM 16 Go et stockage SSD confortable sont de la partie pour vous offrir une exp\u00e9rience de jeu intense ! Livr\u00e9 sans OS, vous faites des \u00e9conomies et choisissez vous m\u00eame votre syst\u00e8me d&rsquo;exploitation.<\/p>\n<div class=\"row align-items-center justify-content-center justify-content-lg-start my-3\">\n<div class=\"col-auto\">\n<div class=\"d-flex align-items-end\"><\/div>\n<\/div>\n<\/div>\n","protected":false},"excerpt":{"rendered":"<div class=\"col-12 col-md-9\">\n<h2 class=\"c-product__specs\">Gamer, 17&Prime;, IPS, Full HD, 144 Hz, Ryzen 7 5800H, RTX 3060, RAM 16 Go, SSD 512 Go, Sans OS, 2,60 kg<\/h2>\n<\/div>\n<div class=\"d-none d-md-block col-md-3\"><\/div>\n","protected":false},"featured_media":16565,"template":"","meta":[],"product_brand":[],"product_cat":[104,163],"product_tag":[],"class_list":{"0":"post-16561","1":"product","2":"type-product","3":"status-publish","4":"has-post-thumbnail","6":"product_cat-informatique","7":"product_cat-ordinateur-portable","9":"first","10":"instock","11":"taxable","12":"shipping-taxable","13":"purchasable","14":"product-type-simple"},"yoast_head":"<!-- This site is optimized with the Yoast SEO plugin v24.8.1 - https:\/\/yoast.com\/wordpress\/plugins\/seo\/ -->\n<title>ASUS TUF Gaming A17 TUF706QM-HX063 - CBS Electro<\/title>\n<meta name=\"robots\" content=\"index, follow, max-snippet:-1, max-image-preview:large, max-video-preview:-1\" \/>\n<link rel=\"canonical\" href=\"https:\/\/cbs-electro.com\/index.php\/produit\/asus-tuf-gaming-a17-tuf706qm-hx063\/\" \/>\n<meta property=\"og:locale\" content=\"fr_FR\" \/>\n<meta property=\"og:type\" content=\"article\" \/>\n<meta property=\"og:title\" content=\"ASUS TUF Gaming A17 TUF706QM-HX063 - CBS Electro\" \/>\n<meta property=\"og:description\" content=\"Gamer, 17&quot;, IPS, Full HD, 144 Hz, Ryzen 7 5800H, RTX 3060, RAM 16 Go, SSD 512 Go, Sans OS, 2,60 kg\" \/>\n<meta property=\"og:url\" content=\"https:\/\/cbs-electro.com\/index.php\/produit\/asus-tuf-gaming-a17-tuf706qm-hx063\/\" \/>\n<meta property=\"og:site_name\" content=\"CBS Electro\" \/>\n<meta property=\"article:modified_time\" content=\"2025-03-13T06:26:07+00:00\" \/>\n<meta property=\"og:image\" content=\"https:\/\/cbs-electro.com\/wp-content\/uploads\/2023\/12\/MN0005929196_1_0005974705_0005984355_0006053419.jpg\" \/>\n\t<meta property=\"og:image:width\" content=\"550\" \/>\n\t<meta property=\"og:image:height\" content=\"550\" \/>\n\t<meta property=\"og:image:type\" content=\"image\/jpeg\" \/>\n<meta name=\"twitter:card\" content=\"summary_large_image\" \/>\n<script type=\"application\/ld+json\" class=\"yoast-schema-graph\">{\"@context\":\"https:\/\/schema.org\",\"@graph\":[{\"@type\":\"WebPage\",\"@id\":\"https:\/\/cbs-electro.com\/index.php\/produit\/asus-tuf-gaming-a17-tuf706qm-hx063\/\",\"url\":\"https:\/\/cbs-electro.com\/index.php\/produit\/asus-tuf-gaming-a17-tuf706qm-hx063\/\",\"name\":\"ASUS TUF Gaming A17 TUF706QM-HX063 - CBS Electro\",\"isPartOf\":{\"@id\":\"https:\/\/www.cbs-electro.com\/#website\"},\"primaryImageOfPage\":{\"@id\":\"https:\/\/cbs-electro.com\/index.php\/produit\/asus-tuf-gaming-a17-tuf706qm-hx063\/#primaryimage\"},\"image\":{\"@id\":\"https:\/\/cbs-electro.com\/index.php\/produit\/asus-tuf-gaming-a17-tuf706qm-hx063\/#primaryimage\"},\"thumbnailUrl\":\"https:\/\/cbs-electro.com\/wp-content\/uploads\/2023\/12\/MN0005929196_1_0005974705_0005984355_0006053419.jpg\",\"datePublished\":\"2023-12-03T14:37:31+00:00\",\"dateModified\":\"2025-03-13T06:26:07+00:00\",\"breadcrumb\":{\"@id\":\"https:\/\/cbs-electro.com\/index.php\/produit\/asus-tuf-gaming-a17-tuf706qm-hx063\/#breadcrumb\"},\"inLanguage\":\"fr-FR\",\"potentialAction\":[{\"@type\":\"ReadAction\",\"target\":[\"https:\/\/cbs-electro.com\/index.php\/produit\/asus-tuf-gaming-a17-tuf706qm-hx063\/\"]}]},{\"@type\":\"ImageObject\",\"inLanguage\":\"fr-FR\",\"@id\":\"https:\/\/cbs-electro.com\/index.php\/produit\/asus-tuf-gaming-a17-tuf706qm-hx063\/#primaryimage\",\"url\":\"https:\/\/cbs-electro.com\/wp-content\/uploads\/2023\/12\/MN0005929196_1_0005974705_0005984355_0006053419.jpg\",\"contentUrl\":\"https:\/\/cbs-electro.com\/wp-content\/uploads\/2023\/12\/MN0005929196_1_0005974705_0005984355_0006053419.jpg\",\"width\":550,\"height\":550},{\"@type\":\"BreadcrumbList\",\"@id\":\"https:\/\/cbs-electro.com\/index.php\/produit\/asus-tuf-gaming-a17-tuf706qm-hx063\/#breadcrumb\",\"itemListElement\":[{\"@type\":\"ListItem\",\"position\":1,\"name\":\"Accueil\",\"item\":\"https:\/\/www.cbs-electro.com\/\"},{\"@type\":\"ListItem\",\"position\":2,\"name\":\"Boutique\",\"item\":\"https:\/\/www.cbs-electro.com\/index.php\/boutique\/\"},{\"@type\":\"ListItem\",\"position\":3,\"name\":\"ASUS TUF Gaming A17 TUF706QM-HX063\"}]},{\"@type\":\"WebSite\",\"@id\":\"https:\/\/www.cbs-electro.com\/#website\",\"url\":\"https:\/\/www.cbs-electro.com\/\",\"name\":\"CBS Electro\",\"description\":\"Vente des produits neufs - Informatique, Smartphones, livres, jeux vid\u00e9o, photos, jouets et \u00e9lectrom\u00e9nager\",\"potentialAction\":[{\"@type\":\"SearchAction\",\"target\":{\"@type\":\"EntryPoint\",\"urlTemplate\":\"https:\/\/www.cbs-electro.com\/?s={search_term_string}\"},\"query-input\":{\"@type\":\"PropertyValueSpecification\",\"valueRequired\":true,\"valueName\":\"search_term_string\"}}],\"inLanguage\":\"fr-FR\"}]}<\/script>\n<!-- \/ Yoast SEO plugin. -->","yoast_head_json":{"title":"ASUS TUF Gaming A17 TUF706QM-HX063 - CBS Electro","robots":{"index":"index","follow":"follow","max-snippet":"max-snippet:-1","max-image-preview":"max-image-preview:large","max-video-preview":"max-video-preview:-1"},"canonical":"https:\/\/cbs-electro.com\/index.php\/produit\/asus-tuf-gaming-a17-tuf706qm-hx063\/","og_locale":"fr_FR","og_type":"article","og_title":"ASUS TUF Gaming A17 TUF706QM-HX063 - CBS Electro","og_description":"Gamer, 17\", IPS, Full HD, 144 Hz, Ryzen 7 5800H, RTX 3060, RAM 16 Go, SSD 512 Go, Sans OS, 2,60 kg","og_url":"https:\/\/cbs-electro.com\/index.php\/produit\/asus-tuf-gaming-a17-tuf706qm-hx063\/","og_site_name":"CBS Electro","article_modified_time":"2025-03-13T06:26:07+00:00","og_image":[{"width":550,"height":550,"url":"https:\/\/cbs-electro.com\/wp-content\/uploads\/2023\/12\/MN0005929196_1_0005974705_0005984355_0006053419.jpg","type":"image\/jpeg"}],"twitter_card":"summary_large_image","schema":{"@context":"https:\/\/schema.org","@graph":[{"@type":"WebPage","@id":"https:\/\/cbs-electro.com\/index.php\/produit\/asus-tuf-gaming-a17-tuf706qm-hx063\/","url":"https:\/\/cbs-electro.com\/index.php\/produit\/asus-tuf-gaming-a17-tuf706qm-hx063\/","name":"ASUS TUF Gaming A17 TUF706QM-HX063 - CBS Electro","isPartOf":{"@id":"https:\/\/www.cbs-electro.com\/#website"},"primaryImageOfPage":{"@id":"https:\/\/cbs-electro.com\/index.php\/produit\/asus-tuf-gaming-a17-tuf706qm-hx063\/#primaryimage"},"image":{"@id":"https:\/\/cbs-electro.com\/index.php\/produit\/asus-tuf-gaming-a17-tuf706qm-hx063\/#primaryimage"},"thumbnailUrl":"https:\/\/cbs-electro.com\/wp-content\/uploads\/2023\/12\/MN0005929196_1_0005974705_0005984355_0006053419.jpg","datePublished":"2023-12-03T14:37:31+00:00","dateModified":"2025-03-13T06:26:07+00:00","breadcrumb":{"@id":"https:\/\/cbs-electro.com\/index.php\/produit\/asus-tuf-gaming-a17-tuf706qm-hx063\/#breadcrumb"},"inLanguage":"fr-FR","potentialAction":[{"@type":"ReadAction","target":["https:\/\/cbs-electro.com\/index.php\/produit\/asus-tuf-gaming-a17-tuf706qm-hx063\/"]}]},{"@type":"ImageObject","inLanguage":"fr-FR","@id":"https:\/\/cbs-electro.com\/index.php\/produit\/asus-tuf-gaming-a17-tuf706qm-hx063\/#primaryimage","url":"https:\/\/cbs-electro.com\/wp-content\/uploads\/2023\/12\/MN0005929196_1_0005974705_0005984355_0006053419.jpg","contentUrl":"https:\/\/cbs-electro.com\/wp-content\/uploads\/2023\/12\/MN0005929196_1_0005974705_0005984355_0006053419.jpg","width":550,"height":550},{"@type":"BreadcrumbList","@id":"https:\/\/cbs-electro.com\/index.php\/produit\/asus-tuf-gaming-a17-tuf706qm-hx063\/#breadcrumb","itemListElement":[{"@type":"ListItem","position":1,"name":"Accueil","item":"https:\/\/www.cbs-electro.com\/"},{"@type":"ListItem","position":2,"name":"Boutique","item":"https:\/\/www.cbs-electro.com\/index.php\/boutique\/"},{"@type":"ListItem","position":3,"name":"ASUS TUF Gaming A17 TUF706QM-HX063"}]},{"@type":"WebSite","@id":"https:\/\/www.cbs-electro.com\/#website","url":"https:\/\/www.cbs-electro.com\/","name":"CBS Electro","description":"Vente des produits neufs - Informatique, Smartphones, livres, jeux vid\u00e9o, photos, jouets et \u00e9lectrom\u00e9nager","potentialAction":[{"@type":"SearchAction","target":{"@type":"EntryPoint","urlTemplate":"https:\/\/www.cbs-electro.com\/?s={search_term_string}"},"query-input":{"@type":"PropertyValueSpecification","valueRequired":true,"valueName":"search_term_string"}}],"inLanguage":"fr-FR"}]}},"_links":{"self":[{"href":"https:\/\/cbs-electro.com\/index.php\/wp-json\/wp\/v2\/product\/16561","targetHints":{"allow":["GET"]}}],"collection":[{"href":"https:\/\/cbs-electro.com\/index.php\/wp-json\/wp\/v2\/product"}],"about":[{"href":"https:\/\/cbs-electro.com\/index.php\/wp-json\/wp\/v2\/types\/product"}],"version-history":[{"count":1,"href":"https:\/\/cbs-electro.com\/index.php\/wp-json\/wp\/v2\/product\/16561\/revisions"}],"predecessor-version":[{"id":16566,"href":"https:\/\/cbs-electro.com\/index.php\/wp-json\/wp\/v2\/product\/16561\/revisions\/16566"}],"wp:featuredmedia":[{"embeddable":true,"href":"https:\/\/cbs-electro.com\/index.php\/wp-json\/wp\/v2\/media\/16565"}],"wp:attachment":[{"href":"https:\/\/cbs-electro.com\/index.php\/wp-json\/wp\/v2\/media?parent=16561"}],"wp:term":[{"taxonomy":"product_brand","embeddable":true,"href":"https:\/\/cbs-electro.com\/index.php\/wp-json\/wp\/v2\/product_brand?post=16561"},{"taxonomy":"product_cat","embeddable":true,"href":"https:\/\/cbs-electro.com\/index.php\/wp-json\/wp\/v2\/product_cat?post=16561"},{"taxonomy":"product_tag","embeddable":true,"href":"https:\/\/cbs-electro.com\/index.php\/wp-json\/wp\/v2\/product_tag?post=16561"}],"curies":[{"name":"wp","href":"https:\/\/api.w.org\/{rel}","templated":true}]}}