{"id":16555,"date":"2023-12-03T15:35:01","date_gmt":"2023-12-03T14:35:01","guid":{"rendered":"https:\/?post_type=product&#038;p=16555"},"modified":"2025-03-13T07:26:26","modified_gmt":"2025-03-13T06:26:26","slug":"asus-vivobook-s15-s1504ga-nj187w","status":"publish","type":"product","link":"https:\/\/cbs-electro.com\/index.php\/produit\/asus-vivobook-s15-s1504ga-nj187w\/","title":{"rendered":"ASUS Vivobook S15 S1504GA-NJ187W"},"content":{"rendered":"<p class=\"mb-4 d-none d-md-block text-justify\">Le PC Portable Asus Vivobook S15 S1504GA-NJ187W r\u00e9pond \u00e0 un objectif simple : vous fournir une configuration performante \u00e0 co\u00fbt ma\u00eetris\u00e9. Il s&rsquo;\u00e9quipe ainsi d&rsquo;un processeur Intel Core i3, de 8 Go de RAM et d&rsquo;un espace de stockage SSD M.2 d&rsquo;une capacit\u00e9 de 512 Go pour un confort de tous les instants. Le tout sous syst\u00e8me d&rsquo;exploitation Microsoft Windows 11.<\/p>\n<div class=\"row align-items-center justify-content-center justify-content-lg-start my-3\">\n<div class=\"col-auto\">\n<div class=\"d-flex align-items-end\"><\/div>\n<\/div>\n<\/div>\n","protected":false},"excerpt":{"rendered":"<div class=\"col-12 col-md-9\">\n<h2 class=\"c-product__specs\">Bureautique, 15.6&Prime;, Full HD, Core i3-N305, RAM 8 Go, SSD 512 Go, Windows 11, 1,63 kg<\/h2>\n<\/div>\n<div class=\"d-none d-md-block col-md-3\"><\/div>\n","protected":false},"featured_media":16559,"template":"","meta":[],"product_brand":[],"product_cat":[104,163],"product_tag":[],"class_list":{"0":"post-16555","1":"product","2":"type-product","3":"status-publish","4":"has-post-thumbnail","6":"product_cat-informatique","7":"product_cat-ordinateur-portable","9":"first","10":"instock","11":"taxable","12":"shipping-taxable","13":"purchasable","14":"product-type-simple"},"yoast_head":"<!-- This site is optimized with the Yoast SEO plugin v24.8.1 - https:\/\/yoast.com\/wordpress\/plugins\/seo\/ -->\n<title>ASUS Vivobook S15 S1504GA-NJ187W - CBS Electro<\/title>\n<meta name=\"robots\" content=\"index, follow, max-snippet:-1, max-image-preview:large, max-video-preview:-1\" \/>\n<link rel=\"canonical\" href=\"https:\/\/cbs-electro.com\/index.php\/produit\/asus-vivobook-s15-s1504ga-nj187w\/\" \/>\n<meta property=\"og:locale\" content=\"fr_FR\" \/>\n<meta property=\"og:type\" content=\"article\" \/>\n<meta property=\"og:title\" content=\"ASUS Vivobook S15 S1504GA-NJ187W - CBS Electro\" \/>\n<meta property=\"og:description\" content=\"Bureautique, 15.6&quot;, Full HD, Core i3-N305, RAM 8 Go, SSD 512 Go, Windows 11, 1,63 kg\" \/>\n<meta property=\"og:url\" content=\"https:\/\/cbs-electro.com\/index.php\/produit\/asus-vivobook-s15-s1504ga-nj187w\/\" \/>\n<meta property=\"og:site_name\" content=\"CBS Electro\" \/>\n<meta property=\"article:modified_time\" content=\"2025-03-13T06:26:26+00:00\" \/>\n<meta property=\"og:image\" content=\"https:\/\/cbs-electro.com\/wp-content\/uploads\/2023\/12\/MN0006059037_0006063325_0006075103_0006075555.jpg\" \/>\n\t<meta property=\"og:image:width\" content=\"550\" \/>\n\t<meta property=\"og:image:height\" content=\"550\" \/>\n\t<meta property=\"og:image:type\" content=\"image\/jpeg\" \/>\n<meta name=\"twitter:card\" content=\"summary_large_image\" \/>\n<script type=\"application\/ld+json\" class=\"yoast-schema-graph\">{\"@context\":\"https:\/\/schema.org\",\"@graph\":[{\"@type\":\"WebPage\",\"@id\":\"https:\/\/cbs-electro.com\/index.php\/produit\/asus-vivobook-s15-s1504ga-nj187w\/\",\"url\":\"https:\/\/cbs-electro.com\/index.php\/produit\/asus-vivobook-s15-s1504ga-nj187w\/\",\"name\":\"ASUS Vivobook S15 S1504GA-NJ187W - CBS Electro\",\"isPartOf\":{\"@id\":\"https:\/\/www.cbs-electro.com\/#website\"},\"primaryImageOfPage\":{\"@id\":\"https:\/\/cbs-electro.com\/index.php\/produit\/asus-vivobook-s15-s1504ga-nj187w\/#primaryimage\"},\"image\":{\"@id\":\"https:\/\/cbs-electro.com\/index.php\/produit\/asus-vivobook-s15-s1504ga-nj187w\/#primaryimage\"},\"thumbnailUrl\":\"https:\/\/cbs-electro.com\/wp-content\/uploads\/2023\/12\/MN0006059037_0006063325_0006075103_0006075555.jpg\",\"datePublished\":\"2023-12-03T14:35:01+00:00\",\"dateModified\":\"2025-03-13T06:26:26+00:00\",\"breadcrumb\":{\"@id\":\"https:\/\/cbs-electro.com\/index.php\/produit\/asus-vivobook-s15-s1504ga-nj187w\/#breadcrumb\"},\"inLanguage\":\"fr-FR\",\"potentialAction\":[{\"@type\":\"ReadAction\",\"target\":[\"https:\/\/cbs-electro.com\/index.php\/produit\/asus-vivobook-s15-s1504ga-nj187w\/\"]}]},{\"@type\":\"ImageObject\",\"inLanguage\":\"fr-FR\",\"@id\":\"https:\/\/cbs-electro.com\/index.php\/produit\/asus-vivobook-s15-s1504ga-nj187w\/#primaryimage\",\"url\":\"https:\/\/cbs-electro.com\/wp-content\/uploads\/2023\/12\/MN0006059037_0006063325_0006075103_0006075555.jpg\",\"contentUrl\":\"https:\/\/cbs-electro.com\/wp-content\/uploads\/2023\/12\/MN0006059037_0006063325_0006075103_0006075555.jpg\",\"width\":550,\"height\":550},{\"@type\":\"BreadcrumbList\",\"@id\":\"https:\/\/cbs-electro.com\/index.php\/produit\/asus-vivobook-s15-s1504ga-nj187w\/#breadcrumb\",\"itemListElement\":[{\"@type\":\"ListItem\",\"position\":1,\"name\":\"Accueil\",\"item\":\"https:\/\/www.cbs-electro.com\/\"},{\"@type\":\"ListItem\",\"position\":2,\"name\":\"Boutique\",\"item\":\"https:\/\/www.cbs-electro.com\/index.php\/boutique\/\"},{\"@type\":\"ListItem\",\"position\":3,\"name\":\"ASUS Vivobook S15 S1504GA-NJ187W\"}]},{\"@type\":\"WebSite\",\"@id\":\"https:\/\/www.cbs-electro.com\/#website\",\"url\":\"https:\/\/www.cbs-electro.com\/\",\"name\":\"CBS Electro\",\"description\":\"Vente des produits neufs - Informatique, Smartphones, livres, jeux vid\u00e9o, photos, jouets et \u00e9lectrom\u00e9nager\",\"potentialAction\":[{\"@type\":\"SearchAction\",\"target\":{\"@type\":\"EntryPoint\",\"urlTemplate\":\"https:\/\/www.cbs-electro.com\/?s={search_term_string}\"},\"query-input\":{\"@type\":\"PropertyValueSpecification\",\"valueRequired\":true,\"valueName\":\"search_term_string\"}}],\"inLanguage\":\"fr-FR\"}]}<\/script>\n<!-- \/ Yoast SEO plugin. -->","yoast_head_json":{"title":"ASUS Vivobook S15 S1504GA-NJ187W - CBS Electro","robots":{"index":"index","follow":"follow","max-snippet":"max-snippet:-1","max-image-preview":"max-image-preview:large","max-video-preview":"max-video-preview:-1"},"canonical":"https:\/\/cbs-electro.com\/index.php\/produit\/asus-vivobook-s15-s1504ga-nj187w\/","og_locale":"fr_FR","og_type":"article","og_title":"ASUS Vivobook S15 S1504GA-NJ187W - CBS Electro","og_description":"Bureautique, 15.6\", Full HD, Core i3-N305, RAM 8 Go, SSD 512 Go, Windows 11, 1,63 kg","og_url":"https:\/\/cbs-electro.com\/index.php\/produit\/asus-vivobook-s15-s1504ga-nj187w\/","og_site_name":"CBS Electro","article_modified_time":"2025-03-13T06:26:26+00:00","og_image":[{"width":550,"height":550,"url":"https:\/\/cbs-electro.com\/wp-content\/uploads\/2023\/12\/MN0006059037_0006063325_0006075103_0006075555.jpg","type":"image\/jpeg"}],"twitter_card":"summary_large_image","schema":{"@context":"https:\/\/schema.org","@graph":[{"@type":"WebPage","@id":"https:\/\/cbs-electro.com\/index.php\/produit\/asus-vivobook-s15-s1504ga-nj187w\/","url":"https:\/\/cbs-electro.com\/index.php\/produit\/asus-vivobook-s15-s1504ga-nj187w\/","name":"ASUS Vivobook S15 S1504GA-NJ187W - CBS Electro","isPartOf":{"@id":"https:\/\/www.cbs-electro.com\/#website"},"primaryImageOfPage":{"@id":"https:\/\/cbs-electro.com\/index.php\/produit\/asus-vivobook-s15-s1504ga-nj187w\/#primaryimage"},"image":{"@id":"https:\/\/cbs-electro.com\/index.php\/produit\/asus-vivobook-s15-s1504ga-nj187w\/#primaryimage"},"thumbnailUrl":"https:\/\/cbs-electro.com\/wp-content\/uploads\/2023\/12\/MN0006059037_0006063325_0006075103_0006075555.jpg","datePublished":"2023-12-03T14:35:01+00:00","dateModified":"2025-03-13T06:26:26+00:00","breadcrumb":{"@id":"https:\/\/cbs-electro.com\/index.php\/produit\/asus-vivobook-s15-s1504ga-nj187w\/#breadcrumb"},"inLanguage":"fr-FR","potentialAction":[{"@type":"ReadAction","target":["https:\/\/cbs-electro.com\/index.php\/produit\/asus-vivobook-s15-s1504ga-nj187w\/"]}]},{"@type":"ImageObject","inLanguage":"fr-FR","@id":"https:\/\/cbs-electro.com\/index.php\/produit\/asus-vivobook-s15-s1504ga-nj187w\/#primaryimage","url":"https:\/\/cbs-electro.com\/wp-content\/uploads\/2023\/12\/MN0006059037_0006063325_0006075103_0006075555.jpg","contentUrl":"https:\/\/cbs-electro.com\/wp-content\/uploads\/2023\/12\/MN0006059037_0006063325_0006075103_0006075555.jpg","width":550,"height":550},{"@type":"BreadcrumbList","@id":"https:\/\/cbs-electro.com\/index.php\/produit\/asus-vivobook-s15-s1504ga-nj187w\/#breadcrumb","itemListElement":[{"@type":"ListItem","position":1,"name":"Accueil","item":"https:\/\/www.cbs-electro.com\/"},{"@type":"ListItem","position":2,"name":"Boutique","item":"https:\/\/www.cbs-electro.com\/index.php\/boutique\/"},{"@type":"ListItem","position":3,"name":"ASUS Vivobook S15 S1504GA-NJ187W"}]},{"@type":"WebSite","@id":"https:\/\/www.cbs-electro.com\/#website","url":"https:\/\/www.cbs-electro.com\/","name":"CBS Electro","description":"Vente des produits neufs - Informatique, Smartphones, livres, jeux vid\u00e9o, photos, jouets et \u00e9lectrom\u00e9nager","potentialAction":[{"@type":"SearchAction","target":{"@type":"EntryPoint","urlTemplate":"https:\/\/www.cbs-electro.com\/?s={search_term_string}"},"query-input":{"@type":"PropertyValueSpecification","valueRequired":true,"valueName":"search_term_string"}}],"inLanguage":"fr-FR"}]}},"_links":{"self":[{"href":"https:\/\/cbs-electro.com\/index.php\/wp-json\/wp\/v2\/product\/16555","targetHints":{"allow":["GET"]}}],"collection":[{"href":"https:\/\/cbs-electro.com\/index.php\/wp-json\/wp\/v2\/product"}],"about":[{"href":"https:\/\/cbs-electro.com\/index.php\/wp-json\/wp\/v2\/types\/product"}],"version-history":[{"count":1,"href":"https:\/\/cbs-electro.com\/index.php\/wp-json\/wp\/v2\/product\/16555\/revisions"}],"predecessor-version":[{"id":16560,"href":"https:\/\/cbs-electro.com\/index.php\/wp-json\/wp\/v2\/product\/16555\/revisions\/16560"}],"wp:featuredmedia":[{"embeddable":true,"href":"https:\/\/cbs-electro.com\/index.php\/wp-json\/wp\/v2\/media\/16559"}],"wp:attachment":[{"href":"https:\/\/cbs-electro.com\/index.php\/wp-json\/wp\/v2\/media?parent=16555"}],"wp:term":[{"taxonomy":"product_brand","embeddable":true,"href":"https:\/\/cbs-electro.com\/index.php\/wp-json\/wp\/v2\/product_brand?post=16555"},{"taxonomy":"product_cat","embeddable":true,"href":"https:\/\/cbs-electro.com\/index.php\/wp-json\/wp\/v2\/product_cat?post=16555"},{"taxonomy":"product_tag","embeddable":true,"href":"https:\/\/cbs-electro.com\/index.php\/wp-json\/wp\/v2\/product_tag?post=16555"}],"curies":[{"name":"wp","href":"https:\/\/api.w.org\/{rel}","templated":true}]}}