{"id":16549,"date":"2023-12-03T15:31:14","date_gmt":"2023-12-03T14:31:14","guid":{"rendered":"https:\/?post_type=product&#038;p=16549"},"modified":"2025-03-13T07:26:48","modified_gmt":"2025-03-13T06:26:48","slug":"acer-travelmate-p2-tmp215-54","status":"publish","type":"product","link":"https:\/\/cbs-electro.com\/index.php\/produit\/acer-travelmate-p2-tmp215-54\/","title":{"rendered":"ACER TravelMate P2 TMP215-54"},"content":{"rendered":"<p>Le PC portable professionnel Acer TravelMate P2 TMP215-54 est un sp\u00e9cialiste de la bureautique d\u00e9di\u00e9 au monde de l&rsquo;entreprise. Sa polyvalence est li\u00e9e aux composants qu&rsquo;il int\u00e8gre, comme son processeur Intel Core i5 de g\u00e9n\u00e9ration Alder Lake, ses 16 Go de RAM ou son SSD de 512 Go. Son ch\u00e2ssis au format 15,6 pouces, \u00e9l\u00e9gant et robuste, r\u00e9pond parfaitement aux exigences des professionnels nomades. Au bureau ou en d\u00e9placement, votre productivit\u00e9 est au centre de ses pr\u00e9occupations.<\/p>\n","protected":false},"excerpt":{"rendered":"<div class=\"col-12 col-md-9\">\n<h2 class=\"c-product__specs\">Professionnel, 15.6&Prime;, IPS, Full HD, Core i5-1235U, RAM 16 Go, SSD 512 Go, Windows 11 Pro, 1,90 kg<\/h2>\n<\/div>\n<div class=\"d-none d-md-block col-md-3\"><\/div>\n","protected":false},"featured_media":16553,"template":"","meta":[],"product_brand":[],"product_cat":[104,163],"product_tag":[],"class_list":{"0":"post-16549","1":"product","2":"type-product","3":"status-publish","4":"has-post-thumbnail","6":"product_cat-informatique","7":"product_cat-ordinateur-portable","9":"first","10":"instock","11":"taxable","12":"shipping-taxable","13":"purchasable","14":"product-type-simple"},"yoast_head":"<!-- This site is optimized with the Yoast SEO plugin v24.8.1 - https:\/\/yoast.com\/wordpress\/plugins\/seo\/ -->\n<title>ACER TravelMate P2 TMP215-54 - CBS Electro<\/title>\n<meta name=\"robots\" content=\"index, follow, max-snippet:-1, max-image-preview:large, max-video-preview:-1\" \/>\n<link rel=\"canonical\" href=\"https:\/\/www.cbs-electro.com\/index.php\/produit\/acer-travelmate-p2-tmp215-54\/\" \/>\n<meta property=\"og:locale\" content=\"fr_FR\" \/>\n<meta property=\"og:type\" content=\"article\" \/>\n<meta property=\"og:title\" content=\"ACER TravelMate P2 TMP215-54 - CBS Electro\" \/>\n<meta property=\"og:description\" content=\"Professionnel, 15.6&quot;, IPS, Full HD, Core i5-1235U, RAM 16 Go, SSD 512 Go, Windows 11 Pro, 1,90 kg\" \/>\n<meta property=\"og:url\" content=\"https:\/\/www.cbs-electro.com\/index.php\/produit\/acer-travelmate-p2-tmp215-54\/\" \/>\n<meta property=\"og:site_name\" content=\"CBS Electro\" \/>\n<meta property=\"article:modified_time\" content=\"2025-03-13T06:26:48+00:00\" \/>\n<meta property=\"og:image\" content=\"https:\/\/www.cbs-electro.com\/wp-content\/uploads\/2023\/12\/MN0006079198.jpg\" \/>\n\t<meta property=\"og:image:width\" content=\"550\" \/>\n\t<meta property=\"og:image:height\" content=\"550\" \/>\n\t<meta property=\"og:image:type\" content=\"image\/jpeg\" \/>\n<meta name=\"twitter:card\" content=\"summary_large_image\" \/>\n<script type=\"application\/ld+json\" class=\"yoast-schema-graph\">{\"@context\":\"https:\/\/schema.org\",\"@graph\":[{\"@type\":\"WebPage\",\"@id\":\"https:\/\/www.cbs-electro.com\/index.php\/produit\/acer-travelmate-p2-tmp215-54\/\",\"url\":\"https:\/\/www.cbs-electro.com\/index.php\/produit\/acer-travelmate-p2-tmp215-54\/\",\"name\":\"ACER TravelMate P2 TMP215-54 - CBS Electro\",\"isPartOf\":{\"@id\":\"https:\/\/www.cbs-electro.com\/#website\"},\"primaryImageOfPage\":{\"@id\":\"https:\/\/www.cbs-electro.com\/index.php\/produit\/acer-travelmate-p2-tmp215-54\/#primaryimage\"},\"image\":{\"@id\":\"https:\/\/www.cbs-electro.com\/index.php\/produit\/acer-travelmate-p2-tmp215-54\/#primaryimage\"},\"thumbnailUrl\":\"https:\/\/cbs-electro.com\/wp-content\/uploads\/2023\/12\/MN0006079198.jpg\",\"datePublished\":\"2023-12-03T14:31:14+00:00\",\"dateModified\":\"2025-03-13T06:26:48+00:00\",\"breadcrumb\":{\"@id\":\"https:\/\/www.cbs-electro.com\/index.php\/produit\/acer-travelmate-p2-tmp215-54\/#breadcrumb\"},\"inLanguage\":\"fr-FR\",\"potentialAction\":[{\"@type\":\"ReadAction\",\"target\":[\"https:\/\/www.cbs-electro.com\/index.php\/produit\/acer-travelmate-p2-tmp215-54\/\"]}]},{\"@type\":\"ImageObject\",\"inLanguage\":\"fr-FR\",\"@id\":\"https:\/\/www.cbs-electro.com\/index.php\/produit\/acer-travelmate-p2-tmp215-54\/#primaryimage\",\"url\":\"https:\/\/cbs-electro.com\/wp-content\/uploads\/2023\/12\/MN0006079198.jpg\",\"contentUrl\":\"https:\/\/cbs-electro.com\/wp-content\/uploads\/2023\/12\/MN0006079198.jpg\",\"width\":550,\"height\":550},{\"@type\":\"BreadcrumbList\",\"@id\":\"https:\/\/www.cbs-electro.com\/index.php\/produit\/acer-travelmate-p2-tmp215-54\/#breadcrumb\",\"itemListElement\":[{\"@type\":\"ListItem\",\"position\":1,\"name\":\"Accueil\",\"item\":\"https:\/\/www.cbs-electro.com\/\"},{\"@type\":\"ListItem\",\"position\":2,\"name\":\"Boutique\",\"item\":\"https:\/\/www.cbs-electro.com\/index.php\/boutique\/\"},{\"@type\":\"ListItem\",\"position\":3,\"name\":\"ACER TravelMate P2 TMP215-54\"}]},{\"@type\":\"WebSite\",\"@id\":\"https:\/\/www.cbs-electro.com\/#website\",\"url\":\"https:\/\/www.cbs-electro.com\/\",\"name\":\"CBS Electro\",\"description\":\"Vente des produits neufs - Informatique, Smartphones, livres, jeux vid\u00e9o, photos, jouets et \u00e9lectrom\u00e9nager\",\"potentialAction\":[{\"@type\":\"SearchAction\",\"target\":{\"@type\":\"EntryPoint\",\"urlTemplate\":\"https:\/\/www.cbs-electro.com\/?s={search_term_string}\"},\"query-input\":{\"@type\":\"PropertyValueSpecification\",\"valueRequired\":true,\"valueName\":\"search_term_string\"}}],\"inLanguage\":\"fr-FR\"}]}<\/script>\n<!-- \/ Yoast SEO plugin. -->","yoast_head_json":{"title":"ACER TravelMate P2 TMP215-54 - CBS Electro","robots":{"index":"index","follow":"follow","max-snippet":"max-snippet:-1","max-image-preview":"max-image-preview:large","max-video-preview":"max-video-preview:-1"},"canonical":"https:\/\/www.cbs-electro.com\/index.php\/produit\/acer-travelmate-p2-tmp215-54\/","og_locale":"fr_FR","og_type":"article","og_title":"ACER TravelMate P2 TMP215-54 - CBS Electro","og_description":"Professionnel, 15.6\", IPS, Full HD, Core i5-1235U, RAM 16 Go, SSD 512 Go, Windows 11 Pro, 1,90 kg","og_url":"https:\/\/www.cbs-electro.com\/index.php\/produit\/acer-travelmate-p2-tmp215-54\/","og_site_name":"CBS Electro","article_modified_time":"2025-03-13T06:26:48+00:00","og_image":[{"width":550,"height":550,"url":"https:\/\/www.cbs-electro.com\/wp-content\/uploads\/2023\/12\/MN0006079198.jpg","type":"image\/jpeg"}],"twitter_card":"summary_large_image","schema":{"@context":"https:\/\/schema.org","@graph":[{"@type":"WebPage","@id":"https:\/\/www.cbs-electro.com\/index.php\/produit\/acer-travelmate-p2-tmp215-54\/","url":"https:\/\/www.cbs-electro.com\/index.php\/produit\/acer-travelmate-p2-tmp215-54\/","name":"ACER TravelMate P2 TMP215-54 - CBS Electro","isPartOf":{"@id":"https:\/\/www.cbs-electro.com\/#website"},"primaryImageOfPage":{"@id":"https:\/\/www.cbs-electro.com\/index.php\/produit\/acer-travelmate-p2-tmp215-54\/#primaryimage"},"image":{"@id":"https:\/\/www.cbs-electro.com\/index.php\/produit\/acer-travelmate-p2-tmp215-54\/#primaryimage"},"thumbnailUrl":"https:\/\/cbs-electro.com\/wp-content\/uploads\/2023\/12\/MN0006079198.jpg","datePublished":"2023-12-03T14:31:14+00:00","dateModified":"2025-03-13T06:26:48+00:00","breadcrumb":{"@id":"https:\/\/www.cbs-electro.com\/index.php\/produit\/acer-travelmate-p2-tmp215-54\/#breadcrumb"},"inLanguage":"fr-FR","potentialAction":[{"@type":"ReadAction","target":["https:\/\/www.cbs-electro.com\/index.php\/produit\/acer-travelmate-p2-tmp215-54\/"]}]},{"@type":"ImageObject","inLanguage":"fr-FR","@id":"https:\/\/www.cbs-electro.com\/index.php\/produit\/acer-travelmate-p2-tmp215-54\/#primaryimage","url":"https:\/\/cbs-electro.com\/wp-content\/uploads\/2023\/12\/MN0006079198.jpg","contentUrl":"https:\/\/cbs-electro.com\/wp-content\/uploads\/2023\/12\/MN0006079198.jpg","width":550,"height":550},{"@type":"BreadcrumbList","@id":"https:\/\/www.cbs-electro.com\/index.php\/produit\/acer-travelmate-p2-tmp215-54\/#breadcrumb","itemListElement":[{"@type":"ListItem","position":1,"name":"Accueil","item":"https:\/\/www.cbs-electro.com\/"},{"@type":"ListItem","position":2,"name":"Boutique","item":"https:\/\/www.cbs-electro.com\/index.php\/boutique\/"},{"@type":"ListItem","position":3,"name":"ACER TravelMate P2 TMP215-54"}]},{"@type":"WebSite","@id":"https:\/\/www.cbs-electro.com\/#website","url":"https:\/\/www.cbs-electro.com\/","name":"CBS Electro","description":"Vente des produits neufs - Informatique, Smartphones, livres, jeux vid\u00e9o, photos, jouets et \u00e9lectrom\u00e9nager","potentialAction":[{"@type":"SearchAction","target":{"@type":"EntryPoint","urlTemplate":"https:\/\/www.cbs-electro.com\/?s={search_term_string}"},"query-input":{"@type":"PropertyValueSpecification","valueRequired":true,"valueName":"search_term_string"}}],"inLanguage":"fr-FR"}]}},"_links":{"self":[{"href":"https:\/\/cbs-electro.com\/index.php\/wp-json\/wp\/v2\/product\/16549","targetHints":{"allow":["GET"]}}],"collection":[{"href":"https:\/\/cbs-electro.com\/index.php\/wp-json\/wp\/v2\/product"}],"about":[{"href":"https:\/\/cbs-electro.com\/index.php\/wp-json\/wp\/v2\/types\/product"}],"version-history":[{"count":1,"href":"https:\/\/cbs-electro.com\/index.php\/wp-json\/wp\/v2\/product\/16549\/revisions"}],"predecessor-version":[{"id":16554,"href":"https:\/\/cbs-electro.com\/index.php\/wp-json\/wp\/v2\/product\/16549\/revisions\/16554"}],"wp:featuredmedia":[{"embeddable":true,"href":"https:\/\/cbs-electro.com\/index.php\/wp-json\/wp\/v2\/media\/16553"}],"wp:attachment":[{"href":"https:\/\/cbs-electro.com\/index.php\/wp-json\/wp\/v2\/media?parent=16549"}],"wp:term":[{"taxonomy":"product_brand","embeddable":true,"href":"https:\/\/cbs-electro.com\/index.php\/wp-json\/wp\/v2\/product_brand?post=16549"},{"taxonomy":"product_cat","embeddable":true,"href":"https:\/\/cbs-electro.com\/index.php\/wp-json\/wp\/v2\/product_cat?post=16549"},{"taxonomy":"product_tag","embeddable":true,"href":"https:\/\/cbs-electro.com\/index.php\/wp-json\/wp\/v2\/product_tag?post=16549"}],"curies":[{"name":"wp","href":"https:\/\/api.w.org\/{rel}","templated":true}]}}