{"id":16529,"date":"2023-12-03T15:22:42","date_gmt":"2023-12-03T14:22:42","guid":{"rendered":"https:\/?post_type=product&#038;p=16529"},"modified":"2025-03-13T07:28:11","modified_gmt":"2025-03-13T06:28:11","slug":"acer-aspire-3-a317-33-p9ds","status":"publish","type":"product","link":"https:\/\/cbs-electro.com\/index.php\/produit\/acer-aspire-3-a317-33-p9ds\/","title":{"rendered":"ACER Aspire 3 A317-33-P9DS"},"content":{"rendered":"<p>Avec le PC portable Acer Aspire 3 A317-33-P9DS, vous vous dotez d&rsquo;une configuration \u00e9quilibr\u00e9e et polyvalente ! En effet, avec son processeur Intel Pentium N6000, ses 4 Go de RAM et son stockage SSD ultra rapide, il saura r\u00e9pondre \u00e0 la majorit\u00e9 de vos besoins quotidiens avec facilit\u00e9 ! Le tout \u00e0 prix maitris\u00e9 !<\/p>\n","protected":false},"excerpt":{"rendered":"<div class=\"col-12 col-md-9\">\n<h2 class=\"c-product__specs\">Bureautique, 17&Prime;, Pentium Silver N6000, RAM 4 Go, SSD 256 Go, Windows 10, 2,50 kg<\/h2>\n<\/div>\n<div class=\"d-none d-md-block col-md-3\"><\/div>\n","protected":false},"featured_media":16533,"template":"","meta":[],"product_brand":[],"product_cat":[104,163],"product_tag":[],"class_list":{"0":"post-16529","1":"product","2":"type-product","3":"status-publish","4":"has-post-thumbnail","6":"product_cat-informatique","7":"product_cat-ordinateur-portable","9":"first","10":"instock","11":"taxable","12":"shipping-taxable","13":"purchasable","14":"product-type-simple"},"yoast_head":"<!-- This site is optimized with the Yoast SEO plugin v24.8.1 - https:\/\/yoast.com\/wordpress\/plugins\/seo\/ -->\n<title>ACER Aspire 3 A317-33-P9DS - CBS Electro<\/title>\n<meta name=\"robots\" content=\"index, follow, max-snippet:-1, max-image-preview:large, max-video-preview:-1\" \/>\n<link rel=\"canonical\" href=\"https:\/\/cbs-electro.com\/index.php\/produit\/acer-aspire-3-a317-33-p9ds\/\" \/>\n<meta property=\"og:locale\" content=\"fr_FR\" \/>\n<meta property=\"og:type\" content=\"article\" \/>\n<meta property=\"og:title\" content=\"ACER Aspire 3 A317-33-P9DS - CBS Electro\" \/>\n<meta property=\"og:description\" content=\"Bureautique, 17&quot;, Pentium Silver N6000, RAM 4 Go, SSD 256 Go, Windows 10, 2,50 kg\" \/>\n<meta property=\"og:url\" content=\"https:\/\/cbs-electro.com\/index.php\/produit\/acer-aspire-3-a317-33-p9ds\/\" \/>\n<meta property=\"og:site_name\" content=\"CBS Electro\" \/>\n<meta property=\"article:modified_time\" content=\"2025-03-13T06:28:11+00:00\" \/>\n<meta property=\"og:image\" content=\"https:\/\/cbs-electro.com\/wp-content\/uploads\/2023\/12\/MN0005853711_1_0005907087.jpg\" \/>\n\t<meta property=\"og:image:width\" content=\"550\" \/>\n\t<meta property=\"og:image:height\" content=\"550\" \/>\n\t<meta property=\"og:image:type\" content=\"image\/jpeg\" \/>\n<meta name=\"twitter:card\" content=\"summary_large_image\" \/>\n<script type=\"application\/ld+json\" class=\"yoast-schema-graph\">{\"@context\":\"https:\/\/schema.org\",\"@graph\":[{\"@type\":\"WebPage\",\"@id\":\"https:\/\/cbs-electro.com\/index.php\/produit\/acer-aspire-3-a317-33-p9ds\/\",\"url\":\"https:\/\/cbs-electro.com\/index.php\/produit\/acer-aspire-3-a317-33-p9ds\/\",\"name\":\"ACER Aspire 3 A317-33-P9DS - CBS Electro\",\"isPartOf\":{\"@id\":\"https:\/\/www.cbs-electro.com\/#website\"},\"primaryImageOfPage\":{\"@id\":\"https:\/\/cbs-electro.com\/index.php\/produit\/acer-aspire-3-a317-33-p9ds\/#primaryimage\"},\"image\":{\"@id\":\"https:\/\/cbs-electro.com\/index.php\/produit\/acer-aspire-3-a317-33-p9ds\/#primaryimage\"},\"thumbnailUrl\":\"https:\/\/cbs-electro.com\/wp-content\/uploads\/2023\/12\/MN0005853711_1_0005907087.jpg\",\"datePublished\":\"2023-12-03T14:22:42+00:00\",\"dateModified\":\"2025-03-13T06:28:11+00:00\",\"breadcrumb\":{\"@id\":\"https:\/\/cbs-electro.com\/index.php\/produit\/acer-aspire-3-a317-33-p9ds\/#breadcrumb\"},\"inLanguage\":\"fr-FR\",\"potentialAction\":[{\"@type\":\"ReadAction\",\"target\":[\"https:\/\/cbs-electro.com\/index.php\/produit\/acer-aspire-3-a317-33-p9ds\/\"]}]},{\"@type\":\"ImageObject\",\"inLanguage\":\"fr-FR\",\"@id\":\"https:\/\/cbs-electro.com\/index.php\/produit\/acer-aspire-3-a317-33-p9ds\/#primaryimage\",\"url\":\"https:\/\/cbs-electro.com\/wp-content\/uploads\/2023\/12\/MN0005853711_1_0005907087.jpg\",\"contentUrl\":\"https:\/\/cbs-electro.com\/wp-content\/uploads\/2023\/12\/MN0005853711_1_0005907087.jpg\",\"width\":550,\"height\":550},{\"@type\":\"BreadcrumbList\",\"@id\":\"https:\/\/cbs-electro.com\/index.php\/produit\/acer-aspire-3-a317-33-p9ds\/#breadcrumb\",\"itemListElement\":[{\"@type\":\"ListItem\",\"position\":1,\"name\":\"Accueil\",\"item\":\"https:\/\/www.cbs-electro.com\/\"},{\"@type\":\"ListItem\",\"position\":2,\"name\":\"Boutique\",\"item\":\"https:\/\/www.cbs-electro.com\/index.php\/boutique\/\"},{\"@type\":\"ListItem\",\"position\":3,\"name\":\"ACER Aspire 3 A317-33-P9DS\"}]},{\"@type\":\"WebSite\",\"@id\":\"https:\/\/www.cbs-electro.com\/#website\",\"url\":\"https:\/\/www.cbs-electro.com\/\",\"name\":\"CBS Electro\",\"description\":\"Vente des produits neufs - Informatique, Smartphones, livres, jeux vid\u00e9o, photos, jouets et \u00e9lectrom\u00e9nager\",\"potentialAction\":[{\"@type\":\"SearchAction\",\"target\":{\"@type\":\"EntryPoint\",\"urlTemplate\":\"https:\/\/www.cbs-electro.com\/?s={search_term_string}\"},\"query-input\":{\"@type\":\"PropertyValueSpecification\",\"valueRequired\":true,\"valueName\":\"search_term_string\"}}],\"inLanguage\":\"fr-FR\"}]}<\/script>\n<!-- \/ Yoast SEO plugin. -->","yoast_head_json":{"title":"ACER Aspire 3 A317-33-P9DS - CBS Electro","robots":{"index":"index","follow":"follow","max-snippet":"max-snippet:-1","max-image-preview":"max-image-preview:large","max-video-preview":"max-video-preview:-1"},"canonical":"https:\/\/cbs-electro.com\/index.php\/produit\/acer-aspire-3-a317-33-p9ds\/","og_locale":"fr_FR","og_type":"article","og_title":"ACER Aspire 3 A317-33-P9DS - CBS Electro","og_description":"Bureautique, 17\", Pentium Silver N6000, RAM 4 Go, SSD 256 Go, Windows 10, 2,50 kg","og_url":"https:\/\/cbs-electro.com\/index.php\/produit\/acer-aspire-3-a317-33-p9ds\/","og_site_name":"CBS Electro","article_modified_time":"2025-03-13T06:28:11+00:00","og_image":[{"width":550,"height":550,"url":"https:\/\/cbs-electro.com\/wp-content\/uploads\/2023\/12\/MN0005853711_1_0005907087.jpg","type":"image\/jpeg"}],"twitter_card":"summary_large_image","schema":{"@context":"https:\/\/schema.org","@graph":[{"@type":"WebPage","@id":"https:\/\/cbs-electro.com\/index.php\/produit\/acer-aspire-3-a317-33-p9ds\/","url":"https:\/\/cbs-electro.com\/index.php\/produit\/acer-aspire-3-a317-33-p9ds\/","name":"ACER Aspire 3 A317-33-P9DS - CBS Electro","isPartOf":{"@id":"https:\/\/www.cbs-electro.com\/#website"},"primaryImageOfPage":{"@id":"https:\/\/cbs-electro.com\/index.php\/produit\/acer-aspire-3-a317-33-p9ds\/#primaryimage"},"image":{"@id":"https:\/\/cbs-electro.com\/index.php\/produit\/acer-aspire-3-a317-33-p9ds\/#primaryimage"},"thumbnailUrl":"https:\/\/cbs-electro.com\/wp-content\/uploads\/2023\/12\/MN0005853711_1_0005907087.jpg","datePublished":"2023-12-03T14:22:42+00:00","dateModified":"2025-03-13T06:28:11+00:00","breadcrumb":{"@id":"https:\/\/cbs-electro.com\/index.php\/produit\/acer-aspire-3-a317-33-p9ds\/#breadcrumb"},"inLanguage":"fr-FR","potentialAction":[{"@type":"ReadAction","target":["https:\/\/cbs-electro.com\/index.php\/produit\/acer-aspire-3-a317-33-p9ds\/"]}]},{"@type":"ImageObject","inLanguage":"fr-FR","@id":"https:\/\/cbs-electro.com\/index.php\/produit\/acer-aspire-3-a317-33-p9ds\/#primaryimage","url":"https:\/\/cbs-electro.com\/wp-content\/uploads\/2023\/12\/MN0005853711_1_0005907087.jpg","contentUrl":"https:\/\/cbs-electro.com\/wp-content\/uploads\/2023\/12\/MN0005853711_1_0005907087.jpg","width":550,"height":550},{"@type":"BreadcrumbList","@id":"https:\/\/cbs-electro.com\/index.php\/produit\/acer-aspire-3-a317-33-p9ds\/#breadcrumb","itemListElement":[{"@type":"ListItem","position":1,"name":"Accueil","item":"https:\/\/www.cbs-electro.com\/"},{"@type":"ListItem","position":2,"name":"Boutique","item":"https:\/\/www.cbs-electro.com\/index.php\/boutique\/"},{"@type":"ListItem","position":3,"name":"ACER Aspire 3 A317-33-P9DS"}]},{"@type":"WebSite","@id":"https:\/\/www.cbs-electro.com\/#website","url":"https:\/\/www.cbs-electro.com\/","name":"CBS Electro","description":"Vente des produits neufs - Informatique, Smartphones, livres, jeux vid\u00e9o, photos, jouets et \u00e9lectrom\u00e9nager","potentialAction":[{"@type":"SearchAction","target":{"@type":"EntryPoint","urlTemplate":"https:\/\/www.cbs-electro.com\/?s={search_term_string}"},"query-input":{"@type":"PropertyValueSpecification","valueRequired":true,"valueName":"search_term_string"}}],"inLanguage":"fr-FR"}]}},"_links":{"self":[{"href":"https:\/\/cbs-electro.com\/index.php\/wp-json\/wp\/v2\/product\/16529","targetHints":{"allow":["GET"]}}],"collection":[{"href":"https:\/\/cbs-electro.com\/index.php\/wp-json\/wp\/v2\/product"}],"about":[{"href":"https:\/\/cbs-electro.com\/index.php\/wp-json\/wp\/v2\/types\/product"}],"version-history":[{"count":1,"href":"https:\/\/cbs-electro.com\/index.php\/wp-json\/wp\/v2\/product\/16529\/revisions"}],"predecessor-version":[{"id":16534,"href":"https:\/\/cbs-electro.com\/index.php\/wp-json\/wp\/v2\/product\/16529\/revisions\/16534"}],"wp:featuredmedia":[{"embeddable":true,"href":"https:\/\/cbs-electro.com\/index.php\/wp-json\/wp\/v2\/media\/16533"}],"wp:attachment":[{"href":"https:\/\/cbs-electro.com\/index.php\/wp-json\/wp\/v2\/media?parent=16529"}],"wp:term":[{"taxonomy":"product_brand","embeddable":true,"href":"https:\/\/cbs-electro.com\/index.php\/wp-json\/wp\/v2\/product_brand?post=16529"},{"taxonomy":"product_cat","embeddable":true,"href":"https:\/\/cbs-electro.com\/index.php\/wp-json\/wp\/v2\/product_cat?post=16529"},{"taxonomy":"product_tag","embeddable":true,"href":"https:\/\/cbs-electro.com\/index.php\/wp-json\/wp\/v2\/product_tag?post=16529"}],"curies":[{"name":"wp","href":"https:\/\/api.w.org\/{rel}","templated":true}]}}