{"id":16509,"date":"2023-12-03T15:03:59","date_gmt":"2023-12-03T14:03:59","guid":{"rendered":"https:\/?post_type=product&#038;p=16509"},"modified":"2025-03-13T07:30:10","modified_gmt":"2025-03-13T06:30:10","slug":"msi-modern-am242tp-12m-412eu-windows-11-pro","status":"publish","type":"product","link":"https:\/\/cbs-electro.com\/index.php\/produit\/msi-modern-am242tp-12m-412eu-windows-11-pro\/","title":{"rendered":"MSI Modern AM242TP 12M-412EU &#8211; Windows 11 Pro"},"content":{"rendered":"<p>Travaillez en toute s\u00e9r\u00e9nit\u00e9 avec le PC All-in-One MSI Modern AM242TP 12M-412EU. Cet ordinateur de bureau, d\u00e9di\u00e9 \u00e0 un usage professionnel, dispose d&rsquo;une dalle IPS tactile de 23,8 pouces en r\u00e9solution Full HD (1920 x 1080 pixels) permettant de rendre des images de tr\u00e8s bonne qualit\u00e9 avec une large gamme de coloris. Il int\u00e8gre un processeur Intel Core i7-1260P coupl\u00e9 avec 16 Go de m\u00e9moire RAM pour une rapidit\u00e9 am\u00e9lior\u00e9e. Profitez \u00e9galement d&rsquo;un large espace de stockage avec son disque SSD de 1 To, qui vous offrira une rapidit\u00e9 encore plus accrue. La webcam Full HD int\u00e9gr\u00e9e offre une qualit\u00e9 d&rsquo;image exceptionnelle. Con\u00e7u pour offrir de tr\u00e8s bonnes performances pour un usage bureautique au quotidien, cet ordinateur tout-en-un est un achat id\u00e9al pour toutes les t\u00e2ches quotidiennes.<\/p>\n","protected":false},"excerpt":{"rendered":"<div class=\"col-12 col-md-9\">\n<h2 class=\"c-product__specs\">PC tout en un, Professionnel, 23.8&Prime;, IPS tactile, 1920 x 1080 (FHD), Intel Core i7-1260P, RAM 16 Go, SSD 1 To, Webcam, Windows 11 Pro<\/h2>\n<\/div>\n<div class=\"d-none d-md-block col-md-3\"><\/div>\n","protected":false},"featured_media":16512,"template":"","meta":[],"product_brand":[],"product_cat":[104,164],"product_tag":[],"class_list":{"0":"post-16509","1":"product","2":"type-product","3":"status-publish","4":"has-post-thumbnail","6":"product_cat-informatique","7":"product_cat-ordinateur-tout-en-un","9":"first","10":"instock","11":"taxable","12":"shipping-taxable","13":"purchasable","14":"product-type-simple"},"yoast_head":"<!-- This site is optimized with the Yoast SEO plugin v24.8.1 - https:\/\/yoast.com\/wordpress\/plugins\/seo\/ -->\n<title>MSI Modern AM242TP 12M-412EU - Windows 11 Pro - CBS Electro<\/title>\n<meta name=\"robots\" content=\"index, follow, max-snippet:-1, max-image-preview:large, max-video-preview:-1\" \/>\n<link rel=\"canonical\" href=\"https:\/\/cbs-electro.com\/index.php\/produit\/msi-modern-am242tp-12m-412eu-windows-11-pro\/\" \/>\n<meta property=\"og:locale\" content=\"fr_FR\" \/>\n<meta property=\"og:type\" content=\"article\" \/>\n<meta property=\"og:title\" content=\"MSI Modern AM242TP 12M-412EU - Windows 11 Pro - CBS Electro\" \/>\n<meta property=\"og:description\" content=\"PC tout en un, Professionnel, 23.8&quot;, IPS tactile, 1920 x 1080 (FHD), Intel Core i7-1260P, RAM 16 Go, SSD 1 To, Webcam, Windows 11 Pro\" \/>\n<meta property=\"og:url\" content=\"https:\/\/cbs-electro.com\/index.php\/produit\/msi-modern-am242tp-12m-412eu-windows-11-pro\/\" \/>\n<meta property=\"og:site_name\" content=\"CBS Electro\" \/>\n<meta property=\"article:modified_time\" content=\"2025-03-13T06:30:10+00:00\" \/>\n<meta property=\"og:image\" content=\"https:\/\/cbs-electro.com\/wp-content\/uploads\/2023\/12\/MN0005927460_1_0005955838_0006021432_0006021441_0006021445_0006050366.jpg\" \/>\n\t<meta property=\"og:image:width\" content=\"550\" \/>\n\t<meta property=\"og:image:height\" content=\"550\" \/>\n\t<meta property=\"og:image:type\" content=\"image\/jpeg\" \/>\n<meta name=\"twitter:card\" content=\"summary_large_image\" \/>\n<meta name=\"twitter:label1\" content=\"Dur\u00e9e de lecture estim\u00e9e\" \/>\n\t<meta name=\"twitter:data1\" content=\"1 minute\" \/>\n<script type=\"application\/ld+json\" class=\"yoast-schema-graph\">{\"@context\":\"https:\/\/schema.org\",\"@graph\":[{\"@type\":\"WebPage\",\"@id\":\"https:\/\/cbs-electro.com\/index.php\/produit\/msi-modern-am242tp-12m-412eu-windows-11-pro\/\",\"url\":\"https:\/\/cbs-electro.com\/index.php\/produit\/msi-modern-am242tp-12m-412eu-windows-11-pro\/\",\"name\":\"MSI Modern AM242TP 12M-412EU - Windows 11 Pro - CBS Electro\",\"isPartOf\":{\"@id\":\"https:\/\/www.cbs-electro.com\/#website\"},\"primaryImageOfPage\":{\"@id\":\"https:\/\/cbs-electro.com\/index.php\/produit\/msi-modern-am242tp-12m-412eu-windows-11-pro\/#primaryimage\"},\"image\":{\"@id\":\"https:\/\/cbs-electro.com\/index.php\/produit\/msi-modern-am242tp-12m-412eu-windows-11-pro\/#primaryimage\"},\"thumbnailUrl\":\"https:\/\/cbs-electro.com\/wp-content\/uploads\/2023\/12\/MN0005927460_1_0005955838_0006021432_0006021441_0006021445_0006050366.jpg\",\"datePublished\":\"2023-12-03T14:03:59+00:00\",\"dateModified\":\"2025-03-13T06:30:10+00:00\",\"breadcrumb\":{\"@id\":\"https:\/\/cbs-electro.com\/index.php\/produit\/msi-modern-am242tp-12m-412eu-windows-11-pro\/#breadcrumb\"},\"inLanguage\":\"fr-FR\",\"potentialAction\":[{\"@type\":\"ReadAction\",\"target\":[\"https:\/\/cbs-electro.com\/index.php\/produit\/msi-modern-am242tp-12m-412eu-windows-11-pro\/\"]}]},{\"@type\":\"ImageObject\",\"inLanguage\":\"fr-FR\",\"@id\":\"https:\/\/cbs-electro.com\/index.php\/produit\/msi-modern-am242tp-12m-412eu-windows-11-pro\/#primaryimage\",\"url\":\"https:\/\/cbs-electro.com\/wp-content\/uploads\/2023\/12\/MN0005927460_1_0005955838_0006021432_0006021441_0006021445_0006050366.jpg\",\"contentUrl\":\"https:\/\/cbs-electro.com\/wp-content\/uploads\/2023\/12\/MN0005927460_1_0005955838_0006021432_0006021441_0006021445_0006050366.jpg\",\"width\":550,\"height\":550},{\"@type\":\"BreadcrumbList\",\"@id\":\"https:\/\/cbs-electro.com\/index.php\/produit\/msi-modern-am242tp-12m-412eu-windows-11-pro\/#breadcrumb\",\"itemListElement\":[{\"@type\":\"ListItem\",\"position\":1,\"name\":\"Accueil\",\"item\":\"https:\/\/www.cbs-electro.com\/\"},{\"@type\":\"ListItem\",\"position\":2,\"name\":\"Boutique\",\"item\":\"https:\/\/www.cbs-electro.com\/index.php\/boutique\/\"},{\"@type\":\"ListItem\",\"position\":3,\"name\":\"MSI Modern AM242TP 12M-412EU &#8211; Windows 11 Pro\"}]},{\"@type\":\"WebSite\",\"@id\":\"https:\/\/www.cbs-electro.com\/#website\",\"url\":\"https:\/\/www.cbs-electro.com\/\",\"name\":\"CBS Electro\",\"description\":\"Vente des produits neufs - Informatique, Smartphones, livres, jeux vid\u00e9o, photos, jouets et \u00e9lectrom\u00e9nager\",\"potentialAction\":[{\"@type\":\"SearchAction\",\"target\":{\"@type\":\"EntryPoint\",\"urlTemplate\":\"https:\/\/www.cbs-electro.com\/?s={search_term_string}\"},\"query-input\":{\"@type\":\"PropertyValueSpecification\",\"valueRequired\":true,\"valueName\":\"search_term_string\"}}],\"inLanguage\":\"fr-FR\"}]}<\/script>\n<!-- \/ Yoast SEO plugin. -->","yoast_head_json":{"title":"MSI Modern AM242TP 12M-412EU - Windows 11 Pro - CBS Electro","robots":{"index":"index","follow":"follow","max-snippet":"max-snippet:-1","max-image-preview":"max-image-preview:large","max-video-preview":"max-video-preview:-1"},"canonical":"https:\/\/cbs-electro.com\/index.php\/produit\/msi-modern-am242tp-12m-412eu-windows-11-pro\/","og_locale":"fr_FR","og_type":"article","og_title":"MSI Modern AM242TP 12M-412EU - Windows 11 Pro - CBS Electro","og_description":"PC tout en un, Professionnel, 23.8\", IPS tactile, 1920 x 1080 (FHD), Intel Core i7-1260P, RAM 16 Go, SSD 1 To, Webcam, Windows 11 Pro","og_url":"https:\/\/cbs-electro.com\/index.php\/produit\/msi-modern-am242tp-12m-412eu-windows-11-pro\/","og_site_name":"CBS Electro","article_modified_time":"2025-03-13T06:30:10+00:00","og_image":[{"width":550,"height":550,"url":"https:\/\/cbs-electro.com\/wp-content\/uploads\/2023\/12\/MN0005927460_1_0005955838_0006021432_0006021441_0006021445_0006050366.jpg","type":"image\/jpeg"}],"twitter_card":"summary_large_image","twitter_misc":{"Dur\u00e9e de lecture estim\u00e9e":"1 minute"},"schema":{"@context":"https:\/\/schema.org","@graph":[{"@type":"WebPage","@id":"https:\/\/cbs-electro.com\/index.php\/produit\/msi-modern-am242tp-12m-412eu-windows-11-pro\/","url":"https:\/\/cbs-electro.com\/index.php\/produit\/msi-modern-am242tp-12m-412eu-windows-11-pro\/","name":"MSI Modern AM242TP 12M-412EU - Windows 11 Pro - CBS Electro","isPartOf":{"@id":"https:\/\/www.cbs-electro.com\/#website"},"primaryImageOfPage":{"@id":"https:\/\/cbs-electro.com\/index.php\/produit\/msi-modern-am242tp-12m-412eu-windows-11-pro\/#primaryimage"},"image":{"@id":"https:\/\/cbs-electro.com\/index.php\/produit\/msi-modern-am242tp-12m-412eu-windows-11-pro\/#primaryimage"},"thumbnailUrl":"https:\/\/cbs-electro.com\/wp-content\/uploads\/2023\/12\/MN0005927460_1_0005955838_0006021432_0006021441_0006021445_0006050366.jpg","datePublished":"2023-12-03T14:03:59+00:00","dateModified":"2025-03-13T06:30:10+00:00","breadcrumb":{"@id":"https:\/\/cbs-electro.com\/index.php\/produit\/msi-modern-am242tp-12m-412eu-windows-11-pro\/#breadcrumb"},"inLanguage":"fr-FR","potentialAction":[{"@type":"ReadAction","target":["https:\/\/cbs-electro.com\/index.php\/produit\/msi-modern-am242tp-12m-412eu-windows-11-pro\/"]}]},{"@type":"ImageObject","inLanguage":"fr-FR","@id":"https:\/\/cbs-electro.com\/index.php\/produit\/msi-modern-am242tp-12m-412eu-windows-11-pro\/#primaryimage","url":"https:\/\/cbs-electro.com\/wp-content\/uploads\/2023\/12\/MN0005927460_1_0005955838_0006021432_0006021441_0006021445_0006050366.jpg","contentUrl":"https:\/\/cbs-electro.com\/wp-content\/uploads\/2023\/12\/MN0005927460_1_0005955838_0006021432_0006021441_0006021445_0006050366.jpg","width":550,"height":550},{"@type":"BreadcrumbList","@id":"https:\/\/cbs-electro.com\/index.php\/produit\/msi-modern-am242tp-12m-412eu-windows-11-pro\/#breadcrumb","itemListElement":[{"@type":"ListItem","position":1,"name":"Accueil","item":"https:\/\/www.cbs-electro.com\/"},{"@type":"ListItem","position":2,"name":"Boutique","item":"https:\/\/www.cbs-electro.com\/index.php\/boutique\/"},{"@type":"ListItem","position":3,"name":"MSI Modern AM242TP 12M-412EU &#8211; Windows 11 Pro"}]},{"@type":"WebSite","@id":"https:\/\/www.cbs-electro.com\/#website","url":"https:\/\/www.cbs-electro.com\/","name":"CBS Electro","description":"Vente des produits neufs - Informatique, Smartphones, livres, jeux vid\u00e9o, photos, jouets et \u00e9lectrom\u00e9nager","potentialAction":[{"@type":"SearchAction","target":{"@type":"EntryPoint","urlTemplate":"https:\/\/www.cbs-electro.com\/?s={search_term_string}"},"query-input":{"@type":"PropertyValueSpecification","valueRequired":true,"valueName":"search_term_string"}}],"inLanguage":"fr-FR"}]}},"_links":{"self":[{"href":"https:\/\/cbs-electro.com\/index.php\/wp-json\/wp\/v2\/product\/16509","targetHints":{"allow":["GET"]}}],"collection":[{"href":"https:\/\/cbs-electro.com\/index.php\/wp-json\/wp\/v2\/product"}],"about":[{"href":"https:\/\/cbs-electro.com\/index.php\/wp-json\/wp\/v2\/types\/product"}],"version-history":[{"count":1,"href":"https:\/\/cbs-electro.com\/index.php\/wp-json\/wp\/v2\/product\/16509\/revisions"}],"predecessor-version":[{"id":16513,"href":"https:\/\/cbs-electro.com\/index.php\/wp-json\/wp\/v2\/product\/16509\/revisions\/16513"}],"wp:featuredmedia":[{"embeddable":true,"href":"https:\/\/cbs-electro.com\/index.php\/wp-json\/wp\/v2\/media\/16512"}],"wp:attachment":[{"href":"https:\/\/cbs-electro.com\/index.php\/wp-json\/wp\/v2\/media?parent=16509"}],"wp:term":[{"taxonomy":"product_brand","embeddable":true,"href":"https:\/\/cbs-electro.com\/index.php\/wp-json\/wp\/v2\/product_brand?post=16509"},{"taxonomy":"product_cat","embeddable":true,"href":"https:\/\/cbs-electro.com\/index.php\/wp-json\/wp\/v2\/product_cat?post=16509"},{"taxonomy":"product_tag","embeddable":true,"href":"https:\/\/cbs-electro.com\/index.php\/wp-json\/wp\/v2\/product_tag?post=16509"}],"curies":[{"name":"wp","href":"https:\/\/api.w.org\/{rel}","templated":true}]}}