{"id":16493,"date":"2023-12-03T14:53:37","date_gmt":"2023-12-03T13:53:37","guid":{"rendered":"https:\/?post_type=product&#038;p=16493"},"modified":"2023-12-03T14:53:37","modified_gmt":"2023-12-03T13:53:37","slug":"asus-vivo-aio-v222gak-wa012w-windows-11","status":"publish","type":"product","link":"https:\/\/cbs-electro.com\/index.php\/produit\/asus-vivo-aio-v222gak-wa012w-windows-11\/","title":{"rendered":"ASUS Vivo AiO V222GAK-WA012W &#8211; Windows 11"},"content":{"rendered":"<p>Le PC tout-en-un ASUS Vivo AiO V222GAK-WA012W de 21,5 pouces poss\u00e8de un cadre ultrafin (2 mm) pour vous offrir un espace de divertissement et de travail vraiment bluffant ! Gr\u00e2ce \u00e0 son \u00e9cran Full HD LED et au son syst\u00e8me audio ASUS SonicMaster, le Vivo AiO V222 vous plonge dans des graphismes incroyables avec un son superbe pour des loisirs de grande qualit\u00e9.<\/p>\n","protected":false},"excerpt":{"rendered":"<div class=\"col-12 col-md-9\">\n<h2 class=\"c-product__specs\">PC tout en un, Ecran 21,5&Prime;, Processeur Intel Pentium Silver J5040, Intel UHD Graphics 605, SSD 256 Go, 4 Go, Windows 11<\/h2>\n<\/div>\n<div class=\"d-none d-md-block col-md-3\"><\/div>\n","protected":false},"featured_media":16496,"template":"","meta":[],"product_brand":[],"product_cat":[104,164],"product_tag":[],"class_list":{"0":"post-16493","1":"product","2":"type-product","3":"status-publish","4":"has-post-thumbnail","6":"product_cat-informatique","7":"product_cat-ordinateur-tout-en-un","9":"first","10":"instock","11":"taxable","12":"shipping-taxable","13":"purchasable","14":"product-type-simple"},"yoast_head":"<!-- This site is optimized with the Yoast SEO plugin v24.8.1 - https:\/\/yoast.com\/wordpress\/plugins\/seo\/ -->\n<title>ASUS Vivo AiO V222GAK-WA012W - Windows 11 - CBS Electro<\/title>\n<meta name=\"robots\" content=\"index, follow, max-snippet:-1, max-image-preview:large, max-video-preview:-1\" \/>\n<link rel=\"canonical\" href=\"https:\/\/cbs-electro.com\/index.php\/produit\/asus-vivo-aio-v222gak-wa012w-windows-11\/\" \/>\n<meta property=\"og:locale\" content=\"fr_FR\" \/>\n<meta property=\"og:type\" content=\"article\" \/>\n<meta property=\"og:title\" content=\"ASUS Vivo AiO V222GAK-WA012W - Windows 11 - CBS Electro\" \/>\n<meta property=\"og:description\" content=\"PC tout en un, Ecran 21,5&quot;, Processeur Intel Pentium Silver J5040, Intel UHD Graphics 605, SSD 256 Go, 4 Go, Windows 11\" \/>\n<meta property=\"og:url\" content=\"https:\/\/cbs-electro.com\/index.php\/produit\/asus-vivo-aio-v222gak-wa012w-windows-11\/\" \/>\n<meta property=\"og:site_name\" content=\"CBS Electro\" \/>\n<meta property=\"og:image\" content=\"https:\/\/cbs-electro.com\/wp-content\/uploads\/2023\/12\/MN0005815230_1_0005902342_0005940344_0005975486.jpg\" \/>\n\t<meta property=\"og:image:width\" content=\"550\" \/>\n\t<meta property=\"og:image:height\" content=\"550\" \/>\n\t<meta property=\"og:image:type\" content=\"image\/jpeg\" \/>\n<meta name=\"twitter:card\" content=\"summary_large_image\" \/>\n<script type=\"application\/ld+json\" class=\"yoast-schema-graph\">{\"@context\":\"https:\/\/schema.org\",\"@graph\":[{\"@type\":\"WebPage\",\"@id\":\"https:\/\/cbs-electro.com\/index.php\/produit\/asus-vivo-aio-v222gak-wa012w-windows-11\/\",\"url\":\"https:\/\/cbs-electro.com\/index.php\/produit\/asus-vivo-aio-v222gak-wa012w-windows-11\/\",\"name\":\"ASUS Vivo AiO V222GAK-WA012W - Windows 11 - CBS Electro\",\"isPartOf\":{\"@id\":\"https:\/\/www.cbs-electro.com\/#website\"},\"primaryImageOfPage\":{\"@id\":\"https:\/\/cbs-electro.com\/index.php\/produit\/asus-vivo-aio-v222gak-wa012w-windows-11\/#primaryimage\"},\"image\":{\"@id\":\"https:\/\/cbs-electro.com\/index.php\/produit\/asus-vivo-aio-v222gak-wa012w-windows-11\/#primaryimage\"},\"thumbnailUrl\":\"https:\/\/cbs-electro.com\/wp-content\/uploads\/2023\/12\/MN0005815230_1_0005902342_0005940344_0005975486.jpg\",\"datePublished\":\"2023-12-03T13:53:37+00:00\",\"breadcrumb\":{\"@id\":\"https:\/\/cbs-electro.com\/index.php\/produit\/asus-vivo-aio-v222gak-wa012w-windows-11\/#breadcrumb\"},\"inLanguage\":\"fr-FR\",\"potentialAction\":[{\"@type\":\"ReadAction\",\"target\":[\"https:\/\/cbs-electro.com\/index.php\/produit\/asus-vivo-aio-v222gak-wa012w-windows-11\/\"]}]},{\"@type\":\"ImageObject\",\"inLanguage\":\"fr-FR\",\"@id\":\"https:\/\/cbs-electro.com\/index.php\/produit\/asus-vivo-aio-v222gak-wa012w-windows-11\/#primaryimage\",\"url\":\"https:\/\/cbs-electro.com\/wp-content\/uploads\/2023\/12\/MN0005815230_1_0005902342_0005940344_0005975486.jpg\",\"contentUrl\":\"https:\/\/cbs-electro.com\/wp-content\/uploads\/2023\/12\/MN0005815230_1_0005902342_0005940344_0005975486.jpg\",\"width\":550,\"height\":550},{\"@type\":\"BreadcrumbList\",\"@id\":\"https:\/\/cbs-electro.com\/index.php\/produit\/asus-vivo-aio-v222gak-wa012w-windows-11\/#breadcrumb\",\"itemListElement\":[{\"@type\":\"ListItem\",\"position\":1,\"name\":\"Accueil\",\"item\":\"https:\/\/www.cbs-electro.com\/\"},{\"@type\":\"ListItem\",\"position\":2,\"name\":\"Boutique\",\"item\":\"https:\/\/www.cbs-electro.com\/index.php\/boutique\/\"},{\"@type\":\"ListItem\",\"position\":3,\"name\":\"ASUS Vivo AiO V222GAK-WA012W &#8211; Windows 11\"}]},{\"@type\":\"WebSite\",\"@id\":\"https:\/\/www.cbs-electro.com\/#website\",\"url\":\"https:\/\/www.cbs-electro.com\/\",\"name\":\"CBS Electro\",\"description\":\"Vente des produits neufs - Informatique, Smartphones, livres, jeux vid\u00e9o, photos, jouets et \u00e9lectrom\u00e9nager\",\"potentialAction\":[{\"@type\":\"SearchAction\",\"target\":{\"@type\":\"EntryPoint\",\"urlTemplate\":\"https:\/\/www.cbs-electro.com\/?s={search_term_string}\"},\"query-input\":{\"@type\":\"PropertyValueSpecification\",\"valueRequired\":true,\"valueName\":\"search_term_string\"}}],\"inLanguage\":\"fr-FR\"}]}<\/script>\n<!-- \/ Yoast SEO plugin. -->","yoast_head_json":{"title":"ASUS Vivo AiO V222GAK-WA012W - Windows 11 - CBS Electro","robots":{"index":"index","follow":"follow","max-snippet":"max-snippet:-1","max-image-preview":"max-image-preview:large","max-video-preview":"max-video-preview:-1"},"canonical":"https:\/\/cbs-electro.com\/index.php\/produit\/asus-vivo-aio-v222gak-wa012w-windows-11\/","og_locale":"fr_FR","og_type":"article","og_title":"ASUS Vivo AiO V222GAK-WA012W - Windows 11 - CBS Electro","og_description":"PC tout en un, Ecran 21,5\", Processeur Intel Pentium Silver J5040, Intel UHD Graphics 605, SSD 256 Go, 4 Go, Windows 11","og_url":"https:\/\/cbs-electro.com\/index.php\/produit\/asus-vivo-aio-v222gak-wa012w-windows-11\/","og_site_name":"CBS Electro","og_image":[{"width":550,"height":550,"url":"https:\/\/cbs-electro.com\/wp-content\/uploads\/2023\/12\/MN0005815230_1_0005902342_0005940344_0005975486.jpg","type":"image\/jpeg"}],"twitter_card":"summary_large_image","schema":{"@context":"https:\/\/schema.org","@graph":[{"@type":"WebPage","@id":"https:\/\/cbs-electro.com\/index.php\/produit\/asus-vivo-aio-v222gak-wa012w-windows-11\/","url":"https:\/\/cbs-electro.com\/index.php\/produit\/asus-vivo-aio-v222gak-wa012w-windows-11\/","name":"ASUS Vivo AiO V222GAK-WA012W - Windows 11 - CBS Electro","isPartOf":{"@id":"https:\/\/www.cbs-electro.com\/#website"},"primaryImageOfPage":{"@id":"https:\/\/cbs-electro.com\/index.php\/produit\/asus-vivo-aio-v222gak-wa012w-windows-11\/#primaryimage"},"image":{"@id":"https:\/\/cbs-electro.com\/index.php\/produit\/asus-vivo-aio-v222gak-wa012w-windows-11\/#primaryimage"},"thumbnailUrl":"https:\/\/cbs-electro.com\/wp-content\/uploads\/2023\/12\/MN0005815230_1_0005902342_0005940344_0005975486.jpg","datePublished":"2023-12-03T13:53:37+00:00","breadcrumb":{"@id":"https:\/\/cbs-electro.com\/index.php\/produit\/asus-vivo-aio-v222gak-wa012w-windows-11\/#breadcrumb"},"inLanguage":"fr-FR","potentialAction":[{"@type":"ReadAction","target":["https:\/\/cbs-electro.com\/index.php\/produit\/asus-vivo-aio-v222gak-wa012w-windows-11\/"]}]},{"@type":"ImageObject","inLanguage":"fr-FR","@id":"https:\/\/cbs-electro.com\/index.php\/produit\/asus-vivo-aio-v222gak-wa012w-windows-11\/#primaryimage","url":"https:\/\/cbs-electro.com\/wp-content\/uploads\/2023\/12\/MN0005815230_1_0005902342_0005940344_0005975486.jpg","contentUrl":"https:\/\/cbs-electro.com\/wp-content\/uploads\/2023\/12\/MN0005815230_1_0005902342_0005940344_0005975486.jpg","width":550,"height":550},{"@type":"BreadcrumbList","@id":"https:\/\/cbs-electro.com\/index.php\/produit\/asus-vivo-aio-v222gak-wa012w-windows-11\/#breadcrumb","itemListElement":[{"@type":"ListItem","position":1,"name":"Accueil","item":"https:\/\/www.cbs-electro.com\/"},{"@type":"ListItem","position":2,"name":"Boutique","item":"https:\/\/www.cbs-electro.com\/index.php\/boutique\/"},{"@type":"ListItem","position":3,"name":"ASUS Vivo AiO V222GAK-WA012W &#8211; Windows 11"}]},{"@type":"WebSite","@id":"https:\/\/www.cbs-electro.com\/#website","url":"https:\/\/www.cbs-electro.com\/","name":"CBS Electro","description":"Vente des produits neufs - Informatique, Smartphones, livres, jeux vid\u00e9o, photos, jouets et \u00e9lectrom\u00e9nager","potentialAction":[{"@type":"SearchAction","target":{"@type":"EntryPoint","urlTemplate":"https:\/\/www.cbs-electro.com\/?s={search_term_string}"},"query-input":{"@type":"PropertyValueSpecification","valueRequired":true,"valueName":"search_term_string"}}],"inLanguage":"fr-FR"}]}},"_links":{"self":[{"href":"https:\/\/cbs-electro.com\/index.php\/wp-json\/wp\/v2\/product\/16493","targetHints":{"allow":["GET"]}}],"collection":[{"href":"https:\/\/cbs-electro.com\/index.php\/wp-json\/wp\/v2\/product"}],"about":[{"href":"https:\/\/cbs-electro.com\/index.php\/wp-json\/wp\/v2\/types\/product"}],"version-history":[{"count":1,"href":"https:\/\/cbs-electro.com\/index.php\/wp-json\/wp\/v2\/product\/16493\/revisions"}],"predecessor-version":[{"id":16497,"href":"https:\/\/cbs-electro.com\/index.php\/wp-json\/wp\/v2\/product\/16493\/revisions\/16497"}],"wp:featuredmedia":[{"embeddable":true,"href":"https:\/\/cbs-electro.com\/index.php\/wp-json\/wp\/v2\/media\/16496"}],"wp:attachment":[{"href":"https:\/\/cbs-electro.com\/index.php\/wp-json\/wp\/v2\/media?parent=16493"}],"wp:term":[{"taxonomy":"product_brand","embeddable":true,"href":"https:\/\/cbs-electro.com\/index.php\/wp-json\/wp\/v2\/product_brand?post=16493"},{"taxonomy":"product_cat","embeddable":true,"href":"https:\/\/cbs-electro.com\/index.php\/wp-json\/wp\/v2\/product_cat?post=16493"},{"taxonomy":"product_tag","embeddable":true,"href":"https:\/\/cbs-electro.com\/index.php\/wp-json\/wp\/v2\/product_tag?post=16493"}],"curies":[{"name":"wp","href":"https:\/\/api.w.org\/{rel}","templated":true}]}}