{"id":16488,"date":"2023-12-03T14:50:43","date_gmt":"2023-12-03T13:50:43","guid":{"rendered":"https:\/?post_type=product&#038;p=16488"},"modified":"2023-12-03T14:50:43","modified_gmt":"2023-12-03T13:50:43","slug":"asus-vivo-aio-pro-27-m3700wyak-wa014x-windows-11-pro","status":"publish","type":"product","link":"https:\/\/cbs-electro.com\/index.php\/produit\/asus-vivo-aio-pro-27-m3700wyak-wa014x-windows-11-pro\/","title":{"rendered":"ASUS Vivo AiO Pro 27&Prime; M3700WYAK-WA014X &#8211; Windows 11 Pro"},"content":{"rendered":"<p>Le PC All in one ASUS Vivo AiO Pro 27&Prime; M3700WYAK-WA014X est un ordinateur tout en un, compact et puissant pour r\u00e9pondre \u00e0 de nombreuses demandes de travail et de multim\u00e9dia. Avec le processeur AMD Ryzen 5 5625U, 8 Go de m\u00e9moire DDR4 et un SSD de 512 Go, le tout en un Vivo AiO M3700WUAK est capable de prendre en charge des t\u00e2ches complexes tout en profitant d&rsquo;un PC design. Il est livr\u00e9 avec un clavier et une souris USB<\/p>\n","protected":false},"excerpt":{"rendered":"<div class=\"col-12 col-md-9\">\n<h2 class=\"c-product__specs\">PC tout en un, Professionnel, 27&Prime;, IPS, 1920 x 1080 (FHD), AMD Ryzen 5 5625U, RAM 8 Go, SSD 512 Go, Windows 11 Pro<\/h2>\n<\/div>\n<div class=\"d-none d-md-block col-md-3\"><\/div>\n","protected":false},"featured_media":16491,"template":"","meta":[],"product_brand":[],"product_cat":[104,164],"product_tag":[],"class_list":{"0":"post-16488","1":"product","2":"type-product","3":"status-publish","4":"has-post-thumbnail","6":"product_cat-informatique","7":"product_cat-ordinateur-tout-en-un","9":"first","10":"instock","11":"taxable","12":"shipping-taxable","13":"purchasable","14":"product-type-simple"},"yoast_head":"<!-- This site is optimized with the Yoast SEO plugin v24.8.1 - https:\/\/yoast.com\/wordpress\/plugins\/seo\/ -->\n<title>ASUS Vivo AiO Pro 27&quot; M3700WYAK-WA014X - Windows 11 Pro - CBS Electro<\/title>\n<meta name=\"robots\" content=\"index, follow, max-snippet:-1, max-image-preview:large, max-video-preview:-1\" \/>\n<link rel=\"canonical\" href=\"https:\/\/cbs-electro.com\/index.php\/produit\/asus-vivo-aio-pro-27-m3700wyak-wa014x-windows-11-pro\/\" \/>\n<meta property=\"og:locale\" content=\"fr_FR\" \/>\n<meta property=\"og:type\" content=\"article\" \/>\n<meta property=\"og:title\" content=\"ASUS Vivo AiO Pro 27&quot; M3700WYAK-WA014X - Windows 11 Pro - CBS Electro\" \/>\n<meta property=\"og:description\" content=\"PC tout en un, Professionnel, 27&quot;, IPS, 1920 x 1080 (FHD), AMD Ryzen 5 5625U, RAM 8 Go, SSD 512 Go, Windows 11 Pro\" \/>\n<meta property=\"og:url\" content=\"https:\/\/cbs-electro.com\/index.php\/produit\/asus-vivo-aio-pro-27-m3700wyak-wa014x-windows-11-pro\/\" \/>\n<meta property=\"og:site_name\" content=\"CBS Electro\" \/>\n<meta property=\"og:image\" content=\"https:\/\/cbs-electro.com\/wp-content\/uploads\/2023\/12\/MN0005892041_1_0005996644_0006003263.jpg\" \/>\n\t<meta property=\"og:image:width\" content=\"550\" \/>\n\t<meta property=\"og:image:height\" content=\"550\" \/>\n\t<meta property=\"og:image:type\" content=\"image\/jpeg\" \/>\n<meta name=\"twitter:card\" content=\"summary_large_image\" \/>\n<script type=\"application\/ld+json\" class=\"yoast-schema-graph\">{\"@context\":\"https:\/\/schema.org\",\"@graph\":[{\"@type\":\"WebPage\",\"@id\":\"https:\/\/cbs-electro.com\/index.php\/produit\/asus-vivo-aio-pro-27-m3700wyak-wa014x-windows-11-pro\/\",\"url\":\"https:\/\/cbs-electro.com\/index.php\/produit\/asus-vivo-aio-pro-27-m3700wyak-wa014x-windows-11-pro\/\",\"name\":\"ASUS Vivo AiO Pro 27\\\" M3700WYAK-WA014X - Windows 11 Pro - CBS Electro\",\"isPartOf\":{\"@id\":\"https:\/\/www.cbs-electro.com\/#website\"},\"primaryImageOfPage\":{\"@id\":\"https:\/\/cbs-electro.com\/index.php\/produit\/asus-vivo-aio-pro-27-m3700wyak-wa014x-windows-11-pro\/#primaryimage\"},\"image\":{\"@id\":\"https:\/\/cbs-electro.com\/index.php\/produit\/asus-vivo-aio-pro-27-m3700wyak-wa014x-windows-11-pro\/#primaryimage\"},\"thumbnailUrl\":\"https:\/\/cbs-electro.com\/wp-content\/uploads\/2023\/12\/MN0005892041_1_0005996644_0006003263.jpg\",\"datePublished\":\"2023-12-03T13:50:43+00:00\",\"breadcrumb\":{\"@id\":\"https:\/\/cbs-electro.com\/index.php\/produit\/asus-vivo-aio-pro-27-m3700wyak-wa014x-windows-11-pro\/#breadcrumb\"},\"inLanguage\":\"fr-FR\",\"potentialAction\":[{\"@type\":\"ReadAction\",\"target\":[\"https:\/\/cbs-electro.com\/index.php\/produit\/asus-vivo-aio-pro-27-m3700wyak-wa014x-windows-11-pro\/\"]}]},{\"@type\":\"ImageObject\",\"inLanguage\":\"fr-FR\",\"@id\":\"https:\/\/cbs-electro.com\/index.php\/produit\/asus-vivo-aio-pro-27-m3700wyak-wa014x-windows-11-pro\/#primaryimage\",\"url\":\"https:\/\/cbs-electro.com\/wp-content\/uploads\/2023\/12\/MN0005892041_1_0005996644_0006003263.jpg\",\"contentUrl\":\"https:\/\/cbs-electro.com\/wp-content\/uploads\/2023\/12\/MN0005892041_1_0005996644_0006003263.jpg\",\"width\":550,\"height\":550},{\"@type\":\"BreadcrumbList\",\"@id\":\"https:\/\/cbs-electro.com\/index.php\/produit\/asus-vivo-aio-pro-27-m3700wyak-wa014x-windows-11-pro\/#breadcrumb\",\"itemListElement\":[{\"@type\":\"ListItem\",\"position\":1,\"name\":\"Accueil\",\"item\":\"https:\/\/www.cbs-electro.com\/\"},{\"@type\":\"ListItem\",\"position\":2,\"name\":\"Boutique\",\"item\":\"https:\/\/www.cbs-electro.com\/index.php\/boutique\/\"},{\"@type\":\"ListItem\",\"position\":3,\"name\":\"ASUS Vivo AiO Pro 27&Prime; M3700WYAK-WA014X &#8211; Windows 11 Pro\"}]},{\"@type\":\"WebSite\",\"@id\":\"https:\/\/www.cbs-electro.com\/#website\",\"url\":\"https:\/\/www.cbs-electro.com\/\",\"name\":\"CBS Electro\",\"description\":\"Vente des produits neufs - Informatique, Smartphones, livres, jeux vid\u00e9o, photos, jouets et \u00e9lectrom\u00e9nager\",\"potentialAction\":[{\"@type\":\"SearchAction\",\"target\":{\"@type\":\"EntryPoint\",\"urlTemplate\":\"https:\/\/www.cbs-electro.com\/?s={search_term_string}\"},\"query-input\":{\"@type\":\"PropertyValueSpecification\",\"valueRequired\":true,\"valueName\":\"search_term_string\"}}],\"inLanguage\":\"fr-FR\"}]}<\/script>\n<!-- \/ Yoast SEO plugin. -->","yoast_head_json":{"title":"ASUS Vivo AiO Pro 27\" M3700WYAK-WA014X - Windows 11 Pro - CBS Electro","robots":{"index":"index","follow":"follow","max-snippet":"max-snippet:-1","max-image-preview":"max-image-preview:large","max-video-preview":"max-video-preview:-1"},"canonical":"https:\/\/cbs-electro.com\/index.php\/produit\/asus-vivo-aio-pro-27-m3700wyak-wa014x-windows-11-pro\/","og_locale":"fr_FR","og_type":"article","og_title":"ASUS Vivo AiO Pro 27\" M3700WYAK-WA014X - Windows 11 Pro - CBS Electro","og_description":"PC tout en un, Professionnel, 27\", IPS, 1920 x 1080 (FHD), AMD Ryzen 5 5625U, RAM 8 Go, SSD 512 Go, Windows 11 Pro","og_url":"https:\/\/cbs-electro.com\/index.php\/produit\/asus-vivo-aio-pro-27-m3700wyak-wa014x-windows-11-pro\/","og_site_name":"CBS Electro","og_image":[{"width":550,"height":550,"url":"https:\/\/cbs-electro.com\/wp-content\/uploads\/2023\/12\/MN0005892041_1_0005996644_0006003263.jpg","type":"image\/jpeg"}],"twitter_card":"summary_large_image","schema":{"@context":"https:\/\/schema.org","@graph":[{"@type":"WebPage","@id":"https:\/\/cbs-electro.com\/index.php\/produit\/asus-vivo-aio-pro-27-m3700wyak-wa014x-windows-11-pro\/","url":"https:\/\/cbs-electro.com\/index.php\/produit\/asus-vivo-aio-pro-27-m3700wyak-wa014x-windows-11-pro\/","name":"ASUS Vivo AiO Pro 27\" M3700WYAK-WA014X - Windows 11 Pro - CBS Electro","isPartOf":{"@id":"https:\/\/www.cbs-electro.com\/#website"},"primaryImageOfPage":{"@id":"https:\/\/cbs-electro.com\/index.php\/produit\/asus-vivo-aio-pro-27-m3700wyak-wa014x-windows-11-pro\/#primaryimage"},"image":{"@id":"https:\/\/cbs-electro.com\/index.php\/produit\/asus-vivo-aio-pro-27-m3700wyak-wa014x-windows-11-pro\/#primaryimage"},"thumbnailUrl":"https:\/\/cbs-electro.com\/wp-content\/uploads\/2023\/12\/MN0005892041_1_0005996644_0006003263.jpg","datePublished":"2023-12-03T13:50:43+00:00","breadcrumb":{"@id":"https:\/\/cbs-electro.com\/index.php\/produit\/asus-vivo-aio-pro-27-m3700wyak-wa014x-windows-11-pro\/#breadcrumb"},"inLanguage":"fr-FR","potentialAction":[{"@type":"ReadAction","target":["https:\/\/cbs-electro.com\/index.php\/produit\/asus-vivo-aio-pro-27-m3700wyak-wa014x-windows-11-pro\/"]}]},{"@type":"ImageObject","inLanguage":"fr-FR","@id":"https:\/\/cbs-electro.com\/index.php\/produit\/asus-vivo-aio-pro-27-m3700wyak-wa014x-windows-11-pro\/#primaryimage","url":"https:\/\/cbs-electro.com\/wp-content\/uploads\/2023\/12\/MN0005892041_1_0005996644_0006003263.jpg","contentUrl":"https:\/\/cbs-electro.com\/wp-content\/uploads\/2023\/12\/MN0005892041_1_0005996644_0006003263.jpg","width":550,"height":550},{"@type":"BreadcrumbList","@id":"https:\/\/cbs-electro.com\/index.php\/produit\/asus-vivo-aio-pro-27-m3700wyak-wa014x-windows-11-pro\/#breadcrumb","itemListElement":[{"@type":"ListItem","position":1,"name":"Accueil","item":"https:\/\/www.cbs-electro.com\/"},{"@type":"ListItem","position":2,"name":"Boutique","item":"https:\/\/www.cbs-electro.com\/index.php\/boutique\/"},{"@type":"ListItem","position":3,"name":"ASUS Vivo AiO Pro 27&Prime; M3700WYAK-WA014X &#8211; Windows 11 Pro"}]},{"@type":"WebSite","@id":"https:\/\/www.cbs-electro.com\/#website","url":"https:\/\/www.cbs-electro.com\/","name":"CBS Electro","description":"Vente des produits neufs - Informatique, Smartphones, livres, jeux vid\u00e9o, photos, jouets et \u00e9lectrom\u00e9nager","potentialAction":[{"@type":"SearchAction","target":{"@type":"EntryPoint","urlTemplate":"https:\/\/www.cbs-electro.com\/?s={search_term_string}"},"query-input":{"@type":"PropertyValueSpecification","valueRequired":true,"valueName":"search_term_string"}}],"inLanguage":"fr-FR"}]}},"_links":{"self":[{"href":"https:\/\/cbs-electro.com\/index.php\/wp-json\/wp\/v2\/product\/16488","targetHints":{"allow":["GET"]}}],"collection":[{"href":"https:\/\/cbs-electro.com\/index.php\/wp-json\/wp\/v2\/product"}],"about":[{"href":"https:\/\/cbs-electro.com\/index.php\/wp-json\/wp\/v2\/types\/product"}],"version-history":[{"count":1,"href":"https:\/\/cbs-electro.com\/index.php\/wp-json\/wp\/v2\/product\/16488\/revisions"}],"predecessor-version":[{"id":16492,"href":"https:\/\/cbs-electro.com\/index.php\/wp-json\/wp\/v2\/product\/16488\/revisions\/16492"}],"wp:featuredmedia":[{"embeddable":true,"href":"https:\/\/cbs-electro.com\/index.php\/wp-json\/wp\/v2\/media\/16491"}],"wp:attachment":[{"href":"https:\/\/cbs-electro.com\/index.php\/wp-json\/wp\/v2\/media?parent=16488"}],"wp:term":[{"taxonomy":"product_brand","embeddable":true,"href":"https:\/\/cbs-electro.com\/index.php\/wp-json\/wp\/v2\/product_brand?post=16488"},{"taxonomy":"product_cat","embeddable":true,"href":"https:\/\/cbs-electro.com\/index.php\/wp-json\/wp\/v2\/product_cat?post=16488"},{"taxonomy":"product_tag","embeddable":true,"href":"https:\/\/cbs-electro.com\/index.php\/wp-json\/wp\/v2\/product_tag?post=16488"}],"curies":[{"name":"wp","href":"https:\/\/api.w.org\/{rel}","templated":true}]}}