{"id":16483,"date":"2023-12-03T14:47:08","date_gmt":"2023-12-03T13:47:08","guid":{"rendered":"https:\/?post_type=product&#038;p=16483"},"modified":"2023-12-03T14:47:09","modified_gmt":"2023-12-03T13:47:09","slug":"asus-expertcenter-e5-aio-22-e5202whak-ba102r-windows-10-pro","status":"publish","type":"product","link":"https:\/\/cbs-electro.com\/index.php\/produit\/asus-expertcenter-e5-aio-22-e5202whak-ba102r-windows-10-pro\/","title":{"rendered":"ASUS ExpertCenter E5 AiO 22 E5202WHAK-BA102R &#8211; Windows 10 Pro"},"content":{"rendered":"<p>L&rsquo;ordinateur tout-en-un ASUS ExpertCenter E5 AiO 22 est performant et facile \u00e0 utiliser par les professionnels. Il vient \u00e0 bout des t\u00e2ches les plus pouss\u00e9es afin de vous faire gagner du temps et de l&rsquo;argent. Il fournit une puissance de calcul \u00e9lev\u00e9e gr\u00e2ce \u00e0 son processeur Intel Core i5-11500B, 8 Go de m\u00e9moire DDR4 et sa connectique compl\u00e8te incluant le nouveau Thunderbolt 4.0. En plus d&rsquo;arborer un design ultra-compact et \u00e9l\u00e9gant, il accueille un SSD 256 Go et une connectivit\u00e9 Wi-Fi AX afin de r\u00e9pondre aux besoins actuels et futurs de votre entreprise.<\/p>\n<p class=\"variant-group-name\" data-toggle=\"modal\" data-target=\"#modalProductVariants\">Taille de l&rsquo;\u00e9cran (2) :\u00a0<span class=\"font-weight-bold\">21.5 pouces<\/span><\/p>\n<div class=\"variants-carousel\">\n<div class=\"variants-carousel__item is-active\" data-variant-title=\"21.5 pouces\" data-product-id=\"AR202108180098\" data-url-id=\"202108180098\" data-tracking-event=\"click\" data-tracking-category=\"Variants\" data-tracking-action=\"Cat\u00e9gorie 402\" data-tracking-label=\"Taille de l'\u00e9cran - 106\"><\/div>\n<\/div>\n","protected":false},"excerpt":{"rendered":"<p class=\"c-product__specs\">PC tout en un, Professionnel, 21.5&Prime;, IPS, 1920 x 1080 (FHD), Intel Core i5-11500B , RAM 8 Go, SSD 256 Go, Windows 10 Pro<\/p>\n","protected":false},"featured_media":16485,"template":"","meta":[],"product_brand":[],"product_cat":[104,164],"product_tag":[],"class_list":{"0":"post-16483","1":"product","2":"type-product","3":"status-publish","4":"has-post-thumbnail","6":"product_cat-informatique","7":"product_cat-ordinateur-tout-en-un","9":"first","10":"instock","11":"taxable","12":"shipping-taxable","13":"purchasable","14":"product-type-simple"},"yoast_head":"<!-- This site is optimized with the Yoast SEO plugin v24.8.1 - https:\/\/yoast.com\/wordpress\/plugins\/seo\/ -->\n<title>ASUS ExpertCenter E5 AiO 22 E5202WHAK-BA102R - Windows 10 Pro - CBS Electro<\/title>\n<meta name=\"robots\" content=\"index, follow, max-snippet:-1, max-image-preview:large, max-video-preview:-1\" \/>\n<link rel=\"canonical\" href=\"https:\/\/cbs-electro.com\/index.php\/produit\/asus-expertcenter-e5-aio-22-e5202whak-ba102r-windows-10-pro\/\" \/>\n<meta property=\"og:locale\" content=\"fr_FR\" \/>\n<meta property=\"og:type\" content=\"article\" \/>\n<meta property=\"og:title\" content=\"ASUS ExpertCenter E5 AiO 22 E5202WHAK-BA102R - Windows 10 Pro - CBS Electro\" \/>\n<meta property=\"og:description\" content=\"PC tout en un, Professionnel, 21.5&quot;, IPS, 1920 x 1080 (FHD), Intel Core i5-11500B , RAM 8 Go, SSD 256 Go, Windows 10 Pro\" \/>\n<meta property=\"og:url\" content=\"https:\/\/cbs-electro.com\/index.php\/produit\/asus-expertcenter-e5-aio-22-e5202whak-ba102r-windows-10-pro\/\" \/>\n<meta property=\"og:site_name\" content=\"CBS Electro\" \/>\n<meta property=\"article:modified_time\" content=\"2023-12-03T13:47:09+00:00\" \/>\n<meta property=\"og:image\" content=\"https:\/\/cbs-electro.com\/wp-content\/uploads\/2023\/12\/MN0005909233_1.jpg\" \/>\n\t<meta property=\"og:image:width\" content=\"550\" \/>\n\t<meta property=\"og:image:height\" content=\"550\" \/>\n\t<meta property=\"og:image:type\" content=\"image\/jpeg\" \/>\n<meta name=\"twitter:card\" content=\"summary_large_image\" \/>\n<meta name=\"twitter:label1\" content=\"Dur\u00e9e de lecture estim\u00e9e\" \/>\n\t<meta name=\"twitter:data1\" content=\"1 minute\" \/>\n<script type=\"application\/ld+json\" class=\"yoast-schema-graph\">{\"@context\":\"https:\/\/schema.org\",\"@graph\":[{\"@type\":\"WebPage\",\"@id\":\"https:\/\/cbs-electro.com\/index.php\/produit\/asus-expertcenter-e5-aio-22-e5202whak-ba102r-windows-10-pro\/\",\"url\":\"https:\/\/cbs-electro.com\/index.php\/produit\/asus-expertcenter-e5-aio-22-e5202whak-ba102r-windows-10-pro\/\",\"name\":\"ASUS ExpertCenter E5 AiO 22 E5202WHAK-BA102R - Windows 10 Pro - CBS Electro\",\"isPartOf\":{\"@id\":\"https:\/\/www.cbs-electro.com\/#website\"},\"primaryImageOfPage\":{\"@id\":\"https:\/\/cbs-electro.com\/index.php\/produit\/asus-expertcenter-e5-aio-22-e5202whak-ba102r-windows-10-pro\/#primaryimage\"},\"image\":{\"@id\":\"https:\/\/cbs-electro.com\/index.php\/produit\/asus-expertcenter-e5-aio-22-e5202whak-ba102r-windows-10-pro\/#primaryimage\"},\"thumbnailUrl\":\"https:\/\/cbs-electro.com\/wp-content\/uploads\/2023\/12\/MN0005909233_1.jpg\",\"datePublished\":\"2023-12-03T13:47:08+00:00\",\"dateModified\":\"2023-12-03T13:47:09+00:00\",\"breadcrumb\":{\"@id\":\"https:\/\/cbs-electro.com\/index.php\/produit\/asus-expertcenter-e5-aio-22-e5202whak-ba102r-windows-10-pro\/#breadcrumb\"},\"inLanguage\":\"fr-FR\",\"potentialAction\":[{\"@type\":\"ReadAction\",\"target\":[\"https:\/\/cbs-electro.com\/index.php\/produit\/asus-expertcenter-e5-aio-22-e5202whak-ba102r-windows-10-pro\/\"]}]},{\"@type\":\"ImageObject\",\"inLanguage\":\"fr-FR\",\"@id\":\"https:\/\/cbs-electro.com\/index.php\/produit\/asus-expertcenter-e5-aio-22-e5202whak-ba102r-windows-10-pro\/#primaryimage\",\"url\":\"https:\/\/cbs-electro.com\/wp-content\/uploads\/2023\/12\/MN0005909233_1.jpg\",\"contentUrl\":\"https:\/\/cbs-electro.com\/wp-content\/uploads\/2023\/12\/MN0005909233_1.jpg\",\"width\":550,\"height\":550},{\"@type\":\"BreadcrumbList\",\"@id\":\"https:\/\/cbs-electro.com\/index.php\/produit\/asus-expertcenter-e5-aio-22-e5202whak-ba102r-windows-10-pro\/#breadcrumb\",\"itemListElement\":[{\"@type\":\"ListItem\",\"position\":1,\"name\":\"Accueil\",\"item\":\"https:\/\/www.cbs-electro.com\/\"},{\"@type\":\"ListItem\",\"position\":2,\"name\":\"Boutique\",\"item\":\"https:\/\/www.cbs-electro.com\/index.php\/boutique\/\"},{\"@type\":\"ListItem\",\"position\":3,\"name\":\"ASUS ExpertCenter E5 AiO 22 E5202WHAK-BA102R &#8211; Windows 10 Pro\"}]},{\"@type\":\"WebSite\",\"@id\":\"https:\/\/www.cbs-electro.com\/#website\",\"url\":\"https:\/\/www.cbs-electro.com\/\",\"name\":\"CBS Electro\",\"description\":\"Vente des produits neufs - Informatique, Smartphones, livres, jeux vid\u00e9o, photos, jouets et \u00e9lectrom\u00e9nager\",\"potentialAction\":[{\"@type\":\"SearchAction\",\"target\":{\"@type\":\"EntryPoint\",\"urlTemplate\":\"https:\/\/www.cbs-electro.com\/?s={search_term_string}\"},\"query-input\":{\"@type\":\"PropertyValueSpecification\",\"valueRequired\":true,\"valueName\":\"search_term_string\"}}],\"inLanguage\":\"fr-FR\"}]}<\/script>\n<!-- \/ Yoast SEO plugin. -->","yoast_head_json":{"title":"ASUS ExpertCenter E5 AiO 22 E5202WHAK-BA102R - Windows 10 Pro - CBS Electro","robots":{"index":"index","follow":"follow","max-snippet":"max-snippet:-1","max-image-preview":"max-image-preview:large","max-video-preview":"max-video-preview:-1"},"canonical":"https:\/\/cbs-electro.com\/index.php\/produit\/asus-expertcenter-e5-aio-22-e5202whak-ba102r-windows-10-pro\/","og_locale":"fr_FR","og_type":"article","og_title":"ASUS ExpertCenter E5 AiO 22 E5202WHAK-BA102R - Windows 10 Pro - CBS Electro","og_description":"PC tout en un, Professionnel, 21.5\", IPS, 1920 x 1080 (FHD), Intel Core i5-11500B , RAM 8 Go, SSD 256 Go, Windows 10 Pro","og_url":"https:\/\/cbs-electro.com\/index.php\/produit\/asus-expertcenter-e5-aio-22-e5202whak-ba102r-windows-10-pro\/","og_site_name":"CBS Electro","article_modified_time":"2023-12-03T13:47:09+00:00","og_image":[{"width":550,"height":550,"url":"https:\/\/cbs-electro.com\/wp-content\/uploads\/2023\/12\/MN0005909233_1.jpg","type":"image\/jpeg"}],"twitter_card":"summary_large_image","twitter_misc":{"Dur\u00e9e de lecture estim\u00e9e":"1 minute"},"schema":{"@context":"https:\/\/schema.org","@graph":[{"@type":"WebPage","@id":"https:\/\/cbs-electro.com\/index.php\/produit\/asus-expertcenter-e5-aio-22-e5202whak-ba102r-windows-10-pro\/","url":"https:\/\/cbs-electro.com\/index.php\/produit\/asus-expertcenter-e5-aio-22-e5202whak-ba102r-windows-10-pro\/","name":"ASUS ExpertCenter E5 AiO 22 E5202WHAK-BA102R - Windows 10 Pro - CBS Electro","isPartOf":{"@id":"https:\/\/www.cbs-electro.com\/#website"},"primaryImageOfPage":{"@id":"https:\/\/cbs-electro.com\/index.php\/produit\/asus-expertcenter-e5-aio-22-e5202whak-ba102r-windows-10-pro\/#primaryimage"},"image":{"@id":"https:\/\/cbs-electro.com\/index.php\/produit\/asus-expertcenter-e5-aio-22-e5202whak-ba102r-windows-10-pro\/#primaryimage"},"thumbnailUrl":"https:\/\/cbs-electro.com\/wp-content\/uploads\/2023\/12\/MN0005909233_1.jpg","datePublished":"2023-12-03T13:47:08+00:00","dateModified":"2023-12-03T13:47:09+00:00","breadcrumb":{"@id":"https:\/\/cbs-electro.com\/index.php\/produit\/asus-expertcenter-e5-aio-22-e5202whak-ba102r-windows-10-pro\/#breadcrumb"},"inLanguage":"fr-FR","potentialAction":[{"@type":"ReadAction","target":["https:\/\/cbs-electro.com\/index.php\/produit\/asus-expertcenter-e5-aio-22-e5202whak-ba102r-windows-10-pro\/"]}]},{"@type":"ImageObject","inLanguage":"fr-FR","@id":"https:\/\/cbs-electro.com\/index.php\/produit\/asus-expertcenter-e5-aio-22-e5202whak-ba102r-windows-10-pro\/#primaryimage","url":"https:\/\/cbs-electro.com\/wp-content\/uploads\/2023\/12\/MN0005909233_1.jpg","contentUrl":"https:\/\/cbs-electro.com\/wp-content\/uploads\/2023\/12\/MN0005909233_1.jpg","width":550,"height":550},{"@type":"BreadcrumbList","@id":"https:\/\/cbs-electro.com\/index.php\/produit\/asus-expertcenter-e5-aio-22-e5202whak-ba102r-windows-10-pro\/#breadcrumb","itemListElement":[{"@type":"ListItem","position":1,"name":"Accueil","item":"https:\/\/www.cbs-electro.com\/"},{"@type":"ListItem","position":2,"name":"Boutique","item":"https:\/\/www.cbs-electro.com\/index.php\/boutique\/"},{"@type":"ListItem","position":3,"name":"ASUS ExpertCenter E5 AiO 22 E5202WHAK-BA102R &#8211; Windows 10 Pro"}]},{"@type":"WebSite","@id":"https:\/\/www.cbs-electro.com\/#website","url":"https:\/\/www.cbs-electro.com\/","name":"CBS Electro","description":"Vente des produits neufs - Informatique, Smartphones, livres, jeux vid\u00e9o, photos, jouets et \u00e9lectrom\u00e9nager","potentialAction":[{"@type":"SearchAction","target":{"@type":"EntryPoint","urlTemplate":"https:\/\/www.cbs-electro.com\/?s={search_term_string}"},"query-input":{"@type":"PropertyValueSpecification","valueRequired":true,"valueName":"search_term_string"}}],"inLanguage":"fr-FR"}]}},"_links":{"self":[{"href":"https:\/\/cbs-electro.com\/index.php\/wp-json\/wp\/v2\/product\/16483","targetHints":{"allow":["GET"]}}],"collection":[{"href":"https:\/\/cbs-electro.com\/index.php\/wp-json\/wp\/v2\/product"}],"about":[{"href":"https:\/\/cbs-electro.com\/index.php\/wp-json\/wp\/v2\/types\/product"}],"version-history":[{"count":1,"href":"https:\/\/cbs-electro.com\/index.php\/wp-json\/wp\/v2\/product\/16483\/revisions"}],"predecessor-version":[{"id":16487,"href":"https:\/\/cbs-electro.com\/index.php\/wp-json\/wp\/v2\/product\/16483\/revisions\/16487"}],"wp:featuredmedia":[{"embeddable":true,"href":"https:\/\/cbs-electro.com\/index.php\/wp-json\/wp\/v2\/media\/16485"}],"wp:attachment":[{"href":"https:\/\/cbs-electro.com\/index.php\/wp-json\/wp\/v2\/media?parent=16483"}],"wp:term":[{"taxonomy":"product_brand","embeddable":true,"href":"https:\/\/cbs-electro.com\/index.php\/wp-json\/wp\/v2\/product_brand?post=16483"},{"taxonomy":"product_cat","embeddable":true,"href":"https:\/\/cbs-electro.com\/index.php\/wp-json\/wp\/v2\/product_cat?post=16483"},{"taxonomy":"product_tag","embeddable":true,"href":"https:\/\/cbs-electro.com\/index.php\/wp-json\/wp\/v2\/product_tag?post=16483"}],"curies":[{"name":"wp","href":"https:\/\/api.w.org\/{rel}","templated":true}]}}