{"id":16441,"date":"2023-12-03T14:13:21","date_gmt":"2023-12-03T13:13:21","guid":{"rendered":"https:\/?post_type=product&#038;p=16441"},"modified":"2025-03-13T07:36:39","modified_gmt":"2025-03-13T06:36:39","slug":"alessia-14kw-poele-a-bois-interstoves","status":"publish","type":"product","link":"https:\/\/cbs-electro.com\/index.php\/produit\/alessia-14kw-poele-a-bois-interstoves\/","title":{"rendered":"ALESSIA 14kW &#8211; Po\u00eale \u00e0 bois INTERSTOVES"},"content":{"rendered":"<div id=\"short_description_content\" class=\"rte align_justify\">\n<ul>\n<li>Po\u00eale \u00e0 bois<\/li>\n<li>Puissance globale :\u00a014,3 kW<\/li>\n<li>Rendement :\u00a082 %<\/li>\n<li>Taille des b\u00fbches :\u00a050 cm<\/li>\n<li>Dimensions (LxHxP) : 660 x 600 x 480 mm<\/li>\n<li>Poids : 70 kg<\/li>\n<li>Garantie 10 ans sur le corps de chauffe<\/li>\n<\/ul>\n<div id=\"mciapp-exclusion-container\"><\/div>\n<div><\/div>\n<\/div>\n<div class=\"content_prices clearfix\">\n<div><\/div>\n<\/div>\n","protected":false},"excerpt":{"rendered":"<p>Po\u00eale \u00e0 bois Puissance globale :\u00a014,3 kW Rendement :\u00a082 % Taille des b\u00fbches :\u00a050 cm Dimensions (LxHxP) : 660 x<\/p>\n","protected":false},"featured_media":16444,"template":"","meta":[],"product_brand":[],"product_cat":[125,238],"product_tag":[],"class_list":{"0":"post-16441","1":"product","2":"type-product","3":"status-publish","4":"has-post-thumbnail","6":"product_cat-chauffage","7":"product_cat-poele-a-bois","9":"first","10":"instock","11":"taxable","12":"shipping-taxable","13":"purchasable","14":"product-type-simple"},"yoast_head":"<!-- This site is optimized with the Yoast SEO plugin v24.8.1 - https:\/\/yoast.com\/wordpress\/plugins\/seo\/ -->\n<title>ALESSIA 14kW - Po\u00eale \u00e0 bois INTERSTOVES - CBS Electro<\/title>\n<meta name=\"robots\" content=\"index, follow, max-snippet:-1, max-image-preview:large, max-video-preview:-1\" \/>\n<link rel=\"canonical\" href=\"https:\/\/cbs-electro.com\/index.php\/produit\/alessia-14kw-poele-a-bois-interstoves\/\" \/>\n<meta property=\"og:locale\" content=\"fr_FR\" \/>\n<meta property=\"og:type\" content=\"article\" \/>\n<meta property=\"og:title\" content=\"ALESSIA 14kW - Po\u00eale \u00e0 bois INTERSTOVES - CBS Electro\" \/>\n<meta property=\"og:description\" content=\"Po\u00eale \u00e0 bois Puissance globale :\u00a014,3 kW Rendement :\u00a082 % Taille des b\u00fbches :\u00a050 cm Dimensions (LxHxP) : 660 x\" \/>\n<meta property=\"og:url\" content=\"https:\/\/cbs-electro.com\/index.php\/produit\/alessia-14kw-poele-a-bois-interstoves\/\" \/>\n<meta property=\"og:site_name\" content=\"CBS Electro\" \/>\n<meta property=\"article:modified_time\" content=\"2025-03-13T06:36:39+00:00\" \/>\n<meta property=\"og:image\" content=\"https:\/\/cbs-electro.com\/wp-content\/uploads\/2023\/12\/poele-bois-interstoves-alessia-14.png\" \/>\n\t<meta property=\"og:image:width\" content=\"458\" \/>\n\t<meta property=\"og:image:height\" content=\"458\" \/>\n\t<meta property=\"og:image:type\" content=\"image\/png\" \/>\n<meta name=\"twitter:card\" content=\"summary_large_image\" \/>\n<script type=\"application\/ld+json\" class=\"yoast-schema-graph\">{\"@context\":\"https:\/\/schema.org\",\"@graph\":[{\"@type\":\"WebPage\",\"@id\":\"https:\/\/cbs-electro.com\/index.php\/produit\/alessia-14kw-poele-a-bois-interstoves\/\",\"url\":\"https:\/\/cbs-electro.com\/index.php\/produit\/alessia-14kw-poele-a-bois-interstoves\/\",\"name\":\"ALESSIA 14kW - Po\u00eale \u00e0 bois INTERSTOVES - CBS Electro\",\"isPartOf\":{\"@id\":\"https:\/\/www.cbs-electro.com\/#website\"},\"primaryImageOfPage\":{\"@id\":\"https:\/\/cbs-electro.com\/index.php\/produit\/alessia-14kw-poele-a-bois-interstoves\/#primaryimage\"},\"image\":{\"@id\":\"https:\/\/cbs-electro.com\/index.php\/produit\/alessia-14kw-poele-a-bois-interstoves\/#primaryimage\"},\"thumbnailUrl\":\"https:\/\/cbs-electro.com\/wp-content\/uploads\/2023\/12\/poele-bois-interstoves-alessia-14.png\",\"datePublished\":\"2023-12-03T13:13:21+00:00\",\"dateModified\":\"2025-03-13T06:36:39+00:00\",\"breadcrumb\":{\"@id\":\"https:\/\/cbs-electro.com\/index.php\/produit\/alessia-14kw-poele-a-bois-interstoves\/#breadcrumb\"},\"inLanguage\":\"fr-FR\",\"potentialAction\":[{\"@type\":\"ReadAction\",\"target\":[\"https:\/\/cbs-electro.com\/index.php\/produit\/alessia-14kw-poele-a-bois-interstoves\/\"]}]},{\"@type\":\"ImageObject\",\"inLanguage\":\"fr-FR\",\"@id\":\"https:\/\/cbs-electro.com\/index.php\/produit\/alessia-14kw-poele-a-bois-interstoves\/#primaryimage\",\"url\":\"https:\/\/cbs-electro.com\/wp-content\/uploads\/2023\/12\/poele-bois-interstoves-alessia-14.png\",\"contentUrl\":\"https:\/\/cbs-electro.com\/wp-content\/uploads\/2023\/12\/poele-bois-interstoves-alessia-14.png\",\"width\":458,\"height\":458},{\"@type\":\"BreadcrumbList\",\"@id\":\"https:\/\/cbs-electro.com\/index.php\/produit\/alessia-14kw-poele-a-bois-interstoves\/#breadcrumb\",\"itemListElement\":[{\"@type\":\"ListItem\",\"position\":1,\"name\":\"Accueil\",\"item\":\"https:\/\/www.cbs-electro.com\/\"},{\"@type\":\"ListItem\",\"position\":2,\"name\":\"Boutique\",\"item\":\"https:\/\/www.cbs-electro.com\/index.php\/boutique\/\"},{\"@type\":\"ListItem\",\"position\":3,\"name\":\"ALESSIA 14kW &#8211; Po\u00eale \u00e0 bois INTERSTOVES\"}]},{\"@type\":\"WebSite\",\"@id\":\"https:\/\/www.cbs-electro.com\/#website\",\"url\":\"https:\/\/www.cbs-electro.com\/\",\"name\":\"CBS Electro\",\"description\":\"Vente des produits neufs - Informatique, Smartphones, livres, jeux vid\u00e9o, photos, jouets et \u00e9lectrom\u00e9nager\",\"potentialAction\":[{\"@type\":\"SearchAction\",\"target\":{\"@type\":\"EntryPoint\",\"urlTemplate\":\"https:\/\/www.cbs-electro.com\/?s={search_term_string}\"},\"query-input\":{\"@type\":\"PropertyValueSpecification\",\"valueRequired\":true,\"valueName\":\"search_term_string\"}}],\"inLanguage\":\"fr-FR\"}]}<\/script>\n<!-- \/ Yoast SEO plugin. -->","yoast_head_json":{"title":"ALESSIA 14kW - Po\u00eale \u00e0 bois INTERSTOVES - CBS Electro","robots":{"index":"index","follow":"follow","max-snippet":"max-snippet:-1","max-image-preview":"max-image-preview:large","max-video-preview":"max-video-preview:-1"},"canonical":"https:\/\/cbs-electro.com\/index.php\/produit\/alessia-14kw-poele-a-bois-interstoves\/","og_locale":"fr_FR","og_type":"article","og_title":"ALESSIA 14kW - Po\u00eale \u00e0 bois INTERSTOVES - CBS Electro","og_description":"Po\u00eale \u00e0 bois Puissance globale :\u00a014,3 kW Rendement :\u00a082 % Taille des b\u00fbches :\u00a050 cm Dimensions (LxHxP) : 660 x","og_url":"https:\/\/cbs-electro.com\/index.php\/produit\/alessia-14kw-poele-a-bois-interstoves\/","og_site_name":"CBS Electro","article_modified_time":"2025-03-13T06:36:39+00:00","og_image":[{"width":458,"height":458,"url":"https:\/\/cbs-electro.com\/wp-content\/uploads\/2023\/12\/poele-bois-interstoves-alessia-14.png","type":"image\/png"}],"twitter_card":"summary_large_image","schema":{"@context":"https:\/\/schema.org","@graph":[{"@type":"WebPage","@id":"https:\/\/cbs-electro.com\/index.php\/produit\/alessia-14kw-poele-a-bois-interstoves\/","url":"https:\/\/cbs-electro.com\/index.php\/produit\/alessia-14kw-poele-a-bois-interstoves\/","name":"ALESSIA 14kW - Po\u00eale \u00e0 bois INTERSTOVES - CBS Electro","isPartOf":{"@id":"https:\/\/www.cbs-electro.com\/#website"},"primaryImageOfPage":{"@id":"https:\/\/cbs-electro.com\/index.php\/produit\/alessia-14kw-poele-a-bois-interstoves\/#primaryimage"},"image":{"@id":"https:\/\/cbs-electro.com\/index.php\/produit\/alessia-14kw-poele-a-bois-interstoves\/#primaryimage"},"thumbnailUrl":"https:\/\/cbs-electro.com\/wp-content\/uploads\/2023\/12\/poele-bois-interstoves-alessia-14.png","datePublished":"2023-12-03T13:13:21+00:00","dateModified":"2025-03-13T06:36:39+00:00","breadcrumb":{"@id":"https:\/\/cbs-electro.com\/index.php\/produit\/alessia-14kw-poele-a-bois-interstoves\/#breadcrumb"},"inLanguage":"fr-FR","potentialAction":[{"@type":"ReadAction","target":["https:\/\/cbs-electro.com\/index.php\/produit\/alessia-14kw-poele-a-bois-interstoves\/"]}]},{"@type":"ImageObject","inLanguage":"fr-FR","@id":"https:\/\/cbs-electro.com\/index.php\/produit\/alessia-14kw-poele-a-bois-interstoves\/#primaryimage","url":"https:\/\/cbs-electro.com\/wp-content\/uploads\/2023\/12\/poele-bois-interstoves-alessia-14.png","contentUrl":"https:\/\/cbs-electro.com\/wp-content\/uploads\/2023\/12\/poele-bois-interstoves-alessia-14.png","width":458,"height":458},{"@type":"BreadcrumbList","@id":"https:\/\/cbs-electro.com\/index.php\/produit\/alessia-14kw-poele-a-bois-interstoves\/#breadcrumb","itemListElement":[{"@type":"ListItem","position":1,"name":"Accueil","item":"https:\/\/www.cbs-electro.com\/"},{"@type":"ListItem","position":2,"name":"Boutique","item":"https:\/\/www.cbs-electro.com\/index.php\/boutique\/"},{"@type":"ListItem","position":3,"name":"ALESSIA 14kW &#8211; Po\u00eale \u00e0 bois INTERSTOVES"}]},{"@type":"WebSite","@id":"https:\/\/www.cbs-electro.com\/#website","url":"https:\/\/www.cbs-electro.com\/","name":"CBS Electro","description":"Vente des produits neufs - Informatique, Smartphones, livres, jeux vid\u00e9o, photos, jouets et \u00e9lectrom\u00e9nager","potentialAction":[{"@type":"SearchAction","target":{"@type":"EntryPoint","urlTemplate":"https:\/\/www.cbs-electro.com\/?s={search_term_string}"},"query-input":{"@type":"PropertyValueSpecification","valueRequired":true,"valueName":"search_term_string"}}],"inLanguage":"fr-FR"}]}},"_links":{"self":[{"href":"https:\/\/cbs-electro.com\/index.php\/wp-json\/wp\/v2\/product\/16441","targetHints":{"allow":["GET"]}}],"collection":[{"href":"https:\/\/cbs-electro.com\/index.php\/wp-json\/wp\/v2\/product"}],"about":[{"href":"https:\/\/cbs-electro.com\/index.php\/wp-json\/wp\/v2\/types\/product"}],"version-history":[{"count":1,"href":"https:\/\/cbs-electro.com\/index.php\/wp-json\/wp\/v2\/product\/16441\/revisions"}],"predecessor-version":[{"id":16445,"href":"https:\/\/cbs-electro.com\/index.php\/wp-json\/wp\/v2\/product\/16441\/revisions\/16445"}],"wp:featuredmedia":[{"embeddable":true,"href":"https:\/\/cbs-electro.com\/index.php\/wp-json\/wp\/v2\/media\/16444"}],"wp:attachment":[{"href":"https:\/\/cbs-electro.com\/index.php\/wp-json\/wp\/v2\/media?parent=16441"}],"wp:term":[{"taxonomy":"product_brand","embeddable":true,"href":"https:\/\/cbs-electro.com\/index.php\/wp-json\/wp\/v2\/product_brand?post=16441"},{"taxonomy":"product_cat","embeddable":true,"href":"https:\/\/cbs-electro.com\/index.php\/wp-json\/wp\/v2\/product_cat?post=16441"},{"taxonomy":"product_tag","embeddable":true,"href":"https:\/\/cbs-electro.com\/index.php\/wp-json\/wp\/v2\/product_tag?post=16441"}],"curies":[{"name":"wp","href":"https:\/\/api.w.org\/{rel}","templated":true}]}}