{"id":16405,"date":"2023-11-25T21:00:55","date_gmt":"2023-11-25T20:00:55","guid":{"rendered":"https:\/?post_type=product&#038;p=16405"},"modified":"2025-03-13T07:38:14","modified_gmt":"2025-03-13T06:38:14","slug":"joyor-trottinette-electrique-adulte-professionelle-s-serie-batterie-48v-13ah-60v-18ah-48v-26ah-moteur-600w-600w2-1000w2-trotinette-electrique-autonomie-50km-pneus-tout-terrain-double-suspension","status":"publish","type":"product","link":"https:\/\/cbs-electro.com\/index.php\/produit\/joyor-trottinette-electrique-adulte-professionelle-s-serie-batterie-48v-13ah-60v-18ah-48v-26ah-moteur-600w-600w2-1000w2-trotinette-electrique-autonomie-50km-pneus-tout-terrain-double-suspension\/","title":{"rendered":"JOYOR Trottinette Electrique Adulte Professionelle S Serie Batterie 48V 13Ah\/60V 18Ah\/48V 26Ah Moteur 600W\/600W*2\/1000W*2 Trotinette Electrique Autonomie 50KM Pneus Tout Terrain Double Suspension"},"content":{"rendered":"<h1 class=\"a-size-base-plus a-text-bold\">\u00c0 propos de cet article<\/h1>\n<ul class=\"a-unordered-list a-vertical a-spacing-mini\">\n<li class=\"a-spacing-mini\"><span class=\"a-list-item\">\ud83c\udf84\u3010Moteurs Double 2x1000W\u3011: La trottinette \u00e9lectrique S10S est dot\u00e9e de 2 moteurs puissants sans balais de 1000 W vous apportant une acc\u00e9l\u00e9ration beaucoup plus rapide. \u00c9quip\u00e9e d&rsquo;une batterie au lithium 60V 18Ah, elle peut atteindre une autonomie de 60-85km et peut \u00eatre compl\u00e8tement charg\u00e9 en 10 \u00e0 12 heures. La capacit\u00e9 de charge maximale est de 150kg.<\/span><\/li>\n<li class=\"a-spacing-mini\"><span class=\"a-list-item\">\ud83c\udf84\u3010Performances Excellentes\u3011: La trotinette \u00e9lectrique S10S est \u00e9quip\u00e9e d&rsquo;un syst\u00e8me de freinage \u00e0 disque hydrauliquevous permettant de freiner rapidement et am\u00e9liore la s\u00e9curit\u00e9 lors de la conduite. D\u2019ailleurs, la p\u00e9dale du scooter est con\u00e7ue antid\u00e9rapante afin d&rsquo;assurer la s\u00e9curit\u00e9 du scooter lors de la conduite \u00e0 grande vitesse ou hors route.<\/span><\/li>\n<li class=\"a-spacing-mini\"><span class=\"a-list-item\">\ud83c\udf84\u3010Pliable &amp; Portable\u3011: Cette trotinette \u00e9lectrique est facile \u00e0 plier et \u00e0 transporter, la taille de ce scooter \u00e9lectrique pour adultes apr\u00e8s pliage est de 112*61*53cm et le poids est de 27kg. Vous pouvez l\u2019emporter dans les outils de transport en commun, la ranger dans votre voiture.Le S10S sera un moyen de transport id\u00e9al pour aller \u00e0 l&rsquo;\u00e9cole, au travail ou sur un court trajet.<\/span><\/li>\n<li class=\"a-spacing-mini\"><span class=\"a-list-item\">\ud83c\udf84\u3010Trottinette Electrique intelligent\u3011: La trottinette dispose d\u2019un \u00e9cran LCD intelligent entre les poign\u00e9es, qui affiche la vitesse instantan\u00e9e, le mode de vitesse actuel, la dur\u00e9e de vie de la batterie, l&rsquo;\u00e9clairage, etc. Dot\u00e9e de phares et feux arri\u00e8re \u00e0 LED avec indicateurs de direction gauche et droite, vous pouvez rouler jour et nuit. Le feu d\u2019arr\u00eat \u00e0 l&rsquo;arri\u00e8re s&rsquo;allume automatiquement lors du freinage pour une conduite intelligente et s\u00fbre.<\/span><\/li>\n<li class=\"a-spacing-mini\"><span class=\"a-list-item\">\ud83c\udf84\u3010Service apr\u00e8s-vente\u3011Nous avons un entrep\u00f4t d\u00e9di\u00e9 et une \u00e9quipe apr\u00e8s-vente professionnelle dans l&rsquo;UE pour r\u00e9soudre vos probl\u00e8mes. Nous offrons une garantie d&rsquo;un an et un retour gratuit, un service d&rsquo;\u00e9change, veuillez contacter notre service client pour plus de d\u00e9tails.<\/span><\/li>\n<\/ul>\n<div class=\"a-row\">\n<div class=\"a-column a-span6\">\n<h1 class=\"a-size-medium a-spacing-small\">Descriptif technique<\/h1>\n<\/div>\n<\/div>\n<div class=\"a-expander-content a-expander-extend-content\" aria-expanded=\"true\">\n<div class=\"a-row a-expander-container a-expander-inline-container\">\n<div class=\"a-expander-content a-expander-section-content a-section-expander-inner\" aria-expanded=\"true\">\n<table id=\"productDetails_techSpec_section_1\" class=\"a-keyvalue prodDetTable\" role=\"presentation\">\n<tbody>\n<tr>\n<th class=\"a-color-secondary a-size-base prodDetSectionEntry\">Tranche d&rsquo;\u00e2ge<\/th>\n<td class=\"a-size-base prodDetAttrValue\">\u200eAdulte<\/td>\n<\/tr>\n<tr>\n<th class=\"a-color-secondary a-size-base prodDetSectionEntry\">Type de frein<\/th>\n<td class=\"a-size-base prodDetAttrValue\">\u200edisque<\/td>\n<\/tr>\n<tr>\n<th class=\"a-color-secondary a-size-base prodDetSectionEntry\">Couleur<\/th>\n<td class=\"a-size-base prodDetAttrValue\">\u200eNoir<\/td>\n<\/tr>\n<tr>\n<th class=\"a-color-secondary a-size-base prodDetSectionEntry\">Taille<\/th>\n<td class=\"a-size-base prodDetAttrValue\">\u200e1215*610*1230mm<\/td>\n<\/tr>\n<tr>\n<th class=\"a-color-secondary a-size-base prodDetSectionEntry\">Style<\/th>\n<td class=\"a-size-base prodDetAttrValue\">\u200eS10S<\/td>\n<\/tr>\n<tr>\n<th class=\"a-color-secondary a-size-base prodDetSectionEntry\">Type de mat\u00e9riau<\/th>\n<td class=\"a-size-base prodDetAttrValue\">\u200eAluminium<\/td>\n<\/tr>\n<tr>\n<th class=\"a-color-secondary a-size-base prodDetSectionEntry\">Fonctionnalit\u00e9s<\/th>\n<td class=\"a-size-base prodDetAttrValue\">\u200eFeux<\/td>\n<\/tr>\n<tr>\n<th class=\"a-color-secondary a-size-base prodDetSectionEntry\">Suspension<\/th>\n<td class=\"a-size-base prodDetAttrValue\">\u200eSuspension totale<\/td>\n<\/tr>\n<tr>\n<th class=\"a-color-secondary a-size-base prodDetSectionEntry\">Piles incluses ?<\/th>\n<td class=\"a-size-base prodDetAttrValue\">\u200eOui<\/td>\n<\/tr>\n<tr>\n<th class=\"a-color-secondary a-size-base prodDetSectionEntry\">Marque<\/th>\n<td class=\"a-size-base prodDetAttrValue\">\u200eJOYOR<\/td>\n<\/tr>\n<tr>\n<th class=\"a-color-secondary a-size-base prodDetSectionEntry\">Capacit\u00e9 maximale de poids<\/th>\n<td class=\"a-size-base prodDetAttrValue\">\u200e150 Kilogrammes<\/td>\n<\/tr>\n<tr>\n<th class=\"a-color-secondary a-size-base prodDetSectionEntry\">Fabricant<\/th>\n<td class=\"a-size-base prodDetAttrValue\">\u200eJINHUA JOYOR VEHICLE CO.,LTD<\/td>\n<\/tr>\n<tr>\n<th class=\"a-color-secondary a-size-base prodDetSectionEntry\">Dimensions du produit (L x l x h)<\/th>\n<td class=\"a-size-base prodDetAttrValue\">\u200e121,5 x 61 x 123 cm<\/td>\n<\/tr>\n<tr>\n<th class=\"a-color-secondary a-size-base prodDetSectionEntry\">ASIN<\/th>\n<td class=\"a-size-base prodDetAttrValue\">\u200eB0BP1VMF1W<\/td>\n<\/tr>\n<\/tbody>\n<\/table>\n<\/div>\n<\/div>\n<\/div>\n","protected":false},"excerpt":{"rendered":"<table class=\"a-normal a-spacing-micro\">\n<tbody>\n<tr class=\"a-spacing-small po-brand\">\n<td class=\"a-span3\"><span class=\"a-size-base a-text-bold\">Marque<\/span><\/td>\n<td class=\"a-span9\"><span class=\"a-size-base po-break-word\">JOYOR<\/span><\/td>\n<\/tr>\n<tr class=\"a-spacing-small po-color\">\n<td class=\"a-span3\"><span class=\"a-size-base a-text-bold\">Couleur<\/span><\/td>\n<td class=\"a-span9\"><span class=\"a-size-base po-break-word\">Noir<\/span><\/td>\n<\/tr>\n<tr class=\"a-spacing-small po-age_range_description\">\n<td class=\"a-span3\"><span class=\"a-size-base a-text-bold\">Tranche d&rsquo;\u00e2ge (description)<\/span><\/td>\n<td class=\"a-span9\"><span class=\"a-size-base po-break-word\">Adulte<\/span><\/td>\n<\/tr>\n<tr class=\"a-spacing-small po-special_feature\">\n<td class=\"a-span3\"><span class=\"a-size-base a-text-bold\">Caract\u00e9ristique sp\u00e9ciale<\/span><\/td>\n<td class=\"a-span9\"><span class=\"a-size-base po-break-word\">Feux<\/span><\/td>\n<\/tr>\n<tr class=\"a-spacing-small po-weight_capacity.maximum\">\n<td class=\"a-span3\"><span class=\"a-size-base a-text-bold\">Limite de poids<\/span><\/td>\n<td class=\"a-span9\"><span class=\"a-size-base po-break-word\">150 Kilogrammes<\/span><\/td>\n<\/tr>\n<tr class=\"a-spacing-small po-item_length_width_height\">\n<td class=\"a-span3\"><span class=\"a-size-base a-text-bold\">Dimensions du produit<\/span><\/td>\n<td class=\"a-span9\"><span class=\"a-size-base po-break-word\">121,5L x 61l x 123H centim\u00e8tres<\/span><\/td>\n<\/tr>\n<tr class=\"a-spacing-small po-number_of_wheels\">\n<td class=\"a-span3\"><span class=\"a-size-base a-text-bold\">Nombre de roues<\/span><\/td>\n<td class=\"a-span9\"><span class=\"a-size-base po-break-word\">2<\/span><\/td>\n<\/tr>\n<tr class=\"a-spacing-small po-wheel.material\">\n<td class=\"a-span3\"><span class=\"a-size-base a-text-bold\">Mat\u00e9riau de la roue<\/span><\/td>\n<td class=\"a-span9\"><span class=\"a-size-base po-break-word\">Aluminium<\/span><\/td>\n<\/tr>\n<tr class=\"a-spacing-small po-handlebar_type\">\n<td class=\"a-span3\"><span class=\"a-size-base a-text-bold\">Type de guidon<\/span><\/td>\n<td class=\"a-span9\"><span class=\"a-size-base po-break-word\">Fixe<\/span><\/td>\n<\/tr>\n<tr class=\"a-spacing-small po-suspension_type\">\n<td class=\"a-span3\"><span class=\"a-size-base a-text-bold\">Type de suspension<\/span><\/td>\n<td class=\"a-span9\"><span class=\"a-size-base po-break-word\">Suspension totale<\/span><\/td>\n<\/tr>\n<\/tbody>\n<\/table>\n","protected":false},"featured_media":16409,"template":"","meta":[],"product_brand":[],"product_cat":[77,223],"product_tag":[],"class_list":{"0":"post-16405","1":"product","2":"type-product","3":"status-publish","4":"has-post-thumbnail","6":"product_cat-sports-loisirs","7":"product_cat-trotinette","9":"first","10":"instock","11":"taxable","12":"shipping-taxable","13":"purchasable","14":"product-type-simple"},"yoast_head":"<!-- This site is optimized with the Yoast SEO plugin v24.8.1 - https:\/\/yoast.com\/wordpress\/plugins\/seo\/ -->\n<title>JOYOR Trottinette Electrique Adulte Professionelle S Serie Batterie 48V 13Ah\/60V 18Ah\/48V 26Ah Moteur 600W\/600W*2\/1000W*2 Trotinette Electrique Autonomie 50KM Pneus Tout Terrain Double Suspension - CBS Electro<\/title>\n<meta name=\"robots\" content=\"index, follow, max-snippet:-1, max-image-preview:large, max-video-preview:-1\" \/>\n<link rel=\"canonical\" href=\"https:\/\/cbs-electro.com\/index.php\/produit\/joyor-trottinette-electrique-adulte-professionelle-s-serie-batterie-48v-13ah-60v-18ah-48v-26ah-moteur-600w-600w2-1000w2-trotinette-electrique-autonomie-50km-pneus-tout-terrain-double-suspension\/\" \/>\n<meta property=\"og:locale\" content=\"fr_FR\" \/>\n<meta property=\"og:type\" content=\"article\" \/>\n<meta property=\"og:title\" content=\"JOYOR Trottinette Electrique Adulte Professionelle S Serie Batterie 48V 13Ah\/60V 18Ah\/48V 26Ah Moteur 600W\/600W*2\/1000W*2 Trotinette Electrique Autonomie 50KM Pneus Tout Terrain Double Suspension - CBS Electro\" \/>\n<meta property=\"og:description\" content=\"Marque JOYOR   Couleur Noir   Tranche d&#039;\u00e2ge (description) Adulte   Caract\u00e9ristique sp\u00e9ciale Feux   Limite de poids 150 Kilogrammes   Dimensions du produit 121,5L x 61l x 123H centim\u00e8tres   Nombre de roues 2   Mat\u00e9riau de la roue Aluminium   Type de guidon Fixe   Type de suspension Suspension totale\" \/>\n<meta property=\"og:url\" content=\"https:\/\/cbs-electro.com\/index.php\/produit\/joyor-trottinette-electrique-adulte-professionelle-s-serie-batterie-48v-13ah-60v-18ah-48v-26ah-moteur-600w-600w2-1000w2-trotinette-electrique-autonomie-50km-pneus-tout-terrain-double-suspension\/\" \/>\n<meta property=\"og:site_name\" content=\"CBS Electro\" \/>\n<meta property=\"article:modified_time\" content=\"2025-03-13T06:38:14+00:00\" \/>\n<meta property=\"og:image\" content=\"https:\/\/cbs-electro.com\/wp-content\/uploads\/2023\/11\/71DspsVa1aL._AC_SL1500_.jpg\" \/>\n\t<meta property=\"og:image:width\" content=\"1500\" \/>\n\t<meta property=\"og:image:height\" content=\"1485\" \/>\n\t<meta property=\"og:image:type\" content=\"image\/jpeg\" \/>\n<meta name=\"twitter:card\" content=\"summary_large_image\" \/>\n<meta name=\"twitter:label1\" content=\"Dur\u00e9e de lecture estim\u00e9e\" \/>\n\t<meta name=\"twitter:data1\" content=\"2 minutes\" \/>\n<script type=\"application\/ld+json\" class=\"yoast-schema-graph\">{\"@context\":\"https:\/\/schema.org\",\"@graph\":[{\"@type\":\"WebPage\",\"@id\":\"https:\/\/cbs-electro.com\/index.php\/produit\/joyor-trottinette-electrique-adulte-professionelle-s-serie-batterie-48v-13ah-60v-18ah-48v-26ah-moteur-600w-600w2-1000w2-trotinette-electrique-autonomie-50km-pneus-tout-terrain-double-suspension\/\",\"url\":\"https:\/\/cbs-electro.com\/index.php\/produit\/joyor-trottinette-electrique-adulte-professionelle-s-serie-batterie-48v-13ah-60v-18ah-48v-26ah-moteur-600w-600w2-1000w2-trotinette-electrique-autonomie-50km-pneus-tout-terrain-double-suspension\/\",\"name\":\"JOYOR Trottinette Electrique Adulte Professionelle S Serie Batterie 48V 13Ah\/60V 18Ah\/48V 26Ah Moteur 600W\/600W*2\/1000W*2 Trotinette Electrique Autonomie 50KM Pneus Tout Terrain Double Suspension - CBS Electro\",\"isPartOf\":{\"@id\":\"https:\/\/www.cbs-electro.com\/#website\"},\"primaryImageOfPage\":{\"@id\":\"https:\/\/cbs-electro.com\/index.php\/produit\/joyor-trottinette-electrique-adulte-professionelle-s-serie-batterie-48v-13ah-60v-18ah-48v-26ah-moteur-600w-600w2-1000w2-trotinette-electrique-autonomie-50km-pneus-tout-terrain-double-suspension\/#primaryimage\"},\"image\":{\"@id\":\"https:\/\/cbs-electro.com\/index.php\/produit\/joyor-trottinette-electrique-adulte-professionelle-s-serie-batterie-48v-13ah-60v-18ah-48v-26ah-moteur-600w-600w2-1000w2-trotinette-electrique-autonomie-50km-pneus-tout-terrain-double-suspension\/#primaryimage\"},\"thumbnailUrl\":\"https:\/\/cbs-electro.com\/wp-content\/uploads\/2023\/11\/71DspsVa1aL._AC_SL1500_.jpg\",\"datePublished\":\"2023-11-25T20:00:55+00:00\",\"dateModified\":\"2025-03-13T06:38:14+00:00\",\"breadcrumb\":{\"@id\":\"https:\/\/cbs-electro.com\/index.php\/produit\/joyor-trottinette-electrique-adulte-professionelle-s-serie-batterie-48v-13ah-60v-18ah-48v-26ah-moteur-600w-600w2-1000w2-trotinette-electrique-autonomie-50km-pneus-tout-terrain-double-suspension\/#breadcrumb\"},\"inLanguage\":\"fr-FR\",\"potentialAction\":[{\"@type\":\"ReadAction\",\"target\":[\"https:\/\/cbs-electro.com\/index.php\/produit\/joyor-trottinette-electrique-adulte-professionelle-s-serie-batterie-48v-13ah-60v-18ah-48v-26ah-moteur-600w-600w2-1000w2-trotinette-electrique-autonomie-50km-pneus-tout-terrain-double-suspension\/\"]}]},{\"@type\":\"ImageObject\",\"inLanguage\":\"fr-FR\",\"@id\":\"https:\/\/cbs-electro.com\/index.php\/produit\/joyor-trottinette-electrique-adulte-professionelle-s-serie-batterie-48v-13ah-60v-18ah-48v-26ah-moteur-600w-600w2-1000w2-trotinette-electrique-autonomie-50km-pneus-tout-terrain-double-suspension\/#primaryimage\",\"url\":\"https:\/\/cbs-electro.com\/wp-content\/uploads\/2023\/11\/71DspsVa1aL._AC_SL1500_.jpg\",\"contentUrl\":\"https:\/\/cbs-electro.com\/wp-content\/uploads\/2023\/11\/71DspsVa1aL._AC_SL1500_.jpg\",\"width\":1500,\"height\":1485},{\"@type\":\"BreadcrumbList\",\"@id\":\"https:\/\/cbs-electro.com\/index.php\/produit\/joyor-trottinette-electrique-adulte-professionelle-s-serie-batterie-48v-13ah-60v-18ah-48v-26ah-moteur-600w-600w2-1000w2-trotinette-electrique-autonomie-50km-pneus-tout-terrain-double-suspension\/#breadcrumb\",\"itemListElement\":[{\"@type\":\"ListItem\",\"position\":1,\"name\":\"Accueil\",\"item\":\"https:\/\/www.cbs-electro.com\/\"},{\"@type\":\"ListItem\",\"position\":2,\"name\":\"Boutique\",\"item\":\"https:\/\/www.cbs-electro.com\/index.php\/boutique\/\"},{\"@type\":\"ListItem\",\"position\":3,\"name\":\"JOYOR Trottinette Electrique Adulte Professionelle S Serie Batterie 48V 13Ah\/60V 18Ah\/48V 26Ah Moteur 600W\/600W*2\/1000W*2 Trotinette Electrique Autonomie 50KM Pneus Tout Terrain Double Suspension\"}]},{\"@type\":\"WebSite\",\"@id\":\"https:\/\/www.cbs-electro.com\/#website\",\"url\":\"https:\/\/www.cbs-electro.com\/\",\"name\":\"CBS Electro\",\"description\":\"Vente des produits neufs - Informatique, Smartphones, livres, jeux vid\u00e9o, photos, jouets et \u00e9lectrom\u00e9nager\",\"potentialAction\":[{\"@type\":\"SearchAction\",\"target\":{\"@type\":\"EntryPoint\",\"urlTemplate\":\"https:\/\/www.cbs-electro.com\/?s={search_term_string}\"},\"query-input\":{\"@type\":\"PropertyValueSpecification\",\"valueRequired\":true,\"valueName\":\"search_term_string\"}}],\"inLanguage\":\"fr-FR\"}]}<\/script>\n<!-- \/ Yoast SEO plugin. -->","yoast_head_json":{"title":"JOYOR Trottinette Electrique Adulte Professionelle S Serie Batterie 48V 13Ah\/60V 18Ah\/48V 26Ah Moteur 600W\/600W*2\/1000W*2 Trotinette Electrique Autonomie 50KM Pneus Tout Terrain Double Suspension - CBS Electro","robots":{"index":"index","follow":"follow","max-snippet":"max-snippet:-1","max-image-preview":"max-image-preview:large","max-video-preview":"max-video-preview:-1"},"canonical":"https:\/\/cbs-electro.com\/index.php\/produit\/joyor-trottinette-electrique-adulte-professionelle-s-serie-batterie-48v-13ah-60v-18ah-48v-26ah-moteur-600w-600w2-1000w2-trotinette-electrique-autonomie-50km-pneus-tout-terrain-double-suspension\/","og_locale":"fr_FR","og_type":"article","og_title":"JOYOR Trottinette Electrique Adulte Professionelle S Serie Batterie 48V 13Ah\/60V 18Ah\/48V 26Ah Moteur 600W\/600W*2\/1000W*2 Trotinette Electrique Autonomie 50KM Pneus Tout Terrain Double Suspension - CBS Electro","og_description":"Marque JOYOR   Couleur Noir   Tranche d'\u00e2ge (description) Adulte   Caract\u00e9ristique sp\u00e9ciale Feux   Limite de poids 150 Kilogrammes   Dimensions du produit 121,5L x 61l x 123H centim\u00e8tres   Nombre de roues 2   Mat\u00e9riau de la roue Aluminium   Type de guidon Fixe   Type de suspension Suspension totale","og_url":"https:\/\/cbs-electro.com\/index.php\/produit\/joyor-trottinette-electrique-adulte-professionelle-s-serie-batterie-48v-13ah-60v-18ah-48v-26ah-moteur-600w-600w2-1000w2-trotinette-electrique-autonomie-50km-pneus-tout-terrain-double-suspension\/","og_site_name":"CBS Electro","article_modified_time":"2025-03-13T06:38:14+00:00","og_image":[{"width":1500,"height":1485,"url":"https:\/\/cbs-electro.com\/wp-content\/uploads\/2023\/11\/71DspsVa1aL._AC_SL1500_.jpg","type":"image\/jpeg"}],"twitter_card":"summary_large_image","twitter_misc":{"Dur\u00e9e de lecture estim\u00e9e":"2 minutes"},"schema":{"@context":"https:\/\/schema.org","@graph":[{"@type":"WebPage","@id":"https:\/\/cbs-electro.com\/index.php\/produit\/joyor-trottinette-electrique-adulte-professionelle-s-serie-batterie-48v-13ah-60v-18ah-48v-26ah-moteur-600w-600w2-1000w2-trotinette-electrique-autonomie-50km-pneus-tout-terrain-double-suspension\/","url":"https:\/\/cbs-electro.com\/index.php\/produit\/joyor-trottinette-electrique-adulte-professionelle-s-serie-batterie-48v-13ah-60v-18ah-48v-26ah-moteur-600w-600w2-1000w2-trotinette-electrique-autonomie-50km-pneus-tout-terrain-double-suspension\/","name":"JOYOR Trottinette Electrique Adulte Professionelle S Serie Batterie 48V 13Ah\/60V 18Ah\/48V 26Ah Moteur 600W\/600W*2\/1000W*2 Trotinette Electrique Autonomie 50KM Pneus Tout Terrain Double Suspension - CBS Electro","isPartOf":{"@id":"https:\/\/www.cbs-electro.com\/#website"},"primaryImageOfPage":{"@id":"https:\/\/cbs-electro.com\/index.php\/produit\/joyor-trottinette-electrique-adulte-professionelle-s-serie-batterie-48v-13ah-60v-18ah-48v-26ah-moteur-600w-600w2-1000w2-trotinette-electrique-autonomie-50km-pneus-tout-terrain-double-suspension\/#primaryimage"},"image":{"@id":"https:\/\/cbs-electro.com\/index.php\/produit\/joyor-trottinette-electrique-adulte-professionelle-s-serie-batterie-48v-13ah-60v-18ah-48v-26ah-moteur-600w-600w2-1000w2-trotinette-electrique-autonomie-50km-pneus-tout-terrain-double-suspension\/#primaryimage"},"thumbnailUrl":"https:\/\/cbs-electro.com\/wp-content\/uploads\/2023\/11\/71DspsVa1aL._AC_SL1500_.jpg","datePublished":"2023-11-25T20:00:55+00:00","dateModified":"2025-03-13T06:38:14+00:00","breadcrumb":{"@id":"https:\/\/cbs-electro.com\/index.php\/produit\/joyor-trottinette-electrique-adulte-professionelle-s-serie-batterie-48v-13ah-60v-18ah-48v-26ah-moteur-600w-600w2-1000w2-trotinette-electrique-autonomie-50km-pneus-tout-terrain-double-suspension\/#breadcrumb"},"inLanguage":"fr-FR","potentialAction":[{"@type":"ReadAction","target":["https:\/\/cbs-electro.com\/index.php\/produit\/joyor-trottinette-electrique-adulte-professionelle-s-serie-batterie-48v-13ah-60v-18ah-48v-26ah-moteur-600w-600w2-1000w2-trotinette-electrique-autonomie-50km-pneus-tout-terrain-double-suspension\/"]}]},{"@type":"ImageObject","inLanguage":"fr-FR","@id":"https:\/\/cbs-electro.com\/index.php\/produit\/joyor-trottinette-electrique-adulte-professionelle-s-serie-batterie-48v-13ah-60v-18ah-48v-26ah-moteur-600w-600w2-1000w2-trotinette-electrique-autonomie-50km-pneus-tout-terrain-double-suspension\/#primaryimage","url":"https:\/\/cbs-electro.com\/wp-content\/uploads\/2023\/11\/71DspsVa1aL._AC_SL1500_.jpg","contentUrl":"https:\/\/cbs-electro.com\/wp-content\/uploads\/2023\/11\/71DspsVa1aL._AC_SL1500_.jpg","width":1500,"height":1485},{"@type":"BreadcrumbList","@id":"https:\/\/cbs-electro.com\/index.php\/produit\/joyor-trottinette-electrique-adulte-professionelle-s-serie-batterie-48v-13ah-60v-18ah-48v-26ah-moteur-600w-600w2-1000w2-trotinette-electrique-autonomie-50km-pneus-tout-terrain-double-suspension\/#breadcrumb","itemListElement":[{"@type":"ListItem","position":1,"name":"Accueil","item":"https:\/\/www.cbs-electro.com\/"},{"@type":"ListItem","position":2,"name":"Boutique","item":"https:\/\/www.cbs-electro.com\/index.php\/boutique\/"},{"@type":"ListItem","position":3,"name":"JOYOR Trottinette Electrique Adulte Professionelle S Serie Batterie 48V 13Ah\/60V 18Ah\/48V 26Ah Moteur 600W\/600W*2\/1000W*2 Trotinette Electrique Autonomie 50KM Pneus Tout Terrain Double Suspension"}]},{"@type":"WebSite","@id":"https:\/\/www.cbs-electro.com\/#website","url":"https:\/\/www.cbs-electro.com\/","name":"CBS Electro","description":"Vente des produits neufs - Informatique, Smartphones, livres, jeux vid\u00e9o, photos, jouets et \u00e9lectrom\u00e9nager","potentialAction":[{"@type":"SearchAction","target":{"@type":"EntryPoint","urlTemplate":"https:\/\/www.cbs-electro.com\/?s={search_term_string}"},"query-input":{"@type":"PropertyValueSpecification","valueRequired":true,"valueName":"search_term_string"}}],"inLanguage":"fr-FR"}]}},"_links":{"self":[{"href":"https:\/\/cbs-electro.com\/index.php\/wp-json\/wp\/v2\/product\/16405","targetHints":{"allow":["GET"]}}],"collection":[{"href":"https:\/\/cbs-electro.com\/index.php\/wp-json\/wp\/v2\/product"}],"about":[{"href":"https:\/\/cbs-electro.com\/index.php\/wp-json\/wp\/v2\/types\/product"}],"version-history":[{"count":1,"href":"https:\/\/cbs-electro.com\/index.php\/wp-json\/wp\/v2\/product\/16405\/revisions"}],"predecessor-version":[{"id":16410,"href":"https:\/\/cbs-electro.com\/index.php\/wp-json\/wp\/v2\/product\/16405\/revisions\/16410"}],"wp:featuredmedia":[{"embeddable":true,"href":"https:\/\/cbs-electro.com\/index.php\/wp-json\/wp\/v2\/media\/16409"}],"wp:attachment":[{"href":"https:\/\/cbs-electro.com\/index.php\/wp-json\/wp\/v2\/media?parent=16405"}],"wp:term":[{"taxonomy":"product_brand","embeddable":true,"href":"https:\/\/cbs-electro.com\/index.php\/wp-json\/wp\/v2\/product_brand?post=16405"},{"taxonomy":"product_cat","embeddable":true,"href":"https:\/\/cbs-electro.com\/index.php\/wp-json\/wp\/v2\/product_cat?post=16405"},{"taxonomy":"product_tag","embeddable":true,"href":"https:\/\/cbs-electro.com\/index.php\/wp-json\/wp\/v2\/product_tag?post=16405"}],"curies":[{"name":"wp","href":"https:\/\/api.w.org\/{rel}","templated":true}]}}