{"id":16395,"date":"2023-11-25T20:24:36","date_gmt":"2023-11-25T19:24:36","guid":{"rendered":"https:\/?post_type=product&#038;p=16395"},"modified":"2025-03-13T07:38:35","modified_gmt":"2025-03-13T06:38:35","slug":"myyingele-portable-parametres-intelligents-de-vitesse-de-lecran-intelligent-pliable-reglable-reglable-leger-noir-adulte-de-scooter-3-adulte-black","status":"publish","type":"product","link":"https:\/\/cbs-electro.com\/index.php\/produit\/myyingele-portable-parametres-intelligents-de-vitesse-de-lecran-intelligent-pliable-reglable-reglable-leger-noir-adulte-de-scooter-3-adulte-black\/","title":{"rendered":"MYYINGELE Portable Param\u00e8tres intelligents de Vitesse de l&rsquo;\u00e9cran Intelligent Pliable r\u00e9glable r\u00e9glable l\u00e9ger Noir Adulte de Scooter 3 Adulte, Black"},"content":{"rendered":"<h1 class=\"a-size-base-plus a-text-bold\">\u00c0 propos de cet article<\/h1>\n<ul class=\"a-unordered-list a-vertical a-spacing-mini\">\n<li class=\"a-spacing-mini\"><span class=\"a-list-item\">\u00c9quip\u00e9 de toutes les lumi\u00e8res de s\u00e9curit\u00e9 pour assurer votre conduite en toute s\u00e9curit\u00e9. Feu avant \u00e0 LED et feu arri\u00e8re de s\u00e9curit\u00e9. Lumi\u00e8re rouge vif pour assurer la s\u00e9curit\u00e9 de la conduite de nuit. Bon et s\u00fbr \u00e0 retenir pour les pi\u00e9tons<\/span><\/li>\n<li class=\"a-spacing-mini\"><span class=\"a-list-item\">Performances puissantes avec une vitesse maximale jusqu&rsquo;\u00e0 30 km \/ h. Venez avec un moteur de 350 W, bon pour les d\u00e9placements domicile-travail<\/span><\/li>\n<li class=\"a-spacing-mini\"><span class=\"a-list-item\">Roue pneumatique et antid\u00e9rapante de 8 pouces, poign\u00e9e robuste, r\u00e9sistante \u00e0 l&rsquo;usure et s\u00fbre. Il convient \u00e0 diff\u00e9rents types de routes.<\/span><\/li>\n<li class=\"a-spacing-mini\"><span class=\"a-list-item\">Syst\u00e8me de freinage et syst\u00e8me d&rsquo;att\u00e9nuation des chocs, \u00e9quip\u00e9s d&rsquo;un double frein \u00e0 disque sur les roues avant et arri\u00e8re. Le syst\u00e8me d&rsquo;att\u00e9nuation des chocs doubles peut vous aider \u00e0 profiter d&rsquo;une conduite confortable<\/span><\/li>\n<li class=\"a-spacing-mini\"><span class=\"a-list-item\">Service Garanti: Nous vous offrons un remboursement rapide de 90 jours, un service client professionnel 24h \/ 24. Si vous avez des questions, veuillez nous contacter. Notre \u00e9quipe de service client\u00e8le professionnelle est l\u00e0 pour vous 24h \/ 24.<\/span><\/li>\n<\/ul>\n<div class=\"a-row\">\n<div class=\"a-column a-span6\">\n<h1 class=\"a-size-medium a-spacing-small\">Descriptif technique<\/h1>\n<\/div>\n<\/div>\n<div class=\"a-expander-content a-expander-extend-content\" aria-expanded=\"true\">\n<div class=\"a-row a-expander-container a-expander-inline-container\">\n<div class=\"a-expander-content a-expander-section-content a-section-expander-inner\" aria-expanded=\"true\">\n<table id=\"productDetails_techSpec_section_1\" class=\"a-keyvalue prodDetTable\" role=\"presentation\">\n<tbody>\n<tr>\n<th class=\"a-color-secondary a-size-base prodDetSectionEntry\">Tranche d&rsquo;\u00e2ge<\/th>\n<td class=\"a-size-base prodDetAttrValue\">\u200eAdulte<\/td>\n<\/tr>\n<tr>\n<th class=\"a-color-secondary a-size-base prodDetSectionEntry\">Type de frein<\/th>\n<td class=\"a-size-base prodDetAttrValue\">\u200efrein \u00e0 disque<\/td>\n<\/tr>\n<tr>\n<th class=\"a-color-secondary a-size-base prodDetSectionEntry\">Couleur<\/th>\n<td class=\"a-size-base prodDetAttrValue\">\u200eNoir<\/td>\n<\/tr>\n<tr>\n<th class=\"a-color-secondary a-size-base prodDetSectionEntry\">Fonctionnalit\u00e9s<\/th>\n<td class=\"a-size-base prodDetAttrValue\">\u200ePliable<\/td>\n<\/tr>\n<tr>\n<th class=\"a-color-secondary a-size-base prodDetSectionEntry\">Marque<\/th>\n<td class=\"a-size-base prodDetAttrValue\">\u200eMYYINGELE<\/td>\n<\/tr>\n<tr>\n<th class=\"a-color-secondary a-size-base prodDetSectionEntry\">Capacit\u00e9 maximale de poids<\/th>\n<td class=\"a-size-base prodDetAttrValue\">\u200e250 Kilogrammes<\/td>\n<\/tr>\n<tr>\n<th class=\"a-color-secondary a-size-base prodDetSectionEntry\">Fabricant<\/th>\n<td class=\"a-size-base prodDetAttrValue\">\u200eMYYINGELE<\/td>\n<\/tr>\n<tr>\n<th class=\"a-color-secondary a-size-base prodDetSectionEntry\">R\u00e9f\u00e9rence constructeur<\/th>\n<td class=\"a-size-base prodDetAttrValue\">\u200eFRN\/ZHDD-07eb21<\/td>\n<\/tr>\n<tr>\n<th class=\"a-color-secondary a-size-base prodDetSectionEntry\">Poids de l&rsquo;article<\/th>\n<td class=\"a-size-base prodDetAttrValue\">\u200e15 kilogrammes<\/td>\n<\/tr>\n<tr>\n<th class=\"a-color-secondary a-size-base prodDetSectionEntry\">ASIN<\/th>\n<td class=\"a-size-base prodDetAttrValue\">\u200eB08C5CDSQG<\/td>\n<\/tr>\n<\/tbody>\n<\/table>\n<\/div>\n<\/div>\n<\/div>\n","protected":false},"excerpt":{"rendered":"<table class=\"a-normal a-spacing-micro\">\n<tbody>\n<tr class=\"a-spacing-small po-brand\">\n<td class=\"a-span3\"><span class=\"a-size-base a-text-bold\">Marque<\/span><\/td>\n<td class=\"a-span9\"><span class=\"a-size-base po-break-word\">MYYINGELE<\/span><\/td>\n<\/tr>\n<tr class=\"a-spacing-small po-color\">\n<td class=\"a-span3\"><span class=\"a-size-base a-text-bold\">Couleur<\/span><\/td>\n<td class=\"a-span9\"><span class=\"a-size-base po-break-word\">Noir<\/span><\/td>\n<\/tr>\n<tr class=\"a-spacing-small po-age_range_description\">\n<td class=\"a-span3\"><span class=\"a-size-base a-text-bold\">Tranche d&rsquo;\u00e2ge (description)<\/span><\/td>\n<td class=\"a-span9\"><span class=\"a-size-base po-break-word\">Adulte<\/span><\/td>\n<\/tr>\n<tr class=\"a-spacing-small po-special_feature\">\n<td class=\"a-span3\"><span class=\"a-size-base a-text-bold\">Caract\u00e9ristique sp\u00e9ciale<\/span><\/td>\n<td class=\"a-span9\"><span class=\"a-size-base po-break-word\">Pliable<\/span><\/td>\n<\/tr>\n<tr class=\"a-spacing-small po-weight_capacity.maximum\">\n<td class=\"a-span3\"><span class=\"a-size-base a-text-bold\">Limite de poids<\/span><\/td>\n<td class=\"a-span9\"><span class=\"a-size-base po-break-word\">250 Kilogrammes<\/span><\/td>\n<\/tr>\n<tr class=\"a-spacing-small po-number_of_wheels\">\n<td class=\"a-span3\"><span class=\"a-size-base a-text-bold\">Nombre de roues<\/span><\/td>\n<td class=\"a-span9\"><span class=\"a-size-base po-break-word\">2<\/span><\/td>\n<\/tr>\n<tr class=\"a-spacing-small po-wheel.material\">\n<td class=\"a-span3\"><span class=\"a-size-base a-text-bold\">Mat\u00e9riau de la roue<\/span><\/td>\n<td class=\"a-span9\"><span class=\"a-size-base po-break-word\">Aluminium<\/span><\/td>\n<\/tr>\n<tr class=\"a-spacing-small po-item_weight\">\n<td class=\"a-span3\"><span class=\"a-size-base a-text-bold\">Poids de l&rsquo;article<\/span><\/td>\n<td class=\"a-span9\"><span class=\"a-size-base po-break-word\">15 Kilogrammes<\/span><\/td>\n<\/tr>\n<tr class=\"a-spacing-small po-handlebar_type\">\n<td class=\"a-span3\"><span class=\"a-size-base a-text-bold\">Type de guidon<\/span><\/td>\n<td class=\"a-span9\"><span class=\"a-size-base po-break-word\">R\u00e9glable<\/span><\/td>\n<\/tr>\n<tr class=\"a-spacing-small po-grip.type\">\n<td class=\"a-span3\"><span class=\"a-size-base a-text-bold\">Type de poign\u00e9e<\/span><\/td>\n<td class=\"a-span9\"><span class=\"a-size-base po-break-word\">antid\u00e9rapante<\/span><\/td>\n<\/tr>\n<\/tbody>\n<\/table>\n","protected":false},"featured_media":16397,"template":"","meta":[],"product_brand":[],"product_cat":[77,223],"product_tag":[],"class_list":{"0":"post-16395","1":"product","2":"type-product","3":"status-publish","4":"has-post-thumbnail","6":"product_cat-sports-loisirs","7":"product_cat-trotinette","9":"first","10":"instock","11":"taxable","12":"shipping-taxable","13":"purchasable","14":"product-type-simple"},"yoast_head":"<!-- This site is optimized with the Yoast SEO plugin v24.8.1 - https:\/\/yoast.com\/wordpress\/plugins\/seo\/ -->\n<title>MYYINGELE Portable Param\u00e8tres intelligents de Vitesse de l&#039;\u00e9cran Intelligent Pliable r\u00e9glable r\u00e9glable l\u00e9ger Noir Adulte de Scooter 3 Adulte, Black - CBS Electro<\/title>\n<meta name=\"robots\" content=\"index, follow, max-snippet:-1, max-image-preview:large, max-video-preview:-1\" \/>\n<link rel=\"canonical\" href=\"https:\/\/cbs-electro.com\/index.php\/produit\/myyingele-portable-parametres-intelligents-de-vitesse-de-lecran-intelligent-pliable-reglable-reglable-leger-noir-adulte-de-scooter-3-adulte-black\/\" \/>\n<meta property=\"og:locale\" content=\"fr_FR\" \/>\n<meta property=\"og:type\" content=\"article\" \/>\n<meta property=\"og:title\" content=\"MYYINGELE Portable Param\u00e8tres intelligents de Vitesse de l&#039;\u00e9cran Intelligent Pliable r\u00e9glable r\u00e9glable l\u00e9ger Noir Adulte de Scooter 3 Adulte, Black - CBS Electro\" \/>\n<meta property=\"og:description\" content=\"Marque MYYINGELE   Couleur Noir   Tranche d&#039;\u00e2ge (description) Adulte   Caract\u00e9ristique sp\u00e9ciale Pliable   Limite de poids 250 Kilogrammes   Nombre de roues 2   Mat\u00e9riau de la roue Aluminium   Poids de l&#039;article 15 Kilogrammes   Type de guidon R\u00e9glable   Type de poign\u00e9e antid\u00e9rapante\" \/>\n<meta property=\"og:url\" content=\"https:\/\/cbs-electro.com\/index.php\/produit\/myyingele-portable-parametres-intelligents-de-vitesse-de-lecran-intelligent-pliable-reglable-reglable-leger-noir-adulte-de-scooter-3-adulte-black\/\" \/>\n<meta property=\"og:site_name\" content=\"CBS Electro\" \/>\n<meta property=\"article:modified_time\" content=\"2025-03-13T06:38:35+00:00\" \/>\n<meta property=\"og:image\" content=\"https:\/\/cbs-electro.com\/wp-content\/uploads\/2023\/11\/51R8Y00FTEL._AC_SL1002_.jpg\" \/>\n\t<meta property=\"og:image:width\" content=\"792\" \/>\n\t<meta property=\"og:image:height\" content=\"934\" \/>\n\t<meta property=\"og:image:type\" content=\"image\/jpeg\" \/>\n<meta name=\"twitter:card\" content=\"summary_large_image\" \/>\n<meta name=\"twitter:label1\" content=\"Dur\u00e9e de lecture estim\u00e9e\" \/>\n\t<meta name=\"twitter:data1\" content=\"1 minute\" \/>\n<script type=\"application\/ld+json\" class=\"yoast-schema-graph\">{\"@context\":\"https:\/\/schema.org\",\"@graph\":[{\"@type\":\"WebPage\",\"@id\":\"https:\/\/cbs-electro.com\/index.php\/produit\/myyingele-portable-parametres-intelligents-de-vitesse-de-lecran-intelligent-pliable-reglable-reglable-leger-noir-adulte-de-scooter-3-adulte-black\/\",\"url\":\"https:\/\/cbs-electro.com\/index.php\/produit\/myyingele-portable-parametres-intelligents-de-vitesse-de-lecran-intelligent-pliable-reglable-reglable-leger-noir-adulte-de-scooter-3-adulte-black\/\",\"name\":\"MYYINGELE Portable Param\u00e8tres intelligents de Vitesse de l'\u00e9cran Intelligent Pliable r\u00e9glable r\u00e9glable l\u00e9ger Noir Adulte de Scooter 3 Adulte, Black - CBS Electro\",\"isPartOf\":{\"@id\":\"https:\/\/www.cbs-electro.com\/#website\"},\"primaryImageOfPage\":{\"@id\":\"https:\/\/cbs-electro.com\/index.php\/produit\/myyingele-portable-parametres-intelligents-de-vitesse-de-lecran-intelligent-pliable-reglable-reglable-leger-noir-adulte-de-scooter-3-adulte-black\/#primaryimage\"},\"image\":{\"@id\":\"https:\/\/cbs-electro.com\/index.php\/produit\/myyingele-portable-parametres-intelligents-de-vitesse-de-lecran-intelligent-pliable-reglable-reglable-leger-noir-adulte-de-scooter-3-adulte-black\/#primaryimage\"},\"thumbnailUrl\":\"https:\/\/cbs-electro.com\/wp-content\/uploads\/2023\/11\/51R8Y00FTEL._AC_SL1002_.jpg\",\"datePublished\":\"2023-11-25T19:24:36+00:00\",\"dateModified\":\"2025-03-13T06:38:35+00:00\",\"breadcrumb\":{\"@id\":\"https:\/\/cbs-electro.com\/index.php\/produit\/myyingele-portable-parametres-intelligents-de-vitesse-de-lecran-intelligent-pliable-reglable-reglable-leger-noir-adulte-de-scooter-3-adulte-black\/#breadcrumb\"},\"inLanguage\":\"fr-FR\",\"potentialAction\":[{\"@type\":\"ReadAction\",\"target\":[\"https:\/\/cbs-electro.com\/index.php\/produit\/myyingele-portable-parametres-intelligents-de-vitesse-de-lecran-intelligent-pliable-reglable-reglable-leger-noir-adulte-de-scooter-3-adulte-black\/\"]}]},{\"@type\":\"ImageObject\",\"inLanguage\":\"fr-FR\",\"@id\":\"https:\/\/cbs-electro.com\/index.php\/produit\/myyingele-portable-parametres-intelligents-de-vitesse-de-lecran-intelligent-pliable-reglable-reglable-leger-noir-adulte-de-scooter-3-adulte-black\/#primaryimage\",\"url\":\"https:\/\/cbs-electro.com\/wp-content\/uploads\/2023\/11\/51R8Y00FTEL._AC_SL1002_.jpg\",\"contentUrl\":\"https:\/\/cbs-electro.com\/wp-content\/uploads\/2023\/11\/51R8Y00FTEL._AC_SL1002_.jpg\",\"width\":792,\"height\":934},{\"@type\":\"BreadcrumbList\",\"@id\":\"https:\/\/cbs-electro.com\/index.php\/produit\/myyingele-portable-parametres-intelligents-de-vitesse-de-lecran-intelligent-pliable-reglable-reglable-leger-noir-adulte-de-scooter-3-adulte-black\/#breadcrumb\",\"itemListElement\":[{\"@type\":\"ListItem\",\"position\":1,\"name\":\"Accueil\",\"item\":\"https:\/\/www.cbs-electro.com\/\"},{\"@type\":\"ListItem\",\"position\":2,\"name\":\"Boutique\",\"item\":\"https:\/\/www.cbs-electro.com\/index.php\/boutique\/\"},{\"@type\":\"ListItem\",\"position\":3,\"name\":\"MYYINGELE Portable Param\u00e8tres intelligents de Vitesse de l&rsquo;\u00e9cran Intelligent Pliable r\u00e9glable r\u00e9glable l\u00e9ger Noir Adulte de Scooter 3 Adulte, Black\"}]},{\"@type\":\"WebSite\",\"@id\":\"https:\/\/www.cbs-electro.com\/#website\",\"url\":\"https:\/\/www.cbs-electro.com\/\",\"name\":\"CBS Electro\",\"description\":\"Vente des produits neufs - Informatique, Smartphones, livres, jeux vid\u00e9o, photos, jouets et \u00e9lectrom\u00e9nager\",\"potentialAction\":[{\"@type\":\"SearchAction\",\"target\":{\"@type\":\"EntryPoint\",\"urlTemplate\":\"https:\/\/www.cbs-electro.com\/?s={search_term_string}\"},\"query-input\":{\"@type\":\"PropertyValueSpecification\",\"valueRequired\":true,\"valueName\":\"search_term_string\"}}],\"inLanguage\":\"fr-FR\"}]}<\/script>\n<!-- \/ Yoast SEO plugin. -->","yoast_head_json":{"title":"MYYINGELE Portable Param\u00e8tres intelligents de Vitesse de l'\u00e9cran Intelligent Pliable r\u00e9glable r\u00e9glable l\u00e9ger Noir Adulte de Scooter 3 Adulte, Black - CBS Electro","robots":{"index":"index","follow":"follow","max-snippet":"max-snippet:-1","max-image-preview":"max-image-preview:large","max-video-preview":"max-video-preview:-1"},"canonical":"https:\/\/cbs-electro.com\/index.php\/produit\/myyingele-portable-parametres-intelligents-de-vitesse-de-lecran-intelligent-pliable-reglable-reglable-leger-noir-adulte-de-scooter-3-adulte-black\/","og_locale":"fr_FR","og_type":"article","og_title":"MYYINGELE Portable Param\u00e8tres intelligents de Vitesse de l'\u00e9cran Intelligent Pliable r\u00e9glable r\u00e9glable l\u00e9ger Noir Adulte de Scooter 3 Adulte, Black - CBS Electro","og_description":"Marque MYYINGELE   Couleur Noir   Tranche d'\u00e2ge (description) Adulte   Caract\u00e9ristique sp\u00e9ciale Pliable   Limite de poids 250 Kilogrammes   Nombre de roues 2   Mat\u00e9riau de la roue Aluminium   Poids de l'article 15 Kilogrammes   Type de guidon R\u00e9glable   Type de poign\u00e9e antid\u00e9rapante","og_url":"https:\/\/cbs-electro.com\/index.php\/produit\/myyingele-portable-parametres-intelligents-de-vitesse-de-lecran-intelligent-pliable-reglable-reglable-leger-noir-adulte-de-scooter-3-adulte-black\/","og_site_name":"CBS Electro","article_modified_time":"2025-03-13T06:38:35+00:00","og_image":[{"width":792,"height":934,"url":"https:\/\/cbs-electro.com\/wp-content\/uploads\/2023\/11\/51R8Y00FTEL._AC_SL1002_.jpg","type":"image\/jpeg"}],"twitter_card":"summary_large_image","twitter_misc":{"Dur\u00e9e de lecture estim\u00e9e":"1 minute"},"schema":{"@context":"https:\/\/schema.org","@graph":[{"@type":"WebPage","@id":"https:\/\/cbs-electro.com\/index.php\/produit\/myyingele-portable-parametres-intelligents-de-vitesse-de-lecran-intelligent-pliable-reglable-reglable-leger-noir-adulte-de-scooter-3-adulte-black\/","url":"https:\/\/cbs-electro.com\/index.php\/produit\/myyingele-portable-parametres-intelligents-de-vitesse-de-lecran-intelligent-pliable-reglable-reglable-leger-noir-adulte-de-scooter-3-adulte-black\/","name":"MYYINGELE Portable Param\u00e8tres intelligents de Vitesse de l'\u00e9cran Intelligent Pliable r\u00e9glable r\u00e9glable l\u00e9ger Noir Adulte de Scooter 3 Adulte, Black - CBS Electro","isPartOf":{"@id":"https:\/\/www.cbs-electro.com\/#website"},"primaryImageOfPage":{"@id":"https:\/\/cbs-electro.com\/index.php\/produit\/myyingele-portable-parametres-intelligents-de-vitesse-de-lecran-intelligent-pliable-reglable-reglable-leger-noir-adulte-de-scooter-3-adulte-black\/#primaryimage"},"image":{"@id":"https:\/\/cbs-electro.com\/index.php\/produit\/myyingele-portable-parametres-intelligents-de-vitesse-de-lecran-intelligent-pliable-reglable-reglable-leger-noir-adulte-de-scooter-3-adulte-black\/#primaryimage"},"thumbnailUrl":"https:\/\/cbs-electro.com\/wp-content\/uploads\/2023\/11\/51R8Y00FTEL._AC_SL1002_.jpg","datePublished":"2023-11-25T19:24:36+00:00","dateModified":"2025-03-13T06:38:35+00:00","breadcrumb":{"@id":"https:\/\/cbs-electro.com\/index.php\/produit\/myyingele-portable-parametres-intelligents-de-vitesse-de-lecran-intelligent-pliable-reglable-reglable-leger-noir-adulte-de-scooter-3-adulte-black\/#breadcrumb"},"inLanguage":"fr-FR","potentialAction":[{"@type":"ReadAction","target":["https:\/\/cbs-electro.com\/index.php\/produit\/myyingele-portable-parametres-intelligents-de-vitesse-de-lecran-intelligent-pliable-reglable-reglable-leger-noir-adulte-de-scooter-3-adulte-black\/"]}]},{"@type":"ImageObject","inLanguage":"fr-FR","@id":"https:\/\/cbs-electro.com\/index.php\/produit\/myyingele-portable-parametres-intelligents-de-vitesse-de-lecran-intelligent-pliable-reglable-reglable-leger-noir-adulte-de-scooter-3-adulte-black\/#primaryimage","url":"https:\/\/cbs-electro.com\/wp-content\/uploads\/2023\/11\/51R8Y00FTEL._AC_SL1002_.jpg","contentUrl":"https:\/\/cbs-electro.com\/wp-content\/uploads\/2023\/11\/51R8Y00FTEL._AC_SL1002_.jpg","width":792,"height":934},{"@type":"BreadcrumbList","@id":"https:\/\/cbs-electro.com\/index.php\/produit\/myyingele-portable-parametres-intelligents-de-vitesse-de-lecran-intelligent-pliable-reglable-reglable-leger-noir-adulte-de-scooter-3-adulte-black\/#breadcrumb","itemListElement":[{"@type":"ListItem","position":1,"name":"Accueil","item":"https:\/\/www.cbs-electro.com\/"},{"@type":"ListItem","position":2,"name":"Boutique","item":"https:\/\/www.cbs-electro.com\/index.php\/boutique\/"},{"@type":"ListItem","position":3,"name":"MYYINGELE Portable Param\u00e8tres intelligents de Vitesse de l&rsquo;\u00e9cran Intelligent Pliable r\u00e9glable r\u00e9glable l\u00e9ger Noir Adulte de Scooter 3 Adulte, Black"}]},{"@type":"WebSite","@id":"https:\/\/www.cbs-electro.com\/#website","url":"https:\/\/www.cbs-electro.com\/","name":"CBS Electro","description":"Vente des produits neufs - Informatique, Smartphones, livres, jeux vid\u00e9o, photos, jouets et \u00e9lectrom\u00e9nager","potentialAction":[{"@type":"SearchAction","target":{"@type":"EntryPoint","urlTemplate":"https:\/\/www.cbs-electro.com\/?s={search_term_string}"},"query-input":{"@type":"PropertyValueSpecification","valueRequired":true,"valueName":"search_term_string"}}],"inLanguage":"fr-FR"}]}},"_links":{"self":[{"href":"https:\/\/cbs-electro.com\/index.php\/wp-json\/wp\/v2\/product\/16395","targetHints":{"allow":["GET"]}}],"collection":[{"href":"https:\/\/cbs-electro.com\/index.php\/wp-json\/wp\/v2\/product"}],"about":[{"href":"https:\/\/cbs-electro.com\/index.php\/wp-json\/wp\/v2\/types\/product"}],"version-history":[{"count":1,"href":"https:\/\/cbs-electro.com\/index.php\/wp-json\/wp\/v2\/product\/16395\/revisions"}],"predecessor-version":[{"id":16398,"href":"https:\/\/cbs-electro.com\/index.php\/wp-json\/wp\/v2\/product\/16395\/revisions\/16398"}],"wp:featuredmedia":[{"embeddable":true,"href":"https:\/\/cbs-electro.com\/index.php\/wp-json\/wp\/v2\/media\/16397"}],"wp:attachment":[{"href":"https:\/\/cbs-electro.com\/index.php\/wp-json\/wp\/v2\/media?parent=16395"}],"wp:term":[{"taxonomy":"product_brand","embeddable":true,"href":"https:\/\/cbs-electro.com\/index.php\/wp-json\/wp\/v2\/product_brand?post=16395"},{"taxonomy":"product_cat","embeddable":true,"href":"https:\/\/cbs-electro.com\/index.php\/wp-json\/wp\/v2\/product_cat?post=16395"},{"taxonomy":"product_tag","embeddable":true,"href":"https:\/\/cbs-electro.com\/index.php\/wp-json\/wp\/v2\/product_tag?post=16395"}],"curies":[{"name":"wp","href":"https:\/\/api.w.org\/{rel}","templated":true}]}}