{"id":16380,"date":"2023-11-25T18:46:34","date_gmt":"2023-11-25T17:46:34","guid":{"rendered":"https:\/?post_type=product&#038;p=16380"},"modified":"2025-03-13T07:39:36","modified_gmt":"2025-03-13T06:39:36","slug":"gemini-9-pro-suv-des-trottinettes-electiques-500w-autonomie-de-70km-roues-10-pouces-double-freinage-a-dique","status":"publish","type":"product","link":"https:\/\/cbs-electro.com\/index.php\/produit\/gemini-9-pro-suv-des-trottinettes-electiques-500w-autonomie-de-70km-roues-10-pouces-double-freinage-a-dique\/","title":{"rendered":"Gemini 9 Pro &#8211; SUV des trottinettes \u00e9lectiques : 500W, autonomie de 70km Roues 10 Pouces Double freinage \u00e0 dique"},"content":{"rendered":"<h1 class=\"a-size-base-plus a-text-bold\">\u00c0 propos de cet article<\/h1>\n<ul class=\"a-unordered-list a-vertical a-spacing-mini\">\n<li class=\"a-spacing-mini\"><span class=\"a-list-item\">Autonomie : La Gemini 9 est \u00e9quip\u00e9e d&rsquo;une batterie d&rsquo;une capacit\u00e9 de 16Ah. Vous pourrez ainsi rouler 70Km avec une charge compl\u00e8te. ( selon le style de conduite, le poids du conducteur, les conditions de surface et l&rsquo;angle de pente) Rechargeable en 7 heures.<\/span><\/li>\n<li class=\"a-spacing-mini\"><span class=\"a-list-item\">Puissance : Moteur HUB arri\u00e8re d&rsquo;une puissance de 500w qui peut monter \u00e0 900w afin que les pentes ne soient plus un probl\u00e8me. Vitesse limit\u00e9e \u00e0 25 km\/h conform\u00e9ment \u00e0 la l\u00e9gislation fran\u00e7aise<\/span><\/li>\n<li class=\"a-spacing-mini\"><span class=\"a-list-item\">S\u00e9curit\u00e9\/confort : Avec ses pneus 10 pouces, la Gemini 9 ne craint pas les asp\u00e9rit\u00e9s de la route. Contr\u00f4lez compl\u00e8tement votre trottinette gr\u00e2ce au double freinage \u00e0 disque (avant\/arri\u00e8re). Voyez et soyez vu avec un \u00e9clairage avant et arri\u00e8re coupl\u00e9 avec des bandes r\u00e9fl\u00e9chissantes \u00e0 l&rsquo;avant. Ne craignez pas l&rsquo;eau, \u00e9tanch\u00e9it\u00e9 IP54 garantie.<\/span><\/li>\n<\/ul>\n<div class=\"a-row\">\n<div class=\"a-column a-span6\">\n<h1 class=\"a-size-medium a-spacing-small\">Descriptif technique<\/h1>\n<\/div>\n<\/div>\n<div class=\"a-expander-content a-expander-extend-content\" aria-expanded=\"true\">\n<div class=\"a-row a-expander-container a-expander-inline-container\">\n<div class=\"a-expander-content a-expander-section-content a-section-expander-inner\" aria-expanded=\"true\">\n<table id=\"productDetails_techSpec_section_1\" class=\"a-keyvalue prodDetTable\" role=\"presentation\">\n<tbody>\n<tr>\n<th class=\"a-color-secondary a-size-base prodDetSectionEntry\">Tranche d&rsquo;\u00e2ge<\/th>\n<td class=\"a-size-base prodDetAttrValue\">\u200eAdulte<\/td>\n<\/tr>\n<tr>\n<th class=\"a-color-secondary a-size-base prodDetSectionEntry\">Type de frein<\/th>\n<td class=\"a-size-base prodDetAttrValue\">\u200eFreinage avant, Freinage arri\u00e8re, Freinage \u00e0 disque<\/td>\n<\/tr>\n<tr>\n<th class=\"a-color-secondary a-size-base prodDetSectionEntry\">Couleur<\/th>\n<td class=\"a-size-base prodDetAttrValue\">\u200eNoir<\/td>\n<\/tr>\n<tr>\n<th class=\"a-color-secondary a-size-base prodDetSectionEntry\">Taille<\/th>\n<td class=\"a-size-base prodDetAttrValue\">\u200eAdulte<\/td>\n<\/tr>\n<tr>\n<th class=\"a-color-secondary a-size-base prodDetSectionEntry\">Mat\u00e9riau du cadre<\/th>\n<td class=\"a-size-base prodDetAttrValue\">\u200eAluminium<\/td>\n<\/tr>\n<tr>\n<th class=\"a-color-secondary a-size-base prodDetSectionEntry\">Type de mat\u00e9riau<\/th>\n<td class=\"a-size-base prodDetAttrValue\">\u200eAluminium<\/td>\n<\/tr>\n<tr>\n<th class=\"a-color-secondary a-size-base prodDetSectionEntry\">Fonctionnalit\u00e9s<\/th>\n<td class=\"a-size-base prodDetAttrValue\">\u200eBatterie rempla\u00e7able, Affichage num\u00e9rique, Syst\u00e8me de freinage double, Pneu anti-crevaison, R\u00e9gulateur de vitesse<\/td>\n<\/tr>\n<tr>\n<th class=\"a-color-secondary a-size-base prodDetSectionEntry\">Taille de la roue<\/th>\n<td class=\"a-size-base prodDetAttrValue\">\u200e10 Pouces<\/td>\n<\/tr>\n<tr>\n<th class=\"a-color-secondary a-size-base prodDetSectionEntry\">Composants inclus<\/th>\n<td class=\"a-size-base prodDetAttrValue\">\u200e1 Chargeur, 1 Tool Kit, 1 Gemini 9 PRO trottinette, 1 Manuel d&rsquo;instruction<\/td>\n<\/tr>\n<tr>\n<th class=\"a-color-secondary a-size-base prodDetSectionEntry\">Marque<\/th>\n<td class=\"a-size-base prodDetAttrValue\">\u200eG\u00e9n\u00e9rique<\/td>\n<\/tr>\n<tr>\n<th class=\"a-color-secondary a-size-base prodDetSectionEntry\">Capacit\u00e9 maximale de poids<\/th>\n<td class=\"a-size-base prodDetAttrValue\">\u200e130 Kilogrammes<\/td>\n<\/tr>\n<tr>\n<th class=\"a-color-secondary a-size-base prodDetSectionEntry\">Service<\/th>\n<td class=\"a-size-base prodDetAttrValue\">\u200eMixte<\/td>\n<\/tr>\n<tr>\n<th class=\"a-color-secondary a-size-base prodDetSectionEntry\">Fabricant<\/th>\n<td class=\"a-size-base prodDetAttrValue\">\u200eGemini EV<\/td>\n<\/tr>\n<tr>\n<th class=\"a-color-secondary a-size-base prodDetSectionEntry\">Num\u00e9ro du mod\u00e8le de l&rsquo;article<\/th>\n<td class=\"a-size-base prodDetAttrValue\">\u200e9 PRO<\/td>\n<\/tr>\n<tr>\n<th class=\"a-color-secondary a-size-base prodDetSectionEntry\">Dimensions du produit (L x l x h)<\/th>\n<td class=\"a-size-base prodDetAttrValue\">\u200e110 x 55 x 123 cm; 25 kilogrammes<\/td>\n<\/tr>\n<tr>\n<th class=\"a-color-secondary a-size-base prodDetSectionEntry\">ASIN<\/th>\n<td class=\"a-size-base prodDetAttrValue\">\u200eB0CKNC7QLY<\/td>\n<\/tr>\n<tr>\n<th class=\"a-color-secondary a-size-base prodDetSectionEntry\">Disponibilit\u00e9 des pi\u00e8ces d\u00e9tach\u00e9es<\/th>\n<td class=\"a-size-base prodDetAttrValue\">\u200e2 Ans<\/td>\n<\/tr>\n<\/tbody>\n<\/table>\n<\/div>\n<\/div>\n<\/div>\n","protected":false},"excerpt":{"rendered":"<table class=\"a-normal a-spacing-micro\">\n<tbody>\n<tr class=\"a-spacing-small po-brand\">\n<td class=\"a-span3\"><span class=\"a-size-base a-text-bold\">Marque<\/span><\/td>\n<td class=\"a-span9\"><span class=\"a-size-base po-break-word\">G\u00e9n\u00e9rique<\/span><\/td>\n<\/tr>\n<tr class=\"a-spacing-small po-color\">\n<td class=\"a-span3\"><span class=\"a-size-base a-text-bold\">Couleur<\/span><\/td>\n<td class=\"a-span9\"><span class=\"a-size-base po-break-word\">Noir<\/span><\/td>\n<\/tr>\n<tr class=\"a-spacing-small po-age_range_description\">\n<td class=\"a-span3\"><span class=\"a-size-base a-text-bold\">Tranche d&rsquo;\u00e2ge (description)<\/span><\/td>\n<td class=\"a-span9\"><span class=\"a-size-base po-break-word\">Adulte<\/span><\/td>\n<\/tr>\n<tr class=\"a-spacing-small po-special_feature\">\n<td class=\"a-span3\"><span class=\"a-size-base a-text-bold\">Caract\u00e9ristique sp\u00e9ciale<\/span><\/td>\n<td class=\"a-span9\"><span class=\"a-size-base\"><span class=\"a-truncate po-truncate-attribute\" data-a-word-break=\"normal\" data-a-truncate-name=\"po-attribute-truncate-3\" data-a-max-rows=\"3\" data-a-overflow-marker=\"&amp;hellip;\" data-a-recalculate=\"false\" data-a-updated=\"true\"><span class=\"a-truncate-full a-offscreen\">Batterie rempla\u00e7able, Affichage num\u00e9rique, Syst\u00e8me de freinage double, Pneu anti-crevaison, R\u00e9gulateur de vitesse<\/span><span class=\"a-truncate-cut\" aria-hidden=\"true\">Batterie rempla\u00e7able, Affichage num\u00e9rique, Syst\u00e8me de freinage double, Pneu anti-crevaison, R\u00e9gulateur de vitesse<\/span><\/span><\/span><\/td>\n<\/tr>\n<tr class=\"a-spacing-small po-weight_capacity.maximum\">\n<td class=\"a-span3\"><span class=\"a-size-base a-text-bold\">Limite de poids<\/span><\/td>\n<td class=\"a-span9\"><span class=\"a-size-base po-break-word\">130 Kilogrammes<\/span><\/td>\n<\/tr>\n<tr class=\"a-spacing-small po-item_length_width_height\">\n<td class=\"a-span3\"><span class=\"a-size-base a-text-bold\">Dimensions du produit<\/span><\/td>\n<td class=\"a-span9\"><span class=\"a-size-base po-break-word\">110L x 55l x 123H centim\u00e8tres<\/span><\/td>\n<\/tr>\n<tr class=\"a-spacing-small po-number_of_wheels\">\n<td class=\"a-span3\"><span class=\"a-size-base a-text-bold\">Nombre de roues<\/span><\/td>\n<td class=\"a-span9\"><span class=\"a-size-base po-break-word\">2<\/span><\/td>\n<\/tr>\n<tr class=\"a-spacing-small po-model_name\">\n<td class=\"a-span3\"><span class=\"a-size-base a-text-bold\">Nom de mod\u00e8le<\/span><\/td>\n<td class=\"a-span9\"><span class=\"a-size-base po-break-word\">Gemini 9 Pro<\/span><\/td>\n<\/tr>\n<tr class=\"a-spacing-small po-wheel.material\">\n<td class=\"a-span3\"><span class=\"a-size-base a-text-bold\">Mat\u00e9riau de la roue<\/span><\/td>\n<td class=\"a-span9\"><span class=\"a-size-base po-break-word\">Aluminium<\/span><\/td>\n<\/tr>\n<tr class=\"a-spacing-small po-frame.material\">\n<td class=\"a-span3\"><span class=\"a-size-base a-text-bold\">Mat\u00e9riau du cadre<\/span><\/td>\n<td class=\"a-span9\"><span class=\"a-size-base po-break-word\">Aluminium<\/span><\/td>\n<\/tr>\n<\/tbody>\n<\/table>\n","protected":false},"featured_media":16384,"template":"","meta":[],"product_brand":[],"product_cat":[77,223],"product_tag":[],"class_list":{"0":"post-16380","1":"product","2":"type-product","3":"status-publish","4":"has-post-thumbnail","6":"product_cat-sports-loisirs","7":"product_cat-trotinette","9":"first","10":"instock","11":"taxable","12":"shipping-taxable","13":"purchasable","14":"product-type-simple"},"yoast_head":"<!-- This site is optimized with the Yoast SEO plugin v24.8.1 - https:\/\/yoast.com\/wordpress\/plugins\/seo\/ -->\n<title>Gemini 9 Pro - SUV des trottinettes \u00e9lectiques : 500W, autonomie de 70km Roues 10 Pouces Double freinage \u00e0 dique - CBS Electro<\/title>\n<meta name=\"robots\" content=\"index, follow, max-snippet:-1, max-image-preview:large, max-video-preview:-1\" \/>\n<link rel=\"canonical\" href=\"https:\/\/cbs-electro.com\/index.php\/produit\/gemini-9-pro-suv-des-trottinettes-electiques-500w-autonomie-de-70km-roues-10-pouces-double-freinage-a-dique\/\" \/>\n<meta property=\"og:locale\" content=\"fr_FR\" \/>\n<meta property=\"og:type\" content=\"article\" \/>\n<meta property=\"og:title\" content=\"Gemini 9 Pro - SUV des trottinettes \u00e9lectiques : 500W, autonomie de 70km Roues 10 Pouces Double freinage \u00e0 dique - CBS Electro\" \/>\n<meta property=\"og:description\" content=\"Marque G\u00e9n\u00e9rique   Couleur Noir   Tranche d&#039;\u00e2ge (description) Adulte   Caract\u00e9ristique sp\u00e9ciale Batterie rempla\u00e7able, Affichage num\u00e9rique, Syst\u00e8me de freinage double, Pneu anti-crevaison, R\u00e9gulateur de vitesseBatterie rempla\u00e7able, Affichage num\u00e9rique, Syst\u00e8me de freinage double, Pneu anti-crevaison, R\u00e9gulateur de vitesse   Limite de poids 130 Kilogrammes   Dimensions du produit 110L x 55l x 123H centim\u00e8tres   Nombre de roues 2   Nom de mod\u00e8le Gemini 9 Pro   Mat\u00e9riau de la roue Aluminium   Mat\u00e9riau du cadre Aluminium\" \/>\n<meta property=\"og:url\" content=\"https:\/\/cbs-electro.com\/index.php\/produit\/gemini-9-pro-suv-des-trottinettes-electiques-500w-autonomie-de-70km-roues-10-pouces-double-freinage-a-dique\/\" \/>\n<meta property=\"og:site_name\" content=\"CBS Electro\" \/>\n<meta property=\"article:modified_time\" content=\"2025-03-13T06:39:36+00:00\" \/>\n<meta property=\"og:image\" content=\"https:\/\/cbs-electro.com\/wp-content\/uploads\/2023\/11\/41TgL3lykL._AC_.jpg\" \/>\n\t<meta property=\"og:image:width\" content=\"482\" \/>\n\t<meta property=\"og:image:height\" content=\"780\" \/>\n\t<meta property=\"og:image:type\" content=\"image\/jpeg\" \/>\n<meta name=\"twitter:card\" content=\"summary_large_image\" \/>\n<meta name=\"twitter:label1\" content=\"Dur\u00e9e de lecture estim\u00e9e\" \/>\n\t<meta name=\"twitter:data1\" content=\"1 minute\" \/>\n<script type=\"application\/ld+json\" class=\"yoast-schema-graph\">{\"@context\":\"https:\/\/schema.org\",\"@graph\":[{\"@type\":\"WebPage\",\"@id\":\"https:\/\/cbs-electro.com\/index.php\/produit\/gemini-9-pro-suv-des-trottinettes-electiques-500w-autonomie-de-70km-roues-10-pouces-double-freinage-a-dique\/\",\"url\":\"https:\/\/cbs-electro.com\/index.php\/produit\/gemini-9-pro-suv-des-trottinettes-electiques-500w-autonomie-de-70km-roues-10-pouces-double-freinage-a-dique\/\",\"name\":\"Gemini 9 Pro - SUV des trottinettes \u00e9lectiques : 500W, autonomie de 70km Roues 10 Pouces Double freinage \u00e0 dique - CBS Electro\",\"isPartOf\":{\"@id\":\"https:\/\/www.cbs-electro.com\/#website\"},\"primaryImageOfPage\":{\"@id\":\"https:\/\/cbs-electro.com\/index.php\/produit\/gemini-9-pro-suv-des-trottinettes-electiques-500w-autonomie-de-70km-roues-10-pouces-double-freinage-a-dique\/#primaryimage\"},\"image\":{\"@id\":\"https:\/\/cbs-electro.com\/index.php\/produit\/gemini-9-pro-suv-des-trottinettes-electiques-500w-autonomie-de-70km-roues-10-pouces-double-freinage-a-dique\/#primaryimage\"},\"thumbnailUrl\":\"https:\/\/cbs-electro.com\/wp-content\/uploads\/2023\/11\/41TgL3lykL._AC_.jpg\",\"datePublished\":\"2023-11-25T17:46:34+00:00\",\"dateModified\":\"2025-03-13T06:39:36+00:00\",\"breadcrumb\":{\"@id\":\"https:\/\/cbs-electro.com\/index.php\/produit\/gemini-9-pro-suv-des-trottinettes-electiques-500w-autonomie-de-70km-roues-10-pouces-double-freinage-a-dique\/#breadcrumb\"},\"inLanguage\":\"fr-FR\",\"potentialAction\":[{\"@type\":\"ReadAction\",\"target\":[\"https:\/\/cbs-electro.com\/index.php\/produit\/gemini-9-pro-suv-des-trottinettes-electiques-500w-autonomie-de-70km-roues-10-pouces-double-freinage-a-dique\/\"]}]},{\"@type\":\"ImageObject\",\"inLanguage\":\"fr-FR\",\"@id\":\"https:\/\/cbs-electro.com\/index.php\/produit\/gemini-9-pro-suv-des-trottinettes-electiques-500w-autonomie-de-70km-roues-10-pouces-double-freinage-a-dique\/#primaryimage\",\"url\":\"https:\/\/cbs-electro.com\/wp-content\/uploads\/2023\/11\/41TgL3lykL._AC_.jpg\",\"contentUrl\":\"https:\/\/cbs-electro.com\/wp-content\/uploads\/2023\/11\/41TgL3lykL._AC_.jpg\",\"width\":482,\"height\":780},{\"@type\":\"BreadcrumbList\",\"@id\":\"https:\/\/cbs-electro.com\/index.php\/produit\/gemini-9-pro-suv-des-trottinettes-electiques-500w-autonomie-de-70km-roues-10-pouces-double-freinage-a-dique\/#breadcrumb\",\"itemListElement\":[{\"@type\":\"ListItem\",\"position\":1,\"name\":\"Accueil\",\"item\":\"https:\/\/www.cbs-electro.com\/\"},{\"@type\":\"ListItem\",\"position\":2,\"name\":\"Boutique\",\"item\":\"https:\/\/www.cbs-electro.com\/index.php\/boutique\/\"},{\"@type\":\"ListItem\",\"position\":3,\"name\":\"Gemini 9 Pro &#8211; SUV des trottinettes \u00e9lectiques : 500W, autonomie de 70km Roues 10 Pouces Double freinage \u00e0 dique\"}]},{\"@type\":\"WebSite\",\"@id\":\"https:\/\/www.cbs-electro.com\/#website\",\"url\":\"https:\/\/www.cbs-electro.com\/\",\"name\":\"CBS Electro\",\"description\":\"Vente des produits neufs - Informatique, Smartphones, livres, jeux vid\u00e9o, photos, jouets et \u00e9lectrom\u00e9nager\",\"potentialAction\":[{\"@type\":\"SearchAction\",\"target\":{\"@type\":\"EntryPoint\",\"urlTemplate\":\"https:\/\/www.cbs-electro.com\/?s={search_term_string}\"},\"query-input\":{\"@type\":\"PropertyValueSpecification\",\"valueRequired\":true,\"valueName\":\"search_term_string\"}}],\"inLanguage\":\"fr-FR\"}]}<\/script>\n<!-- \/ Yoast SEO plugin. -->","yoast_head_json":{"title":"Gemini 9 Pro - SUV des trottinettes \u00e9lectiques : 500W, autonomie de 70km Roues 10 Pouces Double freinage \u00e0 dique - CBS Electro","robots":{"index":"index","follow":"follow","max-snippet":"max-snippet:-1","max-image-preview":"max-image-preview:large","max-video-preview":"max-video-preview:-1"},"canonical":"https:\/\/cbs-electro.com\/index.php\/produit\/gemini-9-pro-suv-des-trottinettes-electiques-500w-autonomie-de-70km-roues-10-pouces-double-freinage-a-dique\/","og_locale":"fr_FR","og_type":"article","og_title":"Gemini 9 Pro - SUV des trottinettes \u00e9lectiques : 500W, autonomie de 70km Roues 10 Pouces Double freinage \u00e0 dique - CBS Electro","og_description":"Marque G\u00e9n\u00e9rique   Couleur Noir   Tranche d'\u00e2ge (description) Adulte   Caract\u00e9ristique sp\u00e9ciale Batterie rempla\u00e7able, Affichage num\u00e9rique, Syst\u00e8me de freinage double, Pneu anti-crevaison, R\u00e9gulateur de vitesseBatterie rempla\u00e7able, Affichage num\u00e9rique, Syst\u00e8me de freinage double, Pneu anti-crevaison, R\u00e9gulateur de vitesse   Limite de poids 130 Kilogrammes   Dimensions du produit 110L x 55l x 123H centim\u00e8tres   Nombre de roues 2   Nom de mod\u00e8le Gemini 9 Pro   Mat\u00e9riau de la roue Aluminium   Mat\u00e9riau du cadre Aluminium","og_url":"https:\/\/cbs-electro.com\/index.php\/produit\/gemini-9-pro-suv-des-trottinettes-electiques-500w-autonomie-de-70km-roues-10-pouces-double-freinage-a-dique\/","og_site_name":"CBS Electro","article_modified_time":"2025-03-13T06:39:36+00:00","og_image":[{"width":482,"height":780,"url":"https:\/\/cbs-electro.com\/wp-content\/uploads\/2023\/11\/41TgL3lykL._AC_.jpg","type":"image\/jpeg"}],"twitter_card":"summary_large_image","twitter_misc":{"Dur\u00e9e de lecture estim\u00e9e":"1 minute"},"schema":{"@context":"https:\/\/schema.org","@graph":[{"@type":"WebPage","@id":"https:\/\/cbs-electro.com\/index.php\/produit\/gemini-9-pro-suv-des-trottinettes-electiques-500w-autonomie-de-70km-roues-10-pouces-double-freinage-a-dique\/","url":"https:\/\/cbs-electro.com\/index.php\/produit\/gemini-9-pro-suv-des-trottinettes-electiques-500w-autonomie-de-70km-roues-10-pouces-double-freinage-a-dique\/","name":"Gemini 9 Pro - SUV des trottinettes \u00e9lectiques : 500W, autonomie de 70km Roues 10 Pouces Double freinage \u00e0 dique - CBS Electro","isPartOf":{"@id":"https:\/\/www.cbs-electro.com\/#website"},"primaryImageOfPage":{"@id":"https:\/\/cbs-electro.com\/index.php\/produit\/gemini-9-pro-suv-des-trottinettes-electiques-500w-autonomie-de-70km-roues-10-pouces-double-freinage-a-dique\/#primaryimage"},"image":{"@id":"https:\/\/cbs-electro.com\/index.php\/produit\/gemini-9-pro-suv-des-trottinettes-electiques-500w-autonomie-de-70km-roues-10-pouces-double-freinage-a-dique\/#primaryimage"},"thumbnailUrl":"https:\/\/cbs-electro.com\/wp-content\/uploads\/2023\/11\/41TgL3lykL._AC_.jpg","datePublished":"2023-11-25T17:46:34+00:00","dateModified":"2025-03-13T06:39:36+00:00","breadcrumb":{"@id":"https:\/\/cbs-electro.com\/index.php\/produit\/gemini-9-pro-suv-des-trottinettes-electiques-500w-autonomie-de-70km-roues-10-pouces-double-freinage-a-dique\/#breadcrumb"},"inLanguage":"fr-FR","potentialAction":[{"@type":"ReadAction","target":["https:\/\/cbs-electro.com\/index.php\/produit\/gemini-9-pro-suv-des-trottinettes-electiques-500w-autonomie-de-70km-roues-10-pouces-double-freinage-a-dique\/"]}]},{"@type":"ImageObject","inLanguage":"fr-FR","@id":"https:\/\/cbs-electro.com\/index.php\/produit\/gemini-9-pro-suv-des-trottinettes-electiques-500w-autonomie-de-70km-roues-10-pouces-double-freinage-a-dique\/#primaryimage","url":"https:\/\/cbs-electro.com\/wp-content\/uploads\/2023\/11\/41TgL3lykL._AC_.jpg","contentUrl":"https:\/\/cbs-electro.com\/wp-content\/uploads\/2023\/11\/41TgL3lykL._AC_.jpg","width":482,"height":780},{"@type":"BreadcrumbList","@id":"https:\/\/cbs-electro.com\/index.php\/produit\/gemini-9-pro-suv-des-trottinettes-electiques-500w-autonomie-de-70km-roues-10-pouces-double-freinage-a-dique\/#breadcrumb","itemListElement":[{"@type":"ListItem","position":1,"name":"Accueil","item":"https:\/\/www.cbs-electro.com\/"},{"@type":"ListItem","position":2,"name":"Boutique","item":"https:\/\/www.cbs-electro.com\/index.php\/boutique\/"},{"@type":"ListItem","position":3,"name":"Gemini 9 Pro &#8211; SUV des trottinettes \u00e9lectiques : 500W, autonomie de 70km Roues 10 Pouces Double freinage \u00e0 dique"}]},{"@type":"WebSite","@id":"https:\/\/www.cbs-electro.com\/#website","url":"https:\/\/www.cbs-electro.com\/","name":"CBS Electro","description":"Vente des produits neufs - Informatique, Smartphones, livres, jeux vid\u00e9o, photos, jouets et \u00e9lectrom\u00e9nager","potentialAction":[{"@type":"SearchAction","target":{"@type":"EntryPoint","urlTemplate":"https:\/\/www.cbs-electro.com\/?s={search_term_string}"},"query-input":{"@type":"PropertyValueSpecification","valueRequired":true,"valueName":"search_term_string"}}],"inLanguage":"fr-FR"}]}},"_links":{"self":[{"href":"https:\/\/cbs-electro.com\/index.php\/wp-json\/wp\/v2\/product\/16380","targetHints":{"allow":["GET"]}}],"collection":[{"href":"https:\/\/cbs-electro.com\/index.php\/wp-json\/wp\/v2\/product"}],"about":[{"href":"https:\/\/cbs-electro.com\/index.php\/wp-json\/wp\/v2\/types\/product"}],"version-history":[{"count":1,"href":"https:\/\/cbs-electro.com\/index.php\/wp-json\/wp\/v2\/product\/16380\/revisions"}],"predecessor-version":[{"id":16387,"href":"https:\/\/cbs-electro.com\/index.php\/wp-json\/wp\/v2\/product\/16380\/revisions\/16387"}],"wp:featuredmedia":[{"embeddable":true,"href":"https:\/\/cbs-electro.com\/index.php\/wp-json\/wp\/v2\/media\/16384"}],"wp:attachment":[{"href":"https:\/\/cbs-electro.com\/index.php\/wp-json\/wp\/v2\/media?parent=16380"}],"wp:term":[{"taxonomy":"product_brand","embeddable":true,"href":"https:\/\/cbs-electro.com\/index.php\/wp-json\/wp\/v2\/product_brand?post=16380"},{"taxonomy":"product_cat","embeddable":true,"href":"https:\/\/cbs-electro.com\/index.php\/wp-json\/wp\/v2\/product_cat?post=16380"},{"taxonomy":"product_tag","embeddable":true,"href":"https:\/\/cbs-electro.com\/index.php\/wp-json\/wp\/v2\/product_tag?post=16380"}],"curies":[{"name":"wp","href":"https:\/\/api.w.org\/{rel}","templated":true}]}}