{"id":16377,"date":"2023-11-25T18:41:15","date_gmt":"2023-11-25T17:41:15","guid":{"rendered":"https:\/?post_type=product&#038;p=16377"},"modified":"2025-03-13T07:40:01","modified_gmt":"2025-03-13T06:40:01","slug":"beeper-cross-trottinette-electrique-tout-terrain-1000w-batterie-plomb-36v-12ah-fx1000-s","status":"publish","type":"product","link":"https:\/\/cbs-electro.com\/index.php\/produit\/beeper-cross-trottinette-electrique-tout-terrain-1000w-batterie-plomb-36v-12ah-fx1000-s\/","title":{"rendered":"BEEPER &#8211; Cross Trottinette \u00e9lectrique Tout Terrain 1000W Batterie Plomb 36V 12Ah FX1000-S"},"content":{"rendered":"<h1 class=\"a-size-base-plus a-text-bold\">\u00c0 propos de cet article<\/h1>\n<ul class=\"a-unordered-list a-vertical a-spacing-mini\">\n<li class=\"a-spacing-mini\"><span class=\"a-list-item\">BEEPER &#8211; Cross Trottinette \u00e9lectrique Tout Terrain 1000W Batterie Plomb 36V 12Ah FX1000-S<\/span><\/li>\n<li class=\"a-spacing-mini\"><span class=\"a-list-item\">\ud83d\udef4 La TOUT-TERRAIN \ud83d\udef4 La trottinette \u00e9lectrique Beeper FX1000-S est LA trottinette tout-terrain ! Gr\u00e2ce \u00e0 ses pneus gonfl\u00e9s et crant\u00e9s, elle vous am\u00e8nera de partout.<\/span><\/li>\n<li class=\"a-spacing-mini\"><span class=\"a-list-item\">\ud83d\udef4 Moteur HAUTE PERFORMANCE 1000W \ud83d\udef4 Son moteur BRUSH de 1000W peut atteindre une vitesse maximum de 25 km\/h. Sa batterie plomb 36V 12Ah vous permet de parcourir jusqu&rsquo;\u00e0 30km<\/span><\/li>\n<li class=\"a-spacing-mini\"><span class=\"a-list-item\">\ud83d\udef4 ULTRA ROBUSTE \ud83d\udef4 Vous avez d\u00e9j\u00e0 adopt\u00e9 les trottinettes \u00e9lectriques mais recherchez une trottinette avec laquelle braver tous les obstacles ? Ne cherchez plus et optez pour la trottinette \u00e9lectrique off-road Beeper CROSS ! Elle vous permettra de rouler en terrain inaccessible avec une trottinette \u00e9lectrique classique. Ses finitions avec son garde-boue, sa plateforme large et sa transmission par cha\u00eene en fond un produit robuste et fiable !<\/span><\/li>\n<li class=\"a-spacing-mini\"><span class=\"a-list-item\">\ud83d\udef4 GARANTIE 3 ANS<\/span><\/li>\n<\/ul>\n<div class=\"a-row\">\n<div class=\"a-column a-span6\">\n<h1 class=\"a-size-medium a-spacing-small\">Descriptif technique<\/h1>\n<\/div>\n<\/div>\n<div class=\"a-expander-content a-expander-extend-content\" aria-expanded=\"true\">\n<div class=\"a-row a-expander-container a-expander-inline-container\">\n<div class=\"a-expander-content a-expander-section-content a-section-expander-inner\" aria-expanded=\"true\">\n<table id=\"productDetails_techSpec_section_1\" class=\"a-keyvalue prodDetTable\" role=\"presentation\">\n<tbody>\n<tr>\n<th class=\"a-color-secondary a-size-base prodDetSectionEntry\">Tranche d&rsquo;\u00e2ge<\/th>\n<td class=\"a-size-base prodDetAttrValue\">\u200eAdulte<\/td>\n<\/tr>\n<tr>\n<th class=\"a-color-secondary a-size-base prodDetSectionEntry\">Type de frein<\/th>\n<td class=\"a-size-base prodDetAttrValue\">\u200eFreinage arri\u00e8re<\/td>\n<\/tr>\n<tr>\n<th class=\"a-color-secondary a-size-base prodDetSectionEntry\">Couleur<\/th>\n<td class=\"a-size-base prodDetAttrValue\">\u200eFX1000-S<\/td>\n<\/tr>\n<tr>\n<th class=\"a-color-secondary a-size-base prodDetSectionEntry\">Taille<\/th>\n<td class=\"a-size-base prodDetAttrValue\">\u200eFX1000-S<\/td>\n<\/tr>\n<tr>\n<th class=\"a-color-secondary a-size-base prodDetSectionEntry\">Style<\/th>\n<td class=\"a-size-base prodDetAttrValue\">\u200eClassique<\/td>\n<\/tr>\n<tr>\n<th class=\"a-color-secondary a-size-base prodDetSectionEntry\">Mat\u00e9riau du cadre<\/th>\n<td class=\"a-size-base prodDetAttrValue\">\u200eM\u00e9tal<\/td>\n<\/tr>\n<tr>\n<th class=\"a-color-secondary a-size-base prodDetSectionEntry\">Type de mat\u00e9riau<\/th>\n<td class=\"a-size-base prodDetAttrValue\">\u200eAluminium<\/td>\n<\/tr>\n<tr>\n<th class=\"a-color-secondary a-size-base prodDetSectionEntry\">Fonctionnalit\u00e9s<\/th>\n<td class=\"a-size-base prodDetAttrValue\">\u200eSelle, Plateforme large<\/td>\n<\/tr>\n<tr>\n<th class=\"a-color-secondary a-size-base prodDetSectionEntry\">Suspension<\/th>\n<td class=\"a-size-base prodDetAttrValue\">\u200eSuspension totale<\/td>\n<\/tr>\n<tr>\n<th class=\"a-color-secondary a-size-base prodDetSectionEntry\">Taille de la roue<\/th>\n<td class=\"a-size-base prodDetAttrValue\">\u200e14 Pouces<\/td>\n<\/tr>\n<tr>\n<th class=\"a-color-secondary a-size-base prodDetSectionEntry\">Composants inclus<\/th>\n<td class=\"a-size-base prodDetAttrValue\">\u200etrottinette \u00e9lectrique, chargeur, notice<\/td>\n<\/tr>\n<tr>\n<th class=\"a-color-secondary a-size-base prodDetSectionEntry\">Piles incluses ?<\/th>\n<td class=\"a-size-base prodDetAttrValue\">\u200eOui<\/td>\n<\/tr>\n<tr>\n<th class=\"a-color-secondary a-size-base prodDetSectionEntry\">Marque<\/th>\n<td class=\"a-size-base prodDetAttrValue\">\u200eBEEPER<\/td>\n<\/tr>\n<tr>\n<th class=\"a-color-secondary a-size-base prodDetSectionEntry\">Capacit\u00e9 maximale de poids<\/th>\n<td class=\"a-size-base prodDetAttrValue\">\u200e120 Kilogrammes<\/td>\n<\/tr>\n<tr>\n<th class=\"a-color-secondary a-size-base prodDetSectionEntry\">Service<\/th>\n<td class=\"a-size-base prodDetAttrValue\">\u200eMixte<\/td>\n<\/tr>\n<tr>\n<th class=\"a-color-secondary a-size-base prodDetSectionEntry\">Fabricant<\/th>\n<td class=\"a-size-base prodDetAttrValue\">\u200eIXIT BEEPER<\/td>\n<\/tr>\n<tr>\n<th class=\"a-color-secondary a-size-base prodDetSectionEntry\">Num\u00e9ro du mod\u00e8le de l&rsquo;article<\/th>\n<td class=\"a-size-base prodDetAttrValue\">\u200eFX1000-S<\/td>\n<\/tr>\n<tr>\n<th class=\"a-color-secondary a-size-base prodDetSectionEntry\">Dimensions du produit (L x l x h)<\/th>\n<td class=\"a-size-base prodDetAttrValue\">\u200e145 x 31 x 120 cm; 45 kilogrammes<\/td>\n<\/tr>\n<tr>\n<th class=\"a-color-secondary a-size-base prodDetSectionEntry\">ASIN<\/th>\n<td class=\"a-size-base prodDetAttrValue\">\u200eB07RD5SDYP<\/td>\n<\/tr>\n<\/tbody>\n<\/table>\n<\/div>\n<\/div>\n<\/div>\n","protected":false},"excerpt":{"rendered":"<table class=\"a-normal a-spacing-micro\">\n<tbody>\n<tr class=\"a-spacing-small po-brand\">\n<td class=\"a-span3\"><span class=\"a-size-base a-text-bold\">Marque<\/span><\/td>\n<td class=\"a-span9\"><span class=\"a-size-base po-break-word\">BEEPER<\/span><\/td>\n<\/tr>\n<tr class=\"a-spacing-small po-color\">\n<td class=\"a-span3\"><span class=\"a-size-base a-text-bold\">Couleur<\/span><\/td>\n<td class=\"a-span9\"><span class=\"a-size-base po-break-word\">FX1000-S<\/span><\/td>\n<\/tr>\n<tr class=\"a-spacing-small po-age_range_description\">\n<td class=\"a-span3\"><span class=\"a-size-base a-text-bold\">Tranche d&rsquo;\u00e2ge (description)<\/span><\/td>\n<td class=\"a-span9\"><span class=\"a-size-base po-break-word\">Adulte<\/span><\/td>\n<\/tr>\n<tr class=\"a-spacing-small po-special_feature\">\n<td class=\"a-span3\"><span class=\"a-size-base a-text-bold\">Caract\u00e9ristique sp\u00e9ciale<\/span><\/td>\n<td class=\"a-span9\"><span class=\"a-size-base po-break-word\">Selle, Plateforme large<\/span><\/td>\n<\/tr>\n<tr class=\"a-spacing-small po-weight_capacity.maximum\">\n<td class=\"a-span3\"><span class=\"a-size-base a-text-bold\">Limite de poids<\/span><\/td>\n<td class=\"a-span9\"><span class=\"a-size-base po-break-word\">120 Kilogrammes<\/span><\/td>\n<\/tr>\n<tr class=\"a-spacing-small po-item_length_width_height\">\n<td class=\"a-span3\"><span class=\"a-size-base a-text-bold\">Dimensions du produit<\/span><\/td>\n<td class=\"a-span9\"><span class=\"a-size-base po-break-word\">145L x 61l x 120H centim\u00e8tres<\/span><\/td>\n<\/tr>\n<tr class=\"a-spacing-small po-number_of_wheels\">\n<td class=\"a-span3\"><span class=\"a-size-base a-text-bold\">Nombre de roues<\/span><\/td>\n<td class=\"a-span9\"><span class=\"a-size-base po-break-word\">2<\/span><\/td>\n<\/tr>\n<tr class=\"a-spacing-small po-model_name\">\n<td class=\"a-span3\"><span class=\"a-size-base a-text-bold\">Nom de mod\u00e8le<\/span><\/td>\n<td class=\"a-span9\"><span class=\"a-size-base po-break-word\">Fx1000<\/span><\/td>\n<\/tr>\n<tr class=\"a-spacing-small po-frame.material\">\n<td class=\"a-span3\"><span class=\"a-size-base a-text-bold\">Mat\u00e9riau du cadre<\/span><\/td>\n<td class=\"a-span9\"><span class=\"a-size-base po-break-word\">M\u00e9tal<\/span><\/td>\n<\/tr>\n<tr class=\"a-spacing-small po-item_weight\">\n<td class=\"a-span3\"><span class=\"a-size-base a-text-bold\">Poids de l&rsquo;article<\/span><\/td>\n<td class=\"a-span9\"><span class=\"a-size-base po-break-word\">45 Kilogrammes<\/span><\/td>\n<\/tr>\n<\/tbody>\n<\/table>\n","protected":false},"featured_media":16378,"template":"","meta":[],"product_brand":[],"product_cat":[77,223],"product_tag":[],"class_list":{"0":"post-16377","1":"product","2":"type-product","3":"status-publish","4":"has-post-thumbnail","6":"product_cat-sports-loisirs","7":"product_cat-trotinette","9":"first","10":"instock","11":"taxable","12":"shipping-taxable","13":"purchasable","14":"product-type-simple"},"yoast_head":"<!-- This site is optimized with the Yoast SEO plugin v24.8.1 - https:\/\/yoast.com\/wordpress\/plugins\/seo\/ -->\n<title>BEEPER - Cross Trottinette \u00e9lectrique Tout Terrain 1000W Batterie Plomb 36V 12Ah FX1000-S - CBS Electro<\/title>\n<meta name=\"robots\" content=\"index, follow, max-snippet:-1, max-image-preview:large, max-video-preview:-1\" \/>\n<link rel=\"canonical\" href=\"https:\/\/cbs-electro.com\/index.php\/produit\/beeper-cross-trottinette-electrique-tout-terrain-1000w-batterie-plomb-36v-12ah-fx1000-s\/\" \/>\n<meta property=\"og:locale\" content=\"fr_FR\" \/>\n<meta property=\"og:type\" content=\"article\" \/>\n<meta property=\"og:title\" content=\"BEEPER - Cross Trottinette \u00e9lectrique Tout Terrain 1000W Batterie Plomb 36V 12Ah FX1000-S - CBS Electro\" \/>\n<meta property=\"og:description\" content=\"Marque BEEPER   Couleur FX1000-S   Tranche d&#039;\u00e2ge (description) Adulte   Caract\u00e9ristique sp\u00e9ciale Selle, Plateforme large   Limite de poids 120 Kilogrammes   Dimensions du produit 145L x 61l x 120H centim\u00e8tres   Nombre de roues 2   Nom de mod\u00e8le Fx1000   Mat\u00e9riau du cadre M\u00e9tal   Poids de l&#039;article 45 Kilogrammes\" \/>\n<meta property=\"og:url\" content=\"https:\/\/cbs-electro.com\/index.php\/produit\/beeper-cross-trottinette-electrique-tout-terrain-1000w-batterie-plomb-36v-12ah-fx1000-s\/\" \/>\n<meta property=\"og:site_name\" content=\"CBS Electro\" \/>\n<meta property=\"article:modified_time\" content=\"2025-03-13T06:40:01+00:00\" \/>\n<meta property=\"og:image\" content=\"https:\/\/cbs-electro.com\/wp-content\/uploads\/2023\/11\/51IxtZwihnL._AC_SL1000_.jpg\" \/>\n\t<meta property=\"og:image:width\" content=\"951\" \/>\n\t<meta property=\"og:image:height\" content=\"1000\" \/>\n\t<meta property=\"og:image:type\" content=\"image\/jpeg\" \/>\n<meta name=\"twitter:card\" content=\"summary_large_image\" \/>\n<meta name=\"twitter:label1\" content=\"Dur\u00e9e de lecture estim\u00e9e\" \/>\n\t<meta name=\"twitter:data1\" content=\"1 minute\" \/>\n<script type=\"application\/ld+json\" class=\"yoast-schema-graph\">{\"@context\":\"https:\/\/schema.org\",\"@graph\":[{\"@type\":\"WebPage\",\"@id\":\"https:\/\/cbs-electro.com\/index.php\/produit\/beeper-cross-trottinette-electrique-tout-terrain-1000w-batterie-plomb-36v-12ah-fx1000-s\/\",\"url\":\"https:\/\/cbs-electro.com\/index.php\/produit\/beeper-cross-trottinette-electrique-tout-terrain-1000w-batterie-plomb-36v-12ah-fx1000-s\/\",\"name\":\"BEEPER - Cross Trottinette \u00e9lectrique Tout Terrain 1000W Batterie Plomb 36V 12Ah FX1000-S - CBS Electro\",\"isPartOf\":{\"@id\":\"https:\/\/www.cbs-electro.com\/#website\"},\"primaryImageOfPage\":{\"@id\":\"https:\/\/cbs-electro.com\/index.php\/produit\/beeper-cross-trottinette-electrique-tout-terrain-1000w-batterie-plomb-36v-12ah-fx1000-s\/#primaryimage\"},\"image\":{\"@id\":\"https:\/\/cbs-electro.com\/index.php\/produit\/beeper-cross-trottinette-electrique-tout-terrain-1000w-batterie-plomb-36v-12ah-fx1000-s\/#primaryimage\"},\"thumbnailUrl\":\"https:\/\/cbs-electro.com\/wp-content\/uploads\/2023\/11\/51IxtZwihnL._AC_SL1000_.jpg\",\"datePublished\":\"2023-11-25T17:41:15+00:00\",\"dateModified\":\"2025-03-13T06:40:01+00:00\",\"breadcrumb\":{\"@id\":\"https:\/\/cbs-electro.com\/index.php\/produit\/beeper-cross-trottinette-electrique-tout-terrain-1000w-batterie-plomb-36v-12ah-fx1000-s\/#breadcrumb\"},\"inLanguage\":\"fr-FR\",\"potentialAction\":[{\"@type\":\"ReadAction\",\"target\":[\"https:\/\/cbs-electro.com\/index.php\/produit\/beeper-cross-trottinette-electrique-tout-terrain-1000w-batterie-plomb-36v-12ah-fx1000-s\/\"]}]},{\"@type\":\"ImageObject\",\"inLanguage\":\"fr-FR\",\"@id\":\"https:\/\/cbs-electro.com\/index.php\/produit\/beeper-cross-trottinette-electrique-tout-terrain-1000w-batterie-plomb-36v-12ah-fx1000-s\/#primaryimage\",\"url\":\"https:\/\/cbs-electro.com\/wp-content\/uploads\/2023\/11\/51IxtZwihnL._AC_SL1000_.jpg\",\"contentUrl\":\"https:\/\/cbs-electro.com\/wp-content\/uploads\/2023\/11\/51IxtZwihnL._AC_SL1000_.jpg\",\"width\":951,\"height\":1000},{\"@type\":\"BreadcrumbList\",\"@id\":\"https:\/\/cbs-electro.com\/index.php\/produit\/beeper-cross-trottinette-electrique-tout-terrain-1000w-batterie-plomb-36v-12ah-fx1000-s\/#breadcrumb\",\"itemListElement\":[{\"@type\":\"ListItem\",\"position\":1,\"name\":\"Accueil\",\"item\":\"https:\/\/www.cbs-electro.com\/\"},{\"@type\":\"ListItem\",\"position\":2,\"name\":\"Boutique\",\"item\":\"https:\/\/www.cbs-electro.com\/index.php\/boutique\/\"},{\"@type\":\"ListItem\",\"position\":3,\"name\":\"BEEPER &#8211; Cross Trottinette \u00e9lectrique Tout Terrain 1000W Batterie Plomb 36V 12Ah FX1000-S\"}]},{\"@type\":\"WebSite\",\"@id\":\"https:\/\/www.cbs-electro.com\/#website\",\"url\":\"https:\/\/www.cbs-electro.com\/\",\"name\":\"CBS Electro\",\"description\":\"Vente des produits neufs - Informatique, Smartphones, livres, jeux vid\u00e9o, photos, jouets et \u00e9lectrom\u00e9nager\",\"potentialAction\":[{\"@type\":\"SearchAction\",\"target\":{\"@type\":\"EntryPoint\",\"urlTemplate\":\"https:\/\/www.cbs-electro.com\/?s={search_term_string}\"},\"query-input\":{\"@type\":\"PropertyValueSpecification\",\"valueRequired\":true,\"valueName\":\"search_term_string\"}}],\"inLanguage\":\"fr-FR\"}]}<\/script>\n<!-- \/ Yoast SEO plugin. -->","yoast_head_json":{"title":"BEEPER - Cross Trottinette \u00e9lectrique Tout Terrain 1000W Batterie Plomb 36V 12Ah FX1000-S - CBS Electro","robots":{"index":"index","follow":"follow","max-snippet":"max-snippet:-1","max-image-preview":"max-image-preview:large","max-video-preview":"max-video-preview:-1"},"canonical":"https:\/\/cbs-electro.com\/index.php\/produit\/beeper-cross-trottinette-electrique-tout-terrain-1000w-batterie-plomb-36v-12ah-fx1000-s\/","og_locale":"fr_FR","og_type":"article","og_title":"BEEPER - Cross Trottinette \u00e9lectrique Tout Terrain 1000W Batterie Plomb 36V 12Ah FX1000-S - CBS Electro","og_description":"Marque BEEPER   Couleur FX1000-S   Tranche d'\u00e2ge (description) Adulte   Caract\u00e9ristique sp\u00e9ciale Selle, Plateforme large   Limite de poids 120 Kilogrammes   Dimensions du produit 145L x 61l x 120H centim\u00e8tres   Nombre de roues 2   Nom de mod\u00e8le Fx1000   Mat\u00e9riau du cadre M\u00e9tal   Poids de l'article 45 Kilogrammes","og_url":"https:\/\/cbs-electro.com\/index.php\/produit\/beeper-cross-trottinette-electrique-tout-terrain-1000w-batterie-plomb-36v-12ah-fx1000-s\/","og_site_name":"CBS Electro","article_modified_time":"2025-03-13T06:40:01+00:00","og_image":[{"width":951,"height":1000,"url":"https:\/\/cbs-electro.com\/wp-content\/uploads\/2023\/11\/51IxtZwihnL._AC_SL1000_.jpg","type":"image\/jpeg"}],"twitter_card":"summary_large_image","twitter_misc":{"Dur\u00e9e de lecture estim\u00e9e":"1 minute"},"schema":{"@context":"https:\/\/schema.org","@graph":[{"@type":"WebPage","@id":"https:\/\/cbs-electro.com\/index.php\/produit\/beeper-cross-trottinette-electrique-tout-terrain-1000w-batterie-plomb-36v-12ah-fx1000-s\/","url":"https:\/\/cbs-electro.com\/index.php\/produit\/beeper-cross-trottinette-electrique-tout-terrain-1000w-batterie-plomb-36v-12ah-fx1000-s\/","name":"BEEPER - Cross Trottinette \u00e9lectrique Tout Terrain 1000W Batterie Plomb 36V 12Ah FX1000-S - CBS Electro","isPartOf":{"@id":"https:\/\/www.cbs-electro.com\/#website"},"primaryImageOfPage":{"@id":"https:\/\/cbs-electro.com\/index.php\/produit\/beeper-cross-trottinette-electrique-tout-terrain-1000w-batterie-plomb-36v-12ah-fx1000-s\/#primaryimage"},"image":{"@id":"https:\/\/cbs-electro.com\/index.php\/produit\/beeper-cross-trottinette-electrique-tout-terrain-1000w-batterie-plomb-36v-12ah-fx1000-s\/#primaryimage"},"thumbnailUrl":"https:\/\/cbs-electro.com\/wp-content\/uploads\/2023\/11\/51IxtZwihnL._AC_SL1000_.jpg","datePublished":"2023-11-25T17:41:15+00:00","dateModified":"2025-03-13T06:40:01+00:00","breadcrumb":{"@id":"https:\/\/cbs-electro.com\/index.php\/produit\/beeper-cross-trottinette-electrique-tout-terrain-1000w-batterie-plomb-36v-12ah-fx1000-s\/#breadcrumb"},"inLanguage":"fr-FR","potentialAction":[{"@type":"ReadAction","target":["https:\/\/cbs-electro.com\/index.php\/produit\/beeper-cross-trottinette-electrique-tout-terrain-1000w-batterie-plomb-36v-12ah-fx1000-s\/"]}]},{"@type":"ImageObject","inLanguage":"fr-FR","@id":"https:\/\/cbs-electro.com\/index.php\/produit\/beeper-cross-trottinette-electrique-tout-terrain-1000w-batterie-plomb-36v-12ah-fx1000-s\/#primaryimage","url":"https:\/\/cbs-electro.com\/wp-content\/uploads\/2023\/11\/51IxtZwihnL._AC_SL1000_.jpg","contentUrl":"https:\/\/cbs-electro.com\/wp-content\/uploads\/2023\/11\/51IxtZwihnL._AC_SL1000_.jpg","width":951,"height":1000},{"@type":"BreadcrumbList","@id":"https:\/\/cbs-electro.com\/index.php\/produit\/beeper-cross-trottinette-electrique-tout-terrain-1000w-batterie-plomb-36v-12ah-fx1000-s\/#breadcrumb","itemListElement":[{"@type":"ListItem","position":1,"name":"Accueil","item":"https:\/\/www.cbs-electro.com\/"},{"@type":"ListItem","position":2,"name":"Boutique","item":"https:\/\/www.cbs-electro.com\/index.php\/boutique\/"},{"@type":"ListItem","position":3,"name":"BEEPER &#8211; Cross Trottinette \u00e9lectrique Tout Terrain 1000W Batterie Plomb 36V 12Ah FX1000-S"}]},{"@type":"WebSite","@id":"https:\/\/www.cbs-electro.com\/#website","url":"https:\/\/www.cbs-electro.com\/","name":"CBS Electro","description":"Vente des produits neufs - Informatique, Smartphones, livres, jeux vid\u00e9o, photos, jouets et \u00e9lectrom\u00e9nager","potentialAction":[{"@type":"SearchAction","target":{"@type":"EntryPoint","urlTemplate":"https:\/\/www.cbs-electro.com\/?s={search_term_string}"},"query-input":{"@type":"PropertyValueSpecification","valueRequired":true,"valueName":"search_term_string"}}],"inLanguage":"fr-FR"}]}},"_links":{"self":[{"href":"https:\/\/cbs-electro.com\/index.php\/wp-json\/wp\/v2\/product\/16377","targetHints":{"allow":["GET"]}}],"collection":[{"href":"https:\/\/cbs-electro.com\/index.php\/wp-json\/wp\/v2\/product"}],"about":[{"href":"https:\/\/cbs-electro.com\/index.php\/wp-json\/wp\/v2\/types\/product"}],"version-history":[{"count":1,"href":"https:\/\/cbs-electro.com\/index.php\/wp-json\/wp\/v2\/product\/16377\/revisions"}],"predecessor-version":[{"id":16379,"href":"https:\/\/cbs-electro.com\/index.php\/wp-json\/wp\/v2\/product\/16377\/revisions\/16379"}],"wp:featuredmedia":[{"embeddable":true,"href":"https:\/\/cbs-electro.com\/index.php\/wp-json\/wp\/v2\/media\/16378"}],"wp:attachment":[{"href":"https:\/\/cbs-electro.com\/index.php\/wp-json\/wp\/v2\/media?parent=16377"}],"wp:term":[{"taxonomy":"product_brand","embeddable":true,"href":"https:\/\/cbs-electro.com\/index.php\/wp-json\/wp\/v2\/product_brand?post=16377"},{"taxonomy":"product_cat","embeddable":true,"href":"https:\/\/cbs-electro.com\/index.php\/wp-json\/wp\/v2\/product_cat?post=16377"},{"taxonomy":"product_tag","embeddable":true,"href":"https:\/\/cbs-electro.com\/index.php\/wp-json\/wp\/v2\/product_tag?post=16377"}],"curies":[{"name":"wp","href":"https:\/\/api.w.org\/{rel}","templated":true}]}}