{"id":16370,"date":"2023-11-25T18:30:46","date_gmt":"2023-11-25T17:30:46","guid":{"rendered":"https:\/?post_type=product&#038;p=16370"},"modified":"2025-03-13T07:40:24","modified_gmt":"2025-03-13T06:40:24","slug":"yadea-eliteprime-x1-trottinette-electrique-adulte-alimente-par-un-moteur-1500w-autonomie-jusqua-65km-25-km-h-avec-pneus-auto-cicatrisants-de-10-pouces-triple-frein-et-suspension-30-montagne","status":"publish","type":"product","link":"https:\/\/cbs-electro.com\/index.php\/produit\/yadea-eliteprime-x1-trottinette-electrique-adulte-alimente-par-un-moteur-1500w-autonomie-jusqua-65km-25-km-h-avec-pneus-auto-cicatrisants-de-10-pouces-triple-frein-et-suspension-30-montagne\/","title":{"rendered":"Yadea ElitePrime X1 Trottinette Electrique Adulte, Aliment\u00e9 par Un Moteur 1500W, Autonomie Jusqu&rsquo;\u00e0 65km, 25 km\/h, avec Pneus Auto-cicatrisants de 10 Pouces, Triple Frein et Suspension, 30% Montagne"},"content":{"rendered":"<h1 class=\"a-size-base-plus a-text-bold\">\u00c0 propos de cet article<\/h1>\n<ul class=\"a-unordered-list a-vertical a-spacing-mini\">\n<li class=\"a-spacing-mini\"><span class=\"a-list-item\">Moteur Puissant: la puissance \u00e9lev\u00e9e de 1500W permet au scooter \u00e9lectrique Eliteprime X1 d&rsquo;acc\u00e9l\u00e9rer plus rapidement, jusqu&rsquo;\u00e0 25km\/h, de grimper plus rapidement, de maintenir une vitesse maximale m\u00eame sur 30% des pentes et de s&rsquo;adapter facilement \u00e0 diff\u00e9rentes hauteurs et surfaces accident\u00e9es. La batterie de grande capacit\u00e9 a une autonomie de 65 km sur une seule charge, charge maximale de 120 kg dans certaines conditions.<\/span><\/li>\n<li class=\"a-spacing-mini\"><span class=\"a-list-item\">Conduite Plus S\u00fbre : des pneus sous vide nano-gel auto-r\u00e9parateurs sont utilis\u00e9s pour am\u00e9liorer la r\u00e9sistance \u00e0 l&rsquo;usure et la durabilit\u00e9 des pneus. Equip\u00e9 d&rsquo;un triple syst\u00e8me de freinage (frein \u00e0 disque double effet + frein \u00e0 tambour + frein \u00e9lectronique), la s\u00e9curit\u00e9 est renforc\u00e9e ; Syst\u00e8me d&rsquo;\u00e9clairage complet et excellentes performances d&rsquo;\u00e9tanch\u00e9it\u00e9, vous pouvez conduire en toute s\u00e9curit\u00e9 m\u00eame les jours de pluie ou la nuit.<\/span><\/li>\n<li class=\"a-spacing-mini\"><span class=\"a-list-item\">Conduite Plus Confortable : le trottinette \u00e9lectrique ElitePrime X1 adopte une structure modulaire innovante d&rsquo;absorption des chocs (polym\u00e8re) pour l&rsquo;absorption des chocs, qui peut rapidement absorber diverses vibrations de la route. Avec ses p\u00e9dales larges et ses gros pneus de 10 pouces, l&rsquo;effet d&rsquo;amortissement est meilleur et l&rsquo;exp\u00e9rience de conduite est plus douce et plus confortable.<\/span><\/li>\n<li class=\"a-spacing-mini\"><span class=\"a-list-item\">Conduite Plus Intelligente : le trottinette electrique peut \u00eatre connect\u00e9 \u00e0 l&rsquo;application via Bluetooth et dispose de fonctions telles que la navigation, la protection antivol et le diagnostic \u00e0 distance. L&rsquo;\u00e9cran LED peut basculer entre quatre modes de conduite, afficher la vitesse, la puissance restante, l&rsquo;\u00e9tat du v\u00e9hicule et d&rsquo;autres informations en temps r\u00e9el, vous permettant de contr\u00f4ler facilement le scooter.<\/span><\/li>\n<li class=\"a-spacing-mini\"><span class=\"a-list-item\">Acheter Sans Risque: Yadea Eliteprime X1 scooter \u00e9lectrique a subi un contr\u00f4le de qualit\u00e9 strict avant l&rsquo;exp\u00e9dition! Nous offrons un service de r\u00e9paration gratuit pendant 2 ans \u00e0 compter de la date d&rsquo;achat. Si vous avez des questions, n&rsquo;h\u00e9sitez pas \u00e0 nous contacter.<\/span><\/li>\n<\/ul>\n<div class=\"a-row\">\n<div class=\"a-column a-span6\">\n<h1 class=\"a-size-medium a-spacing-small\">Descriptif technique<\/h1>\n<\/div>\n<\/div>\n<div class=\"a-expander-content a-expander-extend-content\" aria-expanded=\"true\">\n<div class=\"a-row a-expander-container a-expander-inline-container\">\n<div class=\"a-expander-content a-expander-section-content a-section-expander-inner\" aria-expanded=\"true\">\n<table id=\"productDetails_techSpec_section_1\" class=\"a-keyvalue prodDetTable\" role=\"presentation\">\n<tbody>\n<tr>\n<th class=\"a-color-secondary a-size-base prodDetSectionEntry\">Tranche d&rsquo;\u00e2ge<\/th>\n<td class=\"a-size-base prodDetAttrValue\">\u200eAdulte<\/td>\n<\/tr>\n<tr>\n<th class=\"a-color-secondary a-size-base prodDetSectionEntry\">Couleur<\/th>\n<td class=\"a-size-base prodDetAttrValue\">\u200eGris<\/td>\n<\/tr>\n<tr>\n<th class=\"a-color-secondary a-size-base prodDetSectionEntry\">Taille<\/th>\n<td class=\"a-size-base prodDetAttrValue\">\u200e1220*585*1310mm<\/td>\n<\/tr>\n<tr>\n<th class=\"a-color-secondary a-size-base prodDetSectionEntry\">Taille de l&rsquo;\u00e9cran<\/th>\n<td class=\"a-size-base prodDetAttrValue\">\u200e10 Pouces<\/td>\n<\/tr>\n<tr>\n<th class=\"a-color-secondary a-size-base prodDetSectionEntry\">Poids<\/th>\n<td class=\"a-size-base prodDetAttrValue\">\u200e29 Kilogrammes<\/td>\n<\/tr>\n<tr>\n<th class=\"a-color-secondary a-size-base prodDetSectionEntry\">Type de mat\u00e9riau<\/th>\n<td class=\"a-size-base prodDetAttrValue\">\u200eAluminium<\/td>\n<\/tr>\n<tr>\n<th class=\"a-color-secondary a-size-base prodDetSectionEntry\">Fonctionnalit\u00e9s<\/th>\n<td class=\"a-size-base prodDetAttrValue\">\u200ePlateforme large<\/td>\n<\/tr>\n<tr>\n<th class=\"a-color-secondary a-size-base prodDetSectionEntry\">Marque<\/th>\n<td class=\"a-size-base prodDetAttrValue\">\u200eYADEA<\/td>\n<\/tr>\n<tr>\n<th class=\"a-color-secondary a-size-base prodDetSectionEntry\">Capacit\u00e9 maximale de poids<\/th>\n<td class=\"a-size-base prodDetAttrValue\">\u200e120 Kilogrammes<\/td>\n<\/tr>\n<tr>\n<th class=\"a-color-secondary a-size-base prodDetSectionEntry\">Fabricant<\/th>\n<td class=\"a-size-base prodDetAttrValue\">\u200eYADEA<\/td>\n<\/tr>\n<tr>\n<th class=\"a-color-secondary a-size-base prodDetSectionEntry\">Num\u00e9ro du mod\u00e8le de l&rsquo;article<\/th>\n<td class=\"a-size-base prodDetAttrValue\">\u200eElitePrime X1<\/td>\n<\/tr>\n<tr>\n<th class=\"a-color-secondary a-size-base prodDetSectionEntry\">Dimensions du produit (L x l x h)<\/th>\n<td class=\"a-size-base prodDetAttrValue\">\u200e123 x 58 x 134 cm; 29 kilogrammes<\/td>\n<\/tr>\n<tr>\n<th class=\"a-color-secondary a-size-base prodDetSectionEntry\">ASIN<\/th>\n<td class=\"a-size-base prodDetAttrValue\">\u200eB0CGX5F8FL<\/td>\n<\/tr>\n<\/tbody>\n<\/table>\n<\/div>\n<\/div>\n<\/div>\n","protected":false},"excerpt":{"rendered":"<div id=\"twister_feature_div\" class=\"celwidget\" data-feature-name=\"twister\" data-csa-c-type=\"widget\" data-csa-c-content-id=\"twister\" data-csa-c-slot-id=\"twister_feature_div\" data-csa-c-asin=\"B0CGX5F8FL\" data-csa-c-is-in-initial-active-row=\"false\" data-cel-widget=\"twister_feature_div\" data-csa-c-id=\"w5kwun-wdvq55-1umq64-uhzozj\">\n<div id=\"twisterContainer\" class=\"addTwisterMargin\" data-csa-c-content-id=\"twisterContainer\" data-csa-c-type=\"slot\" data-csa-c-slot-id=\"twisterContainer\" data-csa-c-id=\"o21v9m-353ex7-wyyxex-ie7nnm\">\n<div class=\"a-section\">\n<form id=\"twister\" class=\"a-spacing-small\" action=\"https:\/\/www.amazon.fr\/gp\/product\" method=\"get\">\n<div id=\"variation_color_name\" class=\"a-section a-spacing-small\">\n<div class=\"a-row a-spacing-micro singleton\"><label class=\"a-form-label\">Couleur:\u00a0<\/label><span class=\"selection\">Gris<\/span><\/div>\n<\/div>\n<\/form>\n<\/div>\n<\/div>\n<\/div>\n<div id=\"valueAdds_feature_div\" class=\"celwidget\" data-feature-name=\"valueAdds\" data-csa-c-type=\"widget\" data-csa-c-content-id=\"valueAdds\" data-csa-c-slot-id=\"valueAdds_feature_div\" data-csa-c-asin=\"B0CGX5F8FL\" data-csa-c-is-in-initial-active-row=\"false\" data-cel-widget=\"valueAdds_feature_div\" data-csa-c-id=\"z1grhl-6fb18r-87nfh1-ncxoaq\"><\/div>\n<div id=\"veryHighValueMessage_feature_div\" class=\"celwidget\" data-feature-name=\"veryHighValueMessage\" data-csa-c-type=\"widget\" data-csa-c-content-id=\"veryHighValueMessage\" data-csa-c-slot-id=\"veryHighValueMessage_feature_div\" data-csa-c-asin=\"B0CGX5F8FL\" data-csa-c-is-in-initial-active-row=\"false\" data-cel-widget=\"veryHighValueMessage_feature_div\" data-csa-c-id=\"80buek-cl5rue-pncpgb-aelk60\"><\/div>\n<div id=\"clickToContact_feature_div\" class=\"celwidget\" data-feature-name=\"clickToContact\" data-csa-c-type=\"widget\" data-csa-c-content-id=\"clickToContact\" data-csa-c-slot-id=\"clickToContact_feature_div\" data-csa-c-asin=\"B0CGX5F8FL\" data-csa-c-is-in-initial-active-row=\"false\" data-cel-widget=\"clickToContact_feature_div\" data-csa-c-id=\"tcnh0f-3jwznk-mwt574-vety1s\"><\/div>\n<div id=\"smartHomeWidget_feature_div\" class=\"celwidget\" data-feature-name=\"smartHomeWidget\" data-csa-c-type=\"widget\" data-csa-c-content-id=\"smartHomeWidget\" data-csa-c-slot-id=\"smartHomeWidget_feature_div\" data-csa-c-asin=\"B0CGX5F8FL\" data-csa-c-is-in-initial-active-row=\"false\" data-cel-widget=\"smartHomeWidget_feature_div\" data-csa-c-id=\"z67b05-mer7cn-e8ppl1-wtgqaz\"><\/div>\n<div id=\"renewedProgramDescriptionAtf_feature_div\" class=\"celwidget\" data-feature-name=\"renewedProgramDescriptionAtf\" data-csa-c-type=\"widget\" data-csa-c-content-id=\"renewedProgramDescriptionAtf\" data-csa-c-slot-id=\"renewedProgramDescriptionAtf_feature_div\" data-csa-c-asin=\"B0CGX5F8FL\" data-csa-c-is-in-initial-active-row=\"false\" data-cel-widget=\"renewedProgramDescriptionAtf_feature_div\" data-csa-c-id=\"3kgjgz-d7pnl5-cu2jo9-2iwe8h\"><\/div>\n<div id=\"twisterPlusWWDesktop\" class=\"celwidget\" data-feature-name=\"twisterPlusWWDesktop\" data-csa-c-type=\"widget\" data-csa-c-content-id=\"twisterPlusWWDesktop\" data-csa-c-slot-id=\"twisterPlusWWDesktop\" data-csa-c-asin=\"B0CGX5F8FL\" data-csa-c-is-in-initial-active-row=\"false\" data-cel-widget=\"twisterPlusWWDesktop\" data-csa-c-id=\"eqw8pw-oe2oyf-piph10-her8gq\"><\/div>\n<div id=\"productOverview_feature_div\" class=\"celwidget\" data-feature-name=\"productOverview\" data-csa-c-type=\"widget\" data-csa-c-content-id=\"productOverview\" data-csa-c-slot-id=\"productOverview_feature_div\" data-csa-c-asin=\"B0CGX5F8FL\" data-csa-c-is-in-initial-active-row=\"false\" data-cel-widget=\"productOverview_feature_div\" data-csa-c-id=\"sblkvs-umaezx-ndo9tj-2i0u3s\">\n<div id=\"poExpander\" class=\"a-expander-collapsed-height a-row a-expander-container a-spacing-none a-expander-partial-collapse-container\" data-a-expander-name=\"product_overview\" data-a-expander-collapsed-height=\"210\">\n<div class=\"a-expander-content a-expander-partial-collapse-content a-expander-content-expanded\" aria-expanded=\"true\">\n<div class=\"a-section a-spacing-small a-spacing-top-small\">\n<table class=\"a-normal a-spacing-micro\">\n<tbody>\n<tr class=\"a-spacing-small po-brand\">\n<td class=\"a-span3\"><span class=\"a-size-base a-text-bold\">Marque<\/span><\/td>\n<td class=\"a-span9\"><span class=\"a-size-base po-break-word\">YADEA<\/span><\/td>\n<\/tr>\n<tr class=\"a-spacing-small po-color\">\n<td class=\"a-span3\"><span class=\"a-size-base a-text-bold\">Couleur<\/span><\/td>\n<td class=\"a-span9\"><span class=\"a-size-base po-break-word\">Gris<\/span><\/td>\n<\/tr>\n<tr class=\"a-spacing-small po-age_range_description\">\n<td class=\"a-span3\"><span class=\"a-size-base a-text-bold\">Tranche d&rsquo;\u00e2ge (description)<\/span><\/td>\n<td class=\"a-span9\"><span class=\"a-size-base po-break-word\">Adulte<\/span><\/td>\n<\/tr>\n<tr class=\"a-spacing-small po-special_feature\">\n<td class=\"a-span3\"><span class=\"a-size-base a-text-bold\">Caract\u00e9ristique sp\u00e9ciale<\/span><\/td>\n<td class=\"a-span9\"><span class=\"a-size-base po-break-word\">Plateforme large<\/span><\/td>\n<\/tr>\n<tr class=\"a-spacing-small po-weight_capacity.maximum\">\n<td class=\"a-span3\"><span class=\"a-size-base a-text-bold\">Limite de poids<\/span><\/td>\n<td class=\"a-span9\"><span class=\"a-size-base po-break-word\">120 Kilogrammes<\/span><\/td>\n<\/tr>\n<tr class=\"a-spacing-small po-item_length_width_height\">\n<td class=\"a-span3\"><span class=\"a-size-base a-text-bold\">Dimensions du produit<\/span><\/td>\n<td class=\"a-span9\"><span class=\"a-size-base po-break-word\">123L x 58l x 134H centim\u00e8tres<\/span><\/td>\n<\/tr>\n<tr class=\"a-spacing-small po-number_of_wheels\">\n<td class=\"a-span3\"><span class=\"a-size-base a-text-bold\">Nombre de roues<\/span><\/td>\n<td class=\"a-span9\"><span class=\"a-size-base po-break-word\">2<\/span><\/td>\n<\/tr>\n<tr class=\"a-spacing-small po-model_name\">\n<td class=\"a-span3\"><span class=\"a-size-base a-text-bold\">Nom de mod\u00e8le<\/span><\/td>\n<td class=\"a-span9\"><span class=\"a-size-base po-break-word\">Eliteprime X1<\/span><\/td>\n<\/tr>\n<tr class=\"a-spacing-small po-item_weight\">\n<td class=\"a-span3\"><span class=\"a-size-base a-text-bold\">Poids de l&rsquo;article<\/span><\/td>\n<td class=\"a-span9\"><span class=\"a-size-base po-break-word\">29 Kilogrammes<\/span><\/td>\n<\/tr>\n<tr class=\"a-spacing-small po-handlebar_type\">\n<td class=\"a-span3\"><span class=\"a-size-base a-text-bold\">Type de guidon<\/span><\/td>\n<td class=\"a-span9\"><span class=\"a-size-base po-break-word\">Fixe<\/span><\/td>\n<\/tr>\n<\/tbody>\n<\/table>\n<\/div>\n<\/div>\n<\/div>\n<\/div>\n","protected":false},"featured_media":16375,"template":"","meta":[],"product_brand":[],"product_cat":[77,223],"product_tag":[],"class_list":{"0":"post-16370","1":"product","2":"type-product","3":"status-publish","4":"has-post-thumbnail","6":"product_cat-sports-loisirs","7":"product_cat-trotinette","9":"first","10":"instock","11":"taxable","12":"shipping-taxable","13":"purchasable","14":"product-type-simple"},"yoast_head":"<!-- This site is optimized with the Yoast SEO plugin v24.8.1 - https:\/\/yoast.com\/wordpress\/plugins\/seo\/ -->\n<title>Yadea ElitePrime X1 Trottinette Electrique Adulte, Aliment\u00e9 par Un Moteur 1500W, Autonomie Jusqu&#039;\u00e0 65km, 25 km\/h, avec Pneus Auto-cicatrisants de 10 Pouces, Triple Frein et Suspension, 30% Montagne - CBS Electro<\/title>\n<meta name=\"robots\" content=\"index, follow, max-snippet:-1, max-image-preview:large, max-video-preview:-1\" \/>\n<link rel=\"canonical\" href=\"https:\/\/cbs-electro.com\/index.php\/produit\/yadea-eliteprime-x1-trottinette-electrique-adulte-alimente-par-un-moteur-1500w-autonomie-jusqua-65km-25-km-h-avec-pneus-auto-cicatrisants-de-10-pouces-triple-frein-et-suspension-30-montagne\/\" \/>\n<meta property=\"og:locale\" content=\"fr_FR\" \/>\n<meta property=\"og:type\" content=\"article\" \/>\n<meta property=\"og:title\" content=\"Yadea ElitePrime X1 Trottinette Electrique Adulte, Aliment\u00e9 par Un Moteur 1500W, Autonomie Jusqu&#039;\u00e0 65km, 25 km\/h, avec Pneus Auto-cicatrisants de 10 Pouces, Triple Frein et Suspension, 30% Montagne - CBS Electro\" \/>\n<meta property=\"og:description\" content=\"Couleur:\u00a0Gris                  Marque YADEA   Couleur Gris   Tranche d&#039;\u00e2ge (description) Adulte   Caract\u00e9ristique sp\u00e9ciale Plateforme large   Limite de poids 120 Kilogrammes   Dimensions du produit 123L x 58l x 134H centim\u00e8tres   Nombre de roues 2   Nom de mod\u00e8le Eliteprime X1   Poids de l&#039;article 29 Kilogrammes   Type de guidon Fixe\" \/>\n<meta property=\"og:url\" content=\"https:\/\/cbs-electro.com\/index.php\/produit\/yadea-eliteprime-x1-trottinette-electrique-adulte-alimente-par-un-moteur-1500w-autonomie-jusqua-65km-25-km-h-avec-pneus-auto-cicatrisants-de-10-pouces-triple-frein-et-suspension-30-montagne\/\" \/>\n<meta property=\"og:site_name\" content=\"CBS Electro\" \/>\n<meta property=\"article:modified_time\" content=\"2025-03-13T06:40:24+00:00\" \/>\n<meta property=\"og:image\" content=\"https:\/\/cbs-electro.com\/wp-content\/uploads\/2023\/11\/61GXiY9ol7L._AC_SL1500_.jpg\" \/>\n\t<meta property=\"og:image:width\" content=\"1158\" \/>\n\t<meta property=\"og:image:height\" content=\"1316\" \/>\n\t<meta property=\"og:image:type\" content=\"image\/jpeg\" \/>\n<meta name=\"twitter:card\" content=\"summary_large_image\" \/>\n<meta name=\"twitter:label1\" content=\"Dur\u00e9e de lecture estim\u00e9e\" \/>\n\t<meta name=\"twitter:data1\" content=\"2 minutes\" \/>\n<script type=\"application\/ld+json\" class=\"yoast-schema-graph\">{\"@context\":\"https:\/\/schema.org\",\"@graph\":[{\"@type\":\"WebPage\",\"@id\":\"https:\/\/cbs-electro.com\/index.php\/produit\/yadea-eliteprime-x1-trottinette-electrique-adulte-alimente-par-un-moteur-1500w-autonomie-jusqua-65km-25-km-h-avec-pneus-auto-cicatrisants-de-10-pouces-triple-frein-et-suspension-30-montagne\/\",\"url\":\"https:\/\/cbs-electro.com\/index.php\/produit\/yadea-eliteprime-x1-trottinette-electrique-adulte-alimente-par-un-moteur-1500w-autonomie-jusqua-65km-25-km-h-avec-pneus-auto-cicatrisants-de-10-pouces-triple-frein-et-suspension-30-montagne\/\",\"name\":\"Yadea ElitePrime X1 Trottinette Electrique Adulte, Aliment\u00e9 par Un Moteur 1500W, Autonomie Jusqu'\u00e0 65km, 25 km\/h, avec Pneus Auto-cicatrisants de 10 Pouces, Triple Frein et Suspension, 30% Montagne - CBS Electro\",\"isPartOf\":{\"@id\":\"https:\/\/www.cbs-electro.com\/#website\"},\"primaryImageOfPage\":{\"@id\":\"https:\/\/cbs-electro.com\/index.php\/produit\/yadea-eliteprime-x1-trottinette-electrique-adulte-alimente-par-un-moteur-1500w-autonomie-jusqua-65km-25-km-h-avec-pneus-auto-cicatrisants-de-10-pouces-triple-frein-et-suspension-30-montagne\/#primaryimage\"},\"image\":{\"@id\":\"https:\/\/cbs-electro.com\/index.php\/produit\/yadea-eliteprime-x1-trottinette-electrique-adulte-alimente-par-un-moteur-1500w-autonomie-jusqua-65km-25-km-h-avec-pneus-auto-cicatrisants-de-10-pouces-triple-frein-et-suspension-30-montagne\/#primaryimage\"},\"thumbnailUrl\":\"https:\/\/cbs-electro.com\/wp-content\/uploads\/2023\/11\/61GXiY9ol7L._AC_SL1500_.jpg\",\"datePublished\":\"2023-11-25T17:30:46+00:00\",\"dateModified\":\"2025-03-13T06:40:24+00:00\",\"breadcrumb\":{\"@id\":\"https:\/\/cbs-electro.com\/index.php\/produit\/yadea-eliteprime-x1-trottinette-electrique-adulte-alimente-par-un-moteur-1500w-autonomie-jusqua-65km-25-km-h-avec-pneus-auto-cicatrisants-de-10-pouces-triple-frein-et-suspension-30-montagne\/#breadcrumb\"},\"inLanguage\":\"fr-FR\",\"potentialAction\":[{\"@type\":\"ReadAction\",\"target\":[\"https:\/\/cbs-electro.com\/index.php\/produit\/yadea-eliteprime-x1-trottinette-electrique-adulte-alimente-par-un-moteur-1500w-autonomie-jusqua-65km-25-km-h-avec-pneus-auto-cicatrisants-de-10-pouces-triple-frein-et-suspension-30-montagne\/\"]}]},{\"@type\":\"ImageObject\",\"inLanguage\":\"fr-FR\",\"@id\":\"https:\/\/cbs-electro.com\/index.php\/produit\/yadea-eliteprime-x1-trottinette-electrique-adulte-alimente-par-un-moteur-1500w-autonomie-jusqua-65km-25-km-h-avec-pneus-auto-cicatrisants-de-10-pouces-triple-frein-et-suspension-30-montagne\/#primaryimage\",\"url\":\"https:\/\/cbs-electro.com\/wp-content\/uploads\/2023\/11\/61GXiY9ol7L._AC_SL1500_.jpg\",\"contentUrl\":\"https:\/\/cbs-electro.com\/wp-content\/uploads\/2023\/11\/61GXiY9ol7L._AC_SL1500_.jpg\",\"width\":1158,\"height\":1316},{\"@type\":\"BreadcrumbList\",\"@id\":\"https:\/\/cbs-electro.com\/index.php\/produit\/yadea-eliteprime-x1-trottinette-electrique-adulte-alimente-par-un-moteur-1500w-autonomie-jusqua-65km-25-km-h-avec-pneus-auto-cicatrisants-de-10-pouces-triple-frein-et-suspension-30-montagne\/#breadcrumb\",\"itemListElement\":[{\"@type\":\"ListItem\",\"position\":1,\"name\":\"Accueil\",\"item\":\"https:\/\/www.cbs-electro.com\/\"},{\"@type\":\"ListItem\",\"position\":2,\"name\":\"Boutique\",\"item\":\"https:\/\/www.cbs-electro.com\/index.php\/boutique\/\"},{\"@type\":\"ListItem\",\"position\":3,\"name\":\"Yadea ElitePrime X1 Trottinette Electrique Adulte, Aliment\u00e9 par Un Moteur 1500W, Autonomie Jusqu&rsquo;\u00e0 65km, 25 km\/h, avec Pneus Auto-cicatrisants de 10 Pouces, Triple Frein et Suspension, 30% Montagne\"}]},{\"@type\":\"WebSite\",\"@id\":\"https:\/\/www.cbs-electro.com\/#website\",\"url\":\"https:\/\/www.cbs-electro.com\/\",\"name\":\"CBS Electro\",\"description\":\"Vente des produits neufs - Informatique, Smartphones, livres, jeux vid\u00e9o, photos, jouets et \u00e9lectrom\u00e9nager\",\"potentialAction\":[{\"@type\":\"SearchAction\",\"target\":{\"@type\":\"EntryPoint\",\"urlTemplate\":\"https:\/\/www.cbs-electro.com\/?s={search_term_string}\"},\"query-input\":{\"@type\":\"PropertyValueSpecification\",\"valueRequired\":true,\"valueName\":\"search_term_string\"}}],\"inLanguage\":\"fr-FR\"}]}<\/script>\n<!-- \/ Yoast SEO plugin. -->","yoast_head_json":{"title":"Yadea ElitePrime X1 Trottinette Electrique Adulte, Aliment\u00e9 par Un Moteur 1500W, Autonomie Jusqu'\u00e0 65km, 25 km\/h, avec Pneus Auto-cicatrisants de 10 Pouces, Triple Frein et Suspension, 30% Montagne - CBS Electro","robots":{"index":"index","follow":"follow","max-snippet":"max-snippet:-1","max-image-preview":"max-image-preview:large","max-video-preview":"max-video-preview:-1"},"canonical":"https:\/\/cbs-electro.com\/index.php\/produit\/yadea-eliteprime-x1-trottinette-electrique-adulte-alimente-par-un-moteur-1500w-autonomie-jusqua-65km-25-km-h-avec-pneus-auto-cicatrisants-de-10-pouces-triple-frein-et-suspension-30-montagne\/","og_locale":"fr_FR","og_type":"article","og_title":"Yadea ElitePrime X1 Trottinette Electrique Adulte, Aliment\u00e9 par Un Moteur 1500W, Autonomie Jusqu'\u00e0 65km, 25 km\/h, avec Pneus Auto-cicatrisants de 10 Pouces, Triple Frein et Suspension, 30% Montagne - CBS Electro","og_description":"Couleur:\u00a0Gris                  Marque YADEA   Couleur Gris   Tranche d'\u00e2ge (description) Adulte   Caract\u00e9ristique sp\u00e9ciale Plateforme large   Limite de poids 120 Kilogrammes   Dimensions du produit 123L x 58l x 134H centim\u00e8tres   Nombre de roues 2   Nom de mod\u00e8le Eliteprime X1   Poids de l'article 29 Kilogrammes   Type de guidon Fixe","og_url":"https:\/\/cbs-electro.com\/index.php\/produit\/yadea-eliteprime-x1-trottinette-electrique-adulte-alimente-par-un-moteur-1500w-autonomie-jusqua-65km-25-km-h-avec-pneus-auto-cicatrisants-de-10-pouces-triple-frein-et-suspension-30-montagne\/","og_site_name":"CBS Electro","article_modified_time":"2025-03-13T06:40:24+00:00","og_image":[{"width":1158,"height":1316,"url":"https:\/\/cbs-electro.com\/wp-content\/uploads\/2023\/11\/61GXiY9ol7L._AC_SL1500_.jpg","type":"image\/jpeg"}],"twitter_card":"summary_large_image","twitter_misc":{"Dur\u00e9e de lecture estim\u00e9e":"2 minutes"},"schema":{"@context":"https:\/\/schema.org","@graph":[{"@type":"WebPage","@id":"https:\/\/cbs-electro.com\/index.php\/produit\/yadea-eliteprime-x1-trottinette-electrique-adulte-alimente-par-un-moteur-1500w-autonomie-jusqua-65km-25-km-h-avec-pneus-auto-cicatrisants-de-10-pouces-triple-frein-et-suspension-30-montagne\/","url":"https:\/\/cbs-electro.com\/index.php\/produit\/yadea-eliteprime-x1-trottinette-electrique-adulte-alimente-par-un-moteur-1500w-autonomie-jusqua-65km-25-km-h-avec-pneus-auto-cicatrisants-de-10-pouces-triple-frein-et-suspension-30-montagne\/","name":"Yadea ElitePrime X1 Trottinette Electrique Adulte, Aliment\u00e9 par Un Moteur 1500W, Autonomie Jusqu'\u00e0 65km, 25 km\/h, avec Pneus Auto-cicatrisants de 10 Pouces, Triple Frein et Suspension, 30% Montagne - CBS Electro","isPartOf":{"@id":"https:\/\/www.cbs-electro.com\/#website"},"primaryImageOfPage":{"@id":"https:\/\/cbs-electro.com\/index.php\/produit\/yadea-eliteprime-x1-trottinette-electrique-adulte-alimente-par-un-moteur-1500w-autonomie-jusqua-65km-25-km-h-avec-pneus-auto-cicatrisants-de-10-pouces-triple-frein-et-suspension-30-montagne\/#primaryimage"},"image":{"@id":"https:\/\/cbs-electro.com\/index.php\/produit\/yadea-eliteprime-x1-trottinette-electrique-adulte-alimente-par-un-moteur-1500w-autonomie-jusqua-65km-25-km-h-avec-pneus-auto-cicatrisants-de-10-pouces-triple-frein-et-suspension-30-montagne\/#primaryimage"},"thumbnailUrl":"https:\/\/cbs-electro.com\/wp-content\/uploads\/2023\/11\/61GXiY9ol7L._AC_SL1500_.jpg","datePublished":"2023-11-25T17:30:46+00:00","dateModified":"2025-03-13T06:40:24+00:00","breadcrumb":{"@id":"https:\/\/cbs-electro.com\/index.php\/produit\/yadea-eliteprime-x1-trottinette-electrique-adulte-alimente-par-un-moteur-1500w-autonomie-jusqua-65km-25-km-h-avec-pneus-auto-cicatrisants-de-10-pouces-triple-frein-et-suspension-30-montagne\/#breadcrumb"},"inLanguage":"fr-FR","potentialAction":[{"@type":"ReadAction","target":["https:\/\/cbs-electro.com\/index.php\/produit\/yadea-eliteprime-x1-trottinette-electrique-adulte-alimente-par-un-moteur-1500w-autonomie-jusqua-65km-25-km-h-avec-pneus-auto-cicatrisants-de-10-pouces-triple-frein-et-suspension-30-montagne\/"]}]},{"@type":"ImageObject","inLanguage":"fr-FR","@id":"https:\/\/cbs-electro.com\/index.php\/produit\/yadea-eliteprime-x1-trottinette-electrique-adulte-alimente-par-un-moteur-1500w-autonomie-jusqua-65km-25-km-h-avec-pneus-auto-cicatrisants-de-10-pouces-triple-frein-et-suspension-30-montagne\/#primaryimage","url":"https:\/\/cbs-electro.com\/wp-content\/uploads\/2023\/11\/61GXiY9ol7L._AC_SL1500_.jpg","contentUrl":"https:\/\/cbs-electro.com\/wp-content\/uploads\/2023\/11\/61GXiY9ol7L._AC_SL1500_.jpg","width":1158,"height":1316},{"@type":"BreadcrumbList","@id":"https:\/\/cbs-electro.com\/index.php\/produit\/yadea-eliteprime-x1-trottinette-electrique-adulte-alimente-par-un-moteur-1500w-autonomie-jusqua-65km-25-km-h-avec-pneus-auto-cicatrisants-de-10-pouces-triple-frein-et-suspension-30-montagne\/#breadcrumb","itemListElement":[{"@type":"ListItem","position":1,"name":"Accueil","item":"https:\/\/www.cbs-electro.com\/"},{"@type":"ListItem","position":2,"name":"Boutique","item":"https:\/\/www.cbs-electro.com\/index.php\/boutique\/"},{"@type":"ListItem","position":3,"name":"Yadea ElitePrime X1 Trottinette Electrique Adulte, Aliment\u00e9 par Un Moteur 1500W, Autonomie Jusqu&rsquo;\u00e0 65km, 25 km\/h, avec Pneus Auto-cicatrisants de 10 Pouces, Triple Frein et Suspension, 30% Montagne"}]},{"@type":"WebSite","@id":"https:\/\/www.cbs-electro.com\/#website","url":"https:\/\/www.cbs-electro.com\/","name":"CBS Electro","description":"Vente des produits neufs - Informatique, Smartphones, livres, jeux vid\u00e9o, photos, jouets et \u00e9lectrom\u00e9nager","potentialAction":[{"@type":"SearchAction","target":{"@type":"EntryPoint","urlTemplate":"https:\/\/www.cbs-electro.com\/?s={search_term_string}"},"query-input":{"@type":"PropertyValueSpecification","valueRequired":true,"valueName":"search_term_string"}}],"inLanguage":"fr-FR"}]}},"_links":{"self":[{"href":"https:\/\/cbs-electro.com\/index.php\/wp-json\/wp\/v2\/product\/16370","targetHints":{"allow":["GET"]}}],"collection":[{"href":"https:\/\/cbs-electro.com\/index.php\/wp-json\/wp\/v2\/product"}],"about":[{"href":"https:\/\/cbs-electro.com\/index.php\/wp-json\/wp\/v2\/types\/product"}],"version-history":[{"count":1,"href":"https:\/\/cbs-electro.com\/index.php\/wp-json\/wp\/v2\/product\/16370\/revisions"}],"predecessor-version":[{"id":16376,"href":"https:\/\/cbs-electro.com\/index.php\/wp-json\/wp\/v2\/product\/16370\/revisions\/16376"}],"wp:featuredmedia":[{"embeddable":true,"href":"https:\/\/cbs-electro.com\/index.php\/wp-json\/wp\/v2\/media\/16375"}],"wp:attachment":[{"href":"https:\/\/cbs-electro.com\/index.php\/wp-json\/wp\/v2\/media?parent=16370"}],"wp:term":[{"taxonomy":"product_brand","embeddable":true,"href":"https:\/\/cbs-electro.com\/index.php\/wp-json\/wp\/v2\/product_brand?post=16370"},{"taxonomy":"product_cat","embeddable":true,"href":"https:\/\/cbs-electro.com\/index.php\/wp-json\/wp\/v2\/product_cat?post=16370"},{"taxonomy":"product_tag","embeddable":true,"href":"https:\/\/cbs-electro.com\/index.php\/wp-json\/wp\/v2\/product_tag?post=16370"}],"curies":[{"name":"wp","href":"https:\/\/api.w.org\/{rel}","templated":true}]}}