{"id":16354,"date":"2023-11-25T16:30:42","date_gmt":"2023-11-25T15:30:42","guid":{"rendered":"https:\/?post_type=product&#038;p=16354"},"modified":"2025-03-13T07:41:20","modified_gmt":"2025-03-13T06:41:20","slug":"segway-ninebot-trottinette-electrique-modele-max-g2-e-pour-adultes-vitesse-maximale-de-25-km-h-autonomie-de-70-km-double-systeme-de-freinage","status":"publish","type":"product","link":"https:\/\/cbs-electro.com\/index.php\/produit\/segway-ninebot-trottinette-electrique-modele-max-g2-e-pour-adultes-vitesse-maximale-de-25-km-h-autonomie-de-70-km-double-systeme-de-freinage\/","title":{"rendered":"Segway-Ninebot, Trottinette \u00e9lectrique, mod\u00e8le Max G2 E pour Adultes, Vitesse maximale de 25 km\/h, autonomie de 70 km, Double syst\u00e8me de freinage"},"content":{"rendered":"<h1 class=\"a-size-base-plus a-text-bold\">\u00c0 propos de cet article<\/h1>\n<ul class=\"a-unordered-list a-vertical a-spacing-mini\">\n<li class=\"a-spacing-mini\"><span class=\"a-list-item\">Autonomie jusqu&rsquo;\u00e0 70 km<\/span><\/li>\n<li class=\"a-spacing-mini\"><span class=\"a-list-item\">Amortissement avant hydraulique et arri\u00e8re \u00e0 double ressort<\/span><\/li>\n<li class=\"a-spacing-mini\"><span class=\"a-list-item\">Roues 10\u00a0\u00bb tubeless autocicatrisants<\/span><\/li>\n<li class=\"a-spacing-mini\"><span class=\"a-list-item\">TCS (Traction Control System)<\/span><\/li>\n<li class=\"a-spacing-mini\"><span class=\"a-list-item\">Bluetooth et Fonction Localiser Apple Find My<\/span><\/li>\n<\/ul>\n<div class=\"a-row\">\n<div class=\"a-column a-span6\">\n<h1 class=\"a-size-medium a-spacing-small\">Descriptif technique<\/h1>\n<\/div>\n<\/div>\n<div class=\"a-expander-content a-expander-extend-content\" aria-expanded=\"true\">\n<div class=\"a-row a-expander-container a-expander-inline-container\">\n<div class=\"a-expander-content a-expander-section-content a-section-expander-inner\" aria-expanded=\"true\">\n<table id=\"productDetails_techSpec_section_1\" class=\"a-keyvalue prodDetTable\" role=\"presentation\">\n<tbody>\n<tr>\n<th class=\"a-color-secondary a-size-base prodDetSectionEntry\">Tranche d&rsquo;\u00e2ge<\/th>\n<td class=\"a-size-base prodDetAttrValue\">\u200eAdulte<\/td>\n<\/tr>\n<tr>\n<th class=\"a-color-secondary a-size-base prodDetSectionEntry\">Type de frein<\/th>\n<td class=\"a-size-base prodDetAttrValue\">\u200eFrein avant \u00e0 tambour et frein arri\u00e8re \u00e9lectronique<\/td>\n<\/tr>\n<tr>\n<th class=\"a-color-secondary a-size-base prodDetSectionEntry\">Couleur<\/th>\n<td class=\"a-size-base prodDetAttrValue\">\u200eGris<\/td>\n<\/tr>\n<tr>\n<th class=\"a-color-secondary a-size-base prodDetSectionEntry\">Taille<\/th>\n<td class=\"a-size-base prodDetAttrValue\">\u200eAdulte<\/td>\n<\/tr>\n<tr>\n<th class=\"a-color-secondary a-size-base prodDetSectionEntry\">Mat\u00e9riau du cadre<\/th>\n<td class=\"a-size-base prodDetAttrValue\">\u200eAcier alli\u00e9<\/td>\n<\/tr>\n<tr>\n<th class=\"a-color-secondary a-size-base prodDetSectionEntry\">Type de mat\u00e9riau<\/th>\n<td class=\"a-size-base prodDetAttrValue\">\u200eAcier inoxydable<\/td>\n<\/tr>\n<tr>\n<th class=\"a-color-secondary a-size-base prodDetSectionEntry\">Fonctionnalit\u00e9s<\/th>\n<td class=\"a-size-base prodDetAttrValue\">\u200ePlateforme large, Affichage num\u00e9rique, Pliable, Syst\u00e8me de freinage double, Pneu anti-crevaison, Rechargeable<\/td>\n<\/tr>\n<tr>\n<th class=\"a-color-secondary a-size-base prodDetSectionEntry\">Suspension<\/th>\n<td class=\"a-size-base prodDetAttrValue\">\u200eSuspension totale<\/td>\n<\/tr>\n<tr>\n<th class=\"a-color-secondary a-size-base prodDetSectionEntry\">Taille de la roue<\/th>\n<td class=\"a-size-base prodDetAttrValue\">\u200e10 Pouces<\/td>\n<\/tr>\n<tr>\n<th class=\"a-color-secondary a-size-base prodDetSectionEntry\">Composants inclus<\/th>\n<td class=\"a-size-base prodDetAttrValue\">\u200ecl\u00e9 de serrage, cordon d&rsquo;alimentation, Extension tige de soupape, vis<\/td>\n<\/tr>\n<tr>\n<th class=\"a-color-secondary a-size-base prodDetSectionEntry\">Piles incluses ?<\/th>\n<td class=\"a-size-base prodDetAttrValue\">\u200eOui<\/td>\n<\/tr>\n<tr>\n<th class=\"a-color-secondary a-size-base prodDetSectionEntry\">Marque<\/th>\n<td class=\"a-size-base prodDetAttrValue\">\u200eSegway-Ninebot<\/td>\n<\/tr>\n<tr>\n<th class=\"a-color-secondary a-size-base prodDetSectionEntry\">Capacit\u00e9 maximale de poids<\/th>\n<td class=\"a-size-base prodDetAttrValue\">\u200e120 Kilogrammes<\/td>\n<\/tr>\n<tr>\n<th class=\"a-color-secondary a-size-base prodDetSectionEntry\">Service<\/th>\n<td class=\"a-size-base prodDetAttrValue\">\u200eMixte<\/td>\n<\/tr>\n<tr>\n<th class=\"a-color-secondary a-size-base prodDetSectionEntry\">Fabricant<\/th>\n<td class=\"a-size-base prodDetAttrValue\">\u200eSegway<\/td>\n<\/tr>\n<tr>\n<th class=\"a-color-secondary a-size-base prodDetSectionEntry\">Num\u00e9ro du mod\u00e8le de l&rsquo;article<\/th>\n<td class=\"a-size-base prodDetAttrValue\">\u200eMAX g2 E<\/td>\n<\/tr>\n<tr>\n<th class=\"a-color-secondary a-size-base prodDetSectionEntry\">Dimensions du produit (L x l x h)<\/th>\n<td class=\"a-size-base prodDetAttrValue\">\u200e121 x 57 x 60 cm; 29,4 kilogrammes<\/td>\n<\/tr>\n<tr>\n<th class=\"a-color-secondary a-size-base prodDetSectionEntry\">ASIN<\/th>\n<td class=\"a-size-base prodDetAttrValue\">\u200eB0B3RVP56K<\/td>\n<\/tr>\n<\/tbody>\n<\/table>\n<\/div>\n<\/div>\n<\/div>\n","protected":false},"excerpt":{"rendered":"<table class=\"a-normal a-spacing-micro\">\n<tbody>\n<tr class=\"a-spacing-small po-brand\">\n<td class=\"a-span3\"><span class=\"a-size-base a-text-bold\">Marque<\/span><\/td>\n<td class=\"a-span9\"><span class=\"a-size-base po-break-word\">Segway-Ninebot<\/span><\/td>\n<\/tr>\n<tr class=\"a-spacing-small po-color\">\n<td class=\"a-span3\"><span class=\"a-size-base a-text-bold\">Couleur<\/span><\/td>\n<td class=\"a-span9\"><span class=\"a-size-base po-break-word\">Gris<\/span><\/td>\n<\/tr>\n<tr class=\"a-spacing-small po-age_range_description\">\n<td class=\"a-span3\"><span class=\"a-size-base a-text-bold\">Tranche d&rsquo;\u00e2ge (description)<\/span><\/td>\n<td class=\"a-span9\"><span class=\"a-size-base po-break-word\">Adulte<\/span><\/td>\n<\/tr>\n<tr class=\"a-spacing-small po-special_feature\">\n<td class=\"a-span3\"><span class=\"a-size-base a-text-bold\">Caract\u00e9ristique sp\u00e9ciale<\/span><\/td>\n<td class=\"a-span9\"><span class=\"a-size-base\"><span class=\"a-truncate po-truncate-attribute\" data-a-word-break=\"normal\" data-a-truncate-name=\"po-attribute-truncate-3\" data-a-max-rows=\"3\" data-a-overflow-marker=\"&amp;hellip;\" data-a-recalculate=\"false\" data-a-updated=\"true\"><span class=\"a-truncate-full a-offscreen\">Plateforme large, Affichage num\u00e9rique, Pliable, Syst\u00e8me de freinage double, Pneu anti-crevaison, Rechargeable<\/span><span class=\"a-truncate-cut\" aria-hidden=\"true\">Plateforme large, Affichage num\u00e9rique, Pliable, Syst\u00e8me de freinage double, Pneu anti-crevaison, Rechargeable<\/span><\/span><\/span><\/td>\n<\/tr>\n<tr class=\"a-spacing-small po-weight_capacity.maximum\">\n<td class=\"a-span3\"><span class=\"a-size-base a-text-bold\">Limite de poids<\/span><\/td>\n<td class=\"a-span9\"><span class=\"a-size-base po-break-word\">120 Kilogrammes<\/span><\/td>\n<\/tr>\n<tr class=\"a-spacing-small po-item_length_width_height\">\n<td class=\"a-span3\"><span class=\"a-size-base a-text-bold\">Dimensions du produit<\/span><\/td>\n<td class=\"a-span9\"><span class=\"a-size-base po-break-word\">121L x 57l x 60,5H centim\u00e8tres<\/span><\/td>\n<\/tr>\n<tr class=\"a-spacing-small po-number_of_wheels\">\n<td class=\"a-span3\"><span class=\"a-size-base a-text-bold\">Nombre de roues<\/span><\/td>\n<td class=\"a-span9\"><span class=\"a-size-base po-break-word\">2<\/span><\/td>\n<\/tr>\n<tr class=\"a-spacing-small po-model_name\">\n<td class=\"a-span3\"><span class=\"a-size-base a-text-bold\">Nom de mod\u00e8le<\/span><\/td>\n<td class=\"a-span9\"><span class=\"a-size-base po-break-word\">Segway Max G2 E<\/span><\/td>\n<\/tr>\n<tr class=\"a-spacing-small po-wheel.material\">\n<td class=\"a-span3\"><span class=\"a-size-base a-text-bold\">Mat\u00e9riau de la roue<\/span><\/td>\n<td class=\"a-span9\"><span class=\"a-size-base po-break-word\">Caoutchouc<\/span><\/td>\n<\/tr>\n<tr class=\"a-spacing-small po-frame.material\">\n<td class=\"a-span3\"><span class=\"a-size-base a-text-bold\">Mat\u00e9riau du cadre<\/span><\/td>\n<td class=\"a-span9\"><span class=\"a-size-base po-break-word\">Acier alli\u00e9<\/span><\/td>\n<\/tr>\n<\/tbody>\n<\/table>\n","protected":false},"featured_media":16359,"template":"","meta":[],"product_brand":[],"product_cat":[77,223],"product_tag":[],"class_list":{"0":"post-16354","1":"product","2":"type-product","3":"status-publish","4":"has-post-thumbnail","6":"product_cat-sports-loisirs","7":"product_cat-trotinette","9":"first","10":"instock","11":"taxable","12":"shipping-taxable","13":"purchasable","14":"product-type-simple"},"yoast_head":"<!-- This site is optimized with the Yoast SEO plugin v24.8.1 - https:\/\/yoast.com\/wordpress\/plugins\/seo\/ -->\n<title>Segway-Ninebot, Trottinette \u00e9lectrique, mod\u00e8le Max G2 E pour Adultes, Vitesse maximale de 25 km\/h, autonomie de 70 km, Double syst\u00e8me de freinage - CBS Electro<\/title>\n<meta name=\"robots\" content=\"index, follow, max-snippet:-1, max-image-preview:large, max-video-preview:-1\" \/>\n<link rel=\"canonical\" href=\"https:\/\/cbs-electro.com\/index.php\/produit\/segway-ninebot-trottinette-electrique-modele-max-g2-e-pour-adultes-vitesse-maximale-de-25-km-h-autonomie-de-70-km-double-systeme-de-freinage\/\" \/>\n<meta property=\"og:locale\" content=\"fr_FR\" \/>\n<meta property=\"og:type\" content=\"article\" \/>\n<meta property=\"og:title\" content=\"Segway-Ninebot, Trottinette \u00e9lectrique, mod\u00e8le Max G2 E pour Adultes, Vitesse maximale de 25 km\/h, autonomie de 70 km, Double syst\u00e8me de freinage - CBS Electro\" \/>\n<meta property=\"og:description\" content=\"Marque Segway-Ninebot   Couleur Gris   Tranche d&#039;\u00e2ge (description) Adulte   Caract\u00e9ristique sp\u00e9ciale Plateforme large, Affichage num\u00e9rique, Pliable, Syst\u00e8me de freinage double, Pneu anti-crevaison, RechargeablePlateforme large, Affichage num\u00e9rique, Pliable, Syst\u00e8me de freinage double, Pneu anti-crevaison, Rechargeable   Limite de poids 120 Kilogrammes   Dimensions du produit 121L x 57l x 60,5H centim\u00e8tres   Nombre de roues 2   Nom de mod\u00e8le Segway Max G2 E   Mat\u00e9riau de la roue Caoutchouc   Mat\u00e9riau du cadre Acier alli\u00e9\" \/>\n<meta property=\"og:url\" content=\"https:\/\/cbs-electro.com\/index.php\/produit\/segway-ninebot-trottinette-electrique-modele-max-g2-e-pour-adultes-vitesse-maximale-de-25-km-h-autonomie-de-70-km-double-systeme-de-freinage\/\" \/>\n<meta property=\"og:site_name\" content=\"CBS Electro\" \/>\n<meta property=\"article:modified_time\" content=\"2025-03-13T06:41:20+00:00\" \/>\n<meta property=\"og:image\" content=\"https:\/\/cbs-electro.com\/wp-content\/uploads\/2023\/11\/61N9nNTrhL._AC_SL1500_.jpg\" \/>\n\t<meta property=\"og:image:width\" content=\"1434\" \/>\n\t<meta property=\"og:image:height\" content=\"1500\" \/>\n\t<meta property=\"og:image:type\" content=\"image\/jpeg\" \/>\n<meta name=\"twitter:card\" content=\"summary_large_image\" \/>\n<meta name=\"twitter:label1\" content=\"Dur\u00e9e de lecture estim\u00e9e\" \/>\n\t<meta name=\"twitter:data1\" content=\"1 minute\" \/>\n<script type=\"application\/ld+json\" class=\"yoast-schema-graph\">{\"@context\":\"https:\/\/schema.org\",\"@graph\":[{\"@type\":\"WebPage\",\"@id\":\"https:\/\/cbs-electro.com\/index.php\/produit\/segway-ninebot-trottinette-electrique-modele-max-g2-e-pour-adultes-vitesse-maximale-de-25-km-h-autonomie-de-70-km-double-systeme-de-freinage\/\",\"url\":\"https:\/\/cbs-electro.com\/index.php\/produit\/segway-ninebot-trottinette-electrique-modele-max-g2-e-pour-adultes-vitesse-maximale-de-25-km-h-autonomie-de-70-km-double-systeme-de-freinage\/\",\"name\":\"Segway-Ninebot, Trottinette \u00e9lectrique, mod\u00e8le Max G2 E pour Adultes, Vitesse maximale de 25 km\/h, autonomie de 70 km, Double syst\u00e8me de freinage - CBS Electro\",\"isPartOf\":{\"@id\":\"https:\/\/www.cbs-electro.com\/#website\"},\"primaryImageOfPage\":{\"@id\":\"https:\/\/cbs-electro.com\/index.php\/produit\/segway-ninebot-trottinette-electrique-modele-max-g2-e-pour-adultes-vitesse-maximale-de-25-km-h-autonomie-de-70-km-double-systeme-de-freinage\/#primaryimage\"},\"image\":{\"@id\":\"https:\/\/cbs-electro.com\/index.php\/produit\/segway-ninebot-trottinette-electrique-modele-max-g2-e-pour-adultes-vitesse-maximale-de-25-km-h-autonomie-de-70-km-double-systeme-de-freinage\/#primaryimage\"},\"thumbnailUrl\":\"https:\/\/cbs-electro.com\/wp-content\/uploads\/2023\/11\/61N9nNTrhL._AC_SL1500_.jpg\",\"datePublished\":\"2023-11-25T15:30:42+00:00\",\"dateModified\":\"2025-03-13T06:41:20+00:00\",\"breadcrumb\":{\"@id\":\"https:\/\/cbs-electro.com\/index.php\/produit\/segway-ninebot-trottinette-electrique-modele-max-g2-e-pour-adultes-vitesse-maximale-de-25-km-h-autonomie-de-70-km-double-systeme-de-freinage\/#breadcrumb\"},\"inLanguage\":\"fr-FR\",\"potentialAction\":[{\"@type\":\"ReadAction\",\"target\":[\"https:\/\/cbs-electro.com\/index.php\/produit\/segway-ninebot-trottinette-electrique-modele-max-g2-e-pour-adultes-vitesse-maximale-de-25-km-h-autonomie-de-70-km-double-systeme-de-freinage\/\"]}]},{\"@type\":\"ImageObject\",\"inLanguage\":\"fr-FR\",\"@id\":\"https:\/\/cbs-electro.com\/index.php\/produit\/segway-ninebot-trottinette-electrique-modele-max-g2-e-pour-adultes-vitesse-maximale-de-25-km-h-autonomie-de-70-km-double-systeme-de-freinage\/#primaryimage\",\"url\":\"https:\/\/cbs-electro.com\/wp-content\/uploads\/2023\/11\/61N9nNTrhL._AC_SL1500_.jpg\",\"contentUrl\":\"https:\/\/cbs-electro.com\/wp-content\/uploads\/2023\/11\/61N9nNTrhL._AC_SL1500_.jpg\",\"width\":1434,\"height\":1500},{\"@type\":\"BreadcrumbList\",\"@id\":\"https:\/\/cbs-electro.com\/index.php\/produit\/segway-ninebot-trottinette-electrique-modele-max-g2-e-pour-adultes-vitesse-maximale-de-25-km-h-autonomie-de-70-km-double-systeme-de-freinage\/#breadcrumb\",\"itemListElement\":[{\"@type\":\"ListItem\",\"position\":1,\"name\":\"Accueil\",\"item\":\"https:\/\/www.cbs-electro.com\/\"},{\"@type\":\"ListItem\",\"position\":2,\"name\":\"Boutique\",\"item\":\"https:\/\/www.cbs-electro.com\/index.php\/boutique\/\"},{\"@type\":\"ListItem\",\"position\":3,\"name\":\"Segway-Ninebot, Trottinette \u00e9lectrique, mod\u00e8le Max G2 E pour Adultes, Vitesse maximale de 25 km\/h, autonomie de 70 km, Double syst\u00e8me de freinage\"}]},{\"@type\":\"WebSite\",\"@id\":\"https:\/\/www.cbs-electro.com\/#website\",\"url\":\"https:\/\/www.cbs-electro.com\/\",\"name\":\"CBS Electro\",\"description\":\"Vente des produits neufs - Informatique, Smartphones, livres, jeux vid\u00e9o, photos, jouets et \u00e9lectrom\u00e9nager\",\"potentialAction\":[{\"@type\":\"SearchAction\",\"target\":{\"@type\":\"EntryPoint\",\"urlTemplate\":\"https:\/\/www.cbs-electro.com\/?s={search_term_string}\"},\"query-input\":{\"@type\":\"PropertyValueSpecification\",\"valueRequired\":true,\"valueName\":\"search_term_string\"}}],\"inLanguage\":\"fr-FR\"}]}<\/script>\n<!-- \/ Yoast SEO plugin. -->","yoast_head_json":{"title":"Segway-Ninebot, Trottinette \u00e9lectrique, mod\u00e8le Max G2 E pour Adultes, Vitesse maximale de 25 km\/h, autonomie de 70 km, Double syst\u00e8me de freinage - CBS Electro","robots":{"index":"index","follow":"follow","max-snippet":"max-snippet:-1","max-image-preview":"max-image-preview:large","max-video-preview":"max-video-preview:-1"},"canonical":"https:\/\/cbs-electro.com\/index.php\/produit\/segway-ninebot-trottinette-electrique-modele-max-g2-e-pour-adultes-vitesse-maximale-de-25-km-h-autonomie-de-70-km-double-systeme-de-freinage\/","og_locale":"fr_FR","og_type":"article","og_title":"Segway-Ninebot, Trottinette \u00e9lectrique, mod\u00e8le Max G2 E pour Adultes, Vitesse maximale de 25 km\/h, autonomie de 70 km, Double syst\u00e8me de freinage - CBS Electro","og_description":"Marque Segway-Ninebot   Couleur Gris   Tranche d'\u00e2ge (description) Adulte   Caract\u00e9ristique sp\u00e9ciale Plateforme large, Affichage num\u00e9rique, Pliable, Syst\u00e8me de freinage double, Pneu anti-crevaison, RechargeablePlateforme large, Affichage num\u00e9rique, Pliable, Syst\u00e8me de freinage double, Pneu anti-crevaison, Rechargeable   Limite de poids 120 Kilogrammes   Dimensions du produit 121L x 57l x 60,5H centim\u00e8tres   Nombre de roues 2   Nom de mod\u00e8le Segway Max G2 E   Mat\u00e9riau de la roue Caoutchouc   Mat\u00e9riau du cadre Acier alli\u00e9","og_url":"https:\/\/cbs-electro.com\/index.php\/produit\/segway-ninebot-trottinette-electrique-modele-max-g2-e-pour-adultes-vitesse-maximale-de-25-km-h-autonomie-de-70-km-double-systeme-de-freinage\/","og_site_name":"CBS Electro","article_modified_time":"2025-03-13T06:41:20+00:00","og_image":[{"width":1434,"height":1500,"url":"https:\/\/cbs-electro.com\/wp-content\/uploads\/2023\/11\/61N9nNTrhL._AC_SL1500_.jpg","type":"image\/jpeg"}],"twitter_card":"summary_large_image","twitter_misc":{"Dur\u00e9e de lecture estim\u00e9e":"1 minute"},"schema":{"@context":"https:\/\/schema.org","@graph":[{"@type":"WebPage","@id":"https:\/\/cbs-electro.com\/index.php\/produit\/segway-ninebot-trottinette-electrique-modele-max-g2-e-pour-adultes-vitesse-maximale-de-25-km-h-autonomie-de-70-km-double-systeme-de-freinage\/","url":"https:\/\/cbs-electro.com\/index.php\/produit\/segway-ninebot-trottinette-electrique-modele-max-g2-e-pour-adultes-vitesse-maximale-de-25-km-h-autonomie-de-70-km-double-systeme-de-freinage\/","name":"Segway-Ninebot, Trottinette \u00e9lectrique, mod\u00e8le Max G2 E pour Adultes, Vitesse maximale de 25 km\/h, autonomie de 70 km, Double syst\u00e8me de freinage - CBS Electro","isPartOf":{"@id":"https:\/\/www.cbs-electro.com\/#website"},"primaryImageOfPage":{"@id":"https:\/\/cbs-electro.com\/index.php\/produit\/segway-ninebot-trottinette-electrique-modele-max-g2-e-pour-adultes-vitesse-maximale-de-25-km-h-autonomie-de-70-km-double-systeme-de-freinage\/#primaryimage"},"image":{"@id":"https:\/\/cbs-electro.com\/index.php\/produit\/segway-ninebot-trottinette-electrique-modele-max-g2-e-pour-adultes-vitesse-maximale-de-25-km-h-autonomie-de-70-km-double-systeme-de-freinage\/#primaryimage"},"thumbnailUrl":"https:\/\/cbs-electro.com\/wp-content\/uploads\/2023\/11\/61N9nNTrhL._AC_SL1500_.jpg","datePublished":"2023-11-25T15:30:42+00:00","dateModified":"2025-03-13T06:41:20+00:00","breadcrumb":{"@id":"https:\/\/cbs-electro.com\/index.php\/produit\/segway-ninebot-trottinette-electrique-modele-max-g2-e-pour-adultes-vitesse-maximale-de-25-km-h-autonomie-de-70-km-double-systeme-de-freinage\/#breadcrumb"},"inLanguage":"fr-FR","potentialAction":[{"@type":"ReadAction","target":["https:\/\/cbs-electro.com\/index.php\/produit\/segway-ninebot-trottinette-electrique-modele-max-g2-e-pour-adultes-vitesse-maximale-de-25-km-h-autonomie-de-70-km-double-systeme-de-freinage\/"]}]},{"@type":"ImageObject","inLanguage":"fr-FR","@id":"https:\/\/cbs-electro.com\/index.php\/produit\/segway-ninebot-trottinette-electrique-modele-max-g2-e-pour-adultes-vitesse-maximale-de-25-km-h-autonomie-de-70-km-double-systeme-de-freinage\/#primaryimage","url":"https:\/\/cbs-electro.com\/wp-content\/uploads\/2023\/11\/61N9nNTrhL._AC_SL1500_.jpg","contentUrl":"https:\/\/cbs-electro.com\/wp-content\/uploads\/2023\/11\/61N9nNTrhL._AC_SL1500_.jpg","width":1434,"height":1500},{"@type":"BreadcrumbList","@id":"https:\/\/cbs-electro.com\/index.php\/produit\/segway-ninebot-trottinette-electrique-modele-max-g2-e-pour-adultes-vitesse-maximale-de-25-km-h-autonomie-de-70-km-double-systeme-de-freinage\/#breadcrumb","itemListElement":[{"@type":"ListItem","position":1,"name":"Accueil","item":"https:\/\/www.cbs-electro.com\/"},{"@type":"ListItem","position":2,"name":"Boutique","item":"https:\/\/www.cbs-electro.com\/index.php\/boutique\/"},{"@type":"ListItem","position":3,"name":"Segway-Ninebot, Trottinette \u00e9lectrique, mod\u00e8le Max G2 E pour Adultes, Vitesse maximale de 25 km\/h, autonomie de 70 km, Double syst\u00e8me de freinage"}]},{"@type":"WebSite","@id":"https:\/\/www.cbs-electro.com\/#website","url":"https:\/\/www.cbs-electro.com\/","name":"CBS Electro","description":"Vente des produits neufs - Informatique, Smartphones, livres, jeux vid\u00e9o, photos, jouets et \u00e9lectrom\u00e9nager","potentialAction":[{"@type":"SearchAction","target":{"@type":"EntryPoint","urlTemplate":"https:\/\/www.cbs-electro.com\/?s={search_term_string}"},"query-input":{"@type":"PropertyValueSpecification","valueRequired":true,"valueName":"search_term_string"}}],"inLanguage":"fr-FR"}]}},"_links":{"self":[{"href":"https:\/\/cbs-electro.com\/index.php\/wp-json\/wp\/v2\/product\/16354","targetHints":{"allow":["GET"]}}],"collection":[{"href":"https:\/\/cbs-electro.com\/index.php\/wp-json\/wp\/v2\/product"}],"about":[{"href":"https:\/\/cbs-electro.com\/index.php\/wp-json\/wp\/v2\/types\/product"}],"version-history":[{"count":1,"href":"https:\/\/cbs-electro.com\/index.php\/wp-json\/wp\/v2\/product\/16354\/revisions"}],"predecessor-version":[{"id":16360,"href":"https:\/\/cbs-electro.com\/index.php\/wp-json\/wp\/v2\/product\/16354\/revisions\/16360"}],"wp:featuredmedia":[{"embeddable":true,"href":"https:\/\/cbs-electro.com\/index.php\/wp-json\/wp\/v2\/media\/16359"}],"wp:attachment":[{"href":"https:\/\/cbs-electro.com\/index.php\/wp-json\/wp\/v2\/media?parent=16354"}],"wp:term":[{"taxonomy":"product_brand","embeddable":true,"href":"https:\/\/cbs-electro.com\/index.php\/wp-json\/wp\/v2\/product_brand?post=16354"},{"taxonomy":"product_cat","embeddable":true,"href":"https:\/\/cbs-electro.com\/index.php\/wp-json\/wp\/v2\/product_cat?post=16354"},{"taxonomy":"product_tag","embeddable":true,"href":"https:\/\/cbs-electro.com\/index.php\/wp-json\/wp\/v2\/product_tag?post=16354"}],"curies":[{"name":"wp","href":"https:\/\/api.w.org\/{rel}","templated":true}]}}