{"id":16346,"date":"2023-11-24T19:15:03","date_gmt":"2023-11-24T18:15:03","guid":{"rendered":"https:\/?post_type=product&#038;p=16346"},"modified":"2025-03-13T07:41:47","modified_gmt":"2025-03-13T06:41:47","slug":"sony-ht-a7000-barre-de-son-7-1-2-dolby-atmos-noir","status":"publish","type":"product","link":"https:\/\/cbs-electro.com\/index.php\/produit\/sony-ht-a7000-barre-de-son-7-1-2-dolby-atmos-noir\/","title":{"rendered":"Sony HT-A7000 Barre de son 7.1.2 Dolby Atmos\u00ae, noir"},"content":{"rendered":"<h1 class=\"a-size-base-plus a-text-bold\">\u00c0 propos de cet article<\/h1>\n<ul class=\"a-unordered-list a-vertical a-spacing-mini\">\n<li class=\"a-spacing-mini\"><span class=\"a-list-item\">La HT-A7000 7.1.2 Dolby Atmos offre une exp\u00e9rience sonore ultra immersive grce \u00e0 ses haut-parleurs X balanced, ses 2 haut-parleurs verticaux, son double caisson de basse embarqu\u00e9 ainsi que le Vertical Surround Engine<\/span><\/li>\n<li class=\"a-spacing-mini\"><span class=\"a-list-item\">La technologie Sound Field Optimisation vous permet d&rsquo;optimiser automatiquement et intelligemment le son et de l&rsquo;adapter \u00e0 la configuration de votre pi\u00e8ce, afin d&rsquo;offrir une acoustique sur mesure d&rsquo;une qualit\u00e9 exceptionnelle<\/span><\/li>\n<li class=\"a-spacing-mini\"><span class=\"a-list-item\">Montez en puissance en ajoutant un des deux nouveaux caissons, sp\u00e9cialement con\u00e7us pour offrir des basses riches et puissantes et minimiser au maximum la distorsion pour assurer un rendu aussi fid\u00e8le que possible. Gagnez \u00e9galement en immersion et en spatialisation en ajoutant les enceintes satellites SA-RS3S compatibles<\/span><\/li>\n<li class=\"a-spacing-mini\"><span class=\"a-list-item\">La nouvelle technologie Acoustic Center Sync permet de synchroniser les haut-parleurs de votre barre de son avec ceux de votre TV BRAVIA compatible, pour une immersion sans pr\u00e9c\u00e9dent<\/span><\/li>\n<li class=\"a-spacing-mini\"><span class=\"a-list-item\">La HT-A7000 est compatible avec les tous derniers formats audio et vid\u00e9o 4K4K 120HZ, 8K HDR Passthrough et Dolby Vision<\/span><\/li>\n<li class=\"a-spacing-mini\"><span class=\"a-list-item\">Composants inclus: barre de son, t\u00e9l\u00e9commande, cable hdmi, cable audio, cable alimentation<\/span><\/li>\n<\/ul>\n<table id=\"productDetails_techSpec_section_1\" class=\"a-keyvalue prodDetTable\" role=\"presentation\">\n<tbody>\n<tr>\n<th class=\"a-color-secondary a-size-base prodDetSectionEntry\">Marque<\/th>\n<td class=\"a-size-base prodDetAttrValue\">\u200eSony<\/td>\n<\/tr>\n<tr>\n<th class=\"a-color-secondary a-size-base prodDetSectionEntry\">Couleur<\/th>\n<td class=\"a-size-base prodDetAttrValue\">\u200enoir<\/td>\n<\/tr>\n<tr>\n<th class=\"a-color-secondary a-size-base prodDetSectionEntry\">Connexions<\/th>\n<td class=\"a-size-base prodDetAttrValue\">\u200eHDMI Wi-Fi<\/td>\n<\/tr>\n<tr>\n<th class=\"a-color-secondary a-size-base prodDetSectionEntry\">Caract\u00e9ristiques sp\u00e9ciales<\/th>\n<td class=\"a-size-base prodDetAttrValue\">\u200eBluetooth<\/td>\n<\/tr>\n<tr>\n<th class=\"a-color-secondary a-size-base prodDetSectionEntry\">Nombre total de ports USB<\/th>\n<td class=\"a-size-base prodDetAttrValue\">\u200e1<\/td>\n<\/tr>\n<tr>\n<th class=\"a-color-secondary a-size-base prodDetSectionEntry\">Appareils compatibles<\/th>\n<td class=\"a-size-base prodDetAttrValue\">\u200eT\u00e9l\u00e9vision<\/td>\n<\/tr>\n<tr>\n<th class=\"a-color-secondary a-size-base prodDetSectionEntry\">Batterie rechargeable<\/th>\n<td class=\"a-size-base prodDetAttrValue\">\u200eNon<\/td>\n<\/tr>\n<tr>\n<th class=\"a-color-secondary a-size-base prodDetSectionEntry\">Garantie constructeur<\/th>\n<td class=\"a-size-base prodDetAttrValue\">\u200e2 ans constructeur<\/td>\n<\/tr>\n<\/tbody>\n<\/table>\n","protected":false},"excerpt":{"rendered":"<table class=\"a-normal a-spacing-micro\">\n<tbody>\n<tr class=\"a-spacing-small po-brand\">\n<td class=\"a-span3\"><span class=\"a-size-base a-text-bold\">Marque<\/span><\/td>\n<td class=\"a-span9\"><span class=\"a-size-base po-break-word\">Sony<\/span><\/td>\n<\/tr>\n<tr class=\"a-spacing-small po-model_name\">\n<td class=\"a-span3\"><span class=\"a-size-base a-text-bold\">Nom de mod\u00e8le<\/span><\/td>\n<td class=\"a-span9\"><span class=\"a-size-base po-break-word\">HTA7000<\/span><\/td>\n<\/tr>\n<tr class=\"a-spacing-small po-speaker_type\">\n<td class=\"a-span3\"><span class=\"a-size-base a-text-bold\">Type de haut-parleur<\/span><\/td>\n<td class=\"a-span9\"><span class=\"a-size-base po-break-word\">Barre de son<\/span><\/td>\n<\/tr>\n<tr class=\"a-spacing-small po-connectivity_technology\">\n<td class=\"a-span3\"><span class=\"a-size-base a-text-bold\">Technologie de connectivit\u00e9<\/span><\/td>\n<td class=\"a-span9\"><span class=\"a-size-base po-break-word\">Bluetooth, HDMI<\/span><\/td>\n<\/tr>\n<tr class=\"a-spacing-small po-special_feature\">\n<td class=\"a-span3\"><span class=\"a-size-base a-text-bold\">Caract\u00e9ristique sp\u00e9ciale<\/span><\/td>\n<td class=\"a-span9\"><span class=\"a-size-base po-break-word\">Bluetooth<\/span><\/td>\n<\/tr>\n<tr class=\"a-spacing-small po-recommended_uses_for_product\">\n<td class=\"a-span3\"><span class=\"a-size-base a-text-bold\">Usages recommand\u00e9s pour le produit<\/span><\/td>\n<td class=\"a-span9\"><span class=\"a-size-base po-break-word\">F\u00fcr Filme<\/span><\/td>\n<\/tr>\n<tr class=\"a-spacing-small po-compatible_devices\">\n<td class=\"a-span3\"><span class=\"a-size-base a-text-bold\">Appareils compatibles<\/span><\/td>\n<td class=\"a-span9\"><span class=\"a-size-base po-break-word\">T\u00e9l\u00e9vision<\/span><\/td>\n<\/tr>\n<tr class=\"a-spacing-small po-mounting_type\">\n<td class=\"a-span3\"><span class=\"a-size-base a-text-bold\">Type de fixation<\/span><\/td>\n<td class=\"a-span9\"><span class=\"a-size-base po-break-word\">Table de<\/span><\/td>\n<\/tr>\n<tr class=\"a-spacing-small po-unit_count\">\n<td class=\"a-span3\"><span class=\"a-size-base a-text-bold\">Nombre d&rsquo;unit\u00e9s<\/span><\/td>\n<td class=\"a-span9\"><span class=\"a-size-base po-break-word\">1.0 unit\u00e9<\/span><\/td>\n<\/tr>\n<tr class=\"a-spacing-small po-controller_type\">\n<td class=\"a-span3\"><span class=\"a-size-base a-text-bold\">Type de contr\u00f4leur<\/span><\/td>\n<td class=\"a-span9\"><span class=\"a-size-base po-break-word\">T\u00e9l\u00e9commande<\/span><\/td>\n<\/tr>\n<\/tbody>\n<\/table>\n","protected":false},"featured_media":16351,"template":"","meta":[],"product_brand":[],"product_cat":[151,102],"product_tag":[],"class_list":{"0":"post-16346","1":"product","2":"type-product","3":"status-publish","4":"has-post-thumbnail","6":"product_cat-home-cinema","7":"product_cat-image-son","9":"first","10":"instock","11":"taxable","12":"shipping-taxable","13":"purchasable","14":"product-type-simple"},"yoast_head":"<!-- This site is optimized with the Yoast SEO plugin v24.8.1 - https:\/\/yoast.com\/wordpress\/plugins\/seo\/ -->\n<title>Sony HT-A7000 Barre de son 7.1.2 Dolby Atmos\u00ae, noir - CBS Electro<\/title>\n<meta name=\"robots\" content=\"index, follow, max-snippet:-1, max-image-preview:large, max-video-preview:-1\" \/>\n<link rel=\"canonical\" href=\"https:\/\/cbs-electro.com\/index.php\/produit\/sony-ht-a7000-barre-de-son-7-1-2-dolby-atmos-noir\/\" \/>\n<meta property=\"og:locale\" content=\"fr_FR\" \/>\n<meta property=\"og:type\" content=\"article\" \/>\n<meta property=\"og:title\" content=\"Sony HT-A7000 Barre de son 7.1.2 Dolby Atmos\u00ae, noir - CBS Electro\" \/>\n<meta property=\"og:description\" content=\"Marque Sony   Nom de mod\u00e8le HTA7000   Type de haut-parleur Barre de son   Technologie de connectivit\u00e9 Bluetooth, HDMI   Caract\u00e9ristique sp\u00e9ciale Bluetooth   Usages recommand\u00e9s pour le produit F\u00fcr Filme   Appareils compatibles T\u00e9l\u00e9vision   Type de fixation Table de   Nombre d&#039;unit\u00e9s 1.0 unit\u00e9   Type de contr\u00f4leur T\u00e9l\u00e9commande\" \/>\n<meta property=\"og:url\" content=\"https:\/\/cbs-electro.com\/index.php\/produit\/sony-ht-a7000-barre-de-son-7-1-2-dolby-atmos-noir\/\" \/>\n<meta property=\"og:site_name\" content=\"CBS Electro\" \/>\n<meta property=\"article:modified_time\" content=\"2025-03-13T06:41:47+00:00\" \/>\n<meta property=\"og:image\" content=\"https:\/\/cbs-electro.com\/wp-content\/uploads\/2023\/11\/711x7aW2fqS._AC_SL1500_.jpg\" \/>\n\t<meta property=\"og:image:width\" content=\"1500\" \/>\n\t<meta property=\"og:image:height\" content=\"581\" \/>\n\t<meta property=\"og:image:type\" content=\"image\/jpeg\" \/>\n<meta name=\"twitter:card\" content=\"summary_large_image\" \/>\n<meta name=\"twitter:label1\" content=\"Dur\u00e9e de lecture estim\u00e9e\" \/>\n\t<meta name=\"twitter:data1\" content=\"1 minute\" \/>\n<script type=\"application\/ld+json\" class=\"yoast-schema-graph\">{\"@context\":\"https:\/\/schema.org\",\"@graph\":[{\"@type\":\"WebPage\",\"@id\":\"https:\/\/cbs-electro.com\/index.php\/produit\/sony-ht-a7000-barre-de-son-7-1-2-dolby-atmos-noir\/\",\"url\":\"https:\/\/cbs-electro.com\/index.php\/produit\/sony-ht-a7000-barre-de-son-7-1-2-dolby-atmos-noir\/\",\"name\":\"Sony HT-A7000 Barre de son 7.1.2 Dolby Atmos\u00ae, noir - CBS Electro\",\"isPartOf\":{\"@id\":\"https:\/\/www.cbs-electro.com\/#website\"},\"primaryImageOfPage\":{\"@id\":\"https:\/\/cbs-electro.com\/index.php\/produit\/sony-ht-a7000-barre-de-son-7-1-2-dolby-atmos-noir\/#primaryimage\"},\"image\":{\"@id\":\"https:\/\/cbs-electro.com\/index.php\/produit\/sony-ht-a7000-barre-de-son-7-1-2-dolby-atmos-noir\/#primaryimage\"},\"thumbnailUrl\":\"https:\/\/cbs-electro.com\/wp-content\/uploads\/2023\/11\/711x7aW2fqS._AC_SL1500_.jpg\",\"datePublished\":\"2023-11-24T18:15:03+00:00\",\"dateModified\":\"2025-03-13T06:41:47+00:00\",\"breadcrumb\":{\"@id\":\"https:\/\/cbs-electro.com\/index.php\/produit\/sony-ht-a7000-barre-de-son-7-1-2-dolby-atmos-noir\/#breadcrumb\"},\"inLanguage\":\"fr-FR\",\"potentialAction\":[{\"@type\":\"ReadAction\",\"target\":[\"https:\/\/cbs-electro.com\/index.php\/produit\/sony-ht-a7000-barre-de-son-7-1-2-dolby-atmos-noir\/\"]}]},{\"@type\":\"ImageObject\",\"inLanguage\":\"fr-FR\",\"@id\":\"https:\/\/cbs-electro.com\/index.php\/produit\/sony-ht-a7000-barre-de-son-7-1-2-dolby-atmos-noir\/#primaryimage\",\"url\":\"https:\/\/cbs-electro.com\/wp-content\/uploads\/2023\/11\/711x7aW2fqS._AC_SL1500_.jpg\",\"contentUrl\":\"https:\/\/cbs-electro.com\/wp-content\/uploads\/2023\/11\/711x7aW2fqS._AC_SL1500_.jpg\",\"width\":1500,\"height\":581},{\"@type\":\"BreadcrumbList\",\"@id\":\"https:\/\/cbs-electro.com\/index.php\/produit\/sony-ht-a7000-barre-de-son-7-1-2-dolby-atmos-noir\/#breadcrumb\",\"itemListElement\":[{\"@type\":\"ListItem\",\"position\":1,\"name\":\"Accueil\",\"item\":\"https:\/\/www.cbs-electro.com\/\"},{\"@type\":\"ListItem\",\"position\":2,\"name\":\"Boutique\",\"item\":\"https:\/\/www.cbs-electro.com\/index.php\/boutique\/\"},{\"@type\":\"ListItem\",\"position\":3,\"name\":\"Sony HT-A7000 Barre de son 7.1.2 Dolby Atmos\u00ae, noir\"}]},{\"@type\":\"WebSite\",\"@id\":\"https:\/\/www.cbs-electro.com\/#website\",\"url\":\"https:\/\/www.cbs-electro.com\/\",\"name\":\"CBS Electro\",\"description\":\"Vente des produits neufs - Informatique, Smartphones, livres, jeux vid\u00e9o, photos, jouets et \u00e9lectrom\u00e9nager\",\"potentialAction\":[{\"@type\":\"SearchAction\",\"target\":{\"@type\":\"EntryPoint\",\"urlTemplate\":\"https:\/\/www.cbs-electro.com\/?s={search_term_string}\"},\"query-input\":{\"@type\":\"PropertyValueSpecification\",\"valueRequired\":true,\"valueName\":\"search_term_string\"}}],\"inLanguage\":\"fr-FR\"}]}<\/script>\n<!-- \/ Yoast SEO plugin. -->","yoast_head_json":{"title":"Sony HT-A7000 Barre de son 7.1.2 Dolby Atmos\u00ae, noir - CBS Electro","robots":{"index":"index","follow":"follow","max-snippet":"max-snippet:-1","max-image-preview":"max-image-preview:large","max-video-preview":"max-video-preview:-1"},"canonical":"https:\/\/cbs-electro.com\/index.php\/produit\/sony-ht-a7000-barre-de-son-7-1-2-dolby-atmos-noir\/","og_locale":"fr_FR","og_type":"article","og_title":"Sony HT-A7000 Barre de son 7.1.2 Dolby Atmos\u00ae, noir - CBS Electro","og_description":"Marque Sony   Nom de mod\u00e8le HTA7000   Type de haut-parleur Barre de son   Technologie de connectivit\u00e9 Bluetooth, HDMI   Caract\u00e9ristique sp\u00e9ciale Bluetooth   Usages recommand\u00e9s pour le produit F\u00fcr Filme   Appareils compatibles T\u00e9l\u00e9vision   Type de fixation Table de   Nombre d'unit\u00e9s 1.0 unit\u00e9   Type de contr\u00f4leur T\u00e9l\u00e9commande","og_url":"https:\/\/cbs-electro.com\/index.php\/produit\/sony-ht-a7000-barre-de-son-7-1-2-dolby-atmos-noir\/","og_site_name":"CBS Electro","article_modified_time":"2025-03-13T06:41:47+00:00","og_image":[{"width":1500,"height":581,"url":"https:\/\/cbs-electro.com\/wp-content\/uploads\/2023\/11\/711x7aW2fqS._AC_SL1500_.jpg","type":"image\/jpeg"}],"twitter_card":"summary_large_image","twitter_misc":{"Dur\u00e9e de lecture estim\u00e9e":"1 minute"},"schema":{"@context":"https:\/\/schema.org","@graph":[{"@type":"WebPage","@id":"https:\/\/cbs-electro.com\/index.php\/produit\/sony-ht-a7000-barre-de-son-7-1-2-dolby-atmos-noir\/","url":"https:\/\/cbs-electro.com\/index.php\/produit\/sony-ht-a7000-barre-de-son-7-1-2-dolby-atmos-noir\/","name":"Sony HT-A7000 Barre de son 7.1.2 Dolby Atmos\u00ae, noir - CBS Electro","isPartOf":{"@id":"https:\/\/www.cbs-electro.com\/#website"},"primaryImageOfPage":{"@id":"https:\/\/cbs-electro.com\/index.php\/produit\/sony-ht-a7000-barre-de-son-7-1-2-dolby-atmos-noir\/#primaryimage"},"image":{"@id":"https:\/\/cbs-electro.com\/index.php\/produit\/sony-ht-a7000-barre-de-son-7-1-2-dolby-atmos-noir\/#primaryimage"},"thumbnailUrl":"https:\/\/cbs-electro.com\/wp-content\/uploads\/2023\/11\/711x7aW2fqS._AC_SL1500_.jpg","datePublished":"2023-11-24T18:15:03+00:00","dateModified":"2025-03-13T06:41:47+00:00","breadcrumb":{"@id":"https:\/\/cbs-electro.com\/index.php\/produit\/sony-ht-a7000-barre-de-son-7-1-2-dolby-atmos-noir\/#breadcrumb"},"inLanguage":"fr-FR","potentialAction":[{"@type":"ReadAction","target":["https:\/\/cbs-electro.com\/index.php\/produit\/sony-ht-a7000-barre-de-son-7-1-2-dolby-atmos-noir\/"]}]},{"@type":"ImageObject","inLanguage":"fr-FR","@id":"https:\/\/cbs-electro.com\/index.php\/produit\/sony-ht-a7000-barre-de-son-7-1-2-dolby-atmos-noir\/#primaryimage","url":"https:\/\/cbs-electro.com\/wp-content\/uploads\/2023\/11\/711x7aW2fqS._AC_SL1500_.jpg","contentUrl":"https:\/\/cbs-electro.com\/wp-content\/uploads\/2023\/11\/711x7aW2fqS._AC_SL1500_.jpg","width":1500,"height":581},{"@type":"BreadcrumbList","@id":"https:\/\/cbs-electro.com\/index.php\/produit\/sony-ht-a7000-barre-de-son-7-1-2-dolby-atmos-noir\/#breadcrumb","itemListElement":[{"@type":"ListItem","position":1,"name":"Accueil","item":"https:\/\/www.cbs-electro.com\/"},{"@type":"ListItem","position":2,"name":"Boutique","item":"https:\/\/www.cbs-electro.com\/index.php\/boutique\/"},{"@type":"ListItem","position":3,"name":"Sony HT-A7000 Barre de son 7.1.2 Dolby Atmos\u00ae, noir"}]},{"@type":"WebSite","@id":"https:\/\/www.cbs-electro.com\/#website","url":"https:\/\/www.cbs-electro.com\/","name":"CBS Electro","description":"Vente des produits neufs - Informatique, Smartphones, livres, jeux vid\u00e9o, photos, jouets et \u00e9lectrom\u00e9nager","potentialAction":[{"@type":"SearchAction","target":{"@type":"EntryPoint","urlTemplate":"https:\/\/www.cbs-electro.com\/?s={search_term_string}"},"query-input":{"@type":"PropertyValueSpecification","valueRequired":true,"valueName":"search_term_string"}}],"inLanguage":"fr-FR"}]}},"_links":{"self":[{"href":"https:\/\/cbs-electro.com\/index.php\/wp-json\/wp\/v2\/product\/16346","targetHints":{"allow":["GET"]}}],"collection":[{"href":"https:\/\/cbs-electro.com\/index.php\/wp-json\/wp\/v2\/product"}],"about":[{"href":"https:\/\/cbs-electro.com\/index.php\/wp-json\/wp\/v2\/types\/product"}],"version-history":[{"count":2,"href":"https:\/\/cbs-electro.com\/index.php\/wp-json\/wp\/v2\/product\/16346\/revisions"}],"predecessor-version":[{"id":16353,"href":"https:\/\/cbs-electro.com\/index.php\/wp-json\/wp\/v2\/product\/16346\/revisions\/16353"}],"wp:featuredmedia":[{"embeddable":true,"href":"https:\/\/cbs-electro.com\/index.php\/wp-json\/wp\/v2\/media\/16351"}],"wp:attachment":[{"href":"https:\/\/cbs-electro.com\/index.php\/wp-json\/wp\/v2\/media?parent=16346"}],"wp:term":[{"taxonomy":"product_brand","embeddable":true,"href":"https:\/\/cbs-electro.com\/index.php\/wp-json\/wp\/v2\/product_brand?post=16346"},{"taxonomy":"product_cat","embeddable":true,"href":"https:\/\/cbs-electro.com\/index.php\/wp-json\/wp\/v2\/product_cat?post=16346"},{"taxonomy":"product_tag","embeddable":true,"href":"https:\/\/cbs-electro.com\/index.php\/wp-json\/wp\/v2\/product_tag?post=16346"}],"curies":[{"name":"wp","href":"https:\/\/api.w.org\/{rel}","templated":true}]}}