{"id":16340,"date":"2023-11-24T18:58:37","date_gmt":"2023-11-24T17:58:37","guid":{"rendered":"https:\/?post_type=product&#038;p=16340"},"modified":"2025-03-13T07:42:14","modified_gmt":"2025-03-13T06:42:14","slug":"sony-ht-s40r-barre-de-son-5-1ch-home-cinema-avec-enceintes-satellites-sans-fil-noir","status":"publish","type":"product","link":"https:\/\/cbs-electro.com\/index.php\/produit\/sony-ht-s40r-barre-de-son-5-1ch-home-cinema-avec-enceintes-satellites-sans-fil-noir\/","title":{"rendered":"Sony HT-S40R &#8211; Barre de Son 5.1ch Home Cin\u00e9ma avec Enceintes Satellites sans Fil, Noir"},"content":{"rendered":"<h1 class=\"a-size-base-plus a-text-bold\">\u00c0 propos de cet article<\/h1>\n<ul class=\"a-unordered-list a-vertical a-spacing-mini\">\n<li class=\"a-spacing-mini\"><span class=\"a-list-item\">Profitez d\u00e2\u20acun v\u00e9ritable son surround 5.1 Dolby Digital d\u00e2\u20acune puissance de 600W avec une barre de son, deux enceintes arri\u00e8res satellites sans fil ainsi qu&rsquo;un caisson de basses (syst\u00e8me filaire)<\/span><\/li>\n<li class=\"a-spacing-mini\"><span class=\"a-list-item\">Le caisson de basses dispose de touches tactiles, d\u00e2\u20acun affichage LED permettant de consulter les r\u00e9glages s\u00e9lectionn\u00e9s. Vous pouvez facilement s\u00e9lectionner votre mode de son favori (StandardCin\u00e9maMusiqueAuto) via la t\u00e9l\u00e9commande ou directement sur les touches du caisson de basses, et visualiser les r\u00e9glages utilis\u00e9s (affichage LED)<\/span><\/li>\n<li class=\"a-spacing-mini\"><span class=\"a-list-item\">La HT-S40R poss\u00e8de une connexion HDMIArc du caisson de basses vers la t\u00e9l\u00e9vision, et pour la premi\u00e8re fois pour un mod\u00e8le 5.1 une connexion sans fil Bluetooth compatible avec la gamme de T\u00e9l\u00e9visions Sony Bravia. Vous pouvez \u00e9galement utiliser le Bluetooth et \u00e9couter vos musiques pr\u00e9f\u00e9r\u00e9es directement depuis votre smartphone<\/span><\/li>\n<li class=\"a-spacing-mini\"><span class=\"a-list-item\">Le caisson de basses dispose de touches tactiles, d\u00e2\u20acun affichage LED permettant de consulter les r\u00e9glages s\u00e9lectionn\u00e9s et d&rsquo;une entr\u00e9e USB \u00e0 l&rsquo;avant<\/span><\/li>\n<\/ul>\n<table id=\"productDetails_techSpec_section_1\" class=\"a-keyvalue prodDetTable\" role=\"presentation\">\n<tbody>\n<tr>\n<th class=\"a-color-secondary a-size-base prodDetSectionEntry\">Marque<\/th>\n<td class=\"a-size-base prodDetAttrValue\">\u200eSony<\/td>\n<\/tr>\n<tr>\n<th class=\"a-color-secondary a-size-base prodDetSectionEntry\">Couleur<\/th>\n<td class=\"a-size-base prodDetAttrValue\">\u200eNoir<\/td>\n<\/tr>\n<tr>\n<th class=\"a-color-secondary a-size-base prodDetSectionEntry\">Type de haut-parleur<\/th>\n<td class=\"a-size-base prodDetAttrValue\">\u200eKit d&rsquo;enceintes surround<\/td>\n<\/tr>\n<tr>\n<th class=\"a-color-secondary a-size-base prodDetSectionEntry\">Caract\u00e9ristiques sp\u00e9ciales<\/th>\n<td class=\"a-size-base prodDetAttrValue\">\u200eBluetooth<\/td>\n<\/tr>\n<tr>\n<th class=\"a-color-secondary a-size-base prodDetSectionEntry\">Configuration surround<\/th>\n<td class=\"a-size-base prodDetAttrValue\">\u200e5.1<\/td>\n<\/tr>\n<tr>\n<th class=\"a-color-secondary a-size-base prodDetSectionEntry\">Puissance<\/th>\n<td class=\"a-size-base prodDetAttrValue\">\u200e600 Watts<\/td>\n<\/tr>\n<tr>\n<th class=\"a-color-secondary a-size-base prodDetSectionEntry\">Connexions<\/th>\n<td class=\"a-size-base prodDetAttrValue\">\u200eAuxiliaire Bluetooth USB<\/td>\n<\/tr>\n<tr>\n<th class=\"a-color-secondary a-size-base prodDetSectionEntry\">Nombre total de ports USB<\/th>\n<td class=\"a-size-base prodDetAttrValue\">\u200e1<\/td>\n<\/tr>\n<tr>\n<th class=\"a-color-secondary a-size-base prodDetSectionEntry\">Appareils compatibles<\/th>\n<td class=\"a-size-base prodDetAttrValue\">\u200eT\u00e9l\u00e9vision, Smartphone<\/td>\n<\/tr>\n<tr>\n<th class=\"a-color-secondary a-size-base prodDetSectionEntry\">Garantie constructeur<\/th>\n<td class=\"a-size-base prodDetAttrValue\">\u200e2\u00a0ans constructeur<\/td>\n<\/tr>\n<\/tbody>\n<\/table>\n","protected":false},"excerpt":{"rendered":"<table class=\"a-normal a-spacing-micro\">\n<tbody>\n<tr class=\"a-spacing-small po-brand\">\n<td class=\"a-span3\"><span class=\"a-size-base a-text-bold\">Marque<\/span><\/td>\n<td class=\"a-span9\"><span class=\"a-size-base po-break-word\">Sony<\/span><\/td>\n<\/tr>\n<tr class=\"a-spacing-small po-model_name\">\n<td class=\"a-span3\"><span class=\"a-size-base a-text-bold\">Nom de mod\u00e8le<\/span><\/td>\n<td class=\"a-span9\"><span class=\"a-size-base po-break-word\">HT-S40R<\/span><\/td>\n<\/tr>\n<tr class=\"a-spacing-small po-speaker_type\">\n<td class=\"a-span3\"><span class=\"a-size-base a-text-bold\">Type de haut-parleur<\/span><\/td>\n<td class=\"a-span9\"><span class=\"a-size-base po-break-word\">Kit d&rsquo;enceintes surround<\/span><\/td>\n<\/tr>\n<tr class=\"a-spacing-small po-connectivity_technology\">\n<td class=\"a-span3\"><span class=\"a-size-base a-text-bold\">Technologie de connectivit\u00e9<\/span><\/td>\n<td class=\"a-span9\"><span class=\"a-size-base po-break-word\">Bluetooth, Auxiliaire, USB, HDMI<\/span><\/td>\n<\/tr>\n<tr class=\"a-spacing-small po-special_feature\">\n<td class=\"a-span3\"><span class=\"a-size-base a-text-bold\">Caract\u00e9ristique sp\u00e9ciale<\/span><\/td>\n<td class=\"a-span9\"><span class=\"a-size-base po-break-word\">Bluetooth<\/span><\/td>\n<\/tr>\n<tr class=\"a-spacing-small po-recommended_uses_for_product\">\n<td class=\"a-span3\"><span class=\"a-size-base a-text-bold\">Usages recommand\u00e9s pour le produit<\/span><\/td>\n<td class=\"a-span9\"><span class=\"a-size-base po-break-word\">F\u00fcr Filme<\/span><\/td>\n<\/tr>\n<tr class=\"a-spacing-small po-compatible_devices\">\n<td class=\"a-span3\"><span class=\"a-size-base a-text-bold\">Appareils compatibles<\/span><\/td>\n<td class=\"a-span9\"><span class=\"a-size-base po-break-word\">T\u00e9l\u00e9vision, Smartphone<\/span><\/td>\n<\/tr>\n<tr class=\"a-spacing-small po-mounting_type\">\n<td class=\"a-span3\"><span class=\"a-size-base a-text-bold\">Type de fixation<\/span><\/td>\n<td class=\"a-span9\"><span class=\"a-size-base po-break-word\">Table de<\/span><\/td>\n<\/tr>\n<tr class=\"a-spacing-small po-unit_count\">\n<td class=\"a-span3\"><span class=\"a-size-base a-text-bold\">Nombre d&rsquo;unit\u00e9s<\/span><\/td>\n<td class=\"a-span9\"><span class=\"a-size-base po-break-word\">1.0 unit\u00e9<\/span><\/td>\n<\/tr>\n<tr class=\"a-spacing-small po-controller_type\">\n<td class=\"a-span3\"><span class=\"a-size-base a-text-bold\">Type de contr\u00f4leur<\/span><\/td>\n<td class=\"a-span9\"><span class=\"a-size-base po-break-word\">T\u00e9l\u00e9commande<\/span><\/td>\n<\/tr>\n<\/tbody>\n<\/table>\n","protected":false},"featured_media":16344,"template":"","meta":[],"product_brand":[],"product_cat":[151,102],"product_tag":[],"class_list":{"0":"post-16340","1":"product","2":"type-product","3":"status-publish","4":"has-post-thumbnail","6":"product_cat-home-cinema","7":"product_cat-image-son","9":"first","10":"instock","11":"taxable","12":"shipping-taxable","13":"purchasable","14":"product-type-simple"},"yoast_head":"<!-- This site is optimized with the Yoast SEO plugin v24.8.1 - https:\/\/yoast.com\/wordpress\/plugins\/seo\/ -->\n<title>Sony HT-S40R - Barre de Son 5.1ch Home Cin\u00e9ma avec Enceintes Satellites sans Fil, Noir - CBS Electro<\/title>\n<meta name=\"robots\" content=\"index, follow, max-snippet:-1, max-image-preview:large, max-video-preview:-1\" \/>\n<link rel=\"canonical\" href=\"https:\/\/cbs-electro.com\/index.php\/produit\/sony-ht-s40r-barre-de-son-5-1ch-home-cinema-avec-enceintes-satellites-sans-fil-noir\/\" \/>\n<meta property=\"og:locale\" content=\"fr_FR\" \/>\n<meta property=\"og:type\" content=\"article\" \/>\n<meta property=\"og:title\" content=\"Sony HT-S40R - Barre de Son 5.1ch Home Cin\u00e9ma avec Enceintes Satellites sans Fil, Noir - CBS Electro\" \/>\n<meta property=\"og:description\" content=\"Marque Sony   Nom de mod\u00e8le HT-S40R   Type de haut-parleur Kit d&#039;enceintes surround   Technologie de connectivit\u00e9 Bluetooth, Auxiliaire, USB, HDMI   Caract\u00e9ristique sp\u00e9ciale Bluetooth   Usages recommand\u00e9s pour le produit F\u00fcr Filme   Appareils compatibles T\u00e9l\u00e9vision, Smartphone   Type de fixation Table de   Nombre d&#039;unit\u00e9s 1.0 unit\u00e9   Type de contr\u00f4leur T\u00e9l\u00e9commande\" \/>\n<meta property=\"og:url\" content=\"https:\/\/cbs-electro.com\/index.php\/produit\/sony-ht-s40r-barre-de-son-5-1ch-home-cinema-avec-enceintes-satellites-sans-fil-noir\/\" \/>\n<meta property=\"og:site_name\" content=\"CBS Electro\" \/>\n<meta property=\"article:modified_time\" content=\"2025-03-13T06:42:14+00:00\" \/>\n<meta property=\"og:image\" content=\"https:\/\/cbs-electro.com\/wp-content\/uploads\/2023\/11\/81e64lj1DjL._AC_SL1500_.jpg\" \/>\n\t<meta property=\"og:image:width\" content=\"1500\" \/>\n\t<meta property=\"og:image:height\" content=\"1225\" \/>\n\t<meta property=\"og:image:type\" content=\"image\/jpeg\" \/>\n<meta name=\"twitter:card\" content=\"summary_large_image\" \/>\n<meta name=\"twitter:label1\" content=\"Dur\u00e9e de lecture estim\u00e9e\" \/>\n\t<meta name=\"twitter:data1\" content=\"1 minute\" \/>\n<script type=\"application\/ld+json\" class=\"yoast-schema-graph\">{\"@context\":\"https:\/\/schema.org\",\"@graph\":[{\"@type\":\"WebPage\",\"@id\":\"https:\/\/cbs-electro.com\/index.php\/produit\/sony-ht-s40r-barre-de-son-5-1ch-home-cinema-avec-enceintes-satellites-sans-fil-noir\/\",\"url\":\"https:\/\/cbs-electro.com\/index.php\/produit\/sony-ht-s40r-barre-de-son-5-1ch-home-cinema-avec-enceintes-satellites-sans-fil-noir\/\",\"name\":\"Sony HT-S40R - Barre de Son 5.1ch Home Cin\u00e9ma avec Enceintes Satellites sans Fil, Noir - CBS Electro\",\"isPartOf\":{\"@id\":\"https:\/\/www.cbs-electro.com\/#website\"},\"primaryImageOfPage\":{\"@id\":\"https:\/\/cbs-electro.com\/index.php\/produit\/sony-ht-s40r-barre-de-son-5-1ch-home-cinema-avec-enceintes-satellites-sans-fil-noir\/#primaryimage\"},\"image\":{\"@id\":\"https:\/\/cbs-electro.com\/index.php\/produit\/sony-ht-s40r-barre-de-son-5-1ch-home-cinema-avec-enceintes-satellites-sans-fil-noir\/#primaryimage\"},\"thumbnailUrl\":\"https:\/\/cbs-electro.com\/wp-content\/uploads\/2023\/11\/81e64lj1DjL._AC_SL1500_.jpg\",\"datePublished\":\"2023-11-24T17:58:37+00:00\",\"dateModified\":\"2025-03-13T06:42:14+00:00\",\"breadcrumb\":{\"@id\":\"https:\/\/cbs-electro.com\/index.php\/produit\/sony-ht-s40r-barre-de-son-5-1ch-home-cinema-avec-enceintes-satellites-sans-fil-noir\/#breadcrumb\"},\"inLanguage\":\"fr-FR\",\"potentialAction\":[{\"@type\":\"ReadAction\",\"target\":[\"https:\/\/cbs-electro.com\/index.php\/produit\/sony-ht-s40r-barre-de-son-5-1ch-home-cinema-avec-enceintes-satellites-sans-fil-noir\/\"]}]},{\"@type\":\"ImageObject\",\"inLanguage\":\"fr-FR\",\"@id\":\"https:\/\/cbs-electro.com\/index.php\/produit\/sony-ht-s40r-barre-de-son-5-1ch-home-cinema-avec-enceintes-satellites-sans-fil-noir\/#primaryimage\",\"url\":\"https:\/\/cbs-electro.com\/wp-content\/uploads\/2023\/11\/81e64lj1DjL._AC_SL1500_.jpg\",\"contentUrl\":\"https:\/\/cbs-electro.com\/wp-content\/uploads\/2023\/11\/81e64lj1DjL._AC_SL1500_.jpg\",\"width\":1500,\"height\":1225},{\"@type\":\"BreadcrumbList\",\"@id\":\"https:\/\/cbs-electro.com\/index.php\/produit\/sony-ht-s40r-barre-de-son-5-1ch-home-cinema-avec-enceintes-satellites-sans-fil-noir\/#breadcrumb\",\"itemListElement\":[{\"@type\":\"ListItem\",\"position\":1,\"name\":\"Accueil\",\"item\":\"https:\/\/www.cbs-electro.com\/\"},{\"@type\":\"ListItem\",\"position\":2,\"name\":\"Boutique\",\"item\":\"https:\/\/www.cbs-electro.com\/index.php\/boutique\/\"},{\"@type\":\"ListItem\",\"position\":3,\"name\":\"Sony HT-S40R &#8211; Barre de Son 5.1ch Home Cin\u00e9ma avec Enceintes Satellites sans Fil, Noir\"}]},{\"@type\":\"WebSite\",\"@id\":\"https:\/\/www.cbs-electro.com\/#website\",\"url\":\"https:\/\/www.cbs-electro.com\/\",\"name\":\"CBS Electro\",\"description\":\"Vente des produits neufs - Informatique, Smartphones, livres, jeux vid\u00e9o, photos, jouets et \u00e9lectrom\u00e9nager\",\"potentialAction\":[{\"@type\":\"SearchAction\",\"target\":{\"@type\":\"EntryPoint\",\"urlTemplate\":\"https:\/\/www.cbs-electro.com\/?s={search_term_string}\"},\"query-input\":{\"@type\":\"PropertyValueSpecification\",\"valueRequired\":true,\"valueName\":\"search_term_string\"}}],\"inLanguage\":\"fr-FR\"}]}<\/script>\n<!-- \/ Yoast SEO plugin. -->","yoast_head_json":{"title":"Sony HT-S40R - Barre de Son 5.1ch Home Cin\u00e9ma avec Enceintes Satellites sans Fil, Noir - CBS Electro","robots":{"index":"index","follow":"follow","max-snippet":"max-snippet:-1","max-image-preview":"max-image-preview:large","max-video-preview":"max-video-preview:-1"},"canonical":"https:\/\/cbs-electro.com\/index.php\/produit\/sony-ht-s40r-barre-de-son-5-1ch-home-cinema-avec-enceintes-satellites-sans-fil-noir\/","og_locale":"fr_FR","og_type":"article","og_title":"Sony HT-S40R - Barre de Son 5.1ch Home Cin\u00e9ma avec Enceintes Satellites sans Fil, Noir - CBS Electro","og_description":"Marque Sony   Nom de mod\u00e8le HT-S40R   Type de haut-parleur Kit d'enceintes surround   Technologie de connectivit\u00e9 Bluetooth, Auxiliaire, USB, HDMI   Caract\u00e9ristique sp\u00e9ciale Bluetooth   Usages recommand\u00e9s pour le produit F\u00fcr Filme   Appareils compatibles T\u00e9l\u00e9vision, Smartphone   Type de fixation Table de   Nombre d'unit\u00e9s 1.0 unit\u00e9   Type de contr\u00f4leur T\u00e9l\u00e9commande","og_url":"https:\/\/cbs-electro.com\/index.php\/produit\/sony-ht-s40r-barre-de-son-5-1ch-home-cinema-avec-enceintes-satellites-sans-fil-noir\/","og_site_name":"CBS Electro","article_modified_time":"2025-03-13T06:42:14+00:00","og_image":[{"width":1500,"height":1225,"url":"https:\/\/cbs-electro.com\/wp-content\/uploads\/2023\/11\/81e64lj1DjL._AC_SL1500_.jpg","type":"image\/jpeg"}],"twitter_card":"summary_large_image","twitter_misc":{"Dur\u00e9e de lecture estim\u00e9e":"1 minute"},"schema":{"@context":"https:\/\/schema.org","@graph":[{"@type":"WebPage","@id":"https:\/\/cbs-electro.com\/index.php\/produit\/sony-ht-s40r-barre-de-son-5-1ch-home-cinema-avec-enceintes-satellites-sans-fil-noir\/","url":"https:\/\/cbs-electro.com\/index.php\/produit\/sony-ht-s40r-barre-de-son-5-1ch-home-cinema-avec-enceintes-satellites-sans-fil-noir\/","name":"Sony HT-S40R - Barre de Son 5.1ch Home Cin\u00e9ma avec Enceintes Satellites sans Fil, Noir - CBS Electro","isPartOf":{"@id":"https:\/\/www.cbs-electro.com\/#website"},"primaryImageOfPage":{"@id":"https:\/\/cbs-electro.com\/index.php\/produit\/sony-ht-s40r-barre-de-son-5-1ch-home-cinema-avec-enceintes-satellites-sans-fil-noir\/#primaryimage"},"image":{"@id":"https:\/\/cbs-electro.com\/index.php\/produit\/sony-ht-s40r-barre-de-son-5-1ch-home-cinema-avec-enceintes-satellites-sans-fil-noir\/#primaryimage"},"thumbnailUrl":"https:\/\/cbs-electro.com\/wp-content\/uploads\/2023\/11\/81e64lj1DjL._AC_SL1500_.jpg","datePublished":"2023-11-24T17:58:37+00:00","dateModified":"2025-03-13T06:42:14+00:00","breadcrumb":{"@id":"https:\/\/cbs-electro.com\/index.php\/produit\/sony-ht-s40r-barre-de-son-5-1ch-home-cinema-avec-enceintes-satellites-sans-fil-noir\/#breadcrumb"},"inLanguage":"fr-FR","potentialAction":[{"@type":"ReadAction","target":["https:\/\/cbs-electro.com\/index.php\/produit\/sony-ht-s40r-barre-de-son-5-1ch-home-cinema-avec-enceintes-satellites-sans-fil-noir\/"]}]},{"@type":"ImageObject","inLanguage":"fr-FR","@id":"https:\/\/cbs-electro.com\/index.php\/produit\/sony-ht-s40r-barre-de-son-5-1ch-home-cinema-avec-enceintes-satellites-sans-fil-noir\/#primaryimage","url":"https:\/\/cbs-electro.com\/wp-content\/uploads\/2023\/11\/81e64lj1DjL._AC_SL1500_.jpg","contentUrl":"https:\/\/cbs-electro.com\/wp-content\/uploads\/2023\/11\/81e64lj1DjL._AC_SL1500_.jpg","width":1500,"height":1225},{"@type":"BreadcrumbList","@id":"https:\/\/cbs-electro.com\/index.php\/produit\/sony-ht-s40r-barre-de-son-5-1ch-home-cinema-avec-enceintes-satellites-sans-fil-noir\/#breadcrumb","itemListElement":[{"@type":"ListItem","position":1,"name":"Accueil","item":"https:\/\/www.cbs-electro.com\/"},{"@type":"ListItem","position":2,"name":"Boutique","item":"https:\/\/www.cbs-electro.com\/index.php\/boutique\/"},{"@type":"ListItem","position":3,"name":"Sony HT-S40R &#8211; Barre de Son 5.1ch Home Cin\u00e9ma avec Enceintes Satellites sans Fil, Noir"}]},{"@type":"WebSite","@id":"https:\/\/www.cbs-electro.com\/#website","url":"https:\/\/www.cbs-electro.com\/","name":"CBS Electro","description":"Vente des produits neufs - Informatique, Smartphones, livres, jeux vid\u00e9o, photos, jouets et \u00e9lectrom\u00e9nager","potentialAction":[{"@type":"SearchAction","target":{"@type":"EntryPoint","urlTemplate":"https:\/\/www.cbs-electro.com\/?s={search_term_string}"},"query-input":{"@type":"PropertyValueSpecification","valueRequired":true,"valueName":"search_term_string"}}],"inLanguage":"fr-FR"}]}},"_links":{"self":[{"href":"https:\/\/cbs-electro.com\/index.php\/wp-json\/wp\/v2\/product\/16340","targetHints":{"allow":["GET"]}}],"collection":[{"href":"https:\/\/cbs-electro.com\/index.php\/wp-json\/wp\/v2\/product"}],"about":[{"href":"https:\/\/cbs-electro.com\/index.php\/wp-json\/wp\/v2\/types\/product"}],"version-history":[{"count":1,"href":"https:\/\/cbs-electro.com\/index.php\/wp-json\/wp\/v2\/product\/16340\/revisions"}],"predecessor-version":[{"id":16345,"href":"https:\/\/cbs-electro.com\/index.php\/wp-json\/wp\/v2\/product\/16340\/revisions\/16345"}],"wp:featuredmedia":[{"embeddable":true,"href":"https:\/\/cbs-electro.com\/index.php\/wp-json\/wp\/v2\/media\/16344"}],"wp:attachment":[{"href":"https:\/\/cbs-electro.com\/index.php\/wp-json\/wp\/v2\/media?parent=16340"}],"wp:term":[{"taxonomy":"product_brand","embeddable":true,"href":"https:\/\/cbs-electro.com\/index.php\/wp-json\/wp\/v2\/product_brand?post=16340"},{"taxonomy":"product_cat","embeddable":true,"href":"https:\/\/cbs-electro.com\/index.php\/wp-json\/wp\/v2\/product_cat?post=16340"},{"taxonomy":"product_tag","embeddable":true,"href":"https:\/\/cbs-electro.com\/index.php\/wp-json\/wp\/v2\/product_tag?post=16340"}],"curies":[{"name":"wp","href":"https:\/\/api.w.org\/{rel}","templated":true}]}}