{"id":16324,"date":"2023-11-24T18:18:40","date_gmt":"2023-11-24T17:18:40","guid":{"rendered":"https:\/?post_type=product&#038;p=16324"},"modified":"2025-03-13T07:42:32","modified_gmt":"2025-03-13T06:42:32","slug":"samsung-50q60c-televiseur-qled-50-4k-2023-classe-energetique-e","status":"publish","type":"product","link":"https:\/\/cbs-electro.com\/index.php\/produit\/samsung-50q60c-televiseur-qled-50-4k-2023-classe-energetique-e\/","title":{"rendered":"Samsung 50Q60C T\u00e9l\u00e9viseur QLED 50&Prime; 4K 2023 [Classe \u00e9nerg\u00e9tique E]"},"content":{"rendered":"<h1 class=\"a-size-base-plus a-text-bold\">\u00c0 propos de cet article<\/h1>\n<ul class=\"a-unordered-list a-vertical a-spacing-mini\">\n<li class=\"a-spacing-mini\"><span class=\"a-list-item\">Technologie des points quantiques\u00a0: convertit la lumi\u00e8re en plus d&rsquo;un milliard de couleurs pures, m\u00eame au niveau de luminosit\u00e9 le plus \u00e9lev\u00e9.<\/span><\/li>\n<li class=\"a-spacing-mini\"><span class=\"a-list-item\">Quantum HDR10+\u00a0: d\u00e9couvrez la puissance de chaque image au-del\u00e0 de toute norme, en mettant en valeur les d\u00e9tails et le contraste.<\/span><\/li>\n<li class=\"a-spacing-mini\"><span class=\"a-list-item\">Smart TV aliment\u00e9e par Tizen\u00a0: profitez de votre contenu, jouez dans le cloud avec Gaming Hub ou contr\u00f4lez vos appareils connect\u00e9s avec SmartThings.<\/span><\/li>\n<li class=\"a-spacing-mini\"><span class=\"a-list-item\">Multi View\u00a0: profitez de jusqu&rsquo;\u00e0 4 contenus simultan\u00e9ment en divisant votre t\u00e9l\u00e9viseur en plusieurs \u00e9crans. Choisissez la taille et le volume de chacun d&rsquo;entre eux.<\/span><\/li>\n<li class=\"a-spacing-mini\"><span class=\"a-list-item\">Q-Symphony\u00a0: profitez de tous vos haut-parleurs en m\u00eame temps. Cette technologie exclusive de Samsung associe le son de votre t\u00e9l\u00e9viseur \u00e0 celui de votre barre de son, sans en annuler aucune.<\/span><\/li>\n<\/ul>\n<div class=\"a-row\">\n<div class=\"a-column a-span6\">\n<h1 class=\"a-size-medium a-spacing-small\">Descriptif technique<\/h1>\n<\/div>\n<\/div>\n<div class=\"a-expander-content a-expander-extend-content\" aria-expanded=\"true\">\n<div class=\"a-row a-expander-container a-expander-inline-container\">\n<div class=\"a-expander-content a-expander-section-content a-section-expander-inner\" aria-expanded=\"true\">\n<table id=\"productDetails_techSpec_section_1\" class=\"a-keyvalue prodDetTable\" role=\"presentation\">\n<tbody>\n<tr>\n<th class=\"a-color-secondary a-size-base prodDetSectionEntry\">Marque<\/th>\n<td class=\"a-size-base prodDetAttrValue\">\u200eSamsung<\/td>\n<\/tr>\n<tr>\n<th class=\"a-color-secondary a-size-base prodDetSectionEntry\">Taille de l&rsquo;\u00e9cran<\/th>\n<td class=\"a-size-base prodDetAttrValue\">\u200e50 Pouces<\/td>\n<\/tr>\n<tr>\n<th class=\"a-color-secondary a-size-base prodDetSectionEntry\">Technologie d&rsquo;affichage<\/th>\n<td class=\"a-size-base prodDetAttrValue\">\u200eQLED<\/td>\n<\/tr>\n<tr>\n<th class=\"a-color-secondary a-size-base prodDetSectionEntry\">Fr\u00e9quence de balayage<\/th>\n<td class=\"a-size-base prodDetAttrValue\">\u200e50<\/td>\n<\/tr>\n<tr>\n<th class=\"a-color-secondary a-size-base prodDetSectionEntry\">Format HD<\/th>\n<td class=\"a-size-base prodDetAttrValue\">\u200e4K Ultra HD<\/td>\n<\/tr>\n<tr>\n<th class=\"a-color-secondary a-size-base prodDetSectionEntry\">Format de l\u2019image<\/th>\n<td class=\"a-size-base prodDetAttrValue\">\u200e4:3<\/td>\n<\/tr>\n<tr>\n<th class=\"a-color-secondary a-size-base prodDetSectionEntry\">Connexions<\/th>\n<td class=\"a-size-base prodDetAttrValue\">\u200eBluetooth^HDMI^USB^Wi-Fi<\/td>\n<\/tr>\n<tr>\n<th class=\"a-color-secondary a-size-base prodDetSectionEntry\">Nombre de ports HDMI<\/th>\n<td class=\"a-size-base prodDetAttrValue\">\u200e3<\/td>\n<\/tr>\n<tr>\n<th class=\"a-color-secondary a-size-base prodDetSectionEntry\">Nombre total de ports USB<\/th>\n<td class=\"a-size-base prodDetAttrValue\">\u200e2<\/td>\n<\/tr>\n<tr>\n<th class=\"a-color-secondary a-size-base prodDetSectionEntry\">Garantie constructeur<\/th>\n<td class=\"a-size-base prodDetAttrValue\">\u200e2 year manufacturer<\/td>\n<\/tr>\n<\/tbody>\n<\/table>\n<\/div>\n<\/div>\n<\/div>\n","protected":false},"excerpt":{"rendered":"<table class=\"a-normal a-spacing-micro\">\n<tbody>\n<tr class=\"a-spacing-small po-display.size\">\n<td class=\"a-span3\"><span class=\"a-size-base a-text-bold\">Taille de l&rsquo;\u00e9cran<\/span><\/td>\n<td class=\"a-span9\"><span class=\"a-size-base po-break-word\">50 Pouces<\/span><\/td>\n<\/tr>\n<tr class=\"a-spacing-small po-brand\">\n<td class=\"a-span3\"><span class=\"a-size-base a-text-bold\">Marque<\/span><\/td>\n<td class=\"a-span9\"><span class=\"a-size-base po-break-word\">Samsung<\/span><\/td>\n<\/tr>\n<tr class=\"a-spacing-small po-supported_internet_services\">\n<td class=\"a-span3\"><span class=\"a-size-base a-text-bold\">Services Internet pris en charge<\/span><\/td>\n<td class=\"a-span9\"><span class=\"a-size-base po-break-word\">Netflix<\/span><\/td>\n<\/tr>\n<tr class=\"a-spacing-small po-display.technology\">\n<td class=\"a-span3\"><span class=\"a-size-base a-text-bold\">Technologie d&rsquo;affichage<\/span><\/td>\n<td class=\"a-span9\"><span class=\"a-size-base po-break-word\">QLED<\/span><\/td>\n<\/tr>\n<tr class=\"a-spacing-small po-item_depth_width_height\">\n<td class=\"a-span3\"><span class=\"a-size-base a-text-bold\">Dimensions du produit<\/span><\/td>\n<td class=\"a-span9\"><span class=\"a-size-base po-break-word\">1P x 111,8l x 68,2H centim\u00e8tres<\/span><\/td>\n<\/tr>\n<tr class=\"a-spacing-small po-resolution\">\n<td class=\"a-span3\"><span class=\"a-size-base a-text-bold\">R\u00e9solution<\/span><\/td>\n<td class=\"a-span9\"><span class=\"a-size-base po-break-word\">4K<\/span><\/td>\n<\/tr>\n<tr class=\"a-spacing-small po-refresh_rate\">\n<td class=\"a-span3\"><span class=\"a-size-base a-text-bold\">Fr\u00e9quence de rafra\u00eechissement<\/span><\/td>\n<td class=\"a-span9\"><span class=\"a-size-base po-break-word\">50<\/span><\/td>\n<\/tr>\n<tr class=\"a-spacing-small po-included_components\">\n<td class=\"a-span3\"><span class=\"a-size-base a-text-bold\">Composants inclus<\/span><\/td>\n<td class=\"a-span9\"><span class=\"a-size-base po-break-word\">T\u00e9l\u00e9commande, manuel d&rsquo;utilisation, manuel \u00e9lectronique, c\u00e2ble d&rsquo;alimentation.<\/span><\/td>\n<\/tr>\n<tr class=\"a-spacing-small po-connectivity_technology\">\n<td class=\"a-span3\"><span class=\"a-size-base a-text-bold\">Technologie de connectivit\u00e9<\/span><\/td>\n<td class=\"a-span9\"><span class=\"a-size-base po-break-word\">Bluetooth^HDMI^USB^Wi-Fi<\/span><\/td>\n<\/tr>\n<tr class=\"a-spacing-small po-item_weight\">\n<td class=\"a-span3\"><span class=\"a-size-base a-text-bold\">Poids de l&rsquo;article<\/span><\/td>\n<td class=\"a-span9\"><span class=\"a-size-base po-break-word\">11,8 Kilogrammes<\/span><\/td>\n<\/tr>\n<\/tbody>\n<\/table>\n","protected":false},"featured_media":16329,"template":"","meta":[],"product_brand":[],"product_cat":[102,148],"product_tag":[],"class_list":{"0":"post-16324","1":"product","2":"type-product","3":"status-publish","4":"has-post-thumbnail","6":"product_cat-image-son","7":"product_cat-tv","9":"first","10":"instock","11":"taxable","12":"shipping-taxable","13":"purchasable","14":"product-type-simple"},"yoast_head":"<!-- This site is optimized with the Yoast SEO plugin v24.8.1 - https:\/\/yoast.com\/wordpress\/plugins\/seo\/ -->\n<title>Samsung 50Q60C T\u00e9l\u00e9viseur QLED 50&quot; 4K 2023 [Classe \u00e9nerg\u00e9tique E] - CBS Electro<\/title>\n<meta name=\"robots\" content=\"index, follow, max-snippet:-1, max-image-preview:large, max-video-preview:-1\" \/>\n<link rel=\"canonical\" href=\"https:\/\/cbs-electro.com\/index.php\/produit\/samsung-50q60c-televiseur-qled-50-4k-2023-classe-energetique-e\/\" \/>\n<meta property=\"og:locale\" content=\"fr_FR\" \/>\n<meta property=\"og:type\" content=\"article\" \/>\n<meta property=\"og:title\" content=\"Samsung 50Q60C T\u00e9l\u00e9viseur QLED 50&quot; 4K 2023 [Classe \u00e9nerg\u00e9tique E] - CBS Electro\" \/>\n<meta property=\"og:description\" content=\"Taille de l&#039;\u00e9cran 50 Pouces   Marque Samsung   Services Internet pris en charge Netflix   Technologie d&#039;affichage QLED   Dimensions du produit 1P x 111,8l x 68,2H centim\u00e8tres   R\u00e9solution 4K   Fr\u00e9quence de rafra\u00eechissement 50   Composants inclus T\u00e9l\u00e9commande, manuel d&#039;utilisation, manuel \u00e9lectronique, c\u00e2ble d&#039;alimentation.   Technologie de connectivit\u00e9 Bluetooth^HDMI^USB^Wi-Fi   Poids de l&#039;article 11,8 Kilogrammes\" \/>\n<meta property=\"og:url\" content=\"https:\/\/cbs-electro.com\/index.php\/produit\/samsung-50q60c-televiseur-qled-50-4k-2023-classe-energetique-e\/\" \/>\n<meta property=\"og:site_name\" content=\"CBS Electro\" \/>\n<meta property=\"article:modified_time\" content=\"2025-03-13T06:42:32+00:00\" \/>\n<meta property=\"og:image\" content=\"https:\/\/cbs-electro.com\/wp-content\/uploads\/2023\/11\/81W4MbZDa8L._AC_SL1500_.jpg\" \/>\n\t<meta property=\"og:image:width\" content=\"1500\" \/>\n\t<meta property=\"og:image:height\" content=\"1062\" \/>\n\t<meta property=\"og:image:type\" content=\"image\/jpeg\" \/>\n<meta name=\"twitter:card\" content=\"summary_large_image\" \/>\n<meta name=\"twitter:label1\" content=\"Dur\u00e9e de lecture estim\u00e9e\" \/>\n\t<meta name=\"twitter:data1\" content=\"1 minute\" \/>\n<script type=\"application\/ld+json\" class=\"yoast-schema-graph\">{\"@context\":\"https:\/\/schema.org\",\"@graph\":[{\"@type\":\"WebPage\",\"@id\":\"https:\/\/cbs-electro.com\/index.php\/produit\/samsung-50q60c-televiseur-qled-50-4k-2023-classe-energetique-e\/\",\"url\":\"https:\/\/cbs-electro.com\/index.php\/produit\/samsung-50q60c-televiseur-qled-50-4k-2023-classe-energetique-e\/\",\"name\":\"Samsung 50Q60C T\u00e9l\u00e9viseur QLED 50\\\" 4K 2023 [Classe \u00e9nerg\u00e9tique E] - CBS Electro\",\"isPartOf\":{\"@id\":\"https:\/\/www.cbs-electro.com\/#website\"},\"primaryImageOfPage\":{\"@id\":\"https:\/\/cbs-electro.com\/index.php\/produit\/samsung-50q60c-televiseur-qled-50-4k-2023-classe-energetique-e\/#primaryimage\"},\"image\":{\"@id\":\"https:\/\/cbs-electro.com\/index.php\/produit\/samsung-50q60c-televiseur-qled-50-4k-2023-classe-energetique-e\/#primaryimage\"},\"thumbnailUrl\":\"https:\/\/cbs-electro.com\/wp-content\/uploads\/2023\/11\/81W4MbZDa8L._AC_SL1500_.jpg\",\"datePublished\":\"2023-11-24T17:18:40+00:00\",\"dateModified\":\"2025-03-13T06:42:32+00:00\",\"breadcrumb\":{\"@id\":\"https:\/\/cbs-electro.com\/index.php\/produit\/samsung-50q60c-televiseur-qled-50-4k-2023-classe-energetique-e\/#breadcrumb\"},\"inLanguage\":\"fr-FR\",\"potentialAction\":[{\"@type\":\"ReadAction\",\"target\":[\"https:\/\/cbs-electro.com\/index.php\/produit\/samsung-50q60c-televiseur-qled-50-4k-2023-classe-energetique-e\/\"]}]},{\"@type\":\"ImageObject\",\"inLanguage\":\"fr-FR\",\"@id\":\"https:\/\/cbs-electro.com\/index.php\/produit\/samsung-50q60c-televiseur-qled-50-4k-2023-classe-energetique-e\/#primaryimage\",\"url\":\"https:\/\/cbs-electro.com\/wp-content\/uploads\/2023\/11\/81W4MbZDa8L._AC_SL1500_.jpg\",\"contentUrl\":\"https:\/\/cbs-electro.com\/wp-content\/uploads\/2023\/11\/81W4MbZDa8L._AC_SL1500_.jpg\",\"width\":1500,\"height\":1062},{\"@type\":\"BreadcrumbList\",\"@id\":\"https:\/\/cbs-electro.com\/index.php\/produit\/samsung-50q60c-televiseur-qled-50-4k-2023-classe-energetique-e\/#breadcrumb\",\"itemListElement\":[{\"@type\":\"ListItem\",\"position\":1,\"name\":\"Accueil\",\"item\":\"https:\/\/www.cbs-electro.com\/\"},{\"@type\":\"ListItem\",\"position\":2,\"name\":\"Boutique\",\"item\":\"https:\/\/www.cbs-electro.com\/index.php\/boutique\/\"},{\"@type\":\"ListItem\",\"position\":3,\"name\":\"Samsung 50Q60C T\u00e9l\u00e9viseur QLED 50&Prime; 4K 2023 [Classe \u00e9nerg\u00e9tique E]\"}]},{\"@type\":\"WebSite\",\"@id\":\"https:\/\/www.cbs-electro.com\/#website\",\"url\":\"https:\/\/www.cbs-electro.com\/\",\"name\":\"CBS Electro\",\"description\":\"Vente des produits neufs - Informatique, Smartphones, livres, jeux vid\u00e9o, photos, jouets et \u00e9lectrom\u00e9nager\",\"potentialAction\":[{\"@type\":\"SearchAction\",\"target\":{\"@type\":\"EntryPoint\",\"urlTemplate\":\"https:\/\/www.cbs-electro.com\/?s={search_term_string}\"},\"query-input\":{\"@type\":\"PropertyValueSpecification\",\"valueRequired\":true,\"valueName\":\"search_term_string\"}}],\"inLanguage\":\"fr-FR\"}]}<\/script>\n<!-- \/ Yoast SEO plugin. -->","yoast_head_json":{"title":"Samsung 50Q60C T\u00e9l\u00e9viseur QLED 50\" 4K 2023 [Classe \u00e9nerg\u00e9tique E] - CBS Electro","robots":{"index":"index","follow":"follow","max-snippet":"max-snippet:-1","max-image-preview":"max-image-preview:large","max-video-preview":"max-video-preview:-1"},"canonical":"https:\/\/cbs-electro.com\/index.php\/produit\/samsung-50q60c-televiseur-qled-50-4k-2023-classe-energetique-e\/","og_locale":"fr_FR","og_type":"article","og_title":"Samsung 50Q60C T\u00e9l\u00e9viseur QLED 50\" 4K 2023 [Classe \u00e9nerg\u00e9tique E] - CBS Electro","og_description":"Taille de l'\u00e9cran 50 Pouces   Marque Samsung   Services Internet pris en charge Netflix   Technologie d'affichage QLED   Dimensions du produit 1P x 111,8l x 68,2H centim\u00e8tres   R\u00e9solution 4K   Fr\u00e9quence de rafra\u00eechissement 50   Composants inclus T\u00e9l\u00e9commande, manuel d'utilisation, manuel \u00e9lectronique, c\u00e2ble d'alimentation.   Technologie de connectivit\u00e9 Bluetooth^HDMI^USB^Wi-Fi   Poids de l'article 11,8 Kilogrammes","og_url":"https:\/\/cbs-electro.com\/index.php\/produit\/samsung-50q60c-televiseur-qled-50-4k-2023-classe-energetique-e\/","og_site_name":"CBS Electro","article_modified_time":"2025-03-13T06:42:32+00:00","og_image":[{"width":1500,"height":1062,"url":"https:\/\/cbs-electro.com\/wp-content\/uploads\/2023\/11\/81W4MbZDa8L._AC_SL1500_.jpg","type":"image\/jpeg"}],"twitter_card":"summary_large_image","twitter_misc":{"Dur\u00e9e de lecture estim\u00e9e":"1 minute"},"schema":{"@context":"https:\/\/schema.org","@graph":[{"@type":"WebPage","@id":"https:\/\/cbs-electro.com\/index.php\/produit\/samsung-50q60c-televiseur-qled-50-4k-2023-classe-energetique-e\/","url":"https:\/\/cbs-electro.com\/index.php\/produit\/samsung-50q60c-televiseur-qled-50-4k-2023-classe-energetique-e\/","name":"Samsung 50Q60C T\u00e9l\u00e9viseur QLED 50\" 4K 2023 [Classe \u00e9nerg\u00e9tique E] - CBS Electro","isPartOf":{"@id":"https:\/\/www.cbs-electro.com\/#website"},"primaryImageOfPage":{"@id":"https:\/\/cbs-electro.com\/index.php\/produit\/samsung-50q60c-televiseur-qled-50-4k-2023-classe-energetique-e\/#primaryimage"},"image":{"@id":"https:\/\/cbs-electro.com\/index.php\/produit\/samsung-50q60c-televiseur-qled-50-4k-2023-classe-energetique-e\/#primaryimage"},"thumbnailUrl":"https:\/\/cbs-electro.com\/wp-content\/uploads\/2023\/11\/81W4MbZDa8L._AC_SL1500_.jpg","datePublished":"2023-11-24T17:18:40+00:00","dateModified":"2025-03-13T06:42:32+00:00","breadcrumb":{"@id":"https:\/\/cbs-electro.com\/index.php\/produit\/samsung-50q60c-televiseur-qled-50-4k-2023-classe-energetique-e\/#breadcrumb"},"inLanguage":"fr-FR","potentialAction":[{"@type":"ReadAction","target":["https:\/\/cbs-electro.com\/index.php\/produit\/samsung-50q60c-televiseur-qled-50-4k-2023-classe-energetique-e\/"]}]},{"@type":"ImageObject","inLanguage":"fr-FR","@id":"https:\/\/cbs-electro.com\/index.php\/produit\/samsung-50q60c-televiseur-qled-50-4k-2023-classe-energetique-e\/#primaryimage","url":"https:\/\/cbs-electro.com\/wp-content\/uploads\/2023\/11\/81W4MbZDa8L._AC_SL1500_.jpg","contentUrl":"https:\/\/cbs-electro.com\/wp-content\/uploads\/2023\/11\/81W4MbZDa8L._AC_SL1500_.jpg","width":1500,"height":1062},{"@type":"BreadcrumbList","@id":"https:\/\/cbs-electro.com\/index.php\/produit\/samsung-50q60c-televiseur-qled-50-4k-2023-classe-energetique-e\/#breadcrumb","itemListElement":[{"@type":"ListItem","position":1,"name":"Accueil","item":"https:\/\/www.cbs-electro.com\/"},{"@type":"ListItem","position":2,"name":"Boutique","item":"https:\/\/www.cbs-electro.com\/index.php\/boutique\/"},{"@type":"ListItem","position":3,"name":"Samsung 50Q60C T\u00e9l\u00e9viseur QLED 50&Prime; 4K 2023 [Classe \u00e9nerg\u00e9tique E]"}]},{"@type":"WebSite","@id":"https:\/\/www.cbs-electro.com\/#website","url":"https:\/\/www.cbs-electro.com\/","name":"CBS Electro","description":"Vente des produits neufs - Informatique, Smartphones, livres, jeux vid\u00e9o, photos, jouets et \u00e9lectrom\u00e9nager","potentialAction":[{"@type":"SearchAction","target":{"@type":"EntryPoint","urlTemplate":"https:\/\/www.cbs-electro.com\/?s={search_term_string}"},"query-input":{"@type":"PropertyValueSpecification","valueRequired":true,"valueName":"search_term_string"}}],"inLanguage":"fr-FR"}]}},"_links":{"self":[{"href":"https:\/\/cbs-electro.com\/index.php\/wp-json\/wp\/v2\/product\/16324","targetHints":{"allow":["GET"]}}],"collection":[{"href":"https:\/\/cbs-electro.com\/index.php\/wp-json\/wp\/v2\/product"}],"about":[{"href":"https:\/\/cbs-electro.com\/index.php\/wp-json\/wp\/v2\/types\/product"}],"version-history":[{"count":1,"href":"https:\/\/cbs-electro.com\/index.php\/wp-json\/wp\/v2\/product\/16324\/revisions"}],"predecessor-version":[{"id":16330,"href":"https:\/\/cbs-electro.com\/index.php\/wp-json\/wp\/v2\/product\/16324\/revisions\/16330"}],"wp:featuredmedia":[{"embeddable":true,"href":"https:\/\/cbs-electro.com\/index.php\/wp-json\/wp\/v2\/media\/16329"}],"wp:attachment":[{"href":"https:\/\/cbs-electro.com\/index.php\/wp-json\/wp\/v2\/media?parent=16324"}],"wp:term":[{"taxonomy":"product_brand","embeddable":true,"href":"https:\/\/cbs-electro.com\/index.php\/wp-json\/wp\/v2\/product_brand?post=16324"},{"taxonomy":"product_cat","embeddable":true,"href":"https:\/\/cbs-electro.com\/index.php\/wp-json\/wp\/v2\/product_cat?post=16324"},{"taxonomy":"product_tag","embeddable":true,"href":"https:\/\/cbs-electro.com\/index.php\/wp-json\/wp\/v2\/product_tag?post=16324"}],"curies":[{"name":"wp","href":"https:\/\/api.w.org\/{rel}","templated":true}]}}