{"id":16318,"date":"2023-11-24T18:13:30","date_gmt":"2023-11-24T17:13:30","guid":{"rendered":"https:\/?post_type=product&#038;p=16318"},"modified":"2025-03-13T07:42:55","modified_gmt":"2025-03-13T06:42:55","slug":"philips-ambilight-pus8508-139-cm-55-pouces-smart-4k-led-tv-uhd-hdr10","status":"publish","type":"product","link":"https:\/\/cbs-electro.com\/index.php\/produit\/philips-ambilight-pus8508-139-cm-55-pouces-smart-4k-led-tv-uhd-hdr10\/","title":{"rendered":"Philips Ambilight PUS8508 139 cm (55 Pouces) Smart 4K LED TV | UHD &#038; HDR10+"},"content":{"rendered":"<h1 class=\"a-size-base-plus a-text-bold\">\u00c0 propos de cet article<\/h1>\n<ul class=\"a-unordered-list a-vertical a-spacing-mini\">\n<li class=\"a-spacing-mini\"><span class=\"a-list-item\">DES IMAGES ULTRA NETTES : Le moteur P5 Perfect Picture optimise la qualit\u00e9 d&rsquo;image pour des visuels ultra-nets et \u00e9clatants, compatible HDR10+, Dolby Vision et HLG<\/span><\/li>\n<li class=\"a-spacing-mini\"><span class=\"a-list-item\">AMBILIGHT IMMERSIF : D\u00e9couvrez un spectacle lumineux \u00e9poustouflant gr\u00e2ce \u00e0 la technologie de r\u00e9tro\u00e9clairage Ambilight sur 3 c\u00f4t\u00e9s avec les fonctions Wall Colour Adaptive, Lounge Mode, Game Mode, Ambilight Music et AmbiSleep.<\/span><\/li>\n<li class=\"a-spacing-mini\"><span class=\"a-list-item\">SMART TV : Avec Google TV, acc\u00e9dez \u00e0 Amazon Prime Video, Netflix, Disney+ et Youtube, commande vocale via Alexa ou Google Assistant, et compatibilit\u00e9 de la t\u00e9l\u00e9vision interactive HbbTV.<\/span><\/li>\n<li class=\"a-spacing-mini\"><span class=\"a-list-item\">ID\u00c9ALE POUR LE GAMING : Taux de rafra\u00eechissement de 60 Hz, r\u00e9glage automatique de la faible latence d&rsquo;entr\u00e9e, HMDI 2.0 et Geforce Now pour un jeu de qualit\u00e9.<\/span><\/li>\n<li class=\"a-spacing-mini\"><span class=\"a-list-item\">SON CIN\u00c9MATOGRAPHIQUE : Les haut-parleurs int\u00e9gr\u00e9s de 20 W, les fonctions A.I. Sound &amp; EQ, Dolby Atmos, Bass Enhancement et Volume Leveller offrent un son incroyablement r\u00e9aliste, riche et immersif chez vous.<\/span><\/li>\n<\/ul>\n<div class=\"a-row\">\n<div class=\"a-column a-span6\">\n<h1 class=\"a-size-medium a-spacing-small\">Descriptif technique<\/h1>\n<\/div>\n<\/div>\n<div class=\"a-expander-content a-expander-extend-content\" aria-expanded=\"true\">\n<div class=\"a-row a-expander-container a-expander-inline-container\">\n<div class=\"a-expander-content a-expander-section-content a-section-expander-inner\" aria-expanded=\"true\">\n<table id=\"productDetails_techSpec_section_1\" class=\"a-keyvalue prodDetTable\" role=\"presentation\">\n<tbody>\n<tr>\n<th class=\"a-color-secondary a-size-base prodDetSectionEntry\">Marque<\/th>\n<td class=\"a-size-base prodDetAttrValue\">\u200ePhilips<\/td>\n<\/tr>\n<tr>\n<th class=\"a-color-secondary a-size-base prodDetSectionEntry\">Couleur<\/th>\n<td class=\"a-size-base prodDetAttrValue\">\u200eCadre gris anthracite<\/td>\n<\/tr>\n<tr>\n<th class=\"a-color-secondary a-size-base prodDetSectionEntry\">Taille de l&rsquo;\u00e9cran<\/th>\n<td class=\"a-size-base prodDetAttrValue\">\u200e55 Pouces<\/td>\n<\/tr>\n<tr>\n<th class=\"a-color-secondary a-size-base prodDetSectionEntry\">Technologie d&rsquo;affichage<\/th>\n<td class=\"a-size-base prodDetAttrValue\">\u200eLED<\/td>\n<\/tr>\n<tr>\n<th class=\"a-color-secondary a-size-base prodDetSectionEntry\">Fonctions<\/th>\n<td class=\"a-size-base prodDetAttrValue\">\u200eAmbilight<\/td>\n<\/tr>\n<tr>\n<th class=\"a-color-secondary a-size-base prodDetSectionEntry\">Fr\u00e9quence de balayage<\/th>\n<td class=\"a-size-base prodDetAttrValue\">\u200e60 Hz<\/td>\n<\/tr>\n<tr>\n<th class=\"a-color-secondary a-size-base prodDetSectionEntry\">Format HD<\/th>\n<td class=\"a-size-base prodDetAttrValue\">\u200e3840 x 2160 Pixels<\/td>\n<\/tr>\n<tr>\n<th class=\"a-color-secondary a-size-base prodDetSectionEntry\">Tuner<\/th>\n<td class=\"a-size-base prodDetAttrValue\">\u200eDVB-T2<\/td>\n<\/tr>\n<tr>\n<th class=\"a-color-secondary a-size-base prodDetSectionEntry\">Puissance<\/th>\n<td class=\"a-size-base prodDetAttrValue\">\u200e20 Watts<\/td>\n<\/tr>\n<tr>\n<th class=\"a-color-secondary a-size-base prodDetSectionEntry\">Type d&rsquo;installation<\/th>\n<td class=\"a-size-base prodDetAttrValue\">\u200eMontage mural<\/td>\n<\/tr>\n<tr>\n<th class=\"a-color-secondary a-size-base prodDetSectionEntry\">Format de l\u2019image<\/th>\n<td class=\"a-size-base prodDetAttrValue\">\u200e16:9<\/td>\n<\/tr>\n<tr>\n<th class=\"a-color-secondary a-size-base prodDetSectionEntry\">Connexions<\/th>\n<td class=\"a-size-base prodDetAttrValue\">\u200eWi-Fi Bluetooth<\/td>\n<\/tr>\n<tr>\n<th class=\"a-color-secondary a-size-base prodDetSectionEntry\">Nombre de ports HDMI<\/th>\n<td class=\"a-size-base prodDetAttrValue\">\u200e4<\/td>\n<\/tr>\n<tr>\n<th class=\"a-color-secondary a-size-base prodDetSectionEntry\">Nombre total de ports USB<\/th>\n<td class=\"a-size-base prodDetAttrValue\">\u200e2<\/td>\n<\/tr>\n<tr>\n<th class=\"a-color-secondary a-size-base prodDetSectionEntry\">Garantie constructeur<\/th>\n<td class=\"a-size-base prodDetAttrValue\">\u200e2 ann\u00e9es<\/td>\n<\/tr>\n<\/tbody>\n<\/table>\n<\/div>\n<\/div>\n<\/div>\n","protected":false},"excerpt":{"rendered":"<p>Philips Ambilight PUS8508 139 cm (55 Pouces) Smart 4K LED TV | UHD &amp; HDR10+ | 60Hz | Moteur P5 Perfect Picture | Dolby Atmos | Enceintes 20W | Compatible avec l&rsquo;Assistant Google &amp; Alexa [Classe \u00e9nerg\u00e9tique F]<\/p>\n<table class=\"a-normal a-spacing-micro\">\n<tbody>\n<tr class=\"a-spacing-small po-display.size\">\n<td class=\"a-span3\"><span class=\"a-size-base a-text-bold\">Taille de l&rsquo;\u00e9cran<\/span><\/td>\n<td class=\"a-span9\"><span class=\"a-size-base po-break-word\">55 Pouces<\/span><\/td>\n<\/tr>\n<tr class=\"a-spacing-small po-brand\">\n<td class=\"a-span3\"><span class=\"a-size-base a-text-bold\">Marque<\/span><\/td>\n<td class=\"a-span9\"><span class=\"a-size-base po-break-word\">Philips<\/span><\/td>\n<\/tr>\n<tr class=\"a-spacing-small po-supported_internet_services\">\n<td class=\"a-span3\"><span class=\"a-size-base a-text-bold\">Services Internet pris en charge<\/span><\/td>\n<td class=\"a-span9\"><span class=\"a-size-base po-break-word\">Netflix, Prime Video, Apple TV, Google TV<\/span><\/td>\n<\/tr>\n<tr class=\"a-spacing-small po-display.technology\">\n<td class=\"a-span3\"><span class=\"a-size-base a-text-bold\">Technologie d&rsquo;affichage<\/span><\/td>\n<td class=\"a-span9\"><span class=\"a-size-base po-break-word\">LED<\/span><\/td>\n<\/tr>\n<tr class=\"a-spacing-small po-item_depth_width_height\">\n<td class=\"a-span3\"><span class=\"a-size-base a-text-bold\">Dimensions du produit<\/span><\/td>\n<td class=\"a-span9\"><span class=\"a-size-base po-break-word\">8,1P x 123,1l x 72H centim\u00e8tres<\/span><\/td>\n<\/tr>\n<tr class=\"a-spacing-small po-resolution\">\n<td class=\"a-span3\"><span class=\"a-size-base a-text-bold\">R\u00e9solution<\/span><\/td>\n<td class=\"a-span9\"><span class=\"a-size-base po-break-word\">4K<\/span><\/td>\n<\/tr>\n<tr class=\"a-spacing-small po-refresh_rate\">\n<td class=\"a-span3\"><span class=\"a-size-base a-text-bold\">Fr\u00e9quence de rafra\u00eechissement<\/span><\/td>\n<td class=\"a-span9\"><span class=\"a-size-base po-break-word\">60 Hz<\/span><\/td>\n<\/tr>\n<tr class=\"a-spacing-small po-special_feature\">\n<td class=\"a-span3\"><span class=\"a-size-base a-text-bold\">Caract\u00e9ristique sp\u00e9ciale<\/span><\/td>\n<td class=\"a-span9\"><span class=\"a-size-base po-break-word\">Ambilight, Built-In Speaker, Game Mode, Flat<\/span><\/td>\n<\/tr>\n<tr class=\"a-spacing-small po-model_name\">\n<td class=\"a-span3\"><span class=\"a-size-base a-text-bold\">Nom de mod\u00e8le<\/span><\/td>\n<td class=\"a-span9\"><span class=\"a-size-base po-break-word\">55PUS8508\/12<\/span><\/td>\n<\/tr>\n<tr class=\"a-spacing-small po-included_components\">\n<td class=\"a-span3\"><span class=\"a-size-base a-text-bold\">Composants inclus<\/span><\/td>\n<td class=\"a-span9\"><span class=\"a-size-base po-break-word\">Cordon d&rsquo;alimentation, T\u00e9l\u00e9commande, 2 piles AAA, Support de table, Guide de d\u00e9marrage rapide<\/span><\/td>\n<\/tr>\n<\/tbody>\n<\/table>\n","protected":false},"featured_media":16322,"template":"","meta":[],"product_brand":[],"product_cat":[102,148],"product_tag":[],"class_list":{"0":"post-16318","1":"product","2":"type-product","3":"status-publish","4":"has-post-thumbnail","6":"product_cat-image-son","7":"product_cat-tv","9":"first","10":"instock","11":"taxable","12":"shipping-taxable","13":"purchasable","14":"product-type-simple"},"yoast_head":"<!-- This site is optimized with the Yoast SEO plugin v24.8.1 - https:\/\/yoast.com\/wordpress\/plugins\/seo\/ -->\n<title>Philips Ambilight PUS8508 139 cm (55 Pouces) Smart 4K LED TV | UHD &amp; HDR10+ - CBS Electro<\/title>\n<meta name=\"robots\" content=\"index, follow, max-snippet:-1, max-image-preview:large, max-video-preview:-1\" \/>\n<link rel=\"canonical\" href=\"https:\/\/cbs-electro.com\/index.php\/produit\/philips-ambilight-pus8508-139-cm-55-pouces-smart-4k-led-tv-uhd-hdr10\/\" \/>\n<meta property=\"og:locale\" content=\"fr_FR\" \/>\n<meta property=\"og:type\" content=\"article\" \/>\n<meta property=\"og:title\" content=\"Philips Ambilight PUS8508 139 cm (55 Pouces) Smart 4K LED TV | UHD &amp; HDR10+ - CBS Electro\" \/>\n<meta property=\"og:description\" content=\"Philips Ambilight PUS8508 139 cm (55 Pouces) Smart 4K LED TV | UHD &amp; HDR10+ | 60Hz | Moteur P5 Perfect Picture | Dolby Atmos | Enceintes 20W | Compatible avec l&#039;Assistant Google &amp; Alexa [Classe \u00e9nerg\u00e9tique F]    Taille de l&#039;\u00e9cran 55 Pouces   Marque Philips   Services Internet pris en charge Netflix, Prime Video, Apple TV, Google TV   Technologie d&#039;affichage LED   Dimensions du produit 8,1P x 123,1l x 72H centim\u00e8tres   R\u00e9solution 4K   Fr\u00e9quence de rafra\u00eechissement 60 Hz   Caract\u00e9ristique sp\u00e9ciale Ambilight, Built-In Speaker, Game Mode, Flat   Nom de mod\u00e8le 55PUS8508\/12   Composants inclus Cordon d&#039;alimentation, T\u00e9l\u00e9commande, 2 piles AAA, Support de table, Guide de d\u00e9marrage rapide\" \/>\n<meta property=\"og:url\" content=\"https:\/\/cbs-electro.com\/index.php\/produit\/philips-ambilight-pus8508-139-cm-55-pouces-smart-4k-led-tv-uhd-hdr10\/\" \/>\n<meta property=\"og:site_name\" content=\"CBS Electro\" \/>\n<meta property=\"article:modified_time\" content=\"2025-03-13T06:42:55+00:00\" \/>\n<meta property=\"og:image\" content=\"https:\/\/cbs-electro.com\/wp-content\/uploads\/2023\/11\/617eGYZ8byL._AC_SL1500_.jpg\" \/>\n\t<meta property=\"og:image:width\" content=\"1271\" \/>\n\t<meta property=\"og:image:height\" content=\"769\" \/>\n\t<meta property=\"og:image:type\" content=\"image\/jpeg\" \/>\n<meta name=\"twitter:card\" content=\"summary_large_image\" \/>\n<meta name=\"twitter:label1\" content=\"Dur\u00e9e de lecture estim\u00e9e\" \/>\n\t<meta name=\"twitter:data1\" content=\"1 minute\" \/>\n<script type=\"application\/ld+json\" class=\"yoast-schema-graph\">{\"@context\":\"https:\/\/schema.org\",\"@graph\":[{\"@type\":\"WebPage\",\"@id\":\"https:\/\/cbs-electro.com\/index.php\/produit\/philips-ambilight-pus8508-139-cm-55-pouces-smart-4k-led-tv-uhd-hdr10\/\",\"url\":\"https:\/\/cbs-electro.com\/index.php\/produit\/philips-ambilight-pus8508-139-cm-55-pouces-smart-4k-led-tv-uhd-hdr10\/\",\"name\":\"Philips Ambilight PUS8508 139 cm (55 Pouces) Smart 4K LED TV | UHD & HDR10+ - CBS Electro\",\"isPartOf\":{\"@id\":\"https:\/\/www.cbs-electro.com\/#website\"},\"primaryImageOfPage\":{\"@id\":\"https:\/\/cbs-electro.com\/index.php\/produit\/philips-ambilight-pus8508-139-cm-55-pouces-smart-4k-led-tv-uhd-hdr10\/#primaryimage\"},\"image\":{\"@id\":\"https:\/\/cbs-electro.com\/index.php\/produit\/philips-ambilight-pus8508-139-cm-55-pouces-smart-4k-led-tv-uhd-hdr10\/#primaryimage\"},\"thumbnailUrl\":\"https:\/\/cbs-electro.com\/wp-content\/uploads\/2023\/11\/617eGYZ8byL._AC_SL1500_.jpg\",\"datePublished\":\"2023-11-24T17:13:30+00:00\",\"dateModified\":\"2025-03-13T06:42:55+00:00\",\"breadcrumb\":{\"@id\":\"https:\/\/cbs-electro.com\/index.php\/produit\/philips-ambilight-pus8508-139-cm-55-pouces-smart-4k-led-tv-uhd-hdr10\/#breadcrumb\"},\"inLanguage\":\"fr-FR\",\"potentialAction\":[{\"@type\":\"ReadAction\",\"target\":[\"https:\/\/cbs-electro.com\/index.php\/produit\/philips-ambilight-pus8508-139-cm-55-pouces-smart-4k-led-tv-uhd-hdr10\/\"]}]},{\"@type\":\"ImageObject\",\"inLanguage\":\"fr-FR\",\"@id\":\"https:\/\/cbs-electro.com\/index.php\/produit\/philips-ambilight-pus8508-139-cm-55-pouces-smart-4k-led-tv-uhd-hdr10\/#primaryimage\",\"url\":\"https:\/\/cbs-electro.com\/wp-content\/uploads\/2023\/11\/617eGYZ8byL._AC_SL1500_.jpg\",\"contentUrl\":\"https:\/\/cbs-electro.com\/wp-content\/uploads\/2023\/11\/617eGYZ8byL._AC_SL1500_.jpg\",\"width\":1271,\"height\":769},{\"@type\":\"BreadcrumbList\",\"@id\":\"https:\/\/cbs-electro.com\/index.php\/produit\/philips-ambilight-pus8508-139-cm-55-pouces-smart-4k-led-tv-uhd-hdr10\/#breadcrumb\",\"itemListElement\":[{\"@type\":\"ListItem\",\"position\":1,\"name\":\"Accueil\",\"item\":\"https:\/\/www.cbs-electro.com\/\"},{\"@type\":\"ListItem\",\"position\":2,\"name\":\"Boutique\",\"item\":\"https:\/\/www.cbs-electro.com\/index.php\/boutique\/\"},{\"@type\":\"ListItem\",\"position\":3,\"name\":\"Philips Ambilight PUS8508 139 cm (55 Pouces) Smart 4K LED TV | UHD &#038; HDR10+\"}]},{\"@type\":\"WebSite\",\"@id\":\"https:\/\/www.cbs-electro.com\/#website\",\"url\":\"https:\/\/www.cbs-electro.com\/\",\"name\":\"CBS Electro\",\"description\":\"Vente des produits neufs - Informatique, Smartphones, livres, jeux vid\u00e9o, photos, jouets et \u00e9lectrom\u00e9nager\",\"potentialAction\":[{\"@type\":\"SearchAction\",\"target\":{\"@type\":\"EntryPoint\",\"urlTemplate\":\"https:\/\/www.cbs-electro.com\/?s={search_term_string}\"},\"query-input\":{\"@type\":\"PropertyValueSpecification\",\"valueRequired\":true,\"valueName\":\"search_term_string\"}}],\"inLanguage\":\"fr-FR\"}]}<\/script>\n<!-- \/ Yoast SEO plugin. -->","yoast_head_json":{"title":"Philips Ambilight PUS8508 139 cm (55 Pouces) Smart 4K LED TV | UHD & HDR10+ - CBS Electro","robots":{"index":"index","follow":"follow","max-snippet":"max-snippet:-1","max-image-preview":"max-image-preview:large","max-video-preview":"max-video-preview:-1"},"canonical":"https:\/\/cbs-electro.com\/index.php\/produit\/philips-ambilight-pus8508-139-cm-55-pouces-smart-4k-led-tv-uhd-hdr10\/","og_locale":"fr_FR","og_type":"article","og_title":"Philips Ambilight PUS8508 139 cm (55 Pouces) Smart 4K LED TV | UHD & HDR10+ - CBS Electro","og_description":"Philips Ambilight PUS8508 139 cm (55 Pouces) Smart 4K LED TV | UHD &amp; HDR10+ | 60Hz | Moteur P5 Perfect Picture | Dolby Atmos | Enceintes 20W | Compatible avec l'Assistant Google &amp; Alexa [Classe \u00e9nerg\u00e9tique F]    Taille de l'\u00e9cran 55 Pouces   Marque Philips   Services Internet pris en charge Netflix, Prime Video, Apple TV, Google TV   Technologie d'affichage LED   Dimensions du produit 8,1P x 123,1l x 72H centim\u00e8tres   R\u00e9solution 4K   Fr\u00e9quence de rafra\u00eechissement 60 Hz   Caract\u00e9ristique sp\u00e9ciale Ambilight, Built-In Speaker, Game Mode, Flat   Nom de mod\u00e8le 55PUS8508\/12   Composants inclus Cordon d'alimentation, T\u00e9l\u00e9commande, 2 piles AAA, Support de table, Guide de d\u00e9marrage rapide","og_url":"https:\/\/cbs-electro.com\/index.php\/produit\/philips-ambilight-pus8508-139-cm-55-pouces-smart-4k-led-tv-uhd-hdr10\/","og_site_name":"CBS Electro","article_modified_time":"2025-03-13T06:42:55+00:00","og_image":[{"width":1271,"height":769,"url":"https:\/\/cbs-electro.com\/wp-content\/uploads\/2023\/11\/617eGYZ8byL._AC_SL1500_.jpg","type":"image\/jpeg"}],"twitter_card":"summary_large_image","twitter_misc":{"Dur\u00e9e de lecture estim\u00e9e":"1 minute"},"schema":{"@context":"https:\/\/schema.org","@graph":[{"@type":"WebPage","@id":"https:\/\/cbs-electro.com\/index.php\/produit\/philips-ambilight-pus8508-139-cm-55-pouces-smart-4k-led-tv-uhd-hdr10\/","url":"https:\/\/cbs-electro.com\/index.php\/produit\/philips-ambilight-pus8508-139-cm-55-pouces-smart-4k-led-tv-uhd-hdr10\/","name":"Philips Ambilight PUS8508 139 cm (55 Pouces) Smart 4K LED TV | UHD & HDR10+ - CBS Electro","isPartOf":{"@id":"https:\/\/www.cbs-electro.com\/#website"},"primaryImageOfPage":{"@id":"https:\/\/cbs-electro.com\/index.php\/produit\/philips-ambilight-pus8508-139-cm-55-pouces-smart-4k-led-tv-uhd-hdr10\/#primaryimage"},"image":{"@id":"https:\/\/cbs-electro.com\/index.php\/produit\/philips-ambilight-pus8508-139-cm-55-pouces-smart-4k-led-tv-uhd-hdr10\/#primaryimage"},"thumbnailUrl":"https:\/\/cbs-electro.com\/wp-content\/uploads\/2023\/11\/617eGYZ8byL._AC_SL1500_.jpg","datePublished":"2023-11-24T17:13:30+00:00","dateModified":"2025-03-13T06:42:55+00:00","breadcrumb":{"@id":"https:\/\/cbs-electro.com\/index.php\/produit\/philips-ambilight-pus8508-139-cm-55-pouces-smart-4k-led-tv-uhd-hdr10\/#breadcrumb"},"inLanguage":"fr-FR","potentialAction":[{"@type":"ReadAction","target":["https:\/\/cbs-electro.com\/index.php\/produit\/philips-ambilight-pus8508-139-cm-55-pouces-smart-4k-led-tv-uhd-hdr10\/"]}]},{"@type":"ImageObject","inLanguage":"fr-FR","@id":"https:\/\/cbs-electro.com\/index.php\/produit\/philips-ambilight-pus8508-139-cm-55-pouces-smart-4k-led-tv-uhd-hdr10\/#primaryimage","url":"https:\/\/cbs-electro.com\/wp-content\/uploads\/2023\/11\/617eGYZ8byL._AC_SL1500_.jpg","contentUrl":"https:\/\/cbs-electro.com\/wp-content\/uploads\/2023\/11\/617eGYZ8byL._AC_SL1500_.jpg","width":1271,"height":769},{"@type":"BreadcrumbList","@id":"https:\/\/cbs-electro.com\/index.php\/produit\/philips-ambilight-pus8508-139-cm-55-pouces-smart-4k-led-tv-uhd-hdr10\/#breadcrumb","itemListElement":[{"@type":"ListItem","position":1,"name":"Accueil","item":"https:\/\/www.cbs-electro.com\/"},{"@type":"ListItem","position":2,"name":"Boutique","item":"https:\/\/www.cbs-electro.com\/index.php\/boutique\/"},{"@type":"ListItem","position":3,"name":"Philips Ambilight PUS8508 139 cm (55 Pouces) Smart 4K LED TV | UHD &#038; HDR10+"}]},{"@type":"WebSite","@id":"https:\/\/www.cbs-electro.com\/#website","url":"https:\/\/www.cbs-electro.com\/","name":"CBS Electro","description":"Vente des produits neufs - Informatique, Smartphones, livres, jeux vid\u00e9o, photos, jouets et \u00e9lectrom\u00e9nager","potentialAction":[{"@type":"SearchAction","target":{"@type":"EntryPoint","urlTemplate":"https:\/\/www.cbs-electro.com\/?s={search_term_string}"},"query-input":{"@type":"PropertyValueSpecification","valueRequired":true,"valueName":"search_term_string"}}],"inLanguage":"fr-FR"}]}},"_links":{"self":[{"href":"https:\/\/cbs-electro.com\/index.php\/wp-json\/wp\/v2\/product\/16318","targetHints":{"allow":["GET"]}}],"collection":[{"href":"https:\/\/cbs-electro.com\/index.php\/wp-json\/wp\/v2\/product"}],"about":[{"href":"https:\/\/cbs-electro.com\/index.php\/wp-json\/wp\/v2\/types\/product"}],"version-history":[{"count":1,"href":"https:\/\/cbs-electro.com\/index.php\/wp-json\/wp\/v2\/product\/16318\/revisions"}],"predecessor-version":[{"id":16323,"href":"https:\/\/cbs-electro.com\/index.php\/wp-json\/wp\/v2\/product\/16318\/revisions\/16323"}],"wp:featuredmedia":[{"embeddable":true,"href":"https:\/\/cbs-electro.com\/index.php\/wp-json\/wp\/v2\/media\/16322"}],"wp:attachment":[{"href":"https:\/\/cbs-electro.com\/index.php\/wp-json\/wp\/v2\/media?parent=16318"}],"wp:term":[{"taxonomy":"product_brand","embeddable":true,"href":"https:\/\/cbs-electro.com\/index.php\/wp-json\/wp\/v2\/product_brand?post=16318"},{"taxonomy":"product_cat","embeddable":true,"href":"https:\/\/cbs-electro.com\/index.php\/wp-json\/wp\/v2\/product_cat?post=16318"},{"taxonomy":"product_tag","embeddable":true,"href":"https:\/\/cbs-electro.com\/index.php\/wp-json\/wp\/v2\/product_tag?post=16318"}],"curies":[{"name":"wp","href":"https:\/\/api.w.org\/{rel}","templated":true}]}}