{"id":16310,"date":"2023-11-24T17:59:07","date_gmt":"2023-11-24T16:59:07","guid":{"rendered":"https:\/?post_type=product&#038;p=16310"},"modified":"2025-03-13T07:43:21","modified_gmt":"2025-03-13T06:43:21","slug":"tcl-50cf630-126cm-50-pouces-qled-fire-tv-4k-ultra-hd-hdr-10-dolby-vision-atmos-smart-tv-game-master-60hz-motion-clarity-press-ask-alexa-noir","status":"publish","type":"product","link":"https:\/\/cbs-electro.com\/index.php\/produit\/tcl-50cf630-126cm-50-pouces-qled-fire-tv-4k-ultra-hd-hdr-10-dolby-vision-atmos-smart-tv-game-master-60hz-motion-clarity-press-ask-alexa-noir\/","title":{"rendered":"TCL 50CF630 126cm (50 Pouces) QLED Fire TV (4K Ultra HD, HDR 10+, Dolby Vision &#038; Atmos, Smart TV, Game Master, 60Hz Motion Clarity, Press &#038; Ask Alexa), Noir"},"content":{"rendered":"<h1 class=\"a-size-base-plus a-text-bold\">\u00c0 propos de cet article<\/h1>\n<ul class=\"a-unordered-list a-vertical a-spacing-mini\">\n<li class=\"a-spacing-mini\"><span class=\"a-list-item\">Divertissement sans fin: avec Fire TV int\u00e9gr\u00e9, amusez-vous sans contrainte avec les milliers d&rsquo;applications et des cha\u00eenes, parmi Netflix, Prime Video, YouTube, Disney, MyCanal, Molotov et beaucoup plus d&rsquo;autres. (des frais de souscription peuvent s&rsquo;appliquer.)<\/span><\/li>\n<li class=\"a-spacing-mini\"><span class=\"a-list-item\">Des couleurs exceptionnelles QLED: dot\u00e9 de la technologie Quantum Dot, ce t\u00e9l\u00e9viseur TCL avec Fire TV offre une v\u00e9ritable image cin\u00e9matographique compos\u00e9e de plus d&rsquo;un million de couleurs et des ombres. Toutes les couleurs que les cam\u00e9ras professionnelles peuvent capturer. Cette technologie permet de reproduire chaque nuance, chaque d\u00e9tail et chaque profondeur d&rsquo;une fa\u00e7on qui ne peut pas \u00eatre rivalis\u00e9e ni par une t\u00e9l\u00e9 LED ni OLED<\/span><\/li>\n<li class=\"a-spacing-mini\"><span class=\"a-list-item\">Commande Vocale Intelligente: contr\u00f4lez plus facilement votre t\u00e9l\u00e9 intelligente avec la t\u00e9l\u00e9commande vocale Alexa incluse. Changez les cha\u00eenes, ajustez le volume, ouvrez des applications et beaucoup plus d&rsquo;autres. Vous pouvez contr\u00f4ler avec votre voix d&rsquo;autres appareils qui se trouvent dans votre foyer et qui sont compatibles avec votre maison intelligente<\/span><\/li>\n<li class=\"a-spacing-mini\"><span class=\"a-list-item\">4K HDR PRO: HDR PRO associ\u00e9 avec la technologie Quantum Dot fournit une exp\u00e9rience High Dynamic Range sup\u00e9rieure avec des beaux contrastes, d\u00e9tails des ombres et des couleurs vives et pr\u00e9cises. Profitez d&rsquo;une qualit\u00e9 incroyable comme les producteurs le voulaient<\/span><\/li>\n<li class=\"a-spacing-mini\"><span class=\"a-list-item\">GAME MASTER: pour les gamers, en plus d&rsquo;avoir une qualit\u00e9 vid\u00e9o et sonore impressionnante, la r\u00e9activit\u00e9 de ce t\u00e9l\u00e9viseur est \u00e9galement importante. TCL CF630 Fire TV est dot\u00e9 d&rsquo;une entr\u00e9e HDMI 2.1 et \u00e9galement du ALLM pour offrir la meilleure exp\u00e9rience gaming sans latence<\/span><\/li>\n<li class=\"a-spacing-mini\"><span class=\"a-list-item\">DOLBY VISION and ATMOS: avec Dolby Vision et Dolby Atmos, le Fire TV donne vie au divertissement avec une image exceptionnelle, une luminosit\u00e9, une couleur, un contraste et des d\u00e9tails incroyables<\/span><\/li>\n<\/ul>\n<div class=\"a-row\">\n<div class=\"a-column a-span6\">\n<h1 class=\"a-size-medium a-spacing-small\">Descriptif technique<\/h1>\n<\/div>\n<\/div>\n<div class=\"a-expander-content a-expander-extend-content\" aria-expanded=\"true\">\n<div class=\"a-row a-expander-container a-expander-inline-container\">\n<div class=\"a-expander-content a-expander-section-content a-section-expander-inner\" aria-expanded=\"true\">\n<table id=\"productDetails_techSpec_section_1\" class=\"a-keyvalue prodDetTable\" role=\"presentation\">\n<tbody>\n<tr>\n<th class=\"a-color-secondary a-size-base prodDetSectionEntry\">Marque<\/th>\n<td class=\"a-size-base prodDetAttrValue\">\u200eTCL<\/td>\n<\/tr>\n<tr>\n<th class=\"a-color-secondary a-size-base prodDetSectionEntry\">Taille de l&rsquo;\u00e9cran<\/th>\n<td class=\"a-size-base prodDetAttrValue\">\u200e50 Pouces<\/td>\n<\/tr>\n<tr>\n<th class=\"a-color-secondary a-size-base prodDetSectionEntry\">Technologie d&rsquo;affichage<\/th>\n<td class=\"a-size-base prodDetAttrValue\">\u200eQLED<\/td>\n<\/tr>\n<tr>\n<th class=\"a-color-secondary a-size-base prodDetSectionEntry\">Fonctions<\/th>\n<td class=\"a-size-base prodDetAttrValue\">\u200ePlat<\/td>\n<\/tr>\n<tr>\n<th class=\"a-color-secondary a-size-base prodDetSectionEntry\">Fr\u00e9quence de balayage<\/th>\n<td class=\"a-size-base prodDetAttrValue\">\u200e60<\/td>\n<\/tr>\n<tr>\n<th class=\"a-color-secondary a-size-base prodDetSectionEntry\">Format HD<\/th>\n<td class=\"a-size-base prodDetAttrValue\">\u200e3840&#215;2160 Pixels<\/td>\n<\/tr>\n<tr>\n<th class=\"a-color-secondary a-size-base prodDetSectionEntry\">Format de l\u2019image<\/th>\n<td class=\"a-size-base prodDetAttrValue\">\u200e16:9<\/td>\n<\/tr>\n<tr>\n<th class=\"a-color-secondary a-size-base prodDetSectionEntry\">Connexions<\/th>\n<td class=\"a-size-base prodDetAttrValue\">\u200eWi-Fi<\/td>\n<\/tr>\n<tr>\n<th class=\"a-color-secondary a-size-base prodDetSectionEntry\">Nombre de ports HDMI<\/th>\n<td class=\"a-size-base prodDetAttrValue\">\u200e4<\/td>\n<\/tr>\n<tr>\n<th class=\"a-color-secondary a-size-base prodDetSectionEntry\">Garantie constructeur<\/th>\n<td class=\"a-size-base prodDetAttrValue\">\u200e2 ans constructeur<\/td>\n<\/tr>\n<\/tbody>\n<\/table>\n<\/div>\n<\/div>\n<\/div>\n","protected":false},"excerpt":{"rendered":"<p>\u00c0 propos de cet article Divertissement sans fin: avec Fire TV int\u00e9gr\u00e9, amusez-vous sans contrainte avec les milliers d&rsquo;applications et<\/p>\n","protected":false},"featured_media":16314,"template":"","meta":[],"product_brand":[],"product_cat":[102,148],"product_tag":[],"class_list":{"0":"post-16310","1":"product","2":"type-product","3":"status-publish","4":"has-post-thumbnail","6":"product_cat-image-son","7":"product_cat-tv","9":"first","10":"instock","11":"taxable","12":"shipping-taxable","13":"purchasable","14":"product-type-simple"},"yoast_head":"<!-- This site is optimized with the Yoast SEO plugin v24.8.1 - https:\/\/yoast.com\/wordpress\/plugins\/seo\/ -->\n<title>TCL 50CF630 126cm (50 Pouces) QLED Fire TV (4K Ultra HD, HDR 10+, Dolby Vision &amp; Atmos, Smart TV, Game Master, 60Hz Motion Clarity, Press &amp; Ask Alexa), Noir - CBS Electro<\/title>\n<meta name=\"robots\" content=\"index, follow, max-snippet:-1, max-image-preview:large, max-video-preview:-1\" \/>\n<link rel=\"canonical\" href=\"https:\/\/cbs-electro.com\/index.php\/produit\/tcl-50cf630-126cm-50-pouces-qled-fire-tv-4k-ultra-hd-hdr-10-dolby-vision-atmos-smart-tv-game-master-60hz-motion-clarity-press-ask-alexa-noir\/\" \/>\n<meta property=\"og:locale\" content=\"fr_FR\" \/>\n<meta property=\"og:type\" content=\"article\" \/>\n<meta property=\"og:title\" content=\"TCL 50CF630 126cm (50 Pouces) QLED Fire TV (4K Ultra HD, HDR 10+, Dolby Vision &amp; Atmos, Smart TV, Game Master, 60Hz Motion Clarity, Press &amp; Ask Alexa), Noir - CBS Electro\" \/>\n<meta property=\"og:description\" content=\"\u00c0 propos de cet article Divertissement sans fin: avec Fire TV int\u00e9gr\u00e9, amusez-vous sans contrainte avec les milliers d&rsquo;applications et\" \/>\n<meta property=\"og:url\" content=\"https:\/\/cbs-electro.com\/index.php\/produit\/tcl-50cf630-126cm-50-pouces-qled-fire-tv-4k-ultra-hd-hdr-10-dolby-vision-atmos-smart-tv-game-master-60hz-motion-clarity-press-ask-alexa-noir\/\" \/>\n<meta property=\"og:site_name\" content=\"CBS Electro\" \/>\n<meta property=\"article:modified_time\" content=\"2025-03-13T06:43:21+00:00\" \/>\n<meta property=\"og:image\" content=\"https:\/\/cbs-electro.com\/wp-content\/uploads\/2023\/11\/61l40mcEnSL._AC_SL1500_.jpg\" \/>\n\t<meta property=\"og:image:width\" content=\"1500\" \/>\n\t<meta property=\"og:image:height\" content=\"970\" \/>\n\t<meta property=\"og:image:type\" content=\"image\/jpeg\" \/>\n<meta name=\"twitter:card\" content=\"summary_large_image\" \/>\n<meta name=\"twitter:label1\" content=\"Dur\u00e9e de lecture estim\u00e9e\" \/>\n\t<meta name=\"twitter:data1\" content=\"2 minutes\" \/>\n<script type=\"application\/ld+json\" class=\"yoast-schema-graph\">{\"@context\":\"https:\/\/schema.org\",\"@graph\":[{\"@type\":\"WebPage\",\"@id\":\"https:\/\/cbs-electro.com\/index.php\/produit\/tcl-50cf630-126cm-50-pouces-qled-fire-tv-4k-ultra-hd-hdr-10-dolby-vision-atmos-smart-tv-game-master-60hz-motion-clarity-press-ask-alexa-noir\/\",\"url\":\"https:\/\/cbs-electro.com\/index.php\/produit\/tcl-50cf630-126cm-50-pouces-qled-fire-tv-4k-ultra-hd-hdr-10-dolby-vision-atmos-smart-tv-game-master-60hz-motion-clarity-press-ask-alexa-noir\/\",\"name\":\"TCL 50CF630 126cm (50 Pouces) QLED Fire TV (4K Ultra HD, HDR 10+, Dolby Vision & Atmos, Smart TV, Game Master, 60Hz Motion Clarity, Press & Ask Alexa), Noir - CBS Electro\",\"isPartOf\":{\"@id\":\"https:\/\/www.cbs-electro.com\/#website\"},\"primaryImageOfPage\":{\"@id\":\"https:\/\/cbs-electro.com\/index.php\/produit\/tcl-50cf630-126cm-50-pouces-qled-fire-tv-4k-ultra-hd-hdr-10-dolby-vision-atmos-smart-tv-game-master-60hz-motion-clarity-press-ask-alexa-noir\/#primaryimage\"},\"image\":{\"@id\":\"https:\/\/cbs-electro.com\/index.php\/produit\/tcl-50cf630-126cm-50-pouces-qled-fire-tv-4k-ultra-hd-hdr-10-dolby-vision-atmos-smart-tv-game-master-60hz-motion-clarity-press-ask-alexa-noir\/#primaryimage\"},\"thumbnailUrl\":\"https:\/\/cbs-electro.com\/wp-content\/uploads\/2023\/11\/61l40mcEnSL._AC_SL1500_.jpg\",\"datePublished\":\"2023-11-24T16:59:07+00:00\",\"dateModified\":\"2025-03-13T06:43:21+00:00\",\"breadcrumb\":{\"@id\":\"https:\/\/cbs-electro.com\/index.php\/produit\/tcl-50cf630-126cm-50-pouces-qled-fire-tv-4k-ultra-hd-hdr-10-dolby-vision-atmos-smart-tv-game-master-60hz-motion-clarity-press-ask-alexa-noir\/#breadcrumb\"},\"inLanguage\":\"fr-FR\",\"potentialAction\":[{\"@type\":\"ReadAction\",\"target\":[\"https:\/\/cbs-electro.com\/index.php\/produit\/tcl-50cf630-126cm-50-pouces-qled-fire-tv-4k-ultra-hd-hdr-10-dolby-vision-atmos-smart-tv-game-master-60hz-motion-clarity-press-ask-alexa-noir\/\"]}]},{\"@type\":\"ImageObject\",\"inLanguage\":\"fr-FR\",\"@id\":\"https:\/\/cbs-electro.com\/index.php\/produit\/tcl-50cf630-126cm-50-pouces-qled-fire-tv-4k-ultra-hd-hdr-10-dolby-vision-atmos-smart-tv-game-master-60hz-motion-clarity-press-ask-alexa-noir\/#primaryimage\",\"url\":\"https:\/\/cbs-electro.com\/wp-content\/uploads\/2023\/11\/61l40mcEnSL._AC_SL1500_.jpg\",\"contentUrl\":\"https:\/\/cbs-electro.com\/wp-content\/uploads\/2023\/11\/61l40mcEnSL._AC_SL1500_.jpg\",\"width\":1500,\"height\":970},{\"@type\":\"BreadcrumbList\",\"@id\":\"https:\/\/cbs-electro.com\/index.php\/produit\/tcl-50cf630-126cm-50-pouces-qled-fire-tv-4k-ultra-hd-hdr-10-dolby-vision-atmos-smart-tv-game-master-60hz-motion-clarity-press-ask-alexa-noir\/#breadcrumb\",\"itemListElement\":[{\"@type\":\"ListItem\",\"position\":1,\"name\":\"Accueil\",\"item\":\"https:\/\/www.cbs-electro.com\/\"},{\"@type\":\"ListItem\",\"position\":2,\"name\":\"Boutique\",\"item\":\"https:\/\/www.cbs-electro.com\/index.php\/boutique\/\"},{\"@type\":\"ListItem\",\"position\":3,\"name\":\"TCL 50CF630 126cm (50 Pouces) QLED Fire TV (4K Ultra HD, HDR 10+, Dolby Vision &#038; Atmos, Smart TV, Game Master, 60Hz Motion Clarity, Press &#038; Ask Alexa), Noir\"}]},{\"@type\":\"WebSite\",\"@id\":\"https:\/\/www.cbs-electro.com\/#website\",\"url\":\"https:\/\/www.cbs-electro.com\/\",\"name\":\"CBS Electro\",\"description\":\"Vente des produits neufs - Informatique, Smartphones, livres, jeux vid\u00e9o, photos, jouets et \u00e9lectrom\u00e9nager\",\"potentialAction\":[{\"@type\":\"SearchAction\",\"target\":{\"@type\":\"EntryPoint\",\"urlTemplate\":\"https:\/\/www.cbs-electro.com\/?s={search_term_string}\"},\"query-input\":{\"@type\":\"PropertyValueSpecification\",\"valueRequired\":true,\"valueName\":\"search_term_string\"}}],\"inLanguage\":\"fr-FR\"}]}<\/script>\n<!-- \/ Yoast SEO plugin. -->","yoast_head_json":{"title":"TCL 50CF630 126cm (50 Pouces) QLED Fire TV (4K Ultra HD, HDR 10+, Dolby Vision & Atmos, Smart TV, Game Master, 60Hz Motion Clarity, Press & Ask Alexa), Noir - CBS Electro","robots":{"index":"index","follow":"follow","max-snippet":"max-snippet:-1","max-image-preview":"max-image-preview:large","max-video-preview":"max-video-preview:-1"},"canonical":"https:\/\/cbs-electro.com\/index.php\/produit\/tcl-50cf630-126cm-50-pouces-qled-fire-tv-4k-ultra-hd-hdr-10-dolby-vision-atmos-smart-tv-game-master-60hz-motion-clarity-press-ask-alexa-noir\/","og_locale":"fr_FR","og_type":"article","og_title":"TCL 50CF630 126cm (50 Pouces) QLED Fire TV (4K Ultra HD, HDR 10+, Dolby Vision & Atmos, Smart TV, Game Master, 60Hz Motion Clarity, Press & Ask Alexa), Noir - CBS Electro","og_description":"\u00c0 propos de cet article Divertissement sans fin: avec Fire TV int\u00e9gr\u00e9, amusez-vous sans contrainte avec les milliers d&rsquo;applications et","og_url":"https:\/\/cbs-electro.com\/index.php\/produit\/tcl-50cf630-126cm-50-pouces-qled-fire-tv-4k-ultra-hd-hdr-10-dolby-vision-atmos-smart-tv-game-master-60hz-motion-clarity-press-ask-alexa-noir\/","og_site_name":"CBS Electro","article_modified_time":"2025-03-13T06:43:21+00:00","og_image":[{"width":1500,"height":970,"url":"https:\/\/cbs-electro.com\/wp-content\/uploads\/2023\/11\/61l40mcEnSL._AC_SL1500_.jpg","type":"image\/jpeg"}],"twitter_card":"summary_large_image","twitter_misc":{"Dur\u00e9e de lecture estim\u00e9e":"2 minutes"},"schema":{"@context":"https:\/\/schema.org","@graph":[{"@type":"WebPage","@id":"https:\/\/cbs-electro.com\/index.php\/produit\/tcl-50cf630-126cm-50-pouces-qled-fire-tv-4k-ultra-hd-hdr-10-dolby-vision-atmos-smart-tv-game-master-60hz-motion-clarity-press-ask-alexa-noir\/","url":"https:\/\/cbs-electro.com\/index.php\/produit\/tcl-50cf630-126cm-50-pouces-qled-fire-tv-4k-ultra-hd-hdr-10-dolby-vision-atmos-smart-tv-game-master-60hz-motion-clarity-press-ask-alexa-noir\/","name":"TCL 50CF630 126cm (50 Pouces) QLED Fire TV (4K Ultra HD, HDR 10+, Dolby Vision & Atmos, Smart TV, Game Master, 60Hz Motion Clarity, Press & Ask Alexa), Noir - CBS Electro","isPartOf":{"@id":"https:\/\/www.cbs-electro.com\/#website"},"primaryImageOfPage":{"@id":"https:\/\/cbs-electro.com\/index.php\/produit\/tcl-50cf630-126cm-50-pouces-qled-fire-tv-4k-ultra-hd-hdr-10-dolby-vision-atmos-smart-tv-game-master-60hz-motion-clarity-press-ask-alexa-noir\/#primaryimage"},"image":{"@id":"https:\/\/cbs-electro.com\/index.php\/produit\/tcl-50cf630-126cm-50-pouces-qled-fire-tv-4k-ultra-hd-hdr-10-dolby-vision-atmos-smart-tv-game-master-60hz-motion-clarity-press-ask-alexa-noir\/#primaryimage"},"thumbnailUrl":"https:\/\/cbs-electro.com\/wp-content\/uploads\/2023\/11\/61l40mcEnSL._AC_SL1500_.jpg","datePublished":"2023-11-24T16:59:07+00:00","dateModified":"2025-03-13T06:43:21+00:00","breadcrumb":{"@id":"https:\/\/cbs-electro.com\/index.php\/produit\/tcl-50cf630-126cm-50-pouces-qled-fire-tv-4k-ultra-hd-hdr-10-dolby-vision-atmos-smart-tv-game-master-60hz-motion-clarity-press-ask-alexa-noir\/#breadcrumb"},"inLanguage":"fr-FR","potentialAction":[{"@type":"ReadAction","target":["https:\/\/cbs-electro.com\/index.php\/produit\/tcl-50cf630-126cm-50-pouces-qled-fire-tv-4k-ultra-hd-hdr-10-dolby-vision-atmos-smart-tv-game-master-60hz-motion-clarity-press-ask-alexa-noir\/"]}]},{"@type":"ImageObject","inLanguage":"fr-FR","@id":"https:\/\/cbs-electro.com\/index.php\/produit\/tcl-50cf630-126cm-50-pouces-qled-fire-tv-4k-ultra-hd-hdr-10-dolby-vision-atmos-smart-tv-game-master-60hz-motion-clarity-press-ask-alexa-noir\/#primaryimage","url":"https:\/\/cbs-electro.com\/wp-content\/uploads\/2023\/11\/61l40mcEnSL._AC_SL1500_.jpg","contentUrl":"https:\/\/cbs-electro.com\/wp-content\/uploads\/2023\/11\/61l40mcEnSL._AC_SL1500_.jpg","width":1500,"height":970},{"@type":"BreadcrumbList","@id":"https:\/\/cbs-electro.com\/index.php\/produit\/tcl-50cf630-126cm-50-pouces-qled-fire-tv-4k-ultra-hd-hdr-10-dolby-vision-atmos-smart-tv-game-master-60hz-motion-clarity-press-ask-alexa-noir\/#breadcrumb","itemListElement":[{"@type":"ListItem","position":1,"name":"Accueil","item":"https:\/\/www.cbs-electro.com\/"},{"@type":"ListItem","position":2,"name":"Boutique","item":"https:\/\/www.cbs-electro.com\/index.php\/boutique\/"},{"@type":"ListItem","position":3,"name":"TCL 50CF630 126cm (50 Pouces) QLED Fire TV (4K Ultra HD, HDR 10+, Dolby Vision &#038; Atmos, Smart TV, Game Master, 60Hz Motion Clarity, Press &#038; Ask Alexa), Noir"}]},{"@type":"WebSite","@id":"https:\/\/www.cbs-electro.com\/#website","url":"https:\/\/www.cbs-electro.com\/","name":"CBS Electro","description":"Vente des produits neufs - Informatique, Smartphones, livres, jeux vid\u00e9o, photos, jouets et \u00e9lectrom\u00e9nager","potentialAction":[{"@type":"SearchAction","target":{"@type":"EntryPoint","urlTemplate":"https:\/\/www.cbs-electro.com\/?s={search_term_string}"},"query-input":{"@type":"PropertyValueSpecification","valueRequired":true,"valueName":"search_term_string"}}],"inLanguage":"fr-FR"}]}},"_links":{"self":[{"href":"https:\/\/cbs-electro.com\/index.php\/wp-json\/wp\/v2\/product\/16310","targetHints":{"allow":["GET"]}}],"collection":[{"href":"https:\/\/cbs-electro.com\/index.php\/wp-json\/wp\/v2\/product"}],"about":[{"href":"https:\/\/cbs-electro.com\/index.php\/wp-json\/wp\/v2\/types\/product"}],"version-history":[{"count":1,"href":"https:\/\/cbs-electro.com\/index.php\/wp-json\/wp\/v2\/product\/16310\/revisions"}],"predecessor-version":[{"id":16317,"href":"https:\/\/cbs-electro.com\/index.php\/wp-json\/wp\/v2\/product\/16310\/revisions\/16317"}],"wp:featuredmedia":[{"embeddable":true,"href":"https:\/\/cbs-electro.com\/index.php\/wp-json\/wp\/v2\/media\/16314"}],"wp:attachment":[{"href":"https:\/\/cbs-electro.com\/index.php\/wp-json\/wp\/v2\/media?parent=16310"}],"wp:term":[{"taxonomy":"product_brand","embeddable":true,"href":"https:\/\/cbs-electro.com\/index.php\/wp-json\/wp\/v2\/product_brand?post=16310"},{"taxonomy":"product_cat","embeddable":true,"href":"https:\/\/cbs-electro.com\/index.php\/wp-json\/wp\/v2\/product_cat?post=16310"},{"taxonomy":"product_tag","embeddable":true,"href":"https:\/\/cbs-electro.com\/index.php\/wp-json\/wp\/v2\/product_tag?post=16310"}],"curies":[{"name":"wp","href":"https:\/\/api.w.org\/{rel}","templated":true}]}}