{"id":16298,"date":"2023-11-24T13:10:45","date_gmt":"2023-11-24T12:10:45","guid":{"rendered":"https:\/?post_type=product&#038;p=16298"},"modified":"2025-03-13T07:48:19","modified_gmt":"2025-03-13T06:48:19","slug":"sony-tv-bravia-kd-55x80l-tv-4k-ultra-hd-led-hdr-google-tv-pack-eco-bravia-core-2023","status":"publish","type":"product","link":"https:\/\/cbs-electro.com\/index.php\/produit\/sony-tv-bravia-kd-55x80l-tv-4k-ultra-hd-led-hdr-google-tv-pack-eco-bravia-core-2023\/","title":{"rendered":"Sony TV Bravia &#8211; KD-55X80L : TV 4K Ultra HD LED | HDR | Google TV | Pack ECO | BRAVIA Core 2023"},"content":{"rendered":"<ul class=\"a-unordered-list a-vertical a-spacing-mini\">\n<li class=\"a-spacing-mini\"><span class=\"a-list-item\">Une image plus nette, quel que soit le contenu\u00a0! Des milliards de couleurs affich\u00e9es \u00e0 l&rsquo;\u00e9cran avec Triluminos Pro. Avec le Processeur X1, les sc\u00e8nes, analys\u00e9es et am\u00e9lior\u00e9es en temps r\u00e9el, prennent vie pour que chaque d\u00e9tail paraisse r\u00e9aliste.<\/span><\/li>\n<li class=\"a-spacing-mini\"><span class=\"a-list-item\">Le son prend vie: Les X-Balanced Speaker vous d\u00e9livrent une exp\u00e9rience audio palpitante, de haute qualit\u00e9 et avec des basses puissantes. Associ\u00e9s au Dolby Vision et Dolby Atmos, reproduisez une exp\u00e9rience cin\u00e9ma \u00e0 la maison.<\/span><\/li>\n<li class=\"a-spacing-mini\"><span class=\"a-list-item\">Un design minimaliste: Minimaliste et intemporel, ce t\u00e9l\u00e9viseur s&rsquo;adapte \u00e0 votre int\u00e9rieur. Le cadre sans bords permet de rester concentr\u00e9 sur l&rsquo;image et les pieds double position (large ou centr\u00e9e) offrent une commodit\u00e9 ultime en s\u2019adaptant aux meubles larges<\/span><\/li>\n<li class=\"a-spacing-mini\"><span class=\"a-list-item\">Divertissement infini: Des centaines de films vous attendent sur BRAVIA CORE ! Exclusivement pour les propri\u00e9taires de TV BRAVIA. Vous avez acc\u00e8s \u00e0 plus de 700 000 films et s\u00e9ries gr\u00e2ce \u00e0 Google TV et \u00e0 Crunchyroll, la plus grande collection d\u2019anim\u00e9s au monde.<\/span><\/li>\n<li class=\"a-spacing-mini\"><span class=\"a-list-item\">Centre de Contr\u00f4le ECO: Vous pouvez m\u00eame \u00e9conomiser jusqu&rsquo;\u00e0 32 % d&rsquo;\u00e9nergie en plus avec votre t\u00e9l\u00e9viseur ! Notre nouveau Centre de Contr\u00f4le ECO regroupe des param\u00e8tres \u00e9co en un seul endroit intuitif et convivial, afin que vous puissiez \u00e9conomiser de l&rsquo;\u00e9nergie simplement<\/span><\/li>\n<\/ul>\n<div class=\"a-row\">\n<div class=\"a-column a-span6\">\n<h1 class=\"a-size-medium a-spacing-small\">Descriptif technique<\/h1>\n<\/div>\n<\/div>\n<div class=\"a-expander-content a-expander-extend-content\" aria-expanded=\"true\">\n<div class=\"a-row a-expander-container a-expander-inline-container\">\n<div class=\"a-expander-content a-expander-section-content a-section-expander-inner\" aria-expanded=\"true\">\n<table id=\"productDetails_techSpec_section_1\" class=\"a-keyvalue prodDetTable\" role=\"presentation\">\n<tbody>\n<tr>\n<th class=\"a-color-secondary a-size-base prodDetSectionEntry\">Marque<\/th>\n<td class=\"a-size-base prodDetAttrValue\">\u200eSony<\/td>\n<\/tr>\n<tr>\n<th class=\"a-color-secondary a-size-base prodDetSectionEntry\">Couleur<\/th>\n<td class=\"a-size-base prodDetAttrValue\">\u200eNoir<\/td>\n<\/tr>\n<tr>\n<th class=\"a-color-secondary a-size-base prodDetSectionEntry\">Taille de l&rsquo;\u00e9cran<\/th>\n<td class=\"a-size-base prodDetAttrValue\">\u200e55 Pouces<\/td>\n<\/tr>\n<tr>\n<th class=\"a-color-secondary a-size-base prodDetSectionEntry\">Technologie d&rsquo;affichage<\/th>\n<td class=\"a-size-base prodDetAttrValue\">\u200eLCD<\/td>\n<\/tr>\n<tr>\n<th class=\"a-color-secondary a-size-base prodDetSectionEntry\">Fonctions<\/th>\n<td class=\"a-size-base prodDetAttrValue\">\u200eDolby Vision<\/td>\n<\/tr>\n<tr>\n<th class=\"a-color-secondary a-size-base prodDetSectionEntry\">Fr\u00e9quence de balayage<\/th>\n<td class=\"a-size-base prodDetAttrValue\">\u200e60 Hz<\/td>\n<\/tr>\n<tr>\n<th class=\"a-color-secondary a-size-base prodDetSectionEntry\">Format HD<\/th>\n<td class=\"a-size-base prodDetAttrValue\">\u200e3840 x 2160 Pixels<\/td>\n<\/tr>\n<tr>\n<th class=\"a-color-secondary a-size-base prodDetSectionEntry\">Format de l\u2019image<\/th>\n<td class=\"a-size-base prodDetAttrValue\">\u200e16:9<\/td>\n<\/tr>\n<tr>\n<th class=\"a-color-secondary a-size-base prodDetSectionEntry\">Connexions<\/th>\n<td class=\"a-size-base prodDetAttrValue\">\u200eHDMI<\/td>\n<\/tr>\n<tr>\n<th class=\"a-color-secondary a-size-base prodDetSectionEntry\">Nombre de ports HDMI<\/th>\n<td class=\"a-size-base prodDetAttrValue\">\u200e4<\/td>\n<\/tr>\n<tr>\n<th class=\"a-color-secondary a-size-base prodDetSectionEntry\">Garantie constructeur<\/th>\n<td class=\"a-size-base prodDetAttrValue\">\u200e2\u00a0ans constructeur<\/td>\n<\/tr>\n<\/tbody>\n<\/table>\n<\/div>\n<\/div>\n<\/div>\n","protected":false},"excerpt":{"rendered":"<table class=\"a-normal a-spacing-micro\">\n<tbody>\n<tr class=\"a-spacing-small po-display.size\">\n<td class=\"a-span3\"><span class=\"a-size-base a-text-bold\">Taille de l&rsquo;\u00e9cran<\/span><\/td>\n<td class=\"a-span9\"><span class=\"a-size-base po-break-word\">55 Pouces<\/span><\/td>\n<\/tr>\n<tr class=\"a-spacing-small po-brand\">\n<td class=\"a-span3\"><span class=\"a-size-base a-text-bold\">Marque<\/span><\/td>\n<td class=\"a-span9\"><span class=\"a-size-base po-break-word\">Sony<\/span><\/td>\n<\/tr>\n<tr class=\"a-spacing-small po-supported_internet_services\">\n<td class=\"a-span3\"><span class=\"a-size-base a-text-bold\">Services Internet pris en charge<\/span><\/td>\n<td class=\"a-span9\"><span class=\"a-size-base po-break-word\">google tv<\/span><\/td>\n<\/tr>\n<tr class=\"a-spacing-small po-display.technology\">\n<td class=\"a-span3\"><span class=\"a-size-base a-text-bold\">Technologie d&rsquo;affichage<\/span><\/td>\n<td class=\"a-span9\"><span class=\"a-size-base po-break-word\">LCD<\/span><\/td>\n<\/tr>\n<tr class=\"a-spacing-small po-item_depth_width_height\">\n<td class=\"a-span3\"><span class=\"a-size-base a-text-bold\">Dimensions du produit<\/span><\/td>\n<td class=\"a-span9\"><span class=\"a-size-base po-break-word\">123,3P x 33,9l x 78,3H centim\u00e8tres<\/span><\/td>\n<\/tr>\n<tr class=\"a-spacing-small po-resolution\">\n<td class=\"a-span3\"><span class=\"a-size-base a-text-bold\">R\u00e9solution<\/span><\/td>\n<td class=\"a-span9\"><span class=\"a-size-base po-break-word\">4K<\/span><\/td>\n<\/tr>\n<tr class=\"a-spacing-small po-refresh_rate\">\n<td class=\"a-span3\"><span class=\"a-size-base a-text-bold\">Fr\u00e9quence de rafra\u00eechissement<\/span><\/td>\n<td class=\"a-span9\"><span class=\"a-size-base po-break-word\">60 Hz<\/span><\/td>\n<\/tr>\n<tr class=\"a-spacing-small po-special_feature\">\n<td class=\"a-span3\"><span class=\"a-size-base a-text-bold\">Caract\u00e9ristique sp\u00e9ciale<\/span><\/td>\n<td class=\"a-span9\"><span class=\"a-size-base po-break-word\">Dolby Vision<\/span><\/td>\n<\/tr>\n<tr class=\"a-spacing-small po-model_name\">\n<td class=\"a-span3\"><span class=\"a-size-base a-text-bold\">Nom de mod\u00e8le<\/span><\/td>\n<td class=\"a-span9\"><span class=\"a-size-base po-break-word\">KD55X80LPAEP<\/span><\/td>\n<\/tr>\n<tr class=\"a-spacing-small po-included_components\">\n<td class=\"a-span3\"><span class=\"a-size-base a-text-bold\">Composants inclus<\/span><\/td>\n<td class=\"a-span9\"><span class=\"a-size-base po-break-word\">Telecomande<\/span><\/td>\n<\/tr>\n<\/tbody>\n<\/table>\n","protected":false},"featured_media":16304,"template":"","meta":[],"product_brand":[],"product_cat":[102,148],"product_tag":[],"class_list":{"0":"post-16298","1":"product","2":"type-product","3":"status-publish","4":"has-post-thumbnail","6":"product_cat-image-son","7":"product_cat-tv","9":"first","10":"instock","11":"taxable","12":"shipping-taxable","13":"purchasable","14":"product-type-simple"},"yoast_head":"<!-- This site is optimized with the Yoast SEO plugin v24.8.1 - https:\/\/yoast.com\/wordpress\/plugins\/seo\/ -->\n<title>Sony TV Bravia - KD-55X80L : TV 4K Ultra HD LED | HDR | Google TV | Pack ECO | BRAVIA Core 2023 - CBS Electro<\/title>\n<meta name=\"robots\" content=\"index, follow, max-snippet:-1, max-image-preview:large, max-video-preview:-1\" \/>\n<link rel=\"canonical\" href=\"https:\/\/cbs-electro.com\/index.php\/produit\/sony-tv-bravia-kd-55x80l-tv-4k-ultra-hd-led-hdr-google-tv-pack-eco-bravia-core-2023\/\" \/>\n<meta property=\"og:locale\" content=\"fr_FR\" \/>\n<meta property=\"og:type\" content=\"article\" \/>\n<meta property=\"og:title\" content=\"Sony TV Bravia - KD-55X80L : TV 4K Ultra HD LED | HDR | Google TV | Pack ECO | BRAVIA Core 2023 - CBS Electro\" \/>\n<meta property=\"og:description\" content=\"Taille de l&#039;\u00e9cran 55 Pouces   Marque Sony   Services Internet pris en charge google tv   Technologie d&#039;affichage LCD   Dimensions du produit 123,3P x 33,9l x 78,3H centim\u00e8tres   R\u00e9solution 4K   Fr\u00e9quence de rafra\u00eechissement 60 Hz   Caract\u00e9ristique sp\u00e9ciale Dolby Vision   Nom de mod\u00e8le KD55X80LPAEP   Composants inclus Telecomande\" \/>\n<meta property=\"og:url\" content=\"https:\/\/cbs-electro.com\/index.php\/produit\/sony-tv-bravia-kd-55x80l-tv-4k-ultra-hd-led-hdr-google-tv-pack-eco-bravia-core-2023\/\" \/>\n<meta property=\"og:site_name\" content=\"CBS Electro\" \/>\n<meta property=\"article:modified_time\" content=\"2025-03-13T06:48:19+00:00\" \/>\n<meta property=\"og:image\" content=\"https:\/\/cbs-electro.com\/wp-content\/uploads\/2023\/11\/819-1jfnSgL._AC_SL1500_.jpg\" \/>\n\t<meta property=\"og:image:width\" content=\"1500\" \/>\n\t<meta property=\"og:image:height\" content=\"1035\" \/>\n\t<meta property=\"og:image:type\" content=\"image\/jpeg\" \/>\n<meta name=\"twitter:card\" content=\"summary_large_image\" \/>\n<meta name=\"twitter:label1\" content=\"Dur\u00e9e de lecture estim\u00e9e\" \/>\n\t<meta name=\"twitter:data1\" content=\"1 minute\" \/>\n<script type=\"application\/ld+json\" class=\"yoast-schema-graph\">{\"@context\":\"https:\/\/schema.org\",\"@graph\":[{\"@type\":\"WebPage\",\"@id\":\"https:\/\/cbs-electro.com\/index.php\/produit\/sony-tv-bravia-kd-55x80l-tv-4k-ultra-hd-led-hdr-google-tv-pack-eco-bravia-core-2023\/\",\"url\":\"https:\/\/cbs-electro.com\/index.php\/produit\/sony-tv-bravia-kd-55x80l-tv-4k-ultra-hd-led-hdr-google-tv-pack-eco-bravia-core-2023\/\",\"name\":\"Sony TV Bravia - KD-55X80L : TV 4K Ultra HD LED | HDR | Google TV | Pack ECO | BRAVIA Core 2023 - CBS Electro\",\"isPartOf\":{\"@id\":\"https:\/\/www.cbs-electro.com\/#website\"},\"primaryImageOfPage\":{\"@id\":\"https:\/\/cbs-electro.com\/index.php\/produit\/sony-tv-bravia-kd-55x80l-tv-4k-ultra-hd-led-hdr-google-tv-pack-eco-bravia-core-2023\/#primaryimage\"},\"image\":{\"@id\":\"https:\/\/cbs-electro.com\/index.php\/produit\/sony-tv-bravia-kd-55x80l-tv-4k-ultra-hd-led-hdr-google-tv-pack-eco-bravia-core-2023\/#primaryimage\"},\"thumbnailUrl\":\"https:\/\/cbs-electro.com\/wp-content\/uploads\/2023\/11\/819-1jfnSgL._AC_SL1500_.jpg\",\"datePublished\":\"2023-11-24T12:10:45+00:00\",\"dateModified\":\"2025-03-13T06:48:19+00:00\",\"breadcrumb\":{\"@id\":\"https:\/\/cbs-electro.com\/index.php\/produit\/sony-tv-bravia-kd-55x80l-tv-4k-ultra-hd-led-hdr-google-tv-pack-eco-bravia-core-2023\/#breadcrumb\"},\"inLanguage\":\"fr-FR\",\"potentialAction\":[{\"@type\":\"ReadAction\",\"target\":[\"https:\/\/cbs-electro.com\/index.php\/produit\/sony-tv-bravia-kd-55x80l-tv-4k-ultra-hd-led-hdr-google-tv-pack-eco-bravia-core-2023\/\"]}]},{\"@type\":\"ImageObject\",\"inLanguage\":\"fr-FR\",\"@id\":\"https:\/\/cbs-electro.com\/index.php\/produit\/sony-tv-bravia-kd-55x80l-tv-4k-ultra-hd-led-hdr-google-tv-pack-eco-bravia-core-2023\/#primaryimage\",\"url\":\"https:\/\/cbs-electro.com\/wp-content\/uploads\/2023\/11\/819-1jfnSgL._AC_SL1500_.jpg\",\"contentUrl\":\"https:\/\/cbs-electro.com\/wp-content\/uploads\/2023\/11\/819-1jfnSgL._AC_SL1500_.jpg\",\"width\":1500,\"height\":1035},{\"@type\":\"BreadcrumbList\",\"@id\":\"https:\/\/cbs-electro.com\/index.php\/produit\/sony-tv-bravia-kd-55x80l-tv-4k-ultra-hd-led-hdr-google-tv-pack-eco-bravia-core-2023\/#breadcrumb\",\"itemListElement\":[{\"@type\":\"ListItem\",\"position\":1,\"name\":\"Accueil\",\"item\":\"https:\/\/www.cbs-electro.com\/\"},{\"@type\":\"ListItem\",\"position\":2,\"name\":\"Boutique\",\"item\":\"https:\/\/www.cbs-electro.com\/index.php\/boutique\/\"},{\"@type\":\"ListItem\",\"position\":3,\"name\":\"Sony TV Bravia &#8211; KD-55X80L : TV 4K Ultra HD LED | HDR | Google TV | Pack ECO | BRAVIA Core 2023\"}]},{\"@type\":\"WebSite\",\"@id\":\"https:\/\/www.cbs-electro.com\/#website\",\"url\":\"https:\/\/www.cbs-electro.com\/\",\"name\":\"CBS Electro\",\"description\":\"Vente des produits neufs - Informatique, Smartphones, livres, jeux vid\u00e9o, photos, jouets et \u00e9lectrom\u00e9nager\",\"potentialAction\":[{\"@type\":\"SearchAction\",\"target\":{\"@type\":\"EntryPoint\",\"urlTemplate\":\"https:\/\/www.cbs-electro.com\/?s={search_term_string}\"},\"query-input\":{\"@type\":\"PropertyValueSpecification\",\"valueRequired\":true,\"valueName\":\"search_term_string\"}}],\"inLanguage\":\"fr-FR\"}]}<\/script>\n<!-- \/ Yoast SEO plugin. -->","yoast_head_json":{"title":"Sony TV Bravia - KD-55X80L : TV 4K Ultra HD LED | HDR | Google TV | Pack ECO | BRAVIA Core 2023 - CBS Electro","robots":{"index":"index","follow":"follow","max-snippet":"max-snippet:-1","max-image-preview":"max-image-preview:large","max-video-preview":"max-video-preview:-1"},"canonical":"https:\/\/cbs-electro.com\/index.php\/produit\/sony-tv-bravia-kd-55x80l-tv-4k-ultra-hd-led-hdr-google-tv-pack-eco-bravia-core-2023\/","og_locale":"fr_FR","og_type":"article","og_title":"Sony TV Bravia - KD-55X80L : TV 4K Ultra HD LED | HDR | Google TV | Pack ECO | BRAVIA Core 2023 - CBS Electro","og_description":"Taille de l'\u00e9cran 55 Pouces   Marque Sony   Services Internet pris en charge google tv   Technologie d'affichage LCD   Dimensions du produit 123,3P x 33,9l x 78,3H centim\u00e8tres   R\u00e9solution 4K   Fr\u00e9quence de rafra\u00eechissement 60 Hz   Caract\u00e9ristique sp\u00e9ciale Dolby Vision   Nom de mod\u00e8le KD55X80LPAEP   Composants inclus Telecomande","og_url":"https:\/\/cbs-electro.com\/index.php\/produit\/sony-tv-bravia-kd-55x80l-tv-4k-ultra-hd-led-hdr-google-tv-pack-eco-bravia-core-2023\/","og_site_name":"CBS Electro","article_modified_time":"2025-03-13T06:48:19+00:00","og_image":[{"width":1500,"height":1035,"url":"https:\/\/cbs-electro.com\/wp-content\/uploads\/2023\/11\/819-1jfnSgL._AC_SL1500_.jpg","type":"image\/jpeg"}],"twitter_card":"summary_large_image","twitter_misc":{"Dur\u00e9e de lecture estim\u00e9e":"1 minute"},"schema":{"@context":"https:\/\/schema.org","@graph":[{"@type":"WebPage","@id":"https:\/\/cbs-electro.com\/index.php\/produit\/sony-tv-bravia-kd-55x80l-tv-4k-ultra-hd-led-hdr-google-tv-pack-eco-bravia-core-2023\/","url":"https:\/\/cbs-electro.com\/index.php\/produit\/sony-tv-bravia-kd-55x80l-tv-4k-ultra-hd-led-hdr-google-tv-pack-eco-bravia-core-2023\/","name":"Sony TV Bravia - KD-55X80L : TV 4K Ultra HD LED | HDR | Google TV | Pack ECO | BRAVIA Core 2023 - CBS Electro","isPartOf":{"@id":"https:\/\/www.cbs-electro.com\/#website"},"primaryImageOfPage":{"@id":"https:\/\/cbs-electro.com\/index.php\/produit\/sony-tv-bravia-kd-55x80l-tv-4k-ultra-hd-led-hdr-google-tv-pack-eco-bravia-core-2023\/#primaryimage"},"image":{"@id":"https:\/\/cbs-electro.com\/index.php\/produit\/sony-tv-bravia-kd-55x80l-tv-4k-ultra-hd-led-hdr-google-tv-pack-eco-bravia-core-2023\/#primaryimage"},"thumbnailUrl":"https:\/\/cbs-electro.com\/wp-content\/uploads\/2023\/11\/819-1jfnSgL._AC_SL1500_.jpg","datePublished":"2023-11-24T12:10:45+00:00","dateModified":"2025-03-13T06:48:19+00:00","breadcrumb":{"@id":"https:\/\/cbs-electro.com\/index.php\/produit\/sony-tv-bravia-kd-55x80l-tv-4k-ultra-hd-led-hdr-google-tv-pack-eco-bravia-core-2023\/#breadcrumb"},"inLanguage":"fr-FR","potentialAction":[{"@type":"ReadAction","target":["https:\/\/cbs-electro.com\/index.php\/produit\/sony-tv-bravia-kd-55x80l-tv-4k-ultra-hd-led-hdr-google-tv-pack-eco-bravia-core-2023\/"]}]},{"@type":"ImageObject","inLanguage":"fr-FR","@id":"https:\/\/cbs-electro.com\/index.php\/produit\/sony-tv-bravia-kd-55x80l-tv-4k-ultra-hd-led-hdr-google-tv-pack-eco-bravia-core-2023\/#primaryimage","url":"https:\/\/cbs-electro.com\/wp-content\/uploads\/2023\/11\/819-1jfnSgL._AC_SL1500_.jpg","contentUrl":"https:\/\/cbs-electro.com\/wp-content\/uploads\/2023\/11\/819-1jfnSgL._AC_SL1500_.jpg","width":1500,"height":1035},{"@type":"BreadcrumbList","@id":"https:\/\/cbs-electro.com\/index.php\/produit\/sony-tv-bravia-kd-55x80l-tv-4k-ultra-hd-led-hdr-google-tv-pack-eco-bravia-core-2023\/#breadcrumb","itemListElement":[{"@type":"ListItem","position":1,"name":"Accueil","item":"https:\/\/www.cbs-electro.com\/"},{"@type":"ListItem","position":2,"name":"Boutique","item":"https:\/\/www.cbs-electro.com\/index.php\/boutique\/"},{"@type":"ListItem","position":3,"name":"Sony TV Bravia &#8211; KD-55X80L : TV 4K Ultra HD LED | HDR | Google TV | Pack ECO | BRAVIA Core 2023"}]},{"@type":"WebSite","@id":"https:\/\/www.cbs-electro.com\/#website","url":"https:\/\/www.cbs-electro.com\/","name":"CBS Electro","description":"Vente des produits neufs - Informatique, Smartphones, livres, jeux vid\u00e9o, photos, jouets et \u00e9lectrom\u00e9nager","potentialAction":[{"@type":"SearchAction","target":{"@type":"EntryPoint","urlTemplate":"https:\/\/www.cbs-electro.com\/?s={search_term_string}"},"query-input":{"@type":"PropertyValueSpecification","valueRequired":true,"valueName":"search_term_string"}}],"inLanguage":"fr-FR"}]}},"_links":{"self":[{"href":"https:\/\/cbs-electro.com\/index.php\/wp-json\/wp\/v2\/product\/16298","targetHints":{"allow":["GET"]}}],"collection":[{"href":"https:\/\/cbs-electro.com\/index.php\/wp-json\/wp\/v2\/product"}],"about":[{"href":"https:\/\/cbs-electro.com\/index.php\/wp-json\/wp\/v2\/types\/product"}],"version-history":[{"count":1,"href":"https:\/\/cbs-electro.com\/index.php\/wp-json\/wp\/v2\/product\/16298\/revisions"}],"predecessor-version":[{"id":16305,"href":"https:\/\/cbs-electro.com\/index.php\/wp-json\/wp\/v2\/product\/16298\/revisions\/16305"}],"wp:featuredmedia":[{"embeddable":true,"href":"https:\/\/cbs-electro.com\/index.php\/wp-json\/wp\/v2\/media\/16304"}],"wp:attachment":[{"href":"https:\/\/cbs-electro.com\/index.php\/wp-json\/wp\/v2\/media?parent=16298"}],"wp:term":[{"taxonomy":"product_brand","embeddable":true,"href":"https:\/\/cbs-electro.com\/index.php\/wp-json\/wp\/v2\/product_brand?post=16298"},{"taxonomy":"product_cat","embeddable":true,"href":"https:\/\/cbs-electro.com\/index.php\/wp-json\/wp\/v2\/product_cat?post=16298"},{"taxonomy":"product_tag","embeddable":true,"href":"https:\/\/cbs-electro.com\/index.php\/wp-json\/wp\/v2\/product_tag?post=16298"}],"curies":[{"name":"wp","href":"https:\/\/api.w.org\/{rel}","templated":true}]}}