{"id":16134,"date":"2023-11-24T09:17:55","date_gmt":"2023-11-24T08:17:55","guid":{"rendered":"https:\/?post_type=product&#038;p=16134"},"modified":"2023-11-24T09:19:10","modified_gmt":"2023-11-24T08:19:10","slug":"philips-serie-3200-machine-expresso-cafe-a-grain-mousseur-a-lait-classique-4-specialites-de-cafe-ecran-tactile-intuitif-noir-brillant-ep3221-40","status":"publish","type":"product","link":"https:\/\/cbs-electro.com\/index.php\/produit\/philips-serie-3200-machine-expresso-cafe-a-grain-mousseur-a-lait-classique-4-specialites-de-cafe-ecran-tactile-intuitif-noir-brillant-ep3221-40\/","title":{"rendered":"Philips S\u00e9rie 3200 Machine Expresso &#8211; Caf\u00e9 \u00e0 Grain &#8211; Mousseur \u00e0 Lait Classique, 4 Sp\u00e9cialit\u00e9s de Caf\u00e9, \u00c9cran Tactile Intuitif, Noir Brillant (EP3221\/40)"},"content":{"rendered":"<div><\/div>\n<div>Marque Philips Domestic Appliances<\/div>\n<div>Couleur Noir<\/div>\n<div>Dimensions du produit 24,6P x 37,1l x 43,3H centim\u00e8tres<\/div>\n<div>Caract\u00e9ristique sp\u00e9ciale Dishwasher safe parts, AquaClean filter compatible, Touch screen display<\/div>\n<div>Type de cafeti\u00e8re Machine \u00e0 espresso<\/div>\n<div>Type de filtre R\u00e9utilisable<\/div>\n<div>Style Sans Connectivit\u00e9 Wi-Fi<\/div>\n<div>Usages sp\u00e9cifiques pour le produit Filtre \u00e0 eau_filtre, Bonnet, Lait frother, Int\u00e9grated_coffee_grinder, Programmable<\/div>\n<div>Usages recommand\u00e9s pour le produit Reisen<\/div>\n<div>Composants inclus Tube met smeermiddel Maatschepje Tester voor waterhardheid AquaClean-filter<\/div>\n<div><\/div>\n<div>Capacit\u00e9<\/div>\n<div>275 Grammes<\/div>\n<div>Mat\u00e9riau<\/div>\n<div>Plastique<\/div>\n<div>Puissance<\/div>\n<div>1500 Watts<\/div>\n<div>Tension<\/div>\n<div>230 Volts<\/div>\n<div><\/div>\n<div>\u00c0 propos de cet article<\/div>\n<div><\/div>\n<div>Mousse onctueuse et velout\u00e9e : Mousseur \u00e0 lait Panarello pour une mousse de lait \u00e0 la texture parfaite &#8211; Compos\u00e9 de seulement deux parties, pour un nettoyage facile<\/div>\n<div>\u00a0Contr\u00f4le simple : Cette machine \u00e0 caf\u00e9 dispose d&rsquo;un \u00e9cran tactile intuitif qui vous permet de s\u00e9lectionner facilement le caf\u00e9 dont vous avez besoin et envie<\/div>\n<div>Personnalisez votre exp\u00e9rience caf\u00e9 : Ajustez l&rsquo;intensit\u00e9 et le volume de votre Sp\u00e9cialit\u00e9 de Caf\u00e9 avec le menu My Coffee Choice. Choisissez facilement entre trois r\u00e9glages en fonction de vos pr\u00e9f\u00e9rences<\/div>\n<div>Filtre puissant et entretien facile : Gr\u00e2ce \u00e0 AquaClean, profitez d&rsquo;une eau claire et purifi\u00e9e, en changeant le filtre apr\u00e8s indication de la machine, vous pouvez d\u00e9guster jusqu&rsquo;\u00e0 5 000 Tasses sans d\u00e9tartrage<\/div>\n<div>\u00a0Broyeur puissant : 100 % C\u00e9ramique &#8211; Avec 12 R\u00e9glages pour ajuster la mouture de vos grains, de l&rsquo;ultra-fine \u00e0 un broyage plus grossier<\/div>\n<div>Hauteur du bec verseur ajustable: 85-145 mm<\/div>\n","protected":false},"excerpt":{"rendered":"<p>Marque Philips Domestic Appliances Couleur Noir Dimensions du produit 24,6P x 37,1l x 43,3H centim\u00e8tres Caract\u00e9ristique sp\u00e9ciale Dishwasher safe parts,<\/p>\n","protected":false},"featured_media":16265,"template":"","meta":[],"product_brand":[],"product_cat":[243],"product_tag":[],"class_list":{"0":"post-16134","1":"product","2":"type-product","3":"status-publish","4":"has-post-thumbnail","6":"product_cat-machine-a-cafe","8":"first","9":"instock","10":"sale","11":"taxable","12":"shipping-taxable","13":"purchasable","14":"product-type-simple"},"yoast_head":"<!-- This site is optimized with the Yoast SEO plugin v24.8.1 - https:\/\/yoast.com\/wordpress\/plugins\/seo\/ -->\n<title>Philips S\u00e9rie 3200 Machine Expresso - Caf\u00e9 \u00e0 Grain - Mousseur \u00e0 Lait Classique, 4 Sp\u00e9cialit\u00e9s de Caf\u00e9, \u00c9cran Tactile Intuitif, Noir Brillant (EP3221\/40) - CBS Electro<\/title>\n<meta name=\"robots\" content=\"index, follow, max-snippet:-1, max-image-preview:large, max-video-preview:-1\" \/>\n<link rel=\"canonical\" href=\"https:\/\/cbs-electro.com\/index.php\/produit\/philips-serie-3200-machine-expresso-cafe-a-grain-mousseur-a-lait-classique-4-specialites-de-cafe-ecran-tactile-intuitif-noir-brillant-ep3221-40\/\" \/>\n<meta property=\"og:locale\" content=\"fr_FR\" \/>\n<meta property=\"og:type\" content=\"article\" \/>\n<meta property=\"og:title\" content=\"Philips S\u00e9rie 3200 Machine Expresso - Caf\u00e9 \u00e0 Grain - Mousseur \u00e0 Lait Classique, 4 Sp\u00e9cialit\u00e9s de Caf\u00e9, \u00c9cran Tactile Intuitif, Noir Brillant (EP3221\/40) - CBS Electro\" \/>\n<meta property=\"og:description\" content=\"Marque Philips Domestic Appliances Couleur Noir Dimensions du produit 24,6P x 37,1l x 43,3H centim\u00e8tres Caract\u00e9ristique sp\u00e9ciale Dishwasher safe parts,\" \/>\n<meta property=\"og:url\" content=\"https:\/\/cbs-electro.com\/index.php\/produit\/philips-serie-3200-machine-expresso-cafe-a-grain-mousseur-a-lait-classique-4-specialites-de-cafe-ecran-tactile-intuitif-noir-brillant-ep3221-40\/\" \/>\n<meta property=\"og:site_name\" content=\"CBS Electro\" \/>\n<meta property=\"article:modified_time\" content=\"2023-11-24T08:19:10+00:00\" \/>\n<meta property=\"og:image\" content=\"https:\/\/cbs-electro.com\/wp-content\/uploads\/2023\/11\/613GtMMK7ML._AC_SL1500_.jpg\" \/>\n\t<meta property=\"og:image:width\" content=\"854\" \/>\n\t<meta property=\"og:image:height\" content=\"1268\" \/>\n\t<meta property=\"og:image:type\" content=\"image\/jpeg\" \/>\n<meta name=\"twitter:card\" content=\"summary_large_image\" \/>\n<meta name=\"twitter:label1\" content=\"Dur\u00e9e de lecture estim\u00e9e\" \/>\n\t<meta name=\"twitter:data1\" content=\"1 minute\" \/>\n<script type=\"application\/ld+json\" class=\"yoast-schema-graph\">{\"@context\":\"https:\/\/schema.org\",\"@graph\":[{\"@type\":\"WebPage\",\"@id\":\"https:\/\/cbs-electro.com\/index.php\/produit\/philips-serie-3200-machine-expresso-cafe-a-grain-mousseur-a-lait-classique-4-specialites-de-cafe-ecran-tactile-intuitif-noir-brillant-ep3221-40\/\",\"url\":\"https:\/\/cbs-electro.com\/index.php\/produit\/philips-serie-3200-machine-expresso-cafe-a-grain-mousseur-a-lait-classique-4-specialites-de-cafe-ecran-tactile-intuitif-noir-brillant-ep3221-40\/\",\"name\":\"Philips S\u00e9rie 3200 Machine Expresso - Caf\u00e9 \u00e0 Grain - Mousseur \u00e0 Lait Classique, 4 Sp\u00e9cialit\u00e9s de Caf\u00e9, \u00c9cran Tactile Intuitif, Noir Brillant (EP3221\/40) - CBS Electro\",\"isPartOf\":{\"@id\":\"https:\/\/www.cbs-electro.com\/#website\"},\"primaryImageOfPage\":{\"@id\":\"https:\/\/cbs-electro.com\/index.php\/produit\/philips-serie-3200-machine-expresso-cafe-a-grain-mousseur-a-lait-classique-4-specialites-de-cafe-ecran-tactile-intuitif-noir-brillant-ep3221-40\/#primaryimage\"},\"image\":{\"@id\":\"https:\/\/cbs-electro.com\/index.php\/produit\/philips-serie-3200-machine-expresso-cafe-a-grain-mousseur-a-lait-classique-4-specialites-de-cafe-ecran-tactile-intuitif-noir-brillant-ep3221-40\/#primaryimage\"},\"thumbnailUrl\":\"https:\/\/cbs-electro.com\/wp-content\/uploads\/2023\/11\/613GtMMK7ML._AC_SL1500_.jpg\",\"datePublished\":\"2023-11-24T08:17:55+00:00\",\"dateModified\":\"2023-11-24T08:19:10+00:00\",\"breadcrumb\":{\"@id\":\"https:\/\/cbs-electro.com\/index.php\/produit\/philips-serie-3200-machine-expresso-cafe-a-grain-mousseur-a-lait-classique-4-specialites-de-cafe-ecran-tactile-intuitif-noir-brillant-ep3221-40\/#breadcrumb\"},\"inLanguage\":\"fr-FR\",\"potentialAction\":[{\"@type\":\"ReadAction\",\"target\":[\"https:\/\/cbs-electro.com\/index.php\/produit\/philips-serie-3200-machine-expresso-cafe-a-grain-mousseur-a-lait-classique-4-specialites-de-cafe-ecran-tactile-intuitif-noir-brillant-ep3221-40\/\"]}]},{\"@type\":\"ImageObject\",\"inLanguage\":\"fr-FR\",\"@id\":\"https:\/\/cbs-electro.com\/index.php\/produit\/philips-serie-3200-machine-expresso-cafe-a-grain-mousseur-a-lait-classique-4-specialites-de-cafe-ecran-tactile-intuitif-noir-brillant-ep3221-40\/#primaryimage\",\"url\":\"https:\/\/cbs-electro.com\/wp-content\/uploads\/2023\/11\/613GtMMK7ML._AC_SL1500_.jpg\",\"contentUrl\":\"https:\/\/cbs-electro.com\/wp-content\/uploads\/2023\/11\/613GtMMK7ML._AC_SL1500_.jpg\",\"width\":854,\"height\":1268},{\"@type\":\"BreadcrumbList\",\"@id\":\"https:\/\/cbs-electro.com\/index.php\/produit\/philips-serie-3200-machine-expresso-cafe-a-grain-mousseur-a-lait-classique-4-specialites-de-cafe-ecran-tactile-intuitif-noir-brillant-ep3221-40\/#breadcrumb\",\"itemListElement\":[{\"@type\":\"ListItem\",\"position\":1,\"name\":\"Accueil\",\"item\":\"https:\/\/www.cbs-electro.com\/\"},{\"@type\":\"ListItem\",\"position\":2,\"name\":\"Boutique\",\"item\":\"https:\/\/www.cbs-electro.com\/index.php\/boutique\/\"},{\"@type\":\"ListItem\",\"position\":3,\"name\":\"Philips S\u00e9rie 3200 Machine Expresso &#8211; Caf\u00e9 \u00e0 Grain &#8211; Mousseur \u00e0 Lait Classique, 4 Sp\u00e9cialit\u00e9s de Caf\u00e9, \u00c9cran Tactile Intuitif, Noir Brillant (EP3221\/40)\"}]},{\"@type\":\"WebSite\",\"@id\":\"https:\/\/www.cbs-electro.com\/#website\",\"url\":\"https:\/\/www.cbs-electro.com\/\",\"name\":\"CBS Electro\",\"description\":\"Vente des produits neufs - Informatique, Smartphones, livres, jeux vid\u00e9o, photos, jouets et \u00e9lectrom\u00e9nager\",\"potentialAction\":[{\"@type\":\"SearchAction\",\"target\":{\"@type\":\"EntryPoint\",\"urlTemplate\":\"https:\/\/www.cbs-electro.com\/?s={search_term_string}\"},\"query-input\":{\"@type\":\"PropertyValueSpecification\",\"valueRequired\":true,\"valueName\":\"search_term_string\"}}],\"inLanguage\":\"fr-FR\"}]}<\/script>\n<!-- \/ Yoast SEO plugin. -->","yoast_head_json":{"title":"Philips S\u00e9rie 3200 Machine Expresso - Caf\u00e9 \u00e0 Grain - Mousseur \u00e0 Lait Classique, 4 Sp\u00e9cialit\u00e9s de Caf\u00e9, \u00c9cran Tactile Intuitif, Noir Brillant (EP3221\/40) - CBS Electro","robots":{"index":"index","follow":"follow","max-snippet":"max-snippet:-1","max-image-preview":"max-image-preview:large","max-video-preview":"max-video-preview:-1"},"canonical":"https:\/\/cbs-electro.com\/index.php\/produit\/philips-serie-3200-machine-expresso-cafe-a-grain-mousseur-a-lait-classique-4-specialites-de-cafe-ecran-tactile-intuitif-noir-brillant-ep3221-40\/","og_locale":"fr_FR","og_type":"article","og_title":"Philips S\u00e9rie 3200 Machine Expresso - Caf\u00e9 \u00e0 Grain - Mousseur \u00e0 Lait Classique, 4 Sp\u00e9cialit\u00e9s de Caf\u00e9, \u00c9cran Tactile Intuitif, Noir Brillant (EP3221\/40) - CBS Electro","og_description":"Marque Philips Domestic Appliances Couleur Noir Dimensions du produit 24,6P x 37,1l x 43,3H centim\u00e8tres Caract\u00e9ristique sp\u00e9ciale Dishwasher safe parts,","og_url":"https:\/\/cbs-electro.com\/index.php\/produit\/philips-serie-3200-machine-expresso-cafe-a-grain-mousseur-a-lait-classique-4-specialites-de-cafe-ecran-tactile-intuitif-noir-brillant-ep3221-40\/","og_site_name":"CBS Electro","article_modified_time":"2023-11-24T08:19:10+00:00","og_image":[{"width":854,"height":1268,"url":"https:\/\/cbs-electro.com\/wp-content\/uploads\/2023\/11\/613GtMMK7ML._AC_SL1500_.jpg","type":"image\/jpeg"}],"twitter_card":"summary_large_image","twitter_misc":{"Dur\u00e9e de lecture estim\u00e9e":"1 minute"},"schema":{"@context":"https:\/\/schema.org","@graph":[{"@type":"WebPage","@id":"https:\/\/cbs-electro.com\/index.php\/produit\/philips-serie-3200-machine-expresso-cafe-a-grain-mousseur-a-lait-classique-4-specialites-de-cafe-ecran-tactile-intuitif-noir-brillant-ep3221-40\/","url":"https:\/\/cbs-electro.com\/index.php\/produit\/philips-serie-3200-machine-expresso-cafe-a-grain-mousseur-a-lait-classique-4-specialites-de-cafe-ecran-tactile-intuitif-noir-brillant-ep3221-40\/","name":"Philips S\u00e9rie 3200 Machine Expresso - Caf\u00e9 \u00e0 Grain - Mousseur \u00e0 Lait Classique, 4 Sp\u00e9cialit\u00e9s de Caf\u00e9, \u00c9cran Tactile Intuitif, Noir Brillant (EP3221\/40) - CBS Electro","isPartOf":{"@id":"https:\/\/www.cbs-electro.com\/#website"},"primaryImageOfPage":{"@id":"https:\/\/cbs-electro.com\/index.php\/produit\/philips-serie-3200-machine-expresso-cafe-a-grain-mousseur-a-lait-classique-4-specialites-de-cafe-ecran-tactile-intuitif-noir-brillant-ep3221-40\/#primaryimage"},"image":{"@id":"https:\/\/cbs-electro.com\/index.php\/produit\/philips-serie-3200-machine-expresso-cafe-a-grain-mousseur-a-lait-classique-4-specialites-de-cafe-ecran-tactile-intuitif-noir-brillant-ep3221-40\/#primaryimage"},"thumbnailUrl":"https:\/\/cbs-electro.com\/wp-content\/uploads\/2023\/11\/613GtMMK7ML._AC_SL1500_.jpg","datePublished":"2023-11-24T08:17:55+00:00","dateModified":"2023-11-24T08:19:10+00:00","breadcrumb":{"@id":"https:\/\/cbs-electro.com\/index.php\/produit\/philips-serie-3200-machine-expresso-cafe-a-grain-mousseur-a-lait-classique-4-specialites-de-cafe-ecran-tactile-intuitif-noir-brillant-ep3221-40\/#breadcrumb"},"inLanguage":"fr-FR","potentialAction":[{"@type":"ReadAction","target":["https:\/\/cbs-electro.com\/index.php\/produit\/philips-serie-3200-machine-expresso-cafe-a-grain-mousseur-a-lait-classique-4-specialites-de-cafe-ecran-tactile-intuitif-noir-brillant-ep3221-40\/"]}]},{"@type":"ImageObject","inLanguage":"fr-FR","@id":"https:\/\/cbs-electro.com\/index.php\/produit\/philips-serie-3200-machine-expresso-cafe-a-grain-mousseur-a-lait-classique-4-specialites-de-cafe-ecran-tactile-intuitif-noir-brillant-ep3221-40\/#primaryimage","url":"https:\/\/cbs-electro.com\/wp-content\/uploads\/2023\/11\/613GtMMK7ML._AC_SL1500_.jpg","contentUrl":"https:\/\/cbs-electro.com\/wp-content\/uploads\/2023\/11\/613GtMMK7ML._AC_SL1500_.jpg","width":854,"height":1268},{"@type":"BreadcrumbList","@id":"https:\/\/cbs-electro.com\/index.php\/produit\/philips-serie-3200-machine-expresso-cafe-a-grain-mousseur-a-lait-classique-4-specialites-de-cafe-ecran-tactile-intuitif-noir-brillant-ep3221-40\/#breadcrumb","itemListElement":[{"@type":"ListItem","position":1,"name":"Accueil","item":"https:\/\/www.cbs-electro.com\/"},{"@type":"ListItem","position":2,"name":"Boutique","item":"https:\/\/www.cbs-electro.com\/index.php\/boutique\/"},{"@type":"ListItem","position":3,"name":"Philips S\u00e9rie 3200 Machine Expresso &#8211; Caf\u00e9 \u00e0 Grain &#8211; Mousseur \u00e0 Lait Classique, 4 Sp\u00e9cialit\u00e9s de Caf\u00e9, \u00c9cran Tactile Intuitif, Noir Brillant (EP3221\/40)"}]},{"@type":"WebSite","@id":"https:\/\/www.cbs-electro.com\/#website","url":"https:\/\/www.cbs-electro.com\/","name":"CBS Electro","description":"Vente des produits neufs - Informatique, Smartphones, livres, jeux vid\u00e9o, photos, jouets et \u00e9lectrom\u00e9nager","potentialAction":[{"@type":"SearchAction","target":{"@type":"EntryPoint","urlTemplate":"https:\/\/www.cbs-electro.com\/?s={search_term_string}"},"query-input":{"@type":"PropertyValueSpecification","valueRequired":true,"valueName":"search_term_string"}}],"inLanguage":"fr-FR"}]}},"_links":{"self":[{"href":"https:\/\/cbs-electro.com\/index.php\/wp-json\/wp\/v2\/product\/16134","targetHints":{"allow":["GET"]}}],"collection":[{"href":"https:\/\/cbs-electro.com\/index.php\/wp-json\/wp\/v2\/product"}],"about":[{"href":"https:\/\/cbs-electro.com\/index.php\/wp-json\/wp\/v2\/types\/product"}],"version-history":[{"count":1,"href":"https:\/\/cbs-electro.com\/index.php\/wp-json\/wp\/v2\/product\/16134\/revisions"}],"predecessor-version":[{"id":16269,"href":"https:\/\/cbs-electro.com\/index.php\/wp-json\/wp\/v2\/product\/16134\/revisions\/16269"}],"wp:featuredmedia":[{"embeddable":true,"href":"https:\/\/cbs-electro.com\/index.php\/wp-json\/wp\/v2\/media\/16265"}],"wp:attachment":[{"href":"https:\/\/cbs-electro.com\/index.php\/wp-json\/wp\/v2\/media?parent=16134"}],"wp:term":[{"taxonomy":"product_brand","embeddable":true,"href":"https:\/\/cbs-electro.com\/index.php\/wp-json\/wp\/v2\/product_brand?post=16134"},{"taxonomy":"product_cat","embeddable":true,"href":"https:\/\/cbs-electro.com\/index.php\/wp-json\/wp\/v2\/product_cat?post=16134"},{"taxonomy":"product_tag","embeddable":true,"href":"https:\/\/cbs-electro.com\/index.php\/wp-json\/wp\/v2\/product_tag?post=16134"}],"curies":[{"name":"wp","href":"https:\/\/api.w.org\/{rel}","templated":true}]}}