{"id":16133,"date":"2023-11-24T09:17:55","date_gmt":"2023-11-24T08:17:55","guid":{"rendered":"https:\/?post_type=product&#038;p=16133"},"modified":"2025-03-13T07:48:39","modified_gmt":"2025-03-13T06:48:39","slug":"philips-domestic-appliances-serie-2200-machine-expresso-cafe-a-grain-lattego-mousseur-a-lait-3-specialites-de-cafe-ecran-tactile-intuitif-noir-brillant-ep2231-40","status":"publish","type":"product","link":"https:\/\/cbs-electro.com\/index.php\/produit\/philips-domestic-appliances-serie-2200-machine-expresso-cafe-a-grain-lattego-mousseur-a-lait-3-specialites-de-cafe-ecran-tactile-intuitif-noir-brillant-ep2231-40\/","title":{"rendered":"Philips Domestic Appliances S\u00e9rie 2200 Machine Expresso &#8211; Caf\u00e9 \u00e0 Grain &#8211; LatteGo Mousseur \u00e0 Lait, 3 Sp\u00e9cialit\u00e9s de Caf\u00e9, \u00c9cran Tactile Intuitif, Noir Brillant (EP2231\/40)"},"content":{"rendered":"<div id=\"productOverview_feature_div\" class=\"celwidget\" data-feature-name=\"productOverview\" data-csa-c-type=\"widget\" data-csa-c-content-id=\"productOverview\" data-csa-c-slot-id=\"productOverview_feature_div\" data-csa-c-asin=\"B07MMSWP78\" data-csa-c-is-in-initial-active-row=\"false\" data-csa-c-id=\"s7kgw4-qob11h-q1p9vy-8qjqnu\" data-cel-widget=\"productOverview_feature_div\">\n<div id=\"poExpander\" class=\"a-expander-collapsed-height a-row a-expander-container a-spacing-none a-expander-partial-collapse-container\" data-a-expander-name=\"product_overview\" data-a-expander-collapsed-height=\"210\">\n<div class=\"a-expander-content a-expander-partial-collapse-content a-expander-content-expanded\" aria-expanded=\"true\">\n<div class=\"a-section a-spacing-small a-spacing-top-small\">\n<table class=\"a-normal a-spacing-micro\">\n<tbody>\n<tr class=\"a-spacing-small po-brand\">\n<td class=\"a-span3\"><span class=\"a-size-base a-text-bold\">Marque<\/span><\/td>\n<td class=\"a-span9\"><span class=\"a-size-base po-break-word\">Philips Domestic Appliances<\/span><\/td>\n<\/tr>\n<tr class=\"a-spacing-small po-color\">\n<td class=\"a-span3\"><span class=\"a-size-base a-text-bold\">Couleur<\/span><\/td>\n<td class=\"a-span9\"><span class=\"a-size-base po-break-word\">Noir Brillant<\/span><\/td>\n<\/tr>\n<tr class=\"a-spacing-small po-item_depth_width_height\">\n<td class=\"a-span3\"><span class=\"a-size-base a-text-bold\">Dimensions du produit<\/span><\/td>\n<td class=\"a-span9\"><span class=\"a-size-base po-break-word\">24,6P x 37,1l x 43,3H centim\u00e8tres<\/span><\/td>\n<\/tr>\n<tr class=\"a-spacing-small po-special_feature\">\n<td class=\"a-span3\"><span class=\"a-size-base a-text-bold\">Caract\u00e9ristique sp\u00e9ciale<\/span><\/td>\n<td class=\"a-span9\"><span class=\"a-size-base po-break-word\">Moulin \u00e0 caf\u00e9 int\u00e9gr\u00e9(Moulin \u00e0 caf\u00e9 int\u00e9gr\u00e9)<\/span><\/td>\n<\/tr>\n<tr class=\"a-spacing-small po-coffee_maker_type\">\n<td class=\"a-span3\"><span class=\"a-size-base a-text-bold\">Type de cafeti\u00e8re<\/span><\/td>\n<td class=\"a-span9\"><span class=\"a-size-base po-break-word\">Machine \u00e0 espresso<\/span><\/td>\n<\/tr>\n<tr class=\"a-spacing-small po-filter_type\">\n<td class=\"a-span3\"><span class=\"a-size-base a-text-bold\">Type de filtre<\/span><\/td>\n<td class=\"a-span9\"><span class=\"a-size-base po-break-word\">R\u00e9utilisable<\/span><\/td>\n<\/tr>\n<tr class=\"a-spacing-small po-style\">\n<td class=\"a-span3\"><span class=\"a-size-base a-text-bold\">Style<\/span><\/td>\n<td class=\"a-span9\"><span class=\"a-size-base po-break-word\">LatteGo<\/span><\/td>\n<\/tr>\n<tr class=\"a-spacing-small po-specific_uses_for_product\">\n<td class=\"a-span3\"><span class=\"a-size-base a-text-bold\">Usages sp\u00e9cifiques pour le produit<\/span><\/td>\n<td class=\"a-span9\"><span class=\"a-size-base po-break-word\">milk_frother<\/span><\/td>\n<\/tr>\n<tr class=\"a-spacing-small po-recommended_uses_for_product\">\n<td class=\"a-span3\"><span class=\"a-size-base a-text-bold\">Usages recommand\u00e9s pour le produit<\/span><\/td>\n<td class=\"a-span9\"><span class=\"a-size-base po-break-word\">Voyage<\/span><\/td>\n<\/tr>\n<tr class=\"a-spacing-small po-operation_mode\">\n<td class=\"a-span3\"><span class=\"a-size-base a-text-bold\">Mode de fonctionnement<\/span><\/td>\n<td class=\"a-span9\"><span class=\"a-size-base po-break-word\">Automatique(Automatique)<\/span><\/td>\n<\/tr>\n<\/tbody>\n<\/table>\n<\/div>\n<\/div>\n<div id=\"poToggleButton\" class=\"a-expander-header a-expander-partial-collapse-header\"><\/div>\n<\/div>\n<div id=\"glance_icons_div\" class=\"a-section a-spacing-top-base\">\n<hr class=\"a-divider-normal\" aria-hidden=\"true\" \/>\n<table class=\"a-normal\">\n<tbody>\n<tr class=\"a-spacing-base\">\n<td class=\"a-span6\">\n<table class=\"a-normal\">\n<tbody>\n<tr>\n<td><img decoding=\"async\" src=\"https:\/\/m.media-amazon.com\/images\/I\/01dD7oHxg7L.svg\" alt=\"\" width=\"36px\" height=\"36px\" \/><\/td>\n<td><span class=\"a-size-base handle-overflow a-text-bold\">Capacit\u00e9<\/span><br \/>\n<span class=\"a-size-base handle-overflow\">1,8 Litres<\/span><\/td>\n<\/tr>\n<\/tbody>\n<\/table>\n<\/td>\n<td class=\"a-span6\">\n<table class=\"a-normal\">\n<tbody>\n<tr>\n<td><img decoding=\"async\" src=\"https:\/\/m.media-amazon.com\/images\/I\/01a9-dByS4L.svg\" alt=\"\" width=\"36px\" height=\"36px\" \/><\/td>\n<td><span class=\"a-size-base handle-overflow a-text-bold\">Mat\u00e9riau<\/span><br \/>\n<span class=\"a-size-base handle-overflow\">Plastique<\/span><\/td>\n<\/tr>\n<\/tbody>\n<\/table>\n<\/td>\n<\/tr>\n<tr class=\"a-spacing-base\">\n<td class=\"a-span6\">\n<table class=\"a-normal\">\n<tbody>\n<tr>\n<td><img decoding=\"async\" src=\"https:\/\/m.media-amazon.com\/images\/I\/015-tk7Ca2L.svg\" alt=\"\" width=\"36px\" height=\"36px\" \/><\/td>\n<td><span class=\"a-size-base handle-overflow a-text-bold\">Poids de l&rsquo;article<\/span><br \/>\n<span class=\"a-size-base handle-overflow\">8 Kilogrammes<\/span><\/td>\n<\/tr>\n<\/tbody>\n<\/table>\n<\/td>\n<td class=\"a-span6\">\n<table class=\"a-normal\">\n<tbody>\n<tr>\n<td><img decoding=\"async\" src=\"https:\/\/m.media-amazon.com\/images\/I\/01MMjwidAUL.svg\" alt=\"\" width=\"36px\" height=\"36px\" \/><\/td>\n<td><span class=\"a-size-base handle-overflow a-text-bold\">Puissance<\/span><br \/>\n<span class=\"a-size-base handle-overflow\">1500 Watts<\/span><\/td>\n<\/tr>\n<\/tbody>\n<\/table>\n<\/td>\n<\/tr>\n<\/tbody>\n<\/table>\n<\/div>\n<\/div>\n<div id=\"featurebullets_feature_div\" class=\"celwidget\" data-feature-name=\"featurebullets\" data-csa-c-type=\"widget\" data-csa-c-content-id=\"featurebullets\" data-csa-c-slot-id=\"featurebullets_feature_div\" data-csa-c-asin=\"B07MMSWP78\" data-csa-c-is-in-initial-active-row=\"false\" data-csa-c-id=\"ra5kch-uy3zfo-osqug9-abqh47\" data-cel-widget=\"featurebullets_feature_div\">\n<div id=\"feature-bullets\" class=\"a-section a-spacing-medium a-spacing-top-small\">\n<hr \/>\n<h1 class=\"a-size-base-plus a-text-bold\">\u00c0 propos de cet article<\/h1>\n<ul class=\"a-unordered-list a-vertical a-spacing-mini\">\n<li class=\"a-spacing-mini\"><span class=\"a-list-item\">Mousse onctueuse et velout\u00e9e : Obtenez un lait \u00e0 la texture parfaite gr\u00e2ce au syst\u00e8me LatteGo \u00e0 haute vitesse &#8211; Compos\u00e9 de seulement deux pi\u00e8ces lavables au lave-vaisselle et sans tube pour un nettoyage facile<\/span><\/li>\n<li class=\"a-spacing-mini\"><span class=\"a-list-item\">3 Sp\u00e9cialit\u00e9s de Caf\u00e9 en toute simplicit\u00e9 : D\u00e9gustez vos caf\u00e9s pr\u00e9f\u00e9r\u00e9s et personnalisez-les \u00e0 volont\u00e9<\/span><\/li>\n<li class=\"a-spacing-mini\"><span class=\"a-list-item\">Contr\u00f4le simple : Cette machine \u00e0 caf\u00e9 dispose d&rsquo;un \u00e9cran tactile intuitif qui vous permet de s\u00e9lectionner facilement le caf\u00e9 dont vous avez besoin et envie<\/span><\/li>\n<li class=\"a-spacing-mini\"><span class=\"a-list-item\">Personnalisez votre exp\u00e9rience caf\u00e9 : Ajustez l&rsquo;intensit\u00e9 et le volume de votre Sp\u00e9cialit\u00e9 de Caf\u00e9 avec le menu My Coffee Choice. Choisissez facilement entre trois r\u00e9glages en fonction de vos pr\u00e9f\u00e9rences<\/span><\/li>\n<li class=\"a-spacing-mini\"><span class=\"a-list-item\">Filtre puissant et entretien facile : gr\u00e2ce \u00e0 AquaClean, profitez d&rsquo;une eau claire et purifi\u00e9e, en changeant le filtre apr\u00e8s indication de la machine, vous pouvez d\u00e9guster jusqu&rsquo;\u00e0 5 000 Tasses sans d\u00e9tartrage<\/span><\/li>\n<\/ul>\n<\/div>\n<\/div>\n","protected":false},"excerpt":{"rendered":"<p>Marque Philips Domestic Appliances Couleur Noir Brillant Dimensions du produit 24,6P x 37,1l x 43,3H centim\u00e8tres Caract\u00e9ristique sp\u00e9ciale Moulin \u00e0<\/p>\n","protected":false},"featured_media":16259,"template":"","meta":[],"product_brand":[],"product_cat":[243],"product_tag":[],"class_list":{"0":"post-16133","1":"product","2":"type-product","3":"status-publish","4":"has-post-thumbnail","6":"product_cat-machine-a-cafe","8":"first","9":"instock","10":"taxable","11":"shipping-taxable","12":"purchasable","13":"product-type-simple"},"yoast_head":"<!-- This site is optimized with the Yoast SEO plugin v24.8.1 - https:\/\/yoast.com\/wordpress\/plugins\/seo\/ -->\n<title>Philips Domestic Appliances S\u00e9rie 2200 Machine Expresso - Caf\u00e9 \u00e0 Grain - LatteGo Mousseur \u00e0 Lait, 3 Sp\u00e9cialit\u00e9s de Caf\u00e9, \u00c9cran Tactile Intuitif, Noir Brillant (EP2231\/40) - CBS Electro<\/title>\n<meta name=\"robots\" content=\"index, follow, max-snippet:-1, max-image-preview:large, max-video-preview:-1\" \/>\n<link rel=\"canonical\" href=\"https:\/\/cbs-electro.com\/index.php\/produit\/philips-domestic-appliances-serie-2200-machine-expresso-cafe-a-grain-lattego-mousseur-a-lait-3-specialites-de-cafe-ecran-tactile-intuitif-noir-brillant-ep2231-40\/\" \/>\n<meta property=\"og:locale\" content=\"fr_FR\" \/>\n<meta property=\"og:type\" content=\"article\" \/>\n<meta property=\"og:title\" content=\"Philips Domestic Appliances S\u00e9rie 2200 Machine Expresso - Caf\u00e9 \u00e0 Grain - LatteGo Mousseur \u00e0 Lait, 3 Sp\u00e9cialit\u00e9s de Caf\u00e9, \u00c9cran Tactile Intuitif, Noir Brillant (EP2231\/40) - CBS Electro\" \/>\n<meta property=\"og:description\" content=\"Marque Philips Domestic Appliances Couleur Noir Brillant Dimensions du produit 24,6P x 37,1l x 43,3H centim\u00e8tres Caract\u00e9ristique sp\u00e9ciale Moulin \u00e0\" \/>\n<meta property=\"og:url\" content=\"https:\/\/cbs-electro.com\/index.php\/produit\/philips-domestic-appliances-serie-2200-machine-expresso-cafe-a-grain-lattego-mousseur-a-lait-3-specialites-de-cafe-ecran-tactile-intuitif-noir-brillant-ep2231-40\/\" \/>\n<meta property=\"og:site_name\" content=\"CBS Electro\" \/>\n<meta property=\"article:modified_time\" content=\"2025-03-13T06:48:39+00:00\" \/>\n<meta property=\"og:image\" content=\"https:\/\/cbs-electro.com\/wp-content\/uploads\/2023\/11\/61pDBPMpdHL._AC_SL1500_.jpg\" \/>\n\t<meta property=\"og:image:width\" content=\"884\" \/>\n\t<meta property=\"og:image:height\" content=\"1265\" \/>\n\t<meta property=\"og:image:type\" content=\"image\/jpeg\" \/>\n<meta name=\"twitter:card\" content=\"summary_large_image\" \/>\n<meta name=\"twitter:label1\" content=\"Dur\u00e9e de lecture estim\u00e9e\" \/>\n\t<meta name=\"twitter:data1\" content=\"1 minute\" \/>\n<script type=\"application\/ld+json\" class=\"yoast-schema-graph\">{\"@context\":\"https:\/\/schema.org\",\"@graph\":[{\"@type\":\"WebPage\",\"@id\":\"https:\/\/cbs-electro.com\/index.php\/produit\/philips-domestic-appliances-serie-2200-machine-expresso-cafe-a-grain-lattego-mousseur-a-lait-3-specialites-de-cafe-ecran-tactile-intuitif-noir-brillant-ep2231-40\/\",\"url\":\"https:\/\/cbs-electro.com\/index.php\/produit\/philips-domestic-appliances-serie-2200-machine-expresso-cafe-a-grain-lattego-mousseur-a-lait-3-specialites-de-cafe-ecran-tactile-intuitif-noir-brillant-ep2231-40\/\",\"name\":\"Philips Domestic Appliances S\u00e9rie 2200 Machine Expresso - Caf\u00e9 \u00e0 Grain - LatteGo Mousseur \u00e0 Lait, 3 Sp\u00e9cialit\u00e9s de Caf\u00e9, \u00c9cran Tactile Intuitif, Noir Brillant (EP2231\/40) - CBS Electro\",\"isPartOf\":{\"@id\":\"https:\/\/www.cbs-electro.com\/#website\"},\"primaryImageOfPage\":{\"@id\":\"https:\/\/cbs-electro.com\/index.php\/produit\/philips-domestic-appliances-serie-2200-machine-expresso-cafe-a-grain-lattego-mousseur-a-lait-3-specialites-de-cafe-ecran-tactile-intuitif-noir-brillant-ep2231-40\/#primaryimage\"},\"image\":{\"@id\":\"https:\/\/cbs-electro.com\/index.php\/produit\/philips-domestic-appliances-serie-2200-machine-expresso-cafe-a-grain-lattego-mousseur-a-lait-3-specialites-de-cafe-ecran-tactile-intuitif-noir-brillant-ep2231-40\/#primaryimage\"},\"thumbnailUrl\":\"https:\/\/cbs-electro.com\/wp-content\/uploads\/2023\/11\/61pDBPMpdHL._AC_SL1500_.jpg\",\"datePublished\":\"2023-11-24T08:17:55+00:00\",\"dateModified\":\"2025-03-13T06:48:39+00:00\",\"breadcrumb\":{\"@id\":\"https:\/\/cbs-electro.com\/index.php\/produit\/philips-domestic-appliances-serie-2200-machine-expresso-cafe-a-grain-lattego-mousseur-a-lait-3-specialites-de-cafe-ecran-tactile-intuitif-noir-brillant-ep2231-40\/#breadcrumb\"},\"inLanguage\":\"fr-FR\",\"potentialAction\":[{\"@type\":\"ReadAction\",\"target\":[\"https:\/\/cbs-electro.com\/index.php\/produit\/philips-domestic-appliances-serie-2200-machine-expresso-cafe-a-grain-lattego-mousseur-a-lait-3-specialites-de-cafe-ecran-tactile-intuitif-noir-brillant-ep2231-40\/\"]}]},{\"@type\":\"ImageObject\",\"inLanguage\":\"fr-FR\",\"@id\":\"https:\/\/cbs-electro.com\/index.php\/produit\/philips-domestic-appliances-serie-2200-machine-expresso-cafe-a-grain-lattego-mousseur-a-lait-3-specialites-de-cafe-ecran-tactile-intuitif-noir-brillant-ep2231-40\/#primaryimage\",\"url\":\"https:\/\/cbs-electro.com\/wp-content\/uploads\/2023\/11\/61pDBPMpdHL._AC_SL1500_.jpg\",\"contentUrl\":\"https:\/\/cbs-electro.com\/wp-content\/uploads\/2023\/11\/61pDBPMpdHL._AC_SL1500_.jpg\",\"width\":884,\"height\":1265},{\"@type\":\"BreadcrumbList\",\"@id\":\"https:\/\/cbs-electro.com\/index.php\/produit\/philips-domestic-appliances-serie-2200-machine-expresso-cafe-a-grain-lattego-mousseur-a-lait-3-specialites-de-cafe-ecran-tactile-intuitif-noir-brillant-ep2231-40\/#breadcrumb\",\"itemListElement\":[{\"@type\":\"ListItem\",\"position\":1,\"name\":\"Accueil\",\"item\":\"https:\/\/www.cbs-electro.com\/\"},{\"@type\":\"ListItem\",\"position\":2,\"name\":\"Boutique\",\"item\":\"https:\/\/www.cbs-electro.com\/index.php\/boutique\/\"},{\"@type\":\"ListItem\",\"position\":3,\"name\":\"Philips Domestic Appliances S\u00e9rie 2200 Machine Expresso &#8211; Caf\u00e9 \u00e0 Grain &#8211; LatteGo Mousseur \u00e0 Lait, 3 Sp\u00e9cialit\u00e9s de Caf\u00e9, \u00c9cran Tactile Intuitif, Noir Brillant (EP2231\/40)\"}]},{\"@type\":\"WebSite\",\"@id\":\"https:\/\/www.cbs-electro.com\/#website\",\"url\":\"https:\/\/www.cbs-electro.com\/\",\"name\":\"CBS Electro\",\"description\":\"Vente des produits neufs - Informatique, Smartphones, livres, jeux vid\u00e9o, photos, jouets et \u00e9lectrom\u00e9nager\",\"potentialAction\":[{\"@type\":\"SearchAction\",\"target\":{\"@type\":\"EntryPoint\",\"urlTemplate\":\"https:\/\/www.cbs-electro.com\/?s={search_term_string}\"},\"query-input\":{\"@type\":\"PropertyValueSpecification\",\"valueRequired\":true,\"valueName\":\"search_term_string\"}}],\"inLanguage\":\"fr-FR\"}]}<\/script>\n<!-- \/ Yoast SEO plugin. -->","yoast_head_json":{"title":"Philips Domestic Appliances S\u00e9rie 2200 Machine Expresso - Caf\u00e9 \u00e0 Grain - LatteGo Mousseur \u00e0 Lait, 3 Sp\u00e9cialit\u00e9s de Caf\u00e9, \u00c9cran Tactile Intuitif, Noir Brillant (EP2231\/40) - CBS Electro","robots":{"index":"index","follow":"follow","max-snippet":"max-snippet:-1","max-image-preview":"max-image-preview:large","max-video-preview":"max-video-preview:-1"},"canonical":"https:\/\/cbs-electro.com\/index.php\/produit\/philips-domestic-appliances-serie-2200-machine-expresso-cafe-a-grain-lattego-mousseur-a-lait-3-specialites-de-cafe-ecran-tactile-intuitif-noir-brillant-ep2231-40\/","og_locale":"fr_FR","og_type":"article","og_title":"Philips Domestic Appliances S\u00e9rie 2200 Machine Expresso - Caf\u00e9 \u00e0 Grain - LatteGo Mousseur \u00e0 Lait, 3 Sp\u00e9cialit\u00e9s de Caf\u00e9, \u00c9cran Tactile Intuitif, Noir Brillant (EP2231\/40) - CBS Electro","og_description":"Marque Philips Domestic Appliances Couleur Noir Brillant Dimensions du produit 24,6P x 37,1l x 43,3H centim\u00e8tres Caract\u00e9ristique sp\u00e9ciale Moulin \u00e0","og_url":"https:\/\/cbs-electro.com\/index.php\/produit\/philips-domestic-appliances-serie-2200-machine-expresso-cafe-a-grain-lattego-mousseur-a-lait-3-specialites-de-cafe-ecran-tactile-intuitif-noir-brillant-ep2231-40\/","og_site_name":"CBS Electro","article_modified_time":"2025-03-13T06:48:39+00:00","og_image":[{"width":884,"height":1265,"url":"https:\/\/cbs-electro.com\/wp-content\/uploads\/2023\/11\/61pDBPMpdHL._AC_SL1500_.jpg","type":"image\/jpeg"}],"twitter_card":"summary_large_image","twitter_misc":{"Dur\u00e9e de lecture estim\u00e9e":"1 minute"},"schema":{"@context":"https:\/\/schema.org","@graph":[{"@type":"WebPage","@id":"https:\/\/cbs-electro.com\/index.php\/produit\/philips-domestic-appliances-serie-2200-machine-expresso-cafe-a-grain-lattego-mousseur-a-lait-3-specialites-de-cafe-ecran-tactile-intuitif-noir-brillant-ep2231-40\/","url":"https:\/\/cbs-electro.com\/index.php\/produit\/philips-domestic-appliances-serie-2200-machine-expresso-cafe-a-grain-lattego-mousseur-a-lait-3-specialites-de-cafe-ecran-tactile-intuitif-noir-brillant-ep2231-40\/","name":"Philips Domestic Appliances S\u00e9rie 2200 Machine Expresso - Caf\u00e9 \u00e0 Grain - LatteGo Mousseur \u00e0 Lait, 3 Sp\u00e9cialit\u00e9s de Caf\u00e9, \u00c9cran Tactile Intuitif, Noir Brillant (EP2231\/40) - CBS Electro","isPartOf":{"@id":"https:\/\/www.cbs-electro.com\/#website"},"primaryImageOfPage":{"@id":"https:\/\/cbs-electro.com\/index.php\/produit\/philips-domestic-appliances-serie-2200-machine-expresso-cafe-a-grain-lattego-mousseur-a-lait-3-specialites-de-cafe-ecran-tactile-intuitif-noir-brillant-ep2231-40\/#primaryimage"},"image":{"@id":"https:\/\/cbs-electro.com\/index.php\/produit\/philips-domestic-appliances-serie-2200-machine-expresso-cafe-a-grain-lattego-mousseur-a-lait-3-specialites-de-cafe-ecran-tactile-intuitif-noir-brillant-ep2231-40\/#primaryimage"},"thumbnailUrl":"https:\/\/cbs-electro.com\/wp-content\/uploads\/2023\/11\/61pDBPMpdHL._AC_SL1500_.jpg","datePublished":"2023-11-24T08:17:55+00:00","dateModified":"2025-03-13T06:48:39+00:00","breadcrumb":{"@id":"https:\/\/cbs-electro.com\/index.php\/produit\/philips-domestic-appliances-serie-2200-machine-expresso-cafe-a-grain-lattego-mousseur-a-lait-3-specialites-de-cafe-ecran-tactile-intuitif-noir-brillant-ep2231-40\/#breadcrumb"},"inLanguage":"fr-FR","potentialAction":[{"@type":"ReadAction","target":["https:\/\/cbs-electro.com\/index.php\/produit\/philips-domestic-appliances-serie-2200-machine-expresso-cafe-a-grain-lattego-mousseur-a-lait-3-specialites-de-cafe-ecran-tactile-intuitif-noir-brillant-ep2231-40\/"]}]},{"@type":"ImageObject","inLanguage":"fr-FR","@id":"https:\/\/cbs-electro.com\/index.php\/produit\/philips-domestic-appliances-serie-2200-machine-expresso-cafe-a-grain-lattego-mousseur-a-lait-3-specialites-de-cafe-ecran-tactile-intuitif-noir-brillant-ep2231-40\/#primaryimage","url":"https:\/\/cbs-electro.com\/wp-content\/uploads\/2023\/11\/61pDBPMpdHL._AC_SL1500_.jpg","contentUrl":"https:\/\/cbs-electro.com\/wp-content\/uploads\/2023\/11\/61pDBPMpdHL._AC_SL1500_.jpg","width":884,"height":1265},{"@type":"BreadcrumbList","@id":"https:\/\/cbs-electro.com\/index.php\/produit\/philips-domestic-appliances-serie-2200-machine-expresso-cafe-a-grain-lattego-mousseur-a-lait-3-specialites-de-cafe-ecran-tactile-intuitif-noir-brillant-ep2231-40\/#breadcrumb","itemListElement":[{"@type":"ListItem","position":1,"name":"Accueil","item":"https:\/\/www.cbs-electro.com\/"},{"@type":"ListItem","position":2,"name":"Boutique","item":"https:\/\/www.cbs-electro.com\/index.php\/boutique\/"},{"@type":"ListItem","position":3,"name":"Philips Domestic Appliances S\u00e9rie 2200 Machine Expresso &#8211; Caf\u00e9 \u00e0 Grain &#8211; LatteGo Mousseur \u00e0 Lait, 3 Sp\u00e9cialit\u00e9s de Caf\u00e9, \u00c9cran Tactile Intuitif, Noir Brillant (EP2231\/40)"}]},{"@type":"WebSite","@id":"https:\/\/www.cbs-electro.com\/#website","url":"https:\/\/www.cbs-electro.com\/","name":"CBS Electro","description":"Vente des produits neufs - Informatique, Smartphones, livres, jeux vid\u00e9o, photos, jouets et \u00e9lectrom\u00e9nager","potentialAction":[{"@type":"SearchAction","target":{"@type":"EntryPoint","urlTemplate":"https:\/\/www.cbs-electro.com\/?s={search_term_string}"},"query-input":{"@type":"PropertyValueSpecification","valueRequired":true,"valueName":"search_term_string"}}],"inLanguage":"fr-FR"}]}},"_links":{"self":[{"href":"https:\/\/cbs-electro.com\/index.php\/wp-json\/wp\/v2\/product\/16133","targetHints":{"allow":["GET"]}}],"collection":[{"href":"https:\/\/cbs-electro.com\/index.php\/wp-json\/wp\/v2\/product"}],"about":[{"href":"https:\/\/cbs-electro.com\/index.php\/wp-json\/wp\/v2\/types\/product"}],"version-history":[{"count":1,"href":"https:\/\/cbs-electro.com\/index.php\/wp-json\/wp\/v2\/product\/16133\/revisions"}],"predecessor-version":[{"id":16264,"href":"https:\/\/cbs-electro.com\/index.php\/wp-json\/wp\/v2\/product\/16133\/revisions\/16264"}],"wp:featuredmedia":[{"embeddable":true,"href":"https:\/\/cbs-electro.com\/index.php\/wp-json\/wp\/v2\/media\/16259"}],"wp:attachment":[{"href":"https:\/\/cbs-electro.com\/index.php\/wp-json\/wp\/v2\/media?parent=16133"}],"wp:term":[{"taxonomy":"product_brand","embeddable":true,"href":"https:\/\/cbs-electro.com\/index.php\/wp-json\/wp\/v2\/product_brand?post=16133"},{"taxonomy":"product_cat","embeddable":true,"href":"https:\/\/cbs-electro.com\/index.php\/wp-json\/wp\/v2\/product_cat?post=16133"},{"taxonomy":"product_tag","embeddable":true,"href":"https:\/\/cbs-electro.com\/index.php\/wp-json\/wp\/v2\/product_tag?post=16133"}],"curies":[{"name":"wp","href":"https:\/\/api.w.org\/{rel}","templated":true}]}}