{"id":16131,"date":"2023-11-24T09:17:55","date_gmt":"2023-11-24T08:17:55","guid":{"rendered":"https:\/?post_type=product&#038;p=16131"},"modified":"2023-11-24T09:18:59","modified_gmt":"2023-11-24T08:18:59","slug":"philips-domestic-appliances-senseo-switch-hd6592-84-machine-a-cafe-a-dosettes-et-filtre-technologie-de-brassage-2-en-1-reservoir-deau-de-1-litre-7-tasses-en-un-seul-passage-rouge-monzarre","status":"publish","type":"product","link":"https:\/\/cbs-electro.com\/index.php\/produit\/philips-domestic-appliances-senseo-switch-hd6592-84-machine-a-cafe-a-dosettes-et-filtre-technologie-de-brassage-2-en-1-reservoir-deau-de-1-litre-7-tasses-en-un-seul-passage-rouge-monzarre\/","title":{"rendered":"Philips Domestic Appliances SENSEO Switch HD6592\/84 Machine \u00e0 caf\u00e9 \u00e0 dosettes et filtre, technologie de brassage 2 en 1, r\u00e9servoir d&rsquo;eau de 1 litre, 7 tasses en un seul passage, rouge monzarre"},"content":{"rendered":"<table class=\"a-normal a-spacing-micro\">\n<tbody>\n<tr class=\"a-spacing-small po-brand\">\n<td class=\"a-span3\"><span class=\"a-size-base a-text-bold\">Marque<\/span><\/td>\n<td class=\"a-span9\"><span class=\"a-size-base po-break-word\">Philips Domestic Appliances<\/span><\/td>\n<\/tr>\n<tr class=\"a-spacing-small po-color\">\n<td class=\"a-span3\"><span class=\"a-size-base a-text-bold\">Couleur<\/span><\/td>\n<td class=\"a-span9\"><span class=\"a-size-base po-break-word\">Rouge<\/span><\/td>\n<\/tr>\n<tr class=\"a-spacing-small po-special_feature\">\n<td class=\"a-span3\"><span class=\"a-size-base a-text-bold\">Caract\u00e9ristique sp\u00e9ciale<\/span><\/td>\n<td class=\"a-span9\"><span class=\"a-size-base po-break-word\">R\u00e9servoir amovible (r\u00e9servoir amovible)<\/span><\/td>\n<\/tr>\n<tr class=\"a-spacing-small po-coffee_maker_type\">\n<td class=\"a-span3\"><span class=\"a-size-base a-text-bold\">Type de cafeti\u00e8re<\/span><\/td>\n<td class=\"a-span9\"><span class=\"a-size-base po-break-word\">Cafeti\u00e8re \u00e0 filtre \u00e9lectrique<\/span><\/td>\n<\/tr>\n<tr class=\"a-spacing-small po-style\">\n<td class=\"a-span3\"><span class=\"a-size-base a-text-bold\">Style<\/span><\/td>\n<td class=\"a-span9\"><span class=\"a-size-base po-break-word\">Moderne<\/span><\/td>\n<\/tr>\n<tr class=\"a-spacing-small po-specific_uses_for_product\">\n<td class=\"a-span3\"><span class=\"a-size-base a-text-bold\">Usages sp\u00e9cifiques pour le produit<\/span><\/td>\n<td class=\"a-span9\"><span class=\"a-size-base po-break-word\">Espresso<\/span><\/td>\n<\/tr>\n<tr class=\"a-spacing-small po-recommended_uses_for_product\">\n<td class=\"a-span3\"><span class=\"a-size-base a-text-bold\">Usages recommand\u00e9s pour le produit<\/span><\/td>\n<td class=\"a-span9\"><span class=\"a-size-base po-break-word\">Reisen<\/span><\/td>\n<\/tr>\n<tr class=\"a-spacing-small po-operation_mode\">\n<td class=\"a-span3\"><span class=\"a-size-base a-text-bold\">Mode de fonctionnement<\/span><\/td>\n<td class=\"a-span9\"><span class=\"a-size-base po-break-word\">Semi-Automatic(Semi-Automatic)<\/span><\/td>\n<\/tr>\n<tr class=\"a-spacing-small po-number_of_items\">\n<td class=\"a-span3\"><span class=\"a-size-base a-text-bold\">Nombre d&rsquo;articles<\/span><\/td>\n<td class=\"a-span9\"><span class=\"a-size-base po-break-word\">1<\/span><\/td>\n<\/tr>\n<tr class=\"a-spacing-small po-human_interface_input\">\n<td class=\"a-span3\"><span class=\"a-size-base a-text-bold\">Entr\u00e9e de l&rsquo;interface humaine<\/span><\/td>\n<\/tr>\n<\/tbody>\n<\/table>\n<div id=\"productOverview_feature_div\" class=\"celwidget\" data-feature-name=\"productOverview\" data-csa-c-type=\"widget\" data-csa-c-content-id=\"productOverview\" data-csa-c-slot-id=\"productOverview_feature_div\" data-csa-c-asin=\"B0B1J57FJ7\" data-csa-c-is-in-initial-active-row=\"false\" data-csa-c-id=\"ad0cvg-7shocm-pilo3g-ctkj4j\" data-cel-widget=\"productOverview_feature_div\">\n<div id=\"glance_icons_div\" class=\"a-section a-spacing-top-base\">\n<table class=\"a-normal\">\n<tbody>\n<tr class=\"a-spacing-base\">\n<td class=\"a-span6\">\n<table class=\"a-normal\">\n<tbody>\n<tr>\n<td><img decoding=\"async\" src=\"https:\/\/m.media-amazon.com\/images\/I\/01dD7oHxg7L.svg\" alt=\"\" width=\"36px\" height=\"36px\" \/><\/td>\n<td><span class=\"a-size-base handle-overflow a-text-bold\">Capacit\u00e9<\/span><br \/>\n<span class=\"a-size-base handle-overflow\">1 Litres<\/span><\/td>\n<\/tr>\n<\/tbody>\n<\/table>\n<\/td>\n<td class=\"a-span6\">\n<table class=\"a-normal\">\n<tbody>\n<tr>\n<td><img decoding=\"async\" src=\"https:\/\/m.media-amazon.com\/images\/I\/01a9-dByS4L.svg\" alt=\"\" width=\"36px\" height=\"36px\" \/><\/td>\n<td><span class=\"a-size-base handle-overflow a-text-bold\">Mat\u00e9riau<\/span><br \/>\n<span class=\"a-size-base handle-overflow\">Acier inoxydable<\/span><\/td>\n<\/tr>\n<\/tbody>\n<\/table>\n<\/td>\n<\/tr>\n<tr class=\"a-spacing-base\">\n<td class=\"a-span6\">\n<table class=\"a-normal\">\n<tbody>\n<tr>\n<td><img decoding=\"async\" src=\"https:\/\/m.media-amazon.com\/images\/I\/015-tk7Ca2L.svg\" alt=\"\" width=\"36px\" height=\"36px\" \/><\/td>\n<td><span class=\"a-size-base handle-overflow a-text-bold\">Poids de l&rsquo;article<\/span><br \/>\n<span class=\"a-size-base handle-overflow\">3600 Grammes<\/span><\/td>\n<\/tr>\n<\/tbody>\n<\/table>\n<\/td>\n<td class=\"a-span6\">\n<table class=\"a-normal\">\n<tbody>\n<tr>\n<td><img decoding=\"async\" src=\"https:\/\/m.media-amazon.com\/images\/I\/01MMjwidAUL.svg\" alt=\"\" width=\"36px\" height=\"36px\" \/><\/td>\n<td><span class=\"a-size-base handle-overflow a-text-bold\">Puissance<\/span><br \/>\n<span class=\"a-size-base handle-overflow\">1450 Watts<\/span><\/td>\n<\/tr>\n<\/tbody>\n<\/table>\n<\/td>\n<\/tr>\n<\/tbody>\n<\/table>\n<\/div>\n<\/div>\n<div id=\"featurebullets_feature_div\" class=\"celwidget\" data-feature-name=\"featurebullets\" data-csa-c-type=\"widget\" data-csa-c-content-id=\"featurebullets\" data-csa-c-slot-id=\"featurebullets_feature_div\" data-csa-c-asin=\"B0B1J57FJ7\" data-csa-c-is-in-initial-active-row=\"false\" data-csa-c-id=\"8ru8fh-e42fp4-5diow5-d0uyo\" data-cel-widget=\"featurebullets_feature_div\">\n<div id=\"feature-bullets\" class=\"a-section a-spacing-medium a-spacing-top-small\">\n<hr \/>\n<h1 class=\"a-size-base-plus a-text-bold\">\u00c0 propos de cet article<\/h1>\n<ul class=\"a-unordered-list a-vertical a-spacing-mini\">\n<li class=\"a-spacing-mini\"><span class=\"a-list-item\">Thermos en acier inoxydable : la cuve thermique en acier inoxydable pr\u00e9serve la temp\u00e9rature et l&rsquo;ar\u00f4me pendant des heures.<\/span><\/li>\n<li class=\"a-spacing-mini\"><span class=\"a-list-item\">Une simple pression sur un bouton : les trois boutons de commande simples vous permettent de pr\u00e9parer 1 tasse, 2 tasses ou une th\u00e9i\u00e8re de caf\u00e9 en une seule touche.<\/span><\/li>\n<li class=\"a-spacing-mini\"><span class=\"a-list-item\">Cr\u00e8me d\u00e9licieuse : la fine s\u00e9lection de tampons SENSEO et la technologie de brassage 2 en 1 garantissent que votre tasse de caf\u00e9 SENSEO est toujours dot\u00e9e d&rsquo;une d\u00e9licieuse cr\u00e8me.<\/span><\/li>\n<li class=\"a-spacing-mini\"><span class=\"a-list-item\">R\u00e9servoir d&rsquo;eau de 1 litre: avec le r\u00e9servoir d&rsquo;eau de 1 litre, vous pouvez pr\u00e9parer jusqu&rsquo;\u00e0 7 tasses de caf\u00e9 sans recharge.<\/span><\/li>\n<li class=\"a-spacing-mini\"><span class=\"a-list-item\">Verseuse thermique pour 7 tasses : avec la cafeti\u00e8re isotherme en acier inoxydable, vous pouvez pr\u00e9parer jusqu&rsquo;\u00e0 7 tasses de caf\u00e9 filtre authentique \u00e0 la fois.<\/span><\/li>\n<\/ul>\n<\/div>\n<\/div>\n","protected":false},"excerpt":{"rendered":"<p>Marque Philips Domestic Appliances Couleur Rouge Caract\u00e9ristique sp\u00e9ciale R\u00e9servoir amovible (r\u00e9servoir amovible) Type de cafeti\u00e8re Cafeti\u00e8re \u00e0 filtre \u00e9lectrique Style<\/p>\n","protected":false},"featured_media":16249,"template":"","meta":[],"product_brand":[],"product_cat":[243],"product_tag":[],"class_list":{"0":"post-16131","1":"product","2":"type-product","3":"status-publish","4":"has-post-thumbnail","6":"product_cat-machine-a-cafe","8":"first","9":"instock","10":"sale","11":"taxable","12":"shipping-taxable","13":"purchasable","14":"product-type-simple"},"yoast_head":"<!-- This site is optimized with the Yoast SEO plugin v24.8.1 - https:\/\/yoast.com\/wordpress\/plugins\/seo\/ -->\n<title>Philips Domestic Appliances SENSEO Switch HD6592\/84 Machine \u00e0 caf\u00e9 \u00e0 dosettes et filtre, technologie de brassage 2 en 1, r\u00e9servoir d&#039;eau de 1 litre, 7 tasses en un seul passage, rouge monzarre - CBS Electro<\/title>\n<meta name=\"robots\" content=\"index, follow, max-snippet:-1, max-image-preview:large, max-video-preview:-1\" \/>\n<link rel=\"canonical\" href=\"https:\/\/cbs-electro.com\/index.php\/produit\/philips-domestic-appliances-senseo-switch-hd6592-84-machine-a-cafe-a-dosettes-et-filtre-technologie-de-brassage-2-en-1-reservoir-deau-de-1-litre-7-tasses-en-un-seul-passage-rouge-monzarre\/\" \/>\n<meta property=\"og:locale\" content=\"fr_FR\" \/>\n<meta property=\"og:type\" content=\"article\" \/>\n<meta property=\"og:title\" content=\"Philips Domestic Appliances SENSEO Switch HD6592\/84 Machine \u00e0 caf\u00e9 \u00e0 dosettes et filtre, technologie de brassage 2 en 1, r\u00e9servoir d&#039;eau de 1 litre, 7 tasses en un seul passage, rouge monzarre - CBS Electro\" \/>\n<meta property=\"og:description\" content=\"Marque Philips Domestic Appliances Couleur Rouge Caract\u00e9ristique sp\u00e9ciale R\u00e9servoir amovible (r\u00e9servoir amovible) Type de cafeti\u00e8re Cafeti\u00e8re \u00e0 filtre \u00e9lectrique Style\" \/>\n<meta property=\"og:url\" content=\"https:\/\/cbs-electro.com\/index.php\/produit\/philips-domestic-appliances-senseo-switch-hd6592-84-machine-a-cafe-a-dosettes-et-filtre-technologie-de-brassage-2-en-1-reservoir-deau-de-1-litre-7-tasses-en-un-seul-passage-rouge-monzarre\/\" \/>\n<meta property=\"og:site_name\" content=\"CBS Electro\" \/>\n<meta property=\"article:modified_time\" content=\"2023-11-24T08:18:59+00:00\" \/>\n<meta property=\"og:image\" content=\"https:\/\/cbs-electro.com\/wp-content\/uploads\/2023\/11\/71hPwuCyT6L._AC_SL1500_.jpg\" \/>\n\t<meta property=\"og:image:width\" content=\"1316\" \/>\n\t<meta property=\"og:image:height\" content=\"1500\" \/>\n\t<meta property=\"og:image:type\" content=\"image\/jpeg\" \/>\n<meta name=\"twitter:card\" content=\"summary_large_image\" \/>\n<meta name=\"twitter:label1\" content=\"Dur\u00e9e de lecture estim\u00e9e\" \/>\n\t<meta name=\"twitter:data1\" content=\"1 minute\" \/>\n<script type=\"application\/ld+json\" class=\"yoast-schema-graph\">{\"@context\":\"https:\/\/schema.org\",\"@graph\":[{\"@type\":\"WebPage\",\"@id\":\"https:\/\/cbs-electro.com\/index.php\/produit\/philips-domestic-appliances-senseo-switch-hd6592-84-machine-a-cafe-a-dosettes-et-filtre-technologie-de-brassage-2-en-1-reservoir-deau-de-1-litre-7-tasses-en-un-seul-passage-rouge-monzarre\/\",\"url\":\"https:\/\/cbs-electro.com\/index.php\/produit\/philips-domestic-appliances-senseo-switch-hd6592-84-machine-a-cafe-a-dosettes-et-filtre-technologie-de-brassage-2-en-1-reservoir-deau-de-1-litre-7-tasses-en-un-seul-passage-rouge-monzarre\/\",\"name\":\"Philips Domestic Appliances SENSEO Switch HD6592\/84 Machine \u00e0 caf\u00e9 \u00e0 dosettes et filtre, technologie de brassage 2 en 1, r\u00e9servoir d'eau de 1 litre, 7 tasses en un seul passage, rouge monzarre - CBS Electro\",\"isPartOf\":{\"@id\":\"https:\/\/www.cbs-electro.com\/#website\"},\"primaryImageOfPage\":{\"@id\":\"https:\/\/cbs-electro.com\/index.php\/produit\/philips-domestic-appliances-senseo-switch-hd6592-84-machine-a-cafe-a-dosettes-et-filtre-technologie-de-brassage-2-en-1-reservoir-deau-de-1-litre-7-tasses-en-un-seul-passage-rouge-monzarre\/#primaryimage\"},\"image\":{\"@id\":\"https:\/\/cbs-electro.com\/index.php\/produit\/philips-domestic-appliances-senseo-switch-hd6592-84-machine-a-cafe-a-dosettes-et-filtre-technologie-de-brassage-2-en-1-reservoir-deau-de-1-litre-7-tasses-en-un-seul-passage-rouge-monzarre\/#primaryimage\"},\"thumbnailUrl\":\"https:\/\/cbs-electro.com\/wp-content\/uploads\/2023\/11\/71hPwuCyT6L._AC_SL1500_.jpg\",\"datePublished\":\"2023-11-24T08:17:55+00:00\",\"dateModified\":\"2023-11-24T08:18:59+00:00\",\"breadcrumb\":{\"@id\":\"https:\/\/cbs-electro.com\/index.php\/produit\/philips-domestic-appliances-senseo-switch-hd6592-84-machine-a-cafe-a-dosettes-et-filtre-technologie-de-brassage-2-en-1-reservoir-deau-de-1-litre-7-tasses-en-un-seul-passage-rouge-monzarre\/#breadcrumb\"},\"inLanguage\":\"fr-FR\",\"potentialAction\":[{\"@type\":\"ReadAction\",\"target\":[\"https:\/\/cbs-electro.com\/index.php\/produit\/philips-domestic-appliances-senseo-switch-hd6592-84-machine-a-cafe-a-dosettes-et-filtre-technologie-de-brassage-2-en-1-reservoir-deau-de-1-litre-7-tasses-en-un-seul-passage-rouge-monzarre\/\"]}]},{\"@type\":\"ImageObject\",\"inLanguage\":\"fr-FR\",\"@id\":\"https:\/\/cbs-electro.com\/index.php\/produit\/philips-domestic-appliances-senseo-switch-hd6592-84-machine-a-cafe-a-dosettes-et-filtre-technologie-de-brassage-2-en-1-reservoir-deau-de-1-litre-7-tasses-en-un-seul-passage-rouge-monzarre\/#primaryimage\",\"url\":\"https:\/\/cbs-electro.com\/wp-content\/uploads\/2023\/11\/71hPwuCyT6L._AC_SL1500_.jpg\",\"contentUrl\":\"https:\/\/cbs-electro.com\/wp-content\/uploads\/2023\/11\/71hPwuCyT6L._AC_SL1500_.jpg\",\"width\":1316,\"height\":1500},{\"@type\":\"BreadcrumbList\",\"@id\":\"https:\/\/cbs-electro.com\/index.php\/produit\/philips-domestic-appliances-senseo-switch-hd6592-84-machine-a-cafe-a-dosettes-et-filtre-technologie-de-brassage-2-en-1-reservoir-deau-de-1-litre-7-tasses-en-un-seul-passage-rouge-monzarre\/#breadcrumb\",\"itemListElement\":[{\"@type\":\"ListItem\",\"position\":1,\"name\":\"Accueil\",\"item\":\"https:\/\/www.cbs-electro.com\/\"},{\"@type\":\"ListItem\",\"position\":2,\"name\":\"Boutique\",\"item\":\"https:\/\/www.cbs-electro.com\/index.php\/boutique\/\"},{\"@type\":\"ListItem\",\"position\":3,\"name\":\"Philips Domestic Appliances SENSEO Switch HD6592\/84 Machine \u00e0 caf\u00e9 \u00e0 dosettes et filtre, technologie de brassage 2 en 1, r\u00e9servoir d&rsquo;eau de 1 litre, 7 tasses en un seul passage, rouge monzarre\"}]},{\"@type\":\"WebSite\",\"@id\":\"https:\/\/www.cbs-electro.com\/#website\",\"url\":\"https:\/\/www.cbs-electro.com\/\",\"name\":\"CBS Electro\",\"description\":\"Vente des produits neufs - Informatique, Smartphones, livres, jeux vid\u00e9o, photos, jouets et \u00e9lectrom\u00e9nager\",\"potentialAction\":[{\"@type\":\"SearchAction\",\"target\":{\"@type\":\"EntryPoint\",\"urlTemplate\":\"https:\/\/www.cbs-electro.com\/?s={search_term_string}\"},\"query-input\":{\"@type\":\"PropertyValueSpecification\",\"valueRequired\":true,\"valueName\":\"search_term_string\"}}],\"inLanguage\":\"fr-FR\"}]}<\/script>\n<!-- \/ Yoast SEO plugin. -->","yoast_head_json":{"title":"Philips Domestic Appliances SENSEO Switch HD6592\/84 Machine \u00e0 caf\u00e9 \u00e0 dosettes et filtre, technologie de brassage 2 en 1, r\u00e9servoir d'eau de 1 litre, 7 tasses en un seul passage, rouge monzarre - CBS Electro","robots":{"index":"index","follow":"follow","max-snippet":"max-snippet:-1","max-image-preview":"max-image-preview:large","max-video-preview":"max-video-preview:-1"},"canonical":"https:\/\/cbs-electro.com\/index.php\/produit\/philips-domestic-appliances-senseo-switch-hd6592-84-machine-a-cafe-a-dosettes-et-filtre-technologie-de-brassage-2-en-1-reservoir-deau-de-1-litre-7-tasses-en-un-seul-passage-rouge-monzarre\/","og_locale":"fr_FR","og_type":"article","og_title":"Philips Domestic Appliances SENSEO Switch HD6592\/84 Machine \u00e0 caf\u00e9 \u00e0 dosettes et filtre, technologie de brassage 2 en 1, r\u00e9servoir d'eau de 1 litre, 7 tasses en un seul passage, rouge monzarre - CBS Electro","og_description":"Marque Philips Domestic Appliances Couleur Rouge Caract\u00e9ristique sp\u00e9ciale R\u00e9servoir amovible (r\u00e9servoir amovible) Type de cafeti\u00e8re Cafeti\u00e8re \u00e0 filtre \u00e9lectrique Style","og_url":"https:\/\/cbs-electro.com\/index.php\/produit\/philips-domestic-appliances-senseo-switch-hd6592-84-machine-a-cafe-a-dosettes-et-filtre-technologie-de-brassage-2-en-1-reservoir-deau-de-1-litre-7-tasses-en-un-seul-passage-rouge-monzarre\/","og_site_name":"CBS Electro","article_modified_time":"2023-11-24T08:18:59+00:00","og_image":[{"width":1316,"height":1500,"url":"https:\/\/cbs-electro.com\/wp-content\/uploads\/2023\/11\/71hPwuCyT6L._AC_SL1500_.jpg","type":"image\/jpeg"}],"twitter_card":"summary_large_image","twitter_misc":{"Dur\u00e9e de lecture estim\u00e9e":"1 minute"},"schema":{"@context":"https:\/\/schema.org","@graph":[{"@type":"WebPage","@id":"https:\/\/cbs-electro.com\/index.php\/produit\/philips-domestic-appliances-senseo-switch-hd6592-84-machine-a-cafe-a-dosettes-et-filtre-technologie-de-brassage-2-en-1-reservoir-deau-de-1-litre-7-tasses-en-un-seul-passage-rouge-monzarre\/","url":"https:\/\/cbs-electro.com\/index.php\/produit\/philips-domestic-appliances-senseo-switch-hd6592-84-machine-a-cafe-a-dosettes-et-filtre-technologie-de-brassage-2-en-1-reservoir-deau-de-1-litre-7-tasses-en-un-seul-passage-rouge-monzarre\/","name":"Philips Domestic Appliances SENSEO Switch HD6592\/84 Machine \u00e0 caf\u00e9 \u00e0 dosettes et filtre, technologie de brassage 2 en 1, r\u00e9servoir d'eau de 1 litre, 7 tasses en un seul passage, rouge monzarre - CBS Electro","isPartOf":{"@id":"https:\/\/www.cbs-electro.com\/#website"},"primaryImageOfPage":{"@id":"https:\/\/cbs-electro.com\/index.php\/produit\/philips-domestic-appliances-senseo-switch-hd6592-84-machine-a-cafe-a-dosettes-et-filtre-technologie-de-brassage-2-en-1-reservoir-deau-de-1-litre-7-tasses-en-un-seul-passage-rouge-monzarre\/#primaryimage"},"image":{"@id":"https:\/\/cbs-electro.com\/index.php\/produit\/philips-domestic-appliances-senseo-switch-hd6592-84-machine-a-cafe-a-dosettes-et-filtre-technologie-de-brassage-2-en-1-reservoir-deau-de-1-litre-7-tasses-en-un-seul-passage-rouge-monzarre\/#primaryimage"},"thumbnailUrl":"https:\/\/cbs-electro.com\/wp-content\/uploads\/2023\/11\/71hPwuCyT6L._AC_SL1500_.jpg","datePublished":"2023-11-24T08:17:55+00:00","dateModified":"2023-11-24T08:18:59+00:00","breadcrumb":{"@id":"https:\/\/cbs-electro.com\/index.php\/produit\/philips-domestic-appliances-senseo-switch-hd6592-84-machine-a-cafe-a-dosettes-et-filtre-technologie-de-brassage-2-en-1-reservoir-deau-de-1-litre-7-tasses-en-un-seul-passage-rouge-monzarre\/#breadcrumb"},"inLanguage":"fr-FR","potentialAction":[{"@type":"ReadAction","target":["https:\/\/cbs-electro.com\/index.php\/produit\/philips-domestic-appliances-senseo-switch-hd6592-84-machine-a-cafe-a-dosettes-et-filtre-technologie-de-brassage-2-en-1-reservoir-deau-de-1-litre-7-tasses-en-un-seul-passage-rouge-monzarre\/"]}]},{"@type":"ImageObject","inLanguage":"fr-FR","@id":"https:\/\/cbs-electro.com\/index.php\/produit\/philips-domestic-appliances-senseo-switch-hd6592-84-machine-a-cafe-a-dosettes-et-filtre-technologie-de-brassage-2-en-1-reservoir-deau-de-1-litre-7-tasses-en-un-seul-passage-rouge-monzarre\/#primaryimage","url":"https:\/\/cbs-electro.com\/wp-content\/uploads\/2023\/11\/71hPwuCyT6L._AC_SL1500_.jpg","contentUrl":"https:\/\/cbs-electro.com\/wp-content\/uploads\/2023\/11\/71hPwuCyT6L._AC_SL1500_.jpg","width":1316,"height":1500},{"@type":"BreadcrumbList","@id":"https:\/\/cbs-electro.com\/index.php\/produit\/philips-domestic-appliances-senseo-switch-hd6592-84-machine-a-cafe-a-dosettes-et-filtre-technologie-de-brassage-2-en-1-reservoir-deau-de-1-litre-7-tasses-en-un-seul-passage-rouge-monzarre\/#breadcrumb","itemListElement":[{"@type":"ListItem","position":1,"name":"Accueil","item":"https:\/\/www.cbs-electro.com\/"},{"@type":"ListItem","position":2,"name":"Boutique","item":"https:\/\/www.cbs-electro.com\/index.php\/boutique\/"},{"@type":"ListItem","position":3,"name":"Philips Domestic Appliances SENSEO Switch HD6592\/84 Machine \u00e0 caf\u00e9 \u00e0 dosettes et filtre, technologie de brassage 2 en 1, r\u00e9servoir d&rsquo;eau de 1 litre, 7 tasses en un seul passage, rouge monzarre"}]},{"@type":"WebSite","@id":"https:\/\/www.cbs-electro.com\/#website","url":"https:\/\/www.cbs-electro.com\/","name":"CBS Electro","description":"Vente des produits neufs - Informatique, Smartphones, livres, jeux vid\u00e9o, photos, jouets et \u00e9lectrom\u00e9nager","potentialAction":[{"@type":"SearchAction","target":{"@type":"EntryPoint","urlTemplate":"https:\/\/www.cbs-electro.com\/?s={search_term_string}"},"query-input":{"@type":"PropertyValueSpecification","valueRequired":true,"valueName":"search_term_string"}}],"inLanguage":"fr-FR"}]}},"_links":{"self":[{"href":"https:\/\/cbs-electro.com\/index.php\/wp-json\/wp\/v2\/product\/16131","targetHints":{"allow":["GET"]}}],"collection":[{"href":"https:\/\/cbs-electro.com\/index.php\/wp-json\/wp\/v2\/product"}],"about":[{"href":"https:\/\/cbs-electro.com\/index.php\/wp-json\/wp\/v2\/types\/product"}],"version-history":[{"count":1,"href":"https:\/\/cbs-electro.com\/index.php\/wp-json\/wp\/v2\/product\/16131\/revisions"}],"predecessor-version":[{"id":16253,"href":"https:\/\/cbs-electro.com\/index.php\/wp-json\/wp\/v2\/product\/16131\/revisions\/16253"}],"wp:featuredmedia":[{"embeddable":true,"href":"https:\/\/cbs-electro.com\/index.php\/wp-json\/wp\/v2\/media\/16249"}],"wp:attachment":[{"href":"https:\/\/cbs-electro.com\/index.php\/wp-json\/wp\/v2\/media?parent=16131"}],"wp:term":[{"taxonomy":"product_brand","embeddable":true,"href":"https:\/\/cbs-electro.com\/index.php\/wp-json\/wp\/v2\/product_brand?post=16131"},{"taxonomy":"product_cat","embeddable":true,"href":"https:\/\/cbs-electro.com\/index.php\/wp-json\/wp\/v2\/product_cat?post=16131"},{"taxonomy":"product_tag","embeddable":true,"href":"https:\/\/cbs-electro.com\/index.php\/wp-json\/wp\/v2\/product_tag?post=16131"}],"curies":[{"name":"wp","href":"https:\/\/api.w.org\/{rel}","templated":true}]}}