{"id":16057,"date":"2023-11-24T09:17:31","date_gmt":"2023-11-24T08:17:31","guid":{"rendered":"https:\/?post_type=product&#038;p=16057"},"modified":"2025-03-13T07:50:55","modified_gmt":"2025-03-13T06:50:55","slug":"nettoyeur-vapeur-45-bar-9-accessoires-110-gr-min-polti-vaporetto-eco-pro-3-0","status":"publish","type":"product","link":"https:\/\/cbs-electro.com\/index.php\/produit\/nettoyeur-vapeur-45-bar-9-accessoires-110-gr-min-polti-vaporetto-eco-pro-3-0\/","title":{"rendered":"Nettoyeur vapeur \u2013 4,5 BAR \u2013 9 accessoires \u2013 110 gr\/min POLTI VAPORETTO \u2013 ECO Pro 3.0"},"content":{"rendered":"<p class=\"fpMb\">Filaire \u2013 2000W \u2013 2L \u2013 Pression : 4,5 bar \u2013 D\u00e9bit vapeur : 110 g\/min \u2013 Indicateur pression vapeur \u2013 T\u00e9moin vapeur pr\u00eate \u2013 Inclus : Brosse parking \u2013 Garantie : 2 ans<\/p>\n<div class=\"regBloc no1023 \">\n<div id=\"gpt-R2-300X250BODY2\" data-google-query-id=\"CLqeydb4megCFY2xswod4U8Efw\"><\/div>\n<div class=\"regTxt\"><\/div>\n<\/div>\n<table class=\"fpDescTb fpDescTbPub\">\n<tbody>\n<tr>\n<th colspan=\"2\">Informations g\u00e9n\u00e9rales sur le produit<\/th>\n<\/tr>\n<tr>\n<td>Marque<\/td>\n<td>POLTI<\/td>\n<\/tr>\n<tr>\n<td>Nom du produit<\/td>\n<td>POLTI VAPORETTO \u2013 ECO Pro 3.0 \u2013 Nettoyeur vapeur \u2013<\/td>\n<\/tr>\n<tr>\n<td>Cat\u00e9gorie<\/td>\n<td>NETTOYEUR VAPEUR<\/td>\n<\/tr>\n<tr>\n<th colspan=\"2\">G\u00e9n\u00e9ral<\/th>\n<\/tr>\n<tr>\n<td>Type de produit<\/td>\n<td>Nettoyeur \u00e0 vapeur<\/td>\n<\/tr>\n<tr>\n<td>Mode de nettoyage<\/td>\n<td>Vapeur<\/td>\n<\/tr>\n<tr>\n<td>Type de nettoyant<\/td>\n<td>Traineau<\/td>\n<\/tr>\n<tr>\n<td>Capacit\u00e9 du r\u00e9servoir<\/td>\n<td>2 litres<\/td>\n<\/tr>\n<tr>\n<td>Sortie de vapeur<\/td>\n<td>110 g\/min<\/td>\n<\/tr>\n<tr>\n<td>Pression de la vapeur<\/td>\n<td>4.5 bar<\/td>\n<\/tr>\n<tr>\n<th colspan=\"2\">R\u00e9glages, commandes et voyants<\/th>\n<\/tr>\n<tr>\n<td>Indicateurs<\/td>\n<td>Indicateur de niveau d\u2019eau bas, Voyant de vapeur, indicateur lumineux de mise sous tension<\/td>\n<\/tr>\n<tr>\n<th colspan=\"2\">Consommation<\/th>\n<\/tr>\n<tr>\n<td>Puissance \u00e9lectrique<\/td>\n<td>2000 Watt<\/td>\n<\/tr>\n<tr>\n<td>Type d\u2019alimentation<\/td>\n<td>Secteur<\/td>\n<\/tr>\n<tr>\n<td>Longueur du cordon<\/td>\n<td>6 m<\/td>\n<\/tr>\n<tr>\n<th colspan=\"2\">Divers<\/th>\n<\/tr>\n<tr>\n<td>Outils inclus<\/td>\n<td>Concentrateur, buse vapeur, brosse \u00e0 plancher, raclette, petite brosse, tube-allonge (2x), buse souple, chaussette, brosse en position de rangement, chiffon de sol<\/td>\n<\/tr>\n<tr>\n<th colspan=\"2\">Dimensions et poids<\/th>\n<\/tr>\n<tr>\n<td>Largeur<\/td>\n<td>32 cm<\/td>\n<\/tr>\n<tr>\n<td>Profondeur<\/td>\n<td>32 cm<\/td>\n<\/tr>\n<tr>\n<td>Hauteur<\/td>\n<td>34 cm<\/td>\n<\/tr>\n<tr>\n<td>Poids<\/td>\n<td>4.9 kg<\/td>\n<\/tr>\n<tr>\n<th colspan=\"2\">Attributs de recherche<\/th>\n<\/tr>\n<tr>\n<td>Nettoyage|Mode de nettoyage<\/td>\n<td>Vapeur<\/td>\n<\/tr>\n<\/tbody>\n<\/table>\n","protected":false},"excerpt":{"rendered":"<ul>\n<li>Mode de nettoyage : Vapeur<\/li>\n<li>Puissance \u00e9lectrique : 2000 Watt<\/li>\n<li>Longueur du cordon : 6 m<\/li>\n<li>Outils inclus : Concentrateur, buse vapeur, brosse \u00e0 plancher, raclette, petite brosse, tube-allonge (2x<\/li>\n<\/ul>\n","protected":false},"featured_media":16176,"template":"","meta":[],"product_brand":[],"product_cat":[108,241],"product_tag":[],"class_list":{"0":"post-16057","1":"product","2":"type-product","3":"status-publish","4":"has-post-thumbnail","6":"product_cat-aspirateur-sans-sac","7":"product_cat-nettoyeur-vapeur","9":"first","10":"instock","11":"taxable","12":"shipping-taxable","13":"purchasable","14":"product-type-simple"},"yoast_head":"<!-- This site is optimized with the Yoast SEO plugin v24.8.1 - https:\/\/yoast.com\/wordpress\/plugins\/seo\/ -->\n<title>Nettoyeur vapeur \u2013 4,5 BAR \u2013 9 accessoires \u2013 110 gr\/min POLTI VAPORETTO \u2013 ECO Pro 3.0 - CBS Electro<\/title>\n<meta name=\"robots\" content=\"index, follow, max-snippet:-1, max-image-preview:large, max-video-preview:-1\" \/>\n<link rel=\"canonical\" href=\"https:\/\/cbs-electro.com\/index.php\/produit\/nettoyeur-vapeur-45-bar-9-accessoires-110-gr-min-polti-vaporetto-eco-pro-3-0\/\" \/>\n<meta property=\"og:locale\" content=\"fr_FR\" \/>\n<meta property=\"og:type\" content=\"article\" \/>\n<meta property=\"og:title\" content=\"Nettoyeur vapeur \u2013 4,5 BAR \u2013 9 accessoires \u2013 110 gr\/min POLTI VAPORETTO \u2013 ECO Pro 3.0 - CBS Electro\" \/>\n<meta property=\"og:description\" content=\"Mode de nettoyage : Vapeur  Puissance \u00e9lectrique : 2000 Watt  Longueur du cordon : 6 m  Outils inclus : Concentrateur, buse vapeur, brosse \u00e0 plancher, raclette, petite brosse, tube-allonge (2x\" \/>\n<meta property=\"og:url\" content=\"https:\/\/cbs-electro.com\/index.php\/produit\/nettoyeur-vapeur-45-bar-9-accessoires-110-gr-min-polti-vaporetto-eco-pro-3-0\/\" \/>\n<meta property=\"og:site_name\" content=\"CBS Electro\" \/>\n<meta property=\"article:modified_time\" content=\"2025-03-13T06:50:55+00:00\" \/>\n<meta property=\"og:image\" content=\"https:\/\/cbs-electro.com\/wp-content\/uploads\/2023\/11\/a-199.jpg\" \/>\n\t<meta property=\"og:image:width\" content=\"700\" \/>\n\t<meta property=\"og:image:height\" content=\"700\" \/>\n\t<meta property=\"og:image:type\" content=\"image\/jpeg\" \/>\n<meta name=\"twitter:card\" content=\"summary_large_image\" \/>\n<meta name=\"twitter:label1\" content=\"Dur\u00e9e de lecture estim\u00e9e\" \/>\n\t<meta name=\"twitter:data1\" content=\"1 minute\" \/>\n<script type=\"application\/ld+json\" class=\"yoast-schema-graph\">{\"@context\":\"https:\/\/schema.org\",\"@graph\":[{\"@type\":\"WebPage\",\"@id\":\"https:\/\/cbs-electro.com\/index.php\/produit\/nettoyeur-vapeur-45-bar-9-accessoires-110-gr-min-polti-vaporetto-eco-pro-3-0\/\",\"url\":\"https:\/\/cbs-electro.com\/index.php\/produit\/nettoyeur-vapeur-45-bar-9-accessoires-110-gr-min-polti-vaporetto-eco-pro-3-0\/\",\"name\":\"Nettoyeur vapeur \u2013 4,5 BAR \u2013 9 accessoires \u2013 110 gr\/min POLTI VAPORETTO \u2013 ECO Pro 3.0 - CBS Electro\",\"isPartOf\":{\"@id\":\"https:\/\/www.cbs-electro.com\/#website\"},\"primaryImageOfPage\":{\"@id\":\"https:\/\/cbs-electro.com\/index.php\/produit\/nettoyeur-vapeur-45-bar-9-accessoires-110-gr-min-polti-vaporetto-eco-pro-3-0\/#primaryimage\"},\"image\":{\"@id\":\"https:\/\/cbs-electro.com\/index.php\/produit\/nettoyeur-vapeur-45-bar-9-accessoires-110-gr-min-polti-vaporetto-eco-pro-3-0\/#primaryimage\"},\"thumbnailUrl\":\"https:\/\/cbs-electro.com\/wp-content\/uploads\/2023\/11\/a-199.jpg\",\"datePublished\":\"2023-11-24T08:17:31+00:00\",\"dateModified\":\"2025-03-13T06:50:55+00:00\",\"breadcrumb\":{\"@id\":\"https:\/\/cbs-electro.com\/index.php\/produit\/nettoyeur-vapeur-45-bar-9-accessoires-110-gr-min-polti-vaporetto-eco-pro-3-0\/#breadcrumb\"},\"inLanguage\":\"fr-FR\",\"potentialAction\":[{\"@type\":\"ReadAction\",\"target\":[\"https:\/\/cbs-electro.com\/index.php\/produit\/nettoyeur-vapeur-45-bar-9-accessoires-110-gr-min-polti-vaporetto-eco-pro-3-0\/\"]}]},{\"@type\":\"ImageObject\",\"inLanguage\":\"fr-FR\",\"@id\":\"https:\/\/cbs-electro.com\/index.php\/produit\/nettoyeur-vapeur-45-bar-9-accessoires-110-gr-min-polti-vaporetto-eco-pro-3-0\/#primaryimage\",\"url\":\"https:\/\/cbs-electro.com\/wp-content\/uploads\/2023\/11\/a-199.jpg\",\"contentUrl\":\"https:\/\/cbs-electro.com\/wp-content\/uploads\/2023\/11\/a-199.jpg\",\"width\":700,\"height\":700},{\"@type\":\"BreadcrumbList\",\"@id\":\"https:\/\/cbs-electro.com\/index.php\/produit\/nettoyeur-vapeur-45-bar-9-accessoires-110-gr-min-polti-vaporetto-eco-pro-3-0\/#breadcrumb\",\"itemListElement\":[{\"@type\":\"ListItem\",\"position\":1,\"name\":\"Accueil\",\"item\":\"https:\/\/www.cbs-electro.com\/\"},{\"@type\":\"ListItem\",\"position\":2,\"name\":\"Boutique\",\"item\":\"https:\/\/www.cbs-electro.com\/index.php\/boutique\/\"},{\"@type\":\"ListItem\",\"position\":3,\"name\":\"Nettoyeur vapeur \u2013 4,5 BAR \u2013 9 accessoires \u2013 110 gr\/min POLTI VAPORETTO \u2013 ECO Pro 3.0\"}]},{\"@type\":\"WebSite\",\"@id\":\"https:\/\/www.cbs-electro.com\/#website\",\"url\":\"https:\/\/www.cbs-electro.com\/\",\"name\":\"CBS Electro\",\"description\":\"Vente des produits neufs - Informatique, Smartphones, livres, jeux vid\u00e9o, photos, jouets et \u00e9lectrom\u00e9nager\",\"potentialAction\":[{\"@type\":\"SearchAction\",\"target\":{\"@type\":\"EntryPoint\",\"urlTemplate\":\"https:\/\/www.cbs-electro.com\/?s={search_term_string}\"},\"query-input\":{\"@type\":\"PropertyValueSpecification\",\"valueRequired\":true,\"valueName\":\"search_term_string\"}}],\"inLanguage\":\"fr-FR\"}]}<\/script>\n<!-- \/ Yoast SEO plugin. -->","yoast_head_json":{"title":"Nettoyeur vapeur \u2013 4,5 BAR \u2013 9 accessoires \u2013 110 gr\/min POLTI VAPORETTO \u2013 ECO Pro 3.0 - CBS Electro","robots":{"index":"index","follow":"follow","max-snippet":"max-snippet:-1","max-image-preview":"max-image-preview:large","max-video-preview":"max-video-preview:-1"},"canonical":"https:\/\/cbs-electro.com\/index.php\/produit\/nettoyeur-vapeur-45-bar-9-accessoires-110-gr-min-polti-vaporetto-eco-pro-3-0\/","og_locale":"fr_FR","og_type":"article","og_title":"Nettoyeur vapeur \u2013 4,5 BAR \u2013 9 accessoires \u2013 110 gr\/min POLTI VAPORETTO \u2013 ECO Pro 3.0 - CBS Electro","og_description":"Mode de nettoyage : Vapeur  Puissance \u00e9lectrique : 2000 Watt  Longueur du cordon : 6 m  Outils inclus : Concentrateur, buse vapeur, brosse \u00e0 plancher, raclette, petite brosse, tube-allonge (2x","og_url":"https:\/\/cbs-electro.com\/index.php\/produit\/nettoyeur-vapeur-45-bar-9-accessoires-110-gr-min-polti-vaporetto-eco-pro-3-0\/","og_site_name":"CBS Electro","article_modified_time":"2025-03-13T06:50:55+00:00","og_image":[{"width":700,"height":700,"url":"https:\/\/cbs-electro.com\/wp-content\/uploads\/2023\/11\/a-199.jpg","type":"image\/jpeg"}],"twitter_card":"summary_large_image","twitter_misc":{"Dur\u00e9e de lecture estim\u00e9e":"1 minute"},"schema":{"@context":"https:\/\/schema.org","@graph":[{"@type":"WebPage","@id":"https:\/\/cbs-electro.com\/index.php\/produit\/nettoyeur-vapeur-45-bar-9-accessoires-110-gr-min-polti-vaporetto-eco-pro-3-0\/","url":"https:\/\/cbs-electro.com\/index.php\/produit\/nettoyeur-vapeur-45-bar-9-accessoires-110-gr-min-polti-vaporetto-eco-pro-3-0\/","name":"Nettoyeur vapeur \u2013 4,5 BAR \u2013 9 accessoires \u2013 110 gr\/min POLTI VAPORETTO \u2013 ECO Pro 3.0 - CBS Electro","isPartOf":{"@id":"https:\/\/www.cbs-electro.com\/#website"},"primaryImageOfPage":{"@id":"https:\/\/cbs-electro.com\/index.php\/produit\/nettoyeur-vapeur-45-bar-9-accessoires-110-gr-min-polti-vaporetto-eco-pro-3-0\/#primaryimage"},"image":{"@id":"https:\/\/cbs-electro.com\/index.php\/produit\/nettoyeur-vapeur-45-bar-9-accessoires-110-gr-min-polti-vaporetto-eco-pro-3-0\/#primaryimage"},"thumbnailUrl":"https:\/\/cbs-electro.com\/wp-content\/uploads\/2023\/11\/a-199.jpg","datePublished":"2023-11-24T08:17:31+00:00","dateModified":"2025-03-13T06:50:55+00:00","breadcrumb":{"@id":"https:\/\/cbs-electro.com\/index.php\/produit\/nettoyeur-vapeur-45-bar-9-accessoires-110-gr-min-polti-vaporetto-eco-pro-3-0\/#breadcrumb"},"inLanguage":"fr-FR","potentialAction":[{"@type":"ReadAction","target":["https:\/\/cbs-electro.com\/index.php\/produit\/nettoyeur-vapeur-45-bar-9-accessoires-110-gr-min-polti-vaporetto-eco-pro-3-0\/"]}]},{"@type":"ImageObject","inLanguage":"fr-FR","@id":"https:\/\/cbs-electro.com\/index.php\/produit\/nettoyeur-vapeur-45-bar-9-accessoires-110-gr-min-polti-vaporetto-eco-pro-3-0\/#primaryimage","url":"https:\/\/cbs-electro.com\/wp-content\/uploads\/2023\/11\/a-199.jpg","contentUrl":"https:\/\/cbs-electro.com\/wp-content\/uploads\/2023\/11\/a-199.jpg","width":700,"height":700},{"@type":"BreadcrumbList","@id":"https:\/\/cbs-electro.com\/index.php\/produit\/nettoyeur-vapeur-45-bar-9-accessoires-110-gr-min-polti-vaporetto-eco-pro-3-0\/#breadcrumb","itemListElement":[{"@type":"ListItem","position":1,"name":"Accueil","item":"https:\/\/www.cbs-electro.com\/"},{"@type":"ListItem","position":2,"name":"Boutique","item":"https:\/\/www.cbs-electro.com\/index.php\/boutique\/"},{"@type":"ListItem","position":3,"name":"Nettoyeur vapeur \u2013 4,5 BAR \u2013 9 accessoires \u2013 110 gr\/min POLTI VAPORETTO \u2013 ECO Pro 3.0"}]},{"@type":"WebSite","@id":"https:\/\/www.cbs-electro.com\/#website","url":"https:\/\/www.cbs-electro.com\/","name":"CBS Electro","description":"Vente des produits neufs - Informatique, Smartphones, livres, jeux vid\u00e9o, photos, jouets et \u00e9lectrom\u00e9nager","potentialAction":[{"@type":"SearchAction","target":{"@type":"EntryPoint","urlTemplate":"https:\/\/www.cbs-electro.com\/?s={search_term_string}"},"query-input":{"@type":"PropertyValueSpecification","valueRequired":true,"valueName":"search_term_string"}}],"inLanguage":"fr-FR"}]}},"_links":{"self":[{"href":"https:\/\/cbs-electro.com\/index.php\/wp-json\/wp\/v2\/product\/16057","targetHints":{"allow":["GET"]}}],"collection":[{"href":"https:\/\/cbs-electro.com\/index.php\/wp-json\/wp\/v2\/product"}],"about":[{"href":"https:\/\/cbs-electro.com\/index.php\/wp-json\/wp\/v2\/types\/product"}],"version-history":[{"count":1,"href":"https:\/\/cbs-electro.com\/index.php\/wp-json\/wp\/v2\/product\/16057\/revisions"}],"predecessor-version":[{"id":16180,"href":"https:\/\/cbs-electro.com\/index.php\/wp-json\/wp\/v2\/product\/16057\/revisions\/16180"}],"wp:featuredmedia":[{"embeddable":true,"href":"https:\/\/cbs-electro.com\/index.php\/wp-json\/wp\/v2\/media\/16176"}],"wp:attachment":[{"href":"https:\/\/cbs-electro.com\/index.php\/wp-json\/wp\/v2\/media?parent=16057"}],"wp:term":[{"taxonomy":"product_brand","embeddable":true,"href":"https:\/\/cbs-electro.com\/index.php\/wp-json\/wp\/v2\/product_brand?post=16057"},{"taxonomy":"product_cat","embeddable":true,"href":"https:\/\/cbs-electro.com\/index.php\/wp-json\/wp\/v2\/product_cat?post=16057"},{"taxonomy":"product_tag","embeddable":true,"href":"https:\/\/cbs-electro.com\/index.php\/wp-json\/wp\/v2\/product_tag?post=16057"}],"curies":[{"name":"wp","href":"https:\/\/api.w.org\/{rel}","templated":true}]}}