{"id":16055,"date":"2023-11-24T09:17:31","date_gmt":"2023-11-24T08:17:31","guid":{"rendered":"https:\/?post_type=product&#038;p=16055"},"modified":"2023-11-24T09:18:06","modified_gmt":"2023-11-24T08:18:06","slug":"aspirateur-robot-botvac-d85-70-db-noir","status":"publish","type":"product","link":"https:\/\/cbs-electro.com\/index.php\/produit\/aspirateur-robot-botvac-d85-70-db-noir\/","title":{"rendered":"Aspirateur Robot Botvac D85 \u2013 70 dB \u2013 Noir"},"content":{"rendered":"<p>Neato Botvac D85<br \/>\nL\u2019aspirateur-robot haute performance, sp\u00e9cialement con\u00e7u pour ramasser tous les types de poils\u2014id\u00e9al pour les m\u00e9nages avec animaux domestiques.<br \/>\nVoyez-le en action<\/p>\n<p>Vue d\u2019ensemble<br \/>\nIl comporte une brosse combin\u00e9e qui est uniquement con\u00e7ue pour r\u00e9cup\u00e9rer les poils d\u2019animaux \u2013 et il est plus silencieux, \u00e9galement, particuli\u00e8rement sur les planchers durs comme le bois et le carrelage. La technologie \u00e0 guidage laser brevet\u00e9e scanne et trace la pi\u00e8ce, planifie, et nettoie m\u00e9thodiquement, en se d\u00e9pla\u00e7ant automatiquement de pi\u00e8ce en pi\u00e8ce. Une brosse 50% plus grande, un r\u00e9ceptacle plus grand, un filtre extra large, et une brosse de nettoyage d\u2019angle de pr\u00e9cision pour une meilleure performance pour r\u00e9cup\u00e9rer la salet\u00e9 et les d\u00e9bris. Programmez des nettoyages quotidiens ou pressez un bouton pour un nettoyage instantan\u00e9 cibl\u00e9 ou de plusieurs pi\u00e8ces. Retourne automatiquement sur la base de chargement, puis retourne l\u00e0 o\u00f9 il en \u00e9tait rest\u00e9.<br \/>\nContenu de la bo\u00eete<br \/>\nAspirateur-robot haute performance<br \/>\nBase de chargement int\u00e9gr\u00e9e<br \/>\nCordon d\u2019alimentation<br \/>\nBrosse spirale \u00e0 lamelles<br \/>\nBrosse combin\u00e9e<br \/>\nFiltre haute performance<br \/>\nBrosse lat\u00e9rale<br \/>\nBalises de d\u00e9limitation<br \/>\nOutil de nettoyage du filtre et de la brosse<\/p>\n<p>Forme en D avec technologie CornerClever\u2122<br \/>\nLa forme en \u00ab D \u00bb de Neato permet d\u2019avoir une brosse 50 % plus grande que les autres robots. Se rapproche au maximum des murs et des coins. L\u2019espace d\u00e9gag\u00e9 sur le robot accueille le bac \u00e0 poussi\u00e8res extra large de Neato.<\/p>\n<p>Navigation LaserSmart\u2122<br \/>\nSyst\u00e8me de cartographie intelligent pour un nettoyage complet, m\u00e9thodique et plus efficace.<\/p>\n<p>SpinFlow\u2122 Power Clean<br \/>\nAspiration puissante et brosses de pr\u00e9cision pour un sol immacul\u00e9.<\/p>\n<p>Autres fonctions et accessoires:<br \/>\nChargement autonome\/Recharge et reprise automatiques<br \/>\nNavigation multi-room<br \/>\nProgrammation<br \/>\nBrosse combin\u00e9e et brosse spirale \u00e0 lamelles<br \/>\nBrosse lat\u00e9rale<br \/>\nFiltre haute performance<br \/>\nBalise de d\u00e9limitation<\/p>\n<p>Vue d\u2019ensemble<\/p>\n<p>Aspirateur-robot puissant avec technologie de navigation LaserSmart.<br \/>\nAspirateur-robot haute performance dot\u00e9 de la technologie de navigation ultra-pr\u00e9cise LaserSmart de Neato, avec d\u00e9tection des objets en temps r\u00e9el. Le robot Neato scanne et cartographie la pi\u00e8ce, planifie et nettoie m\u00e9thodiquement, sans se cogner aux murs. Programmez votre robot pour qu\u2019il r\u00e9alise un nettoyage quotidien. La fonction SpinFlow assure une aspiration puissante pour nettoyer la salet\u00e9, les miettes et les poils d\u2019animaux sur tous types de sols. Id\u00e9al pour les foyers avec des animaux domestiques.<br \/>\nTous les robots Neato proposent les fonctions:<\/p>\n<p>Navigation pr\u00e9cise LaserSmart<br \/>\nNettoie les pi\u00e8ces les unes apr\u00e8s les autres en suivant un trajet m\u00e9thodique et efficace, pour un nettoyage jusqu\u2019\u00e0 quatre fois plus rapide que celui des robots \u00e0 d\u00e9placement al\u00e9atoire.<br \/>\nD\u00e9tecte les meubles et les objets, et les contourne.<br \/>\nLe robot retourne automatiquement \u00e0 sa base pour se recharger et reprend le nettoyage jusqu\u2019\u00e0 ce que tous vos sols soient propres.<\/p>\n<p>Aspiration puissante SpinFlow<br \/>\nAspiration puissante et brosses de pr\u00e9cision pour un sol immacul\u00e9.<br \/>\nAspire la salet\u00e9, les miettes et les amas de poussi\u00e8re. Bac \u00e0 poussi\u00e8re extra-large facile \u00e0 vider.<br \/>\nLa solution id\u00e9ale pour vous d\u00e9barrasser des poils d\u2019animaux.<\/p>\n<p>Forme en D et technologie CornerClever<br \/>\nLa forme en D permet au robot d\u2019aspirer les salet\u00e9s dans les moindres recoins.<br \/>\nLa brosse principale couvre toute la largeur du robot, pour un trajet de nettoyage efficace.<br \/>\nNettoie au plus pr\u00e8s des murs et des objets.<br \/>\nPoints principaux<br \/>\nPoints principaux de l\u2019aspirateur-robot Botvac D85<\/p>\n<p>Aspiration optimale des cheveux\/poils<br \/>\nParquet, carrelage, stratifi\u00e9 et moquette\u2026 Maintenez vos sols impeccables, sans poussi\u00e8res, poils d\u2019animaux ni aucune autre salet\u00e9.<\/p>\n<p>Aspirateur-robot intelligent et puissant<br \/>\nLes robots Neato figurent parmi les aspirateurs-robots les plus intelligents et les plus puissants du march\u00e9 . La navigation laser, l\u2019aspiration puissante et la conception ing\u00e9nieuse des robots Neato permettent aux personnes \u00e0 l\u2019emploi du temps charg\u00e9 et aux propri\u00e9taires d\u2019animaux domestiques de garder un int\u00e9rieur impeccable sans jamais avoir \u00e0 passer eux-m\u00eames un aspirateur.<br \/>\n1CNET \u2013 Ao\u00fbt 2016 https:\/\/www.cnet.com\/products\/neato-botvac-connected-robot-vacuum\/2\/ \u2013 De plus, les robots Neato utilisent une technologie de navigation laser tr\u00e8s pr\u00e9cise, qui leur permet de se diriger m\u00eame dans les pi\u00e8ces sombres, \u00e0 la diff\u00e9rence des robots \u00e9quip\u00e9s d\u2019une cam\u00e9ra ou des robots qui se d\u00e9placent al\u00e9atoirement.<\/p>\n<p>Inclut une brosse spirale \u00e0 lamelles, une brosse combin\u00e9e et 2 filtres haute performance<br \/>\nLa brosse combin\u00e9e est une excellente brosse polyvalente, tr\u00e8s efficace pour ramasser tous types de poils\/cheveux. Elle est id\u00e9ale pour les foyers avec des animaux domestiques et tr\u00e8s silencieuse. La brosse spirale \u00e0 lamelles nettoie tous les types de sols. Le filtre de grande taille emprisonne la salet\u00e9 et la poussi\u00e8re.<\/p>\n<p>Bac \u00e0 poussi\u00e8re de tr\u00e8s grande capacit\u00e9, facile \u00e0 vider.<br \/>\nSortez et videz le bac \u00e0 poussi\u00e8re de tr\u00e8s grande capacit\u00e9 afin que votre robot soit pr\u00eat pour le prochain nettoyage.<\/p>\n<p>Accessoires certifi\u00e9s Neato<\/p>\n<p>Utilisez toujours des accessoires certifi\u00e9s Neato<br \/>\nVeuillez vous assurer que vos batteries, filtres, brosses et autres composants de rechange sont des accessoires certifi\u00e9s Neato.<\/p>\n<p>Les accessoires produits par des tiers peuvent endommager votre robot ou poser des probl\u00e8mes de performances et annuleront \u00e9galement votre garantie produit.<\/p>\n<p>Pour profiter pleinement de votre Neato:<br \/>\nRechargez votre robot toute une nuit avant de l\u2019utiliser pour la premi\u00e8re fois.<br \/>\nNous vous recommandons d\u2019utiliser fr\u00e9quemment votre robot Neato pour le garder en bon \u00e9tat et obtenir des sols plus propres !<br \/>\nEntre les cycles de nettoyage, laissez toujours votre robot Neato se recharger sur sa base.<br \/>\nPr\u00e9servez les performances de votre robot Neato en effectuant les op\u00e9rations suivantes:<br \/>\nVidez le bac \u00e0 poussi\u00e8re apr\u00e8s chaque nettoyage.<br \/>\nTapez votre filtre contre une poubelle pour enlever les d\u00e9bris restants.<br \/>\nNettoyez la brosse du Neato fr\u00e9quemment pour \u00e9liminer les d\u00e9bris et la maintenir en bon \u00e9tat de fonctionnement. Si des d\u00e9bris s\u2019accumulent, ne vous inqui\u00e9tez pas. Vous pouvez retirer la brosse, la nettoyer et la remettre en place en toute simplicit\u00e9.<br \/>\nRetirez les d\u00e9bris de la brosse lat\u00e9rale, si n\u00e9cessaire.<br \/>\nLes informations ci-dessus sont optimis\u00e9es par Webcollage<\/p>\n<p>-10% pour les membres A Volont\u00e9 avec le code VIPCDAV Noir \u2013 70 dB \u2013 Autonomie : 60 min \u2013 Temps de charge : 2h \u2013 Mur virtuel \u2013 2 programmes \u2013 Capacit\u00e9 : 700ML \u2013 Retour automatique \u00e0 sa base \u2013 Technologie CornerClever \u2013 Inclus : 2 filtres + 3 brosses \u2013 Garantie : 2 ans<\/p>\n<p>Informations g\u00e9n\u00e9rales sur le produit<br \/>\nMarque NEATO<br \/>\nNom du produit NEATO Aspirateur Robot Botvac D85 \u2013 70 dB \u2013 Noir<br \/>\nCat\u00e9gorie ASPIRATEUR ROBOT<br \/>\nInformations sur le produit<br \/>\ndur\u00e9e de disponibilit\u00e9 des pi\u00e8ces d\u00e9tach\u00e9es essentielles \u00e0 l\u2019utilisation du produit 2 ans, A partir de la date d\u2019achat du client.<br \/>\nG\u00e9n\u00e9ral<br \/>\nType de produit Aspirateur<br \/>\nCollecte des poussi\u00e8res Sans sac<br \/>\nMode de nettoyage Sec<br \/>\nType de nettoyant Robot<br \/>\nType d\u2019aspirateur Usage g\u00e9n\u00e9ral<br \/>\nCaract\u00e9ristiques particuli\u00e8res Mode de nettoyage \u00e0 planification quotidienne, syst\u00e8me de retour automatique \u00e0 la base de chargement, mode de nettoyage \u00e0 programme hebdomadaire, syst\u00e8me d\u2019aspiration des poils d\u2019animaux, mode de nettoyage le long des murs, technologie LaserSmart, syst\u00e8me de nettoyage sous pression SpinFlow, technologie CornerClever<br \/>\nConsommation<br \/>\nType d\u2019alimentation Batteries rechargeables<br \/>\nDivers<br \/>\nOutils inclus Brosse spirale, brosse lat\u00e9rale, brosse combin\u00e9e<br \/>\nCaract\u00e9ristiques externes Design en forme de D<br \/>\nDimensions et poids<br \/>\nLargeur 33.5 cm<br \/>\nProfondeur 32.1 cm<br \/>\nHauteur 10 cm<br \/>\nDimensions et poids (emball\u00e9)<br \/>\nHauteur (Exp\u00e9dition) 13.9 cm<br \/>\nLargeur (emball\u00e9e) 39.8 cm<br \/>\nProfondeur (emball\u00e9e) 56.3 cm<br \/>\nPoids (Exp\u00e9dition) 7 kg<br \/>\nAttributs de recherche<br \/>\nNettoyage|Mode de nettoyage Sec<\/p>\n","protected":false},"excerpt":{"rendered":"<div class=\"woocommerce-product-details__short-description\">\n<p>Noir \u2013 70 dB \u2013 Autonomie : 60 min \u2013 Temps de charge : 2h \u2013 Mur virtuel \u2013 2 programmes \u2013 Capacit\u00e9 : 700ML \u2013 Retour automatique \u00e0 sa base \u2013 Technologie CornerClever \u2013 Inclus : 2 filtres + 3 brosses \u2013 Garantie : 2 ans<\/p>\n<\/div>\n<form class=\"cart\" action=\"https:\/\/www.flo-electromenager.com\/produit\/aspirateur-robot-botvac-d85-70-db-noir\/\" enctype=\"multipart\/form-data\" method=\"post\">\n<div class=\"quantity\"><\/div>\n<\/form>\n","protected":false},"featured_media":16165,"template":"","meta":[],"product_brand":[],"product_cat":[83,241],"product_tag":[],"class_list":{"0":"post-16055","1":"product","2":"type-product","3":"status-publish","4":"has-post-thumbnail","6":"product_cat-entretien-du-sol","7":"product_cat-nettoyeur-vapeur","9":"first","10":"instock","11":"taxable","12":"shipping-taxable","13":"purchasable","14":"product-type-simple"},"yoast_head":"<!-- This site is optimized with the Yoast SEO plugin v24.8.1 - https:\/\/yoast.com\/wordpress\/plugins\/seo\/ -->\n<title>Aspirateur Robot Botvac D85 \u2013 70 dB \u2013 Noir - CBS Electro<\/title>\n<meta name=\"robots\" content=\"index, follow, max-snippet:-1, max-image-preview:large, max-video-preview:-1\" \/>\n<link rel=\"canonical\" href=\"https:\/\/cbs-electro.com\/index.php\/produit\/aspirateur-robot-botvac-d85-70-db-noir\/\" \/>\n<meta property=\"og:locale\" content=\"fr_FR\" \/>\n<meta property=\"og:type\" content=\"article\" \/>\n<meta property=\"og:title\" content=\"Aspirateur Robot Botvac D85 \u2013 70 dB \u2013 Noir - CBS Electro\" \/>\n<meta property=\"og:description\" content=\"Noir \u2013 70 dB \u2013 Autonomie : 60 min \u2013 Temps de charge : 2h \u2013 Mur virtuel \u2013 2 programmes \u2013 Capacit\u00e9 : 700ML \u2013 Retour automatique \u00e0 sa base \u2013 Technologie CornerClever \u2013 Inclus : 2 filtres + 3 brosses \u2013 Garantie : 2 ans\" \/>\n<meta property=\"og:url\" content=\"https:\/\/cbs-electro.com\/index.php\/produit\/aspirateur-robot-botvac-d85-70-db-noir\/\" \/>\n<meta property=\"og:site_name\" content=\"CBS Electro\" \/>\n<meta property=\"article:modified_time\" content=\"2023-11-24T08:18:06+00:00\" \/>\n<meta property=\"og:image\" content=\"https:\/\/cbs-electro.com\/wp-content\/uploads\/2023\/11\/a-197.jpg\" \/>\n\t<meta property=\"og:image:width\" content=\"700\" \/>\n\t<meta property=\"og:image:height\" content=\"700\" \/>\n\t<meta property=\"og:image:type\" content=\"image\/jpeg\" \/>\n<meta name=\"twitter:card\" content=\"summary_large_image\" \/>\n<meta name=\"twitter:label1\" content=\"Dur\u00e9e de lecture estim\u00e9e\" \/>\n\t<meta name=\"twitter:data1\" content=\"6 minutes\" \/>\n<script type=\"application\/ld+json\" class=\"yoast-schema-graph\">{\"@context\":\"https:\/\/schema.org\",\"@graph\":[{\"@type\":\"WebPage\",\"@id\":\"https:\/\/cbs-electro.com\/index.php\/produit\/aspirateur-robot-botvac-d85-70-db-noir\/\",\"url\":\"https:\/\/cbs-electro.com\/index.php\/produit\/aspirateur-robot-botvac-d85-70-db-noir\/\",\"name\":\"Aspirateur Robot Botvac D85 \u2013 70 dB \u2013 Noir - CBS Electro\",\"isPartOf\":{\"@id\":\"https:\/\/www.cbs-electro.com\/#website\"},\"primaryImageOfPage\":{\"@id\":\"https:\/\/cbs-electro.com\/index.php\/produit\/aspirateur-robot-botvac-d85-70-db-noir\/#primaryimage\"},\"image\":{\"@id\":\"https:\/\/cbs-electro.com\/index.php\/produit\/aspirateur-robot-botvac-d85-70-db-noir\/#primaryimage\"},\"thumbnailUrl\":\"https:\/\/cbs-electro.com\/wp-content\/uploads\/2023\/11\/a-197.jpg\",\"datePublished\":\"2023-11-24T08:17:31+00:00\",\"dateModified\":\"2023-11-24T08:18:06+00:00\",\"breadcrumb\":{\"@id\":\"https:\/\/cbs-electro.com\/index.php\/produit\/aspirateur-robot-botvac-d85-70-db-noir\/#breadcrumb\"},\"inLanguage\":\"fr-FR\",\"potentialAction\":[{\"@type\":\"ReadAction\",\"target\":[\"https:\/\/cbs-electro.com\/index.php\/produit\/aspirateur-robot-botvac-d85-70-db-noir\/\"]}]},{\"@type\":\"ImageObject\",\"inLanguage\":\"fr-FR\",\"@id\":\"https:\/\/cbs-electro.com\/index.php\/produit\/aspirateur-robot-botvac-d85-70-db-noir\/#primaryimage\",\"url\":\"https:\/\/cbs-electro.com\/wp-content\/uploads\/2023\/11\/a-197.jpg\",\"contentUrl\":\"https:\/\/cbs-electro.com\/wp-content\/uploads\/2023\/11\/a-197.jpg\",\"width\":700,\"height\":700},{\"@type\":\"BreadcrumbList\",\"@id\":\"https:\/\/cbs-electro.com\/index.php\/produit\/aspirateur-robot-botvac-d85-70-db-noir\/#breadcrumb\",\"itemListElement\":[{\"@type\":\"ListItem\",\"position\":1,\"name\":\"Accueil\",\"item\":\"https:\/\/www.cbs-electro.com\/\"},{\"@type\":\"ListItem\",\"position\":2,\"name\":\"Boutique\",\"item\":\"https:\/\/www.cbs-electro.com\/index.php\/boutique\/\"},{\"@type\":\"ListItem\",\"position\":3,\"name\":\"Aspirateur Robot Botvac D85 \u2013 70 dB \u2013 Noir\"}]},{\"@type\":\"WebSite\",\"@id\":\"https:\/\/www.cbs-electro.com\/#website\",\"url\":\"https:\/\/www.cbs-electro.com\/\",\"name\":\"CBS Electro\",\"description\":\"Vente des produits neufs - Informatique, Smartphones, livres, jeux vid\u00e9o, photos, jouets et \u00e9lectrom\u00e9nager\",\"potentialAction\":[{\"@type\":\"SearchAction\",\"target\":{\"@type\":\"EntryPoint\",\"urlTemplate\":\"https:\/\/www.cbs-electro.com\/?s={search_term_string}\"},\"query-input\":{\"@type\":\"PropertyValueSpecification\",\"valueRequired\":true,\"valueName\":\"search_term_string\"}}],\"inLanguage\":\"fr-FR\"}]}<\/script>\n<!-- \/ Yoast SEO plugin. -->","yoast_head_json":{"title":"Aspirateur Robot Botvac D85 \u2013 70 dB \u2013 Noir - CBS Electro","robots":{"index":"index","follow":"follow","max-snippet":"max-snippet:-1","max-image-preview":"max-image-preview:large","max-video-preview":"max-video-preview:-1"},"canonical":"https:\/\/cbs-electro.com\/index.php\/produit\/aspirateur-robot-botvac-d85-70-db-noir\/","og_locale":"fr_FR","og_type":"article","og_title":"Aspirateur Robot Botvac D85 \u2013 70 dB \u2013 Noir - CBS Electro","og_description":"Noir \u2013 70 dB \u2013 Autonomie : 60 min \u2013 Temps de charge : 2h \u2013 Mur virtuel \u2013 2 programmes \u2013 Capacit\u00e9 : 700ML \u2013 Retour automatique \u00e0 sa base \u2013 Technologie CornerClever \u2013 Inclus : 2 filtres + 3 brosses \u2013 Garantie : 2 ans","og_url":"https:\/\/cbs-electro.com\/index.php\/produit\/aspirateur-robot-botvac-d85-70-db-noir\/","og_site_name":"CBS Electro","article_modified_time":"2023-11-24T08:18:06+00:00","og_image":[{"width":700,"height":700,"url":"https:\/\/cbs-electro.com\/wp-content\/uploads\/2023\/11\/a-197.jpg","type":"image\/jpeg"}],"twitter_card":"summary_large_image","twitter_misc":{"Dur\u00e9e de lecture estim\u00e9e":"6 minutes"},"schema":{"@context":"https:\/\/schema.org","@graph":[{"@type":"WebPage","@id":"https:\/\/cbs-electro.com\/index.php\/produit\/aspirateur-robot-botvac-d85-70-db-noir\/","url":"https:\/\/cbs-electro.com\/index.php\/produit\/aspirateur-robot-botvac-d85-70-db-noir\/","name":"Aspirateur Robot Botvac D85 \u2013 70 dB \u2013 Noir - CBS Electro","isPartOf":{"@id":"https:\/\/www.cbs-electro.com\/#website"},"primaryImageOfPage":{"@id":"https:\/\/cbs-electro.com\/index.php\/produit\/aspirateur-robot-botvac-d85-70-db-noir\/#primaryimage"},"image":{"@id":"https:\/\/cbs-electro.com\/index.php\/produit\/aspirateur-robot-botvac-d85-70-db-noir\/#primaryimage"},"thumbnailUrl":"https:\/\/cbs-electro.com\/wp-content\/uploads\/2023\/11\/a-197.jpg","datePublished":"2023-11-24T08:17:31+00:00","dateModified":"2023-11-24T08:18:06+00:00","breadcrumb":{"@id":"https:\/\/cbs-electro.com\/index.php\/produit\/aspirateur-robot-botvac-d85-70-db-noir\/#breadcrumb"},"inLanguage":"fr-FR","potentialAction":[{"@type":"ReadAction","target":["https:\/\/cbs-electro.com\/index.php\/produit\/aspirateur-robot-botvac-d85-70-db-noir\/"]}]},{"@type":"ImageObject","inLanguage":"fr-FR","@id":"https:\/\/cbs-electro.com\/index.php\/produit\/aspirateur-robot-botvac-d85-70-db-noir\/#primaryimage","url":"https:\/\/cbs-electro.com\/wp-content\/uploads\/2023\/11\/a-197.jpg","contentUrl":"https:\/\/cbs-electro.com\/wp-content\/uploads\/2023\/11\/a-197.jpg","width":700,"height":700},{"@type":"BreadcrumbList","@id":"https:\/\/cbs-electro.com\/index.php\/produit\/aspirateur-robot-botvac-d85-70-db-noir\/#breadcrumb","itemListElement":[{"@type":"ListItem","position":1,"name":"Accueil","item":"https:\/\/www.cbs-electro.com\/"},{"@type":"ListItem","position":2,"name":"Boutique","item":"https:\/\/www.cbs-electro.com\/index.php\/boutique\/"},{"@type":"ListItem","position":3,"name":"Aspirateur Robot Botvac D85 \u2013 70 dB \u2013 Noir"}]},{"@type":"WebSite","@id":"https:\/\/www.cbs-electro.com\/#website","url":"https:\/\/www.cbs-electro.com\/","name":"CBS Electro","description":"Vente des produits neufs - Informatique, Smartphones, livres, jeux vid\u00e9o, photos, jouets et \u00e9lectrom\u00e9nager","potentialAction":[{"@type":"SearchAction","target":{"@type":"EntryPoint","urlTemplate":"https:\/\/www.cbs-electro.com\/?s={search_term_string}"},"query-input":{"@type":"PropertyValueSpecification","valueRequired":true,"valueName":"search_term_string"}}],"inLanguage":"fr-FR"}]}},"_links":{"self":[{"href":"https:\/\/cbs-electro.com\/index.php\/wp-json\/wp\/v2\/product\/16055","targetHints":{"allow":["GET"]}}],"collection":[{"href":"https:\/\/cbs-electro.com\/index.php\/wp-json\/wp\/v2\/product"}],"about":[{"href":"https:\/\/cbs-electro.com\/index.php\/wp-json\/wp\/v2\/types\/product"}],"version-history":[{"count":1,"href":"https:\/\/cbs-electro.com\/index.php\/wp-json\/wp\/v2\/product\/16055\/revisions"}],"predecessor-version":[{"id":16169,"href":"https:\/\/cbs-electro.com\/index.php\/wp-json\/wp\/v2\/product\/16055\/revisions\/16169"}],"wp:featuredmedia":[{"embeddable":true,"href":"https:\/\/cbs-electro.com\/index.php\/wp-json\/wp\/v2\/media\/16165"}],"wp:attachment":[{"href":"https:\/\/cbs-electro.com\/index.php\/wp-json\/wp\/v2\/media?parent=16055"}],"wp:term":[{"taxonomy":"product_brand","embeddable":true,"href":"https:\/\/cbs-electro.com\/index.php\/wp-json\/wp\/v2\/product_brand?post=16055"},{"taxonomy":"product_cat","embeddable":true,"href":"https:\/\/cbs-electro.com\/index.php\/wp-json\/wp\/v2\/product_cat?post=16055"},{"taxonomy":"product_tag","embeddable":true,"href":"https:\/\/cbs-electro.com\/index.php\/wp-json\/wp\/v2\/product_tag?post=16055"}],"curies":[{"name":"wp","href":"https:\/\/api.w.org\/{rel}","templated":true}]}}