{"id":16054,"date":"2023-11-24T09:17:31","date_gmt":"2023-11-24T08:17:31","guid":{"rendered":"https:\/?post_type=product&#038;p=16054"},"modified":"2023-11-24T09:18:05","modified_gmt":"2023-11-24T08:18:05","slug":"aspirateur-nettoyeur-vapeur-unico-mcv85_total-clean-turbo","status":"publish","type":"product","link":"https:\/\/cbs-electro.com\/index.php\/produit\/aspirateur-nettoyeur-vapeur-unico-mcv85_total-clean-turbo\/","title":{"rendered":"Aspirateur Nettoyeur Vapeur Unico MCV85_Total Clean &#038; Turbo"},"content":{"rendered":"<p class=\"fpMb\">\u2013 Aspire, nettoie \u00e0 la vapeur et s\u00e8che \u2013 Collecte des poussi\u00e8res : Sans sac \u2013 Mode de nettoyage : Vapeur \u2013 Pression : 6 BAR \u2013 17 Outils inclus : Multibrush, brosse turbo sols, mini brosse turbo, brosse 2 en 1, bonnette, concentrateur de vapeur, 3 petites brosses nylon, buse d\u2019aspiration, lance 2 en1, poign\u00e9e verticale, accessoire parquet, 2 serpilli\u00e8res, 2 plaquettes frescoaspira, porte accessoires MADE IN ITALY<\/p>\n<div class=\"regBloc no1023 \">\n<div id=\"gpt-R2-300X250BODY2\" data-google-query-id=\"CNenzd74megCFQqDyAodGfIDlA\"><\/div>\n<div class=\"regTxt\"><\/div>\n<\/div>\n<table class=\"fpDescTb fpDescTbPub\">\n<tbody>\n<tr>\n<th colspan=\"2\">Informations g\u00e9n\u00e9rales sur le produit<\/th>\n<\/tr>\n<tr>\n<td>Marque<\/td>\n<td>POLTI<\/td>\n<\/tr>\n<tr>\n<td>Nom du produit<\/td>\n<td>POLTI Aspirateur Nettoyeur Vapeur Unico MCV85_Tota<\/td>\n<\/tr>\n<tr>\n<td>Cat\u00e9gorie<\/td>\n<td>NETTOYEUR VAPEUR<\/td>\n<\/tr>\n<tr>\n<th colspan=\"2\">G\u00e9n\u00e9ral<\/th>\n<\/tr>\n<tr>\n<td>Type de produit<\/td>\n<td>Aspirateur<\/td>\n<\/tr>\n<tr>\n<td>Collecte des poussi\u00e8res<\/td>\n<td>Sans sac<\/td>\n<\/tr>\n<tr>\n<td>Capacit\u00e9 du collecteur<\/td>\n<td>0.8 litre<\/td>\n<\/tr>\n<tr>\n<td>Mode de nettoyage<\/td>\n<td>Vapeur, sec, humide<\/td>\n<\/tr>\n<tr>\n<td>Puissance maximum du moteur<\/td>\n<td>1350 Watt<\/td>\n<\/tr>\n<tr>\n<td>Nombre de niveaux de filtration<\/td>\n<td>5<\/td>\n<\/tr>\n<tr>\n<td>Type de filtre<\/td>\n<td>HEPA<\/td>\n<\/tr>\n<tr>\n<td>Type de nettoyant<\/td>\n<td>Traineau<\/td>\n<\/tr>\n<tr>\n<td>Sortie de vapeur<\/td>\n<td>95 g\/min<\/td>\n<\/tr>\n<tr>\n<td>Pression de la vapeur<\/td>\n<td>6 bar<\/td>\n<\/tr>\n<tr>\n<td>Puissance d\u2019aspiration maximum (air watts)<\/td>\n<td>236<\/td>\n<\/tr>\n<tr>\n<td>Type d\u2019aspirateur<\/td>\n<td>Usage g\u00e9n\u00e9ral<\/td>\n<\/tr>\n<tr>\n<td>Classe de filtre<\/td>\n<td>HEPA H13<\/td>\n<\/tr>\n<tr>\n<td>Caract\u00e9ristiques particuli\u00e8res<\/td>\n<td>Filtre lavable<\/td>\n<\/tr>\n<tr>\n<td>Technologie Cyclonic<\/td>\n<td>Oui<\/td>\n<\/tr>\n<tr>\n<td>Suppression des poils d\u2019animaux<\/td>\n<td>Oui<\/td>\n<\/tr>\n<tr>\n<th colspan=\"2\">R\u00e9glages, commandes et voyants<\/th>\n<\/tr>\n<tr>\n<td>Indicateurs<\/td>\n<td>Voyant de vapeur, indicateur de r\u00e9servoir niveau bas d\u2019eau propre<\/td>\n<\/tr>\n<tr>\n<th colspan=\"2\">Consommation<\/th>\n<\/tr>\n<tr>\n<td>Puissance \u00e9lectrique<\/td>\n<td>2200 Watt<\/td>\n<\/tr>\n<tr>\n<td>Type d\u2019alimentation<\/td>\n<td>Secteur<\/td>\n<\/tr>\n<tr>\n<th colspan=\"2\">Divers<\/th>\n<\/tr>\n<tr>\n<td>Rayon d\u2019action<\/td>\n<td>9 m<\/td>\n<\/tr>\n<tr>\n<td>Outils inclus<\/td>\n<td>Chiffon pour sol, brosse mini-turbo, buse vapeur, turbobrosse, buse d\u2019aspiration, brosse multi-fonctions, chaussette, serpill\u00e8re (x2), brosse dure en nylon (3), lance de pulv\u00e9risation \u00e0 2 voies, brosse d\u2019ameublement\/de fen\u00eatres<\/td>\n<\/tr>\n<tr>\n<th colspan=\"2\">Dimensions et poids<\/th>\n<\/tr>\n<tr>\n<td>Largeur<\/td>\n<td>51 cm<\/td>\n<\/tr>\n<tr>\n<td>Profondeur<\/td>\n<td>26 cm<\/td>\n<\/tr>\n<tr>\n<td>Hauteur<\/td>\n<td>45 cm<\/td>\n<\/tr>\n<tr>\n<td>Poids<\/td>\n<td>10 kg<\/td>\n<\/tr>\n<tr>\n<th colspan=\"2\">Attributs de recherche<\/th>\n<\/tr>\n<tr>\n<td>Nettoyage|Mode de nettoyage<\/td>\n<td>Humide<br \/>\nSec<br \/>\nVapeur<\/td>\n<\/tr>\n<\/tbody>\n<\/table>\n","protected":false},"excerpt":{"rendered":"<ul>\n<li>Collecte des poussi\u00e8res : Sans sac<\/li>\n<li>Mode de nettoyage : Vapeur, sec, humide<\/li>\n<li>Capacit\u00e9 du collecteur : 0.8 litre<\/li>\n<li>Puissance \u00e9lectrique : 2200 Watt<\/li>\n<li>Type de filtre : HEPA<\/li>\n<\/ul>\n<div class=\"jsFpBulletPointMore\">\n<ul>\n<li>Outils inclus : Chiffon pour sol, brosse mini-turbo, buse vapeur, turbobrosse, buse d\u2019aspiration, bross<\/li>\n<\/ul>\n<\/div>\n","protected":false},"featured_media":16160,"template":"","meta":[],"product_brand":[],"product_cat":[83,241],"product_tag":[],"class_list":{"0":"post-16054","1":"product","2":"type-product","3":"status-publish","4":"has-post-thumbnail","6":"product_cat-entretien-du-sol","7":"product_cat-nettoyeur-vapeur","9":"first","10":"instock","11":"sale","12":"taxable","13":"shipping-taxable","14":"purchasable","15":"product-type-simple"},"yoast_head":"<!-- This site is optimized with the Yoast SEO plugin v24.8.1 - https:\/\/yoast.com\/wordpress\/plugins\/seo\/ -->\n<title>Aspirateur Nettoyeur Vapeur Unico MCV85_Total Clean &amp; Turbo - CBS Electro<\/title>\n<meta name=\"robots\" content=\"index, follow, max-snippet:-1, max-image-preview:large, max-video-preview:-1\" \/>\n<link rel=\"canonical\" href=\"https:\/\/cbs-electro.com\/index.php\/produit\/aspirateur-nettoyeur-vapeur-unico-mcv85_total-clean-turbo\/\" \/>\n<meta property=\"og:locale\" content=\"fr_FR\" \/>\n<meta property=\"og:type\" content=\"article\" \/>\n<meta property=\"og:title\" content=\"Aspirateur Nettoyeur Vapeur Unico MCV85_Total Clean &amp; Turbo - CBS Electro\" \/>\n<meta property=\"og:description\" content=\"Collecte des poussi\u00e8res : Sans sac  Mode de nettoyage : Vapeur, sec, humide  Capacit\u00e9 du collecteur : 0.8 litre  Puissance \u00e9lectrique : 2200 Watt  Type de filtre : HEPA     Outils inclus : Chiffon pour sol, brosse mini-turbo, buse vapeur, turbobrosse, buse d\u2019aspiration, bross\" \/>\n<meta property=\"og:url\" content=\"https:\/\/cbs-electro.com\/index.php\/produit\/aspirateur-nettoyeur-vapeur-unico-mcv85_total-clean-turbo\/\" \/>\n<meta property=\"og:site_name\" content=\"CBS Electro\" \/>\n<meta property=\"article:modified_time\" content=\"2023-11-24T08:18:05+00:00\" \/>\n<meta property=\"og:image\" content=\"https:\/\/cbs-electro.com\/wp-content\/uploads\/2023\/11\/a-200.jpg\" \/>\n\t<meta property=\"og:image:width\" content=\"700\" \/>\n\t<meta property=\"og:image:height\" content=\"700\" \/>\n\t<meta property=\"og:image:type\" content=\"image\/jpeg\" \/>\n<meta name=\"twitter:card\" content=\"summary_large_image\" \/>\n<meta name=\"twitter:label1\" content=\"Dur\u00e9e de lecture estim\u00e9e\" \/>\n\t<meta name=\"twitter:data1\" content=\"1 minute\" \/>\n<script type=\"application\/ld+json\" class=\"yoast-schema-graph\">{\"@context\":\"https:\/\/schema.org\",\"@graph\":[{\"@type\":\"WebPage\",\"@id\":\"https:\/\/cbs-electro.com\/index.php\/produit\/aspirateur-nettoyeur-vapeur-unico-mcv85_total-clean-turbo\/\",\"url\":\"https:\/\/cbs-electro.com\/index.php\/produit\/aspirateur-nettoyeur-vapeur-unico-mcv85_total-clean-turbo\/\",\"name\":\"Aspirateur Nettoyeur Vapeur Unico MCV85_Total Clean & Turbo - CBS Electro\",\"isPartOf\":{\"@id\":\"https:\/\/www.cbs-electro.com\/#website\"},\"primaryImageOfPage\":{\"@id\":\"https:\/\/cbs-electro.com\/index.php\/produit\/aspirateur-nettoyeur-vapeur-unico-mcv85_total-clean-turbo\/#primaryimage\"},\"image\":{\"@id\":\"https:\/\/cbs-electro.com\/index.php\/produit\/aspirateur-nettoyeur-vapeur-unico-mcv85_total-clean-turbo\/#primaryimage\"},\"thumbnailUrl\":\"https:\/\/cbs-electro.com\/wp-content\/uploads\/2023\/11\/a-200.jpg\",\"datePublished\":\"2023-11-24T08:17:31+00:00\",\"dateModified\":\"2023-11-24T08:18:05+00:00\",\"breadcrumb\":{\"@id\":\"https:\/\/cbs-electro.com\/index.php\/produit\/aspirateur-nettoyeur-vapeur-unico-mcv85_total-clean-turbo\/#breadcrumb\"},\"inLanguage\":\"fr-FR\",\"potentialAction\":[{\"@type\":\"ReadAction\",\"target\":[\"https:\/\/cbs-electro.com\/index.php\/produit\/aspirateur-nettoyeur-vapeur-unico-mcv85_total-clean-turbo\/\"]}]},{\"@type\":\"ImageObject\",\"inLanguage\":\"fr-FR\",\"@id\":\"https:\/\/cbs-electro.com\/index.php\/produit\/aspirateur-nettoyeur-vapeur-unico-mcv85_total-clean-turbo\/#primaryimage\",\"url\":\"https:\/\/cbs-electro.com\/wp-content\/uploads\/2023\/11\/a-200.jpg\",\"contentUrl\":\"https:\/\/cbs-electro.com\/wp-content\/uploads\/2023\/11\/a-200.jpg\",\"width\":700,\"height\":700},{\"@type\":\"BreadcrumbList\",\"@id\":\"https:\/\/cbs-electro.com\/index.php\/produit\/aspirateur-nettoyeur-vapeur-unico-mcv85_total-clean-turbo\/#breadcrumb\",\"itemListElement\":[{\"@type\":\"ListItem\",\"position\":1,\"name\":\"Accueil\",\"item\":\"https:\/\/www.cbs-electro.com\/\"},{\"@type\":\"ListItem\",\"position\":2,\"name\":\"Boutique\",\"item\":\"https:\/\/www.cbs-electro.com\/index.php\/boutique\/\"},{\"@type\":\"ListItem\",\"position\":3,\"name\":\"Aspirateur Nettoyeur Vapeur Unico MCV85_Total Clean &#038; Turbo\"}]},{\"@type\":\"WebSite\",\"@id\":\"https:\/\/www.cbs-electro.com\/#website\",\"url\":\"https:\/\/www.cbs-electro.com\/\",\"name\":\"CBS Electro\",\"description\":\"Vente des produits neufs - Informatique, Smartphones, livres, jeux vid\u00e9o, photos, jouets et \u00e9lectrom\u00e9nager\",\"potentialAction\":[{\"@type\":\"SearchAction\",\"target\":{\"@type\":\"EntryPoint\",\"urlTemplate\":\"https:\/\/www.cbs-electro.com\/?s={search_term_string}\"},\"query-input\":{\"@type\":\"PropertyValueSpecification\",\"valueRequired\":true,\"valueName\":\"search_term_string\"}}],\"inLanguage\":\"fr-FR\"}]}<\/script>\n<!-- \/ Yoast SEO plugin. -->","yoast_head_json":{"title":"Aspirateur Nettoyeur Vapeur Unico MCV85_Total Clean & Turbo - CBS Electro","robots":{"index":"index","follow":"follow","max-snippet":"max-snippet:-1","max-image-preview":"max-image-preview:large","max-video-preview":"max-video-preview:-1"},"canonical":"https:\/\/cbs-electro.com\/index.php\/produit\/aspirateur-nettoyeur-vapeur-unico-mcv85_total-clean-turbo\/","og_locale":"fr_FR","og_type":"article","og_title":"Aspirateur Nettoyeur Vapeur Unico MCV85_Total Clean & Turbo - CBS Electro","og_description":"Collecte des poussi\u00e8res : Sans sac  Mode de nettoyage : Vapeur, sec, humide  Capacit\u00e9 du collecteur : 0.8 litre  Puissance \u00e9lectrique : 2200 Watt  Type de filtre : HEPA     Outils inclus : Chiffon pour sol, brosse mini-turbo, buse vapeur, turbobrosse, buse d\u2019aspiration, bross","og_url":"https:\/\/cbs-electro.com\/index.php\/produit\/aspirateur-nettoyeur-vapeur-unico-mcv85_total-clean-turbo\/","og_site_name":"CBS Electro","article_modified_time":"2023-11-24T08:18:05+00:00","og_image":[{"width":700,"height":700,"url":"https:\/\/cbs-electro.com\/wp-content\/uploads\/2023\/11\/a-200.jpg","type":"image\/jpeg"}],"twitter_card":"summary_large_image","twitter_misc":{"Dur\u00e9e de lecture estim\u00e9e":"1 minute"},"schema":{"@context":"https:\/\/schema.org","@graph":[{"@type":"WebPage","@id":"https:\/\/cbs-electro.com\/index.php\/produit\/aspirateur-nettoyeur-vapeur-unico-mcv85_total-clean-turbo\/","url":"https:\/\/cbs-electro.com\/index.php\/produit\/aspirateur-nettoyeur-vapeur-unico-mcv85_total-clean-turbo\/","name":"Aspirateur Nettoyeur Vapeur Unico MCV85_Total Clean & Turbo - CBS Electro","isPartOf":{"@id":"https:\/\/www.cbs-electro.com\/#website"},"primaryImageOfPage":{"@id":"https:\/\/cbs-electro.com\/index.php\/produit\/aspirateur-nettoyeur-vapeur-unico-mcv85_total-clean-turbo\/#primaryimage"},"image":{"@id":"https:\/\/cbs-electro.com\/index.php\/produit\/aspirateur-nettoyeur-vapeur-unico-mcv85_total-clean-turbo\/#primaryimage"},"thumbnailUrl":"https:\/\/cbs-electro.com\/wp-content\/uploads\/2023\/11\/a-200.jpg","datePublished":"2023-11-24T08:17:31+00:00","dateModified":"2023-11-24T08:18:05+00:00","breadcrumb":{"@id":"https:\/\/cbs-electro.com\/index.php\/produit\/aspirateur-nettoyeur-vapeur-unico-mcv85_total-clean-turbo\/#breadcrumb"},"inLanguage":"fr-FR","potentialAction":[{"@type":"ReadAction","target":["https:\/\/cbs-electro.com\/index.php\/produit\/aspirateur-nettoyeur-vapeur-unico-mcv85_total-clean-turbo\/"]}]},{"@type":"ImageObject","inLanguage":"fr-FR","@id":"https:\/\/cbs-electro.com\/index.php\/produit\/aspirateur-nettoyeur-vapeur-unico-mcv85_total-clean-turbo\/#primaryimage","url":"https:\/\/cbs-electro.com\/wp-content\/uploads\/2023\/11\/a-200.jpg","contentUrl":"https:\/\/cbs-electro.com\/wp-content\/uploads\/2023\/11\/a-200.jpg","width":700,"height":700},{"@type":"BreadcrumbList","@id":"https:\/\/cbs-electro.com\/index.php\/produit\/aspirateur-nettoyeur-vapeur-unico-mcv85_total-clean-turbo\/#breadcrumb","itemListElement":[{"@type":"ListItem","position":1,"name":"Accueil","item":"https:\/\/www.cbs-electro.com\/"},{"@type":"ListItem","position":2,"name":"Boutique","item":"https:\/\/www.cbs-electro.com\/index.php\/boutique\/"},{"@type":"ListItem","position":3,"name":"Aspirateur Nettoyeur Vapeur Unico MCV85_Total Clean &#038; Turbo"}]},{"@type":"WebSite","@id":"https:\/\/www.cbs-electro.com\/#website","url":"https:\/\/www.cbs-electro.com\/","name":"CBS Electro","description":"Vente des produits neufs - Informatique, Smartphones, livres, jeux vid\u00e9o, photos, jouets et \u00e9lectrom\u00e9nager","potentialAction":[{"@type":"SearchAction","target":{"@type":"EntryPoint","urlTemplate":"https:\/\/www.cbs-electro.com\/?s={search_term_string}"},"query-input":{"@type":"PropertyValueSpecification","valueRequired":true,"valueName":"search_term_string"}}],"inLanguage":"fr-FR"}]}},"_links":{"self":[{"href":"https:\/\/cbs-electro.com\/index.php\/wp-json\/wp\/v2\/product\/16054","targetHints":{"allow":["GET"]}}],"collection":[{"href":"https:\/\/cbs-electro.com\/index.php\/wp-json\/wp\/v2\/product"}],"about":[{"href":"https:\/\/cbs-electro.com\/index.php\/wp-json\/wp\/v2\/types\/product"}],"version-history":[{"count":1,"href":"https:\/\/cbs-electro.com\/index.php\/wp-json\/wp\/v2\/product\/16054\/revisions"}],"predecessor-version":[{"id":16164,"href":"https:\/\/cbs-electro.com\/index.php\/wp-json\/wp\/v2\/product\/16054\/revisions\/16164"}],"wp:featuredmedia":[{"embeddable":true,"href":"https:\/\/cbs-electro.com\/index.php\/wp-json\/wp\/v2\/media\/16160"}],"wp:attachment":[{"href":"https:\/\/cbs-electro.com\/index.php\/wp-json\/wp\/v2\/media?parent=16054"}],"wp:term":[{"taxonomy":"product_brand","embeddable":true,"href":"https:\/\/cbs-electro.com\/index.php\/wp-json\/wp\/v2\/product_brand?post=16054"},{"taxonomy":"product_cat","embeddable":true,"href":"https:\/\/cbs-electro.com\/index.php\/wp-json\/wp\/v2\/product_cat?post=16054"},{"taxonomy":"product_tag","embeddable":true,"href":"https:\/\/cbs-electro.com\/index.php\/wp-json\/wp\/v2\/product_tag?post=16054"}],"curies":[{"name":"wp","href":"https:\/\/api.w.org\/{rel}","templated":true}]}}