{"id":16050,"date":"2023-11-24T09:17:31","date_gmt":"2023-11-24T08:17:31","guid":{"rendered":"https:\/?post_type=product&#038;p=16050"},"modified":"2023-11-24T09:17:58","modified_gmt":"2023-11-24T08:17:58","slug":"aspirateur-balai-rowenta-air-force-flex-af560-animal-rh9471wo-2","status":"publish","type":"product","link":"https:\/\/cbs-electro.com\/index.php\/produit\/aspirateur-balai-rowenta-air-force-flex-af560-animal-rh9471wo-2\/","title":{"rendered":"Aspirateur balai ROWENTA AIR FORCE FLEX AF560 ANIMAL RH9471WO"},"content":{"rendered":"<div>\n<h2 class=\"product_bloc_aside_title font-2\">CARACT\u00c9RISTIQUES<\/h2>\n<\/div>\n<div class=\"product_bloc_content bloc ombre product_bloc_caracteristics_odd\">\n<table class=\"font-2\">\n<caption class=\"caption_hidden\">Caract\u00e9ristiques<\/caption>\n<tbody>\n<tr class=\"odd\">\n<th scope=\"row\">Usage aspirateur<\/th>\n<td class=\"font-2-b\">\n<ul class=\"characteristics\" data-switch=\"\">\n<li class=\"\">Surfaces<\/li>\n<li class=\"\">Sol<\/li>\n<li class=\"\">Plafond<\/li>\n<\/ul>\n<\/td>\n<\/tr>\n<tr class=\"\">\n<th scope=\"row\">Type de brosse aspirateur \/ nettoyeur<\/th>\n<td class=\"font-2-b\">\n<ul class=\"characteristics\" data-switch=\"\">\n<li class=\"\">Brosse amovible<\/li>\n<li class=\"\">Brosse \u00e9clair\u00e9e<\/li>\n<li class=\"\">Brosse motoris\u00e9e<\/li>\n<li class=\"\">ElectroBrosse<\/li>\n<li class=\"\">Brosse textiles<\/li>\n<\/ul>\n<\/td>\n<\/tr>\n<tr class=\"odd\">\n<th scope=\"row\">Fonctionnalit\u00e9s aspirateur balai\/\u00e0 main<\/th>\n<td class=\"font-2-b\">\n<ul class=\"characteristics\" data-switch=\"\">\n<li class=\"\">Autonettoyage de la brosse<\/li>\n<li class=\"\">Technologie cyclonique<\/li>\n<li class=\"\">Rangement int\u00e9gr\u00e9 des accessoires<\/li>\n<li class=\"\">Sp\u00e9cial Animaux<\/li>\n<\/ul>\n<\/td>\n<\/tr>\n<tr class=\"\">\n<th scope=\"row\">Connect\u00e9<\/th>\n<td class=\"font-2-b\">\n<ul class=\"characteristics\" data-switch=\"\">\n<li class=\"\">Non<\/li>\n<\/ul>\n<\/td>\n<\/tr>\n<tr class=\"odd\">\n<th scope=\"row\">Capacit\u00e9 du r\u00e9servoir<\/th>\n<td class=\"font-2-b\">\n<ul class=\"characteristics\" data-switch=\"\">\n<li class=\"\">0,4 l<\/li>\n<\/ul>\n<\/td>\n<\/tr>\n<tr class=\"\">\n<th scope=\"row\">Nombre de vitesses<\/th>\n<td class=\"font-2-b\">\n<ul class=\"characteristics\" data-switch=\"\">\n<li class=\"\">2<\/li>\n<\/ul>\n<\/td>\n<\/tr>\n<tr class=\"odd\">\n<th scope=\"row\">Temps de chargement<\/th>\n<td class=\"font-2-b\">\n<ul class=\"characteristics\" data-switch=\"\">\n<li class=\"\">180 min<\/li>\n<\/ul>\n<\/td>\n<\/tr>\n<tr class=\"\">\n<th scope=\"row\">Type de batterie<\/th>\n<td class=\"font-2-b\">\n<ul class=\"characteristics\" data-switch=\"\">\n<li class=\"\">Lithium<\/li>\n<\/ul>\n<\/td>\n<\/tr>\n<tr class=\"odd\">\n<th scope=\"row\">Type de support<\/th>\n<td class=\"font-2-b\">\n<ul class=\"characteristics\" data-switch=\"\">\n<li class=\"\">Mural<\/li>\n<\/ul>\n<\/td>\n<\/tr>\n<tr class=\"\">\n<th scope=\"row\">Accessoires fournis<\/th>\n<td class=\"font-2-b\">\n<ul class=\"characteristics\" data-switch=\"\">\n<li class=\"\">Suceur fente flexible XL, mini \u00e9lectro-brosse, large suceur ameublement plat, brossette multi-usage<\/li>\n<\/ul>\n<\/td>\n<\/tr>\n<tr class=\"odd\">\n<th scope=\"row\">Caract\u00e9ristiques compl\u00e9mentaires<\/th>\n<td class=\"font-2-b\">\n<ul class=\"characteristics\" data-switch=\"\">\n<li class=\"\">T\u00e9moin de charge<br \/>\nNiveau sonore: 82 dB<br \/>\nAspirateur balai rechargeable<\/li>\n<\/ul>\n<\/td>\n<\/tr>\n<tr class=\"\">\n<th scope=\"row\">Poids<\/th>\n<td class=\"font-2-b\">\n<ul class=\"characteristics\" data-switch=\"\">\n<li class=\"\">3 kg<\/li>\n<\/ul>\n<\/td>\n<\/tr>\n<tr class=\"odd\">\n<th scope=\"row\">Hauteur du produit<\/th>\n<td class=\"font-2-b\">\n<ul class=\"characteristics\" data-switch=\"\">\n<li class=\"\">24,4 cm<\/li>\n<\/ul>\n<\/td>\n<\/tr>\n<tr class=\"\">\n<th scope=\"row\">Puissance d\u2019aspiration<\/th>\n<td class=\"font-2-b\">\n<ul class=\"characteristics\" data-switch=\"\">\n<li class=\"\">100 AW<\/li>\n<\/ul>\n<\/td>\n<\/tr>\n<tr class=\"odd\">\n<th scope=\"row\">Le choix durable<\/th>\n<td class=\"font-2-b\">\n<ul class=\"characteristics\" data-switch=\"\">\n<li class=\"\">Oui<\/li>\n<\/ul>\n<\/td>\n<\/tr>\n<tr class=\"\">\n<th scope=\"row\">Disponibilit\u00e9 des pi\u00e8ces d\u00e9tach\u00e9es<\/th>\n<td class=\"font-2-b\">\n<ul class=\"characteristics\" data-switch=\"\">\n<li class=\"\">10 ans<\/li>\n<\/ul>\n<\/td>\n<\/tr>\n<\/tbody>\n<\/table>\n<\/div>\n","protected":false},"excerpt":{"rendered":"<ul class=\"product_details_items font-2-l\">\n<li class=\"product_details_item\">Fonction Flex : nettoyage plus profond<\/li>\n<li class=\"product_details_item\">Puissance d\u2019aspiration : 100 air-watts<\/li>\n<li class=\"product_details_item\">Puissance 21,9 Volts \u2013 Autonomie 35 minutes<\/li>\n<li class=\"product_details_item\">Suceur fente flexible XL, mini \u00e9lectro-brosse, large suceur ameublement plat, brossette multi-usage<\/li>\n<\/ul>\n","protected":false},"featured_media":16136,"template":"","meta":[],"product_brand":[],"product_cat":[85,83],"product_tag":[],"class_list":{"0":"post-16050","1":"product","2":"type-product","3":"status-publish","4":"has-post-thumbnail","6":"product_cat-aspirateur-balai","7":"product_cat-entretien-du-sol","9":"first","10":"instock","11":"sale","12":"taxable","13":"shipping-taxable","14":"purchasable","15":"product-type-simple"},"yoast_head":"<!-- This site is optimized with the Yoast SEO plugin v24.8.1 - https:\/\/yoast.com\/wordpress\/plugins\/seo\/ -->\n<title>Aspirateur balai ROWENTA AIR FORCE FLEX AF560 ANIMAL RH9471WO - CBS Electro<\/title>\n<meta name=\"robots\" content=\"index, follow, max-snippet:-1, max-image-preview:large, max-video-preview:-1\" \/>\n<link rel=\"canonical\" href=\"https:\/\/cbs-electro.com\/index.php\/produit\/aspirateur-balai-rowenta-air-force-flex-af560-animal-rh9471wo-2\/\" \/>\n<meta property=\"og:locale\" content=\"fr_FR\" \/>\n<meta property=\"og:type\" content=\"article\" \/>\n<meta property=\"og:title\" content=\"Aspirateur balai ROWENTA AIR FORCE FLEX AF560 ANIMAL RH9471WO - CBS Electro\" \/>\n<meta property=\"og:description\" content=\"Fonction Flex : nettoyage plus profond  Puissance d\u2019aspiration : 100 air-watts  Puissance 21,9 Volts \u2013 Autonomie 35 minutes  Suceur fente flexible XL, mini \u00e9lectro-brosse, large suceur ameublement plat, brossette multi-usage\" \/>\n<meta property=\"og:url\" content=\"https:\/\/cbs-electro.com\/index.php\/produit\/aspirateur-balai-rowenta-air-force-flex-af560-animal-rh9471wo-2\/\" \/>\n<meta property=\"og:site_name\" content=\"CBS Electro\" \/>\n<meta property=\"article:modified_time\" content=\"2023-11-24T08:17:58+00:00\" \/>\n<meta property=\"og:image\" content=\"https:\/\/cbs-electro.com\/wp-content\/uploads\/2023\/11\/1-101-1.jpg\" \/>\n\t<meta property=\"og:image:width\" content=\"598\" \/>\n\t<meta property=\"og:image:height\" content=\"900\" \/>\n\t<meta property=\"og:image:type\" content=\"image\/jpeg\" \/>\n<meta name=\"twitter:card\" content=\"summary_large_image\" \/>\n<meta name=\"twitter:label1\" content=\"Dur\u00e9e de lecture estim\u00e9e\" \/>\n\t<meta name=\"twitter:data1\" content=\"1 minute\" \/>\n<script type=\"application\/ld+json\" class=\"yoast-schema-graph\">{\"@context\":\"https:\/\/schema.org\",\"@graph\":[{\"@type\":\"WebPage\",\"@id\":\"https:\/\/cbs-electro.com\/index.php\/produit\/aspirateur-balai-rowenta-air-force-flex-af560-animal-rh9471wo-2\/\",\"url\":\"https:\/\/cbs-electro.com\/index.php\/produit\/aspirateur-balai-rowenta-air-force-flex-af560-animal-rh9471wo-2\/\",\"name\":\"Aspirateur balai ROWENTA AIR FORCE FLEX AF560 ANIMAL RH9471WO - CBS Electro\",\"isPartOf\":{\"@id\":\"https:\/\/www.cbs-electro.com\/#website\"},\"primaryImageOfPage\":{\"@id\":\"https:\/\/cbs-electro.com\/index.php\/produit\/aspirateur-balai-rowenta-air-force-flex-af560-animal-rh9471wo-2\/#primaryimage\"},\"image\":{\"@id\":\"https:\/\/cbs-electro.com\/index.php\/produit\/aspirateur-balai-rowenta-air-force-flex-af560-animal-rh9471wo-2\/#primaryimage\"},\"thumbnailUrl\":\"https:\/\/cbs-electro.com\/wp-content\/uploads\/2023\/11\/1-101-1.jpg\",\"datePublished\":\"2023-11-24T08:17:31+00:00\",\"dateModified\":\"2023-11-24T08:17:58+00:00\",\"breadcrumb\":{\"@id\":\"https:\/\/cbs-electro.com\/index.php\/produit\/aspirateur-balai-rowenta-air-force-flex-af560-animal-rh9471wo-2\/#breadcrumb\"},\"inLanguage\":\"fr-FR\",\"potentialAction\":[{\"@type\":\"ReadAction\",\"target\":[\"https:\/\/cbs-electro.com\/index.php\/produit\/aspirateur-balai-rowenta-air-force-flex-af560-animal-rh9471wo-2\/\"]}]},{\"@type\":\"ImageObject\",\"inLanguage\":\"fr-FR\",\"@id\":\"https:\/\/cbs-electro.com\/index.php\/produit\/aspirateur-balai-rowenta-air-force-flex-af560-animal-rh9471wo-2\/#primaryimage\",\"url\":\"https:\/\/cbs-electro.com\/wp-content\/uploads\/2023\/11\/1-101-1.jpg\",\"contentUrl\":\"https:\/\/cbs-electro.com\/wp-content\/uploads\/2023\/11\/1-101-1.jpg\",\"width\":598,\"height\":900},{\"@type\":\"BreadcrumbList\",\"@id\":\"https:\/\/cbs-electro.com\/index.php\/produit\/aspirateur-balai-rowenta-air-force-flex-af560-animal-rh9471wo-2\/#breadcrumb\",\"itemListElement\":[{\"@type\":\"ListItem\",\"position\":1,\"name\":\"Accueil\",\"item\":\"https:\/\/www.cbs-electro.com\/\"},{\"@type\":\"ListItem\",\"position\":2,\"name\":\"Boutique\",\"item\":\"https:\/\/www.cbs-electro.com\/index.php\/boutique\/\"},{\"@type\":\"ListItem\",\"position\":3,\"name\":\"Aspirateur balai ROWENTA AIR FORCE FLEX AF560 ANIMAL RH9471WO\"}]},{\"@type\":\"WebSite\",\"@id\":\"https:\/\/www.cbs-electro.com\/#website\",\"url\":\"https:\/\/www.cbs-electro.com\/\",\"name\":\"CBS Electro\",\"description\":\"Vente des produits neufs - Informatique, Smartphones, livres, jeux vid\u00e9o, photos, jouets et \u00e9lectrom\u00e9nager\",\"potentialAction\":[{\"@type\":\"SearchAction\",\"target\":{\"@type\":\"EntryPoint\",\"urlTemplate\":\"https:\/\/www.cbs-electro.com\/?s={search_term_string}\"},\"query-input\":{\"@type\":\"PropertyValueSpecification\",\"valueRequired\":true,\"valueName\":\"search_term_string\"}}],\"inLanguage\":\"fr-FR\"}]}<\/script>\n<!-- \/ Yoast SEO plugin. -->","yoast_head_json":{"title":"Aspirateur balai ROWENTA AIR FORCE FLEX AF560 ANIMAL RH9471WO - CBS Electro","robots":{"index":"index","follow":"follow","max-snippet":"max-snippet:-1","max-image-preview":"max-image-preview:large","max-video-preview":"max-video-preview:-1"},"canonical":"https:\/\/cbs-electro.com\/index.php\/produit\/aspirateur-balai-rowenta-air-force-flex-af560-animal-rh9471wo-2\/","og_locale":"fr_FR","og_type":"article","og_title":"Aspirateur balai ROWENTA AIR FORCE FLEX AF560 ANIMAL RH9471WO - CBS Electro","og_description":"Fonction Flex : nettoyage plus profond  Puissance d\u2019aspiration : 100 air-watts  Puissance 21,9 Volts \u2013 Autonomie 35 minutes  Suceur fente flexible XL, mini \u00e9lectro-brosse, large suceur ameublement plat, brossette multi-usage","og_url":"https:\/\/cbs-electro.com\/index.php\/produit\/aspirateur-balai-rowenta-air-force-flex-af560-animal-rh9471wo-2\/","og_site_name":"CBS Electro","article_modified_time":"2023-11-24T08:17:58+00:00","og_image":[{"width":598,"height":900,"url":"https:\/\/cbs-electro.com\/wp-content\/uploads\/2023\/11\/1-101-1.jpg","type":"image\/jpeg"}],"twitter_card":"summary_large_image","twitter_misc":{"Dur\u00e9e de lecture estim\u00e9e":"1 minute"},"schema":{"@context":"https:\/\/schema.org","@graph":[{"@type":"WebPage","@id":"https:\/\/cbs-electro.com\/index.php\/produit\/aspirateur-balai-rowenta-air-force-flex-af560-animal-rh9471wo-2\/","url":"https:\/\/cbs-electro.com\/index.php\/produit\/aspirateur-balai-rowenta-air-force-flex-af560-animal-rh9471wo-2\/","name":"Aspirateur balai ROWENTA AIR FORCE FLEX AF560 ANIMAL RH9471WO - CBS Electro","isPartOf":{"@id":"https:\/\/www.cbs-electro.com\/#website"},"primaryImageOfPage":{"@id":"https:\/\/cbs-electro.com\/index.php\/produit\/aspirateur-balai-rowenta-air-force-flex-af560-animal-rh9471wo-2\/#primaryimage"},"image":{"@id":"https:\/\/cbs-electro.com\/index.php\/produit\/aspirateur-balai-rowenta-air-force-flex-af560-animal-rh9471wo-2\/#primaryimage"},"thumbnailUrl":"https:\/\/cbs-electro.com\/wp-content\/uploads\/2023\/11\/1-101-1.jpg","datePublished":"2023-11-24T08:17:31+00:00","dateModified":"2023-11-24T08:17:58+00:00","breadcrumb":{"@id":"https:\/\/cbs-electro.com\/index.php\/produit\/aspirateur-balai-rowenta-air-force-flex-af560-animal-rh9471wo-2\/#breadcrumb"},"inLanguage":"fr-FR","potentialAction":[{"@type":"ReadAction","target":["https:\/\/cbs-electro.com\/index.php\/produit\/aspirateur-balai-rowenta-air-force-flex-af560-animal-rh9471wo-2\/"]}]},{"@type":"ImageObject","inLanguage":"fr-FR","@id":"https:\/\/cbs-electro.com\/index.php\/produit\/aspirateur-balai-rowenta-air-force-flex-af560-animal-rh9471wo-2\/#primaryimage","url":"https:\/\/cbs-electro.com\/wp-content\/uploads\/2023\/11\/1-101-1.jpg","contentUrl":"https:\/\/cbs-electro.com\/wp-content\/uploads\/2023\/11\/1-101-1.jpg","width":598,"height":900},{"@type":"BreadcrumbList","@id":"https:\/\/cbs-electro.com\/index.php\/produit\/aspirateur-balai-rowenta-air-force-flex-af560-animal-rh9471wo-2\/#breadcrumb","itemListElement":[{"@type":"ListItem","position":1,"name":"Accueil","item":"https:\/\/www.cbs-electro.com\/"},{"@type":"ListItem","position":2,"name":"Boutique","item":"https:\/\/www.cbs-electro.com\/index.php\/boutique\/"},{"@type":"ListItem","position":3,"name":"Aspirateur balai ROWENTA AIR FORCE FLEX AF560 ANIMAL RH9471WO"}]},{"@type":"WebSite","@id":"https:\/\/www.cbs-electro.com\/#website","url":"https:\/\/www.cbs-electro.com\/","name":"CBS Electro","description":"Vente des produits neufs - Informatique, Smartphones, livres, jeux vid\u00e9o, photos, jouets et \u00e9lectrom\u00e9nager","potentialAction":[{"@type":"SearchAction","target":{"@type":"EntryPoint","urlTemplate":"https:\/\/www.cbs-electro.com\/?s={search_term_string}"},"query-input":{"@type":"PropertyValueSpecification","valueRequired":true,"valueName":"search_term_string"}}],"inLanguage":"fr-FR"}]}},"_links":{"self":[{"href":"https:\/\/cbs-electro.com\/index.php\/wp-json\/wp\/v2\/product\/16050","targetHints":{"allow":["GET"]}}],"collection":[{"href":"https:\/\/cbs-electro.com\/index.php\/wp-json\/wp\/v2\/product"}],"about":[{"href":"https:\/\/cbs-electro.com\/index.php\/wp-json\/wp\/v2\/types\/product"}],"version-history":[{"count":1,"href":"https:\/\/cbs-electro.com\/index.php\/wp-json\/wp\/v2\/product\/16050\/revisions"}],"predecessor-version":[{"id":16142,"href":"https:\/\/cbs-electro.com\/index.php\/wp-json\/wp\/v2\/product\/16050\/revisions\/16142"}],"wp:featuredmedia":[{"embeddable":true,"href":"https:\/\/cbs-electro.com\/index.php\/wp-json\/wp\/v2\/media\/16136"}],"wp:attachment":[{"href":"https:\/\/cbs-electro.com\/index.php\/wp-json\/wp\/v2\/media?parent=16050"}],"wp:term":[{"taxonomy":"product_brand","embeddable":true,"href":"https:\/\/cbs-electro.com\/index.php\/wp-json\/wp\/v2\/product_brand?post=16050"},{"taxonomy":"product_cat","embeddable":true,"href":"https:\/\/cbs-electro.com\/index.php\/wp-json\/wp\/v2\/product_cat?post=16050"},{"taxonomy":"product_tag","embeddable":true,"href":"https:\/\/cbs-electro.com\/index.php\/wp-json\/wp\/v2\/product_tag?post=16050"}],"curies":[{"name":"wp","href":"https:\/\/api.w.org\/{rel}","templated":true}]}}