{"id":16049,"date":"2023-11-24T09:17:31","date_gmt":"2023-11-24T08:17:31","guid":{"rendered":"https:\/?post_type=product&#038;p=16049"},"modified":"2025-03-13T07:49:49","modified_gmt":"2025-03-13T06:49:49","slug":"aspirateur-balai-dyson-v11-absolute-gris-bleu","status":"publish","type":"product","link":"https:\/\/cbs-electro.com\/index.php\/produit\/aspirateur-balai-dyson-v11-absolute-gris-bleu\/","title":{"rendered":"Aspirateur balai Dyson V11 Absolute Gris\/Bleu"},"content":{"rendered":"<div id=\"productDescriptionSection\" class=\"description critical-in critical-out\">\n<div class=\"m-sectionPadding\">\n<div class=\"toggle\" data-target=\"description\">\n<div class=\"toggle-content\" role=\"toggle\">\n<h3 class=\"titleh3\">Description \u2013 DYSON\u00a0\u2013\u00a0V11 Absolute Gris\/Bleu<\/h3>\n<div class=\"warranty\">Garantie 2 ans<\/div>\n<div class=\"offerdesc\">\n<div><\/div>\n<div><\/div>\n<div id=\"originalProductDescription\">\n<section id=\"wm_section_body\" class=\"wm_section_body\"><img decoding=\"async\" src=\"https:\/\/www.media-rdc.com\/medias\/260ea52728b53195a28cae09037a7710\/1.png\" alt=\"Aspirateur balai V11 Absolute Dyson Gris\/Bleu\" width=\"600\" data-src=\"https:\/\/www.media-rdc.com\/medias\/260ea52728b53195a28cae09037a7710\/1.png\" data-lzled=\"true\" \/><\/p>\n<h4>Avantages Aspirateur balai V11 Absolute Dyson Gris\/Bleu :<\/h4>\n<ul>\n<li>L\u00e9ger et maniable<\/li>\n<li>Sans fil<\/li>\n<li>Puissant<\/li>\n<li>Syst\u00e8me d\u2019optimisation des performances<\/li>\n<li>Recharge et rangement facile<\/li>\n<\/ul>\n<h4>Usage :<\/h4>\n<p>Cet aspirateur balai l\u00e9ger, maniable et puissant vous permet de nettoyer facilement et en profondeur votre int\u00e9rieur. Gr\u00e2ce \u00e0 ses accessoires fournis, il s\u2019adapte \u00e0 toutes les surfaces.<\/p>\n<p>L\u2019aspirateur balai V11 Absolute Dyson vous accompagne pour d\u00e9poussi\u00e9rer et nettoyer votre chez vous.<strong>\u00a0L\u00e9ger et maniable<\/strong>, ce\u00a0<strong>mod\u00e8le sans fil<\/strong>\u00a0vous permet une grande mobilit\u00e9 et se glisse sur toutes les surfaces : parquet, carrelage, moquette, tapis\u2026<\/p>\n<p><img decoding=\"async\" src=\"https:\/\/www.media-rdc.com\/medias\/5621e4166e6e367d9a64fdd2a8c893e5\/2.png?cimgnr=7fFuQ\" alt=\"Aspirateur balai V11 Absolute Dyson Gris\/Bleu\" width=\"600\" data-src=\"https:\/\/www.media-rdc.com\/medias\/5621e4166e6e367d9a64fdd2a8c893e5\/2.png?cimgnr=7fFuQ\" data-lzled=\"true\" \/><\/p>\n<h5>Puissant et performant :<\/h5>\n<p>Son\u00a0<strong>moteur num\u00e9rique Dyson de 185 AW<\/strong>\u00a0tourne jusqu\u2019\u00e0 60 fois par seconde. Align\u00e9 directement avec le collecteur et les 14 cyclones, il produit plus de 79 000 G de force d\u2019aspiration. Avec une telle puissance, cet appareil aspire toutes les poussi\u00e8res et les miettes sur son passage. Il peut m\u00eame emprisonner les particules microscopiques inf\u00e9rieures \u00e0 0,3 micron gr\u00e2ce \u00e0 son filtre HEPA. Sa conception acoustique<strong>\u00a0absorbe les vibrations et r\u00e9duit au minimum les bruits \u00e9mis.<\/strong><\/p>\n<p><img decoding=\"async\" src=\"https:\/\/www.media-rdc.com\/medias\/dfbdc0022a7f37fe9bfb3fcc0cef0560\/3.png?cimgnr=utHvS\" alt=\"Aspirateur balai V11 Absolute Dyson Gris\/Bleu\" width=\"600\" data-src=\"https:\/\/www.media-rdc.com\/medias\/dfbdc0022a7f37fe9bfb3fcc0cef0560\/3.png?cimgnr=utHvS\" data-lzled=\"true\" \/><\/p>\n<h5>Autonome et intelligent :<\/h5>\n<p>Equip\u00e9 d\u2019une batterie \u00e0 sept cellules constitu\u00e9e d\u2019un alliage nickel-cobalt-aluminium, l\u2019aspirateur balai V11 Absolute Dyson\u00a0<strong>peut nettoyer et d\u00e9poussi\u00e9rer pendant une heure<\/strong>\u00a0avec une puissance qui ne fl\u00e9chit pas. Gr\u00e2ce \u00e0 un syst\u00e8me d\u2019optimisation propre \u00e0 Dyson, cette autonomie peut \u00eatre rallong\u00e9e. En fonction de vos t\u00e2ches, cet appareil propose \u00e9galement\u00a0<strong>divers modes de nettoyage<\/strong>\u00a0en ajustant sa puissance et son autonomie. Ses performances s\u2019affichent en temps r\u00e9el sur un\u00a0<strong>petit \u00e9cran LCD.<\/strong><\/p>\n<p><img decoding=\"async\" src=\"https:\/\/www.media-rdc.com\/medias\/d23a1a0a60d33f4c8fa4de6d2c013050\/4.png?cimgnr=qOAAW\" alt=\"Aspirateur balai V11 Absolute Dyson Gris\/Bleu\" width=\"600\" data-src=\"https:\/\/www.media-rdc.com\/medias\/d23a1a0a60d33f4c8fa4de6d2c013050\/4.png?cimgnr=qOAAW\" data-lzled=\"true\" \/><\/p>\n<h5>Toujours pratique :<\/h5>\n<p>Cet aspirateur balai\u00a0<strong>prend peu de place<\/strong>\u00a0et se recharge automatiquement gr\u00e2ce \u00e0 sa<strong>\u00a0station murale.\u00a0<\/strong>Vous n\u2019avez pas besoin de le d\u00e9brancher, la recharge s\u2019arr\u00eate une fois la batterie pleine. Par ailleurs, il est fourni avec divers accessoires qui vous permettent de nettoyer toutes les surfaces et les recoins de votre int\u00e9rieur. Le vidage de son bac se fait de mani\u00e8re hygi\u00e9nique.<\/p>\n<h4>Caract\u00e9ristiques :<\/h4>\n<ul>\n<li>Marque : Dyson<\/li>\n<li>Gamme : V11 Absolute<\/li>\n<li>Puissance d\u2019aspiration maximale : 185 AW<\/li>\n<li>Volume du collecteur : 0,76 L<\/li>\n<li>Technologie cyclones : 14 cyclones concentriques<\/li>\n<li>Autonomie : jusqu\u2019\u00e0 60 min<\/li>\n<li>Temps de charge : 4,5 heures<\/li>\n<li>Filtration : syst\u00e8me de filtration complet<\/li>\n<li>Brosse principale : High torque<\/li>\n<li>Poids : 3,05 kg<\/li>\n<li>Dimensions : 126 x 125 x 26 cm<\/li>\n<\/ul>\n<\/section>\n<\/div>\n<\/div>\n<\/div>\n<\/div>\n<div class=\"showDesktop ops-block\">\n<div id=\"js-pubDescription\" class=\"m-banniereIAB__MTF\"><\/div>\n<\/div>\n<\/div>\n<\/div>\n<div id=\"productAttributesSection\" class=\"attributes critical-in critical-out\">\n<div class=\"a-blockNavigation\"><\/div>\n<div class=\"m-sectionPadding\">\n<div class=\"toggle\" data-target=\"fiche-technique\">\n<div id=\"blocAttributes\" class=\"toggle-content\" role=\"toggle\">\n<h3 class=\"titleh3\">Fiche technique \u2013 DYSON\u00a0\u2013\u00a0V11 Absolute Gris\/Bleu<\/h3>\n<ul class=\"liste-attibutes\">\n<li>\n<div class=\"spec-title\">Poids<\/div>\n<div class=\"spec\">3.05<\/div>\n<\/li>\n<li>\n<div class=\"spec-title\">Largeur<\/div>\n<div class=\"spec\">26.1<\/div>\n<\/li>\n<li>\n<div class=\"spec-title\">Temps de charge<\/div>\n<div class=\"spec\">4.3<\/div>\n<\/li>\n<li>\n<div class=\"spec-title\">Hauteur<\/div>\n<div class=\"spec\">126.1<\/div>\n<\/li>\n<li>\n<div class=\"spec-title\">Capacit\u00e9<\/div>\n<div class=\"spec\">0.76<\/div>\n<\/li>\n<li>\n<div class=\"spec-title\">Contenance<\/div>\n<div class=\"spec\">0.76<\/div>\n<\/li>\n<li>\n<div class=\"spec-title\">Support de charge<\/div>\n<div class=\"spec\">Station murale<\/div>\n<\/li>\n<li>\n<div class=\"spec-title\">Brosse \u00e9clair\u00e9e<\/div>\n<div class=\"spec\">Brosse non-\u00e9clair\u00e9e<\/div>\n<\/li>\n<li>\n<div class=\"spec-title\">Aspirateur \u00e0 main int\u00e9gr\u00e9<\/div>\n<div class=\"spec\">Avec aspirateur \u00e0 main<\/div>\n<\/li>\n<li>\n<div class=\"spec-title\">Accessoires d\u2019aspirateur<\/div>\n<div class=\"spec\">Autres brosses sp\u00e9cifiques<\/div>\n<\/li>\n<li>\n<div class=\"spec-title\">Couleur<\/div>\n<div class=\"spec\">Gris\/Bleu<\/div>\n<\/li>\n<li>\n<div class=\"spec-title\">Profondeur<\/div>\n<div class=\"spec\">25<\/div>\n<\/li>\n<li>\n<div class=\"spec-title\">Fonction de l\u2019aspirateur<\/div>\n<div class=\"spec\">Aspirant<\/div>\n<\/li>\n<li>\n<div class=\"spec-title\">Sans fil<\/div>\n<div class=\"spec\">Sans fil<\/div>\n<\/li>\n<li>\n<div class=\"spec-title\">Sac<\/div>\n<div class=\"spec\">Sans sac<\/div>\n<\/li>\n<li>\n<div class=\"spec-title\">Connect\u00e9<\/div>\n<div class=\"spec\">Non connect\u00e9<\/div>\n<\/li>\n<li>\n<div class=\"spec-title\">Autonomie<\/div>\n<div class=\"spec\">60<\/div>\n<\/li>\n<li>\n<div class=\"spec-title\">Niveau sonore<\/div>\n<div class=\"spec\">74<\/div>\n<\/li>\n<li>\n<div class=\"spec-title\">Puissance (Volt)<\/div>\n<div class=\"spec\">29.4<\/div>\n<\/li>\n<\/ul>\n<\/div>\n<\/div>\n<\/div>\n<\/div>\n","protected":false},"excerpt":{"rendered":"<p>Aspirateur balai V11 Absolute Dyson Gris\/Bleu. Il est \u00e9quip\u00e9 d\u2019un moteur puissant, d\u2019un syst\u00e8me d\u2019optimisation des performances et de divers accessoires pratiques.<\/p>\n","protected":false},"featured_media":16122,"template":"","meta":[],"product_brand":[],"product_cat":[85,83],"product_tag":[],"class_list":{"0":"post-16049","1":"product","2":"type-product","3":"status-publish","4":"has-post-thumbnail","6":"product_cat-aspirateur-balai","7":"product_cat-entretien-du-sol","9":"first","10":"instock","11":"taxable","12":"shipping-taxable","13":"purchasable","14":"product-type-simple"},"yoast_head":"<!-- This site is optimized with the Yoast SEO plugin v24.8.1 - https:\/\/yoast.com\/wordpress\/plugins\/seo\/ -->\n<title>Aspirateur balai Dyson V11 Absolute Gris\/Bleu - CBS Electro<\/title>\n<meta name=\"robots\" content=\"index, follow, max-snippet:-1, max-image-preview:large, max-video-preview:-1\" \/>\n<link rel=\"canonical\" href=\"https:\/\/cbs-electro.com\/index.php\/produit\/aspirateur-balai-dyson-v11-absolute-gris-bleu\/\" \/>\n<meta property=\"og:locale\" content=\"fr_FR\" \/>\n<meta property=\"og:type\" content=\"article\" \/>\n<meta property=\"og:title\" content=\"Aspirateur balai Dyson V11 Absolute Gris\/Bleu - CBS Electro\" \/>\n<meta property=\"og:description\" content=\"Aspirateur balai V11 Absolute Dyson Gris\/Bleu. Il est \u00e9quip\u00e9 d\u2019un moteur puissant, d\u2019un syst\u00e8me d\u2019optimisation des performances et de divers accessoires pratiques.\" \/>\n<meta property=\"og:url\" content=\"https:\/\/cbs-electro.com\/index.php\/produit\/aspirateur-balai-dyson-v11-absolute-gris-bleu\/\" \/>\n<meta property=\"og:site_name\" content=\"CBS Electro\" \/>\n<meta property=\"article:modified_time\" content=\"2025-03-13T06:49:49+00:00\" \/>\n<meta property=\"og:image\" content=\"https:\/\/cbs-electro.com\/wp-content\/uploads\/2023\/11\/1-3-1.png\" \/>\n\t<meta property=\"og:image:width\" content=\"580\" \/>\n\t<meta property=\"og:image:height\" content=\"580\" \/>\n\t<meta property=\"og:image:type\" content=\"image\/png\" \/>\n<meta name=\"twitter:card\" content=\"summary_large_image\" \/>\n<meta name=\"twitter:label1\" content=\"Dur\u00e9e de lecture estim\u00e9e\" \/>\n\t<meta name=\"twitter:data1\" content=\"2 minutes\" \/>\n<script type=\"application\/ld+json\" class=\"yoast-schema-graph\">{\"@context\":\"https:\/\/schema.org\",\"@graph\":[{\"@type\":\"WebPage\",\"@id\":\"https:\/\/cbs-electro.com\/index.php\/produit\/aspirateur-balai-dyson-v11-absolute-gris-bleu\/\",\"url\":\"https:\/\/cbs-electro.com\/index.php\/produit\/aspirateur-balai-dyson-v11-absolute-gris-bleu\/\",\"name\":\"Aspirateur balai Dyson V11 Absolute Gris\/Bleu - CBS Electro\",\"isPartOf\":{\"@id\":\"https:\/\/www.cbs-electro.com\/#website\"},\"primaryImageOfPage\":{\"@id\":\"https:\/\/cbs-electro.com\/index.php\/produit\/aspirateur-balai-dyson-v11-absolute-gris-bleu\/#primaryimage\"},\"image\":{\"@id\":\"https:\/\/cbs-electro.com\/index.php\/produit\/aspirateur-balai-dyson-v11-absolute-gris-bleu\/#primaryimage\"},\"thumbnailUrl\":\"https:\/\/cbs-electro.com\/wp-content\/uploads\/2023\/11\/1-3-1.png\",\"datePublished\":\"2023-11-24T08:17:31+00:00\",\"dateModified\":\"2025-03-13T06:49:49+00:00\",\"breadcrumb\":{\"@id\":\"https:\/\/cbs-electro.com\/index.php\/produit\/aspirateur-balai-dyson-v11-absolute-gris-bleu\/#breadcrumb\"},\"inLanguage\":\"fr-FR\",\"potentialAction\":[{\"@type\":\"ReadAction\",\"target\":[\"https:\/\/cbs-electro.com\/index.php\/produit\/aspirateur-balai-dyson-v11-absolute-gris-bleu\/\"]}]},{\"@type\":\"ImageObject\",\"inLanguage\":\"fr-FR\",\"@id\":\"https:\/\/cbs-electro.com\/index.php\/produit\/aspirateur-balai-dyson-v11-absolute-gris-bleu\/#primaryimage\",\"url\":\"https:\/\/cbs-electro.com\/wp-content\/uploads\/2023\/11\/1-3-1.png\",\"contentUrl\":\"https:\/\/cbs-electro.com\/wp-content\/uploads\/2023\/11\/1-3-1.png\",\"width\":580,\"height\":580},{\"@type\":\"BreadcrumbList\",\"@id\":\"https:\/\/cbs-electro.com\/index.php\/produit\/aspirateur-balai-dyson-v11-absolute-gris-bleu\/#breadcrumb\",\"itemListElement\":[{\"@type\":\"ListItem\",\"position\":1,\"name\":\"Accueil\",\"item\":\"https:\/\/www.cbs-electro.com\/\"},{\"@type\":\"ListItem\",\"position\":2,\"name\":\"Boutique\",\"item\":\"https:\/\/www.cbs-electro.com\/index.php\/boutique\/\"},{\"@type\":\"ListItem\",\"position\":3,\"name\":\"Aspirateur balai Dyson V11 Absolute Gris\/Bleu\"}]},{\"@type\":\"WebSite\",\"@id\":\"https:\/\/www.cbs-electro.com\/#website\",\"url\":\"https:\/\/www.cbs-electro.com\/\",\"name\":\"CBS Electro\",\"description\":\"Vente des produits neufs - Informatique, Smartphones, livres, jeux vid\u00e9o, photos, jouets et \u00e9lectrom\u00e9nager\",\"potentialAction\":[{\"@type\":\"SearchAction\",\"target\":{\"@type\":\"EntryPoint\",\"urlTemplate\":\"https:\/\/www.cbs-electro.com\/?s={search_term_string}\"},\"query-input\":{\"@type\":\"PropertyValueSpecification\",\"valueRequired\":true,\"valueName\":\"search_term_string\"}}],\"inLanguage\":\"fr-FR\"}]}<\/script>\n<!-- \/ Yoast SEO plugin. -->","yoast_head_json":{"title":"Aspirateur balai Dyson V11 Absolute Gris\/Bleu - CBS Electro","robots":{"index":"index","follow":"follow","max-snippet":"max-snippet:-1","max-image-preview":"max-image-preview:large","max-video-preview":"max-video-preview:-1"},"canonical":"https:\/\/cbs-electro.com\/index.php\/produit\/aspirateur-balai-dyson-v11-absolute-gris-bleu\/","og_locale":"fr_FR","og_type":"article","og_title":"Aspirateur balai Dyson V11 Absolute Gris\/Bleu - CBS Electro","og_description":"Aspirateur balai V11 Absolute Dyson Gris\/Bleu. Il est \u00e9quip\u00e9 d\u2019un moteur puissant, d\u2019un syst\u00e8me d\u2019optimisation des performances et de divers accessoires pratiques.","og_url":"https:\/\/cbs-electro.com\/index.php\/produit\/aspirateur-balai-dyson-v11-absolute-gris-bleu\/","og_site_name":"CBS Electro","article_modified_time":"2025-03-13T06:49:49+00:00","og_image":[{"width":580,"height":580,"url":"https:\/\/cbs-electro.com\/wp-content\/uploads\/2023\/11\/1-3-1.png","type":"image\/png"}],"twitter_card":"summary_large_image","twitter_misc":{"Dur\u00e9e de lecture estim\u00e9e":"2 minutes"},"schema":{"@context":"https:\/\/schema.org","@graph":[{"@type":"WebPage","@id":"https:\/\/cbs-electro.com\/index.php\/produit\/aspirateur-balai-dyson-v11-absolute-gris-bleu\/","url":"https:\/\/cbs-electro.com\/index.php\/produit\/aspirateur-balai-dyson-v11-absolute-gris-bleu\/","name":"Aspirateur balai Dyson V11 Absolute Gris\/Bleu - CBS Electro","isPartOf":{"@id":"https:\/\/www.cbs-electro.com\/#website"},"primaryImageOfPage":{"@id":"https:\/\/cbs-electro.com\/index.php\/produit\/aspirateur-balai-dyson-v11-absolute-gris-bleu\/#primaryimage"},"image":{"@id":"https:\/\/cbs-electro.com\/index.php\/produit\/aspirateur-balai-dyson-v11-absolute-gris-bleu\/#primaryimage"},"thumbnailUrl":"https:\/\/cbs-electro.com\/wp-content\/uploads\/2023\/11\/1-3-1.png","datePublished":"2023-11-24T08:17:31+00:00","dateModified":"2025-03-13T06:49:49+00:00","breadcrumb":{"@id":"https:\/\/cbs-electro.com\/index.php\/produit\/aspirateur-balai-dyson-v11-absolute-gris-bleu\/#breadcrumb"},"inLanguage":"fr-FR","potentialAction":[{"@type":"ReadAction","target":["https:\/\/cbs-electro.com\/index.php\/produit\/aspirateur-balai-dyson-v11-absolute-gris-bleu\/"]}]},{"@type":"ImageObject","inLanguage":"fr-FR","@id":"https:\/\/cbs-electro.com\/index.php\/produit\/aspirateur-balai-dyson-v11-absolute-gris-bleu\/#primaryimage","url":"https:\/\/cbs-electro.com\/wp-content\/uploads\/2023\/11\/1-3-1.png","contentUrl":"https:\/\/cbs-electro.com\/wp-content\/uploads\/2023\/11\/1-3-1.png","width":580,"height":580},{"@type":"BreadcrumbList","@id":"https:\/\/cbs-electro.com\/index.php\/produit\/aspirateur-balai-dyson-v11-absolute-gris-bleu\/#breadcrumb","itemListElement":[{"@type":"ListItem","position":1,"name":"Accueil","item":"https:\/\/www.cbs-electro.com\/"},{"@type":"ListItem","position":2,"name":"Boutique","item":"https:\/\/www.cbs-electro.com\/index.php\/boutique\/"},{"@type":"ListItem","position":3,"name":"Aspirateur balai Dyson V11 Absolute Gris\/Bleu"}]},{"@type":"WebSite","@id":"https:\/\/www.cbs-electro.com\/#website","url":"https:\/\/www.cbs-electro.com\/","name":"CBS Electro","description":"Vente des produits neufs - Informatique, Smartphones, livres, jeux vid\u00e9o, photos, jouets et \u00e9lectrom\u00e9nager","potentialAction":[{"@type":"SearchAction","target":{"@type":"EntryPoint","urlTemplate":"https:\/\/www.cbs-electro.com\/?s={search_term_string}"},"query-input":{"@type":"PropertyValueSpecification","valueRequired":true,"valueName":"search_term_string"}}],"inLanguage":"fr-FR"}]}},"_links":{"self":[{"href":"https:\/\/cbs-electro.com\/index.php\/wp-json\/wp\/v2\/product\/16049","targetHints":{"allow":["GET"]}}],"collection":[{"href":"https:\/\/cbs-electro.com\/index.php\/wp-json\/wp\/v2\/product"}],"about":[{"href":"https:\/\/cbs-electro.com\/index.php\/wp-json\/wp\/v2\/types\/product"}],"version-history":[{"count":1,"href":"https:\/\/cbs-electro.com\/index.php\/wp-json\/wp\/v2\/product\/16049\/revisions"}],"predecessor-version":[{"id":16126,"href":"https:\/\/cbs-electro.com\/index.php\/wp-json\/wp\/v2\/product\/16049\/revisions\/16126"}],"wp:featuredmedia":[{"embeddable":true,"href":"https:\/\/cbs-electro.com\/index.php\/wp-json\/wp\/v2\/media\/16122"}],"wp:attachment":[{"href":"https:\/\/cbs-electro.com\/index.php\/wp-json\/wp\/v2\/media?parent=16049"}],"wp:term":[{"taxonomy":"product_brand","embeddable":true,"href":"https:\/\/cbs-electro.com\/index.php\/wp-json\/wp\/v2\/product_brand?post=16049"},{"taxonomy":"product_cat","embeddable":true,"href":"https:\/\/cbs-electro.com\/index.php\/wp-json\/wp\/v2\/product_cat?post=16049"},{"taxonomy":"product_tag","embeddable":true,"href":"https:\/\/cbs-electro.com\/index.php\/wp-json\/wp\/v2\/product_tag?post=16049"}],"curies":[{"name":"wp","href":"https:\/\/api.w.org\/{rel}","templated":true}]}}