{"id":16048,"date":"2023-11-24T09:17:31","date_gmt":"2023-11-24T08:17:31","guid":{"rendered":"https:\/?post_type=product&#038;p=16048"},"modified":"2023-11-24T09:17:50","modified_gmt":"2023-11-24T08:17:50","slug":"aspirateur-balai-dyson-v11-animal-plus-violet-2","status":"publish","type":"product","link":"https:\/\/cbs-electro.com\/index.php\/produit\/aspirateur-balai-dyson-v11-animal-plus-violet-2\/","title":{"rendered":"Aspirateur balai DYSON \u2013 V11 Animal Plus Violet"},"content":{"rendered":"<div id=\"productDescriptionSection\" class=\"description critical-in critical-out\">\n<div class=\"m-sectionPadding\">\n<div class=\"toggle\" data-target=\"description\">\n<div class=\"toggle-content\" role=\"toggle\">\n<h3 class=\"titleh3\">Description \u2013 DYSON\u00a0\u2013\u00a0V11 Animal Plus Violet<\/h3>\n<div class=\"warranty\">Garantie 2 ans<\/div>\n<div class=\"offerdesc\">\n<div><\/div>\n<div><\/div>\n<div id=\"originalProductDescription\">\n<section id=\"wm_section_body\" class=\"wm_section_body\">&nbsp;<\/p>\n<p><img decoding=\"async\" src=\"https:\/\/www.media-rdc.com\/medias\/0f18cbee0c7e3accbc6ee1c55996647a\/1.png\" alt=\"Aspirateur balai V11 Animal Plus Dyson Bleu\" width=\"400\" data-src=\"https:\/\/www.media-rdc.com\/medias\/0f18cbee0c7e3accbc6ee1c55996647a\/1.png\" data-lzled=\"true\" \/><\/p>\n<h4>Avantages Aspirateur balai V11 Animal Plus Dyson Violet :<\/h4>\n<ul>\n<li>Moteur puissant<\/li>\n<li>Utilisation sans fil<\/li>\n<li>Aspirateur \u00e0 main d\u00e9tachable<\/li>\n<li>Filtre HEPA<\/li>\n<li>Ecran LCD<\/li>\n<\/ul>\n<h4>Usage :<\/h4>\n<p>Cet aspirateur balai vous assiste dans vos t\u00e2ches m\u00e9nag\u00e8res quelle que soit leur ampleur. Ce mod\u00e8le est adapt\u00e9 pour aspirer les poussi\u00e8res sur les tapis, les moquettes, le plafond et tout type de sol.<\/p>\n<p><img decoding=\"async\" src=\"https:\/\/www.media-rdc.com\/medias\/656d62234c3e338e8e1e127bdc5994f8\/2.png?cimgnr=8EcXw\" alt=\"Aspirateur balai V11 Animal Plus Dyson Bleu\" width=\"600\" data-src=\"https:\/\/www.media-rdc.com\/medias\/656d62234c3e338e8e1e127bdc5994f8\/2.png?cimgnr=8EcXw\" data-lzled=\"true\" \/><\/p>\n<h5>Fourni avec des \u00e9quipements de pointe :<\/h5>\n<p>L\u2019aspirateur balai V11 Animal Plus de Dyson se d\u00e9marque des autres mod\u00e8les par la pr\u00e9sence d\u2019un\u00a0<strong>\u00e9cran LCD<\/strong>\u00a0qui facilite le r\u00e9glage des modes de nettoyage : Boost, Med et Eco. Cet \u00e9cran affiche aussi au fil de son utilisation\u00a0<strong>un rapport intelligent de la performance de l\u2019appareil.<\/strong><\/p>\n<p>Cet appareil \u00e9lectrom\u00e9nager embarque \u00e9galement un\u00a0<strong>moteur V11<\/strong>\u00a0\u00e0 la fois\u00a0<strong>puissant et ing\u00e9nieux<\/strong>. Son conduit est assez large pour laisser passer les grosses particules. La brosse \u00e0 entra\u00eenement direct est munie de poils rigides en nylon gain\u00e9s et de poils en fibre de carbone.\u00a0<strong>Adapt\u00e9 \u00e0 tout type de sol<\/strong>, cet accessoire d\u00e9colle la poussi\u00e8re sur les surfaces dures et toutes les salet\u00e9s incrust\u00e9es dans vos tapis et moquettes.\u00a0<strong>Le long suceur<\/strong>\u00a0et la\u00a0<strong>mini-brosse motoris\u00e9e<\/strong>\u00a0sont con\u00e7us pour le nettoyage des lieux \u00e9troits. Quant \u00e0 la\u00a0<strong>mini-brosse douce<\/strong>, elle est efficace sur les surfaces fragiles.<\/p>\n<p><img decoding=\"async\" src=\"https:\/\/www.media-rdc.com\/medias\/bf6e782a75e23d7dbf8571d6d2e1c7c2\/3.png?cimgnr=Eq04Y\" alt=\"Aspirateur balai V11 Animal Plus Dyson Bleu\" width=\"600\" data-src=\"https:\/\/www.media-rdc.com\/medias\/bf6e782a75e23d7dbf8571d6d2e1c7c2\/3.png?cimgnr=Eq04Y\" data-lzled=\"true\" \/><\/p>\n<h5>Fonctionne efficacement :<\/h5>\n<p>L\u2019aspirateur balai V11 Animal Plus assure sa mission sur la base de la\u00a0<strong>technologie d\u2019aspiration multicyclonique.<\/strong>\u00a0En effet, il est \u00e9quip\u00e9 de 14 cyclones qui g\u00e9n\u00e8rent des mouvements de rotation, dont l\u2019acc\u00e9l\u00e9ration va jusqu\u2019\u00e0 79 000G. Cet appareil d\u00e9livre une\u00a0<strong>puissance maximale de 545 Watts.<\/strong>\u00a0Avec sa batterie en Lithium dot\u00e9e de sept cellules, il\u00a0<strong>peut fonctionner continuellement pendant 60 minutes.<\/strong><\/p>\n<p>Gr\u00e2ce au\u00a0<strong>filtre HEPA<\/strong>\u00a0int\u00e9gr\u00e9, ce mod\u00e8le aspire et emprisonne m\u00eame les plus petites particules comme les bact\u00e9ries et les pollens. Ainsi, avec cet aspirateur balai, vous profitez d\u2019un sol et d\u2019un tapis propres. En plus, vous respirez un air plus sain.<\/p>\n<p><img decoding=\"async\" src=\"https:\/\/www.media-rdc.com\/medias\/46ff7ca773743dab8509b2b022a777d0\/4.png?cimgnr=DS8wl\" alt=\"Aspirateur balai V11 Animal Plus Dyson Bleu\" width=\"600\" data-src=\"https:\/\/www.media-rdc.com\/medias\/46ff7ca773743dab8509b2b022a777d0\/4.png?cimgnr=DS8wl\" data-lzled=\"true\" \/><\/p>\n<h4>Caract\u00e9ristiques :<\/h4>\n<ul>\n<li>Technologie d\u2019aspiration : multicyclonique<\/li>\n<li>Moteur : moteur num\u00e9rique V11<\/li>\n<li>Puissance maximale : 545 W<\/li>\n<li>Puissance : 29,4 V<\/li>\n<li>Batterie : Lithium<\/li>\n<li>Autonomie : 60 min<\/li>\n<li>Temps de charge : 4 h 18 min<\/li>\n<li>Nombre de vitesses : 2 vitesses et 1 booster<\/li>\n<li>Capacit\u00e9 du sac\/bac : 0,8 L<\/li>\n<li>Brosse principale : brosse motoris\u00e9e<\/li>\n<li>Niveau sonore : 74 dB<\/li>\n<li>Poids net : 2 kg<\/li>\n<li>Coloris : Violet<\/li>\n<li>Dimensions : 26,1 x 126,1 x 25 cm<\/li>\n<\/ul>\n<\/section>\n<\/div>\n<\/div>\n<\/div>\n<\/div>\n<div class=\"showDesktop ops-block\">\n<div id=\"js-pubDescription\" class=\"m-banniereIAB__MTF\"><\/div>\n<\/div>\n<\/div>\n<\/div>\n<div id=\"productAttributesSection\" class=\"attributes critical-in critical-out\">\n<div class=\"a-blockNavigation\"><\/div>\n<div class=\"m-sectionPadding\">\n<div class=\"toggle\" data-target=\"fiche-technique\">\n<div id=\"blocAttributes\" class=\"toggle-content\" role=\"toggle\">\n<h3 class=\"titleh3\">Fiche technique \u2013 DYSON\u00a0\u2013\u00a0V11 Animal Plus Violet<\/h3>\n<ul class=\"liste-attibutes\">\n<li>\n<div class=\"spec-title\">Couleur<\/div>\n<div class=\"spec\">Violet<\/div>\n<\/li>\n<li>\n<div class=\"spec-title\">Profondeur<\/div>\n<div class=\"spec\">25<\/div>\n<\/li>\n<li>\n<div class=\"spec-title\">Hauteur<\/div>\n<div class=\"spec\">126.1<\/div>\n<\/li>\n<li>\n<div class=\"spec-title\">Position parking<\/div>\n<div class=\"spec\">Sans position parking<\/div>\n<\/li>\n<li>\n<div class=\"spec-title\">Support de charge<\/div>\n<div class=\"spec\">Station murale<\/div>\n<\/li>\n<li>\n<div class=\"spec-title\">Brosse \u00e9clair\u00e9e<\/div>\n<div class=\"spec\">Brosse non-\u00e9clair\u00e9e<\/div>\n<\/li>\n<li>\n<div class=\"spec-title\">Aspirateur \u00e0 main int\u00e9gr\u00e9<\/div>\n<div class=\"spec\">Avec aspirateur \u00e0 main<\/div>\n<\/li>\n<li>\n<div class=\"spec-title\">Temps de charge<\/div>\n<div class=\"spec\">4<\/div>\n<\/li>\n<li>\n<div class=\"spec-title\">Accessoires d\u2019aspirateur<\/div>\n<div class=\"spec\">Autres brosses sp\u00e9cifiques<\/div>\n<\/li>\n<li>\n<div class=\"spec-title\">Fonction de l\u2019aspirateur<\/div>\n<div class=\"spec\">Aspirant<\/div>\n<\/li>\n<li>\n<div class=\"spec-title\">Poids<\/div>\n<div class=\"spec\">2<\/div>\n<\/li>\n<li>\n<div class=\"spec-title\">Sans fil<\/div>\n<div class=\"spec\">Sans fil<\/div>\n<\/li>\n<li>\n<div class=\"spec-title\">Capacit\u00e9<\/div>\n<div class=\"spec\">8<\/div>\n<\/li>\n<li>\n<div class=\"spec-title\">Sac<\/div>\n<div class=\"spec\">Sans sac<\/div>\n<\/li>\n<li>\n<div class=\"spec-title\">Connect\u00e9<\/div>\n<div class=\"spec\">Non connect\u00e9<\/div>\n<\/li>\n<li>\n<div class=\"spec-title\">Type de batterie<\/div>\n<div class=\"spec\">Batterie<\/div>\n<\/li>\n<li>\n<div class=\"spec-title\">Contenance<\/div>\n<div class=\"spec\">8<\/div>\n<\/li>\n<li>\n<div class=\"spec-title\">Autonomie<\/div>\n<div class=\"spec\">60<\/div>\n<\/li>\n<li>\n<div class=\"spec-title\">Niveau sonore<\/div>\n<div class=\"spec\">74<\/div>\n<\/li>\n<li>\n<div class=\"spec-title\">Puissance (Volt)<\/div>\n<div class=\"spec\">29.4<\/div>\n<\/li>\n<\/ul>\n<\/div>\n<\/div>\n<\/div>\n<\/div>\n<ul class=\"liste-attibutes\">\n<li>\n<div class=\"spec-title\">Couleur<\/div>\n<div class=\"spec\">Violet<\/div>\n<\/li>\n<li>\n<div class=\"spec-title\">Profondeur<\/div>\n<div class=\"spec\">25<\/div>\n<\/li>\n<li>\n<div class=\"spec-title\">Hauteur<\/div>\n<div class=\"spec\">126.1<\/div>\n<\/li>\n<li>\n<div class=\"spec-title\">Position parking<\/div>\n<div class=\"spec\">Sans position parking<\/div>\n<\/li>\n<\/ul>\n","protected":false},"excerpt":{"rendered":"<p>Aspirateur balai V11 Animal Plus Dyson Violet, dot\u00e9 d\u2019\u00e9quipements avanc\u00e9s tels que l\u2019\u00e9cran LCD et le moteur puissant. Il reste pratique gr\u00e2ce \u00e0 sa conception sans fil et sans sac<\/p>\n","protected":false},"featured_media":16117,"template":"","meta":[],"product_brand":[],"product_cat":[85,83],"product_tag":[],"class_list":{"0":"post-16048","1":"product","2":"type-product","3":"status-publish","4":"has-post-thumbnail","6":"product_cat-aspirateur-balai","7":"product_cat-entretien-du-sol","9":"first","10":"instock","11":"sale","12":"taxable","13":"shipping-taxable","14":"purchasable","15":"product-type-simple"},"yoast_head":"<!-- This site is optimized with the Yoast SEO plugin v24.8.1 - https:\/\/yoast.com\/wordpress\/plugins\/seo\/ -->\n<title>Aspirateur balai DYSON \u2013 V11 Animal Plus Violet - CBS Electro<\/title>\n<meta name=\"robots\" content=\"index, follow, max-snippet:-1, max-image-preview:large, max-video-preview:-1\" \/>\n<link rel=\"canonical\" href=\"https:\/\/cbs-electro.com\/index.php\/produit\/aspirateur-balai-dyson-v11-animal-plus-violet-2\/\" \/>\n<meta property=\"og:locale\" content=\"fr_FR\" \/>\n<meta property=\"og:type\" content=\"article\" \/>\n<meta property=\"og:title\" content=\"Aspirateur balai DYSON \u2013 V11 Animal Plus Violet - CBS Electro\" \/>\n<meta property=\"og:description\" content=\"Aspirateur balai V11 Animal Plus Dyson Violet, dot\u00e9 d\u2019\u00e9quipements avanc\u00e9s tels que l\u2019\u00e9cran LCD et le moteur puissant. Il reste pratique gr\u00e2ce \u00e0 sa conception sans fil et sans sac\" \/>\n<meta property=\"og:url\" content=\"https:\/\/cbs-electro.com\/index.php\/produit\/aspirateur-balai-dyson-v11-animal-plus-violet-2\/\" \/>\n<meta property=\"og:site_name\" content=\"CBS Electro\" \/>\n<meta property=\"article:modified_time\" content=\"2023-11-24T08:17:50+00:00\" \/>\n<meta property=\"og:image\" content=\"https:\/\/cbs-electro.com\/wp-content\/uploads\/2023\/11\/1-2-1-1.png\" \/>\n\t<meta property=\"og:image:width\" content=\"580\" \/>\n\t<meta property=\"og:image:height\" content=\"580\" \/>\n\t<meta property=\"og:image:type\" content=\"image\/png\" \/>\n<meta name=\"twitter:card\" content=\"summary_large_image\" \/>\n<meta name=\"twitter:label1\" content=\"Dur\u00e9e de lecture estim\u00e9e\" \/>\n\t<meta name=\"twitter:data1\" content=\"2 minutes\" \/>\n<script type=\"application\/ld+json\" class=\"yoast-schema-graph\">{\"@context\":\"https:\/\/schema.org\",\"@graph\":[{\"@type\":\"WebPage\",\"@id\":\"https:\/\/cbs-electro.com\/index.php\/produit\/aspirateur-balai-dyson-v11-animal-plus-violet-2\/\",\"url\":\"https:\/\/cbs-electro.com\/index.php\/produit\/aspirateur-balai-dyson-v11-animal-plus-violet-2\/\",\"name\":\"Aspirateur balai DYSON \u2013 V11 Animal Plus Violet - CBS Electro\",\"isPartOf\":{\"@id\":\"https:\/\/www.cbs-electro.com\/#website\"},\"primaryImageOfPage\":{\"@id\":\"https:\/\/cbs-electro.com\/index.php\/produit\/aspirateur-balai-dyson-v11-animal-plus-violet-2\/#primaryimage\"},\"image\":{\"@id\":\"https:\/\/cbs-electro.com\/index.php\/produit\/aspirateur-balai-dyson-v11-animal-plus-violet-2\/#primaryimage\"},\"thumbnailUrl\":\"https:\/\/cbs-electro.com\/wp-content\/uploads\/2023\/11\/1-2-1-1.png\",\"datePublished\":\"2023-11-24T08:17:31+00:00\",\"dateModified\":\"2023-11-24T08:17:50+00:00\",\"breadcrumb\":{\"@id\":\"https:\/\/cbs-electro.com\/index.php\/produit\/aspirateur-balai-dyson-v11-animal-plus-violet-2\/#breadcrumb\"},\"inLanguage\":\"fr-FR\",\"potentialAction\":[{\"@type\":\"ReadAction\",\"target\":[\"https:\/\/cbs-electro.com\/index.php\/produit\/aspirateur-balai-dyson-v11-animal-plus-violet-2\/\"]}]},{\"@type\":\"ImageObject\",\"inLanguage\":\"fr-FR\",\"@id\":\"https:\/\/cbs-electro.com\/index.php\/produit\/aspirateur-balai-dyson-v11-animal-plus-violet-2\/#primaryimage\",\"url\":\"https:\/\/cbs-electro.com\/wp-content\/uploads\/2023\/11\/1-2-1-1.png\",\"contentUrl\":\"https:\/\/cbs-electro.com\/wp-content\/uploads\/2023\/11\/1-2-1-1.png\",\"width\":580,\"height\":580},{\"@type\":\"BreadcrumbList\",\"@id\":\"https:\/\/cbs-electro.com\/index.php\/produit\/aspirateur-balai-dyson-v11-animal-plus-violet-2\/#breadcrumb\",\"itemListElement\":[{\"@type\":\"ListItem\",\"position\":1,\"name\":\"Accueil\",\"item\":\"https:\/\/www.cbs-electro.com\/\"},{\"@type\":\"ListItem\",\"position\":2,\"name\":\"Boutique\",\"item\":\"https:\/\/www.cbs-electro.com\/index.php\/boutique\/\"},{\"@type\":\"ListItem\",\"position\":3,\"name\":\"Aspirateur balai DYSON \u2013 V11 Animal Plus Violet\"}]},{\"@type\":\"WebSite\",\"@id\":\"https:\/\/www.cbs-electro.com\/#website\",\"url\":\"https:\/\/www.cbs-electro.com\/\",\"name\":\"CBS Electro\",\"description\":\"Vente des produits neufs - Informatique, Smartphones, livres, jeux vid\u00e9o, photos, jouets et \u00e9lectrom\u00e9nager\",\"potentialAction\":[{\"@type\":\"SearchAction\",\"target\":{\"@type\":\"EntryPoint\",\"urlTemplate\":\"https:\/\/www.cbs-electro.com\/?s={search_term_string}\"},\"query-input\":{\"@type\":\"PropertyValueSpecification\",\"valueRequired\":true,\"valueName\":\"search_term_string\"}}],\"inLanguage\":\"fr-FR\"}]}<\/script>\n<!-- \/ Yoast SEO plugin. -->","yoast_head_json":{"title":"Aspirateur balai DYSON \u2013 V11 Animal Plus Violet - CBS Electro","robots":{"index":"index","follow":"follow","max-snippet":"max-snippet:-1","max-image-preview":"max-image-preview:large","max-video-preview":"max-video-preview:-1"},"canonical":"https:\/\/cbs-electro.com\/index.php\/produit\/aspirateur-balai-dyson-v11-animal-plus-violet-2\/","og_locale":"fr_FR","og_type":"article","og_title":"Aspirateur balai DYSON \u2013 V11 Animal Plus Violet - CBS Electro","og_description":"Aspirateur balai V11 Animal Plus Dyson Violet, dot\u00e9 d\u2019\u00e9quipements avanc\u00e9s tels que l\u2019\u00e9cran LCD et le moteur puissant. Il reste pratique gr\u00e2ce \u00e0 sa conception sans fil et sans sac","og_url":"https:\/\/cbs-electro.com\/index.php\/produit\/aspirateur-balai-dyson-v11-animal-plus-violet-2\/","og_site_name":"CBS Electro","article_modified_time":"2023-11-24T08:17:50+00:00","og_image":[{"width":580,"height":580,"url":"https:\/\/cbs-electro.com\/wp-content\/uploads\/2023\/11\/1-2-1-1.png","type":"image\/png"}],"twitter_card":"summary_large_image","twitter_misc":{"Dur\u00e9e de lecture estim\u00e9e":"2 minutes"},"schema":{"@context":"https:\/\/schema.org","@graph":[{"@type":"WebPage","@id":"https:\/\/cbs-electro.com\/index.php\/produit\/aspirateur-balai-dyson-v11-animal-plus-violet-2\/","url":"https:\/\/cbs-electro.com\/index.php\/produit\/aspirateur-balai-dyson-v11-animal-plus-violet-2\/","name":"Aspirateur balai DYSON \u2013 V11 Animal Plus Violet - CBS Electro","isPartOf":{"@id":"https:\/\/www.cbs-electro.com\/#website"},"primaryImageOfPage":{"@id":"https:\/\/cbs-electro.com\/index.php\/produit\/aspirateur-balai-dyson-v11-animal-plus-violet-2\/#primaryimage"},"image":{"@id":"https:\/\/cbs-electro.com\/index.php\/produit\/aspirateur-balai-dyson-v11-animal-plus-violet-2\/#primaryimage"},"thumbnailUrl":"https:\/\/cbs-electro.com\/wp-content\/uploads\/2023\/11\/1-2-1-1.png","datePublished":"2023-11-24T08:17:31+00:00","dateModified":"2023-11-24T08:17:50+00:00","breadcrumb":{"@id":"https:\/\/cbs-electro.com\/index.php\/produit\/aspirateur-balai-dyson-v11-animal-plus-violet-2\/#breadcrumb"},"inLanguage":"fr-FR","potentialAction":[{"@type":"ReadAction","target":["https:\/\/cbs-electro.com\/index.php\/produit\/aspirateur-balai-dyson-v11-animal-plus-violet-2\/"]}]},{"@type":"ImageObject","inLanguage":"fr-FR","@id":"https:\/\/cbs-electro.com\/index.php\/produit\/aspirateur-balai-dyson-v11-animal-plus-violet-2\/#primaryimage","url":"https:\/\/cbs-electro.com\/wp-content\/uploads\/2023\/11\/1-2-1-1.png","contentUrl":"https:\/\/cbs-electro.com\/wp-content\/uploads\/2023\/11\/1-2-1-1.png","width":580,"height":580},{"@type":"BreadcrumbList","@id":"https:\/\/cbs-electro.com\/index.php\/produit\/aspirateur-balai-dyson-v11-animal-plus-violet-2\/#breadcrumb","itemListElement":[{"@type":"ListItem","position":1,"name":"Accueil","item":"https:\/\/www.cbs-electro.com\/"},{"@type":"ListItem","position":2,"name":"Boutique","item":"https:\/\/www.cbs-electro.com\/index.php\/boutique\/"},{"@type":"ListItem","position":3,"name":"Aspirateur balai DYSON \u2013 V11 Animal Plus Violet"}]},{"@type":"WebSite","@id":"https:\/\/www.cbs-electro.com\/#website","url":"https:\/\/www.cbs-electro.com\/","name":"CBS Electro","description":"Vente des produits neufs - Informatique, Smartphones, livres, jeux vid\u00e9o, photos, jouets et \u00e9lectrom\u00e9nager","potentialAction":[{"@type":"SearchAction","target":{"@type":"EntryPoint","urlTemplate":"https:\/\/www.cbs-electro.com\/?s={search_term_string}"},"query-input":{"@type":"PropertyValueSpecification","valueRequired":true,"valueName":"search_term_string"}}],"inLanguage":"fr-FR"}]}},"_links":{"self":[{"href":"https:\/\/cbs-electro.com\/index.php\/wp-json\/wp\/v2\/product\/16048","targetHints":{"allow":["GET"]}}],"collection":[{"href":"https:\/\/cbs-electro.com\/index.php\/wp-json\/wp\/v2\/product"}],"about":[{"href":"https:\/\/cbs-electro.com\/index.php\/wp-json\/wp\/v2\/types\/product"}],"version-history":[{"count":1,"href":"https:\/\/cbs-electro.com\/index.php\/wp-json\/wp\/v2\/product\/16048\/revisions"}],"predecessor-version":[{"id":16121,"href":"https:\/\/cbs-electro.com\/index.php\/wp-json\/wp\/v2\/product\/16048\/revisions\/16121"}],"wp:featuredmedia":[{"embeddable":true,"href":"https:\/\/cbs-electro.com\/index.php\/wp-json\/wp\/v2\/media\/16117"}],"wp:attachment":[{"href":"https:\/\/cbs-electro.com\/index.php\/wp-json\/wp\/v2\/media?parent=16048"}],"wp:term":[{"taxonomy":"product_brand","embeddable":true,"href":"https:\/\/cbs-electro.com\/index.php\/wp-json\/wp\/v2\/product_brand?post=16048"},{"taxonomy":"product_cat","embeddable":true,"href":"https:\/\/cbs-electro.com\/index.php\/wp-json\/wp\/v2\/product_cat?post=16048"},{"taxonomy":"product_tag","embeddable":true,"href":"https:\/\/cbs-electro.com\/index.php\/wp-json\/wp\/v2\/product_tag?post=16048"}],"curies":[{"name":"wp","href":"https:\/\/api.w.org\/{rel}","templated":true}]}}