{"id":15926,"date":"2023-11-24T04:03:09","date_gmt":"2023-11-24T03:03:09","guid":{"rendered":"https:\/?post_type=product&#038;p=15926"},"modified":"2025-03-13T09:35:12","modified_gmt":"2025-03-13T08:35:12","slug":"lave-linge-hublot-sharp-eshfa6123wd","status":"publish","type":"product","link":"https:\/\/cbs-electro.com\/index.php\/produit\/lave-linge-hublot-sharp-eshfa6123wd\/","title":{"rendered":"Lave-linge hublot SHARP ESHFA6123WD"},"content":{"rendered":"<header class=\"title-block cursor-pointer text-uppercase\">\n<h2 role=\"button\" data-toggle=\"collapse\">CARACT\u00c9RISTIQUES<\/h2>\n<\/header>\n<div id=\"characteristics\" class=\"collapse show\">\n<table class=\"characteristics-table\">\n<tbody>\n<tr>\n<td class=\"characteristics-title\" colspan=\"2\">GENERAL<\/td>\n<\/tr>\n<tr>\n<td class=\"characteristics-label\">Type<\/td>\n<td class=\"characteristics-value\">Lave-linge frontal<\/td>\n<\/tr>\n<tr>\n<td class=\"characteristics-label\">Fonction s\u00e9chage<\/td>\n<td class=\"characteristics-value\">Non<\/td>\n<\/tr>\n<tr>\n<td class=\"characteristics-label\">Type de chargement<\/td>\n<td class=\"characteristics-value\">Frontal<\/td>\n<\/tr>\n<tr>\n<td class=\"characteristics-label\">Capacit\u00e9 de lavage<\/td>\n<td class=\"characteristics-value\">6 kg<\/td>\n<\/tr>\n<tr>\n<td class=\"characteristics-label\">Classe d&rsquo;efficacit\u00e9 \u00e9nerg\u00e9tique<\/td>\n<td class=\"characteristics-value\">D<\/td>\n<\/tr>\n<tr>\n<td class=\"characteristics-label\">Classe d&rsquo;efficacit\u00e9 de lavage<\/td>\n<td class=\"characteristics-value\">A<\/td>\n<\/tr>\n<tr>\n<td class=\"characteristics-label\">Vitesse d&rsquo;essorage<\/td>\n<td class=\"characteristics-value\">1200 tours\/min<\/td>\n<\/tr>\n<tr>\n<td class=\"characteristics-label\">Classe d&rsquo;efficacit\u00e9 d&rsquo;essorage<\/td>\n<td class=\"characteristics-value\">B<\/td>\n<\/tr>\n<tr>\n<td class=\"characteristics-label\">Niveau sonore lavage (dB)<\/td>\n<td class=\"characteristics-value\">58<\/td>\n<\/tr>\n<tr>\n<td class=\"characteristics-label\">Niveau sonore max.(dB)<\/td>\n<td class=\"characteristics-value\">78<\/td>\n<\/tr>\n<tr>\n<td class=\"characteristics-label\">Classe d&rsquo;\u00e9mission de bruit (en essorage)<\/td>\n<td class=\"characteristics-value\">C<\/td>\n<\/tr>\n<tr>\n<td class=\"characteristics-label\">Conso. \u00e9nergie \/100 cycles (kWh)<\/td>\n<td class=\"characteristics-value\">65<\/td>\n<\/tr>\n<tr>\n<td class=\"characteristics-label\">Conso. eau cycle \u00a0\u00bbEco 40-60\u00a0\u00bb (L\/cycle)<\/td>\n<td class=\"characteristics-value\">43<\/td>\n<\/tr>\n<tr>\n<td class=\"characteristics-label\">Dur\u00e9e cycle \u00a0\u00bbEco 40-60\u00a0\u00bb (h:min)<\/td>\n<td class=\"characteristics-value\">3:13<\/td>\n<\/tr>\n<tr>\n<td class=\"characteristics-label\">Volume tambour (L)<\/td>\n<td class=\"characteristics-value\">44<\/td>\n<\/tr>\n<tr>\n<td class=\"characteristics-label\">Lave-linge connect\u00e9<\/td>\n<td class=\"characteristics-value\">Non<\/td>\n<\/tr>\n<tr>\n<td class=\"characteristics-label\">Programmateur \u00e9lectronique<\/td>\n<td class=\"characteristics-value\">Oui<\/td>\n<\/tr>\n<tr>\n<td class=\"characteristics-label\">Couleur<\/td>\n<td class=\"characteristics-value\">Blanc<\/td>\n<\/tr>\n<tr>\n<td class=\"characteristics-title\" colspan=\"2\">PROGRAMMES<\/td>\n<\/tr>\n<tr>\n<td class=\"characteristics-label\">Nbre de programmes<\/td>\n<td class=\"characteristics-value\">15<\/td>\n<\/tr>\n<tr>\n<td class=\"characteristics-title\" colspan=\"2\">TOUCHES \/ OPTIONS<\/td>\n<\/tr>\n<tr>\n<td class=\"characteristics-label\">D\u00e9part diff\u00e9r\u00e9<\/td>\n<td class=\"characteristics-value\">Oui<\/td>\n<\/tr>\n<tr>\n<td class=\"characteristics-label\">Fin diff\u00e9r\u00e9e<\/td>\n<td class=\"characteristics-value\">Non<\/td>\n<\/tr>\n<tr>\n<td class=\"characteristics-label\">Repassage facile<\/td>\n<td class=\"characteristics-value\">Oui<\/td>\n<\/tr>\n<tr>\n<td class=\"characteristics-label\">Touches sp\u00e9ciales<\/td>\n<td class=\"characteristics-value\">EcoLogic, Anti-allergie<\/td>\n<\/tr>\n<tr>\n<td class=\"characteristics-title\" colspan=\"2\">ECRAN &amp; AFFICHAGE<\/td>\n<\/tr>\n<tr>\n<td class=\"characteristics-label\">Ecran<\/td>\n<td class=\"characteristics-value\">Oui<\/td>\n<\/tr>\n<tr>\n<td class=\"characteristics-title\" colspan=\"2\">SECURITES<\/td>\n<\/tr>\n<tr>\n<td class=\"characteristics-label\">S\u00e9curit\u00e9 anti-d\u00e9bordement<\/td>\n<td class=\"characteristics-value\">Oui<\/td>\n<\/tr>\n<tr>\n<td class=\"characteristics-label\">D\u00e9tecteur anti-balourd<\/td>\n<td class=\"characteristics-value\">Oui<\/td>\n<\/tr>\n<tr>\n<td class=\"characteristics-label\">D\u00e9tecteur anti-mousse<\/td>\n<td class=\"characteristics-value\">Oui<\/td>\n<\/tr>\n<tr>\n<td class=\"characteristics-label\">S\u00e9curit\u00e9 enfant<\/td>\n<td class=\"characteristics-value\">Oui<\/td>\n<\/tr>\n<tr>\n<td class=\"characteristics-title\" colspan=\"2\">DIMENSIONS &amp; POIDS<\/td>\n<\/tr>\n<tr>\n<td class=\"characteristics-label\">Hauteur (cm)<\/td>\n<td class=\"characteristics-value\">84.5<\/td>\n<\/tr>\n<tr>\n<td class=\"characteristics-label\">Largeur (cm)<\/td>\n<td class=\"characteristics-value\">59.7<\/td>\n<\/tr>\n<tr>\n<td class=\"characteristics-label\">Profondeur (cm)<\/td>\n<td class=\"characteristics-value\">49.7<\/td>\n<\/tr>\n<tr>\n<td class=\"characteristics-label\">Poids (kg)<\/td>\n<td class=\"characteristics-value\">64<\/td>\n<\/tr>\n<tr>\n<td class=\"characteristics-title\" colspan=\"2\">NORMES EUROPEENNES (Mars 2021)<\/td>\n<\/tr>\n<tr>\n<td class=\"characteristics-label\">Capacit\u00e9 nominale programme \u00ab\u00a0Eco 40-60\u00a0\u00bb (kg)<\/td>\n<td class=\"characteristics-value\">6<\/td>\n<\/tr>\n<tr>\n<td class=\"characteristics-label\">IEE<\/td>\n<td class=\"characteristics-value\">80<\/td>\n<\/tr>\n<tr>\n<td class=\"characteristics-label\">Classe d&rsquo;efficacit\u00e9 \u00e9nerg\u00e9tique<\/td>\n<td class=\"characteristics-value\">D<\/td>\n<\/tr>\n<tr>\n<td class=\"characteristics-label\">Indice d&rsquo;efficacit\u00e9 de lavage<\/td>\n<td class=\"characteristics-value\">1.04<\/td>\n<\/tr>\n<tr>\n<td class=\"characteristics-label\">Efficacit\u00e9 de rin\u00e7age (g\/kg)<\/td>\n<td class=\"characteristics-value\">5<\/td>\n<\/tr>\n<tr>\n<td class=\"characteristics-label\">Conso. d&rsquo;\u00e9nergie pond\u00e9r\u00e9e pour 100 cycles (kWh)<\/td>\n<td class=\"characteristics-value\">65<\/td>\n<\/tr>\n<tr>\n<td class=\"characteristics-label\">Conso. d&rsquo;\u00e9nergie cycle lavage \u00a0\u00bbEco 40-60\u00a0\u00bb (kWh)<\/td>\n<td class=\"characteristics-value\">0.648<\/td>\n<\/tr>\n<tr>\n<td class=\"characteristics-label\">Conso. d&rsquo;eau pond\u00e9r\u00e9e par cycle (litres)<\/td>\n<td class=\"characteristics-value\">43<\/td>\n<\/tr>\n<tr>\n<td class=\"characteristics-label\">Temp. max. (\u00b0C) \u00e0 l&rsquo;int\u00e9rieur du textile trait\u00e9 (capacit\u00e9 nominale)<\/td>\n<td class=\"characteristics-value\">44<\/td>\n<\/tr>\n<tr>\n<td class=\"characteristics-label\">Temp. max. (\u00b0C) \u00e0 l&rsquo;int\u00e9rieur du textile trait\u00e9 (moiti\u00e9)<\/td>\n<td class=\"characteristics-value\">36<\/td>\n<\/tr>\n<tr>\n<td class=\"characteristics-label\">Temp. max. (\u00b0C) \u00e0 l&rsquo;int\u00e9rieur du textile trait\u00e9 (quart)<\/td>\n<td class=\"characteristics-value\">26<\/td>\n<\/tr>\n<tr>\n<td class=\"characteristics-label\">Taux d&rsquo;humidit\u00e9 r\u00e9siduelle pond\u00e9r\u00e9 (%)<\/td>\n<td class=\"characteristics-value\">53<\/td>\n<\/tr>\n<tr>\n<td class=\"characteristics-label\">Vitesse d&rsquo;essorage (t\/min)<\/td>\n<td class=\"characteristics-value\">1200<\/td>\n<\/tr>\n<tr>\n<td class=\"characteristics-label\">Classe d&rsquo;efficacit\u00e9 d&rsquo;essorage<\/td>\n<td class=\"characteristics-value\">B<\/td>\n<\/tr>\n<tr>\n<td class=\"characteristics-label\">Dur\u00e9e du programme \u00a0\u00bbEco 40-60\u00a0\u00bb capacit\u00e9 nominale (h:min)<\/td>\n<td class=\"characteristics-value\">3:13<\/td>\n<\/tr>\n<tr>\n<td class=\"characteristics-label\">Dur\u00e9e du programme \u00a0\u00bbEco 40-60\u00a0\u00bb moiti\u00e9 (h:min)<\/td>\n<td class=\"characteristics-value\">2:34<\/td>\n<\/tr>\n<tr>\n<td class=\"characteristics-label\">Dur\u00e9e du programme \u00a0\u00bbEco 40-60\u00a0\u00bb quart (h:min)<\/td>\n<td class=\"characteristics-value\">2:32<\/td>\n<\/tr>\n<tr>\n<td class=\"characteristics-label\">Emissions de bruit acoustique dans l&rsquo;air (dB(A))<\/td>\n<td class=\"characteristics-value\">78<\/td>\n<\/tr>\n<tr>\n<td class=\"characteristics-label\">Classe d&rsquo;\u00e9mission de bruit acoustique dans l&rsquo;air<\/td>\n<td class=\"characteristics-value\">C<\/td>\n<\/tr>\n<tr>\n<td class=\"characteristics-label\">Mode arr\u00eat (W)<\/td>\n<td class=\"characteristics-value\">0.5<\/td>\n<\/tr>\n<tr>\n<td class=\"characteristics-label\">Mode veille (W)<\/td>\n<td class=\"characteristics-value\">1<\/td>\n<\/tr>\n<tr>\n<td class=\"characteristics-label\">D\u00e9marrage diff\u00e9r\u00e9 (W)<\/td>\n<td class=\"characteristics-value\">4<\/td>\n<\/tr>\n<tr>\n<td class=\"characteristics-label\">Type de construction<\/td>\n<td class=\"characteristics-value\">Pose libre<\/td>\n<\/tr>\n<tr>\n<td class=\"characteristics-title\" colspan=\"2\">PIECES DETACHEES ET REPARABILITES<\/td>\n<\/tr>\n<tr>\n<td class=\"characteristics-label\">Disponibilit\u00e9 pi\u00e8ces d\u00e9tach\u00e9es (an)<\/td>\n<td class=\"characteristics-value\">006<\/td>\n<\/tr>\n<tr>\n<td class=\"characteristics-label\">Indice de r\u00e9parabilit\u00e9 (Note \/10)<\/td>\n<td class=\"characteristics-value\">6.3<\/td>\n<\/tr>\n<tr>\n<td class=\"characteristics-label\">Date d&rsquo;effet<\/td>\n<td class=\"characteristics-value\">Achat du Consommateur<\/td>\n<\/tr>\n<\/tbody>\n<\/table>\n<\/div>\n","protected":false},"excerpt":{"rendered":"<p>CARACT\u00c9RISTIQUES GENERAL Type Lave-linge frontal Fonction s\u00e9chage Non Type de chargement Frontal Capacit\u00e9 de lavage 6 kg Classe d&rsquo;efficacit\u00e9 \u00e9nerg\u00e9tique<\/p>\n","protected":false},"featured_media":15927,"template":"","meta":[],"product_brand":[],"product_cat":[81,87,185],"product_tag":[],"class_list":{"0":"post-15926","1":"product","2":"type-product","3":"status-publish","4":"has-post-thumbnail","6":"product_cat-gros-electromenagers","7":"product_cat-lave-linge","8":"product_cat-lave-linge-hublot","10":"first","11":"instock","12":"taxable","13":"shipping-taxable","14":"purchasable","15":"product-type-simple"},"yoast_head":"<!-- This site is optimized with the Yoast SEO plugin v24.8.1 - https:\/\/yoast.com\/wordpress\/plugins\/seo\/ -->\n<title>Lave-linge hublot SHARP ESHFA6123WD - CBS Electro<\/title>\n<meta name=\"robots\" content=\"index, follow, max-snippet:-1, max-image-preview:large, max-video-preview:-1\" \/>\n<link rel=\"canonical\" href=\"https:\/\/cbs-electro.com\/index.php\/produit\/lave-linge-hublot-sharp-eshfa6123wd\/\" \/>\n<meta property=\"og:locale\" content=\"fr_FR\" \/>\n<meta property=\"og:type\" content=\"article\" \/>\n<meta property=\"og:title\" content=\"Lave-linge hublot SHARP ESHFA6123WD - CBS Electro\" \/>\n<meta property=\"og:description\" content=\"CARACT\u00c9RISTIQUES GENERAL Type Lave-linge frontal Fonction s\u00e9chage Non Type de chargement Frontal Capacit\u00e9 de lavage 6 kg Classe d&rsquo;efficacit\u00e9 \u00e9nerg\u00e9tique\" \/>\n<meta property=\"og:url\" content=\"https:\/\/cbs-electro.com\/index.php\/produit\/lave-linge-hublot-sharp-eshfa6123wd\/\" \/>\n<meta property=\"og:site_name\" content=\"CBS Electro\" \/>\n<meta property=\"article:modified_time\" content=\"2025-03-13T08:35:12+00:00\" \/>\n<meta property=\"og:image\" content=\"https:\/\/cbs-electro.com\/wp-content\/uploads\/2023\/11\/1-128.jpg\" \/>\n\t<meta property=\"og:image:width\" content=\"775\" \/>\n\t<meta property=\"og:image:height\" content=\"1080\" \/>\n\t<meta property=\"og:image:type\" content=\"image\/jpeg\" \/>\n<meta name=\"twitter:card\" content=\"summary_large_image\" \/>\n<meta name=\"twitter:label1\" content=\"Dur\u00e9e de lecture estim\u00e9e\" \/>\n\t<meta name=\"twitter:data1\" content=\"2 minutes\" \/>\n<script type=\"application\/ld+json\" class=\"yoast-schema-graph\">{\"@context\":\"https:\/\/schema.org\",\"@graph\":[{\"@type\":\"WebPage\",\"@id\":\"https:\/\/cbs-electro.com\/index.php\/produit\/lave-linge-hublot-sharp-eshfa6123wd\/\",\"url\":\"https:\/\/cbs-electro.com\/index.php\/produit\/lave-linge-hublot-sharp-eshfa6123wd\/\",\"name\":\"Lave-linge hublot SHARP ESHFA6123WD - CBS Electro\",\"isPartOf\":{\"@id\":\"https:\/\/www.cbs-electro.com\/#website\"},\"primaryImageOfPage\":{\"@id\":\"https:\/\/cbs-electro.com\/index.php\/produit\/lave-linge-hublot-sharp-eshfa6123wd\/#primaryimage\"},\"image\":{\"@id\":\"https:\/\/cbs-electro.com\/index.php\/produit\/lave-linge-hublot-sharp-eshfa6123wd\/#primaryimage\"},\"thumbnailUrl\":\"https:\/\/cbs-electro.com\/wp-content\/uploads\/2023\/11\/1-128.jpg\",\"datePublished\":\"2023-11-24T03:03:09+00:00\",\"dateModified\":\"2025-03-13T08:35:12+00:00\",\"breadcrumb\":{\"@id\":\"https:\/\/cbs-electro.com\/index.php\/produit\/lave-linge-hublot-sharp-eshfa6123wd\/#breadcrumb\"},\"inLanguage\":\"fr-FR\",\"potentialAction\":[{\"@type\":\"ReadAction\",\"target\":[\"https:\/\/cbs-electro.com\/index.php\/produit\/lave-linge-hublot-sharp-eshfa6123wd\/\"]}]},{\"@type\":\"ImageObject\",\"inLanguage\":\"fr-FR\",\"@id\":\"https:\/\/cbs-electro.com\/index.php\/produit\/lave-linge-hublot-sharp-eshfa6123wd\/#primaryimage\",\"url\":\"https:\/\/cbs-electro.com\/wp-content\/uploads\/2023\/11\/1-128.jpg\",\"contentUrl\":\"https:\/\/cbs-electro.com\/wp-content\/uploads\/2023\/11\/1-128.jpg\",\"width\":775,\"height\":1080},{\"@type\":\"BreadcrumbList\",\"@id\":\"https:\/\/cbs-electro.com\/index.php\/produit\/lave-linge-hublot-sharp-eshfa6123wd\/#breadcrumb\",\"itemListElement\":[{\"@type\":\"ListItem\",\"position\":1,\"name\":\"Accueil\",\"item\":\"https:\/\/www.cbs-electro.com\/\"},{\"@type\":\"ListItem\",\"position\":2,\"name\":\"Boutique\",\"item\":\"https:\/\/www.cbs-electro.com\/index.php\/boutique\/\"},{\"@type\":\"ListItem\",\"position\":3,\"name\":\"Lave-linge hublot SHARP ESHFA6123WD\"}]},{\"@type\":\"WebSite\",\"@id\":\"https:\/\/www.cbs-electro.com\/#website\",\"url\":\"https:\/\/www.cbs-electro.com\/\",\"name\":\"CBS Electro\",\"description\":\"Vente des produits neufs - Informatique, Smartphones, livres, jeux vid\u00e9o, photos, jouets et \u00e9lectrom\u00e9nager\",\"potentialAction\":[{\"@type\":\"SearchAction\",\"target\":{\"@type\":\"EntryPoint\",\"urlTemplate\":\"https:\/\/www.cbs-electro.com\/?s={search_term_string}\"},\"query-input\":{\"@type\":\"PropertyValueSpecification\",\"valueRequired\":true,\"valueName\":\"search_term_string\"}}],\"inLanguage\":\"fr-FR\"}]}<\/script>\n<!-- \/ Yoast SEO plugin. -->","yoast_head_json":{"title":"Lave-linge hublot SHARP ESHFA6123WD - CBS Electro","robots":{"index":"index","follow":"follow","max-snippet":"max-snippet:-1","max-image-preview":"max-image-preview:large","max-video-preview":"max-video-preview:-1"},"canonical":"https:\/\/cbs-electro.com\/index.php\/produit\/lave-linge-hublot-sharp-eshfa6123wd\/","og_locale":"fr_FR","og_type":"article","og_title":"Lave-linge hublot SHARP ESHFA6123WD - CBS Electro","og_description":"CARACT\u00c9RISTIQUES GENERAL Type Lave-linge frontal Fonction s\u00e9chage Non Type de chargement Frontal Capacit\u00e9 de lavage 6 kg Classe d&rsquo;efficacit\u00e9 \u00e9nerg\u00e9tique","og_url":"https:\/\/cbs-electro.com\/index.php\/produit\/lave-linge-hublot-sharp-eshfa6123wd\/","og_site_name":"CBS Electro","article_modified_time":"2025-03-13T08:35:12+00:00","og_image":[{"width":775,"height":1080,"url":"https:\/\/cbs-electro.com\/wp-content\/uploads\/2023\/11\/1-128.jpg","type":"image\/jpeg"}],"twitter_card":"summary_large_image","twitter_misc":{"Dur\u00e9e de lecture estim\u00e9e":"2 minutes"},"schema":{"@context":"https:\/\/schema.org","@graph":[{"@type":"WebPage","@id":"https:\/\/cbs-electro.com\/index.php\/produit\/lave-linge-hublot-sharp-eshfa6123wd\/","url":"https:\/\/cbs-electro.com\/index.php\/produit\/lave-linge-hublot-sharp-eshfa6123wd\/","name":"Lave-linge hublot SHARP ESHFA6123WD - CBS Electro","isPartOf":{"@id":"https:\/\/www.cbs-electro.com\/#website"},"primaryImageOfPage":{"@id":"https:\/\/cbs-electro.com\/index.php\/produit\/lave-linge-hublot-sharp-eshfa6123wd\/#primaryimage"},"image":{"@id":"https:\/\/cbs-electro.com\/index.php\/produit\/lave-linge-hublot-sharp-eshfa6123wd\/#primaryimage"},"thumbnailUrl":"https:\/\/cbs-electro.com\/wp-content\/uploads\/2023\/11\/1-128.jpg","datePublished":"2023-11-24T03:03:09+00:00","dateModified":"2025-03-13T08:35:12+00:00","breadcrumb":{"@id":"https:\/\/cbs-electro.com\/index.php\/produit\/lave-linge-hublot-sharp-eshfa6123wd\/#breadcrumb"},"inLanguage":"fr-FR","potentialAction":[{"@type":"ReadAction","target":["https:\/\/cbs-electro.com\/index.php\/produit\/lave-linge-hublot-sharp-eshfa6123wd\/"]}]},{"@type":"ImageObject","inLanguage":"fr-FR","@id":"https:\/\/cbs-electro.com\/index.php\/produit\/lave-linge-hublot-sharp-eshfa6123wd\/#primaryimage","url":"https:\/\/cbs-electro.com\/wp-content\/uploads\/2023\/11\/1-128.jpg","contentUrl":"https:\/\/cbs-electro.com\/wp-content\/uploads\/2023\/11\/1-128.jpg","width":775,"height":1080},{"@type":"BreadcrumbList","@id":"https:\/\/cbs-electro.com\/index.php\/produit\/lave-linge-hublot-sharp-eshfa6123wd\/#breadcrumb","itemListElement":[{"@type":"ListItem","position":1,"name":"Accueil","item":"https:\/\/www.cbs-electro.com\/"},{"@type":"ListItem","position":2,"name":"Boutique","item":"https:\/\/www.cbs-electro.com\/index.php\/boutique\/"},{"@type":"ListItem","position":3,"name":"Lave-linge hublot SHARP ESHFA6123WD"}]},{"@type":"WebSite","@id":"https:\/\/www.cbs-electro.com\/#website","url":"https:\/\/www.cbs-electro.com\/","name":"CBS Electro","description":"Vente des produits neufs - Informatique, Smartphones, livres, jeux vid\u00e9o, photos, jouets et \u00e9lectrom\u00e9nager","potentialAction":[{"@type":"SearchAction","target":{"@type":"EntryPoint","urlTemplate":"https:\/\/www.cbs-electro.com\/?s={search_term_string}"},"query-input":{"@type":"PropertyValueSpecification","valueRequired":true,"valueName":"search_term_string"}}],"inLanguage":"fr-FR"}]}},"_links":{"self":[{"href":"https:\/\/cbs-electro.com\/index.php\/wp-json\/wp\/v2\/product\/15926","targetHints":{"allow":["GET"]}}],"collection":[{"href":"https:\/\/cbs-electro.com\/index.php\/wp-json\/wp\/v2\/product"}],"about":[{"href":"https:\/\/cbs-electro.com\/index.php\/wp-json\/wp\/v2\/types\/product"}],"version-history":[{"count":2,"href":"https:\/\/cbs-electro.com\/index.php\/wp-json\/wp\/v2\/product\/15926\/revisions"}],"predecessor-version":[{"id":15939,"href":"https:\/\/cbs-electro.com\/index.php\/wp-json\/wp\/v2\/product\/15926\/revisions\/15939"}],"wp:featuredmedia":[{"embeddable":true,"href":"https:\/\/cbs-electro.com\/index.php\/wp-json\/wp\/v2\/media\/15927"}],"wp:attachment":[{"href":"https:\/\/cbs-electro.com\/index.php\/wp-json\/wp\/v2\/media?parent=15926"}],"wp:term":[{"taxonomy":"product_brand","embeddable":true,"href":"https:\/\/cbs-electro.com\/index.php\/wp-json\/wp\/v2\/product_brand?post=15926"},{"taxonomy":"product_cat","embeddable":true,"href":"https:\/\/cbs-electro.com\/index.php\/wp-json\/wp\/v2\/product_cat?post=15926"},{"taxonomy":"product_tag","embeddable":true,"href":"https:\/\/cbs-electro.com\/index.php\/wp-json\/wp\/v2\/product_tag?post=15926"}],"curies":[{"name":"wp","href":"https:\/\/api.w.org\/{rel}","templated":true}]}}